{"id":739,"date":"2022-05-20T11:11:46","date_gmt":"2022-05-20T08:11:46","guid":{"rendered":"https:\/\/hydrolite.eu\/product\/zgc-858-iron-removing-resin\/"},"modified":"2022-05-25T22:30:51","modified_gmt":"2022-05-25T19:30:51","slug":"resine-deferreuse-zgc-858","status":"publish","type":"product","link":"https:\/\/hydrolite.eu\/fr\/product\/resine-deferreuse-zgc-858\/","title":{"rendered":"R\u00e9sine d\u00e9ferreuse ZGC 858"},"content":{"rendered":"<h2 align=\"center\"><strong class=\"proname\"><span style=\"vertical-align: inherit;\"><span class=\"\" style=\"vertical-align: inherit;\">R\u00e9sine d\u00e9ferreuse ZGC 858<\/span><\/span><\/strong><\/h2>\n<p>&nbsp;<\/p>\n<div class=\"xxx\">\n<p><strong><span style=\"vertical-align: inherit;\"><span style=\"vertical-align: inherit;\">\u00ab\u00a0Hydrolite\u00a0\u00bb <\/span><\/span><\/strong><strong><span style=\"vertical-align: inherit;\"><span style=\"vertical-align: inherit;\">ZGC 858<\/span><\/span><\/strong><span style=\"vertical-align: inherit;\"><span style=\"vertical-align: inherit;\"> est une r\u00e9sine cationique d&rsquo;acide fort r\u00e9ticul\u00e9e styr\u00e8ne-DVB avec un noyau inerte, une structure de coque de sulfonation peu profonde. <\/span><span style=\"vertical-align: inherit;\">Il s&rsquo;agit d&rsquo;une r\u00e9sine hautement efficace pour enlever le fer et adoucir l&rsquo;eau. <\/span><span style=\"vertical-align: inherit;\">En raison des espaces courts entre les groupes fonctionnels, 90% des groupes fonctionnels se r\u00e9partissent \u00e0 la surface des billes de r\u00e9sine, cela aide la r\u00e9sine avec une vitesse d&rsquo;\u00e9change \u00e9lev\u00e9e. <\/span><span style=\"vertical-align: inherit;\">Toute la r\u00e9action d&rsquo;\u00e9change s&rsquo;est produite \u00e0 la surface des perles de r\u00e9sine, pas besoin de se propager \u00e0 l&rsquo;int\u00e9rieur de la r\u00e9sine. <\/span><span style=\"vertical-align: inherit;\">Il \u00e9vite les fuites d&rsquo;ions et assure une r\u00e9g\u00e9n\u00e9ration compl\u00e8te.<\/span><\/span><\/p>\n<p><span style=\"vertical-align: inherit;\"><span style=\"vertical-align: inherit;\">En raison de sa structure sp\u00e9ciale et de ses propri\u00e9t\u00e9s physiques et chimiques uniques, <\/span><\/span><strong><span style=\"vertical-align: inherit;\"><span style=\"vertical-align: inherit;\">ZGC 858<\/span><\/span><\/strong><span style=\"vertical-align: inherit;\"><span style=\"vertical-align: inherit;\"> est le meilleur produit pour \u00e9liminer le fer, le calcium et le magn\u00e9sium dans l&rsquo;eau potable.<\/span><\/span><\/p>\n<p align=\"center\"><strong><span style=\"vertical-align: inherit;\"><span style=\"vertical-align: inherit;\">Propri\u00e9t\u00e9s physiques et chimiques de \u00ab\u00a0Hydrolite\u00a0\u00bb ZGC 858<\/span><\/span><\/strong><\/p>\n<table style=\"width: 561px;\" border=\"1\" width=\"561\" cellspacing=\"0\" cellpadding=\"0\" align=\"center\">\n<tbody>\n<tr>\n<td style=\"width: 312px; height: 25px;\">\n<p align=\"center\"><strong><span style=\"vertical-align: inherit;\"><span style=\"vertical-align: inherit;\">Nom de l&rsquo;index<\/span><\/span><\/strong><\/p>\n<\/td>\n<td style=\"width: 249px; height: 25px;\">\n<p align=\"center\"><strong><span style=\"vertical-align: inherit;\"><span style=\"vertical-align: inherit;\">Indice<\/span><\/span><\/strong><\/p>\n<\/td>\n<\/tr>\n<tr>\n<td style=\"width: 312px; height: 14px;\"><span style=\"vertical-align: inherit;\"><span style=\"vertical-align: inherit;\">Apparence<\/span><\/span><\/td>\n<td style=\"width: 249px; height: 14px;\">\n<p align=\"center\"><span style=\"vertical-align: inherit;\"><span style=\"vertical-align: inherit;\">Perles brunes \u00e0 noires<\/span><\/span><\/p>\n<\/td>\n<\/tr>\n<tr>\n<td style=\"width: 312px; height: 14px;\"><span style=\"vertical-align: inherit;\"><span style=\"vertical-align: inherit;\">Forme ionique<\/span><\/span><\/td>\n<td style=\"width: 249px; height: 14px;\">\n<p align=\"center\"><span style=\"vertical-align: inherit;\"><span style=\"vertical-align: inherit;\">N \/ A<\/span><\/span><\/p>\n<\/td>\n<\/tr>\n<tr>\n<td style=\"width: 312px; height: 14px;\"><span style=\"vertical-align: inherit;\"><span style=\"vertical-align: inherit;\">Teneur en humidit\u00e9 %<\/span><\/span><\/td>\n<td style=\"width: 249px; height: 14px;\">\n<p align=\"center\"><span style=\"vertical-align: inherit;\"><span style=\"vertical-align: inherit;\">48.0~56.0<\/span><\/span><\/p>\n<\/td>\n<\/tr>\n<tr>\n<td style=\"width: 312px; height: 14px;\"><span style=\"vertical-align: inherit;\"><span style=\"vertical-align: inherit;\">Capacit\u00e9 d&rsquo;\u00e9change bas\u00e9e sur le poids mmol\/g<\/span><\/span><\/td>\n<td style=\"width: 249px; height: 14px;\">\n<p align=\"center\"><span style=\"vertical-align: inherit;\"><span style=\"vertical-align: inherit;\">\u22653.10<\/span><\/span><\/p>\n<\/td>\n<\/tr>\n<tr>\n<td style=\"width: 312px; height: 14px;\"><span style=\"vertical-align: inherit;\"><span style=\"vertical-align: inherit;\">Capacit\u00e9 d&rsquo;adsorption de fer g\/L<\/span><\/span><\/td>\n<td style=\"width: 249px; height: 14px;\">\n<p align=\"center\"><span style=\"vertical-align: inherit;\"><span style=\"vertical-align: inherit;\">\u2265 14,5<\/span><\/span><\/p>\n<\/td>\n<\/tr>\n<tr>\n<td style=\"width: 312px; height: 14px;\"><span style=\"vertical-align: inherit;\"><span style=\"vertical-align: inherit;\">Gamme granulom\u00e9trique %<\/span><\/span><\/td>\n<td style=\"width: 249px; height: 14px;\">\n<p align=\"center\"><span style=\"vertical-align: inherit;\"><span style=\"vertical-align: inherit;\">\uff080.315~1.25mm\uff09\u2265 95.0<\/span><\/span><\/p>\n<\/td>\n<\/tr>\n<tr>\n<td style=\"width: 312px; height: 14px;\"><span style=\"vertical-align: inherit;\"><span style=\"vertical-align: inherit;\">Perles enti\u00e8res %<\/span><\/span><\/td>\n<td style=\"width: 249px; height: 14px;\">\n<p align=\"center\"><span style=\"vertical-align: inherit;\"><span style=\"vertical-align: inherit;\">\u2265 95,0<\/span><\/span><\/p>\n<\/td>\n<\/tr>\n<\/tbody>\n<\/table>\n<\/div>\n","protected":false},"excerpt":{"rendered":"<p><strong><span style=\"vertical-align: inherit;\"><span style=\"vertical-align: inherit;\">\u00ab\u00a0Hydrolite\u00a0\u00bb <\/span><\/span><\/strong><strong><span style=\"vertical-align: inherit;\"><span style=\"vertical-align: inherit;\">ZGC 858<\/span><\/span><\/strong><span style=\"vertical-align: inherit;\"><span style=\"vertical-align: inherit;\"> est une r\u00e9sine cationique d&rsquo;acide fort r\u00e9ticul\u00e9e styr\u00e8ne-DVB avec un noyau inerte, une structure de coque de sulfonation peu profonde. <\/span><span style=\"vertical-align: inherit;\">Il s&rsquo;agit d&rsquo;une r\u00e9sine hautement efficace pour enlever le fer et adoucir l&rsquo;eau. <\/span><span style=\"vertical-align: inherit;\">En raison des espaces courts entre les groupes fonctionnels, 90% des groupes fonctionnels se r\u00e9partissent \u00e0 la surface des billes de r\u00e9sine, cela aide la r\u00e9sine avec une vitesse d&rsquo;\u00e9change \u00e9lev\u00e9e. <\/span><span style=\"vertical-align: inherit;\">Toute la r\u00e9action d&rsquo;\u00e9change s&rsquo;est produite \u00e0 la surface des perles de r\u00e9sine, pas besoin de se propager \u00e0 l&rsquo;int\u00e9rieur de la r\u00e9sine. <\/span><span class=\"\" style=\"vertical-align: inherit;\">Il \u00e9vite les fuites d&rsquo;ions et assure une r\u00e9g\u00e9n\u00e9ration compl\u00e8te.<\/span><\/span><\/p>\n<p><span style=\"vertical-align: inherit;\"><span style=\"vertical-align: inherit;\">En raison de sa structure sp\u00e9ciale et de ses propri\u00e9t\u00e9s physiques et chimiques uniques, <\/span><\/span><strong><span style=\"vertical-align: inherit;\"><span style=\"vertical-align: inherit;\">ZGC 858<\/span><\/span><\/strong><span style=\"vertical-align: inherit;\"><span style=\"vertical-align: inherit;\"> est le meilleur produit pour \u00e9liminer le fer, le calcium et le magn\u00e9sium dans l&rsquo;eau potable.<\/span><\/span><\/p>\n","protected":false},"featured_media":301,"comment_status":"closed","ping_status":"closed","template":"","meta":[],"product_cat":[120],"product_tag":[],"class_list":["post-739","product","type-product","status-publish","has-post-thumbnail","hentry","product_cat-traitement-de-leau-potable"],"_links":{"self":[{"href":"https:\/\/hydrolite.eu\/fr\/wp-json\/wp\/v2\/product\/739","targetHints":{"allow":["GET"]}}],"collection":[{"href":"https:\/\/hydrolite.eu\/fr\/wp-json\/wp\/v2\/product"}],"about":[{"href":"https:\/\/hydrolite.eu\/fr\/wp-json\/wp\/v2\/types\/product"}],"replies":[{"embeddable":true,"href":"https:\/\/hydrolite.eu\/fr\/wp-json\/wp\/v2\/comments?post=739"}],"wp:featuredmedia":[{"embeddable":true,"href":"https:\/\/hydrolite.eu\/fr\/wp-json\/wp\/v2\/media\/301"}],"wp:attachment":[{"href":"https:\/\/hydrolite.eu\/fr\/wp-json\/wp\/v2\/media?parent=739"}],"wp:term":[{"taxonomy":"product_cat","embeddable":true,"href":"https:\/\/hydrolite.eu\/fr\/wp-json\/wp\/v2\/product_cat?post=739"},{"taxonomy":"product_tag","embeddable":true,"href":"https:\/\/hydrolite.eu\/fr\/wp-json\/wp\/v2\/product_tag?post=739"}],"curies":[{"name":"wp","href":"https:\/\/api.w.org\/{rel}","templated":true}]}}