{"id":728,"date":"2022-05-20T11:01:59","date_gmt":"2022-05-20T08:01:59","guid":{"rendered":"https:\/\/hydrolite.eu\/product\/zg-f860-fluorine-remove-ion-exchange-resin\/"},"modified":"2022-05-25T21:54:53","modified_gmt":"2022-05-25T18:54:53","slug":"zg-f860-fluor-supprimer-la-resine-echangeuse-dions","status":"publish","type":"product","link":"https:\/\/hydrolite.eu\/fr\/product\/zg-f860-fluor-supprimer-la-resine-echangeuse-dions\/","title":{"rendered":"ZG F860 Fluor Supprimer la r\u00e9sine \u00e9changeuse d&rsquo;ions"},"content":{"rendered":"<h2 align=\"center\"><strong class=\"proname\"><span style=\"vertical-align: inherit;\"><span style=\"vertical-align: inherit;\">ZG F860 Fluor Supprimer la r\u00e9sine \u00e9changeuse d&rsquo;ions<\/span><\/span><\/strong><\/h2>\n<p>&nbsp;<\/p>\n<div class=\"xxx\">\n<p><strong><span style=\"vertical-align: inherit;\"><span style=\"vertical-align: inherit;\">ZG F 860<\/span><\/span><\/strong><span style=\"vertical-align: inherit;\"><span style=\"vertical-align: inherit;\"> est une r\u00e9sine sp\u00e9ciale \u00e0 structure macroporeuse. <\/span><span style=\"vertical-align: inherit;\">C&rsquo;est un copolym\u00e8re macromol\u00e9culaire avec un groupe aluminium actif sur sa matrice styr\u00e8ne-DVB. <\/span><span style=\"vertical-align: inherit;\">Ce type de structure chimique permet aux radicaux d&rsquo;acide fluor dans l&rsquo;eau de former facilement un compos\u00e9 complexe stable, dans le but d&rsquo;\u00e9liminer et de r\u00e9duire la concentration de fluor dans l&rsquo;eau, pour finalement atteindre la norme nationale sur l&rsquo;eau potable qui est inf\u00e9rieure \u00e0 1 mg\/L.<\/span><\/span><\/p>\n<p align=\"left\"><strong><span style=\"vertical-align: inherit;\"><span style=\"vertical-align: inherit;\">ZG F 860<\/span><\/span><\/strong><span style=\"vertical-align: inherit;\"><span style=\"vertical-align: inherit;\"> pourrait remplir le filtre d&rsquo;\u00e9limination du fluorure et l&rsquo;utiliser comme agent d&rsquo;\u00e9limination du fluor, ainsi pour \u00e9liminer le fluor directement dans le syst\u00e8me d&rsquo;eau domestique. <\/span><span style=\"vertical-align: inherit;\">En outre, selon les exigences sp\u00e9cifiques des clients, il pourrait \u00eatre utilis\u00e9 avec d&rsquo;autres mat\u00e9riaux filtrants (par exemple, du charbon actif ou d&rsquo;autres r\u00e9sines adoucissantes).<\/span><\/span><\/p>\n<table border=\"1\" width=\"540\" cellspacing=\"0\" cellpadding=\"0\" align=\"center\">\n<tbody>\n<tr>\n<td style=\"width: 276px; height: 68px;\">\n<p style=\"text-align: center;\"><strong><span style=\"vertical-align: inherit;\"><span style=\"vertical-align: inherit;\">Nom de l&rsquo;index<\/span><\/span><\/strong><\/p>\n<\/td>\n<td style=\"width: 264px; height: 68px;\">\n<p style=\"text-align: center;\"><strong><span style=\"vertical-align: inherit;\"><span style=\"vertical-align: inherit;\">Indice<\/span><\/span><\/strong><\/p>\n<\/td>\n<\/tr>\n<tr>\n<td style=\"width: 276px; height: 66px;\">\n<p style=\"text-align: center;\"><span style=\"vertical-align: inherit;\"><span style=\"vertical-align: inherit;\">Apparence<\/span><\/span><\/p>\n<\/td>\n<td style=\"width: 264px; height: 66px;\">\n<p style=\"text-align: center;\"><span style=\"vertical-align: inherit;\"><span style=\"vertical-align: inherit;\">Perles jaune clair \u00e0 jaune<\/span><\/span><\/p>\n<\/td>\n<\/tr>\n<tr>\n<td style=\"width: 276px;\">\n<p style=\"text-align: center;\"><span style=\"vertical-align: inherit;\"><span style=\"vertical-align: inherit;\">ionique de<\/span><\/span><\/p>\n<\/td>\n<td style=\"width: 264px;\">\n<p style=\"text-align: center;\"><span style=\"vertical-align: inherit;\"><span style=\"vertical-align: inherit;\">\u2014\u2014<\/span><\/span><\/p>\n<\/td>\n<\/tr>\n<tr>\n<td style=\"width: 276px;\">\n<p style=\"text-align: center;\"><span style=\"vertical-align: inherit;\"><span style=\"vertical-align: inherit;\">Teneur en humidit\u00e9 %<\/span><\/span><\/p>\n<\/td>\n<td style=\"width: 264px;\">\n<p style=\"text-align: center;\"><span style=\"vertical-align: inherit;\"><span style=\"vertical-align: inherit;\">50.0~65.0<\/span><\/span><\/p>\n<\/td>\n<\/tr>\n<tr>\n<td style=\"width: 276px;\">\n<p style=\"text-align: center;\"><span style=\"vertical-align: inherit;\"><span style=\"vertical-align: inherit;\">Capacit\u00e9 d&rsquo;adsorption g\/LR<\/span><\/span><\/p>\n<\/td>\n<td style=\"width: 264px;\">\n<p style=\"text-align: center;\"><span style=\"vertical-align: inherit;\"><span style=\"vertical-align: inherit;\">fluor<\/span><\/span><\/p>\n<p style=\"text-align: center;\"><span style=\"vertical-align: inherit;\"><span style=\"vertical-align: inherit;\">\u22652.0<\/span><\/span><\/p>\n<\/td>\n<\/tr>\n<tr>\n<td style=\"width: 276px;\">\n<p style=\"text-align: center;\"><span style=\"vertical-align: inherit;\"><span style=\"vertical-align: inherit;\">Gamme granulom\u00e9trique %<\/span><\/span><\/p>\n<\/td>\n<td style=\"width: 264px;\">\n<p style=\"text-align: center;\"><span style=\"vertical-align: inherit;\"><span style=\"vertical-align: inherit;\">\uff080.315~1.25mm\uff09 \u226595.0<\/span><\/span><\/p>\n<p style=\"text-align: center;\">\n<\/td>\n<\/tr>\n<tr>\n<td style=\"width: 276px;\">\n<p style=\"text-align: center;\"><span style=\"vertical-align: inherit;\"><span style=\"vertical-align: inherit;\">Perles enti\u00e8res %<\/span><\/span><\/p>\n<\/td>\n<td style=\"width: 264px;\">\n<p style=\"text-align: center;\"><span style=\"vertical-align: inherit;\"><span style=\"vertical-align: inherit;\">\u226595.0<\/span><\/span><\/p>\n<\/td>\n<\/tr>\n<tr>\n<td style=\"width: 276px;\">\n<p style=\"text-align: center;\"><span style=\"vertical-align: inherit;\"><span style=\"vertical-align: inherit;\">pH de fonctionnement<\/span><\/span><\/p>\n<\/td>\n<td style=\"width: 264px;\">\n<p style=\"text-align: center;\"><span style=\"vertical-align: inherit;\"><span style=\"vertical-align: inherit;\">5.0~9.0<\/span><\/span><\/p>\n<\/td>\n<\/tr>\n<tr>\n<td style=\"width: 276px;\">\n<p style=\"text-align: center;\"><span style=\"vertical-align: inherit;\"><span style=\"vertical-align: inherit;\">Temp\u00e9rature d&rsquo;application \u2103<\/span><\/span><\/p>\n<\/td>\n<td style=\"width: 264px;\">\n<p style=\"text-align: center;\"><span style=\"vertical-align: inherit;\"><span style=\"vertical-align: inherit;\">~40<\/span><\/span><\/p>\n<\/td>\n<\/tr>\n<tr>\n<td style=\"width: 276px;\">\n<p style=\"text-align: center;\"><span style=\"vertical-align: inherit;\"><span style=\"vertical-align: inherit;\">Temp\u00e9rature limit\u00e9e \u2103<\/span><\/span><\/p>\n<\/td>\n<td style=\"width: 264px;\">\n<p style=\"text-align: center;\"><span style=\"vertical-align: inherit;\"><span style=\"vertical-align: inherit;\">90,0<\/span><\/span><\/p>\n<\/td>\n<\/tr>\n<tr>\n<td style=\"width: 276px;\">\n<p style=\"text-align: center;\"><span style=\"vertical-align: inherit;\"><span style=\"vertical-align: inherit;\">D\u00e9bit BV\/h<\/span><\/span><\/p>\n<\/td>\n<td style=\"width: 264px;\">\n<p style=\"text-align: center;\"><span style=\"vertical-align: inherit;\"><span style=\"vertical-align: inherit;\">5 ~ 10<\/span><\/span><\/p>\n<\/td>\n<\/tr>\n<tr>\n<td style=\"width: 276px;\">\n<p style=\"text-align: center;\"><span style=\"vertical-align: inherit;\"><span style=\"vertical-align: inherit;\">Solubilit\u00e9<\/span><\/span><\/p>\n<\/td>\n<td style=\"width: 264px;\">\n<p style=\"text-align: center;\"><span style=\"vertical-align: inherit;\"><span style=\"vertical-align: inherit;\">Insoluble dans l&rsquo;eau, l&rsquo;acide, la solution alcaline<\/span><\/span><\/p>\n<\/td>\n<\/tr>\n<\/tbody>\n<\/table>\n<\/div>\n","protected":false},"excerpt":{"rendered":"<p><strong><span style=\"vertical-align: inherit;\"><span style=\"vertical-align: inherit;\">ZG F 860<\/span><\/span><\/strong><span style=\"vertical-align: inherit;\"><span style=\"vertical-align: inherit;\"> est une r\u00e9sine sp\u00e9ciale \u00e0 structure macroporeuse. <\/span><span style=\"vertical-align: inherit;\">C&rsquo;est un copolym\u00e8re macromol\u00e9culaire avec un groupe aluminium actif sur sa matrice styr\u00e8ne-DVB. <\/span><span style=\"vertical-align: inherit;\">Ce type de structure chimique permet aux radicaux d&rsquo;acide fluor dans l&rsquo;eau de former facilement un compos\u00e9 complexe stable, dans le but d&rsquo;\u00e9liminer et de r\u00e9duire la concentration de fluor dans l&rsquo;eau, pour finalement atteindre la norme nationale sur l&rsquo;eau potable qui est inf\u00e9rieure \u00e0 1 mg\/L.<\/span><\/span><\/p>\n<p align=\"left\"><strong><span style=\"vertical-align: inherit;\"><span style=\"vertical-align: inherit;\">ZG F 860<\/span><\/span><\/strong><span style=\"vertical-align: inherit;\"><span style=\"vertical-align: inherit;\"> pourrait remplir le filtre d&rsquo;\u00e9limination du fluorure et l&rsquo;utiliser comme agent d&rsquo;\u00e9limination du fluor, ainsi pour \u00e9liminer le fluor directement dans le syst\u00e8me d&rsquo;eau domestique. <\/span><span style=\"vertical-align: inherit;\">En outre, selon les exigences sp\u00e9cifiques des clients, il pourrait \u00eatre utilis\u00e9 avec d&rsquo;autres mat\u00e9riaux filtrants (par exemple, du charbon actif ou d&rsquo;autres r\u00e9sines adoucissantes).<\/span><\/span><\/p>\n","protected":false},"featured_media":301,"comment_status":"closed","ping_status":"closed","template":"","meta":[],"product_cat":[120],"product_tag":[],"class_list":["post-728","product","type-product","status-publish","has-post-thumbnail","hentry","product_cat-traitement-de-leau-potable"],"_links":{"self":[{"href":"https:\/\/hydrolite.eu\/fr\/wp-json\/wp\/v2\/product\/728","targetHints":{"allow":["GET"]}}],"collection":[{"href":"https:\/\/hydrolite.eu\/fr\/wp-json\/wp\/v2\/product"}],"about":[{"href":"https:\/\/hydrolite.eu\/fr\/wp-json\/wp\/v2\/types\/product"}],"replies":[{"embeddable":true,"href":"https:\/\/hydrolite.eu\/fr\/wp-json\/wp\/v2\/comments?post=728"}],"wp:featuredmedia":[{"embeddable":true,"href":"https:\/\/hydrolite.eu\/fr\/wp-json\/wp\/v2\/media\/301"}],"wp:attachment":[{"href":"https:\/\/hydrolite.eu\/fr\/wp-json\/wp\/v2\/media?parent=728"}],"wp:term":[{"taxonomy":"product_cat","embeddable":true,"href":"https:\/\/hydrolite.eu\/fr\/wp-json\/wp\/v2\/product_cat?post=728"},{"taxonomy":"product_tag","embeddable":true,"href":"https:\/\/hydrolite.eu\/fr\/wp-json\/wp\/v2\/product_tag?post=728"}],"curies":[{"name":"wp","href":"https:\/\/api.w.org\/{rel}","templated":true}]}}