{"id":702,"date":"2022-05-20T10:29:45","date_gmt":"2022-05-20T07:29:45","guid":{"rendered":"https:\/\/hydrolite.eu\/product\/zgc258fd-food-grade-resin\/"},"modified":"2022-05-25T15:32:19","modified_gmt":"2022-05-25T12:32:19","slug":"resine-de-qualite-alimentaire-zgc258fd","status":"publish","type":"product","link":"https:\/\/hydrolite.eu\/fr\/product\/resine-de-qualite-alimentaire-zgc258fd\/","title":{"rendered":"R\u00e9sine de qualit\u00e9 alimentaire ZGC258FD"},"content":{"rendered":"<h2 align=\"center\"><strong class=\"proname\"><span style=\"vertical-align: inherit;\"><span class=\"\" style=\"vertical-align: inherit;\">R\u00e9sine de qualit\u00e9 alimentaire ZGC258FD<\/span><\/span><\/strong><\/h2>\n<p>&nbsp;<\/p>\n<div class=\"xxx\">\n<p><strong><span style=\"vertical-align: inherit;\"><span style=\"vertical-align: inherit;\">\u00ab\u00a0Hydrolite\u00a0\u00bb <\/span><\/span><\/strong><strong><span style=\"vertical-align: inherit;\"><span style=\"vertical-align: inherit;\">ZGC 258FD<\/span><\/span><\/strong><span style=\"vertical-align: inherit;\"><span style=\"vertical-align: inherit;\"> est une sorte de r\u00e9sine \u00e9changeuse de cations qui a un groupe acide carboxylique (-COOH) dans le copolym\u00e8re d&rsquo;acide acrylique \u00e0 structure macroporeuse. <\/span><span style=\"vertical-align: inherit;\">En tant que r\u00e9sine cationique acide faible macroporeuse, elle a une grande capacit\u00e9 d&rsquo;\u00e9change, une vitesse d&rsquo;\u00e9change rapide et une bonne r\u00e9sistance m\u00e9canique.<\/span><\/span><\/p>\n<p><strong><span style=\"vertical-align: inherit;\"><span style=\"vertical-align: inherit;\">ZGC 258FD<\/span><\/span><\/strong><span style=\"vertical-align: inherit;\"><span style=\"vertical-align: inherit;\"> est particuli\u00e8rement adapt\u00e9 pour \u00e9liminer le bicarbonate, le carbonate et d&rsquo;autres esp\u00e8ces de sel de base dans l&rsquo;eau. Principalement rempli dans de petits \u00e9quipements d&rsquo;\u00e9change pour le traitement de l&rsquo;eau domestique et communautaire jusqu&rsquo;au dessalement et \u00e0 l&rsquo;adoucissement de l&rsquo;eau.<\/span><\/span><\/p>\n<p><strong><span style=\"vertical-align: inherit;\"><span style=\"vertical-align: inherit;\">Propri\u00e9t\u00e9s physiques et chimiques du ZGC 258FD<\/span><\/span><\/strong><\/p>\n<table style=\"width: 552px;\" border=\"1\" width=\"552\" cellspacing=\"0\" cellpadding=\"0\" align=\"center\">\n<tbody>\n<tr>\n<td style=\"width: 315px; height: 25px;\">\n<p align=\"center\"><strong><span style=\"vertical-align: inherit;\"><span style=\"vertical-align: inherit;\">Nom de l&rsquo;index<\/span><\/span><\/strong><\/p>\n<\/td>\n<td style=\"width: 237px; height: 25px;\">\n<p align=\"center\"><strong><span style=\"vertical-align: inherit;\"><span style=\"vertical-align: inherit;\">Indice<\/span><\/span><\/strong><\/p>\n<\/td>\n<\/tr>\n<tr>\n<td style=\"width: 315px; height: 22px;\"><span style=\"vertical-align: inherit;\"><span style=\"vertical-align: inherit;\">Apparence<\/span><\/span><\/td>\n<td style=\"width: 237px; height: 22px;\">\n<p align=\"center\"><span style=\"vertical-align: inherit;\"><span style=\"vertical-align: inherit;\">Perles d&rsquo;opacit\u00e9 jaune clair \u00e0 jaune<\/span><\/span><\/p>\n<\/td>\n<\/tr>\n<tr>\n<td style=\"width: 315px; height: 14px;\"><span style=\"vertical-align: inherit;\"><span style=\"vertical-align: inherit;\">Teneur en humidit\u00e9 %<\/span><\/span><\/td>\n<td style=\"width: 237px; height: 14px;\">\n<p align=\"center\"><span style=\"vertical-align: inherit;\"><span style=\"vertical-align: inherit;\">45.0~55.0<\/span><\/span><\/p>\n<\/td>\n<\/tr>\n<tr>\n<td style=\"width: 315px; height: 15px;\">\n<p style=\"margin-left: 21pt;\"><span style=\"vertical-align: inherit;\"><span style=\"vertical-align: inherit;\">Capacit\u00e9 d&rsquo;\u00e9change bas\u00e9e sur le poids mmol\/g<\/span><\/span><\/p>\n<\/td>\n<td style=\"width: 237px; height: 15px;\">\n<p align=\"center\"><span style=\"vertical-align: inherit;\"><span style=\"vertical-align: inherit;\">\u2265 10,0<\/span><\/span><\/p>\n<\/td>\n<\/tr>\n<tr>\n<td style=\"width: 315px; height: 17px;\">\n<p style=\"margin-left: 21pt;\"><span style=\"vertical-align: inherit;\"><span style=\"vertical-align: inherit;\">Capacit\u00e9 d&rsquo;\u00e9change bas\u00e9e sur le volume mmol\/ml<\/span><\/span><\/p>\n<\/td>\n<td style=\"width: 237px; height: 17px;\">\n<p align=\"center\"><span style=\"vertical-align: inherit;\"><span style=\"vertical-align: inherit;\">\u22654.0<\/span><\/span><\/p>\n<\/td>\n<\/tr>\n<tr>\n<td style=\"width: 315px; height: 31px;\"><span style=\"vertical-align: inherit;\"><span style=\"vertical-align: inherit;\">Gamme granulom\u00e9trique %<\/span><\/span><\/td>\n<td style=\"width: 237px; height: 31px;\">\n<p align=\"center\"><span style=\"vertical-align: inherit;\"><span style=\"vertical-align: inherit;\">(0.315~1.25mm)<\/span><\/span><\/p>\n<p align=\"center\"><span style=\"vertical-align: inherit;\"><span style=\"vertical-align: inherit;\">\u2265 95,0<\/span><\/span><\/p>\n<\/td>\n<\/tr>\n<tr>\n<td style=\"width: 315px; height: 21px;\"><span style=\"vertical-align: inherit;\"><span style=\"vertical-align: inherit;\">Plage granulom\u00e9trique efficace mm<\/span><\/span><\/td>\n<td style=\"width: 237px; height: 21px;\">\n<p align=\"center\"><span style=\"vertical-align: inherit;\"><span style=\"vertical-align: inherit;\">0,35~0,75<\/span><\/span><\/p>\n<\/td>\n<\/tr>\n<tr>\n<td style=\"width: 315px; height: 22px;\"><span style=\"vertical-align: inherit;\"><span style=\"vertical-align: inherit;\">Coefficient d&rsquo;uniformit\u00e9<\/span><\/span><\/td>\n<td style=\"width: 237px; height: 22px;\">\n<p align=\"center\"><span style=\"vertical-align: inherit;\"><span style=\"vertical-align: inherit;\">\u2264 1,60<\/span><\/span><\/p>\n<\/td>\n<\/tr>\n<tr>\n<td style=\"width: 315px; height: 23px;\"><span style=\"vertical-align: inherit;\"><span style=\"vertical-align: inherit;\">Gonflement\uff08H <\/span><\/span><sup><span style=\"vertical-align: inherit;\"><span style=\"vertical-align: inherit;\">+<\/span><\/span><\/sup><span style=\"vertical-align: inherit;\"><span style=\"vertical-align: inherit;\"> \u2014Na <\/span><\/span><sup><span style=\"vertical-align: inherit;\"><span style=\"vertical-align: inherit;\">+<\/span><\/span><\/sup><span style=\"vertical-align: inherit;\"><span style=\"vertical-align: inherit;\">\uff09 %<\/span><\/span><\/td>\n<td style=\"width: 237px; height: 23px;\">\n<p align=\"center\"><span style=\"vertical-align: inherit;\"><span style=\"vertical-align: inherit;\">\u2264 65,0<\/span><\/span><\/p>\n<\/td>\n<\/tr>\n<tr>\n<td style=\"width: 315px; height: 24px;\"><span style=\"vertical-align: inherit;\"><span style=\"vertical-align: inherit;\">Sph\u00e9rique apr\u00e8s classement %<\/span><\/span><\/td>\n<td style=\"width: 237px; height: 24px;\">\n<p align=\"center\"><span style=\"vertical-align: inherit;\"><span style=\"vertical-align: inherit;\">\u2265 90,0<\/span><\/span><\/p>\n<\/td>\n<\/tr>\n<\/tbody>\n<\/table>\n<div style=\"clear: both;\"><\/div>\n<div align=\"center\"><\/div>\n<p align=\"center\"><strong><span style=\"vertical-align: inherit;\"><span style=\"vertical-align: inherit;\">Autres r\u00e9f\u00e9rences de <\/span><\/span><\/strong><strong><span style=\"vertical-align: inherit;\"><span style=\"vertical-align: inherit;\">r\u00e9sine \u00ab Hydrolite \u00bb <\/span><\/span><\/strong><strong><span style=\"vertical-align: inherit;\"><span style=\"vertical-align: inherit;\">ZGC <\/span><\/span><\/strong><strong><span style=\"vertical-align: inherit;\"><span style=\"vertical-align: inherit;\">258FD<\/span><\/span><\/strong><\/p>\n<table style=\"width: 504px;\" border=\"1\" width=\"504\" cellspacing=\"0\" cellpadding=\"0\" align=\"center\">\n<tbody>\n<tr>\n<td style=\"width: 216px; height: 30px;\">\n<p align=\"center\"><strong><span style=\"vertical-align: inherit;\"><span style=\"vertical-align: inherit;\">Nom de l&rsquo;index<\/span><\/span><\/strong><\/p>\n<\/td>\n<td style=\"width: 288px; height: 30px;\">\n<p align=\"center\"><strong><span style=\"vertical-align: inherit;\"><span style=\"vertical-align: inherit;\">Indice<\/span><\/span><\/strong><\/p>\n<\/td>\n<\/tr>\n<tr>\n<td style=\"width: 216px; height: 15px;\"><span style=\"vertical-align: inherit;\"><span style=\"vertical-align: inherit;\">Gamme de pH<\/span><\/span><\/td>\n<td style=\"width: 288px; height: 15px;\">\n<p align=\"center\"><span style=\"vertical-align: inherit;\"><span style=\"vertical-align: inherit;\">6 ~ 9<\/span><\/span><\/p>\n<\/td>\n<\/tr>\n<tr>\n<td style=\"width: 216px; height: 17px;\"><span style=\"vertical-align: inherit;\"><span style=\"vertical-align: inherit;\">Odeur<\/span><\/span><\/td>\n<td style=\"width: 288px; height: 17px;\">\n<p align=\"center\"><span style=\"vertical-align: inherit;\"><span style=\"vertical-align: inherit;\">Rien<\/span><\/span><\/p>\n<\/td>\n<\/tr>\n<tr>\n<td style=\"width: 216px; height: 18px;\"><span style=\"vertical-align: inherit;\"><span style=\"vertical-align: inherit;\">Go\u00fbter<\/span><\/span><\/td>\n<td style=\"width: 288px; height: 18px;\">\n<p align=\"center\"><span style=\"vertical-align: inherit;\"><span style=\"vertical-align: inherit;\">0~1<\/span><\/span><\/p>\n<\/td>\n<\/tr>\n<tr>\n<td style=\"width: 216px; height: 19px;\"><span style=\"vertical-align: inherit;\"><span style=\"vertical-align: inherit;\">Turbidit\u00e9 NTU<\/span><\/span><\/td>\n<td style=\"width: 288px; height: 19px;\">\n<p align=\"center\"><span style=\"vertical-align: inherit;\"><span style=\"vertical-align: inherit;\">0~3<\/span><\/span><\/p>\n<\/td>\n<\/tr>\n<tr>\n<td style=\"width: 216px; height: 20px;\"><span style=\"vertical-align: inherit;\"><span style=\"vertical-align: inherit;\">Conductivit\u00e9 \u03bcs\/cm<\/span><\/span><\/td>\n<td style=\"width: 288px; height: 20px;\">\n<p align=\"center\"><span style=\"vertical-align: inherit;\"><span style=\"vertical-align: inherit;\">\uff0810min\uff09\u2264 5.0<\/span><\/span><\/p>\n<p align=\"center\"><span style=\"vertical-align: inherit;\"><span style=\"vertical-align: inherit;\">Apr\u00e8s 10 minutes<\/span><\/span><\/p>\n<\/td>\n<\/tr>\n<\/tbody>\n<\/table>\n<\/div>\n","protected":false},"excerpt":{"rendered":"<p><strong><span style=\"vertical-align: inherit;\"><span style=\"vertical-align: inherit;\">\u00ab\u00a0Hydrolite\u00a0\u00bb <\/span><\/span><\/strong><strong><span style=\"vertical-align: inherit;\"><span style=\"vertical-align: inherit;\">ZGC 258FD<\/span><\/span><\/strong><span style=\"vertical-align: inherit;\"><span style=\"vertical-align: inherit;\"> est une sorte de r\u00e9sine \u00e9changeuse de cations qui a un groupe acide carboxylique (-COOH) dans le copolym\u00e8re d&rsquo;acide acrylique \u00e0 structure macroporeuse. <\/span><span style=\"vertical-align: inherit;\">En tant que r\u00e9sine cationique acide faible macroporeuse, elle a une grande capacit\u00e9 d&rsquo;\u00e9change, une vitesse d&rsquo;\u00e9change rapide et une bonne r\u00e9sistance m\u00e9canique.<\/span><\/span><\/p>\n<p><strong><span style=\"vertical-align: inherit;\"><span style=\"vertical-align: inherit;\">ZGC 258FD<\/span><\/span><\/strong><span style=\"vertical-align: inherit;\"><span style=\"vertical-align: inherit;\"> est particuli\u00e8rement adapt\u00e9 pour \u00e9liminer le bicarbonate, le carbonate et d&rsquo;autres esp\u00e8ces de sel de base dans l&rsquo;eau. Principalement rempli dans de petits \u00e9quipements d&rsquo;\u00e9change pour le traitement de l&rsquo;eau domestique et communautaire jusqu&rsquo;au dessalement et \u00e0 l&rsquo;adoucissement de l&rsquo;eau.<\/span><\/span><\/p>\n","protected":false},"featured_media":301,"comment_status":"closed","ping_status":"closed","template":"","meta":[],"product_cat":[120],"product_tag":[],"class_list":["post-702","product","type-product","status-publish","has-post-thumbnail","hentry","product_cat-traitement-de-leau-potable"],"_links":{"self":[{"href":"https:\/\/hydrolite.eu\/fr\/wp-json\/wp\/v2\/product\/702","targetHints":{"allow":["GET"]}}],"collection":[{"href":"https:\/\/hydrolite.eu\/fr\/wp-json\/wp\/v2\/product"}],"about":[{"href":"https:\/\/hydrolite.eu\/fr\/wp-json\/wp\/v2\/types\/product"}],"replies":[{"embeddable":true,"href":"https:\/\/hydrolite.eu\/fr\/wp-json\/wp\/v2\/comments?post=702"}],"wp:featuredmedia":[{"embeddable":true,"href":"https:\/\/hydrolite.eu\/fr\/wp-json\/wp\/v2\/media\/301"}],"wp:attachment":[{"href":"https:\/\/hydrolite.eu\/fr\/wp-json\/wp\/v2\/media?parent=702"}],"wp:term":[{"taxonomy":"product_cat","embeddable":true,"href":"https:\/\/hydrolite.eu\/fr\/wp-json\/wp\/v2\/product_cat?post=702"},{"taxonomy":"product_tag","embeddable":true,"href":"https:\/\/hydrolite.eu\/fr\/wp-json\/wp\/v2\/product_tag?post=702"}],"curies":[{"name":"wp","href":"https:\/\/api.w.org\/{rel}","templated":true}]}}