{"id":6530,"date":"2025-12-05T01:12:33","date_gmt":"2025-12-04T22:12:33","guid":{"rendered":"https:\/\/hydrolite.eu\/?post_type=product&#038;p=6530"},"modified":"2025-12-05T01:16:35","modified_gmt":"2025-12-04T22:16:35","slug":"resine-echangeuse-de-cations-speciale-zgc858-pour-lelimination-du-fer-et-ladoucissement-de-leau","status":"publish","type":"product","link":"https:\/\/hydrolite.eu\/fr\/product\/resine-echangeuse-de-cations-speciale-zgc858-pour-lelimination-du-fer-et-ladoucissement-de-leau\/","title":{"rendered":"R\u00e9sine \u00e9changeuse de cations sp\u00e9ciale ZGC858 pour l&rsquo;\u00e9limination du fer et l&rsquo;adoucissement de l&rsquo;eau"},"content":{"rendered":"<p><span style=\"vertical-align: inherit;\"><span style=\"vertical-align: inherit;\"><span dir=\"auto\" style=\"vertical-align: inherit;\"><span dir=\"auto\" style=\"vertical-align: inherit;\">La r\u00e9sine \u00e9changeuse de cations ZGC858, fortement acide et \u00e0 noyau inerte, est con\u00e7ue pour l&rsquo;\u00e9limination efficace et durable du fer et des m\u00e9taux lourds, ainsi que pour l&rsquo;adoucissement de l&rsquo;eau. Elle pr\u00e9sente une capacit\u00e9 d&rsquo;\u00e9change \u00e9lev\u00e9e et une excellente stabilit\u00e9 physico-chimique.<\/span><\/span><\/span><\/span><\/p>\n<p><span style=\"vertical-align: inherit;\"><span style=\"vertical-align: inherit;\"><span dir=\"auto\" style=\"vertical-align: inherit;\"><span dir=\"auto\" style=\"vertical-align: inherit;\">Les groupes fonctionnels sont situ\u00e9s exclusivement \u00e0 la surface de la r\u00e9sine et sont tr\u00e8s rapproch\u00e9s. De ce fait, toutes les r\u00e9actions d&rsquo;\u00e9change d&rsquo;ions se produisent uniquement \u00e0 la surface de la r\u00e9sine, emp\u00eachant ainsi les fuites d&rsquo;ions et garantissant une r\u00e9cup\u00e9ration compl\u00e8te de la r\u00e9sine.<\/span><\/span><\/span><\/span><\/p>\n<p><span style=\"vertical-align: inherit;\"><span style=\"vertical-align: inherit;\"><span dir=\"auto\" style=\"vertical-align: inherit;\"><span dir=\"auto\" style=\"vertical-align: inherit;\">Lors de l&rsquo;\u00e9limination de m\u00e9taux lourds tels que le fer et le zinc, la r\u00e9sine ZGC858 pr\u00e9sente des performances sup\u00e9rieures aux r\u00e9sines \u00e9changeuses de cations sulfoniques classiques. Elle offre notamment une efficacit\u00e9 de lavage \u00e9lev\u00e9e, des taux de r\u00e9g\u00e9n\u00e9ration rapides, une faible consommation d&rsquo;eau et d&rsquo;excellentes propri\u00e9t\u00e9s de d\u00e9min\u00e9ralisation. De plus, l&rsquo;expansion et l&rsquo;\u00e9change des ions de m\u00e9taux lourds avec cette r\u00e9sine sont plus lents que pour les r\u00e9sines \u00e9changeuses de cations classiques, ce qui la rend id\u00e9ale pour l&rsquo;\u00e9limination du fer, du zinc et d&rsquo;autres m\u00e9taux lourds des solutions aqueuses et non aqueuses.<\/span><\/span><\/span><\/span><\/p>\n<p><span style=\"vertical-align: inherit;\"><span style=\"vertical-align: inherit;\"><span dir=\"auto\" style=\"vertical-align: inherit;\"><span dir=\"auto\" style=\"vertical-align: inherit;\">Lors de la r\u00e9g\u00e9n\u00e9ration, gr\u00e2ce \u00e0 des trajets de diffusion plus courts, la solution de r\u00e9g\u00e9n\u00e9ration traverse librement et compl\u00e8tement les couches internes de r\u00e9sine \u00e0 grande vitesse, ce qui acc\u00e9l\u00e8re le processus. Ce taux de r\u00e9g\u00e9n\u00e9ration \u00e9lev\u00e9 permet d&rsquo;atteindre un degr\u00e9 \u00e9lev\u00e9 de d\u00e9min\u00e9ralisation et de r\u00e9duire les fuites d&rsquo;eau \u00e0 la sortie. De plus, le lessivage effectu\u00e9 apr\u00e8s la r\u00e9g\u00e9n\u00e9ration facilite l&rsquo;\u00e9limination des pr\u00e9cipit\u00e9s, r\u00e9duisant ainsi la consommation d&rsquo;eau.<\/span><\/span><\/span><\/span><\/p>\n<p><span style=\"vertical-align: inherit;\"><span style=\"vertical-align: inherit;\"><span dir=\"auto\" style=\"vertical-align: inherit;\"><span dir=\"auto\" style=\"vertical-align: inherit;\">Gr\u00e2ce \u00e0 ses propri\u00e9t\u00e9s uniques, le ZGC858 est le meilleur produit pour adoucir l&rsquo;eau et \u00e9liminer le fer et le mangan\u00e8se.<\/span><\/span><\/span><\/span><\/p>\n<p><strong>\u00a0<\/strong><\/p>\n<p><strong><span style=\"vertical-align: inherit;\"><span style=\"vertical-align: inherit;\"><span dir=\"auto\" style=\"vertical-align: inherit;\"><span dir=\"auto\" style=\"vertical-align: inherit;\">Sp\u00e9cifications techniques<\/span><\/span><\/span><\/span><\/strong><\/p>\n<p>&nbsp;<\/p>\n<table>\n<tbody>\n<tr>\n<td><span style=\"vertical-align: inherit;\"><span style=\"vertical-align: inherit;\"><span dir=\"auto\" style=\"vertical-align: inherit;\"><span dir=\"auto\" style=\"vertical-align: inherit;\">Apparence<\/span><\/span><\/span><\/span><\/td>\n<td><span style=\"vertical-align: inherit;\"><span style=\"vertical-align: inherit;\"><span dir=\"auto\" style=\"vertical-align: inherit;\"><span dir=\"auto\" style=\"vertical-align: inherit;\">Granules sph\u00e9riques brun-noir<\/span><\/span><\/span><\/span><\/td>\n<\/tr>\n<tr>\n<td><span style=\"vertical-align: inherit;\"><span style=\"vertical-align: inherit;\"><span dir=\"auto\" style=\"vertical-align: inherit;\"><span dir=\"auto\" style=\"vertical-align: inherit;\">Nombre de particules sph\u00e9riques enti\u00e8res<\/span><\/span><\/span><\/span><\/td>\n<td><span style=\"vertical-align: inherit;\"><span style=\"vertical-align: inherit;\"><span dir=\"auto\" style=\"vertical-align: inherit;\"><span dir=\"auto\" style=\"vertical-align: inherit;\">\u00a0&gt; 95%<\/span><\/span><\/span><\/span><\/td>\n<\/tr>\n<tr>\n<td><span style=\"vertical-align: inherit;\"><span style=\"vertical-align: inherit;\"><span dir=\"auto\" style=\"vertical-align: inherit;\"><span dir=\"auto\" style=\"vertical-align: inherit;\">forme ionique<\/span><\/span><\/span><\/span><\/td>\n<td><span style=\"vertical-align: inherit;\"><span style=\"vertical-align: inherit;\"><span dir=\"auto\" style=\"vertical-align: inherit;\"><span dir=\"auto\" style=\"vertical-align: inherit;\">Quoi<\/span><\/span><\/span><\/span><\/td>\n<\/tr>\n<tr>\n<td><span style=\"vertical-align: inherit;\"><span style=\"vertical-align: inherit;\"><span dir=\"auto\" style=\"vertical-align: inherit;\"><span dir=\"auto\" style=\"vertical-align: inherit;\">Taille des pi\u00e8ces<\/span><\/span><\/span><\/span><\/td>\n<td><span dir=\"auto\" style=\"vertical-align: inherit;\"><span dir=\"auto\" style=\"vertical-align: inherit;\">0,315 \u2013 1,250 mm &gt; 95 %<\/span><\/span><\/td>\n<\/tr>\n<tr>\n<td><span style=\"vertical-align: inherit;\"><span style=\"vertical-align: inherit;\"><span dir=\"auto\" style=\"vertical-align: inherit;\"><span dir=\"auto\" style=\"vertical-align: inherit;\">Teneur en humidit\u00e9, %<\/span><\/span><\/span><\/span><\/td>\n<td><span style=\"vertical-align: inherit;\"><span style=\"vertical-align: inherit;\"><span dir=\"auto\" style=\"vertical-align: inherit;\"><span dir=\"auto\" style=\"vertical-align: inherit;\">48 \u2013 56<\/span><\/span><\/span><\/span><\/td>\n<\/tr>\n<tr>\n<td><span style=\"vertical-align: inherit;\"><span style=\"vertical-align: inherit;\"><span dir=\"auto\" style=\"vertical-align: inherit;\"><span dir=\"auto\" style=\"vertical-align: inherit;\">Capacit\u00e9 d&rsquo;\u00e9change totale, mmol\/g<\/span><\/span><\/span><\/span><\/td>\n<td><span style=\"vertical-align: inherit;\"><span style=\"vertical-align: inherit;\"><span dir=\"auto\" style=\"vertical-align: inherit;\"><span dir=\"auto\" style=\"vertical-align: inherit;\">&gt;3.10<\/span><\/span><\/span><\/span><\/td>\n<\/tr>\n<tr>\n<td><span style=\"vertical-align: inherit;\"><span style=\"vertical-align: inherit;\"><span dir=\"auto\" style=\"vertical-align: inherit;\"><span dir=\"auto\" style=\"vertical-align: inherit;\">Capacit\u00e9 d&rsquo;\u00e9change totale, mmol\/ml<\/span><\/span><\/span><\/span><\/td>\n<td><span style=\"vertical-align: inherit;\"><span style=\"vertical-align: inherit;\"><span dir=\"auto\" style=\"vertical-align: inherit;\"><span dir=\"auto\" style=\"vertical-align: inherit;\">&gt;1,10<\/span><\/span><\/span><\/span><\/td>\n<\/tr>\n<tr>\n<td><span style=\"vertical-align: inherit;\"><span style=\"vertical-align: inherit;\"><span dir=\"auto\" style=\"vertical-align: inherit;\"><span dir=\"auto\" style=\"vertical-align: inherit;\">capacit\u00e9 calcul\u00e9e recommand\u00e9e mmol\/ml<\/span><\/span><\/span><\/span><\/td>\n<td><span style=\"vertical-align: inherit;\"><span style=\"vertical-align: inherit;\"><span dir=\"auto\" style=\"vertical-align: inherit;\"><span dir=\"auto\" style=\"vertical-align: inherit;\">0,8<\/span><\/span><\/span><\/span><\/td>\n<\/tr>\n<tr>\n<td><span style=\"vertical-align: inherit;\"><span style=\"vertical-align: inherit;\"><span dir=\"auto\" style=\"vertical-align: inherit;\"><span dir=\"auto\" style=\"vertical-align: inherit;\">Capacit\u00e9 d&rsquo;absorption des ions ferreux, en grammes par litre<\/span><\/span><\/span><\/span><\/td>\n<td><span style=\"vertical-align: inherit;\"><span style=\"vertical-align: inherit;\"><span dir=\"auto\" style=\"vertical-align: inherit;\"><span dir=\"auto\" style=\"vertical-align: inherit;\">14<\/span><\/span><\/span><\/span><\/td>\n<\/tr>\n<tr>\n<td><span style=\"vertical-align: inherit;\"><span style=\"vertical-align: inherit;\"><span dir=\"auto\" style=\"vertical-align: inherit;\"><span dir=\"auto\" style=\"vertical-align: inherit;\">Emballage dans des seaux en plastique, l.<\/span><\/span><\/span><\/span><\/td>\n<td><span style=\"vertical-align: inherit;\"><span style=\"vertical-align: inherit;\"><span dir=\"auto\" style=\"vertical-align: inherit;\"><span dir=\"auto\" style=\"vertical-align: inherit;\">25<\/span><\/span><\/span><\/span><\/td>\n<\/tr>\n<\/tbody>\n<\/table>\n","protected":false},"excerpt":{"rendered":"<p>La r\u00e9sine \u00e9changeuse de cations ZGC858, fortement acide et \u00e0 noyau inerte, est con\u00e7ue pour l&rsquo;\u00e9limination efficace et durable du fer et des m\u00e9taux lourds, ainsi que pour l&rsquo;adoucissement de l&rsquo;eau. Elle pr\u00e9sente une capacit\u00e9 d&rsquo;\u00e9change \u00e9lev\u00e9e et une excellente stabilit\u00e9 physico-chimique. Les groupes fonctionnels sont situ\u00e9s exclusivement \u00e0 la surface de la r\u00e9sine et&#8230;<\/p>\n","protected":false},"featured_media":1255,"comment_status":"closed","ping_status":"closed","template":"","meta":[],"product_cat":[60],"product_tag":[],"class_list":["post-6530","product","type-product","status-publish","has-post-thumbnail","hentry","product_cat-non-classifiee"],"_links":{"self":[{"href":"https:\/\/hydrolite.eu\/fr\/wp-json\/wp\/v2\/product\/6530","targetHints":{"allow":["GET"]}}],"collection":[{"href":"https:\/\/hydrolite.eu\/fr\/wp-json\/wp\/v2\/product"}],"about":[{"href":"https:\/\/hydrolite.eu\/fr\/wp-json\/wp\/v2\/types\/product"}],"replies":[{"embeddable":true,"href":"https:\/\/hydrolite.eu\/fr\/wp-json\/wp\/v2\/comments?post=6530"}],"wp:featuredmedia":[{"embeddable":true,"href":"https:\/\/hydrolite.eu\/fr\/wp-json\/wp\/v2\/media\/1255"}],"wp:attachment":[{"href":"https:\/\/hydrolite.eu\/fr\/wp-json\/wp\/v2\/media?parent=6530"}],"wp:term":[{"taxonomy":"product_cat","embeddable":true,"href":"https:\/\/hydrolite.eu\/fr\/wp-json\/wp\/v2\/product_cat?post=6530"},{"taxonomy":"product_tag","embeddable":true,"href":"https:\/\/hydrolite.eu\/fr\/wp-json\/wp\/v2\/product_tag?post=6530"}],"curies":[{"name":"wp","href":"https:\/\/api.w.org\/{rel}","templated":true}]}}