{"id":564,"date":"2022-05-23T21:22:31","date_gmt":"2022-05-23T18:22:31","guid":{"rendered":"https:\/\/hydrolite.eu\/product\/zga455fd-h18\/"},"modified":"2024-04-22T16:35:56","modified_gmt":"2024-04-22T13:35:56","slug":"zga455fd-h18","status":"publish","type":"product","link":"https:\/\/hydrolite.eu\/fr\/product\/zga455fd-h18\/","title":{"rendered":"ZGA455FD-H18 Polystyr\u00e9nique Macroporeux, R\u00e9sine anionique faiblement basique, Forme base libre, Capacit\u00e9 \u00e9lev\u00e9e, Sweetener Grade"},"content":{"rendered":"<h2 align=\"center\"><strong class=\"proname\"><span style=\"vertical-align: inherit;\"><span style=\"vertical-align: inherit;\">ZGA455FD-H18 Polystyr\u00e9nique Macroporeux, R\u00e9sine anionique faiblement basique, Forme base libre, Capacit\u00e9 \u00e9lev\u00e9e, Sweetener Grade<br \/>\n<\/span><\/span><\/strong><\/h2>\n<p>&nbsp;<\/p>\n<div class=\"xxx\">\n<p><span style=\"vertical-align: inherit;\"><span style=\"vertical-align: inherit;\">Anion basique faible ZGA455FD-H18 \u00e0 haute capacit\u00e9<\/span><\/span><\/p>\n<p><strong><span style=\"vertical-align: inherit;\"><span style=\"vertical-align: inherit;\">1. Introduction:<\/span><\/span><\/strong><\/p>\n<p><span style=\"vertical-align: inherit;\"><span style=\"vertical-align: inherit;\">\u00ab\u00a0Hydrolite\u00a0\u00bb ZGA455FD-H18 est une r\u00e9sine \u00e9changeuse d&rsquo;anions basique faible de la s\u00e9rie styr\u00e8ne macroporeuse que ZG a d\u00e9velopp\u00e9e pour l&rsquo;industrie alimentaire. <\/span><span style=\"vertical-align: inherit;\">Compar\u00e9 \u00e0 d&rsquo;autres anions basiques faibles, ZGA455FD-H18 a une plus grande capacit\u00e9 et une vitesse d&rsquo;\u00e9change plus rapide, il est tr\u00e8s appropri\u00e9 pour adsorber les mati\u00e8res organiques et \u00e9liminer les anions acides forts dans les solutions aqueuses et non aqueuses. <\/span><span style=\"vertical-align: inherit;\">Dans les m\u00eames conditions, le co\u00fbt de l&rsquo;eau et de l&rsquo;agent de r\u00e9g\u00e9n\u00e9ration sera moindre.<\/span><\/span><\/p>\n<p><span style=\"vertical-align: inherit;\"><span style=\"vertical-align: inherit;\">ZGA 455FD-H18 a une taille de pores et une surface sp\u00e9cifique plus grandes, il pourrait adsorber beaucoup de macromol\u00e9cules organiques, le taux d&rsquo;adsorbant pourrait atteindre 80-95%, et le taux d&rsquo;\u00e9lution est sup\u00e9rieur \u00e0 95%, donc tr\u00e8s appropri\u00e9 pour le dessalement et la d\u00e9coloration d&rsquo;amidon de sucre.<\/span><\/span><\/p>\n<p><span style=\"vertical-align: inherit;\"><span style=\"vertical-align: inherit;\">ZGA455FD-H18 est avec quelques groupes basiques forts, en cours de fonctionnement, il n&rsquo;adsorbera pas les petites mol\u00e9cules, il est dot\u00e9 d&rsquo;une grande r\u00e9sistance m\u00e9canique, d&rsquo;une capacit\u00e9 \u00e9lev\u00e9e et d&rsquo;un faible taux de gonflement, donc tr\u00e8s adapt\u00e9 \u00e0 l&rsquo;application de jus, boissons, l&rsquo;eau potable et l&rsquo;industrie alimentaire comme le sucre d&rsquo;amidon, la bi\u00e8re, le sorbitol, le xylitol, les acides amin\u00e9s et l&rsquo;acide lactique, etc., pour am\u00e9liorer le go\u00fbt et la transparence de ses produits.<\/span><\/span><\/p>\n<p><strong><span style=\"vertical-align: inherit;\"><span style=\"vertical-align: inherit;\">2. Propri\u00e9t\u00e9s physiques et chimiques :<\/span><\/span><\/strong><\/p>\n<table border=\"1\" width=\"80%\" align=\"center\">\n<tbody>\n<tr>\n<td align=\"center\" valign=\"top\"><span style=\"vertical-align: inherit;\"><span style=\"vertical-align: inherit;\">Articles<\/span><\/span><\/td>\n<td align=\"center\" valign=\"top\"><span style=\"vertical-align: inherit;\"><span style=\"vertical-align: inherit;\">Indice<\/span><\/span><\/td>\n<\/tr>\n<tr>\n<td align=\"center\" valign=\"top\"><span style=\"vertical-align: inherit;\"><span style=\"vertical-align: inherit;\">Apparence<\/span><\/span><\/td>\n<td align=\"center\" valign=\"top\"><span style=\"vertical-align: inherit;\"><span style=\"vertical-align: inherit;\">Perles d&rsquo;opacit\u00e9 blanc laiteux \u00e0 jaune clair<\/span><\/span><\/td>\n<\/tr>\n<tr>\n<td align=\"center\" valign=\"top\"><span style=\"vertical-align: inherit;\"><span style=\"vertical-align: inherit;\">Matrice<\/span><\/span><\/td>\n<td align=\"center\" valign=\"top\"><span style=\"vertical-align: inherit;\"><span style=\"vertical-align: inherit;\">Styr\u00e8ne<\/span><\/span><\/td>\n<\/tr>\n<tr>\n<td align=\"center\" valign=\"top\"><span style=\"vertical-align: inherit;\"><span style=\"vertical-align: inherit;\">Forme ionique<\/span><\/span><\/td>\n<td align=\"center\" valign=\"top\"><span style=\"vertical-align: inherit;\"><span style=\"vertical-align: inherit;\">Amine libre<\/span><\/span><\/td>\n<\/tr>\n<tr>\n<td align=\"center\" valign=\"top\"><span style=\"vertical-align: inherit;\"><span style=\"vertical-align: inherit;\">Teneur en humidit\u00e9 %<\/span><\/span><\/td>\n<td align=\"center\" valign=\"top\"><span style=\"vertical-align: inherit;\"><span style=\"vertical-align: inherit;\">42~50<\/span><\/span><\/td>\n<\/tr>\n<tr>\n<td align=\"center\" valign=\"top\"><span style=\"vertical-align: inherit;\"><span style=\"vertical-align: inherit;\">Capacit\u00e9 mmol\/ml<\/span><\/span><\/td>\n<td align=\"center\" valign=\"top\"><span style=\"vertical-align: inherit;\"><span style=\"vertical-align: inherit;\">\u22651.80<\/span><\/span><\/td>\n<\/tr>\n<tr>\n<td align=\"center\" valign=\"top\"><span style=\"vertical-align: inherit;\"><span style=\"vertical-align: inherit;\">Densit\u00e9 r\u00e9elle (humide) g\/ml<\/span><\/span><\/td>\n<td align=\"center\" valign=\"top\"><span style=\"vertical-align: inherit;\"><span style=\"vertical-align: inherit;\">1.03\uff5e1.06<\/span><\/span><\/td>\n<\/tr>\n<tr>\n<td align=\"center\" valign=\"top\"><span style=\"vertical-align: inherit;\"><span style=\"vertical-align: inherit;\">Poids d&rsquo;exp\u00e9dition g\/ml<\/span><\/span><\/td>\n<td align=\"center\" valign=\"top\"><span style=\"vertical-align: inherit;\"><span style=\"vertical-align: inherit;\">0,65\uff5e0,75<\/span><\/span><\/td>\n<\/tr>\n<tr>\n<td align=\"center\" valign=\"top\"><span style=\"vertical-align: inherit;\"><span style=\"vertical-align: inherit;\">Perles enti\u00e8res\u00a0%<\/span><\/span><\/td>\n<td align=\"center\" valign=\"top\"><span style=\"vertical-align: inherit;\"><span style=\"vertical-align: inherit;\">\u226590<\/span><\/span><\/td>\n<\/tr>\n<tr>\n<td align=\"center\" valign=\"top\"><span style=\"vertical-align: inherit;\"><span style=\"vertical-align: inherit;\">Gonflement %<\/span><\/span><\/td>\n<td align=\"center\" valign=\"top\"><span style=\"vertical-align: inherit;\"><span style=\"vertical-align: inherit;\">\u226420<\/span><\/span><\/td>\n<\/tr>\n<tr>\n<td align=\"center\" valign=\"center\"><span style=\"vertical-align: inherit;\"><span style=\"vertical-align: inherit;\">Plage de tailles de particules %<\/span><\/span><\/td>\n<td align=\"center\" valign=\"center\"><span style=\"vertical-align: inherit;\"><span style=\"vertical-align: inherit;\">(0.45\uff5e1.25mm) \u226595<\/span><\/span><\/td>\n<\/tr>\n<\/tbody>\n<\/table>\n<p><strong><span style=\"vertical-align: inherit;\"><span style=\"vertical-align: inherit;\">3. R\u00e9f\u00e9rence\u00a0:<\/span><\/span><\/strong><\/p>\n<table border=\"1\" width=\"80%\" align=\"center\">\n<tbody>\n<tr>\n<td align=\"center\" valign=\"top\" width=\"50%\"><span style=\"vertical-align: inherit;\"><span style=\"vertical-align: inherit;\">Articles<\/span><\/span><\/td>\n<td align=\"center\" valign=\"top\" width=\"50%\"><span style=\"vertical-align: inherit;\"><span style=\"vertical-align: inherit;\">Indice<\/span><\/span><\/td>\n<\/tr>\n<tr>\n<td align=\"center\" valign=\"top\"><span style=\"vertical-align: inherit;\"><span style=\"vertical-align: inherit;\">Hauteur du lit de r\u00e9sine m<\/span><\/span><\/td>\n<td align=\"center\" valign=\"top\"><span style=\"vertical-align: inherit;\"><span style=\"vertical-align: inherit;\">1.5\uff5e3.0<\/span><\/span><\/td>\n<\/tr>\n<tr>\n<td align=\"center\" valign=\"top\"><span style=\"vertical-align: inherit;\"><span style=\"vertical-align: inherit;\">% d&rsquo;espace de lavage arri\u00e8re con\u00e7u<\/span><\/span><\/td>\n<td align=\"center\" valign=\"top\"><span style=\"vertical-align: inherit;\"><span style=\"vertical-align: inherit;\">80\uff5e100<\/span><\/span><\/td>\n<\/tr>\n<tr>\n<td align=\"center\" valign=\"top\"><span style=\"vertical-align: inherit;\"><span style=\"vertical-align: inherit;\">Retour lavage %<\/span><\/span><\/td>\n<td align=\"center\" valign=\"top\"><span style=\"vertical-align: inherit;\"><span style=\"vertical-align: inherit;\">50\uff5e85<\/span><\/span><\/td>\n<\/tr>\n<tr>\n<td align=\"center\" valign=\"top\"><span style=\"vertical-align: inherit;\"><span style=\"vertical-align: inherit;\">R\u00e9g\u00e9n\u00e9rer l&rsquo;agent<\/span><\/span><\/td>\n<td align=\"center\" valign=\"top\"><span style=\"vertical-align: inherit;\"><span style=\"vertical-align: inherit;\">NaOH<\/span><\/span><\/td>\n<\/tr>\n<tr>\n<td align=\"center\" valign=\"top\"><span style=\"vertical-align: inherit;\"><span style=\"vertical-align: inherit;\">Densit\u00e9 de l&rsquo;agent r\u00e9g\u00e9n\u00e9r\u00e9 %<\/span><\/span><\/td>\n<td align=\"center\" valign=\"top\"><span style=\"vertical-align: inherit;\"><span style=\"vertical-align: inherit;\">4~5<\/span><\/span><\/td>\n<\/tr>\n<tr>\n<td align=\"center\" valign=\"top\"><span style=\"vertical-align: inherit;\"><span style=\"vertical-align: inherit;\">Dosage de l&rsquo;agent r\u00e9g\u00e9n\u00e9rant m3\/m3-R<\/span><\/span><\/td>\n<td align=\"center\" valign=\"top\"><span style=\"vertical-align: inherit;\"><span style=\"vertical-align: inherit;\">2.2\uff5e2.5<\/span><\/span><\/td>\n<\/tr>\n<tr>\n<td align=\"center\" valign=\"top\"><span style=\"vertical-align: inherit;\"><span style=\"vertical-align: inherit;\">R\u00e9g\u00e9n\u00e9rer le temps de contact min<\/span><\/span><\/td>\n<td align=\"center\" valign=\"top\"><span style=\"vertical-align: inherit;\"><span style=\"vertical-align: inherit;\">50\uff5e70<\/span><\/span><\/td>\n<\/tr>\n<tr>\n<td align=\"center\" valign=\"top\"><span style=\"vertical-align: inherit;\"><span style=\"vertical-align: inherit;\">Temps de remplacement min<\/span><\/span><\/td>\n<td align=\"center\" valign=\"top\"><span style=\"vertical-align: inherit;\"><span style=\"vertical-align: inherit;\">30\uff5e50<\/span><\/span><\/td>\n<\/tr>\n<tr>\n<td align=\"center\" valign=\"top\"><span style=\"vertical-align: inherit;\"><span style=\"vertical-align: inherit;\">D\u00e9bit de rin\u00e7age m\/h<\/span><\/span><\/td>\n<td align=\"center\" valign=\"top\"><span style=\"vertical-align: inherit;\"><span style=\"vertical-align: inherit;\">10\uff5e15<\/span><\/span><\/td>\n<\/tr>\n<tr>\n<td align=\"center\" valign=\"top\"><span style=\"vertical-align: inherit;\"><span style=\"vertical-align: inherit;\">Temp\u00e9rature de fonctionnement \u00b0C<\/span><\/span><\/td>\n<td align=\"center\" valign=\"top\"><span style=\"vertical-align: inherit;\"><span style=\"vertical-align: inherit;\">30~60<\/span><\/span><\/td>\n<\/tr>\n<tr>\n<td align=\"center\" valign=\"top\"><span style=\"vertical-align: inherit;\"><span style=\"vertical-align: inherit;\">Plage de pH<\/span><\/span><\/td>\n<td align=\"center\" valign=\"top\"><span style=\"vertical-align: inherit;\"><span style=\"vertical-align: inherit;\">0~7<\/span><\/span><\/td>\n<\/tr>\n<\/tbody>\n<\/table>\n<p><strong><span style=\"vertical-align: inherit;\"><span style=\"vertical-align: inherit;\">4. Manuel d&rsquo;utilisation<\/span><\/span><\/strong><\/p>\n<table border=\"1\" width=\"80%\" align=\"center\">\n<tbody>\n<tr>\n<td align=\"center\" width=\"120\"><span style=\"vertical-align: inherit;\"><span style=\"vertical-align: inherit;\">Op\u00e9ration<\/span><\/span><\/td>\n<td align=\"center\" width=\"132\"><span style=\"vertical-align: inherit;\"><span style=\"vertical-align: inherit;\">Solution<\/span><\/span><\/td>\n<td align=\"center\" width=\"120\"><span style=\"vertical-align: inherit;\"><span style=\"vertical-align: inherit;\">D\u00e9bit(BV\/h)<\/span><\/span><\/td>\n<td align=\"center\" width=\"131\"><span style=\"vertical-align: inherit;\"><span style=\"vertical-align: inherit;\">Posologie (VB)<\/span><\/span><\/td>\n<\/tr>\n<tr>\n<td align=\"center\" width=\"120\"><span style=\"vertical-align: inherit;\"><span style=\"vertical-align: inherit;\">R\u00e9cup\u00e9ration de sucre<\/span><\/span><\/td>\n<td align=\"center\" width=\"132\"><span style=\"vertical-align: inherit;\"><span style=\"vertical-align: inherit;\">Eau propre<\/span><\/span><\/td>\n<td align=\"center\" width=\"120\"><span style=\"vertical-align: inherit;\"><span style=\"vertical-align: inherit;\">2.0\uff5e4.0<\/span><\/span><\/td>\n<td align=\"center\" width=\"131\"><span style=\"vertical-align: inherit;\"><span style=\"vertical-align: inherit;\">2.0\uff5e3.0<\/span><\/span><\/td>\n<\/tr>\n<tr>\n<td align=\"center\" width=\"120\"><span style=\"vertical-align: inherit;\"><span style=\"vertical-align: inherit;\">Lavage \u00e0 l&rsquo;envers<\/span><\/span><\/td>\n<td align=\"center\" width=\"132\"><span style=\"vertical-align: inherit;\"><span style=\"vertical-align: inherit;\">Eau propre<\/span><\/span><\/td>\n<td align=\"center\" width=\"120\"><span style=\"vertical-align: inherit;\"><span style=\"vertical-align: inherit;\">2.0\uff5e4.0<\/span><\/span><\/td>\n<td align=\"center\" width=\"131\"><span style=\"vertical-align: inherit;\"><span style=\"vertical-align: inherit;\">2.5\uff5e3.0<\/span><\/span><\/td>\n<\/tr>\n<tr>\n<td align=\"center\" width=\"120\"><span style=\"vertical-align: inherit;\"><span style=\"vertical-align: inherit;\">R\u00e9g\u00e9n\u00e9rer<\/span><\/span><\/td>\n<td align=\"center\" width=\"132\"><span style=\"vertical-align: inherit;\"><span style=\"vertical-align: inherit;\">Solution de NaOH 4 ~ 5\u00a0%<\/span><\/span><\/td>\n<td align=\"center\" width=\"120\"><span style=\"vertical-align: inherit;\"><span style=\"vertical-align: inherit;\">1.5\uff5e2.0<\/span><\/span><\/td>\n<td align=\"center\" width=\"131\"><span style=\"vertical-align: inherit;\"><span style=\"vertical-align: inherit;\">2.2\uff5e2.5<\/span><\/span><\/td>\n<\/tr>\n<tr>\n<td align=\"center\" width=\"120\"><span style=\"vertical-align: inherit;\"><span style=\"vertical-align: inherit;\">Remplacement<\/span><\/span><\/td>\n<td align=\"center\" width=\"132\"><span style=\"vertical-align: inherit;\"><span style=\"vertical-align: inherit;\">DI ou eau pure<\/span><\/span><\/td>\n<td align=\"center\" width=\"120\"><span style=\"vertical-align: inherit;\"><span style=\"vertical-align: inherit;\">1.0\uff5e2.0<\/span><\/span><\/td>\n<td align=\"center\" width=\"131\"><span style=\"vertical-align: inherit;\"><span style=\"vertical-align: inherit;\">1.5\uff5e2.0<\/span><\/span><\/td>\n<\/tr>\n<tr>\n<td align=\"center\" width=\"120\"><span style=\"vertical-align: inherit;\"><span style=\"vertical-align: inherit;\">Rincer<\/span><\/span><\/td>\n<td align=\"center\" width=\"132\"><span style=\"vertical-align: inherit;\"><span style=\"vertical-align: inherit;\">DI ou eau pure<\/span><\/span><\/td>\n<td align=\"center\" width=\"120\"><span style=\"vertical-align: inherit;\"><span style=\"vertical-align: inherit;\">10\uff5e15<\/span><\/span><\/td>\n<td align=\"center\" width=\"131\"><span style=\"vertical-align: inherit;\"><span style=\"vertical-align: inherit;\">5.0\uff5e8.0<\/span><\/span><\/td>\n<\/tr>\n<tr>\n<td align=\"center\" width=\"120\"><span style=\"vertical-align: inherit;\"><span style=\"vertical-align: inherit;\">Rin\u00e7age<\/span><\/span><\/td>\n<td align=\"center\" width=\"132\"><span style=\"vertical-align: inherit;\"><span style=\"vertical-align: inherit;\">Dans l&rsquo;eau<\/span><\/span><\/td>\n<td align=\"center\" width=\"120\"><span style=\"vertical-align: inherit;\"><span style=\"vertical-align: inherit;\">10\uff5e15<\/span><\/span><\/td>\n<td align=\"center\" width=\"131\"><span style=\"vertical-align: inherit;\"><span style=\"vertical-align: inherit;\">5.0\uff5e10.0<\/span><\/span><\/td>\n<\/tr>\n<tr>\n<td align=\"center\" width=\"120\"><span style=\"vertical-align: inherit;\"><span style=\"vertical-align: inherit;\">en fonctionnement<\/span><\/span><\/td>\n<td align=\"center\" width=\"132\"><span style=\"vertical-align: inherit;\"><span style=\"vertical-align: inherit;\">Liqueur de sucre<\/span><\/span><\/td>\n<td align=\"center\" width=\"120\"><span style=\"vertical-align: inherit;\"><span style=\"vertical-align: inherit;\">2.0\uff5e4.0<\/span><\/span><\/td>\n<td align=\"center\" width=\"131\"><span style=\"vertical-align: inherit;\"><span style=\"vertical-align: inherit;\">50\uff5e100<\/span><\/span><\/td>\n<\/tr>\n<\/tbody>\n<\/table>\n<p><span style=\"vertical-align: inherit;\"><span style=\"vertical-align: inherit;\">Remarque : lorsque vous commencez \u00e0 laver \u00e0 contre-courant, le d\u00e9bit doit \u00eatre lent, une fois que toutes les r\u00e9sines sont devenues flexibles, augmentez le d\u00e9bit de lavage \u00e0 contre-courant \u00e9tape par \u00e9tape, apr\u00e8s que les r\u00e9sines fonctionnent pleinement, d\u00e9bit de lavage \u00e0 contre-courant stable jusqu&rsquo;\u00e0 ce que l&rsquo;eau de sortie du lavage \u00e0 contre-courant est propre.<\/span><\/span><\/p>\n<p><strong><span style=\"vertical-align: inherit;\"><span style=\"vertical-align: inherit;\">5. Courbe de fuite de fonctionnement des anions<\/span><\/span><\/strong><\/p>\n<p><strong><span style=\"vertical-align: inherit;\"><span style=\"vertical-align: inherit;\">Lieu de fabrication : ville de Ningbo, Chine.<\/span><\/span><\/strong><\/p>\n<p><strong><span style=\"vertical-align: inherit;\"><span style=\"vertical-align: inherit;\">Distribution : Exp\u00e9di\u00e9 depuis l&rsquo;usine ZG Ningbo vers toutes les provinces de Chine et \u00e0 l&rsquo;\u00e9tranger.<\/span><\/span><\/strong><\/p>\n<\/div>\n","protected":false},"excerpt":{"rendered":"<p>\u201cHydrolite\u201d ZGA455FD-H18 is a macroporous styrene series weak basic anion exchange resin that ZG developed for food industry. Compare to other weak basic anions, ZGA455FD-H18 has larger capacity and faster exchange speed, it is very suitable to adsorb organics and remove strong acid anion in water and non-water solutions. Under the same condition, the cost of water and regenerate agent will be less.<\/p>\n<p>ZGA 455FD-H18 is with larger pore size and specific surface area, it could adsorb a lot of macromolecule organics, adsorbent rate could reach to 80-95%, and the elution rate is more than 95%, thus very suitable for desalination and decoloration of sugar starch.<\/p>\n<p><span style=\"vertical-align: inherit;\"><span style=\"vertical-align: inherit;\">ZGA455FD-H18 est avec quelques groupes basiques forts, en cours de fonctionnement, il n&rsquo;adsorbera pas les petites mol\u00e9cules, il est dot\u00e9 d&rsquo;une grande r\u00e9sistance m\u00e9canique, d&rsquo;une capacit\u00e9 \u00e9lev\u00e9e et d&rsquo;un faible taux de gonflement, donc tr\u00e8s adapt\u00e9 \u00e0 l&rsquo;application de jus, boissons, l&rsquo;eau potable et l&rsquo;industrie alimentaire comme le sucre d&rsquo;amidon, la bi\u00e8re, le sorbitol, le xylitol, les acides amin\u00e9s et l&rsquo;acide lactique, etc., pour am\u00e9liorer le go\u00fbt et la transparence de ses produits.<\/span><\/span><\/p>\n","protected":false},"featured_media":301,"comment_status":"closed","ping_status":"closed","template":"","meta":[],"product_cat":[119],"product_tag":[],"class_list":["post-564","product","type-product","status-publish","has-post-thumbnail","hentry","product_cat-resines-pour-lindustrie-des-edulcorants"],"_links":{"self":[{"href":"https:\/\/hydrolite.eu\/fr\/wp-json\/wp\/v2\/product\/564","targetHints":{"allow":["GET"]}}],"collection":[{"href":"https:\/\/hydrolite.eu\/fr\/wp-json\/wp\/v2\/product"}],"about":[{"href":"https:\/\/hydrolite.eu\/fr\/wp-json\/wp\/v2\/types\/product"}],"replies":[{"embeddable":true,"href":"https:\/\/hydrolite.eu\/fr\/wp-json\/wp\/v2\/comments?post=564"}],"wp:featuredmedia":[{"embeddable":true,"href":"https:\/\/hydrolite.eu\/fr\/wp-json\/wp\/v2\/media\/301"}],"wp:attachment":[{"href":"https:\/\/hydrolite.eu\/fr\/wp-json\/wp\/v2\/media?parent=564"}],"wp:term":[{"taxonomy":"product_cat","embeddable":true,"href":"https:\/\/hydrolite.eu\/fr\/wp-json\/wp\/v2\/product_cat?post=564"},{"taxonomy":"product_tag","embeddable":true,"href":"https:\/\/hydrolite.eu\/fr\/wp-json\/wp\/v2\/product_tag?post=564"}],"curies":[{"name":"wp","href":"https:\/\/api.w.org\/{rel}","templated":true}]}}