{"id":555,"date":"2022-05-23T21:19:43","date_gmt":"2022-05-23T18:19:43","guid":{"rendered":"https:\/\/hydrolite.eu\/product\/zg-d730-macroporous-strong-basic-anion-exchange-resin\/"},"modified":"2022-05-25T23:04:39","modified_gmt":"2022-05-25T20:04:39","slug":"zg-d730-macroporous-strong-basic-anion-exchange-resin","status":"publish","type":"product","link":"https:\/\/hydrolite.eu\/fr\/product\/zg-d730-macroporous-strong-basic-anion-exchange-resin\/","title":{"rendered":"R\u00e9sine \u00e9changeuse d&rsquo;anions basique forte macroporeuse ZG D730"},"content":{"rendered":"<h2 align=\"center\"><strong class=\"proname\"><span style=\"vertical-align: inherit;\"><span class=\"\" style=\"vertical-align: inherit;\">R\u00e9sine \u00e9changeuse d&rsquo;anions basique forte macroporeuse ZG D730<\/span><\/span><\/strong><\/h2>\n<p>&nbsp;<\/p>\n<div class=\"xxx\">\n<p><strong><span style=\"vertical-align: inherit;\"><span style=\"vertical-align: inherit;\">1. Introduction:<\/span><\/span><\/strong><\/p>\n<p><span style=\"vertical-align: inherit;\"><span style=\"vertical-align: inherit;\">ZGD730 est une s\u00e9rie d&rsquo;acide acrylique, macroporeuse, r\u00e9sine \u00e9changeuse d&rsquo;anions basique forte fournie sous forme de chlorure. <\/span><span style=\"vertical-align: inherit;\">En raison de sa matrice d&rsquo;acide acrylique, il a une grande capacit\u00e9 anti-pollution et d&rsquo;\u00e9lution, il peut absorber de multiples mol\u00e9cules organiques de grande taille, le taux de d\u00e9coloration peut atteindre 65 \u00e0 75 %, le taux d&rsquo;\u00e9lution peut \u00eatre sup\u00e9rieur \u00e0 95 %. <\/span><span style=\"vertical-align: inherit;\">S&rsquo;applique largement pour produire du sucre de canne, du sucre de betterave, du sucre raffin\u00e9, etc. Sa taille de pores appropri\u00e9e et sa structure macror\u00e9ticulaire permettent une excellente \u00e9limination des grosses mol\u00e9cules organiques des sucres liquides et d&rsquo;autres flux alimentaires.<\/span><\/span><\/p>\n<p><span style=\"vertical-align: inherit;\"><span style=\"vertical-align: inherit;\">ZGD730 pourrait \u00e9galement s&rsquo;appliquer pour s\u00e9parer et extraire les \u00e9l\u00e9ments utiles de la phytoth\u00e9rapie, de plus, il peut remplacer le charbon actif pour d\u00e9colorer et affiner certaines liqueurs transparentes color\u00e9es\u00a0; <\/span><span style=\"vertical-align: inherit;\">le co\u00fbt sera inf\u00e9rieur \u00e0 celui du charbon actif.<\/span><\/span><\/p>\n<p><strong><span style=\"vertical-align: inherit;\"><span style=\"vertical-align: inherit;\">2. Propri\u00e9t\u00e9s physiques et chimiques :<\/span><\/span><\/strong><\/p>\n<table border=\"1\" width=\"80%\" align=\"center\">\n<tbody>\n<tr>\n<td align=\"center\" valign=\"center\" width=\"50%\"><span style=\"vertical-align: inherit;\"><span style=\"vertical-align: inherit;\">Articles<\/span><\/span><\/td>\n<td align=\"center\" valign=\"center\" width=\"50%\"><span style=\"vertical-align: inherit;\"><span style=\"vertical-align: inherit;\">Indice<\/span><\/span><\/td>\n<\/tr>\n<tr>\n<td align=\"center\" valign=\"center\" width=\"50%\"><span style=\"vertical-align: inherit;\"><span style=\"vertical-align: inherit;\">Apparence<\/span><\/span><\/td>\n<td align=\"center\" valign=\"center\" width=\"50%\"><span style=\"vertical-align: inherit;\"><span style=\"vertical-align: inherit;\">Perles blanches laiteuses<\/span><\/span><\/td>\n<\/tr>\n<tr>\n<td align=\"center\" valign=\"center\" width=\"50%\"><span style=\"vertical-align: inherit;\"><span style=\"vertical-align: inherit;\">Matrice<\/span><\/span><\/td>\n<td align=\"center\" valign=\"top\" width=\"50%\"><span style=\"vertical-align: inherit;\"><span style=\"vertical-align: inherit;\">Acide acrylique<\/span><\/span><\/td>\n<\/tr>\n<tr>\n<td align=\"center\" valign=\"center\" width=\"50%\"><span style=\"vertical-align: inherit;\"><span style=\"vertical-align: inherit;\">Forme ionique<\/span><\/span><\/td>\n<td align=\"center\" valign=\"top\" width=\"50%\"><span style=\"vertical-align: inherit;\"><span style=\"vertical-align: inherit;\">CL<\/span><\/span><\/td>\n<\/tr>\n<tr>\n<td align=\"center\" valign=\"center\" width=\"50%\"><span style=\"vertical-align: inherit;\"><span style=\"vertical-align: inherit;\">Teneur en humidit\u00e9 %<\/span><\/span><\/td>\n<td align=\"center\" valign=\"top\" width=\"50%\"><span style=\"vertical-align: inherit;\"><span style=\"vertical-align: inherit;\">65,0 ~ 75,0<\/span><\/span><\/td>\n<\/tr>\n<tr>\n<td align=\"center\" valign=\"center\" width=\"50%\"><span style=\"vertical-align: inherit;\"><span style=\"vertical-align: inherit;\">Capacit\u00e9 bas\u00e9e sur le volume mmol\/ml<\/span><\/span><\/td>\n<td align=\"center\" valign=\"top\" width=\"50%\"><span style=\"vertical-align: inherit;\"><span style=\"vertical-align: inherit;\">\u2265 0,80<\/span><\/span><\/td>\n<\/tr>\n<tr>\n<td align=\"center\" valign=\"center\" width=\"50%\"><span style=\"vertical-align: inherit;\"><span style=\"vertical-align: inherit;\">Poids d&rsquo;exp\u00e9dition g\/ml<\/span><\/span><\/td>\n<td align=\"center\" valign=\"center\" width=\"50%\"><span style=\"vertical-align: inherit;\"><span style=\"vertical-align: inherit;\">0,65 ~ 0,72<\/span><\/span><\/td>\n<\/tr>\n<tr>\n<td align=\"center\" valign=\"center\" width=\"50%\"><span style=\"vertical-align: inherit;\"><span style=\"vertical-align: inherit;\">Densit\u00e9 r\u00e9elle (humide) g\/ml<\/span><\/span><\/td>\n<td align=\"center\" valign=\"top\" width=\"50%\"><span style=\"vertical-align: inherit;\"><span style=\"vertical-align: inherit;\">1.03 ~ 1.10<\/span><\/span><\/td>\n<\/tr>\n<tr>\n<td align=\"center\" valign=\"center\" width=\"50%\"><span style=\"vertical-align: inherit;\"><span style=\"vertical-align: inherit;\">Plage de tailles de particules %<\/span><\/span><\/td>\n<td align=\"center\" valign=\"center\" width=\"50%\"><span style=\"vertical-align: inherit;\"><span style=\"vertical-align: inherit;\">\uff080.45\uff5e1.25mm\uff09\u2265 95.0<\/span><\/span><\/td>\n<\/tr>\n<tr>\n<td align=\"center\" valign=\"center\" width=\"50%\"><span style=\"vertical-align: inherit;\"><span style=\"vertical-align: inherit;\">Faible Limit\u00e9 %<\/span><\/span><\/td>\n<td align=\"center\" valign=\"center\" width=\"50%\"><span style=\"vertical-align: inherit;\"><span style=\"vertical-align: inherit;\">\uff08\uff1c0.45mm\uff09 \u2264 1.0<\/span><\/span><\/td>\n<\/tr>\n<tr>\n<td align=\"center\" valign=\"center\" width=\"50%\"><span style=\"vertical-align: inherit;\"><span style=\"vertical-align: inherit;\">Coefficient uniforme<\/span><\/span><\/td>\n<td align=\"center\" valign=\"center\" width=\"50%\"><span style=\"vertical-align: inherit;\"><span style=\"vertical-align: inherit;\">\u2264 1,60<\/span><\/span><\/td>\n<\/tr>\n<tr>\n<td align=\"center\" valign=\"center\" width=\"50%\"><span style=\"vertical-align: inherit;\"><span style=\"vertical-align: inherit;\">Perles enti\u00e8res\u00a0%<\/span><\/span><\/td>\n<td align=\"center\" valign=\"center\" width=\"50%\"><span style=\"vertical-align: inherit;\"><span style=\"vertical-align: inherit;\">\u2265 95,0<\/span><\/span><\/td>\n<\/tr>\n<\/tbody>\n<\/table>\n<p><strong><span style=\"vertical-align: inherit;\"><span style=\"vertical-align: inherit;\">3. R\u00e9f\u00e9rence\u00a0:<\/span><\/span><\/strong><\/p>\n<table border=\"1\" width=\"80%\" align=\"center\">\n<tbody>\n<tr>\n<td align=\"center\" valign=\"center\" width=\"50%\"><span style=\"vertical-align: inherit;\"><span style=\"vertical-align: inherit;\">Articles<\/span><\/span><\/td>\n<td align=\"center\" valign=\"center\" width=\"50%\"><span style=\"vertical-align: inherit;\"><span style=\"vertical-align: inherit;\">R\u00e9f\u00e9rence<\/span><\/span><\/td>\n<\/tr>\n<tr>\n<td align=\"center\" valign=\"center\" width=\"50%\"><span style=\"vertical-align: inherit;\"><span style=\"vertical-align: inherit;\">Temp\u00e9rature \u2103<\/span><\/span><\/td>\n<td align=\"center\" valign=\"center\" width=\"50%\"><span style=\"vertical-align: inherit;\"><span style=\"vertical-align: inherit;\">\u2264 80\uff08CL\uff09<\/span><\/span><\/td>\n<\/tr>\n<tr>\n<td align=\"center\" valign=\"center\" width=\"50%\"><span style=\"vertical-align: inherit;\"><span style=\"vertical-align: inherit;\">Hauteur du lit mm<\/span><\/span><\/td>\n<td align=\"center\" valign=\"center\" width=\"50%\"><span style=\"vertical-align: inherit;\"><span style=\"vertical-align: inherit;\">\u2265 700<\/span><\/span><\/td>\n<\/tr>\n<tr>\n<td align=\"center\" valign=\"center\" width=\"50%\"><span style=\"vertical-align: inherit;\"><span style=\"vertical-align: inherit;\">Lavage \u00e0 contre-courant Taux flexible %<\/span><\/span><\/td>\n<td align=\"center\" valign=\"center\" width=\"50%\"><span style=\"vertical-align: inherit;\"><span style=\"vertical-align: inherit;\">50 ~ 75<\/span><\/span><\/td>\n<\/tr>\n<tr>\n<td align=\"center\" valign=\"center\" width=\"50%\"><span style=\"vertical-align: inherit;\"><span style=\"vertical-align: inherit;\">D\u00e9bit de fonctionnement BV\/h<\/span><\/span><\/td>\n<td align=\"center\" valign=\"center\" width=\"50%\"><span style=\"vertical-align: inherit;\"><span style=\"vertical-align: inherit;\">5 ~ 10<\/span><\/span><\/td>\n<\/tr>\n<\/tbody>\n<\/table>\n<p><strong><span style=\"vertical-align: inherit;\"><span style=\"vertical-align: inherit;\">4. Manuel d&rsquo;utilisation<\/span><\/span><\/strong><\/p>\n<table border=\"1\" width=\"80%\" align=\"center\">\n<tbody>\n<tr>\n<td align=\"center\" valign=\"center\" width=\"105\"><span style=\"vertical-align: inherit;\"><span style=\"vertical-align: inherit;\">Op\u00e9ration<\/span><\/span><\/td>\n<td align=\"center\" valign=\"center\" width=\"143\"><span style=\"vertical-align: inherit;\"><span style=\"vertical-align: inherit;\">Solution<\/span><\/span><\/td>\n<td align=\"center\" valign=\"center\" width=\"138\"><span style=\"vertical-align: inherit;\"><span style=\"vertical-align: inherit;\">D\u00e9bit (BV\/h)<\/span><\/span><\/td>\n<td align=\"center\" valign=\"center\" width=\"124\"><span style=\"vertical-align: inherit;\"><span style=\"vertical-align: inherit;\">Posologie (VB)<\/span><\/span><\/td>\n<\/tr>\n<tr>\n<td align=\"center\" valign=\"center\" width=\"105\"><span style=\"vertical-align: inherit;\"><span style=\"vertical-align: inherit;\">R\u00e9cup\u00e9ration de sucre<\/span><\/span><\/td>\n<td align=\"center\" valign=\"center\" width=\"143\"><span style=\"vertical-align: inherit;\"><span style=\"vertical-align: inherit;\">Eau propre<\/span><\/span><\/td>\n<td align=\"center\" valign=\"center\" width=\"138\"><span style=\"vertical-align: inherit;\"><span style=\"vertical-align: inherit;\">2.0~4.0<\/span><\/span><\/td>\n<td align=\"center\" valign=\"center\" width=\"124\"><span style=\"vertical-align: inherit;\"><span style=\"vertical-align: inherit;\">2.0~3.0<\/span><\/span><\/td>\n<\/tr>\n<tr>\n<td align=\"center\" valign=\"center\" width=\"105\"><span style=\"vertical-align: inherit;\"><span style=\"vertical-align: inherit;\">Lavage \u00e0 l&rsquo;envers<\/span><\/span><\/td>\n<td align=\"center\" valign=\"center\" width=\"143\"><span style=\"vertical-align: inherit;\"><span style=\"vertical-align: inherit;\">Eau propre<\/span><\/span><\/td>\n<td align=\"center\" valign=\"center\" width=\"138\"><span style=\"vertical-align: inherit;\"><span style=\"vertical-align: inherit;\">2.0~4.0<\/span><\/span><\/td>\n<td align=\"center\" valign=\"center\" width=\"124\"><span style=\"vertical-align: inherit;\"><span style=\"vertical-align: inherit;\">1.5~2.0<\/span><\/span><\/td>\n<\/tr>\n<tr>\n<td align=\"center\" valign=\"center\" width=\"105\"><span style=\"vertical-align: inherit;\"><span style=\"vertical-align: inherit;\">R\u00e9g\u00e9n\u00e9rer<\/span><\/span><\/td>\n<td align=\"center\" valign=\"top\" width=\"143\"><span style=\"vertical-align: inherit;\"><span style=\"vertical-align: inherit;\">8~10%NaCl + 0,5<\/span><\/span><\/p>\n<p><span style=\"vertical-align: inherit;\"><span style=\"vertical-align: inherit;\">~2% NaOH Liqueur Mixte<\/span><\/span><\/td>\n<td align=\"center\" valign=\"center\" width=\"138\"><span style=\"vertical-align: inherit;\"><span style=\"vertical-align: inherit;\">1.5~2.0<\/span><\/span><\/td>\n<td align=\"center\" valign=\"center\" width=\"124\"><span style=\"vertical-align: inherit;\"><span style=\"vertical-align: inherit;\">2.5~3.5<\/span><\/span><\/td>\n<\/tr>\n<tr>\n<td align=\"center\" valign=\"center\" width=\"105\"><span style=\"vertical-align: inherit;\"><span style=\"vertical-align: inherit;\">Remplacement<\/span><\/span><\/td>\n<td align=\"center\" valign=\"top\" width=\"143\"><span style=\"vertical-align: inherit;\"><span style=\"vertical-align: inherit;\">Eau pure<\/span><\/span><\/td>\n<td align=\"center\" valign=\"top\" width=\"138\"><span style=\"vertical-align: inherit;\"><span style=\"vertical-align: inherit;\">1.0~2.0<\/span><\/span><\/td>\n<td align=\"center\" valign=\"top\" width=\"124\"><span style=\"vertical-align: inherit;\"><span style=\"vertical-align: inherit;\">1.5~2.0<\/span><\/span><\/td>\n<\/tr>\n<tr>\n<td align=\"center\" valign=\"center\" width=\"105\"><span style=\"vertical-align: inherit;\"><span style=\"vertical-align: inherit;\">Rincer<\/span><\/span><\/td>\n<td align=\"center\" valign=\"top\" width=\"143\"><span style=\"vertical-align: inherit;\"><span style=\"vertical-align: inherit;\">Eau pure<\/span><\/span><\/td>\n<td align=\"center\" valign=\"top\" width=\"138\"><span style=\"vertical-align: inherit;\"><span style=\"vertical-align: inherit;\">10 ~ 15<\/span><\/span><\/td>\n<td align=\"center\" valign=\"top\" width=\"124\"><span style=\"vertical-align: inherit;\"><span style=\"vertical-align: inherit;\">4.0~6.0<\/span><\/span><\/td>\n<\/tr>\n<tr>\n<td align=\"center\" valign=\"center\" width=\"105\"><span style=\"vertical-align: inherit;\"><span style=\"vertical-align: inherit;\">Rin\u00e7age<\/span><\/span><\/td>\n<td align=\"center\" valign=\"top\" width=\"143\"><span style=\"vertical-align: inherit;\"><span style=\"vertical-align: inherit;\">Liqueur originale<\/span><\/span><\/td>\n<td align=\"center\" valign=\"top\" width=\"138\"><span style=\"vertical-align: inherit;\"><span style=\"vertical-align: inherit;\">2.0~4.0<\/span><\/span><\/td>\n<td align=\"center\" valign=\"top\" width=\"124\"><span style=\"vertical-align: inherit;\"><span style=\"vertical-align: inherit;\">30 ~ 60<\/span><\/span><\/td>\n<\/tr>\n<\/tbody>\n<\/table>\n<p><span style=\"vertical-align: inherit;\"><span style=\"vertical-align: inherit;\">Remarque : lorsque vous commencez \u00e0 laver \u00e0 contre-courant, le d\u00e9bit doit \u00eatre lent, une fois que toutes les r\u00e9sines sont devenues flexibles, augmentez le d\u00e9bit de lavage \u00e0 contre-courant \u00e9tape par \u00e9tape, apr\u00e8s que les r\u00e9sines fonctionnent pleinement, d\u00e9bit de lavage \u00e0 contre-courant stable jusqu&rsquo;\u00e0 ce que l&rsquo;eau de sortie du lavage \u00e0 contre-courant est propre.<\/span><\/span><\/p>\n<p><strong><span style=\"vertical-align: inherit;\"><span style=\"vertical-align: inherit;\">6. Courbe de rapport de d\u00e9coloration de l&rsquo;alimentation en sortie en fonctionnement<\/span><\/span><\/strong><\/p>\n<p><strong><span style=\"vertical-align: inherit;\"><span style=\"vertical-align: inherit;\">Lieu de fabrication : ville de Ningbo, Chine.<\/span><\/span><\/strong><\/p>\n<p><strong><span style=\"vertical-align: inherit;\"><span style=\"vertical-align: inherit;\">Distribution : Exp\u00e9di\u00e9 depuis l&rsquo;usine ZG Ningbo vers toutes les provinces de Chine et \u00e0 l&rsquo;\u00e9tranger.<\/span><\/span><\/strong><\/p>\n<\/div>\n","protected":false},"excerpt":{"rendered":"<p><span style=\"vertical-align: inherit;\"><span style=\"vertical-align: inherit;\">ZGD730 est une s\u00e9rie d&rsquo;acide acrylique, macroporeuse, r\u00e9sine \u00e9changeuse d&rsquo;anions basique forte fournie sous forme de chlorure. <\/span><span style=\"vertical-align: inherit;\">En raison de sa matrice d&rsquo;acide acrylique, il a une grande capacit\u00e9 anti-pollution et d&rsquo;\u00e9lution, il peut absorber de multiples mol\u00e9cules organiques de grande taille, le taux de d\u00e9coloration peut atteindre 65 \u00e0 75 %, le taux d&rsquo;\u00e9lution peut \u00eatre sup\u00e9rieur \u00e0 95 %. <\/span><span style=\"vertical-align: inherit;\">S&rsquo;applique largement pour produire du sucre de canne, du sucre de betterave, du sucre raffin\u00e9, etc. Sa taille de pores appropri\u00e9e et sa structure macror\u00e9ticulaire permettent une excellente \u00e9limination des grosses mol\u00e9cules organiques des sucres liquides et d&rsquo;autres flux alimentaires.<\/span><\/span><\/p>\n<p><span style=\"vertical-align: inherit;\"><span style=\"vertical-align: inherit;\">ZGD730 pourrait \u00e9galement s&rsquo;appliquer pour s\u00e9parer et extraire les \u00e9l\u00e9ments utiles de la phytoth\u00e9rapie, de plus, il peut remplacer le charbon actif pour d\u00e9colorer et affiner certaines liqueurs transparentes color\u00e9es\u00a0; <\/span><span style=\"vertical-align: inherit;\">le co\u00fbt sera inf\u00e9rieur \u00e0 celui du charbon actif.<\/span><\/span><\/p>\n","protected":false},"featured_media":301,"comment_status":"closed","ping_status":"closed","template":"","meta":[],"product_cat":[119],"product_tag":[],"class_list":["post-555","product","type-product","status-publish","has-post-thumbnail","hentry","product_cat-resines-pour-lindustrie-des-edulcorants"],"_links":{"self":[{"href":"https:\/\/hydrolite.eu\/fr\/wp-json\/wp\/v2\/product\/555","targetHints":{"allow":["GET"]}}],"collection":[{"href":"https:\/\/hydrolite.eu\/fr\/wp-json\/wp\/v2\/product"}],"about":[{"href":"https:\/\/hydrolite.eu\/fr\/wp-json\/wp\/v2\/types\/product"}],"replies":[{"embeddable":true,"href":"https:\/\/hydrolite.eu\/fr\/wp-json\/wp\/v2\/comments?post=555"}],"wp:featuredmedia":[{"embeddable":true,"href":"https:\/\/hydrolite.eu\/fr\/wp-json\/wp\/v2\/media\/301"}],"wp:attachment":[{"href":"https:\/\/hydrolite.eu\/fr\/wp-json\/wp\/v2\/media?parent=555"}],"wp:term":[{"taxonomy":"product_cat","embeddable":true,"href":"https:\/\/hydrolite.eu\/fr\/wp-json\/wp\/v2\/product_cat?post=555"},{"taxonomy":"product_tag","embeddable":true,"href":"https:\/\/hydrolite.eu\/fr\/wp-json\/wp\/v2\/product_tag?post=555"}],"curies":[{"name":"wp","href":"https:\/\/api.w.org\/{rel}","templated":true}]}}