{"id":518,"date":"2022-05-23T10:52:20","date_gmt":"2022-05-23T07:52:20","guid":{"rendered":"https:\/\/hydrolite.eu\/product\/zgc353yt-styrene-series-macroporous-strongly-basic-cinnamene-anion-exchange-resin\/"},"modified":"2022-05-26T23:26:19","modified_gmt":"2022-05-26T20:26:19","slug":"zgc353yt-styrene-series-macroporous-strongly-basic-cinnamene-anion-exchange-resin","status":"publish","type":"product","link":"https:\/\/hydrolite.eu\/fr\/product\/zgc353yt-styrene-series-macroporous-strongly-basic-cinnamene-anion-exchange-resin\/","title":{"rendered":"ZGC353YT r\u00e9sine \u00e9changeuse d&rsquo;anions cinnam\u00e8ne fortement basique macroporeuse de la s\u00e9rie styr\u00e8ne"},"content":{"rendered":"<h2 align=\"center\"><strong class=\"proname\"><span style=\"vertical-align: inherit;\"><span class=\"\" style=\"vertical-align: inherit;\">ZGC353YT r\u00e9sine \u00e9changeuse d&rsquo;anions cinnam\u00e8ne fortement basique macroporeuse de la s\u00e9rie styr\u00e8ne<\/span><\/span><\/strong><\/h2>\n<p>&nbsp;<\/p>\n<div class=\"xxx\">\n<p><strong><span style=\"vertical-align: inherit;\"><span style=\"vertical-align: inherit;\">1. Descriptif\u00a0:<\/span><\/span><\/strong><\/p>\n<p align=\"justify\"><span style=\"vertical-align: inherit;\"><span style=\"vertical-align: inherit;\">Le \u00ab\u00a0Hydrolite\u00a0\u00bb ZGC353YT est une sorte de r\u00e9sine \u00e9changeuse d&rsquo;anions qui a un groupe ammonium quaternaire [-N(CH <\/span><\/span><sub><span style=\"vertical-align: inherit;\"><span style=\"vertical-align: inherit;\">3<\/span><\/span><\/sub><span style=\"vertical-align: inherit;\"><span style=\"vertical-align: inherit;\"> ) <\/span><\/span><sub><span style=\"vertical-align: inherit;\"><span style=\"vertical-align: inherit;\">3<\/span><\/span><\/sub><span style=\"vertical-align: inherit;\"><span style=\"vertical-align: inherit;\"> OH] dans le copolym\u00e8re de cinnam\u00e8ne styr\u00e8ne et de benz\u00e8ne di\u00e9th\u00e9no\u00efde \u00e0 structure macroporeuse. <\/span><span style=\"vertical-align: inherit;\">Il est utilis\u00e9 principalement pour absorber et enrichir et purifier l&rsquo;uranium dans la mine d&rsquo;uranium et ses eaux us\u00e9es, enrichir et s\u00e9parer le thorium et le plutonium et l&rsquo;uranium dans l&rsquo;industrie nucl\u00e9aire, traiter et r\u00e9cup\u00e9rer le vanadium dans les eaux us\u00e9es produites dans la synth\u00e8se d&rsquo;ammoniac, s\u00e9parer et \u00e9liminer le zinc dans l&rsquo;\u00e9lectrolyte de nickel.<\/span><\/span><\/p>\n<p><strong><span style=\"vertical-align: inherit;\"><span style=\"vertical-align: inherit;\">2. Propri\u00e9t\u00e9s physiques et chimiques typiques :<\/span><\/span><\/strong><\/p>\n<table class=\"big\" width=\"90%\" cellspacing=\"1\" cellpadding=\"0\" align=\"center\" bgcolor=\"#666666\">\n<tbody>\n<tr bgcolor=\"#fffaee\">\n<td>\n<p align=\"center\"><span style=\"vertical-align: inherit;\"><span style=\"vertical-align: inherit;\">\u00c9L\u00c9MENTS<\/span><\/span><\/p>\n<\/td>\n<td>\n<p align=\"center\"><span style=\"vertical-align: inherit;\"><span style=\"vertical-align: inherit;\">LES DONN\u00c9ES<\/span><\/span><\/p>\n<\/td>\n<\/tr>\n<tr bgcolor=\"#ffffff\">\n<td>\n<p align=\"center\"><span style=\"vertical-align: inherit;\"><span style=\"vertical-align: inherit;\">Apparence<\/span><\/span><\/p>\n<\/td>\n<td>\n<p align=\"center\"><span style=\"vertical-align: inherit;\"><span style=\"vertical-align: inherit;\">Grain sph\u00e9rique opaque laiteux \u00e0 lin opaque<\/span><\/span><\/p>\n<\/td>\n<\/tr>\n<tr bgcolor=\"#ffffff\">\n<td>\n<p align=\"center\"><span style=\"vertical-align: inherit;\"><span style=\"vertical-align: inherit;\">Forme ionique<\/span><\/span><\/p>\n<\/td>\n<td>\n<p align=\"center\"><span style=\"vertical-align: inherit;\"><span style=\"vertical-align: inherit;\">CL<\/span><\/span><\/p>\n<\/td>\n<\/tr>\n<tr bgcolor=\"#ffffff\">\n<td>\n<p align=\"center\"><span style=\"vertical-align: inherit;\"><span style=\"vertical-align: inherit;\">Teneur en humidit\u00e9 %<\/span><\/span><\/p>\n<\/td>\n<td>\n<p align=\"center\"><span style=\"vertical-align: inherit;\"><span style=\"vertical-align: inherit;\">50.00-60.00<\/span><\/span><\/p>\n<\/td>\n<\/tr>\n<tr bgcolor=\"#ffffff\">\n<td>\n<p align=\"center\"><span style=\"vertical-align: inherit;\"><span style=\"vertical-align: inherit;\">La capacit\u00e9 maximale r\u00e9g\u00e9n\u00e9r\u00e9e mmol\/g<\/span><\/span><\/p>\n<\/td>\n<td>\n<p align=\"center\"><span style=\"vertical-align: inherit;\"><span style=\"vertical-align: inherit;\">\u22654.00<\/span><\/span><\/p>\n<\/td>\n<\/tr>\n<tr bgcolor=\"#ffffff\">\n<td>\n<p align=\"center\"><span style=\"vertical-align: inherit;\"><span style=\"vertical-align: inherit;\">Capacit\u00e9 du groupe de type fonction forte mmol\/g<\/span><\/span><\/p>\n<\/td>\n<td>\n<p align=\"center\"><span style=\"vertical-align: inherit;\"><span style=\"vertical-align: inherit;\">\u22653.70<\/span><\/span><\/p>\n<\/td>\n<\/tr>\n<tr bgcolor=\"#ffffff\">\n<td>\n<p align=\"center\"><span style=\"vertical-align: inherit;\"><span style=\"vertical-align: inherit;\">Poids d&rsquo;exp\u00e9dition g\/mL<\/span><\/span><\/p>\n<\/td>\n<td>\n<p align=\"center\"><span style=\"vertical-align: inherit;\"><span style=\"vertical-align: inherit;\">0,65-0,73<\/span><\/span><\/p>\n<\/td>\n<\/tr>\n<tr bgcolor=\"#ffffff\">\n<td>\n<p align=\"center\"><span style=\"vertical-align: inherit;\"><span style=\"vertical-align: inherit;\">Densit\u00e9 r\u00e9elle g\/mL<\/span><\/span><\/p>\n<\/td>\n<td>\n<p align=\"center\"><span style=\"vertical-align: inherit;\"><span style=\"vertical-align: inherit;\">1.050-1.100<\/span><\/span><\/p>\n<\/td>\n<\/tr>\n<tr bgcolor=\"#ffffff\">\n<td>\n<p align=\"center\"><span style=\"vertical-align: inherit;\"><span style=\"vertical-align: inherit;\">Gamme granulom\u00e9trique %<\/span><\/span><\/p>\n<\/td>\n<td>\n<p align=\"center\"><span style=\"vertical-align: inherit;\"><span style=\"vertical-align: inherit;\">(0.630-1.400mm)\u226595<\/span><\/span><\/p>\n<\/td>\n<\/tr>\n<tr bgcolor=\"#ffffff\">\n<td>\n<p align=\"center\"><span style=\"vertical-align: inherit;\"><span style=\"vertical-align: inherit;\">Sph\u00e9ricit\u00e9 apr\u00e8s attrition %<\/span><\/span><\/p>\n<\/td>\n<td>\n<p align=\"center\"><span style=\"vertical-align: inherit;\"><span style=\"vertical-align: inherit;\">\u226590.00<\/span><\/span><\/p>\n<\/td>\n<\/tr>\n<\/tbody>\n<\/table>\n<\/div>\n<p>&nbsp;<\/p>\n","protected":false},"excerpt":{"rendered":"<p><span style=\"vertical-align: inherit;\"><span style=\"vertical-align: inherit;\">Le \u00ab\u00a0Hydrolite\u00a0\u00bb ZGC353YT est une sorte de r\u00e9sine \u00e9changeuse d&rsquo;anions qui a un groupe ammonium quaternaire [-N(CH <\/span><\/span><sub><span style=\"vertical-align: inherit;\"><span style=\"vertical-align: inherit;\">3<\/span><\/span><\/sub><span style=\"vertical-align: inherit;\"><span style=\"vertical-align: inherit;\"> ) <\/span><\/span><sub><span style=\"vertical-align: inherit;\"><span style=\"vertical-align: inherit;\">3<\/span><\/span><\/sub><span style=\"vertical-align: inherit;\"><span style=\"vertical-align: inherit;\"> OH] dans le copolym\u00e8re de cinnam\u00e8ne styr\u00e8ne et de benz\u00e8ne di\u00e9th\u00e9no\u00efde \u00e0 structure macroporeuse. <\/span><span style=\"vertical-align: inherit;\">Il est utilis\u00e9 principalement pour absorber et enrichir et purifier l&rsquo;uranium dans la mine d&rsquo;uranium et ses eaux us\u00e9es, enrichir et s\u00e9parer le thorium et le plutonium et l&rsquo;uranium dans l&rsquo;industrie nucl\u00e9aire, traiter et r\u00e9cup\u00e9rer le vanadium dans les eaux us\u00e9es produites dans la synth\u00e8se d&rsquo;ammoniac, s\u00e9parer et \u00e9liminer le zinc dans l&rsquo;\u00e9lectrolyte de nickel.<\/span><\/span><\/p>\n","protected":false},"featured_media":301,"comment_status":"closed","ping_status":"closed","template":"","meta":[],"product_cat":[114],"product_tag":[],"class_list":["post-518","product","type-product","status-publish","has-post-thumbnail","hentry","product_cat-resines-hydrometallurgiques"],"_links":{"self":[{"href":"https:\/\/hydrolite.eu\/fr\/wp-json\/wp\/v2\/product\/518","targetHints":{"allow":["GET"]}}],"collection":[{"href":"https:\/\/hydrolite.eu\/fr\/wp-json\/wp\/v2\/product"}],"about":[{"href":"https:\/\/hydrolite.eu\/fr\/wp-json\/wp\/v2\/types\/product"}],"replies":[{"embeddable":true,"href":"https:\/\/hydrolite.eu\/fr\/wp-json\/wp\/v2\/comments?post=518"}],"wp:featuredmedia":[{"embeddable":true,"href":"https:\/\/hydrolite.eu\/fr\/wp-json\/wp\/v2\/media\/301"}],"wp:attachment":[{"href":"https:\/\/hydrolite.eu\/fr\/wp-json\/wp\/v2\/media?parent=518"}],"wp:term":[{"taxonomy":"product_cat","embeddable":true,"href":"https:\/\/hydrolite.eu\/fr\/wp-json\/wp\/v2\/product_cat?post=518"},{"taxonomy":"product_tag","embeddable":true,"href":"https:\/\/hydrolite.eu\/fr\/wp-json\/wp\/v2\/product_tag?post=518"}],"curies":[{"name":"wp","href":"https:\/\/api.w.org\/{rel}","templated":true}]}}