{"id":4610,"date":"2025-09-21T13:38:52","date_gmt":"2025-10-27T09:34:01","guid":{"rendered":"https:\/\/hydrolite.eu\/?post_type=product&#038;p=4610"},"modified":"2026-05-07T18:03:13","modified_gmt":"2026-05-07T15:03:13","slug":"resines-echangeuses-de-cations-acides-forts-de-la-serie-styrene-zgc-107dq","status":"publish","type":"product","link":"https:\/\/hydrolite.eu\/fr\/product\/resines-echangeuses-de-cations-acides-forts-de-la-serie-styrene-zgc-107dq\/","title":{"rendered":"R\u00e9sines \u00e9changeuses de cations acides forts de la s\u00e9rie styr\u00e8ne ZGC 107DQ"},"content":{"rendered":"<table border=\"0\" width=\"100%\" cellspacing=\"1\" cellpadding=\"0\" align=\"center\" bgcolor=\"dee8f3\">\n<tbody>\n<tr>\n<td align=\"left\" bgcolor=\"054696\" width=\"70%\" height=\"50\">\n<div class=\"zzzzz1\" align=\"center\"><span style=\"vertical-align: inherit;\"><span style=\"vertical-align: inherit;\"><span dir=\"auto\" style=\"vertical-align: inherit;\"><span dir=\"auto\" style=\"vertical-align: inherit;\">R\u00e9sines \u00e9changeuses de cations fortement acides de la s\u00e9rie styr\u00e8ne ZGC 107DQ<\/span><\/span><\/span><\/span><\/div>\n<\/td>\n<\/tr>\n<tr>\n<td style=\"padding: 20px;\" align=\"left\" bgcolor=\"#FFFFFF\"><strong><span style=\"vertical-align: inherit;\"><span style=\"vertical-align: inherit;\"><span dir=\"auto\" style=\"vertical-align: inherit;\"><span dir=\"auto\" style=\"vertical-align: inherit;\">1. Description<\/span><\/span><\/span><\/span><\/strong><\/p>\n<p><span style=\"vertical-align: inherit;\"><span style=\"vertical-align: inherit;\"><span dir=\"auto\" style=\"vertical-align: inherit;\"><span dir=\"auto\" style=\"vertical-align: inherit;\">L&rsquo;Hydrolite ZGC107DQ est une r\u00e9sine \u00e9changeuse de cations contenant un groupe sulfone (-SO3H <\/span><\/span><\/span><\/span><sub><span style=\"vertical-align: inherit;\"><span style=\"vertical-align: inherit;\"><span dir=\"auto\" style=\"vertical-align: inherit;\"><span dir=\"auto\" style=\"vertical-align: inherit;\">)<\/span><\/span><\/span><\/span><\/sub><span style=\"vertical-align: inherit;\"><span style=\"vertical-align: inherit;\"><span dir=\"auto\" style=\"vertical-align: inherit;\"><span dir=\"auto\" style=\"vertical-align: inherit;\"> dans un copolym\u00e8re styr\u00e8ne-di\u00e9thyl\u00e8nebenz\u00e8ne avec un degr\u00e9 de r\u00e9ticulation de 7 %. Elle est principalement utilis\u00e9e pour l&rsquo;adoucissement de l&rsquo;eau dure et la production d&rsquo;eau pure, ainsi qu&rsquo;en hydrom\u00e9tallurgie, dans la production de sucre, la pharmacie et la production de glutamate monosodique. Elle peut \u00e9galement \u00eatre utilis\u00e9e comme catalyseur et agent de d\u00e9shydratation.<\/span><\/span><\/span><\/span><\/p>\n<p>&nbsp;<\/p>\n<p align=\"left\"><strong><span style=\"vertical-align: inherit;\"><span style=\"vertical-align: inherit;\"><span dir=\"auto\" style=\"vertical-align: inherit;\"><span dir=\"auto\" style=\"vertical-align: inherit;\">2. Propri\u00e9t\u00e9s physiques et chimiques typiques :<\/span><\/span><\/span><\/span><\/strong><\/p>\n<table style=\"width: 90%;\" border=\"0\" width=\"90%\" cellspacing=\"1\" cellpadding=\"0\" align=\"center\">\n<tbody>\n<tr>\n<td>PARAM\u00c8TRES<\/td>\n<td>DONN\u00c9ES<\/td>\n<\/tr>\n<tr>\n<td>Apparence<\/td>\n<td>Granul\u00e9s sph\u00e9riques jaune palmier \u00e0 brun br\u00fbl\u00e9<\/td>\n<\/tr>\n<tr>\n<td>Forme ionique<\/td>\n<td>Na<\/td>\n<\/tr>\n<tr>\n<td>Teneur en humidit\u00e9 %<\/td>\n<td>48.00-52.00<\/td>\n<\/tr>\n<tr>\n<td>Capacit\u00e9 d&rsquo;\u00e9change totale, mmol\/g<\/td>\n<td>\u22654.50<\/td>\n<\/tr>\n<tr>\n<td>Capacit\u00e9 d&rsquo;\u00e9change totale, mmol\/ml<br \/>\nmmol\/sm3<\/td>\n<td>\u22651,90<\/td>\n<\/tr>\n<tr>\n<td>Poids \u00e0 l&rsquo;exp\u00e9dition g\/ml<\/td>\n<td>0,77-0,87<\/td>\n<\/tr>\n<tr>\n<td>La densit\u00e9 est g\/ml<\/td>\n<td>1.250-1.290<\/td>\n<\/tr>\n<tr>\n<td>Taille des particules, %<\/td>\n<td>(0.315 mm-1.250 mm) \u226595.0<\/td>\n<\/tr>\n<tr>\n<td>Taille minimale, %<\/td>\n<td>(&lt;0.315 mm) \u22641.0<\/td>\n<\/tr>\n<tr>\n<td>Taille effective, mm<\/td>\n<td>0,350-0,550 \/ 0,400-0,700 \/ 0,450-0,850<\/td>\n<\/tr>\n<tr>\n<td>Coefficient d&rsquo;homog\u00e9n\u00e9it\u00e9<\/td>\n<td>\u22641,60<\/td>\n<\/tr>\n<tr>\n<td>Stabilit\u00e9 osmotique, %<\/td>\n<td>\u226585<\/td>\n<\/tr>\n<tr>\n<td>Sph\u00e9ricit\u00e9 apr\u00e8s attrition, %<\/td>\n<td>\u226590.00<\/td>\n<\/tr>\n<tr>\n<td>Volume sp\u00e9cifique sous forme H, cm3\/g<\/td>\n<td>\u22642,8<\/td>\n<\/tr>\n<\/tbody>\n<\/table>\n<div style=\"clear: both;\"><\/div>\n<p align=\"left\"><strong><span style=\"vertical-align: inherit;\"><span style=\"vertical-align: inherit;\"><span dir=\"auto\" style=\"vertical-align: inherit;\"><span dir=\"auto\" style=\"vertical-align: inherit;\">3. Indicateurs de r\u00e9f\u00e9rence pour l&rsquo;utilisation<\/span><\/span><\/span><\/span><\/strong><\/p>\n<table style=\"width: 90%;\" border=\"0\" width=\"90%\" cellspacing=\"1\" cellpadding=\"0\" align=\"center\">\n<tbody>\n<tr>\n<td>PARAM\u00c8TRES<\/td>\n<td>Valeur de r\u00e9f\u00e9rence<\/td>\n<\/tr>\n<tr>\n<td>Plage de pH<\/td>\n<td>1-14<\/td>\n<\/tr>\n<tr>\n<td>Temp\u00e9rature maximale de fonctionnement sous forme sodium \u00b0C<\/td>\n<td>120<\/td>\n<\/tr>\n<tr>\n<td>Gonflement lors d&rsquo;une conversion compl\u00e8te (Na <sup>+<\/sup> -H <sup>+<\/sup> ) %<\/td>\n<td>\u226410<\/td>\n<\/tr>\n<tr>\n<td>Capacit\u00e9 d&rsquo;\u00e9change utile mmol\/l<\/td>\n<td>\u22651200<\/td>\n<\/tr>\n<tr>\n<td>D\u00e9bit de fonctionnement m\/h<\/td>\n<td>15-30<\/td>\n<\/tr>\n<\/tbody>\n<\/table>\n<\/td>\n<\/tr>\n<\/tbody>\n<\/table>\n<div id=\"gtx-trans\" style=\"position: absolute; left: 73px; top: 1.63068px;\">\n<div class=\"gtx-trans-icon\"><\/div>\n<\/div>\n<p>&nbsp;<\/p>\n","protected":false},"excerpt":{"rendered":"<p>R\u00e9sines \u00e9changeuses de cations fortement acides de la s\u00e9rie styr\u00e8ne ZGC 107DQ 1. Description L&rsquo;Hydrolite ZGC107DQ est une r\u00e9sine \u00e9changeuse de cations contenant un groupe sulfone (-SO3H ) dans un copolym\u00e8re styr\u00e8ne-di\u00e9thyl\u00e8nebenz\u00e8ne avec un degr\u00e9 de r\u00e9ticulation de 7 %. Elle est principalement utilis\u00e9e pour l&rsquo;adoucissement de l&rsquo;eau dure et la production d&rsquo;eau pure, ainsi&#8230;<\/p>\n","protected":false},"featured_media":1269,"comment_status":"closed","ping_status":"closed","template":"","meta":[],"product_cat":[636,506],"product_tag":[],"class_list":["post-4610","product","type-product","status-publish","has-post-thumbnail","hentry","product_cat-eau-potable-et-industrie-alimentaire","product_cat-produits"],"_links":{"self":[{"href":"https:\/\/hydrolite.eu\/fr\/wp-json\/wp\/v2\/product\/4610","targetHints":{"allow":["GET"]}}],"collection":[{"href":"https:\/\/hydrolite.eu\/fr\/wp-json\/wp\/v2\/product"}],"about":[{"href":"https:\/\/hydrolite.eu\/fr\/wp-json\/wp\/v2\/types\/product"}],"replies":[{"embeddable":true,"href":"https:\/\/hydrolite.eu\/fr\/wp-json\/wp\/v2\/comments?post=4610"}],"wp:featuredmedia":[{"embeddable":true,"href":"https:\/\/hydrolite.eu\/fr\/wp-json\/wp\/v2\/media\/1269"}],"wp:attachment":[{"href":"https:\/\/hydrolite.eu\/fr\/wp-json\/wp\/v2\/media?parent=4610"}],"wp:term":[{"taxonomy":"product_cat","embeddable":true,"href":"https:\/\/hydrolite.eu\/fr\/wp-json\/wp\/v2\/product_cat?post=4610"},{"taxonomy":"product_tag","embeddable":true,"href":"https:\/\/hydrolite.eu\/fr\/wp-json\/wp\/v2\/product_tag?post=4610"}],"curies":[{"name":"wp","href":"https:\/\/api.w.org\/{rel}","templated":true}]}}