{"id":4024,"date":"2025-09-21T13:38:31","date_gmt":"2025-10-19T19:10:50","guid":{"rendered":"https:\/\/hydrolite.eu\/?post_type=product&#038;p=4024"},"modified":"2025-10-19T22:10:50","modified_gmt":"2025-10-19T19:10:50","slug":"copolymere-macroporeux-specifique-zg-a-398-de-styrene-et-de-dvb-avec-resine-echangeuse-danions-radical-ammonium-quark-nch33oh","status":"publish","type":"product","link":"https:\/\/hydrolite.eu\/fr\/product\/copolymere-macroporeux-specifique-zg-a-398-de-styrene-et-de-dvb-avec-resine-echangeuse-danions-radical-ammonium-quark-nch33oh\/","title":{"rendered":"Copolym\u00e8re macroporeux sp\u00e9cifique ZG A 398 de styr\u00e8ne et de DVB avec r\u00e9sine \u00e9changeuse d&rsquo;anions radical ammonium quark [-N(CH3)3OH]"},"content":{"rendered":"<table border=\"0\" width=\"100%\" cellspacing=\"1\" cellpadding=\"0\" align=\"center\" bgcolor=\"dee8f3\">\n<tbody>\n<tr>\n<td align=\"left\" bgcolor=\"054696\" width=\"70%\" height=\"50\">\n<div class=\"zzzzz1\" align=\"center\"><span style=\"vertical-align: inherit;\"><span style=\"vertical-align: inherit;\"><span dir=\"auto\" style=\"vertical-align: inherit;\"><span class=\"\" dir=\"auto\" style=\"vertical-align: inherit;\">Copolym\u00e8re macroporeux sp\u00e9cifique ZG A 398 de styr\u00e8ne et de DVB avec r\u00e9sine \u00e9changeuse d&rsquo;anions radical ammonium quark [-N(CH3)3OH]<\/span><\/span><\/span><\/span><\/div>\n<\/td>\n<\/tr>\n<tr>\n<td style=\"padding: 20px;\" align=\"left\" bgcolor=\"#FFFFFF\">\n<p align=\"justify\"><span style=\"vertical-align: inherit;\"><span style=\"vertical-align: inherit;\"><span dir=\"auto\" style=\"vertical-align: inherit;\"><span dir=\"auto\" style=\"vertical-align: inherit;\">Le ZG A 398 de marque Zheng Guang est un copolym\u00e8re macroporeux sp\u00e9cifique \u00e0 base de r\u00e9sine \u00e9changeuse d&rsquo;anions cationique \u00e0 radical ammonium [-N(CH3 <\/span><\/span><\/span><\/span><sub><span style=\"vertical-align: inherit;\"><span style=\"vertical-align: inherit;\"><span dir=\"auto\" style=\"vertical-align: inherit;\"><span dir=\"auto\" style=\"vertical-align: inherit;\">)<\/span><\/span><\/span><\/span><\/sub><span style=\"vertical-align: inherit;\"><span style=\"vertical-align: inherit;\"><span dir=\"auto\" style=\"vertical-align: inherit;\"><span dir=\"auto\" style=\"vertical-align: inherit;\"> 3OH <\/span><\/span><\/span><\/span><sub><span style=\"vertical-align: inherit;\"><span style=\"vertical-align: inherit;\"><span dir=\"auto\" style=\"vertical-align: inherit;\"><span dir=\"auto\" style=\"vertical-align: inherit;\">]<\/span><\/span><\/span><\/span><\/sub><span style=\"vertical-align: inherit;\"><span style=\"vertical-align: inherit;\"><span dir=\"auto\" style=\"vertical-align: inherit;\"><span dir=\"auto\" style=\"vertical-align: inherit;\"> . Sa structure cellulaire sp\u00e9cifique et sa grande surface lui permettent d&rsquo;adsorber de grosses mol\u00e9cules h\u00e9patiques et d&rsquo;offrir une grande r\u00e9sistance \u00e0 la contamination organique.<\/span><\/span><\/span><\/span><\/p>\n<p align=\"justify\"><strong><span style=\"vertical-align: inherit;\"><span style=\"vertical-align: inherit;\"><span dir=\"auto\" style=\"vertical-align: inherit;\"><span dir=\"auto\" style=\"vertical-align: inherit;\">1 : CARACT\u00c9RISTIQUES DE LA R\u00c9SINE<\/span><\/span><\/span><\/span><\/strong><\/p>\n<p align=\"justify\"><span style=\"vertical-align: inherit;\"><span style=\"vertical-align: inherit;\"><span dir=\"auto\" style=\"vertical-align: inherit;\"><span dir=\"auto\" style=\"vertical-align: inherit;\">La r\u00e9sine \u00e9changeuse d&rsquo;anions basique forte ZG A 398 (type Cl) de marque Zheng Guang pr\u00e9sente les avantages suivants :<\/span><\/span><\/span><\/span><\/p>\n<p align=\"justify\"><span style=\"vertical-align: inherit;\"><span style=\"vertical-align: inherit;\"><span dir=\"auto\" style=\"vertical-align: inherit;\"><span dir=\"auto\" style=\"vertical-align: inherit;\">1. Forte adsorption des mol\u00e9cules d&rsquo;h\u00e9patrome. En adsorbant le m\u00eame nombre de mol\u00e9cules d&rsquo;h\u00e9patrome, la masse de r\u00e9sine utilis\u00e9e est plus faible.<\/span><\/span><\/span><\/span><\/p>\n<p align=\"justify\"><span style=\"vertical-align: inherit;\"><span style=\"vertical-align: inherit;\"><span dir=\"auto\" style=\"vertical-align: inherit;\"><span dir=\"auto\" style=\"vertical-align: inherit;\">2. Le pr\u00e9traitement avant utilisation est tr\u00e8s simple et \u00e9conomique. Rincez la r\u00e9sine neuve trois fois \u00e0 l&rsquo;eau claire et laissez-la tremper toute la nuit dans de l&rsquo;eau claire \u00e0 25-30 \u00b0C. Le lendemain, rincez et filtrez la r\u00e9sine plusieurs fois. Elle est ensuite pr\u00eate \u00e0 l&#8217;emploi.<\/span><\/span><\/span><\/span><\/p>\n<p align=\"justify\"><span style=\"vertical-align: inherit;\"><span style=\"vertical-align: inherit;\"><span dir=\"auto\" style=\"vertical-align: inherit;\"><span dir=\"auto\" style=\"vertical-align: inherit;\">3. La r\u00e9sine poss\u00e8de une meilleure capacit\u00e9 \u00e0 lutter contre la pollution organique, ce qui simplifie et facilite le traitement apr\u00e8s utilisation. La contamination superficielle est \u00e9limin\u00e9e \u00e0 l&rsquo;eau claire, puis la r\u00e9sine est marin\u00e9e dans une solution alcaline (8 % NaOH + 20 % NaCl) repr\u00e9sentant deux fois son poids (poids de r\u00e9sine) pendant deux heures \u00e0 40-50 \u00b0C, sous agitation constante. Elle est ensuite rinc\u00e9e \u00e0 l&rsquo;eau claire (pH 7) et filtr\u00e9e. La r\u00e9sine est alors pr\u00eate \u00e0 l&#8217;emploi.<\/span><\/span><\/span><\/span><\/p>\n<p align=\"justify\"><strong><span style=\"vertical-align: inherit;\"><span style=\"vertical-align: inherit;\"><span dir=\"auto\" style=\"vertical-align: inherit;\"><span dir=\"auto\" style=\"vertical-align: inherit;\">2 : STOCKAGE<\/span><\/span><\/span><\/span><\/strong><\/p>\n<p align=\"justify\"><span style=\"vertical-align: inherit;\"><span style=\"vertical-align: inherit;\"><span dir=\"auto\" style=\"vertical-align: inherit;\"><span dir=\"auto\" style=\"vertical-align: inherit;\">La r\u00e9sine doit \u00eatre conserv\u00e9e \u00e0 l&rsquo;int\u00e9rieur, \u00e0 l&rsquo;abri de la lumi\u00e8re directe du soleil. Ne d\u00e9chirez pas l&#8217;emballage pour \u00e9viter toute perte d&rsquo;eau. Si la r\u00e9sine a perdu de l&rsquo;eau, ajoutez progressivement une solution saline satur\u00e9e et laissez mariner plusieurs heures, puis diluez progressivement avec de l&rsquo;eau pour \u00e9viter toute d\u00e9t\u00e9rioration.<\/span><\/span><\/span><\/span><\/p>\n<p align=\"justify\"><strong><span style=\"vertical-align: inherit;\"><span style=\"vertical-align: inherit;\"><span dir=\"auto\" style=\"vertical-align: inherit;\"><span dir=\"auto\" style=\"vertical-align: inherit;\">3 : TEMP\u00c9RATURE D&rsquo;UTILISATION ET DE STOCKAGE<\/span><\/span><\/span><\/span><\/strong><\/p>\n<p align=\"justify\"><span style=\"vertical-align: inherit;\"><span style=\"vertical-align: inherit;\"><span dir=\"auto\" style=\"vertical-align: inherit;\"><span dir=\"auto\" style=\"vertical-align: inherit;\">La temp\u00e9rature ne doit pas d\u00e9passer 60 \u00b0C. Conserver \u00e0 une temp\u00e9rature comprise entre 0 et 25 \u00b0C. Si la temp\u00e9rature ambiante est inf\u00e9rieure \u00e0 0 \u00b0C, la r\u00e9sine doit \u00eatre conserv\u00e9e dans une solution saline satur\u00e9e.<\/span><\/span><\/span><\/span><\/p>\n<\/td>\n<\/tr>\n<\/tbody>\n<\/table>\n","protected":false},"excerpt":{"rendered":"<p>Copolym\u00e8re macroporeux sp\u00e9cifique ZG A 398 de styr\u00e8ne et de DVB avec r\u00e9sine \u00e9changeuse d&rsquo;anions radical ammonium quark [-N(CH3)3OH] Le ZG A 398 de marque Zheng Guang est un copolym\u00e8re macroporeux sp\u00e9cifique \u00e0 base de r\u00e9sine \u00e9changeuse d&rsquo;anions cationique \u00e0 radical ammonium [-N(CH3 ) 3OH ] . Sa structure cellulaire sp\u00e9cifique et sa grande surface&#8230;<\/p>\n","protected":false},"featured_media":1269,"comment_status":"closed","ping_status":"closed","template":"","meta":[],"product_cat":[506,623],"product_tag":[],"class_list":["post-4024","product","type-product","status-publish","has-post-thumbnail","hentry","product_cat-produits","product_cat-resines-courantes"],"_links":{"self":[{"href":"https:\/\/hydrolite.eu\/fr\/wp-json\/wp\/v2\/product\/4024","targetHints":{"allow":["GET"]}}],"collection":[{"href":"https:\/\/hydrolite.eu\/fr\/wp-json\/wp\/v2\/product"}],"about":[{"href":"https:\/\/hydrolite.eu\/fr\/wp-json\/wp\/v2\/types\/product"}],"replies":[{"embeddable":true,"href":"https:\/\/hydrolite.eu\/fr\/wp-json\/wp\/v2\/comments?post=4024"}],"wp:featuredmedia":[{"embeddable":true,"href":"https:\/\/hydrolite.eu\/fr\/wp-json\/wp\/v2\/media\/1269"}],"wp:attachment":[{"href":"https:\/\/hydrolite.eu\/fr\/wp-json\/wp\/v2\/media?parent=4024"}],"wp:term":[{"taxonomy":"product_cat","embeddable":true,"href":"https:\/\/hydrolite.eu\/fr\/wp-json\/wp\/v2\/product_cat?post=4024"},{"taxonomy":"product_tag","embeddable":true,"href":"https:\/\/hydrolite.eu\/fr\/wp-json\/wp\/v2\/product_tag?post=4024"}],"curies":[{"name":"wp","href":"https:\/\/api.w.org\/{rel}","templated":true}]}}