{"id":4021,"date":"2025-09-21T13:38:31","date_gmt":"2025-10-19T18:59:24","guid":{"rendered":"https:\/\/hydrolite.eu\/?post_type=product&#038;p=4021"},"modified":"2025-10-19T21:59:24","modified_gmt":"2025-10-19T18:59:24","slug":"adsorbant-macroporeux-zg-sd300-avec-un-diametre-de-pores-special","status":"publish","type":"product","link":"https:\/\/hydrolite.eu\/fr\/product\/adsorbant-macroporeux-zg-sd300-avec-un-diametre-de-pores-special\/","title":{"rendered":"Adsorbant macroporeux ZG SD300 avec un diam\u00e8tre de pores sp\u00e9cial"},"content":{"rendered":"<table border=\"0\" width=\"100%\" cellspacing=\"1\" cellpadding=\"0\" align=\"center\" bgcolor=\"dee8f3\">\n<tbody>\n<tr>\n<td align=\"left\" bgcolor=\"054696\" width=\"70%\" height=\"50\">\n<div class=\"zzzzz1\" align=\"center\"><span style=\"vertical-align: inherit;\"><span style=\"vertical-align: inherit;\"><span dir=\"auto\" style=\"vertical-align: inherit;\"><span dir=\"auto\" style=\"vertical-align: inherit;\">Adsorbant macroporeux ZG SD300 avec un diam\u00e8tre de pores sp\u00e9cial<\/span><\/span><\/span><\/span><\/div>\n<\/td>\n<\/tr>\n<tr>\n<td style=\"padding: 20px;\" align=\"left\" bgcolor=\"#FFFFFF\">\n<p style=\"margin-left: 20.2500pt;\"><strong><span style=\"vertical-align: inherit;\"><span style=\"vertical-align: inherit;\"><span dir=\"auto\" style=\"vertical-align: inherit;\"><span dir=\"auto\" style=\"vertical-align: inherit;\">1. <\/span><\/span><\/span><\/span><\/strong>\u00a0<strong><span style=\"vertical-align: inherit;\"><span style=\"vertical-align: inherit;\"><span dir=\"auto\" style=\"vertical-align: inherit;\"><span dir=\"auto\" style=\"vertical-align: inherit;\">Description :<\/span><\/span><\/span><\/span><\/strong><\/p>\n<p style=\"margin-left: 19.6000pt;\"><span style=\"vertical-align: inherit;\"><span style=\"vertical-align: inherit;\"><span dir=\"auto\" style=\"vertical-align: inherit;\"><span dir=\"auto\" style=\"vertical-align: inherit;\">Hydrolite ZG SD330 est un adsorbant macroporeux avec un diam\u00e8tre de pores sp\u00e9cial ; il a une grande surface sp\u00e9cifique et des dimensions optimales par rapport aux adsorbants conventionnels, ce qui garantit une meilleure capacit\u00e9 d&rsquo;adsorption et un meilleur taux d&rsquo;\u00e9lution des substances organiques et des colorants organiques, et est particuli\u00e8rement adapt\u00e9 pour \u00e9liminer l&rsquo;odeur et le go\u00fbt du sirop \u00e0 haute teneur en fructose.<\/span><\/span><\/span><\/span><\/p>\n<p style=\"margin-left: 20.2500pt;\"><span style=\"vertical-align: inherit;\"><span style=\"vertical-align: inherit;\"><span dir=\"auto\" style=\"vertical-align: inherit;\"><span dir=\"auto\" style=\"vertical-align: inherit;\">Gr\u00e2ce \u00e0 la taille sp\u00e9ciale de ses pores, il permet non seulement d&rsquo;\u00e9liminer les odeurs du sirop, mais aussi de maintenir son pH. Si le mat\u00e9riau source pr\u00e9sente un pH \u00e9lev\u00e9, celui-ci peut \u00eatre l\u00e9g\u00e8rement abaiss\u00e9 apr\u00e8s l&rsquo;utilisation du SD300.<\/span><\/span><\/span><\/span><\/p>\n<p style=\"margin-left: 19.9500pt;\"><span style=\"vertical-align: inherit;\"><span style=\"vertical-align: inherit;\"><span dir=\"auto\" style=\"vertical-align: inherit;\"><span dir=\"auto\" style=\"vertical-align: inherit;\">Ce produit peut \u00e9galement absorber et s\u00e9parer les substances polaires dans des solutions aqueuses et non aqueuses et \u00e9liminer l&rsquo;odeur du maltose.<\/span><\/span><\/span><\/span><\/p>\n<p style=\"margin-left: 19.6500pt;\"><strong><span style=\"vertical-align: inherit;\"><span style=\"vertical-align: inherit;\"><span dir=\"auto\" style=\"vertical-align: inherit;\"><span dir=\"auto\" style=\"vertical-align: inherit;\">2. <\/span><\/span><\/span><\/span><\/strong>\u00a0\u00a0\u00a0<span dir=\"auto\" style=\"vertical-align: inherit;\"><strong><span style=\"vertical-align: inherit;\"><span style=\"vertical-align: inherit;\"><span dir=\"auto\" style=\"vertical-align: inherit;\">Propri\u00e9t\u00e9s <\/span><\/span><\/span><\/strong><\/span><strong><span style=\"vertical-align: inherit;\"><span style=\"vertical-align: inherit;\"><span dir=\"auto\" style=\"vertical-align: inherit;\"><span dir=\"auto\" style=\"vertical-align: inherit;\">physiques <\/span><\/span><\/span><\/span><\/strong>\u00a0<strong><span style=\"vertical-align: inherit;\"><span style=\"vertical-align: inherit;\"><span dir=\"auto\" style=\"vertical-align: inherit;\"><span dir=\"auto\" style=\"vertical-align: inherit;\">et <\/span><\/span><\/span><\/span><\/strong>\u00a0<strong><span style=\"vertical-align: inherit;\"><span style=\"vertical-align: inherit;\"><span dir=\"auto\" style=\"vertical-align: inherit;\"><span dir=\"auto\" style=\"vertical-align: inherit;\">chimiques :<\/span><\/span><\/span><\/span><\/strong><\/p>\n<table style=\"width: 100%;\" border=\"1\" cellspacing=\"0\">\n<tbody>\n<tr>\n<td style=\"width: 211px;\" colspan=\"2\">\n<p style=\"margin-left: 51.85pt; text-align: center;\"><span dir=\"auto\" style=\"vertical-align: inherit;\"><span dir=\"auto\" style=\"vertical-align: inherit;\">Param\u00e8tres<\/span><\/span><\/p>\n<\/td>\n<td style=\"width: 191px;\">\n<p style=\"margin-left: 59.6pt; text-align: center;\"><span style=\"vertical-align: inherit;\"><span style=\"vertical-align: inherit;\"><span dir=\"auto\" style=\"vertical-align: inherit;\"><span dir=\"auto\" style=\"vertical-align: inherit;\">Signification<\/span><\/span><\/span><\/span><\/p>\n<\/td>\n<\/tr>\n<tr>\n<td style=\"width: 211px;\" colspan=\"2\">\n<p style=\"margin-left: 5.9pt; text-align: center;\"><span style=\"vertical-align: inherit;\"><span style=\"vertical-align: inherit;\"><span dir=\"auto\" style=\"vertical-align: inherit;\"><span dir=\"auto\" style=\"vertical-align: inherit;\">Cat\u00e9gorie<\/span><\/span><\/span><\/span><\/p>\n<\/td>\n<td style=\"width: 191px;\">\n<p style=\"margin-left: 33.95pt; text-align: center;\"><span style=\"vertical-align: inherit;\"><span style=\"vertical-align: inherit;\"><span dir=\"auto\" style=\"vertical-align: inherit;\"><span dir=\"auto\" style=\"vertical-align: inherit;\">compos\u00e9s aromatiques<\/span><\/span><\/span><\/span><\/p>\n<\/td>\n<\/tr>\n<tr>\n<td style=\"width: 211px;\" colspan=\"2\">\n<p style=\"margin-left: 6.15pt; text-align: center;\"><span style=\"vertical-align: inherit;\"><span style=\"vertical-align: inherit;\"><span dir=\"auto\" style=\"vertical-align: inherit;\"><span dir=\"auto\" style=\"vertical-align: inherit;\">Matrice<\/span><\/span><\/span><\/span><\/p>\n<\/td>\n<td style=\"width: 191px;\">\n<p style=\"margin-left: 53.8pt; text-align: center;\"><span dir=\"auto\" style=\"vertical-align: inherit;\"><span dir=\"auto\" style=\"vertical-align: inherit;\">styr\u00e8ne<\/span><\/span><\/p>\n<\/td>\n<\/tr>\n<tr>\n<td style=\"width: 211px;\" colspan=\"2\">\n<p style=\"margin-left: 6.15pt; text-align: center;\"><span style=\"vertical-align: inherit;\"><span style=\"vertical-align: inherit;\"><span dir=\"auto\" style=\"vertical-align: inherit;\"><span dir=\"auto\" style=\"vertical-align: inherit;\">Teneur en humidit\u00e9 %<\/span><\/span><\/span><\/span><\/p>\n<\/td>\n<td style=\"width: 191px;\">\n<p style=\"margin-left: 54.95pt; text-align: center;\"><span style=\"vertical-align: inherit;\"><span style=\"vertical-align: inherit;\"><span dir=\"auto\" style=\"vertical-align: inherit;\"><span dir=\"auto\" style=\"vertical-align: inherit;\">50~60<\/span><\/span><\/span><\/span><\/p>\n<\/td>\n<\/tr>\n<tr>\n<td style=\"width: 140px;\">\n<p style=\"margin-left: 5.85pt; text-align: center;\"><span style=\"vertical-align: inherit;\"><span style=\"vertical-align: inherit;\"><span dir=\"auto\" style=\"vertical-align: inherit;\"><span dir=\"auto\" style=\"vertical-align: inherit;\">Surface sp\u00e9cifique<\/span><\/span><\/span><\/span><\/p>\n<\/td>\n<td style=\"width: 71px;\">\n<p style=\"margin-left: 23.85pt; text-align: center;\"><span dir=\"auto\" style=\"vertical-align: inherit;\"><span dir=\"auto\" style=\"vertical-align: inherit;\">m\u00b2\/g<\/span><\/span><\/p>\n<\/td>\n<td style=\"width: 191px;\">\n<p style=\"margin-left: 46.2pt; text-align: center;\"><span style=\"vertical-align: inherit;\"><span style=\"vertical-align: inherit;\"><span dir=\"auto\" style=\"vertical-align: inherit;\"><span dir=\"auto\" style=\"vertical-align: inherit;\">800~1500<\/span><\/span><\/span><\/span><\/p>\n<\/td>\n<\/tr>\n<tr>\n<td style=\"width: 211px;\" colspan=\"2\">\n<p style=\"margin-left: 6.2pt; text-align: center;\"><span style=\"vertical-align: inherit;\"><span style=\"vertical-align: inherit;\"><span dir=\"auto\" style=\"vertical-align: inherit;\"><span dir=\"auto\" style=\"vertical-align: inherit;\">Volume des pores, ml\/g<\/span><\/span><\/span><\/span><\/p>\n<\/td>\n<td style=\"width: 191px;\">\n<p style=\"margin-left: 60.3pt; text-align: center;\"><span style=\"vertical-align: inherit;\"><span style=\"vertical-align: inherit;\"><span dir=\"auto\" style=\"vertical-align: inherit;\"><span dir=\"auto\" style=\"vertical-align: inherit;\">\u22650,5<\/span><\/span><\/span><\/span><\/p>\n<\/td>\n<\/tr>\n<tr>\n<td style=\"width: 140px;\">\n<p style=\"margin-left: 6.2pt; text-align: center;\"><span style=\"vertical-align: inherit;\"><span style=\"vertical-align: inherit;\"><span dir=\"auto\" style=\"vertical-align: inherit;\"><span dir=\"auto\" style=\"vertical-align: inherit;\">Taille des pores<\/span><\/span><\/span><\/span><\/p>\n<\/td>\n<td style=\"width: 71px;\">\n<p style=\"margin-left: 4.05pt; text-align: center;\"><span dir=\"auto\" style=\"vertical-align: inherit;\"><span dir=\"auto\" style=\"vertical-align: inherit;\">nm<\/span><\/span><\/p>\n<\/td>\n<td style=\"width: 191px;\">\n<p style=\"margin-left: 60.3pt; text-align: center;\"><span style=\"vertical-align: inherit;\"><span style=\"vertical-align: inherit;\"><span dir=\"auto\" style=\"vertical-align: inherit;\"><span dir=\"auto\" style=\"vertical-align: inherit;\">\u22653,2<\/span><\/span><\/span><\/span><\/p>\n<\/td>\n<\/tr>\n<tr>\n<td style=\"width: 211px;\" colspan=\"2\">\n<p style=\"margin-left: 5.85pt; text-align: center;\"><span style=\"vertical-align: inherit;\"><span style=\"vertical-align: inherit;\"><span dir=\"auto\" style=\"vertical-align: inherit;\"><span dir=\"auto\" style=\"vertical-align: inherit;\">Poids d&rsquo;exp\u00e9dition, g\/ml<\/span><\/span><\/span><\/span><\/p>\n<\/td>\n<td style=\"width: 191px;\">\n<p style=\"margin-left: 49.7pt; text-align: center;\"><span style=\"vertical-align: inherit;\"><span style=\"vertical-align: inherit;\"><span dir=\"auto\" style=\"vertical-align: inherit;\"><span dir=\"auto\" style=\"vertical-align: inherit;\">0,65-0,75<\/span><\/span><\/span><\/span><\/p>\n<\/td>\n<\/tr>\n<\/tbody>\n<\/table>\n<p>&nbsp;<\/td>\n<\/tr>\n<\/tbody>\n<\/table>\n","protected":false},"excerpt":{"rendered":"<p>Adsorbant macroporeux ZG SD300 avec un diam\u00e8tre de pores sp\u00e9cial 1. \u00a0Description : Hydrolite ZG SD330 est un adsorbant macroporeux avec un diam\u00e8tre de pores sp\u00e9cial ; il a une grande surface sp\u00e9cifique et des dimensions optimales par rapport aux adsorbants conventionnels, ce qui garantit une meilleure capacit\u00e9 d&rsquo;adsorption et un meilleur taux d&rsquo;\u00e9lution des&#8230;<\/p>\n","protected":false},"featured_media":1269,"comment_status":"closed","ping_status":"closed","template":"","meta":[],"product_cat":[506,623],"product_tag":[],"class_list":["post-4021","product","type-product","status-publish","has-post-thumbnail","hentry","product_cat-produits","product_cat-resines-courantes"],"_links":{"self":[{"href":"https:\/\/hydrolite.eu\/fr\/wp-json\/wp\/v2\/product\/4021","targetHints":{"allow":["GET"]}}],"collection":[{"href":"https:\/\/hydrolite.eu\/fr\/wp-json\/wp\/v2\/product"}],"about":[{"href":"https:\/\/hydrolite.eu\/fr\/wp-json\/wp\/v2\/types\/product"}],"replies":[{"embeddable":true,"href":"https:\/\/hydrolite.eu\/fr\/wp-json\/wp\/v2\/comments?post=4021"}],"wp:featuredmedia":[{"embeddable":true,"href":"https:\/\/hydrolite.eu\/fr\/wp-json\/wp\/v2\/media\/1269"}],"wp:attachment":[{"href":"https:\/\/hydrolite.eu\/fr\/wp-json\/wp\/v2\/media?parent=4021"}],"wp:term":[{"taxonomy":"product_cat","embeddable":true,"href":"https:\/\/hydrolite.eu\/fr\/wp-json\/wp\/v2\/product_cat?post=4021"},{"taxonomy":"product_tag","embeddable":true,"href":"https:\/\/hydrolite.eu\/fr\/wp-json\/wp\/v2\/product_tag?post=4021"}],"curies":[{"name":"wp","href":"https:\/\/api.w.org\/{rel}","templated":true}]}}