{"id":2743,"date":"2025-09-21T13:39:59","date_gmt":"2025-10-03T22:06:11","guid":{"rendered":"https:\/\/hydrolite.eu\/?post_type=product&#038;p=2743"},"modified":"2025-10-04T01:06:12","modified_gmt":"2025-10-03T22:06:12","slug":"resine-anionique-macroporeuse-zga451-a-base-faible","status":"publish","type":"product","link":"https:\/\/hydrolite.eu\/fr\/product\/resine-anionique-macroporeuse-zga451-a-base-faible\/","title":{"rendered":"R\u00e9sine anionique macroporeuse ZGA451 \u00e0 base faible"},"content":{"rendered":"<p><strong><span style=\"vertical-align: inherit;\"><span style=\"vertical-align: inherit;\"><span dir=\"auto\" style=\"vertical-align: inherit;\"><span dir=\"auto\" style=\"vertical-align: inherit;\">DESCRIPTION DU PRODUIT ZGA451\u00a0<\/span><\/span><\/span><\/span><\/strong><\/p>\n<p align=\"justify\"><span style=\"vertical-align: inherit;\"><span style=\"vertical-align: inherit;\"><span dir=\"auto\" style=\"vertical-align: inherit;\"><span dir=\"auto\" style=\"vertical-align: inherit;\">La ZGA451 est une r\u00e9sine \u00e9changeuse d&rsquo;anions macroporeuse, faiblement basique, \u00e0 structure styr\u00e8ne-DVB contenant des groupes amine tertiaire. Elle pr\u00e9sente une excellente cin\u00e9tique et une r\u00e9sistance accrue \u00e0 l&rsquo;oxydation et aux chocs osmotiques. Elle offre une efficacit\u00e9 de r\u00e9g\u00e9n\u00e9ration \u00e9lev\u00e9e avec une faible consommation de r\u00e9actifs, garantissant ainsi un rendement \u00e9lev\u00e9. Gr\u00e2ce \u00e0 sa structure macroporeuse, la ZGA451 \u00e9limine facilement les grosses mol\u00e9cules organiques et les \u00e9lue facilement. Elle est fournie sous forme de base libre.<\/span><\/span><\/span><\/span><\/p>\n<p><strong><span style=\"vertical-align: inherit;\"><span style=\"vertical-align: inherit;\"><span dir=\"auto\" style=\"vertical-align: inherit;\"><span dir=\"auto\" style=\"vertical-align: inherit;\">CARACT\u00c9RISTIQUES ET AVANTAGES<\/span><\/span><\/span><\/span><\/strong><\/p>\n<ul>\n<li><strong><span style=\"vertical-align: inherit;\"><span style=\"vertical-align: inherit;\"><span dir=\"auto\" style=\"vertical-align: inherit;\"><span dir=\"auto\" style=\"vertical-align: inherit;\">Granulom\u00e9trie fine :<\/span><\/span><\/span><\/span><\/strong><br \/>\n<span style=\"vertical-align: inherit;\"><span style=\"vertical-align: inherit;\"><span dir=\"auto\" style=\"vertical-align: inherit;\"><span dir=\"auto\" style=\"vertical-align: inherit;\"> 95 % de tous les granul\u00e9s se situent dans la plage sp\u00e9cifi\u00e9e, ce qui entra\u00eene une perte de charge plus faible et une excellente cin\u00e9tique.<\/span><\/span><\/span><\/span><\/li>\n<li><strong><span style=\"vertical-align: inherit;\"><span style=\"vertical-align: inherit;\"><span dir=\"auto\" style=\"vertical-align: inherit;\"><span dir=\"auto\" style=\"vertical-align: inherit;\">R\u00e9sistance \u00e0 la pollution organique<\/span><\/span><\/span><\/span><\/strong><br \/>\n<span style=\"vertical-align: inherit;\"><span style=\"vertical-align: inherit;\"><span dir=\"auto\" style=\"vertical-align: inherit;\"><span dir=\"auto\" style=\"vertical-align: inherit;\"> La fonctionnalit\u00e9 amine tertiaire du ZGA451 et sa structure macroporeuse offrent une efficacit\u00e9 de r\u00e9g\u00e9n\u00e9ration proche de 100 % et la capacit\u00e9 d&rsquo;adsorber de mani\u00e8re r\u00e9versible la mati\u00e8re organique naturelle.<\/span><\/span><\/span><\/span><\/li>\n<li><strong><span style=\"vertical-align: inherit;\"><span style=\"vertical-align: inherit;\"><span dir=\"auto\" style=\"vertical-align: inherit;\"><span dir=\"auto\" style=\"vertical-align: inherit;\">HAUTE STABILIT\u00c9 PHYSIQUE<\/span><\/span><\/span><\/span><\/strong><br \/>\n<span style=\"vertical-align: inherit;\"><span style=\"vertical-align: inherit;\"><span dir=\"auto\" style=\"vertical-align: inherit;\"><span dir=\"auto\" style=\"vertical-align: inherit;\"> Une sph\u00e9ricit\u00e9 de plus de 93 % combin\u00e9e \u00e0 une r\u00e9sistance \u00e0 l&rsquo;\u00e9crasement \u00e9lev\u00e9e et \u00e0 une granulom\u00e9trie uniforme offre une meilleure r\u00e9sistance \u00e0 la rupture des granul\u00e9s, ce qui se traduit par une dur\u00e9e de vie plus longue et une perte de charge plus faible.<\/span><\/span><\/span><\/span><\/li>\n<\/ul>\n<p><strong><span style=\"vertical-align: inherit;\"><span style=\"vertical-align: inherit;\"><span dir=\"auto\" style=\"vertical-align: inherit;\"><span dir=\"auto\" style=\"vertical-align: inherit;\">PROPRI\u00c9T\u00c9S PHYSIQUES ET CHIMIQUES<\/span><\/span><\/span><\/span><\/strong><\/p>\n<table border=\"1\" cellspacing=\"0\">\n<tbody>\n<tr>\n<td colspan=\"2\"><span style=\"vertical-align: inherit;\"><span style=\"vertical-align: inherit;\"><span dir=\"auto\" style=\"vertical-align: inherit;\"><span dir=\"auto\" style=\"vertical-align: inherit;\">Apparence<\/span><\/span><\/span><\/span><\/td>\n<td><span style=\"vertical-align: inherit;\"><span style=\"vertical-align: inherit;\"><span dir=\"auto\" style=\"vertical-align: inherit;\"><span dir=\"auto\" style=\"vertical-align: inherit;\">Granul\u00e9s sph\u00e9riques blancs \u00e0 jaune clair<\/span><\/span><\/span><\/span><\/td>\n<\/tr>\n<tr>\n<td colspan=\"2\"><span style=\"vertical-align: inherit;\"><span style=\"vertical-align: inherit;\"><span dir=\"auto\" style=\"vertical-align: inherit;\"><span dir=\"auto\" style=\"vertical-align: inherit;\">Matrice polym\u00e8re<\/span><\/span><\/span><\/span><\/td>\n<td><span dir=\"auto\" style=\"vertical-align: inherit;\"><span dir=\"auto\" style=\"vertical-align: inherit;\">Styr\u00e8ne &#8211; DVB<\/span><\/span><\/td>\n<\/tr>\n<tr>\n<td colspan=\"2\"><span dir=\"auto\" style=\"vertical-align: inherit;\"><span dir=\"auto\" style=\"vertical-align: inherit;\">Taper<\/span><\/span><\/td>\n<td><span style=\"vertical-align: inherit;\"><span style=\"vertical-align: inherit;\"><span dir=\"auto\" style=\"vertical-align: inherit;\"><span dir=\"auto\" style=\"vertical-align: inherit;\">Base faible macroporeuse de type I<\/span><\/span><\/span><\/span><\/td>\n<\/tr>\n<tr>\n<td colspan=\"2\"><span style=\"vertical-align: inherit;\"><span style=\"vertical-align: inherit;\"><span dir=\"auto\" style=\"vertical-align: inherit;\"><span dir=\"auto\" style=\"vertical-align: inherit;\">Groupe fonctionnel<\/span><\/span><\/span><\/span><\/td>\n<td><span style=\"vertical-align: inherit;\"><span style=\"vertical-align: inherit;\"><span dir=\"auto\" style=\"vertical-align: inherit;\"><span dir=\"auto\" style=\"vertical-align: inherit;\">P\u2014 <\/span><\/span><\/span><span style=\"vertical-align: inherit;\"><span dir=\"auto\" style=\"vertical-align: inherit;\"><span dir=\"auto\" style=\"vertical-align: inherit;\">H <\/span><\/span><\/span><sub><span style=\"vertical-align: inherit;\"><span dir=\"auto\" style=\"vertical-align: inherit;\"><span dir=\"auto\" style=\"vertical-align: inherit;\">( <\/span><\/span><\/span><\/sub><\/span><sub><span style=\"vertical-align: inherit;\"><span style=\"vertical-align: inherit;\"><span dir=\"auto\" style=\"vertical-align: inherit;\"><span dir=\"auto\" style=\"vertical-align: inherit;\">CH3<\/span><\/span><\/span><\/span><\/sub><span style=\"vertical-align: inherit;\"><span style=\"vertical-align: inherit;\"><span dir=\"auto\" style=\"vertical-align: inherit;\"><span dir=\"auto\" style=\"vertical-align: inherit;\"> ) <\/span><\/span><\/span><\/span><span dir=\"auto\" style=\"vertical-align: inherit;\"><span style=\"vertical-align: inherit;\"><span style=\"vertical-align: inherit;\"><span dir=\"auto\" style=\"vertical-align: inherit;\">2.H2O<\/span><\/span><\/span><\/span><\/td>\n<\/tr>\n<tr>\n<td colspan=\"2\"><span style=\"vertical-align: inherit;\"><span style=\"vertical-align: inherit;\"><span dir=\"auto\" style=\"vertical-align: inherit;\"><span dir=\"auto\" style=\"vertical-align: inherit;\">forme ionique<\/span><\/span><\/span><\/span><\/td>\n<td><span style=\"vertical-align: inherit;\"><span style=\"vertical-align: inherit;\"><span dir=\"auto\" style=\"vertical-align: inherit;\"><span dir=\"auto\" style=\"vertical-align: inherit;\">Base libre<\/span><\/span><\/span><\/span><\/td>\n<\/tr>\n<tr>\n<td colspan=\"2\"><span style=\"vertical-align: inherit;\"><span style=\"vertical-align: inherit;\"><span dir=\"auto\" style=\"vertical-align: inherit;\"><span dir=\"auto\" style=\"vertical-align: inherit;\">Teneur en humidit\u00e9, %<\/span><\/span><\/span><\/span><\/td>\n<td><span style=\"vertical-align: inherit;\"><span style=\"vertical-align: inherit;\"><span dir=\"auto\" style=\"vertical-align: inherit;\"><span dir=\"auto\" style=\"vertical-align: inherit;\">48-58<\/span><\/span><\/span><\/span><\/td>\n<\/tr>\n<tr>\n<td colspan=\"2\"><span style=\"vertical-align: inherit;\"><span style=\"vertical-align: inherit;\"><span dir=\"auto\" style=\"vertical-align: inherit;\"><span dir=\"auto\" style=\"vertical-align: inherit;\">Capacit\u00e9 volumique, mmol\/ml<\/span><\/span><\/span><\/span><\/td>\n<td><span style=\"vertical-align: inherit;\"><span style=\"vertical-align: inherit;\"><span dir=\"auto\" style=\"vertical-align: inherit;\"><span dir=\"auto\" style=\"vertical-align: inherit;\">\u2265 1,45<\/span><\/span><\/span><\/span><\/td>\n<\/tr>\n<tr>\n<td colspan=\"2\"><span style=\"vertical-align: inherit;\"><span style=\"vertical-align: inherit;\"><span dir=\"auto\" style=\"vertical-align: inherit;\"><span dir=\"auto\" style=\"vertical-align: inherit;\">Densit\u00e9 de transport, g\/ml<\/span><\/span><\/span><\/span><\/td>\n<td><span style=\"vertical-align: inherit;\"><span style=\"vertical-align: inherit;\"><span dir=\"auto\" style=\"vertical-align: inherit;\"><span dir=\"auto\" style=\"vertical-align: inherit;\">0,65\u20130,72<\/span><\/span><\/span><\/span><\/td>\n<\/tr>\n<tr>\n<td><span style=\"vertical-align: inherit;\"><span style=\"vertical-align: inherit;\"><span dir=\"auto\" style=\"vertical-align: inherit;\"><span dir=\"auto\" style=\"vertical-align: inherit;\">Densit\u00e9<\/span><\/span><\/span><\/span><\/td>\n<td><span style=\"vertical-align: inherit;\"><span style=\"vertical-align: inherit;\"><span dir=\"auto\" style=\"vertical-align: inherit;\"><span dir=\"auto\" style=\"vertical-align: inherit;\">g\/ml<\/span><\/span><\/span><\/span><\/td>\n<td><span style=\"vertical-align: inherit;\"><span style=\"vertical-align: inherit;\"><span dir=\"auto\" style=\"vertical-align: inherit;\"><span dir=\"auto\" style=\"vertical-align: inherit;\">1.03-1.06<\/span><\/span><\/span><\/span><\/td>\n<\/tr>\n<tr>\n<td colspan=\"2\"><span style=\"vertical-align: inherit;\"><span style=\"vertical-align: inherit;\"><span dir=\"auto\" style=\"vertical-align: inherit;\"><span dir=\"auto\" style=\"vertical-align: inherit;\">Composition granulom\u00e9trique (0,315-1,25 mm), %<\/span><\/span><\/span><\/span><\/td>\n<td><span style=\"vertical-align: inherit;\"><span style=\"vertical-align: inherit;\"><span dir=\"auto\" style=\"vertical-align: inherit;\"><span dir=\"auto\" style=\"vertical-align: inherit;\">\u2265 95<\/span><\/span><\/span><\/span><\/td>\n<\/tr>\n<\/tbody>\n<\/table>\n<p><strong><span style=\"vertical-align: inherit;\"><span style=\"vertical-align: inherit;\"><span dir=\"auto\" style=\"vertical-align: inherit;\"><span dir=\"auto\" style=\"vertical-align: inherit;\">CONDITIONS DE FONCTIONNEMENT RECOMMAND\u00c9ES<\/span><\/span><\/span><\/span><\/strong><\/p>\n<table border=\"1\" cellspacing=\"0\">\n<tbody>\n<tr>\n<td colspan=\"2\"><span style=\"vertical-align: inherit;\"><span style=\"vertical-align: inherit;\"><span dir=\"auto\" style=\"vertical-align: inherit;\"><span dir=\"auto\" style=\"vertical-align: inherit;\">plage de pH<\/span><\/span><\/span><\/span><\/td>\n<td><span style=\"vertical-align: inherit;\"><span style=\"vertical-align: inherit;\"><span dir=\"auto\" style=\"vertical-align: inherit;\"><span dir=\"auto\" style=\"vertical-align: inherit;\">1 \u2013 9<\/span><\/span><\/span><\/span><\/td>\n<\/tr>\n<tr>\n<td colspan=\"2\"><span style=\"vertical-align: inherit;\"><span style=\"vertical-align: inherit;\"><span dir=\"auto\" style=\"vertical-align: inherit;\"><span dir=\"auto\" style=\"vertical-align: inherit;\">Temp\u00e9rature maximale, \u00b0C<\/span><\/span><\/span><\/span><\/td>\n<td><span style=\"vertical-align: inherit;\"><span style=\"vertical-align: inherit;\"><span dir=\"auto\" style=\"vertical-align: inherit;\"><span dir=\"auto\" style=\"vertical-align: inherit;\">\u2264 100<\/span><\/span><\/span><\/span><\/td>\n<\/tr>\n<tr>\n<td colspan=\"2\"><span style=\"vertical-align: inherit;\"><span style=\"vertical-align: inherit;\"><span dir=\"auto\" style=\"vertical-align: inherit;\"><span dir=\"auto\" style=\"vertical-align: inherit;\">Capacit\u00e9 totale, mmol\/l<\/span><\/span><\/span><\/span><\/td>\n<td><span style=\"vertical-align: inherit;\"><span style=\"vertical-align: inherit;\"><span dir=\"auto\" style=\"vertical-align: inherit;\"><span dir=\"auto\" style=\"vertical-align: inherit;\">\u2265 950<\/span><\/span><\/span><\/span><\/td>\n<\/tr>\n<tr>\n<td colspan=\"2\"><span style=\"vertical-align: inherit;\"><span style=\"vertical-align: inherit;\"><span dir=\"auto\" style=\"vertical-align: inherit;\"><span dir=\"auto\" style=\"vertical-align: inherit;\">Hauteur de la couche, m<\/span><\/span><\/span><\/span><\/td>\n<td><span style=\"vertical-align: inherit;\"><span style=\"vertical-align: inherit;\"><span dir=\"auto\" style=\"vertical-align: inherit;\"><span dir=\"auto\" style=\"vertical-align: inherit;\">0,8 \u2013 3,0<\/span><\/span><\/span><\/span><\/td>\n<\/tr>\n<tr>\n<td colspan=\"2\"><span style=\"vertical-align: inherit;\"><span style=\"vertical-align: inherit;\"><span dir=\"auto\" style=\"vertical-align: inherit;\"><span dir=\"auto\" style=\"vertical-align: inherit;\">Solution de r\u00e9g\u00e9n\u00e9ration<\/span><\/span><\/span><\/span><\/td>\n<td><span style=\"vertical-align: inherit;\"><span style=\"vertical-align: inherit;\"><span dir=\"auto\" style=\"vertical-align: inherit;\"><span dir=\"auto\" style=\"vertical-align: inherit;\">NaOH<\/span><\/span><\/span><\/span><\/td>\n<\/tr>\n<tr>\n<td colspan=\"2\"><span style=\"vertical-align: inherit;\"><span style=\"vertical-align: inherit;\"><span dir=\"auto\" style=\"vertical-align: inherit;\"><span dir=\"auto\" style=\"vertical-align: inherit;\">Taux de r\u00e9g\u00e9n\u00e9ration, g\/mol<\/span><\/span><\/span><\/span><\/td>\n<td><span style=\"vertical-align: inherit;\"><span style=\"vertical-align: inherit;\"><span dir=\"auto\" style=\"vertical-align: inherit;\"><span dir=\"auto\" style=\"vertical-align: inherit;\">45-60<\/span><\/span><\/span><\/span><\/td>\n<\/tr>\n<tr>\n<td colspan=\"2\"><span style=\"vertical-align: inherit;\"><span style=\"vertical-align: inherit;\"><span dir=\"auto\" style=\"vertical-align: inherit;\"><span dir=\"auto\" style=\"vertical-align: inherit;\">Concentration de r\u00e9g\u00e9n\u00e9ration, %<\/span><\/span><\/span><\/span><\/td>\n<td><span style=\"vertical-align: inherit;\"><span style=\"vertical-align: inherit;\"><span dir=\"auto\" style=\"vertical-align: inherit;\"><span dir=\"auto\" style=\"vertical-align: inherit;\">1 &#8211; 4<\/span><\/span><\/span><\/span><\/td>\n<\/tr>\n<tr>\n<td colspan=\"2\"><span style=\"vertical-align: inherit;\"><span style=\"vertical-align: inherit;\"><span dir=\"auto\" style=\"vertical-align: inherit;\"><span dir=\"auto\" style=\"vertical-align: inherit;\">D\u00e9bit de r\u00e9g\u00e9n\u00e9ration, m\/h<\/span><\/span><\/span><\/span><\/td>\n<td><span style=\"vertical-align: inherit;\"><span style=\"vertical-align: inherit;\"><span dir=\"auto\" style=\"vertical-align: inherit;\"><span dir=\"auto\" style=\"vertical-align: inherit;\">2-10<\/span><\/span><\/span><\/span><\/td>\n<\/tr>\n<tr>\n<td colspan=\"2\"><span style=\"vertical-align: inherit;\"><span style=\"vertical-align: inherit;\"><span dir=\"auto\" style=\"vertical-align: inherit;\"><span dir=\"auto\" style=\"vertical-align: inherit;\">Temp\u00e9rature du r\u00e9g\u00e9n\u00e9rant<\/span><\/span><\/span><\/span><\/td>\n<td><span style=\"vertical-align: inherit;\"><span style=\"vertical-align: inherit;\"><span dir=\"auto\" style=\"vertical-align: inherit;\"><span dir=\"auto\" style=\"vertical-align: inherit;\">Temp\u00e9rature ambiante<\/span><\/span><\/span><\/span><\/td>\n<\/tr>\n<tr>\n<td colspan=\"2\"><span style=\"vertical-align: inherit;\"><span style=\"vertical-align: inherit;\"><span dir=\"auto\" style=\"vertical-align: inherit;\"><span dir=\"auto\" style=\"vertical-align: inherit;\">Temps de contact de r\u00e9g\u00e9n\u00e9ration, min<\/span><\/span><\/span><\/span><\/td>\n<td><span style=\"vertical-align: inherit;\"><span style=\"vertical-align: inherit;\"><span dir=\"auto\" style=\"vertical-align: inherit;\"><span dir=\"auto\" style=\"vertical-align: inherit;\">&gt; 30<\/span><\/span><\/span><\/span><\/td>\n<\/tr>\n<tr>\n<td colspan=\"2\"><span style=\"vertical-align: inherit;\"><span style=\"vertical-align: inherit;\"><span dir=\"auto\" style=\"vertical-align: inherit;\"><span dir=\"auto\" style=\"vertical-align: inherit;\">D\u00e9bit d&rsquo;\u00e9change, m\/h<\/span><\/span><\/span><\/span><\/td>\n<td><span style=\"vertical-align: inherit;\"><span style=\"vertical-align: inherit;\"><span dir=\"auto\" style=\"vertical-align: inherit;\"><span dir=\"auto\" style=\"vertical-align: inherit;\">3 &#8211; 6<\/span><\/span><\/span><\/span><\/td>\n<\/tr>\n<tr>\n<td colspan=\"2\"><span style=\"vertical-align: inherit;\"><span style=\"vertical-align: inherit;\"><span dir=\"auto\" style=\"vertical-align: inherit;\"><span dir=\"auto\" style=\"vertical-align: inherit;\">Temps d&rsquo;\u00e9change, min<\/span><\/span><\/span><\/span><\/td>\n<td><span style=\"vertical-align: inherit;\"><span style=\"vertical-align: inherit;\"><span dir=\"auto\" style=\"vertical-align: inherit;\"><span dir=\"auto\" style=\"vertical-align: inherit;\">20 &#8211; 30<\/span><\/span><\/span><\/span><\/td>\n<\/tr>\n<tr>\n<td colspan=\"2\"><span style=\"vertical-align: inherit;\"><span style=\"vertical-align: inherit;\"><span dir=\"auto\" style=\"vertical-align: inherit;\"><span dir=\"auto\" style=\"vertical-align: inherit;\">D\u00e9bit de chasse d&rsquo;eau, m\/h<\/span><\/span><\/span><\/span><\/td>\n<td><span style=\"vertical-align: inherit;\"><span style=\"vertical-align: inherit;\"><span dir=\"auto\" style=\"vertical-align: inherit;\"><span dir=\"auto\" style=\"vertical-align: inherit;\">20 &#8211; 30<\/span><\/span><\/span><\/span><\/td>\n<\/tr>\n<tr>\n<td colspan=\"2\"><span style=\"vertical-align: inherit;\"><span style=\"vertical-align: inherit;\"><span dir=\"auto\" style=\"vertical-align: inherit;\"><span dir=\"auto\" style=\"vertical-align: inherit;\">Temps de rin\u00e7age, min<\/span><\/span><\/span><\/span><\/td>\n<td><span style=\"vertical-align: inherit;\"><span style=\"vertical-align: inherit;\"><span dir=\"auto\" style=\"vertical-align: inherit;\"><span dir=\"auto\" style=\"vertical-align: inherit;\">10 &#8211; 20<\/span><\/span><\/span><\/span><\/td>\n<\/tr>\n<tr>\n<td colspan=\"2\"><span style=\"vertical-align: inherit;\"><span style=\"vertical-align: inherit;\"><span dir=\"auto\" style=\"vertical-align: inherit;\"><span dir=\"auto\" style=\"vertical-align: inherit;\">D\u00e9bit pendant le fonctionnement, m\/h<\/span><\/span><\/span><\/span><\/td>\n<td><span style=\"vertical-align: inherit;\"><span style=\"vertical-align: inherit;\"><span dir=\"auto\" style=\"vertical-align: inherit;\"><span dir=\"auto\" style=\"vertical-align: inherit;\">20 &#8211; 40<\/span><\/span><\/span><\/span><\/td>\n<\/tr>\n<\/tbody>\n<\/table>\n<p><strong><span style=\"vertical-align: inherit;\"><span style=\"vertical-align: inherit;\"><span dir=\"auto\" style=\"vertical-align: inherit;\"><span dir=\"auto\" style=\"vertical-align: inherit;\">APPLICATION<\/span><\/span><\/span><\/span><\/strong><\/p>\n<p><span style=\"vertical-align: inherit;\"><span style=\"vertical-align: inherit;\"><span dir=\"auto\" style=\"vertical-align: inherit;\"><span dir=\"auto\" style=\"vertical-align: inherit;\">La r\u00e9sine ZGA451 est utilis\u00e9e dans les syst\u00e8mes bicouches o\u00f9 les ions acides faibles (tels que l&rsquo;acide silicique et le dioxyde de carbone) ne doivent pas \u00eatre \u00e9limin\u00e9s. Son application principale est la production d&rsquo;eau pure et ultra-pure. Elle est \u00e9galement utilis\u00e9e pour traiter les eaux us\u00e9es contenant du chrome et d&rsquo;autres m\u00e9taux.<\/span><\/span><\/span><\/span><\/p>\n<p><span style=\"vertical-align: inherit;\"><span style=\"vertical-align: inherit;\"><span dir=\"auto\" style=\"vertical-align: inherit;\"><span dir=\"auto\" style=\"vertical-align: inherit;\">La s\u00e9rie ZGA451, associ\u00e9e \u00e0 des r\u00e9sines \u00e9changeuses d&rsquo;anions fortement basiques, est utilis\u00e9e dans le traitement de l&rsquo;eau, am\u00e9liorant les performances op\u00e9rationnelles et r\u00e9duisant les besoins de r\u00e9g\u00e9n\u00e9ration et de lavage \u00e0 contre-courant. Elle prot\u00e8ge \u00e9galement les r\u00e9sines \u00e9changeuses d&rsquo;anions fortement basiques de la contamination par des mol\u00e9cules organiques.<\/span><\/span><\/span><\/span><\/p>\n<p><span style=\"vertical-align: inherit;\"><span style=\"vertical-align: inherit;\"><span dir=\"auto\" style=\"vertical-align: inherit;\"><span dir=\"auto\" style=\"vertical-align: inherit;\">Le ZGA451 pr\u00e9sente une r\u00e9sistance chimique et physique \u00e9lev\u00e9e aux contraintes thermiques. Gr\u00e2ce \u00e0 ces caract\u00e9ristiques et \u00e0 la taille importante de ses pores, le ZGA451 est utilis\u00e9 dans de nombreux proc\u00e9d\u00e9s technologiques sp\u00e9cialis\u00e9s, notamment\u00a0:<\/span><\/span><\/span><\/span><\/p>\n<ul>\n<li><span style=\"vertical-align: inherit;\"><span style=\"vertical-align: inherit;\"><span dir=\"auto\" style=\"vertical-align: inherit;\"><span dir=\"auto\" style=\"vertical-align: inherit;\">\u00c9limination et s\u00e9paration des m\u00e9taux<\/span><\/span><\/span><\/span><\/li>\n<li><span style=\"vertical-align: inherit;\"><span style=\"vertical-align: inherit;\"><span dir=\"auto\" style=\"vertical-align: inherit;\"><span dir=\"auto\" style=\"vertical-align: inherit;\">Traitement des eaux us\u00e9es acides<\/span><\/span><\/span><\/span><\/li>\n<li><span style=\"vertical-align: inherit;\"><span style=\"vertical-align: inherit;\"><span dir=\"auto\" style=\"vertical-align: inherit;\"><span dir=\"auto\" style=\"vertical-align: inherit;\">Production pharmaceutique<\/span><\/span><\/span><\/span><\/li>\n<li><span style=\"vertical-align: inherit;\"><span style=\"vertical-align: inherit;\"><span dir=\"auto\" style=\"vertical-align: inherit;\"><span dir=\"auto\" style=\"vertical-align: inherit;\">Transformation du sucre de canne et du sirop de ma\u00efs<\/span><\/span><\/span><\/span><\/li>\n<\/ul>\n","protected":false},"excerpt":{"rendered":"<p>DESCRIPTION DU PRODUIT ZGA451\u00a0 La ZGA451 est une r\u00e9sine \u00e9changeuse d&rsquo;anions macroporeuse, faiblement basique, \u00e0 structure styr\u00e8ne-DVB contenant des groupes amine tertiaire. Elle pr\u00e9sente une excellente cin\u00e9tique et une r\u00e9sistance accrue \u00e0 l&rsquo;oxydation et aux chocs osmotiques. Elle offre une efficacit\u00e9 de r\u00e9g\u00e9n\u00e9ration \u00e9lev\u00e9e avec une faible consommation de r\u00e9actifs, garantissant ainsi un rendement \u00e9lev\u00e9&#8230;.<\/p>\n","protected":false},"featured_media":1269,"comment_status":"closed","ping_status":"closed","template":"","meta":[],"product_cat":[597,506],"product_tag":[],"class_list":["post-2743","product","type-product","status-publish","has-post-thumbnail","hentry","product_cat-adsorbants-macroporeux-fr","product_cat-produits"],"_links":{"self":[{"href":"https:\/\/hydrolite.eu\/fr\/wp-json\/wp\/v2\/product\/2743","targetHints":{"allow":["GET"]}}],"collection":[{"href":"https:\/\/hydrolite.eu\/fr\/wp-json\/wp\/v2\/product"}],"about":[{"href":"https:\/\/hydrolite.eu\/fr\/wp-json\/wp\/v2\/types\/product"}],"replies":[{"embeddable":true,"href":"https:\/\/hydrolite.eu\/fr\/wp-json\/wp\/v2\/comments?post=2743"}],"wp:featuredmedia":[{"embeddable":true,"href":"https:\/\/hydrolite.eu\/fr\/wp-json\/wp\/v2\/media\/1269"}],"wp:attachment":[{"href":"https:\/\/hydrolite.eu\/fr\/wp-json\/wp\/v2\/media?parent=2743"}],"wp:term":[{"taxonomy":"product_cat","embeddable":true,"href":"https:\/\/hydrolite.eu\/fr\/wp-json\/wp\/v2\/product_cat?post=2743"},{"taxonomy":"product_tag","embeddable":true,"href":"https:\/\/hydrolite.eu\/fr\/wp-json\/wp\/v2\/product_tag?post=2743"}],"curies":[{"name":"wp","href":"https:\/\/api.w.org\/{rel}","templated":true}]}}