{"id":2060,"date":"2025-09-21T13:39:30","date_gmt":"2025-09-27T14:30:39","guid":{"rendered":"https:\/\/hydrolite.eu\/?post_type=product&#038;p=2060"},"modified":"2025-09-27T17:30:39","modified_gmt":"2025-09-27T14:30:39","slug":"resine-echangeuse-de-cations-a-acide-fort-zgc107dq","status":"publish","type":"product","link":"https:\/\/hydrolite.eu\/fr\/product\/resine-echangeuse-de-cations-a-acide-fort-zgc107dq\/","title":{"rendered":"R\u00e9sine \u00e9changeuse de cations \u00e0 acide fort ZGC107DQ"},"content":{"rendered":"<table border=\"0\" width=\"100%\" cellspacing=\"1\" cellpadding=\"0\" align=\"center\" bgcolor=\"dee8f3\">\n<tbody>\n<tr>\n<td align=\"left\" bgcolor=\"054696\" width=\"70%\" height=\"50\">\n<div class=\"zzzzz1\" align=\"center\"><span style=\"vertical-align: inherit;\"><span class=\"\" style=\"vertical-align: inherit;\"><span dir=\"auto\" style=\"vertical-align: inherit;\"><span dir=\"auto\" style=\"vertical-align: inherit;\">R\u00e9sine \u00e9changeuse de cations \u00e0 acide fort ZGC107DQ<\/span><\/span><\/span><\/span><\/div>\n<\/td>\n<\/tr>\n<tr>\n<td style=\"padding: 20px;\" align=\"left\" bgcolor=\"#FFFFFF\"><span style=\"vertical-align: inherit;\"><span style=\"vertical-align: inherit;\"><span dir=\"auto\" style=\"vertical-align: inherit;\"><span dir=\"auto\" style=\"vertical-align: inherit;\">DESCRIPTION DU PRODUIT<\/span><\/span><\/span><\/span><span style=\"vertical-align: inherit;\"><span style=\"vertical-align: inherit;\"><span dir=\"auto\" style=\"vertical-align: inherit;\"><span dir=\"auto\" style=\"vertical-align: inherit;\">Zheng Guang est une r\u00e9sine \u00e9changeuse de cations \u00e0 base de billes de polystyr\u00e8ne sulfonate contenant 7 % de DVB. Elle pr\u00e9sente d&rsquo;excellentes propri\u00e9t\u00e9s physiques et chimiques, notamment une capacit\u00e9 de stockage et d&rsquo;exploitation \u00e9lev\u00e9e, une perte de charge r\u00e9duite et une bonne stabilit\u00e9 physique et chimique. Ce produit est disponible sous forme de sodium ou d&rsquo;hydrog\u00e8ne. La ZGC 107DQ est utilis\u00e9e dans tous les proc\u00e9d\u00e9s d&rsquo;adoucissement de l&rsquo;eau, notamment la d\u00e9salcalinisation, la d\u00e9min\u00e9ralisation, le traitement de l&rsquo;eau potable et ultrapure, l&rsquo;industrie pharmaceutique et la chimie. Elle est particuli\u00e8rement appr\u00e9ci\u00e9e dans l&rsquo;industrie agroalimentaire.<\/span><\/span><\/span><\/span><\/p>\n<p>&nbsp;<\/p>\n<p><span style=\"vertical-align: inherit;\"><span style=\"vertical-align: inherit;\"><span dir=\"auto\" style=\"vertical-align: inherit;\"><span dir=\"auto\" style=\"vertical-align: inherit;\">AVANTAGES ET B\u00c9N\u00c9FICES<\/span><\/span><\/span><\/span><\/p>\n<p><span style=\"vertical-align: inherit;\"><span style=\"vertical-align: inherit;\"><span dir=\"auto\" style=\"vertical-align: inherit;\"><span dir=\"auto\" style=\"vertical-align: inherit;\">\u25cf Conforme aux r\u00e9glementations de la FDA pour les applications d&rsquo;eau potable et aux normes NSF<\/span><\/span><\/span><\/span><\/p>\n<p><span style=\"vertical-align: inherit;\"><span style=\"vertical-align: inherit;\"><span dir=\"auto\" style=\"vertical-align: inherit;\"><span dir=\"auto\" style=\"vertical-align: inherit;\">\u25cf CONFORME AUX R\u00c8GLEMENTS DE L&rsquo;USDA POUR LES SYST\u00c8MES D&rsquo;EAU POTABLE<\/span><\/span><\/span><\/span><\/p>\n<p><span style=\"vertical-align: inherit;\"><span style=\"vertical-align: inherit;\"><span dir=\"auto\" style=\"vertical-align: inherit;\"><span dir=\"auto\" style=\"vertical-align: inherit;\">Conforme aux normes d\u2019utilisation dans les syst\u00e8mes fonctionnant dans le cadre du programme f\u00e9d\u00e9ral d\u2019inspection des viandes et de la volaille.<\/span><\/span><\/span><\/span><\/p>\n<p><span style=\"vertical-align: inherit;\"><span style=\"vertical-align: inherit;\"><span dir=\"auto\" style=\"vertical-align: inherit;\"><span dir=\"auto\" style=\"vertical-align: inherit;\">\u25cf TAILLE DE PI\u00c8CE UNIFORME, PERTE DE PRESSION PLUS FAIBLE<\/span><\/span><\/span><\/span><\/p>\n<p><span style=\"vertical-align: inherit;\"><span style=\"vertical-align: inherit;\"><span dir=\"auto\" style=\"vertical-align: inherit;\"><span dir=\"auto\" style=\"vertical-align: inherit;\">95 % des billes ont une taille comprise entre 16 et 45 mesh, ce qui r\u00e9duit la perte de charge.<\/span><\/span><\/span><\/span><\/p>\n<p><span style=\"vertical-align: inherit;\"><span style=\"vertical-align: inherit;\"><span dir=\"auto\" style=\"vertical-align: inherit;\"><span dir=\"auto\" style=\"vertical-align: inherit;\">\u25cf HAUTE STABILIT\u00c9 CHIMIQUE ET PHYSIQUE<\/span><\/span><\/span><\/span><\/p>\n<p><span style=\"vertical-align: inherit;\"><span style=\"vertical-align: inherit;\"><span dir=\"auto\" style=\"vertical-align: inherit;\"><span dir=\"auto\" style=\"vertical-align: inherit;\">La sph\u00e9ricit\u00e9 \u00e9lev\u00e9e et la r\u00e9sistance \u00e9lev\u00e9e \u00e0 la rupture, associ\u00e9es \u00e0 une granulom\u00e9trie tr\u00e8s uniforme, offrent une r\u00e9sistance \u00e9lev\u00e9e \u00e0 la rupture des billes.<\/span><\/span><\/span><\/span><\/p>\n<p>&nbsp;<\/p>\n<p><span style=\"vertical-align: inherit;\"><span style=\"vertical-align: inherit;\"><span dir=\"auto\" style=\"vertical-align: inherit;\"><span dir=\"auto\" style=\"vertical-align: inherit;\">PROPRI\u00c9T\u00c9S PHYSIQUES ET CHIMIQUES<\/span><\/span><\/span><\/span><\/p>\n<div>\n<table style=\"width: 569px;\" border=\"1\" cellspacing=\"0\">\n<tbody>\n<tr>\n<td style=\"width: 283px;\" colspan=\"2\">\n<p style=\"margin-left: 76.0500pt;\"><span style=\"vertical-align: inherit;\"><span style=\"vertical-align: inherit;\"><span dir=\"auto\" style=\"vertical-align: inherit;\"><span dir=\"auto\" style=\"vertical-align: inherit;\">Apparence<\/span><\/span><\/span><\/span><\/p>\n<\/td>\n<td style=\"width: 285px;\" colspan=\"2\">\n<p style=\"margin-left: 55.7000pt;\"><span style=\"vertical-align: inherit;\"><span style=\"vertical-align: inherit;\"><span dir=\"auto\" style=\"vertical-align: inherit;\"><span dir=\"auto\" style=\"vertical-align: inherit;\">Boules sph\u00e9riques transparentes<\/span><\/span><\/span><\/span><\/p>\n<\/td>\n<\/tr>\n<tr>\n<td style=\"width: 283px;\" colspan=\"2\">\n<p style=\"margin-left: 6.1500pt;\"><span style=\"vertical-align: inherit;\"><span style=\"vertical-align: inherit;\"><span dir=\"auto\" style=\"vertical-align: inherit;\"><span dir=\"auto\" style=\"vertical-align: inherit;\">Structure du polym\u00e8re<\/span><\/span><\/span><\/span><\/p>\n<\/td>\n<td style=\"width: 285px;\" colspan=\"2\">\n<p style=\"margin-left: 72.1000pt;\"><span dir=\"auto\" style=\"vertical-align: inherit;\"><span dir=\"auto\" style=\"vertical-align: inherit;\">Stirol-DVB<\/span><\/span><\/p>\n<\/td>\n<\/tr>\n<tr>\n<td style=\"width: 283px;\" colspan=\"2\">\n<p style=\"margin-left: 5.6000pt;\"><span dir=\"auto\" style=\"vertical-align: inherit;\"><span dir=\"auto\" style=\"vertical-align: inherit;\">Taper<\/span><\/span><\/p>\n<\/td>\n<td style=\"width: 285px;\" colspan=\"2\">\n<p style=\"margin-left: 69.1500pt;\"><span dir=\"auto\" style=\"vertical-align: inherit;\"><span dir=\"auto\" style=\"vertical-align: inherit;\">Le gel est tr\u00e8s acide<\/span><\/span><\/p>\n<\/td>\n<\/tr>\n<tr>\n<td style=\"width: 283px;\" colspan=\"2\">\n<p style=\"margin-left: 6.1500pt;\"><span style=\"vertical-align: inherit;\"><span style=\"vertical-align: inherit;\"><span dir=\"auto\" style=\"vertical-align: inherit;\"><span dir=\"auto\" style=\"vertical-align: inherit;\">Groupe fonctionnel<\/span><\/span><\/span><\/span><\/p>\n<\/td>\n<td style=\"width: 285px;\" colspan=\"2\">\n<p style=\"margin-left: 77.9000pt;\"><span style=\"vertical-align: inherit;\"><span style=\"vertical-align: inherit;\"><span dir=\"auto\" style=\"vertical-align: inherit;\"><span dir=\"auto\" style=\"vertical-align: inherit;\">P\u2014(SO3)-\u041c+<\/span><\/span><\/span><\/span><\/p>\n<\/td>\n<\/tr>\n<tr>\n<td style=\"width: 283px;\" colspan=\"2\">\n<p style=\"margin-left: 6.1000pt;\"><span style=\"vertical-align: inherit;\"><span style=\"vertical-align: inherit;\"><span dir=\"auto\" style=\"vertical-align: inherit;\"><span dir=\"auto\" style=\"vertical-align: inherit;\">forme ionique<\/span><\/span><\/span><\/span><\/p>\n<\/td>\n<td style=\"width: 156px;\">\n<p style=\"margin-left: 50.3000pt;\"><span style=\"vertical-align: inherit;\"><span style=\"vertical-align: inherit;\"><span dir=\"auto\" style=\"vertical-align: inherit;\"><span dir=\"auto\" style=\"vertical-align: inherit;\">Na+<\/span><\/span><\/span><\/span><\/p>\n<\/td>\n<td style=\"width: 130px;\">\n<p style=\"margin-left: 43.3000pt;\"><span style=\"vertical-align: inherit;\"><span style=\"vertical-align: inherit;\"><span dir=\"auto\" style=\"vertical-align: inherit;\"><span dir=\"auto\" style=\"vertical-align: inherit;\">H+<\/span><\/span><\/span><\/span><\/p>\n<\/td>\n<\/tr>\n<tr>\n<td style=\"width: 283px;\" colspan=\"2\">\n<p style=\"margin-left: 6.1000pt;\"><span style=\"vertical-align: inherit;\"><span style=\"vertical-align: inherit;\"><span dir=\"auto\" style=\"vertical-align: inherit;\"><span dir=\"auto\" style=\"vertical-align: inherit;\">Humidit\u00e9 %<\/span><\/span><\/span><\/span><\/p>\n<\/td>\n<td style=\"width: 156px;\">\n<p style=\"margin-left: 44.8000pt;\"><span style=\"vertical-align: inherit;\"><span style=\"vertical-align: inherit;\"><span dir=\"auto\" style=\"vertical-align: inherit;\"><span dir=\"auto\" style=\"vertical-align: inherit;\">45 &#8211; 50<\/span><\/span><\/span><\/span><\/p>\n<\/td>\n<td style=\"width: 130px;\">\n<p style=\"margin-left: 35.2000pt;\"><span style=\"vertical-align: inherit;\"><span style=\"vertical-align: inherit;\"><span dir=\"auto\" style=\"vertical-align: inherit;\"><span dir=\"auto\" style=\"vertical-align: inherit;\">51 &#8211; 56<\/span><\/span><\/span><\/span><\/p>\n<\/td>\n<\/tr>\n<tr>\n<td style=\"width: 283px;\" colspan=\"2\">\n<p style=\"margin-left: 5.8500pt;\"><span style=\"vertical-align: inherit;\"><span style=\"vertical-align: inherit;\"><span dir=\"auto\" style=\"vertical-align: inherit;\"><span dir=\"auto\" style=\"vertical-align: inherit;\">Capacit\u00e9 en mmol\/ml<\/span><\/span><\/span><\/span><\/p>\n<\/td>\n<td style=\"width: 156px;\">\n<p style=\"margin-left: 46.9500pt;\"><span style=\"vertical-align: inherit;\"><span style=\"vertical-align: inherit;\"><span dir=\"auto\" style=\"vertical-align: inherit;\"><span dir=\"auto\" style=\"vertical-align: inherit;\">\u2265 1,9<\/span><\/span><\/span><\/span><\/p>\n<\/td>\n<td style=\"width: 130px;\">\n<p style=\"margin-left: 34.0500pt;\"><span style=\"vertical-align: inherit;\"><span style=\"vertical-align: inherit;\"><span dir=\"auto\" style=\"vertical-align: inherit;\"><span dir=\"auto\" style=\"vertical-align: inherit;\">\u2265 1,75<\/span><\/span><\/span><\/span><\/p>\n<\/td>\n<\/tr>\n<tr>\n<td style=\"width: 283px;\" colspan=\"2\">\n<p style=\"margin-left: 5.7500pt;\"><span style=\"vertical-align: inherit;\"><span style=\"vertical-align: inherit;\"><span dir=\"auto\" style=\"vertical-align: inherit;\"><span dir=\"auto\" style=\"vertical-align: inherit;\">Poids d&rsquo;exp\u00e9dition g\/ml<\/span><\/span><\/span><\/span><\/p>\n<\/td>\n<td style=\"width: 156px;\">\n<p style=\"margin-left: 33.9000pt;\"><span style=\"vertical-align: inherit;\"><span style=\"vertical-align: inherit;\"><span dir=\"auto\" style=\"vertical-align: inherit;\"><span dir=\"auto\" style=\"vertical-align: inherit;\">0,77\u2013 0,87<\/span><\/span><\/span><\/span><\/p>\n<\/td>\n<td style=\"width: 130px;\">\n<p style=\"margin-left: 24.0000pt;\"><span style=\"vertical-align: inherit;\"><span style=\"vertical-align: inherit;\"><span dir=\"auto\" style=\"vertical-align: inherit;\"><span dir=\"auto\" style=\"vertical-align: inherit;\">0,73\u2013 0,83<\/span><\/span><\/span><\/span><\/p>\n<\/td>\n<\/tr>\n<tr>\n<td style=\"width: 136px;\">\n<p style=\"margin-left: 6.1500pt;\"><span style=\"vertical-align: inherit;\"><span style=\"vertical-align: inherit;\"><span dir=\"auto\" style=\"vertical-align: inherit;\"><span dir=\"auto\" style=\"vertical-align: inherit;\">Densit\u00e9<\/span><\/span><\/span><\/span><\/p>\n<\/td>\n<td style=\"width: 148px;\">\n<p style=\"margin-left: 58.0000pt;\"><span style=\"vertical-align: inherit;\"><span style=\"vertical-align: inherit;\"><span dir=\"auto\" style=\"vertical-align: inherit;\"><span dir=\"auto\" style=\"vertical-align: inherit;\">g\/ml<\/span><\/span><\/span><\/span><\/p>\n<\/td>\n<td style=\"width: 156px;\">\n<p style=\"margin-left: 34.3000pt;\"><span style=\"vertical-align: inherit;\"><span style=\"vertical-align: inherit;\"><span dir=\"auto\" style=\"vertical-align: inherit;\"><span dir=\"auto\" style=\"vertical-align: inherit;\">1,25\u2013 1,29<\/span><\/span><\/span><\/span><\/p>\n<\/td>\n<td style=\"width: 130px;\">\n<p style=\"margin-left: 24.4000pt;\"><span style=\"vertical-align: inherit;\"><span style=\"vertical-align: inherit;\"><span dir=\"auto\" style=\"vertical-align: inherit;\"><span dir=\"auto\" style=\"vertical-align: inherit;\">1.17\u2013 1.22<\/span><\/span><\/span><\/span><\/p>\n<\/td>\n<\/tr>\n<tr>\n<td style=\"width: 283px;\" colspan=\"2\">\n<p style=\"margin-left: 5.8500pt;\"><span style=\"vertical-align: inherit;\"><span style=\"vertical-align: inherit;\"><span dir=\"auto\" style=\"vertical-align: inherit;\"><span dir=\"auto\" style=\"vertical-align: inherit;\">Granulom\u00e9trie (0,315-1,25 mm) %<\/span><\/span><\/span><\/span><\/p>\n<\/td>\n<td style=\"width: 285px;\" colspan=\"2\">\n<p style=\"margin-left: 96.9000pt;\"><span style=\"vertical-align: inherit;\"><span style=\"vertical-align: inherit;\"><span dir=\"auto\" style=\"vertical-align: inherit;\"><span dir=\"auto\" style=\"vertical-align: inherit;\">\u2265 95<\/span><\/span><\/span><\/span><\/p>\n<\/td>\n<\/tr>\n<\/tbody>\n<\/table>\n<\/div>\n<div>\n<table style=\"width: 569px;\" border=\"1\" cellspacing=\"0\">\n<tbody>\n<tr>\n<td style=\"width: 283px;\">\n<p style=\"margin-left: 6.1500pt;\"><span style=\"vertical-align: inherit;\"><span style=\"vertical-align: inherit;\"><span dir=\"auto\" style=\"vertical-align: inherit;\"><span dir=\"auto\" style=\"vertical-align: inherit;\">Plage de granulom\u00e9trie efficace mm<\/span><\/span><\/span><\/span><\/p>\n<\/td>\n<td style=\"width: 285px;\">\n<p style=\"margin-left: 80.9500pt;\"><span style=\"vertical-align: inherit;\"><span style=\"vertical-align: inherit;\"><span dir=\"auto\" style=\"vertical-align: inherit;\"><span dir=\"auto\" style=\"vertical-align: inherit;\">0,40 \u2013 0,60<\/span><\/span><\/span><\/span><\/p>\n<\/td>\n<\/tr>\n<tr>\n<td style=\"width: 283px;\">\n<p style=\"margin-left: 6.1500pt;\"><span style=\"vertical-align: inherit;\"><span style=\"vertical-align: inherit;\"><span dir=\"auto\" style=\"vertical-align: inherit;\"><span dir=\"auto\" style=\"vertical-align: inherit;\">Coefficient d&rsquo;homog\u00e9n\u00e9it\u00e9<\/span><\/span><\/span><\/span><\/p>\n<\/td>\n<td style=\"width: 285px;\">\n<p style=\"margin-left: 80.0000pt;\"><span style=\"vertical-align: inherit;\"><span style=\"vertical-align: inherit;\"><span dir=\"auto\" style=\"vertical-align: inherit;\"><span dir=\"auto\" style=\"vertical-align: inherit;\">1.2\u20131.3<\/span><\/span><\/span><\/span><\/p>\n<\/td>\n<\/tr>\n<tr>\n<td style=\"width: 283px;\">\n<p style=\"margin-left: 6.1500pt;\"><span style=\"vertical-align: inherit;\"><span style=\"vertical-align: inherit;\"><span dir=\"auto\" style=\"vertical-align: inherit;\"><span dir=\"auto\" style=\"vertical-align: inherit;\">Surface m2\/ml<\/span><\/span><\/span><\/span><\/p>\n<\/td>\n<td style=\"width: 285px;\">\n<p style=\"margin-left: 80.0000pt;\"><span style=\"vertical-align: inherit;\"><span style=\"vertical-align: inherit;\"><span dir=\"auto\" style=\"vertical-align: inherit;\"><span dir=\"auto\" style=\"vertical-align: inherit;\">\u2265 250<\/span><\/span><\/span><\/span><\/p>\n<\/td>\n<\/tr>\n<tr>\n<td style=\"width: 283px;\">\n<p style=\"margin-left: 6.1500pt;\"><span style=\"vertical-align: inherit;\"><span style=\"vertical-align: inherit;\"><span dir=\"auto\" style=\"vertical-align: inherit;\"><span dir=\"auto\" style=\"vertical-align: inherit;\">Temp\u00e9rature de fonctionnement \u00b0C<\/span><\/span><\/span><\/span><\/p>\n<\/td>\n<td style=\"width: 285px;\">\n<p style=\"margin-left: 80.9500pt;\"><span style=\"color: #000000;\"><span style=\"vertical-align: inherit;\"><span style=\"vertical-align: inherit;\"><span dir=\"auto\" style=\"vertical-align: inherit;\"><span dir=\"auto\" style=\"vertical-align: inherit;\">80<\/span><\/span><\/span><\/span><\/span><\/p>\n<\/td>\n<\/tr>\n<\/tbody>\n<\/table>\n<\/div>\n<p>&nbsp;<\/p>\n<p><span style=\"vertical-align: inherit;\"><span style=\"vertical-align: inherit;\"><span dir=\"auto\" style=\"vertical-align: inherit;\"><span dir=\"auto\" style=\"vertical-align: inherit;\">NOTE<\/span><\/span><\/span><\/span><\/p>\n<p><span style=\"vertical-align: inherit;\"><span style=\"vertical-align: inherit;\"><span dir=\"auto\" style=\"vertical-align: inherit;\"><span dir=\"auto\" style=\"vertical-align: inherit;\">1. Les valeurs ci-dessus sont typiques et peuvent varier en fonction des conditions de fonctionnement.<\/span><\/span><\/span><\/span><\/p>\n<p><span style=\"vertical-align: inherit;\"><span style=\"vertical-align: inherit;\"><span dir=\"auto\" style=\"vertical-align: inherit;\"><span dir=\"auto\" style=\"vertical-align: inherit;\">2. Utilisez toujours la r\u00e9sine conform\u00e9ment aux instructions recommand\u00e9es.<\/span><\/span><\/span><\/span><\/td>\n<\/tr>\n<\/tbody>\n<\/table>\n","protected":false},"excerpt":{"rendered":"<p>R\u00e9sine \u00e9changeuse de cations \u00e0 acide fort ZGC107DQ DESCRIPTION DU PRODUITZheng Guang est une r\u00e9sine \u00e9changeuse de cations \u00e0 base de billes de polystyr\u00e8ne sulfonate contenant 7 % de DVB. Elle pr\u00e9sente d&rsquo;excellentes propri\u00e9t\u00e9s physiques et chimiques, notamment une capacit\u00e9 de stockage et d&rsquo;exploitation \u00e9lev\u00e9e, une perte de charge r\u00e9duite et une bonne stabilit\u00e9 physique&#8230;<\/p>\n","protected":false},"featured_media":1269,"comment_status":"closed","ping_status":"closed","template":"","meta":[],"product_cat":[519],"product_tag":[],"class_list":["post-2060","product","type-product","status-publish","has-post-thumbnail","hentry","product_cat-resines-acryliques"],"_links":{"self":[{"href":"https:\/\/hydrolite.eu\/fr\/wp-json\/wp\/v2\/product\/2060","targetHints":{"allow":["GET"]}}],"collection":[{"href":"https:\/\/hydrolite.eu\/fr\/wp-json\/wp\/v2\/product"}],"about":[{"href":"https:\/\/hydrolite.eu\/fr\/wp-json\/wp\/v2\/types\/product"}],"replies":[{"embeddable":true,"href":"https:\/\/hydrolite.eu\/fr\/wp-json\/wp\/v2\/comments?post=2060"}],"wp:featuredmedia":[{"embeddable":true,"href":"https:\/\/hydrolite.eu\/fr\/wp-json\/wp\/v2\/media\/1269"}],"wp:attachment":[{"href":"https:\/\/hydrolite.eu\/fr\/wp-json\/wp\/v2\/media?parent=2060"}],"wp:term":[{"taxonomy":"product_cat","embeddable":true,"href":"https:\/\/hydrolite.eu\/fr\/wp-json\/wp\/v2\/product_cat?post=2060"},{"taxonomy":"product_tag","embeddable":true,"href":"https:\/\/hydrolite.eu\/fr\/wp-json\/wp\/v2\/product_tag?post=2060"}],"curies":[{"name":"wp","href":"https:\/\/api.w.org\/{rel}","templated":true}]}}