{"id":575,"date":"2022-02-22T02:12:05","date_gmt":"2022-02-21T23:12:05","guid":{"rendered":"https:\/\/hydrolite.eu\/about-us\/"},"modified":"2023-07-11T22:10:42","modified_gmt":"2023-07-11T19:10:42","slug":"compagnie","status":"publish","type":"page","link":"https:\/\/hydrolite.eu\/fr\/compagnie\/","title":{"rendered":"Compagnie"},"content":{"rendered":"\t<div id=\"gap-30320945\" class=\"gap-element clearfix\" style=\"display:block; height:auto;\">\n\t\t\n<style>\n#gap-30320945 {\n  padding-top: 30px;\n}\n<\/style>\n\t<\/div>\n\t\n<div class=\"row row-large row-full-width\"  id=\"row-1547211045\">\n\n\t<div id=\"col-1772794286\" class=\"col medium-8 small-12 large-8\"  >\n\t\t<div class=\"col-inner\"  >\n\t\t\t\n\t\t\t\n<h2 class=\"uppercase\"><span style=\"vertical-align: inherit;\"><span style=\"vertical-align: inherit;\">\u00c0 propos de nous<\/span><\/span><\/h2>\n<h3>Ce site est le site d&rsquo;un revendeur europ\u00e9en, EuroEcoTech Company (Allemagne).<\/h3>\n<p><span style=\"vertical-align: inherit;\"><span style=\"vertical-align: inherit;\">R\u00e9sines \u00e9changeuses d&rsquo;ions TM NIDROLIGHT compagnie &#8211; Produit innovant et moderne.<\/span><\/span><\/p>\n<p><span style=\"vertical-align: inherit;\"><span style=\"vertical-align: inherit;\">Notre fabricant Ningbo Zhengguang Resin Co., Ltd. <\/span><span style=\"vertical-align: inherit;\">est la base de production en propri\u00e9t\u00e9 exclusive de Zhejiang Zhengguang Industrial Co., Ltd. \u00ab\u00a0Zhengguang\u00a0\u00bb est l&rsquo;une des soci\u00e9t\u00e9s chinoises les plus influentes de fabrication et d&rsquo;application de<a href=\"https:\/\/hydrolite.eu\/shop\/\"> r\u00e9sine \u00e9changeuse d&rsquo;ions<\/a>. <\/span><span style=\"vertical-align: inherit;\">Il a \u00e9t\u00e9 d\u00e9couvert en octobre 1969 et compte plus de 43 ans d&rsquo;exp\u00e9rience dans la recherche, le d\u00e9veloppement et la fabrication de r\u00e9sines \u00e9changeuses d&rsquo;ions. <\/span><span style=\"vertical-align: inherit;\">Zhengguang est \u00e9galement vice-pr\u00e9sident du China Ion Exchange Resin Committee et membre de la WQA.<\/span><\/span><\/p>\n<p><span style=\"vertical-align: inherit;\"><span style=\"vertical-align: inherit;\">Ningbo Zhengguang Resin CO., Ltd est situ\u00e9 dans la ZONE DE D\u00c9VELOPPEMENT \u00c9CONOMIQUE P\u00c9TROCHIMIQUE DE NINGBO. <\/span><span style=\"vertical-align: inherit;\">La zone de planification totale de la zone est de 56,22 kilom\u00e8tres carr\u00e9s et a \u00e9t\u00e9 officiellement approuv\u00e9e par le Conseil d&rsquo;\u00c9tat chinois en tant que zone de d\u00e9veloppement national le 30 d\u00e9cembre 2011. La ZONE DE D\u00c9VELOPPEMENT \u00c9CONOMIQUE P\u00c9TROCHIMIQUE DE NINGBO poss\u00e8de le plus grand quai de produits chimiques liquides du pays, les plus grandes entreprises de raffinage p\u00e9trochimique du pays Zhenhai Raffinage et de nombreuses entreprises chimiques. <\/span><span style=\"vertical-align: inherit;\">Ces entreprises chimiques offrent une approche pratique pour acheter des mati\u00e8res premi\u00e8res, et en m\u00eame temps, le port voisin de BEILUN offre \u00e9galement des conditions pratiques pour l&rsquo;importation et l&rsquo;exportation de mati\u00e8res premi\u00e8res et de produits.<\/span><\/span><\/p>\n<p><span style=\"vertical-align: inherit;\"><span style=\"vertical-align: inherit;\">Ningbo Zhengguang Resin Co., Ltd commence la c\u00e9r\u00e9monie d&rsquo;inauguration des travaux en novembre 2007 et commence la production d&rsquo;essais en septembre 2010. \u00c0 la fin de 2011, Ningbo Zhengguang Resin Co., Ltd s&rsquo;est tourn\u00e9e vers la production normale et a obtenu la licence de production s\u00fbre, passe l&rsquo;acceptation de l&rsquo;inspection des installations de protection de l&rsquo;environnement.<\/span><\/span><\/p>\n\t\t<\/div>\n\t\t\t<\/div>\n\n\t\n\n\t<div id=\"col-1281565441\" class=\"col medium-4 small-12 large-4 small-col-first\"  >\n\t\t<div class=\"col-inner\"  >\n\t\t\t\n\t\t\t\n\t<div class=\"img has-hover x md-x lg-x y md-y lg-y\" id=\"image_1287868604\">\n\t\t\t\t\t\t\t\t<div class=\"img-inner dark\" >\n\t\t\t<img loading=\"lazy\" decoding=\"async\" width=\"1254\" height=\"841\" src=\"https:\/\/hydrolite.eu\/wp-content\/uploads\/2022\/05\/outside-of-workshop.jpg\" class=\"attachment-original size-original\" alt=\"hydrolite\" srcset=\"https:\/\/hydrolite.eu\/wp-content\/uploads\/2022\/05\/outside-of-workshop.jpg 1254w, https:\/\/hydrolite.eu\/wp-content\/uploads\/2022\/05\/outside-of-workshop-300x201.jpg 300w, https:\/\/hydrolite.eu\/wp-content\/uploads\/2022\/05\/outside-of-workshop-1024x687.jpg 1024w, https:\/\/hydrolite.eu\/wp-content\/uploads\/2022\/05\/outside-of-workshop-200x134.jpg 200w, https:\/\/hydrolite.eu\/wp-content\/uploads\/2022\/05\/outside-of-workshop-400x268.jpg 400w\" sizes=\"auto, (max-width: 1254px) 100vw, 1254px\" \/>\t\t\t\t\t\t\n\t\t\t\t\t<\/div>\n\t\t\t\t\t\t\t\t\n<style>\n#image_1287868604 {\n  width: 100%;\n}\n<\/style>\n\t<\/div>\n\t\n\t<div class=\"img has-hover x md-x lg-x y md-y lg-y\" id=\"image_395460594\">\n\t\t\t\t\t\t\t\t<div class=\"img-inner dark\" >\n\t\t\t<img loading=\"lazy\" decoding=\"async\" width=\"1502\" height=\"973\" src=\"https:\/\/hydrolite.eu\/wp-content\/uploads\/2022\/05\/material-farm.jpg\" class=\"attachment-original size-original\" alt=\"Company\" srcset=\"https:\/\/hydrolite.eu\/wp-content\/uploads\/2022\/05\/material-farm.jpg 1502w, https:\/\/hydrolite.eu\/wp-content\/uploads\/2022\/05\/material-farm-300x194.jpg 300w, https:\/\/hydrolite.eu\/wp-content\/uploads\/2022\/05\/material-farm-1024x663.jpg 1024w, https:\/\/hydrolite.eu\/wp-content\/uploads\/2022\/05\/material-farm-200x130.jpg 200w, https:\/\/hydrolite.eu\/wp-content\/uploads\/2022\/05\/material-farm-400x259.jpg 400w\" sizes=\"auto, (max-width: 1502px) 100vw, 1502px\" \/>\t\t\t\t\t\t\n\t\t\t\t\t<\/div>\n\t\t\t\t\t\t\t\t\n<style>\n#image_395460594 {\n  width: 100%;\n}\n<\/style>\n\t<\/div>\n\t\n\t\t<\/div>\n\t\t\t<\/div>\n\n\t\n<\/div>\n<div class=\"row row-large row-full-width\"  id=\"row-173785359\">\n\n\t<div id=\"col-398541241\" class=\"col medium-4 small-12 large-4\"  >\n\t\t<div class=\"col-inner\"  >\n\t\t\t\n\t\t\t\n\t<div class=\"img has-hover x md-x lg-x y md-y lg-y\" id=\"image_315295135\">\n\t\t\t\t\t\t\t\t<div class=\"img-inner dark\" >\n\t\t\t<img loading=\"lazy\" decoding=\"async\" width=\"1020\" height=\"639\" src=\"https:\/\/hydrolite.eu\/wp-content\/uploads\/2022\/05\/workshop-1-1024x642.jpg\" class=\"attachment-large size-large\" alt=\"hydrolite\" srcset=\"https:\/\/hydrolite.eu\/wp-content\/uploads\/2022\/05\/workshop-1-1024x642.jpg 1024w, https:\/\/hydrolite.eu\/wp-content\/uploads\/2022\/05\/workshop-1-300x188.jpg 300w, https:\/\/hydrolite.eu\/wp-content\/uploads\/2022\/05\/workshop-1-200x125.jpg 200w, https:\/\/hydrolite.eu\/wp-content\/uploads\/2022\/05\/workshop-1-400x251.jpg 400w, https:\/\/hydrolite.eu\/wp-content\/uploads\/2022\/05\/workshop-1.jpg 1502w\" sizes=\"auto, (max-width: 1020px) 100vw, 1020px\" \/>\t\t\t\t\t\t\n\t\t\t\t\t<\/div>\n\t\t\t\t\t\t\t\t\n<style>\n#image_315295135 {\n  width: 100%;\n}\n<\/style>\n\t<\/div>\n\t\n\t<div class=\"img has-hover x md-x lg-x y md-y lg-y\" id=\"image_142634831\">\n\t\t\t\t\t\t\t\t<div class=\"img-inner dark\" >\n\t\t\t<img loading=\"lazy\" decoding=\"async\" width=\"1020\" height=\"680\" src=\"https:\/\/hydrolite.eu\/wp-content\/uploads\/2022\/05\/part-of-qc-1024x683.jpg\" class=\"attachment-large size-large\" alt=\"hydrolite\" srcset=\"https:\/\/hydrolite.eu\/wp-content\/uploads\/2022\/05\/part-of-qc-1024x683.jpg 1024w, https:\/\/hydrolite.eu\/wp-content\/uploads\/2022\/05\/part-of-qc-300x200.jpg 300w, https:\/\/hydrolite.eu\/wp-content\/uploads\/2022\/05\/part-of-qc-200x133.jpg 200w, https:\/\/hydrolite.eu\/wp-content\/uploads\/2022\/05\/part-of-qc-400x267.jpg 400w, https:\/\/hydrolite.eu\/wp-content\/uploads\/2022\/05\/part-of-qc.jpg 1180w\" sizes=\"auto, (max-width: 1020px) 100vw, 1020px\" \/>\t\t\t\t\t\t\n\t\t\t\t\t<\/div>\n\t\t\t\t\t\t\t\t\n<style>\n#image_142634831 {\n  width: 100%;\n}\n<\/style>\n\t<\/div>\n\t\n\t\t<\/div>\n\t\t\t<\/div>\n\n\t\n\n\t<div id=\"col-5110771\" class=\"col medium-8 small-12 large-8\"  >\n\t\t<div class=\"col-inner\"  >\n\t\t\t\n\t\t\t\n<p class=\"thin-font\"><span style=\"vertical-align: inherit;\"><span style=\"vertical-align: inherit;\">\u00a0\u00ab\u00a0Zhengguang\u00a0\u00bb \u0441ompagnie est sp\u00e9cialis\u00e9e dans la production de r\u00e9sine \u00e9changeuse d&rsquo;ions, de milieu de s\u00e9paration biochimique et d&rsquo;adsorbants macroporeux. <\/span><span style=\"vertical-align: inherit;\">La r\u00e9sine \u00e9changeuse d&rsquo;ions a quatre s\u00e9ries principales de produits, comme la s\u00e9rie styr\u00e8ne, la s\u00e9rie acide acrylique, la s\u00e9rie ph\u00e9nol ald\u00e9hyde et la s\u00e9rie anneau-oxyg\u00e8ne. <\/span><span style=\"vertical-align: inherit;\">Le milieu de s\u00e9paration biochimique comprend des milieux de chromatographie \u00e9changeuse d&rsquo;ions, des milieux de chromatographie \u00e0 interaction hydrophobe, des milieux de chromatographie d&rsquo;affinit\u00e9, des milieux de chromatographie sur gel et des interm\u00e9diaires activ\u00e9s, cinq types pr\u00e8s de cent vari\u00e9t\u00e9s. <\/span><span style=\"vertical-align: inherit;\">Les adsorbants macroporeux comprennent des sorbants non polaires, des sorbants mod\u00e9r\u00e9ment polaires et polaires, trois types pr\u00e8s de dizaines de vari\u00e9t\u00e9s. <\/span><span style=\"vertical-align: inherit;\">Les marques d\u00e9pos\u00e9es sont \u00ab Zhengguang \u00bb et \u00ab Hydorlite \u00bb.<\/span><\/span><\/p>\n<p><span style=\"vertical-align: inherit;\"><span style=\"vertical-align: inherit;\">\u00a0\u00ab\u00a0Zhengguang\u00a0\u00bb \u0441ompagnie jouit d&rsquo;une grande r\u00e9putation aupr\u00e8s des clients et de la m\u00eame industrie gr\u00e2ce \u00e0 son excellente qualit\u00e9 de produit, sa technologie de pointe et ses services techniques sinc\u00e8res. <\/span><span style=\"vertical-align: inherit;\">\u00ab\u00a0Zhengguang\u00a0\u00bb a un certain nombre de produits sont l&rsquo;initiative nationale chinoise, et a obtenu \u00ab\u00a0Certificat de Nation New Key Product\u00a0\u00bb, \u00ab\u00a0Certificate of Technology Innovation Fund\u00a0\u00bb, \u00ab\u00a0National Torch Plan\u00a0\u00bb, \u00ab\u00a0China Electric Power Science and Technology Award\u00a0\u00bb, \u00a0\u00bb Brevets de mod\u00e8le d&rsquo;utilit\u00e9 \u00bb, \u00ab Brevet d&rsquo;invention \u00bb, etc. <\/span><span style=\"vertical-align: inherit;\">Pour ces prix, Zhengguang a remport\u00e9 la d\u00e9signation \u00ab\u00a0soutien de l&rsquo;entreprise de haute technologie cl\u00e9 nationale\u00a0\u00bb, \u00ab\u00a0Entreprise de haute technologie de la <a href=\"https:\/\/en.wikipedia.org\/wiki\/Zhejiang\" target=\"_blank\" rel=\"noopener\">province du Zhejiang et<\/a>\u00ab\u00a0<\/span><\/span><\/p>\n<p><span style=\"vertical-align: inherit;\"><span class=\"\" style=\"vertical-align: inherit;\">Les r\u00e9sines \u00e9changeuses d&rsquo;ions de marque \u00abZhengguang\u00bb et de marque \u00abHydrolite\u00bb \u0441ompagnie sont d\u00e9sormais vendues dans toutes les provinces et r\u00e9gions de l&rsquo;\u00e9nergie \u00e9lectrique, de l&rsquo;\u00e9lectronique, de l&rsquo;\u00e9nergie nucl\u00e9aire, des produits chimiques, de l&rsquo;industrie l\u00e9g\u00e8re, des produits pharmaceutiques, de l&rsquo;industrie alimentaire, des boissons, de la m\u00e9tallurgie et de l&rsquo;utilisation environnementale en Chine, il \u00e9galement vendu aux pays d&rsquo;am\u00e9rique, d&rsquo;europe, d&rsquo;afrique et d&rsquo;asie du sud-est. <\/span><span style=\"vertical-align: inherit;\">Les r\u00e9sines de marque \u00ab\u00a0Zhengguang\u00a0\u00bb jouent un r\u00f4le important avec ses excellentes performances dans le traitement de l&rsquo;eau d&rsquo;alimentation et de condensation de la chaudi\u00e8re, le traitement de l&rsquo;eau du circuit primaire et du circuit secondaire de la centrale nucl\u00e9aire, l&rsquo;eau industrielle et l&rsquo;eau ultrapure de qualit\u00e9 \u00e9lectronique, les domaines de l&rsquo;alimentation et de la m\u00e9decine et de la biochimie. , ont un grand nombre de performances d&rsquo;utilisation dans le monde entier.<\/span><\/span><\/p>\n\t\t<\/div>\n\t\t\t<\/div>\n\n\t\n<\/div>\n<div class=\"row row-large row-full-width\"  id=\"row-1779135737\">\n\n\t<div id=\"col-1347170060\" class=\"col medium-4 small-12 large-4\"  >\n\t\t<div class=\"col-inner\"  >\n\t\t\t\n\t\t\t\n<div role=\"form\" class=\"wpcf7\" id=\"wpcf7-f754-o1\" lang=\"ru-RU\" dir=\"ltr\">\n<div class=\"screen-reader-response\"><p role=\"status\" aria-live=\"polite\" aria-atomic=\"true\"><\/p> <ul><\/ul><\/div>\n<form action=\"\/fr\/wp-json\/wp\/v2\/pages\/575#wpcf7-f754-o1\" method=\"post\" class=\"wpcf7-form init\" novalidate=\"novalidate\" data-status=\"init\">\n<div style=\"display: none;\">\n<input type=\"hidden\" name=\"_wpcf7\" value=\"754\" \/>\n<input type=\"hidden\" name=\"_wpcf7_version\" value=\"5.5.5\" \/>\n<input type=\"hidden\" name=\"_wpcf7_locale\" value=\"ru_RU\" \/>\n<input type=\"hidden\" name=\"_wpcf7_unit_tag\" value=\"wpcf7-f754-o1\" \/>\n<input type=\"hidden\" name=\"_wpcf7_container_post\" value=\"0\" \/>\n<input type=\"hidden\" name=\"_wpcf7_posted_data_hash\" value=\"\" \/>\n<\/div>\n<div class=\"form-flat\">\n<span class=\"wpcf7-form-control-wrap your-name\"><input type=\"text\" name=\"your-name\" value=\"\" size=\"40\" class=\"wpcf7-form-control wpcf7-text wpcf7-validates-as-required\" aria-required=\"true\" aria-invalid=\"false\" placeholder=\"Votre nom\" \/><\/span><\/p>\n<p><span class=\"wpcf7-form-control-wrap tel-640\"><input type=\"tel\" name=\"tel-640\" value=\"\" size=\"40\" class=\"wpcf7-form-control wpcf7-text wpcf7-tel wpcf7-validates-as-required wpcf7-validates-as-tel\" aria-required=\"true\" aria-invalid=\"false\" placeholder=\"T\u00e9l\u00e9phoner\" \/><\/span><\/p>\n<p><span class=\"wpcf7-form-control-wrap your-email\"><input type=\"email\" name=\"your-email\" value=\"\" size=\"40\" class=\"wpcf7-form-control wpcf7-text wpcf7-email wpcf7-validates-as-required wpcf7-validates-as-email\" aria-required=\"true\" aria-invalid=\"false\" placeholder=\"Votre e-mail\" \/><\/span> <\/p>\n<p><span class=\"wpcf7-form-control-wrap your-message\"><textarea name=\"your-message\" cols=\"40\" rows=\"10\" class=\"wpcf7-form-control wpcf7-textarea\" aria-invalid=\"false\" placeholder=\"Votre message\"><\/textarea><\/span> <\/p>\n<p><input type=\"submit\" value=\"Soumettre\" class=\"wpcf7-form-control has-spinner wpcf7-submit button\" \/>\n<\/p><\/div>\n<div class=\"wpcf7-response-output\" aria-hidden=\"true\"><\/div><\/form><\/div>\n\t\t<\/div>\n\t\t\t<\/div>\n\n\t\n\n\t<div id=\"col-1666942573\" class=\"col medium-8 small-12 large-8\"  >\n\t\t<div class=\"col-inner\"  >\n\t\t\t\n\t\t\t\n\t<div id=\"text-1290334421\" class=\"text\">\n\t\t\n<h2 class=\"uppercase\">Voulez-vous travailler avec nous?<\/h2>\n\t\t\n<style>\n#text-1290334421 {\n  text-align: center;\n}\n<\/style>\n\t<\/div>\n\t\n<p class=\"lead\">Envoyez-nous simplement un message.<\/p>\n\t\t<\/div>\n\t\t\t<\/div>\n\n\t\n<\/div>\n","protected":false},"excerpt":{"rendered":"","protected":false},"author":1,"featured_media":345,"parent":0,"menu_order":0,"comment_status":"closed","ping_status":"closed","template":"page-blank.php","meta":{"footnotes":""},"class_list":["post-575","page","type-page","status-publish","has-post-thumbnail","hentry"],"_links":{"self":[{"href":"https:\/\/hydrolite.eu\/fr\/wp-json\/wp\/v2\/pages\/575","targetHints":{"allow":["GET"]}}],"collection":[{"href":"https:\/\/hydrolite.eu\/fr\/wp-json\/wp\/v2\/pages"}],"about":[{"href":"https:\/\/hydrolite.eu\/fr\/wp-json\/wp\/v2\/types\/page"}],"author":[{"embeddable":true,"href":"https:\/\/hydrolite.eu\/fr\/wp-json\/wp\/v2\/users\/1"}],"replies":[{"embeddable":true,"href":"https:\/\/hydrolite.eu\/fr\/wp-json\/wp\/v2\/comments?post=575"}],"version-history":[{"count":12,"href":"https:\/\/hydrolite.eu\/fr\/wp-json\/wp\/v2\/pages\/575\/revisions"}],"predecessor-version":[{"id":765,"href":"https:\/\/hydrolite.eu\/fr\/wp-json\/wp\/v2\/pages\/575\/revisions\/765"}],"wp:featuredmedia":[{"embeddable":true,"href":"https:\/\/hydrolite.eu\/fr\/wp-json\/wp\/v2\/media\/345"}],"wp:attachment":[{"href":"https:\/\/hydrolite.eu\/fr\/wp-json\/wp\/v2\/media?parent=575"}],"curies":[{"name":"wp","href":"https:\/\/api.w.org\/{rel}","templated":true}]}}