{"id":6294,"date":"2025-11-23T01:01:20","date_gmt":"2025-11-22T22:01:20","guid":{"rendered":"https:\/\/hydrolite.eu\/?post_type=product&#038;p=6294"},"modified":"2025-11-23T01:03:01","modified_gmt":"2025-11-22T22:03:01","slug":"zgd750-polystyreeni-makrohuokoinen-vahvaemaksinen-anioninvaihtohartsi-tyyppi-i-kloridimuoto","status":"publish","type":"product","link":"https:\/\/hydrolite.eu\/fi\/product\/zgd750-polystyreeni-makrohuokoinen-vahvaemaksinen-anioninvaihtohartsi-tyyppi-i-kloridimuoto\/","title":{"rendered":"ZGD750 Polystyreeni, makrohuokoinen, vahvaem\u00e4ksinen anioninvaihtohartsi, tyyppi I, kloridimuoto"},"content":{"rendered":"<h2 align=\"center\"><strong class=\"proname\"><span style=\"vertical-align: inherit;\"><span style=\"vertical-align: inherit;\"><span dir=\"auto\" style=\"vertical-align: inherit;\"><span dir=\"auto\" style=\"vertical-align: inherit;\">ZGD750 Polystyreeni, makrohuokoinen, <\/span><\/span><br \/>\n<span dir=\"auto\" style=\"vertical-align: inherit;\"><span dir=\"auto\" style=\"vertical-align: inherit;\">vahvaem\u00e4ksinen anioninvaihtohartsi <\/span><\/span><br \/>\n<span dir=\"auto\" style=\"vertical-align: inherit;\"><span dir=\"auto\" style=\"vertical-align: inherit;\">, tyyppi I, kloridimuoto<\/span><\/span><br \/>\n<\/span><\/span><\/strong><\/h2>\n<p>&nbsp;<\/p>\n<div class=\"xxx\">\n<p><strong><span style=\"vertical-align: inherit;\"><span style=\"vertical-align: inherit;\"><span dir=\"auto\" style=\"vertical-align: inherit;\"><span dir=\"auto\" style=\"vertical-align: inherit;\">1. Johdanto:<\/span><\/span><\/span><\/span><\/strong><\/p>\n<p><span style=\"vertical-align: inherit;\"><span style=\"vertical-align: inherit;\"><span dir=\"auto\" style=\"vertical-align: inherit;\"><span dir=\"auto\" style=\"vertical-align: inherit;\">Hydrolite ZGD750 on makrohuokoinen, vahvasti em\u00e4ksinen styreenipohjainen anioninvaihtohartsi. <\/span><\/span><\/span><span style=\"vertical-align: inherit;\"><span dir=\"auto\" style=\"vertical-align: inherit;\"><span dir=\"auto\" style=\"vertical-align: inherit;\">Se poistaa tehokkaasti suurimolekyylipainoisia orgaanisia yhdisteit\u00e4 ja sek\u00e4 negatiivisesti varautuneita ett\u00e4 s\u00e4hk\u00f6isesti neutraaleja orgaanisia v\u00e4riaineita. <\/span><\/span><\/span><span style=\"vertical-align: inherit;\"><span dir=\"auto\" style=\"vertical-align: inherit;\"><span dir=\"auto\" style=\"vertical-align: inherit;\">Se soveltuu erityisen hyvin t\u00e4rkkelyssokerien v\u00e4rinpoistoon korkean vaihtonopeudensa ja erinomaisen adsorptiokykyns\u00e4 ansiosta. Lis\u00e4ksi sill\u00e4 on korkea v\u00e4rinpoistokyky ja vahvat likaantumisenesto-ominaisuudet. <\/span><\/span><\/span><span style=\"vertical-align: inherit;\"><span dir=\"auto\" style=\"vertical-align: inherit;\"><span dir=\"auto\" style=\"vertical-align: inherit;\">Sen sopiva huokoskoko ja huokostilavuus antavat ZGD750:lle suhteellisen suuren ominaispinta-alan, mik\u00e4 parantaa adsorptiokyky\u00e4 ja likaantumisenesto-ominaisuuksia.<\/span><\/span><\/span><\/span><\/p>\n<p><strong><span style=\"vertical-align: inherit;\"><span style=\"vertical-align: inherit;\"><span dir=\"auto\" style=\"vertical-align: inherit;\"><span dir=\"auto\" style=\"vertical-align: inherit;\">2. Fysikaaliset ja kemialliset ominaisuudet:<\/span><\/span><\/span><\/span><\/strong><\/p>\n<table border=\"1\" width=\"80%\" align=\"center\">\n<tbody>\n<tr>\n<td align=\"center\" valign=\"center\" width=\"252\"><span dir=\"auto\" style=\"vertical-align: inherit;\"><span dir=\"auto\" style=\"vertical-align: inherit;\">PARAMETRIT<\/span><\/span><\/td>\n<td align=\"center\" valign=\"center\" width=\"252\"><span style=\"vertical-align: inherit;\"><span style=\"vertical-align: inherit;\"><span dir=\"auto\" style=\"vertical-align: inherit;\"><span dir=\"auto\" style=\"vertical-align: inherit;\">Indikaattori<\/span><\/span><\/span><\/span><\/td>\n<\/tr>\n<tr>\n<td align=\"center\" valign=\"center\" width=\"252\"><span style=\"vertical-align: inherit;\"><span style=\"vertical-align: inherit;\"><span dir=\"auto\" style=\"vertical-align: inherit;\"><span dir=\"auto\" style=\"vertical-align: inherit;\">Ulkon\u00e4k\u00f6<\/span><\/span><\/span><\/span><\/td>\n<td align=\"center\" valign=\"center\" width=\"252\"><span style=\"vertical-align: inherit;\"><span style=\"vertical-align: inherit;\"><span dir=\"auto\" style=\"vertical-align: inherit;\"><span dir=\"auto\" style=\"vertical-align: inherit;\">Maitovalkoiset helmet<\/span><\/span><\/span><\/span><\/td>\n<\/tr>\n<tr>\n<td align=\"center\" valign=\"center\" width=\"252\"><span style=\"vertical-align: inherit;\"><span style=\"vertical-align: inherit;\"><span dir=\"auto\" style=\"vertical-align: inherit;\"><span dir=\"auto\" style=\"vertical-align: inherit;\">Matriisi<\/span><\/span><\/span><\/span><\/td>\n<td align=\"center\" valign=\"top\" width=\"252\"><span style=\"vertical-align: inherit;\"><span style=\"vertical-align: inherit;\"><span dir=\"auto\" style=\"vertical-align: inherit;\"><span dir=\"auto\" style=\"vertical-align: inherit;\">styreeni<\/span><\/span><\/span><\/span><\/td>\n<\/tr>\n<tr>\n<td align=\"center\" valign=\"center\" width=\"252\"><span style=\"vertical-align: inherit;\"><span style=\"vertical-align: inherit;\"><span dir=\"auto\" style=\"vertical-align: inherit;\"><span dir=\"auto\" style=\"vertical-align: inherit;\">Ioninen muoto<\/span><\/span><\/span><\/span><\/td>\n<td align=\"center\" valign=\"top\" width=\"252\"><span style=\"vertical-align: inherit;\"><span style=\"vertical-align: inherit;\"><span dir=\"auto\" style=\"vertical-align: inherit;\"><span dir=\"auto\" style=\"vertical-align: inherit;\">CL+<\/span><\/span><\/span><\/span><\/td>\n<\/tr>\n<tr>\n<td align=\"center\" valign=\"center\" width=\"252\"><span style=\"vertical-align: inherit;\"><span style=\"vertical-align: inherit;\"><span dir=\"auto\" style=\"vertical-align: inherit;\"><span dir=\"auto\" style=\"vertical-align: inherit;\">Kosteuspitoisuus %<\/span><\/span><\/span><\/span><\/td>\n<td align=\"center\" valign=\"center\" width=\"252\"><span dir=\"auto\" style=\"vertical-align: inherit;\"><span dir=\"auto\" style=\"vertical-align: inherit;\">62,0 ~ 70,0<\/span><\/span><\/td>\n<\/tr>\n<tr>\n<td align=\"center\" valign=\"center\" width=\"252\"><span style=\"vertical-align: inherit;\"><span style=\"vertical-align: inherit;\"><span dir=\"auto\" style=\"vertical-align: inherit;\"><span dir=\"auto\" style=\"vertical-align: inherit;\">Tilavuudesta riippuva kapasiteetti, mmol\/ml<\/span><\/span><\/span><\/span><\/td>\n<td align=\"center\" valign=\"center\" width=\"252\"><span dir=\"auto\" style=\"vertical-align: inherit;\"><span dir=\"auto\" style=\"vertical-align: inherit;\">\u2265 0,80<\/span><\/span><\/td>\n<\/tr>\n<tr>\n<td align=\"center\" valign=\"center\" width=\"252\"><span style=\"vertical-align: inherit;\"><span style=\"vertical-align: inherit;\"><span dir=\"auto\" style=\"vertical-align: inherit;\"><span dir=\"auto\" style=\"vertical-align: inherit;\">Paino pakkauksessa g\/ml<\/span><\/span><\/span><\/span><\/td>\n<td align=\"center\" valign=\"center\" width=\"252\"><span dir=\"auto\" style=\"vertical-align: inherit;\"><span dir=\"auto\" style=\"vertical-align: inherit;\">0,66 ~ 0,72<\/span><\/span><\/td>\n<\/tr>\n<tr>\n<td align=\"center\" valign=\"center\" width=\"252\"><span style=\"vertical-align: inherit;\"><span style=\"vertical-align: inherit;\"><span dir=\"auto\" style=\"vertical-align: inherit;\"><span dir=\"auto\" style=\"vertical-align: inherit;\">Todellinen tiheys (m\u00e4rk\u00e4n\u00e4) g\/ml<\/span><\/span><\/span><\/span><\/td>\n<td align=\"center\" valign=\"center\" width=\"252\"><span dir=\"auto\" style=\"vertical-align: inherit;\"><span dir=\"auto\" style=\"vertical-align: inherit;\">1,04 ~ 1,10<\/span><\/span><\/td>\n<\/tr>\n<tr>\n<td align=\"center\" valign=\"center\" width=\"252\"><span style=\"vertical-align: inherit;\"><span style=\"vertical-align: inherit;\"><span dir=\"auto\" style=\"vertical-align: inherit;\"><span dir=\"auto\" style=\"vertical-align: inherit;\">Hiukkaskokoalue %<\/span><\/span><\/span><\/span><\/td>\n<td align=\"center\" valign=\"center\" width=\"252\"><span style=\"vertical-align: inherit;\"><span style=\"vertical-align: inherit;\"><span dir=\"auto\" style=\"vertical-align: inherit;\"><span dir=\"auto\" style=\"vertical-align: inherit;\">(0,45\u20131,25 mm) \u2265 95,0<\/span><\/span><\/span><\/span><\/td>\n<\/tr>\n<tr>\n<td align=\"center\" valign=\"center\" width=\"252\"><span style=\"vertical-align: inherit;\"><span style=\"vertical-align: inherit;\"><span dir=\"auto\" style=\"vertical-align: inherit;\"><span dir=\"auto\" style=\"vertical-align: inherit;\">Matala rajoitettu %<\/span><\/span><\/span><\/span><\/td>\n<td align=\"center\" valign=\"center\" width=\"252\"><span style=\"vertical-align: inherit;\"><span style=\"vertical-align: inherit;\"><span dir=\"auto\" style=\"vertical-align: inherit;\"><span dir=\"auto\" style=\"vertical-align: inherit;\">(&lt;0,45 mm) \u2264 1,0<\/span><\/span><\/span><\/span><\/td>\n<\/tr>\n<tr>\n<td align=\"center\" valign=\"center\" width=\"252\"><span style=\"vertical-align: inherit;\"><span style=\"vertical-align: inherit;\"><span dir=\"auto\" style=\"vertical-align: inherit;\"><span dir=\"auto\" style=\"vertical-align: inherit;\">Yksitt\u00e4inen kerroin<\/span><\/span><\/span><\/span><\/td>\n<td align=\"center\" valign=\"center\" width=\"252\"><span dir=\"auto\" style=\"vertical-align: inherit;\"><span dir=\"auto\" style=\"vertical-align: inherit;\">\u2264 1,60<\/span><\/span><\/td>\n<\/tr>\n<tr>\n<td align=\"center\" valign=\"center\" width=\"252\"><span style=\"vertical-align: inherit;\"><span style=\"vertical-align: inherit;\"><span dir=\"auto\" style=\"vertical-align: inherit;\"><span dir=\"auto\" style=\"vertical-align: inherit;\">Kiinte\u00e4t helmet %<\/span><\/span><\/span><\/span><\/td>\n<td align=\"center\" valign=\"center\" width=\"252\"><span dir=\"auto\" style=\"vertical-align: inherit;\"><span dir=\"auto\" style=\"vertical-align: inherit;\">\u2265 95,0<\/span><\/span><\/td>\n<\/tr>\n<\/tbody>\n<\/table>\n<p><strong><span style=\"vertical-align: inherit;\"><span style=\"vertical-align: inherit;\"><span dir=\"auto\" style=\"vertical-align: inherit;\"><span dir=\"auto\" style=\"vertical-align: inherit;\">3. Linkki:<\/span><\/span><\/span><\/span><\/strong><\/p>\n<table border=\"1\" width=\"80%\" align=\"center\">\n<tbody>\n<tr>\n<td align=\"center\" valign=\"center\" width=\"264\"><span dir=\"auto\" style=\"vertical-align: inherit;\"><span dir=\"auto\" style=\"vertical-align: inherit;\">PARAMETRIT<\/span><\/span><\/td>\n<td align=\"center\" valign=\"center\" width=\"228\"><span style=\"vertical-align: inherit;\"><span style=\"vertical-align: inherit;\"><span dir=\"auto\" style=\"vertical-align: inherit;\"><span dir=\"auto\" style=\"vertical-align: inherit;\">Viite<\/span><\/span><\/span><\/span><\/td>\n<\/tr>\n<tr>\n<td align=\"center\" valign=\"center\" width=\"264\"><span style=\"vertical-align: inherit;\"><span style=\"vertical-align: inherit;\"><span dir=\"auto\" style=\"vertical-align: inherit;\"><span dir=\"auto\" style=\"vertical-align: inherit;\">L\u00e4mp\u00f6tila \u00b0C<\/span><\/span><\/span><\/span><\/td>\n<td align=\"center\" valign=\"center\" width=\"228\"><span style=\"vertical-align: inherit;\"><span style=\"vertical-align: inherit;\"><span dir=\"auto\" style=\"vertical-align: inherit;\"><span dir=\"auto\" style=\"vertical-align: inherit;\">\u2264 80 (CL)<\/span><\/span><\/span><\/span><\/td>\n<\/tr>\n<tr>\n<td align=\"center\" valign=\"center\" width=\"264\"><span style=\"vertical-align: inherit;\"><span style=\"vertical-align: inherit;\"><span dir=\"auto\" style=\"vertical-align: inherit;\"><span dir=\"auto\" style=\"vertical-align: inherit;\">S\u00e4ngyn korkeus mm<\/span><\/span><\/span><\/span><\/td>\n<td align=\"center\" valign=\"center\" width=\"228\"><span dir=\"auto\" style=\"vertical-align: inherit;\"><span dir=\"auto\" style=\"vertical-align: inherit;\">\u2265 700<\/span><\/span><\/td>\n<\/tr>\n<tr>\n<td align=\"center\" valign=\"center\" width=\"264\"><span style=\"vertical-align: inherit;\"><span style=\"vertical-align: inherit;\"><span dir=\"auto\" style=\"vertical-align: inherit;\"><span dir=\"auto\" style=\"vertical-align: inherit;\">Joustava vastavirtahuuhtelunopeus %<\/span><\/span><\/span><\/span><\/td>\n<td align=\"center\" valign=\"center\" width=\"228\"><span dir=\"auto\" style=\"vertical-align: inherit;\"><span dir=\"auto\" style=\"vertical-align: inherit;\">50 ~ 75<\/span><\/span><\/td>\n<\/tr>\n<tr>\n<td align=\"center\" valign=\"center\" width=\"264\"><span style=\"vertical-align: inherit;\"><span style=\"vertical-align: inherit;\"><span dir=\"auto\" style=\"vertical-align: inherit;\"><span dir=\"auto\" style=\"vertical-align: inherit;\">K\u00e4ytt\u00f6virtausnopeus BV\/h<\/span><\/span><\/span><\/span><\/td>\n<td align=\"center\" valign=\"center\" width=\"228\"><span dir=\"auto\" style=\"vertical-align: inherit;\"><span dir=\"auto\" style=\"vertical-align: inherit;\">5 ~ 10<\/span><\/span><\/td>\n<\/tr>\n<\/tbody>\n<\/table>\n<p><strong><span style=\"vertical-align: inherit;\"><span style=\"vertical-align: inherit;\"><span dir=\"auto\" style=\"vertical-align: inherit;\"><span dir=\"auto\" style=\"vertical-align: inherit;\">4. K\u00e4ytt\u00f6ohje<\/span><\/span><\/span><\/span><\/strong><\/p>\n<table border=\"1\" width=\"80%\" align=\"center\">\n<tbody>\n<tr>\n<td align=\"center\" valign=\"center\" width=\"105\" height=\"25\"><span style=\"vertical-align: inherit;\"><span style=\"vertical-align: inherit;\"><span dir=\"auto\" style=\"vertical-align: inherit;\"><span dir=\"auto\" style=\"vertical-align: inherit;\">Ty\u00f6<\/span><\/span><\/span><\/span><\/td>\n<td align=\"center\" valign=\"center\" width=\"143\"><span style=\"vertical-align: inherit;\"><span style=\"vertical-align: inherit;\"><span dir=\"auto\" style=\"vertical-align: inherit;\"><span dir=\"auto\" style=\"vertical-align: inherit;\">Ratkaisu<\/span><\/span><\/span><\/span><\/td>\n<td align=\"center\" valign=\"center\" width=\"138\"><span style=\"vertical-align: inherit;\"><span style=\"vertical-align: inherit;\"><span dir=\"auto\" style=\"vertical-align: inherit;\"><span dir=\"auto\" style=\"vertical-align: inherit;\">Virtausnopeus (BV\/h)<\/span><\/span><\/span><\/span><\/td>\n<td align=\"center\" valign=\"center\" width=\"124\"><span style=\"vertical-align: inherit;\"><span style=\"vertical-align: inherit;\"><span dir=\"auto\" style=\"vertical-align: inherit;\"><span dir=\"auto\" style=\"vertical-align: inherit;\">Annostus (BV)<\/span><\/span><\/span><\/span><\/td>\n<\/tr>\n<tr>\n<td align=\"center\" valign=\"center\" width=\"105\"><span style=\"vertical-align: inherit;\"><span style=\"vertical-align: inherit;\"><span dir=\"auto\" style=\"vertical-align: inherit;\"><span dir=\"auto\" style=\"vertical-align: inherit;\">sokerin palauttaminen<\/span><\/span><\/span><\/span><\/td>\n<td align=\"center\" valign=\"center\" width=\"143\"><span style=\"vertical-align: inherit;\"><span style=\"vertical-align: inherit;\"><span dir=\"auto\" style=\"vertical-align: inherit;\"><span dir=\"auto\" style=\"vertical-align: inherit;\">Puhdas vesi<\/span><\/span><\/span><\/span><\/td>\n<td align=\"center\" valign=\"center\" width=\"138\"><span dir=\"auto\" style=\"vertical-align: inherit;\"><span dir=\"auto\" style=\"vertical-align: inherit;\">2,0\u20134,0<\/span><\/span><\/td>\n<td align=\"center\" valign=\"center\" width=\"124\"><span dir=\"auto\" style=\"vertical-align: inherit;\"><span dir=\"auto\" style=\"vertical-align: inherit;\">2,0\u20133,0<\/span><\/span><\/td>\n<\/tr>\n<tr>\n<td align=\"center\" valign=\"center\" width=\"105\"><span style=\"vertical-align: inherit;\"><span style=\"vertical-align: inherit;\"><span dir=\"auto\" style=\"vertical-align: inherit;\"><span dir=\"auto\" style=\"vertical-align: inherit;\">Sel\u00e4n pesu<\/span><\/span><\/span><\/span><\/td>\n<td align=\"center\" valign=\"center\" width=\"143\"><span style=\"vertical-align: inherit;\"><span style=\"vertical-align: inherit;\"><span dir=\"auto\" style=\"vertical-align: inherit;\"><span dir=\"auto\" style=\"vertical-align: inherit;\">Puhdas vesi<\/span><\/span><\/span><\/span><\/td>\n<td align=\"center\" valign=\"center\" width=\"138\"><span style=\"vertical-align: inherit;\"><span style=\"vertical-align: inherit;\"><span dir=\"auto\" style=\"vertical-align: inherit;\"><span dir=\"auto\" style=\"vertical-align: inherit;\">2,0\u20134,0<\/span><\/span><\/span><\/span><\/td>\n<td align=\"center\" valign=\"center\" width=\"124\"><span dir=\"auto\" style=\"vertical-align: inherit;\"><span dir=\"auto\" style=\"vertical-align: inherit;\">1,5\u20132,0<\/span><\/span><\/td>\n<\/tr>\n<tr>\n<td align=\"center\" valign=\"center\" width=\"105\"><span style=\"vertical-align: inherit;\"><span style=\"vertical-align: inherit;\"><span dir=\"auto\" style=\"vertical-align: inherit;\"><span dir=\"auto\" style=\"vertical-align: inherit;\">Uudelleenluo<\/span><\/span><\/span><\/span><\/td>\n<td align=\"center\" valign=\"top\" width=\"143\"><span style=\"vertical-align: inherit;\"><span style=\"vertical-align: inherit;\"><span dir=\"auto\" style=\"vertical-align: inherit;\"><span dir=\"auto\" style=\"vertical-align: inherit;\">8\u201310 % NaCl:a + 0,5<\/span><\/span><\/span><\/span><span style=\"vertical-align: inherit;\"><span style=\"vertical-align: inherit;\"><span dir=\"auto\" style=\"vertical-align: inherit;\"><span dir=\"auto\" style=\"vertical-align: inherit;\">~2 % sekoitettua NaOH-liuosta<\/span><\/span><\/span><\/span><\/td>\n<td align=\"center\" valign=\"center\" width=\"138\"><span style=\"vertical-align: inherit;\"><span style=\"vertical-align: inherit;\"><span dir=\"auto\" style=\"vertical-align: inherit;\"><span dir=\"auto\" style=\"vertical-align: inherit;\">1,5\u20132,0<\/span><\/span><\/span><\/span><\/td>\n<td align=\"center\" valign=\"center\" width=\"124\"><span dir=\"auto\" style=\"vertical-align: inherit;\"><span dir=\"auto\" style=\"vertical-align: inherit;\">2,5\u20133,5<\/span><\/span><\/td>\n<\/tr>\n<tr>\n<td align=\"center\" valign=\"center\" width=\"105\"><span style=\"vertical-align: inherit;\"><span style=\"vertical-align: inherit;\"><span dir=\"auto\" style=\"vertical-align: inherit;\"><span dir=\"auto\" style=\"vertical-align: inherit;\">Korvaaminen<\/span><\/span><\/span><\/span><\/td>\n<td align=\"center\" valign=\"top\" width=\"143\"><span style=\"vertical-align: inherit;\"><span style=\"vertical-align: inherit;\"><span dir=\"auto\" style=\"vertical-align: inherit;\"><span dir=\"auto\" style=\"vertical-align: inherit;\">Puhdas vesi<\/span><\/span><\/span><\/span><\/td>\n<td align=\"center\" valign=\"top\" width=\"138\"><span dir=\"auto\" style=\"vertical-align: inherit;\"><span dir=\"auto\" style=\"vertical-align: inherit;\">1,0\u20132,0<\/span><\/span><\/td>\n<td align=\"center\" valign=\"top\" width=\"124\"><span style=\"vertical-align: inherit;\"><span style=\"vertical-align: inherit;\"><span dir=\"auto\" style=\"vertical-align: inherit;\"><span dir=\"auto\" style=\"vertical-align: inherit;\">1,5\u20132,0<\/span><\/span><\/span><\/span><\/td>\n<\/tr>\n<tr>\n<td align=\"center\" valign=\"center\" width=\"105\"><span style=\"vertical-align: inherit;\"><span style=\"vertical-align: inherit;\"><span dir=\"auto\" style=\"vertical-align: inherit;\"><span dir=\"auto\" style=\"vertical-align: inherit;\">Lakaista<\/span><\/span><\/span><\/span><\/td>\n<td align=\"center\" valign=\"top\" width=\"143\"><span style=\"vertical-align: inherit;\"><span style=\"vertical-align: inherit;\"><span dir=\"auto\" style=\"vertical-align: inherit;\"><span dir=\"auto\" style=\"vertical-align: inherit;\">Puhdas vesi<\/span><\/span><\/span><\/span><\/td>\n<td align=\"center\" valign=\"top\" width=\"138\"><span dir=\"auto\" style=\"vertical-align: inherit;\"><span dir=\"auto\" style=\"vertical-align: inherit;\">10\u201315<\/span><\/span><\/td>\n<td align=\"center\" valign=\"top\" width=\"124\"><span dir=\"auto\" style=\"vertical-align: inherit;\"><span dir=\"auto\" style=\"vertical-align: inherit;\">4,0\u20136,0<\/span><\/span><\/td>\n<\/tr>\n<tr>\n<td align=\"center\" valign=\"center\" width=\"105\"><span style=\"vertical-align: inherit;\"><span style=\"vertical-align: inherit;\"><span dir=\"auto\" style=\"vertical-align: inherit;\"><span dir=\"auto\" style=\"vertical-align: inherit;\">Punastuminen<\/span><\/span><\/span><\/span><\/td>\n<td align=\"center\" valign=\"top\" width=\"143\"><span style=\"vertical-align: inherit;\"><span style=\"vertical-align: inherit;\"><span dir=\"auto\" style=\"vertical-align: inherit;\"><span dir=\"auto\" style=\"vertical-align: inherit;\">Alkuper\u00e4inen lik\u00f6\u00f6ri<\/span><\/span><\/span><\/span><\/td>\n<td align=\"center\" valign=\"top\" width=\"138\"><span style=\"vertical-align: inherit;\"><span style=\"vertical-align: inherit;\"><span dir=\"auto\" style=\"vertical-align: inherit;\"><span dir=\"auto\" style=\"vertical-align: inherit;\">2,0\u20134,0<\/span><\/span><\/span><\/span><\/td>\n<td align=\"center\" valign=\"top\" width=\"124\"><span dir=\"auto\" style=\"vertical-align: inherit;\"><span dir=\"auto\" style=\"vertical-align: inherit;\">30\u201360<\/span><\/span><\/td>\n<\/tr>\n<\/tbody>\n<\/table>\n<p><span style=\"vertical-align: inherit;\"><span style=\"vertical-align: inherit;\"><span dir=\"auto\" style=\"vertical-align: inherit;\"><span dir=\"auto\" style=\"vertical-align: inherit;\">Huomautus: Kun vastavirtahuuhtelu alkaa, virtausnopeuden tulee olla hidas. Kun kaikki hartsit ovat joustavia, lis\u00e4\u00e4 vastavirtahuuhtelunopeutta askel askeleelta. Kun hartsit ovat t\u00e4ysin toimineet, pid\u00e4 vastavirtahuuhtelunopeus tasaisena, kunnes vastavirtahuuhteluvesi on puhdasta.<\/span><\/span><\/span><\/span><\/p>\n<p><strong><span style=\"vertical-align: inherit;\"><span style=\"vertical-align: inherit;\"><span dir=\"auto\" style=\"vertical-align: inherit;\"><span dir=\"auto\" style=\"vertical-align: inherit;\">6. V\u00e4rj\u00e4ytymiskertoimen k\u00e4yr\u00e4 ulkoisella sy\u00f6t\u00f6ll\u00e4 k\u00e4ytt\u00f6tilassa<\/span><\/span><\/span><\/span><\/strong><\/p>\n<p><strong><span style=\"vertical-align: inherit;\"><span style=\"vertical-align: inherit;\"><span dir=\"auto\" style=\"vertical-align: inherit;\"><span dir=\"auto\" style=\"vertical-align: inherit;\">Tuotantopaikka: Ningbo, Kiina.<\/span><\/span><\/span><\/span><\/strong><\/p>\n<p><strong><span style=\"vertical-align: inherit;\"><span style=\"vertical-align: inherit;\"><span dir=\"auto\" style=\"vertical-align: inherit;\"><span dir=\"auto\" style=\"vertical-align: inherit;\">Jakelu: Toimitetaan ZG Ningbon tehtaalta kaikkiin Kiinan provinsseihin ja ulkomaille.<\/span><\/span><\/span><\/span><\/strong><\/p>\n<\/div>\n","protected":false},"excerpt":{"rendered":"<p>ZGD750 Polystyreeni, makrohuokoinen, vahvaem\u00e4ksinen anioninvaihtohartsi , tyyppi I, kloridimuoto &nbsp; 1. Johdanto: Hydrolite ZGD750 on makrohuokoinen, vahvasti em\u00e4ksinen styreenipohjainen anioninvaihtohartsi. Se poistaa tehokkaasti suurimolekyylipainoisia orgaanisia yhdisteit\u00e4 ja sek\u00e4 negatiivisesti varautuneita ett\u00e4 s\u00e4hk\u00f6isesti neutraaleja orgaanisia v\u00e4riaineita. Se soveltuu erityisen hyvin t\u00e4rkkelyssokerien v\u00e4rinpoistoon korkean vaihtonopeudensa ja erinomaisen adsorptiokykyns\u00e4 ansiosta. Lis\u00e4ksi sill\u00e4 on korkea v\u00e4rinpoistokyky ja vahvat likaantumisenesto-ominaisuudet&#8230;.<\/p>\n","protected":false},"featured_media":2052,"comment_status":"closed","ping_status":"closed","template":"","meta":[],"product_cat":[745],"product_tag":[],"class_list":["post-6294","product","type-product","status-publish","has-post-thumbnail","hentry","product_cat-luokittelematon"],"_links":{"self":[{"href":"https:\/\/hydrolite.eu\/fi\/wp-json\/wp\/v2\/product\/6294","targetHints":{"allow":["GET"]}}],"collection":[{"href":"https:\/\/hydrolite.eu\/fi\/wp-json\/wp\/v2\/product"}],"about":[{"href":"https:\/\/hydrolite.eu\/fi\/wp-json\/wp\/v2\/types\/product"}],"replies":[{"embeddable":true,"href":"https:\/\/hydrolite.eu\/fi\/wp-json\/wp\/v2\/comments?post=6294"}],"wp:featuredmedia":[{"embeddable":true,"href":"https:\/\/hydrolite.eu\/fi\/wp-json\/wp\/v2\/media\/2052"}],"wp:attachment":[{"href":"https:\/\/hydrolite.eu\/fi\/wp-json\/wp\/v2\/media?parent=6294"}],"wp:term":[{"taxonomy":"product_cat","embeddable":true,"href":"https:\/\/hydrolite.eu\/fi\/wp-json\/wp\/v2\/product_cat?post=6294"},{"taxonomy":"product_tag","embeddable":true,"href":"https:\/\/hydrolite.eu\/fi\/wp-json\/wp\/v2\/product_tag?post=6294"}],"curies":[{"name":"wp","href":"https:\/\/api.w.org\/{rel}","templated":true}]}}