{"id":6285,"date":"2025-11-23T00:53:24","date_gmt":"2025-11-22T21:53:24","guid":{"rendered":"https:\/\/hydrolite.eu\/?post_type=product&#038;p=6285"},"modified":"2025-11-23T00:54:00","modified_gmt":"2025-11-22T21:54:00","slug":"zgc858-erityinen-kationinvaihtohartsi-raudanpoistoon-ja-veden-pehmentamiseen","status":"publish","type":"product","link":"https:\/\/hydrolite.eu\/fi\/product\/zgc858-erityinen-kationinvaihtohartsi-raudanpoistoon-ja-veden-pehmentamiseen\/","title":{"rendered":"ZGC858 Erityinen kationinvaihtohartsi raudanpoistoon ja veden pehment\u00e4miseen"},"content":{"rendered":"<p><span style=\"vertical-align: inherit;\"><span style=\"vertical-align: inherit;\"><span dir=\"auto\" style=\"vertical-align: inherit;\"><span dir=\"auto\" style=\"vertical-align: inherit;\">ZGC858 on vahvasti hapan kationinvaihtohartsi, jossa on inertti ydin. Se on suunniteltu tehokkaaseen ja pitk\u00e4aikaiseen raudan ja raskasmetallien poistoon sek\u00e4 veden pehment\u00e4miseen. Sill\u00e4 on korkea vaihtokapasiteetti ja erinomainen fysikaalinen ja kemiallinen stabiilius.<\/span><\/span><\/span><\/span><\/p>\n<p><span style=\"vertical-align: inherit;\"><span style=\"vertical-align: inherit;\"><span dir=\"auto\" style=\"vertical-align: inherit;\"><span dir=\"auto\" style=\"vertical-align: inherit;\">Funktionaaliset ryhm\u00e4t sijaitsevat vain hartsin pinnalla ja ovat hyvin l\u00e4hell\u00e4 toisiaan. T\u00e4m\u00e4n seurauksena kaikki ioninvaihtoreaktiot tapahtuvat yksinomaan hartsin pinnalla, mik\u00e4 est\u00e4\u00e4 ionien vuotamisen ja varmistaa hartsin t\u00e4ydellisen talteenoton.<\/span><\/span><\/span><\/span><\/p>\n<p><span style=\"vertical-align: inherit;\"><span style=\"vertical-align: inherit;\"><span dir=\"auto\" style=\"vertical-align: inherit;\"><span dir=\"auto\" style=\"vertical-align: inherit;\">ZGC858-hartsi poistaa raskasmetalleja, kuten rautaa ja sinkki\u00e4, ja sill\u00e4 on erinomaiset ominaisuudet perinteisiin sulfonihappokationinvaihtohartseihin verrattuna. N\u00e4ihin kuuluvat korkea huuhtelutehokkuus, korkeat regenerointinopeudet, alhainen vedenkulutus ja erinomaiset demineralisaatio-ominaisuudet, jotka johtavat ylivoimaiseen suorituskykyyn. Lis\u00e4ksi raskasmetalli-ionien laajeneminen ja vaihto t\u00e4ss\u00e4 hartsissa on hitaampaa kuin perinteisiss\u00e4 kationinvaihtohartseissa, mik\u00e4 tekee ZGC858-hartsista ihanteellisen raudan, sinkin ja muiden raskasmetallien poistamiseen vesi- ja vedett\u00f6mist\u00e4 liuoksista.<\/span><\/span><\/span><\/span><\/p>\n<p><span style=\"vertical-align: inherit;\"><span style=\"vertical-align: inherit;\"><span dir=\"auto\" style=\"vertical-align: inherit;\"><span dir=\"auto\" style=\"vertical-align: inherit;\">Regeneroinnin aikana, lyhyempien diffuusioreittien ansiosta, regenerointiliuos voi kulkea vapaasti ja t\u00e4ydellisesti sis\u00e4isten hartsikerrosten l\u00e4pi suurella nopeudella, mik\u00e4 lis\u00e4\u00e4 regenerointinopeutta. Koska regenerointinopeus on riitt\u00e4v\u00e4n korkea t\u00e4m\u00e4n prosessin aikana, voidaan saavuttaa korkea demineralisaatioaste ja v\u00e4hent\u00e4\u00e4 veden vuotoa ulostulossa. Lis\u00e4ksi regeneroinnin j\u00e4lkeen suoritettava liuotusprosessi helpottaa saostumien poistoa, mik\u00e4 v\u00e4hent\u00e4\u00e4 vedenkulutusta.<\/span><\/span><\/span><\/span><\/p>\n<p><span style=\"vertical-align: inherit;\"><span style=\"vertical-align: inherit;\"><span dir=\"auto\" style=\"vertical-align: inherit;\"><span dir=\"auto\" style=\"vertical-align: inherit;\">Ainutlaatuisten ominaisuuksiensa ansiosta ZGC858 on paras tuote veden pehment\u00e4miseen, raudan ja mangaanin poistamiseen.<\/span><\/span><\/span><\/span><\/p>\n<p><strong>\u00a0<\/strong><\/p>\n<p><strong><span style=\"vertical-align: inherit;\"><span style=\"vertical-align: inherit;\"><span dir=\"auto\" style=\"vertical-align: inherit;\"><span dir=\"auto\" style=\"vertical-align: inherit;\">Tekniset tiedot<\/span><\/span><\/span><\/span><\/strong><\/p>\n<p>&nbsp;<\/p>\n<table>\n<tbody>\n<tr>\n<td><span style=\"vertical-align: inherit;\"><span style=\"vertical-align: inherit;\"><span dir=\"auto\" style=\"vertical-align: inherit;\"><span dir=\"auto\" style=\"vertical-align: inherit;\">Ulkon\u00e4k\u00f6<\/span><\/span><\/span><\/span><\/td>\n<td><span style=\"vertical-align: inherit;\"><span style=\"vertical-align: inherit;\"><span dir=\"auto\" style=\"vertical-align: inherit;\"><span dir=\"auto\" style=\"vertical-align: inherit;\">Mustanruskeita pallomaisia \u200b\u200brakeita<\/span><\/span><\/span><\/span><\/td>\n<\/tr>\n<tr>\n<td><span style=\"vertical-align: inherit;\"><span style=\"vertical-align: inherit;\"><span dir=\"auto\" style=\"vertical-align: inherit;\"><span dir=\"auto\" style=\"vertical-align: inherit;\">Kokonaisten pallomaisten hiukkasten lukum\u00e4\u00e4r\u00e4<\/span><\/span><\/span><\/span><\/td>\n<td><span style=\"vertical-align: inherit;\"><span style=\"vertical-align: inherit;\"><span dir=\"auto\" style=\"vertical-align: inherit;\"><span dir=\"auto\" style=\"vertical-align: inherit;\">\u00a0&gt; 95 %<\/span><\/span><\/span><\/span><\/td>\n<\/tr>\n<tr>\n<td><span style=\"vertical-align: inherit;\"><span style=\"vertical-align: inherit;\"><span dir=\"auto\" style=\"vertical-align: inherit;\"><span dir=\"auto\" style=\"vertical-align: inherit;\">Ioninen muoto<\/span><\/span><\/span><\/span><\/td>\n<td><span style=\"vertical-align: inherit;\"><span style=\"vertical-align: inherit;\"><span dir=\"auto\" style=\"vertical-align: inherit;\"><span dir=\"auto\" style=\"vertical-align: inherit;\">Mit\u00e4<\/span><\/span><\/span><\/span><\/td>\n<\/tr>\n<tr>\n<td><span style=\"vertical-align: inherit;\"><span style=\"vertical-align: inherit;\"><span dir=\"auto\" style=\"vertical-align: inherit;\"><span dir=\"auto\" style=\"vertical-align: inherit;\">Osien koko<\/span><\/span><\/span><\/span><\/td>\n<td><span dir=\"auto\" style=\"vertical-align: inherit;\"><span dir=\"auto\" style=\"vertical-align: inherit;\">0,315\u20131,250 mm &gt; 95 %<\/span><\/span><\/td>\n<\/tr>\n<tr>\n<td><span style=\"vertical-align: inherit;\"><span style=\"vertical-align: inherit;\"><span dir=\"auto\" style=\"vertical-align: inherit;\"><span dir=\"auto\" style=\"vertical-align: inherit;\">Kosteuspitoisuus, %<\/span><\/span><\/span><\/span><\/td>\n<td><span style=\"vertical-align: inherit;\"><span style=\"vertical-align: inherit;\"><span dir=\"auto\" style=\"vertical-align: inherit;\"><span dir=\"auto\" style=\"vertical-align: inherit;\">48\u201356<\/span><\/span><\/span><\/span><\/td>\n<\/tr>\n<tr>\n<td><span style=\"vertical-align: inherit;\"><span style=\"vertical-align: inherit;\"><span dir=\"auto\" style=\"vertical-align: inherit;\"><span dir=\"auto\" style=\"vertical-align: inherit;\">Kokonaisvaihtokapasiteetti, mmol\/g<\/span><\/span><\/span><\/span><\/td>\n<td><span style=\"vertical-align: inherit;\"><span style=\"vertical-align: inherit;\"><span dir=\"auto\" style=\"vertical-align: inherit;\"><span dir=\"auto\" style=\"vertical-align: inherit;\">&gt;3.10<\/span><\/span><\/span><\/span><\/td>\n<\/tr>\n<tr>\n<td><span style=\"vertical-align: inherit;\"><span style=\"vertical-align: inherit;\"><span dir=\"auto\" style=\"vertical-align: inherit;\"><span dir=\"auto\" style=\"vertical-align: inherit;\">Kokonaisvaihtokapasiteetti, mmol\/ml<\/span><\/span><\/span><\/span><\/td>\n<td><span style=\"vertical-align: inherit;\"><span style=\"vertical-align: inherit;\"><span dir=\"auto\" style=\"vertical-align: inherit;\"><span dir=\"auto\" style=\"vertical-align: inherit;\">&gt;1.10<\/span><\/span><\/span><\/span><\/td>\n<\/tr>\n<tr>\n<td><span style=\"vertical-align: inherit;\"><span style=\"vertical-align: inherit;\"><span dir=\"auto\" style=\"vertical-align: inherit;\"><span dir=\"auto\" style=\"vertical-align: inherit;\">Suositeltu laskettu kapasiteetti mmol\/ml<\/span><\/span><\/span><\/span><\/td>\n<td><span style=\"vertical-align: inherit;\"><span style=\"vertical-align: inherit;\"><span dir=\"auto\" style=\"vertical-align: inherit;\"><span dir=\"auto\" style=\"vertical-align: inherit;\">0,8<\/span><\/span><\/span><\/span><\/td>\n<\/tr>\n<tr>\n<td><span style=\"vertical-align: inherit;\"><span style=\"vertical-align: inherit;\"><span dir=\"auto\" style=\"vertical-align: inherit;\"><span dir=\"auto\" style=\"vertical-align: inherit;\">Rautaionien kapasiteetti, grammaa litraa kohden<\/span><\/span><\/span><\/span><\/td>\n<td><span style=\"vertical-align: inherit;\"><span style=\"vertical-align: inherit;\"><span dir=\"auto\" style=\"vertical-align: inherit;\"><span dir=\"auto\" style=\"vertical-align: inherit;\">14<\/span><\/span><\/span><\/span><\/td>\n<\/tr>\n<tr>\n<td><span style=\"vertical-align: inherit;\"><span style=\"vertical-align: inherit;\"><span dir=\"auto\" style=\"vertical-align: inherit;\"><span dir=\"auto\" style=\"vertical-align: inherit;\">Pakkaus muovi\u00e4mp\u00e4reihin, l.<\/span><\/span><\/span><\/span><\/td>\n<td><span style=\"vertical-align: inherit;\"><span style=\"vertical-align: inherit;\"><span dir=\"auto\" style=\"vertical-align: inherit;\"><span dir=\"auto\" style=\"vertical-align: inherit;\">25<\/span><\/span><\/span><\/span><\/td>\n<\/tr>\n<\/tbody>\n<\/table>\n","protected":false},"excerpt":{"rendered":"<p>ZGC858 on vahvasti hapan kationinvaihtohartsi, jossa on inertti ydin. Se on suunniteltu tehokkaaseen ja pitk\u00e4aikaiseen raudan ja raskasmetallien poistoon sek\u00e4 veden pehment\u00e4miseen. Sill\u00e4 on korkea vaihtokapasiteetti ja erinomainen fysikaalinen ja kemiallinen stabiilius. Funktionaaliset ryhm\u00e4t sijaitsevat vain hartsin pinnalla ja ovat hyvin l\u00e4hell\u00e4 toisiaan. T\u00e4m\u00e4n seurauksena kaikki ioninvaihtoreaktiot tapahtuvat yksinomaan hartsin pinnalla, mik\u00e4 est\u00e4\u00e4 ionien vuotamisen&#8230;<\/p>\n","protected":false},"featured_media":6290,"comment_status":"closed","ping_status":"closed","template":"","meta":[],"product_cat":[745],"product_tag":[],"class_list":["post-6285","product","type-product","status-publish","has-post-thumbnail","hentry","product_cat-luokittelematon"],"_links":{"self":[{"href":"https:\/\/hydrolite.eu\/fi\/wp-json\/wp\/v2\/product\/6285","targetHints":{"allow":["GET"]}}],"collection":[{"href":"https:\/\/hydrolite.eu\/fi\/wp-json\/wp\/v2\/product"}],"about":[{"href":"https:\/\/hydrolite.eu\/fi\/wp-json\/wp\/v2\/types\/product"}],"replies":[{"embeddable":true,"href":"https:\/\/hydrolite.eu\/fi\/wp-json\/wp\/v2\/comments?post=6285"}],"wp:featuredmedia":[{"embeddable":true,"href":"https:\/\/hydrolite.eu\/fi\/wp-json\/wp\/v2\/media\/6290"}],"wp:attachment":[{"href":"https:\/\/hydrolite.eu\/fi\/wp-json\/wp\/v2\/media?parent=6285"}],"wp:term":[{"taxonomy":"product_cat","embeddable":true,"href":"https:\/\/hydrolite.eu\/fi\/wp-json\/wp\/v2\/product_cat?post=6285"},{"taxonomy":"product_tag","embeddable":true,"href":"https:\/\/hydrolite.eu\/fi\/wp-json\/wp\/v2\/product_tag?post=6285"}],"curies":[{"name":"wp","href":"https:\/\/api.w.org\/{rel}","templated":true}]}}