{"id":6257,"date":"2025-11-21T01:44:04","date_gmt":"2025-11-20T22:44:04","guid":{"rendered":"https:\/\/hydrolite.eu\/?post_type=product&#038;p=6257"},"modified":"2025-11-21T01:44:05","modified_gmt":"2025-11-20T22:44:05","slug":"zgc151fd-mb-ja-zga352fdmb-tai-zga351fd-mb-sekakerroshartsit-sokeriliuoksiin","status":"publish","type":"product","link":"https:\/\/hydrolite.eu\/fi\/product\/zgc151fd-mb-ja-zga352fdmb-tai-zga351fd-mb-sekakerroshartsit-sokeriliuoksiin\/","title":{"rendered":"ZGC151FD MB ja ZGA352FDMB tai ZGA351FD MB sekakerroshartsit sokeriliuoksiin"},"content":{"rendered":"<table border=\"0\" width=\"100%\" cellspacing=\"1\" cellpadding=\"0\" align=\"center\" bgcolor=\"dee8f3\">\n<tbody>\n<tr>\n<td style=\"padding: 20px;\" align=\"left\" bgcolor=\"#FFFFFF\">\n<p align=\"center\"><strong><span style=\"vertical-align: inherit;\"><span style=\"vertical-align: inherit;\"><span dir=\"auto\" style=\"vertical-align: inherit;\"><span dir=\"auto\" style=\"vertical-align: inherit;\">ZGC151FD MB ja ZGA352FDMB tai ZGA351FD MB sekakerroshartsit sokeriliuoksiin<\/span><\/span><\/span><\/span><\/strong><\/p>\n<p><strong><span style=\"vertical-align: inherit;\"><span style=\"vertical-align: inherit;\"><span dir=\"auto\" style=\"vertical-align: inherit;\"><span dir=\"auto\" style=\"vertical-align: inherit;\">1. Kuvaus:<\/span><\/span><\/span><\/span><\/strong><\/p>\n<p><span style=\"vertical-align: inherit;\"><span style=\"vertical-align: inherit;\"><span dir=\"auto\" style=\"vertical-align: inherit;\"><span dir=\"auto\" style=\"vertical-align: inherit;\">Sokeriliuoksiin tarkoitettuihin hydroliittisiin sekakerroshartseihin kuuluvat ZGC151FDMB ja ZGA352FDMB tai ZGA351FDMB, joilla on tietty hiukkaskokoalue. Niill\u00e4 on nopea vaihtonopeus ja ne kest\u00e4v\u00e4t hyvin orgaanista kontaminaatiota ja osmoosia. Sekakerroshartsien tietty hiukkaskoko tekee niist\u00e4 erityisen sopivia sokerin puhdistukseen elintarviketeollisuudessa.<\/span><\/span><\/span><\/span><\/p>\n<p><span style=\"vertical-align: inherit;\"><span style=\"vertical-align: inherit;\"><span dir=\"auto\" style=\"vertical-align: inherit;\"><span dir=\"auto\" style=\"vertical-align: inherit;\">ZGC151FDMB on makrohuokoinen, vahvasti hapan kationinvaihtohartsi. ZGA352FDMB ja ZGA351FDMB ovat vahvoja em\u00e4ksisi\u00e4 styreeni-anioninvaihtohartseja, joissa on erityisi\u00e4 aktiivisia ryhmi\u00e4. Niiden kapasiteetti voi kasvaa yli 50 %, ja niiden orgaanisen eluoitumisnopeus ylitt\u00e4\u00e4 90 %, mik\u00e4 tekee niist\u00e4 ihanteellisia sokerin puhdistukseen elintarviketeollisuudessa.<\/span><\/span><\/span><\/span><\/p>\n<p><span style=\"vertical-align: inherit;\"><span style=\"vertical-align: inherit;\"><span dir=\"auto\" style=\"vertical-align: inherit;\"><span dir=\"auto\" style=\"vertical-align: inherit;\">Huomautus: ZGC151FD MB (ZG-vientityyppi) on D001FD MB (ZG-kotimainen tyyppi).<\/span><\/span><\/span><\/span><\/p>\n<p><span style=\"vertical-align: inherit;\"><span style=\"vertical-align: inherit;\"><span dir=\"auto\" style=\"vertical-align: inherit;\"><span dir=\"auto\" style=\"vertical-align: inherit;\">ZGA352FDMB (vientityyppi ZG) on D202FDMB (kotik\u00e4ytt\u00f6\u00f6n tarkoitettu tyyppi ZG).<\/span><\/span><\/span><\/span><\/p>\n<p><span style=\"vertical-align: inherit;\"><span style=\"vertical-align: inherit;\"><span dir=\"auto\" style=\"vertical-align: inherit;\"><span dir=\"auto\" style=\"vertical-align: inherit;\">ZGA351FDMB (vientityyppi ZG) on D201FD MB (kotik\u00e4ytt\u00f6\u00f6n tarkoitettu tyyppi ZG).<\/span><\/span><\/span><\/span><\/p>\n<p><strong><span style=\"vertical-align: inherit;\"><span style=\"vertical-align: inherit;\"><span dir=\"auto\" style=\"vertical-align: inherit;\"><span dir=\"auto\" style=\"vertical-align: inherit;\">2. Fysikaaliset ja kemialliset ominaisuudet:<\/span><\/span><\/span><\/span><\/strong><\/p>\n<table style=\"width: 694px;\" border=\"1\" width=\"694\" cellspacing=\"0\" cellpadding=\"0\" align=\"center\">\n<tbody>\n<tr>\n<td style=\"width: 211px; height: 21px;\" rowspan=\"2\">\n<p align=\"center\"><strong><span dir=\"auto\" style=\"vertical-align: inherit;\"><span dir=\"auto\" style=\"vertical-align: inherit;\">Parametrit<\/span><\/span><\/strong><\/p>\n<\/td>\n<td style=\"width: 483px; height: 21px;\" colspan=\"3\">\n<p align=\"center\"><strong><span style=\"vertical-align: inherit;\"><span style=\"vertical-align: inherit;\"><span dir=\"auto\" style=\"vertical-align: inherit;\"><span dir=\"auto\" style=\"vertical-align: inherit;\">Indeksi<\/span><\/span><\/span><\/span><\/strong><\/p>\n<\/td>\n<\/tr>\n<tr>\n<td style=\"width: 168px; height: 19px;\">\n<p align=\"center\"><strong><span style=\"vertical-align: inherit;\"><span style=\"vertical-align: inherit;\"><span dir=\"auto\" style=\"vertical-align: inherit;\"><span dir=\"auto\" style=\"vertical-align: inherit;\">ZGC151 FD MB<\/span><\/span><\/span><\/span><\/strong><\/p>\n<\/td>\n<td style=\"width: 168px; height: 19px;\">\n<p align=\"center\"><strong><span style=\"vertical-align: inherit;\"><span style=\"vertical-align: inherit;\"><span dir=\"auto\" style=\"vertical-align: inherit;\"><span dir=\"auto\" style=\"vertical-align: inherit;\">ZGA352 FD MB<\/span><\/span><\/span><\/span><\/strong><\/p>\n<\/td>\n<td style=\"width: 147px; height: 19px;\"><strong><span style=\"vertical-align: inherit;\"><span style=\"vertical-align: inherit;\"><span dir=\"auto\" style=\"vertical-align: inherit;\"><span dir=\"auto\" style=\"vertical-align: inherit;\">ZGA351FD MB<\/span><\/span><\/span><\/span><\/strong><\/td>\n<\/tr>\n<tr>\n<td style=\"width: 211px; height: 29px;\"><span style=\"vertical-align: inherit;\"><span style=\"vertical-align: inherit;\"><span dir=\"auto\" style=\"vertical-align: inherit;\"><span dir=\"auto\" style=\"vertical-align: inherit;\">Ulkon\u00e4k\u00f6<\/span><\/span><\/span><\/span><\/td>\n<td style=\"width: 168px; height: 29px;\">\n<p align=\"center\"><span style=\"vertical-align: inherit;\"><span style=\"vertical-align: inherit;\"><span dir=\"auto\" style=\"vertical-align: inherit;\"><span dir=\"auto\" style=\"vertical-align: inherit;\">Keltaisia \u200b\u200btai ruskeita l\u00e4pin\u00e4kym\u00e4tt\u00f6mi\u00e4 rakeita<\/span><\/span><\/span><\/span><\/p>\n<\/td>\n<td style=\"width: 168px; height: 29px;\">\n<p align=\"center\"><span style=\"vertical-align: inherit;\"><span style=\"vertical-align: inherit;\"><span dir=\"auto\" style=\"vertical-align: inherit;\"><span dir=\"auto\" style=\"vertical-align: inherit;\">Maitovalkoiset tai keltaiset l\u00e4pin\u00e4kym\u00e4tt\u00f6m\u00e4t rakeet<\/span><\/span><\/span><\/span><\/p>\n<\/td>\n<td style=\"width: 147px; height: 29px;\"><span style=\"vertical-align: inherit;\"><span style=\"vertical-align: inherit;\"><span dir=\"auto\" style=\"vertical-align: inherit;\"><span dir=\"auto\" style=\"vertical-align: inherit;\">Maitovalkoiset tai keltaiset l\u00e4pin\u00e4kym\u00e4tt\u00f6m\u00e4t rakeet<\/span><\/span><\/span><\/span><\/td>\n<\/tr>\n<tr>\n<td style=\"width: 211px; height: 31px;\"><span style=\"vertical-align: inherit;\"><span style=\"vertical-align: inherit;\"><span dir=\"auto\" style=\"vertical-align: inherit;\"><span dir=\"auto\" style=\"vertical-align: inherit;\">Ioninen muoto<\/span><\/span><\/span><\/span><\/td>\n<td style=\"width: 168px; height: 31px;\">\n<p align=\"center\"><span style=\"vertical-align: inherit;\"><span style=\"vertical-align: inherit;\"><span dir=\"auto\" style=\"vertical-align: inherit;\"><span dir=\"auto\" style=\"vertical-align: inherit;\">Mit\u00e4<\/span><\/span><\/span><\/span><\/p>\n<\/td>\n<td style=\"width: 168px; height: 31px;\">\n<p align=\"center\"><span style=\"vertical-align: inherit;\"><span style=\"vertical-align: inherit;\"><span dir=\"auto\" style=\"vertical-align: inherit;\"><span dir=\"auto\" style=\"vertical-align: inherit;\">Cl<\/span><\/span><\/span><\/span><\/p>\n<\/td>\n<td style=\"width: 147px; height: 31px;\">\n<p align=\"center\"><span style=\"vertical-align: inherit;\"><span style=\"vertical-align: inherit;\"><span dir=\"auto\" style=\"vertical-align: inherit;\"><span dir=\"auto\" style=\"vertical-align: inherit;\">Cl<\/span><\/span><\/span><\/span><\/p>\n<\/td>\n<\/tr>\n<tr>\n<td style=\"width: 211px; height: 29px;\"><span style=\"vertical-align: inherit;\"><span style=\"vertical-align: inherit;\"><span dir=\"auto\" style=\"vertical-align: inherit;\"><span dir=\"auto\" style=\"vertical-align: inherit;\">Kosteus %<\/span><\/span><\/span><\/span><\/td>\n<td style=\"width: 168px; height: 29px;\">\n<p align=\"center\"><span style=\"vertical-align: inherit;\"><span style=\"vertical-align: inherit;\"><span dir=\"auto\" style=\"vertical-align: inherit;\"><span dir=\"auto\" style=\"vertical-align: inherit;\">45\u201355<\/span><\/span><\/span><\/span><\/p>\n<\/td>\n<td style=\"width: 168px; height: 29px;\">\n<p align=\"center\"><span style=\"vertical-align: inherit;\"><span style=\"vertical-align: inherit;\"><span dir=\"auto\" style=\"vertical-align: inherit;\"><span dir=\"auto\" style=\"vertical-align: inherit;\">47\u201357<\/span><\/span><\/span><\/span><\/p>\n<\/td>\n<td style=\"width: 147px; height: 29px;\">\n<p align=\"center\"><span style=\"vertical-align: inherit;\"><span style=\"vertical-align: inherit;\"><span dir=\"auto\" style=\"vertical-align: inherit;\"><span dir=\"auto\" style=\"vertical-align: inherit;\">50.00-60.00<\/span><\/span><\/span><\/span><\/p>\n<\/td>\n<\/tr>\n<tr>\n<td style=\"width: 211px; height: 29px;\"><span style=\"vertical-align: inherit;\"><span style=\"vertical-align: inherit;\"><span dir=\"auto\" style=\"vertical-align: inherit;\"><span dir=\"auto\" style=\"vertical-align: inherit;\">Kapasiteetti painon mukaan mmol\/g<\/span><\/span><\/span><\/span><\/td>\n<td style=\"width: 168px; height: 29px;\">\n<p align=\"center\"><span style=\"vertical-align: inherit;\"><span style=\"vertical-align: inherit;\"><span dir=\"auto\" style=\"vertical-align: inherit;\"><span dir=\"auto\" style=\"vertical-align: inherit;\">\u2265 4,35<\/span><\/span><\/span><\/span><\/p>\n<\/td>\n<td style=\"width: 168px; height: 29px;\">\n<p align=\"center\"><span style=\"vertical-align: inherit;\"><span style=\"vertical-align: inherit;\"><span dir=\"auto\" style=\"vertical-align: inherit;\"><span dir=\"auto\" style=\"vertical-align: inherit;\">\u2265 3,60<\/span><\/span><\/span><\/span><\/p>\n<\/td>\n<td style=\"width: 147px; height: 29px;\">\n<p align=\"center\"><span style=\"vertical-align: inherit;\"><span style=\"vertical-align: inherit;\"><span dir=\"auto\" style=\"vertical-align: inherit;\"><span dir=\"auto\" style=\"vertical-align: inherit;\">\u22653,70<\/span><\/span><\/span><\/span><\/p>\n<\/td>\n<\/tr>\n<tr>\n<td style=\"width: 211px; height: 31px;\"><span style=\"vertical-align: inherit;\"><span style=\"vertical-align: inherit;\"><span dir=\"auto\" style=\"vertical-align: inherit;\"><span dir=\"auto\" style=\"vertical-align: inherit;\">Tilavuus tilavuuden mukaan mmol\/ml<\/span><\/span><\/span><\/span><\/td>\n<td style=\"width: 168px; height: 31px;\">\n<p align=\"center\"><span style=\"vertical-align: inherit;\"><span style=\"vertical-align: inherit;\"><span dir=\"auto\" style=\"vertical-align: inherit;\"><span dir=\"auto\" style=\"vertical-align: inherit;\">\u22651,70<\/span><\/span><\/span><\/span><\/p>\n<\/td>\n<td style=\"width: 168px; height: 31px;\">\n<p align=\"center\"><span style=\"vertical-align: inherit;\"><span style=\"vertical-align: inherit;\"><span dir=\"auto\" style=\"vertical-align: inherit;\"><span dir=\"auto\" style=\"vertical-align: inherit;\">\u2265 1,20<\/span><\/span><\/span><\/span><\/p>\n<\/td>\n<td style=\"width: 147px; height: 31px;\">\n<p align=\"center\"><span style=\"vertical-align: inherit;\"><span style=\"vertical-align: inherit;\"><span dir=\"auto\" style=\"vertical-align: inherit;\"><span dir=\"auto\" style=\"vertical-align: inherit;\">\u22651,20<\/span><\/span><\/span><\/span><\/p>\n<\/td>\n<\/tr>\n<tr>\n<td style=\"width: 211px; height: 31px;\"><span style=\"vertical-align: inherit;\"><span style=\"vertical-align: inherit;\"><span dir=\"auto\" style=\"vertical-align: inherit;\"><span dir=\"auto\" style=\"vertical-align: inherit;\">L\u00e4hetyspaino g\/ml<\/span><\/span><\/span><\/span><\/td>\n<td style=\"width: 168px; height: 31px;\">\n<p align=\"center\"><span style=\"vertical-align: inherit;\"><span style=\"vertical-align: inherit;\"><span dir=\"auto\" style=\"vertical-align: inherit;\"><span dir=\"auto\" style=\"vertical-align: inherit;\">0,75\u20130,85<\/span><\/span><\/span><\/span><\/p>\n<\/td>\n<td style=\"width: 168px; height: 31px;\">\n<p align=\"center\"><span style=\"vertical-align: inherit;\"><span style=\"vertical-align: inherit;\"><span dir=\"auto\" style=\"vertical-align: inherit;\"><span dir=\"auto\" style=\"vertical-align: inherit;\">0,68\u20130,73<\/span><\/span><\/span><\/span><\/p>\n<\/td>\n<td style=\"width: 147px; height: 31px;\">\n<p align=\"center\"><span style=\"vertical-align: inherit;\"><span style=\"vertical-align: inherit;\"><span dir=\"auto\" style=\"vertical-align: inherit;\"><span dir=\"auto\" style=\"vertical-align: inherit;\">0,65\u20130,73<\/span><\/span><\/span><\/span><\/p>\n<\/td>\n<\/tr>\n<tr>\n<td style=\"width: 211px; height: 31px;\"><span style=\"vertical-align: inherit;\"><span style=\"vertical-align: inherit;\"><span dir=\"auto\" style=\"vertical-align: inherit;\"><span dir=\"auto\" style=\"vertical-align: inherit;\">Todellinen tiheys (m\u00e4rk\u00e4n\u00e4) g\/ml<\/span><\/span><\/span><\/span><\/td>\n<td style=\"width: 168px; height: 31px;\">\n<p align=\"center\"><span style=\"vertical-align: inherit;\"><span style=\"vertical-align: inherit;\"><span dir=\"auto\" style=\"vertical-align: inherit;\"><span dir=\"auto\" style=\"vertical-align: inherit;\">1,25\u20131,28<\/span><\/span><\/span><\/span><\/p>\n<\/td>\n<td style=\"width: 168px; height: 31px;\">\n<p align=\"center\"><span style=\"vertical-align: inherit;\"><span style=\"vertical-align: inherit;\"><span dir=\"auto\" style=\"vertical-align: inherit;\"><span dir=\"auto\" style=\"vertical-align: inherit;\">1,07\u20131,12<\/span><\/span><\/span><\/span><\/p>\n<\/td>\n<td style=\"width: 147px; height: 31px;\">\n<p align=\"center\"><span style=\"vertical-align: inherit;\"><span style=\"vertical-align: inherit;\"><span dir=\"auto\" style=\"vertical-align: inherit;\"><span dir=\"auto\" style=\"vertical-align: inherit;\">1,060\u20131,100<\/span><\/span><\/span><\/span><\/p>\n<\/td>\n<\/tr>\n<tr>\n<td style=\"width: 211px; height: 31px;\"><span style=\"vertical-align: inherit;\"><span style=\"vertical-align: inherit;\"><span dir=\"auto\" style=\"vertical-align: inherit;\"><span dir=\"auto\" style=\"vertical-align: inherit;\">Hiukkaskokoalue %<\/span><\/span><\/span><\/span><\/td>\n<td style=\"width: 168px; height: 31px;\">\n<p align=\"center\"><span style=\"vertical-align: inherit;\"><span style=\"vertical-align: inherit;\"><span dir=\"auto\" style=\"vertical-align: inherit;\"><span dir=\"auto\" style=\"vertical-align: inherit;\">(0,50\u20131,0 mm)<\/span><\/span><\/span><\/span><\/p>\n<p align=\"center\"><span style=\"vertical-align: inherit;\"><span style=\"vertical-align: inherit;\"><span dir=\"auto\" style=\"vertical-align: inherit;\"><span dir=\"auto\" style=\"vertical-align: inherit;\">\u2265 95,0<\/span><\/span><\/span><\/span><\/p>\n<\/td>\n<td style=\"width: 168px; height: 31px;\">\n<p align=\"center\"><span style=\"vertical-align: inherit;\"><span style=\"vertical-align: inherit;\"><span dir=\"auto\" style=\"vertical-align: inherit;\"><span dir=\"auto\" style=\"vertical-align: inherit;\">(0,40\u20131,0 mm)<\/span><\/span><\/span><\/span><\/p>\n<p align=\"center\"><span style=\"vertical-align: inherit;\"><span style=\"vertical-align: inherit;\"><span dir=\"auto\" style=\"vertical-align: inherit;\"><span dir=\"auto\" style=\"vertical-align: inherit;\">\u2265 95,0<\/span><\/span><\/span><\/span><\/p>\n<\/td>\n<td style=\"width: 147px; height: 31px;\">\n<p align=\"center\"><span style=\"vertical-align: inherit;\"><span style=\"vertical-align: inherit;\"><span dir=\"auto\" style=\"vertical-align: inherit;\"><span dir=\"auto\" style=\"vertical-align: inherit;\">1,0\u20132,0 mm \u226595 %<\/span><\/span><\/span><\/span><\/p>\n<\/td>\n<\/tr>\n<tr>\n<td style=\"width: 211px; height: 31px;\"><span style=\"vertical-align: inherit;\"><span style=\"vertical-align: inherit;\"><span dir=\"auto\" style=\"vertical-align: inherit;\"><span dir=\"auto\" style=\"vertical-align: inherit;\">Ero %<\/span><\/span><\/span><\/span><\/td>\n<td style=\"width: 168px; height: 31px;\">\n<p align=\"center\"><span style=\"vertical-align: inherit;\"><span style=\"vertical-align: inherit;\"><span dir=\"auto\" style=\"vertical-align: inherit;\"><span dir=\"auto\" style=\"vertical-align: inherit;\">40\u201350<\/span><\/span><\/span><\/span><\/p>\n<\/td>\n<td style=\"width: 168px; height: 31px;\">\n<p align=\"center\"><span style=\"vertical-align: inherit;\"><span style=\"vertical-align: inherit;\"><span dir=\"auto\" style=\"vertical-align: inherit;\"><span dir=\"auto\" style=\"vertical-align: inherit;\">50\u201360<\/span><\/span><\/span><\/span><\/p>\n<\/td>\n<td style=\"width: 147px; height: 31px;\">\n<p align=\"center\"><span style=\"vertical-align: inherit;\"><span style=\"vertical-align: inherit;\"><span dir=\"auto\" style=\"vertical-align: inherit;\"><span dir=\"auto\" style=\"vertical-align: inherit;\">50\u201360<\/span><\/span><\/span><\/span><\/p>\n<\/td>\n<\/tr>\n<\/tbody>\n<\/table>\n<p><strong><span style=\"vertical-align: inherit;\"><span style=\"vertical-align: inherit;\"><span dir=\"auto\" style=\"vertical-align: inherit;\"><span dir=\"auto\" style=\"vertical-align: inherit;\">3. K\u00e4ytt\u00f6suositukset:<\/span><\/span><\/span><\/span><\/strong><\/p>\n<p><span style=\"vertical-align: inherit;\"><span style=\"vertical-align: inherit;\"><span dir=\"auto\" style=\"vertical-align: inherit;\"><span dir=\"auto\" style=\"vertical-align: inherit;\">Taulukko 1: Hartsien k\u00e4ytt\u00f6ohjeet:<\/span><\/span><\/span><\/span><\/p>\n<table width=\"694\" align=\"center\">\n<tbody>\n<tr>\n<td style=\"height: 51px;\" colspan=\"6\" align=\"center\" valign=\"middle\"><strong><span style=\"vertical-align: inherit;\"><span style=\"vertical-align: inherit;\"><span dir=\"auto\" style=\"vertical-align: inherit;\"><span dir=\"auto\" style=\"vertical-align: inherit;\">Sokeriliuosten k\u00e4ytt\u00f6ohjeet<\/span><\/span><\/span><\/span><\/strong><\/td>\n<\/tr>\n<tr>\n<td style=\"width: 168px; text-align: center;\" height=\"42\"><span style=\"vertical-align: inherit;\"><span style=\"vertical-align: inherit;\"><span dir=\"auto\" style=\"vertical-align: inherit;\"><span dir=\"auto\" style=\"vertical-align: inherit;\">Hartsityyppi<\/span><\/span><\/span><\/span><\/td>\n<td style=\"width: 168px; text-align: center;\" height=\"42\"><span style=\"vertical-align: inherit;\"><span style=\"vertical-align: inherit;\"><span dir=\"auto\" style=\"vertical-align: inherit;\"><span dir=\"auto\" style=\"vertical-align: inherit;\">Ratkaisu<\/span><\/span><\/span><\/span><\/td>\n<td style=\"width: 168px; text-align: center;\" height=\"42\"><span style=\"vertical-align: inherit;\"><span style=\"vertical-align: inherit;\"><span dir=\"auto\" style=\"vertical-align: inherit;\"><span dir=\"auto\" style=\"vertical-align: inherit;\">Virtausnopeus<\/span><\/span><\/span><\/span><\/td>\n<td style=\"width: 168px; text-align: center;\" height=\"42\"><span style=\"vertical-align: inherit;\"><span style=\"vertical-align: inherit;\"><span dir=\"auto\" style=\"vertical-align: inherit;\"><span dir=\"auto\" style=\"vertical-align: inherit;\">Annostus<\/span><\/span><\/span><\/span><\/td>\n<\/tr>\n<tr>\n<td height=\"42\"><span style=\"vertical-align: inherit;\"><span style=\"vertical-align: inherit;\"><span dir=\"auto\" style=\"vertical-align: inherit;\"><span dir=\"auto\" style=\"vertical-align: inherit;\">ZGC151FDMB<\/span><\/span><\/span><\/span><\/td>\n<td height=\"42\"><span style=\"vertical-align: inherit;\"><span style=\"vertical-align: inherit;\"><span dir=\"auto\" style=\"vertical-align: inherit;\"><span dir=\"auto\" style=\"vertical-align: inherit;\">Uudistuminen<\/span><\/span><\/span><\/span><\/td>\n<td align=\"center\" height=\"42\"><span dir=\"auto\" style=\"vertical-align: inherit;\"><span dir=\"auto\" style=\"vertical-align: inherit;\">\u22643~5 l\/m\u00b2\u00b7vuosi<\/span><\/span><\/td>\n<td align=\"center\" height=\"42\"><span style=\"vertical-align: inherit;\"><span style=\"vertical-align: inherit;\"><span dir=\"auto\" style=\"vertical-align: inherit;\"><span dir=\"auto\" style=\"vertical-align: inherit;\">0,5\u20131,0 kg\/m\u00b2<\/span><\/span><\/span><\/span><\/td>\n<\/tr>\n<\/tbody>\n<\/table>\n<\/td>\n<\/tr>\n<\/tbody>\n<\/table>\n","protected":false},"excerpt":{"rendered":"<p>ZGC151FD MB ja ZGA352FDMB tai ZGA351FD MB sekakerroshartsit sokeriliuoksiin 1. Kuvaus: Sokeriliuoksiin tarkoitettuihin hydroliittisiin sekakerroshartseihin kuuluvat ZGC151FDMB ja ZGA352FDMB tai ZGA351FDMB, joilla on tietty hiukkaskokoalue. Niill\u00e4 on nopea vaihtonopeus ja ne kest\u00e4v\u00e4t hyvin orgaanista kontaminaatiota ja osmoosia. Sekakerroshartsien tietty hiukkaskoko tekee niist\u00e4 erityisen sopivia sokerin puhdistukseen elintarviketeollisuudessa. ZGC151FDMB on makrohuokoinen, vahvasti hapan kationinvaihtohartsi. ZGA352FDMB ja&#8230;<\/p>\n","protected":false},"featured_media":1933,"comment_status":"closed","ping_status":"closed","template":"","meta":[],"product_cat":[745],"product_tag":[],"class_list":["post-6257","product","type-product","status-publish","has-post-thumbnail","hentry","product_cat-luokittelematon"],"_links":{"self":[{"href":"https:\/\/hydrolite.eu\/fi\/wp-json\/wp\/v2\/product\/6257","targetHints":{"allow":["GET"]}}],"collection":[{"href":"https:\/\/hydrolite.eu\/fi\/wp-json\/wp\/v2\/product"}],"about":[{"href":"https:\/\/hydrolite.eu\/fi\/wp-json\/wp\/v2\/types\/product"}],"replies":[{"embeddable":true,"href":"https:\/\/hydrolite.eu\/fi\/wp-json\/wp\/v2\/comments?post=6257"}],"wp:featuredmedia":[{"embeddable":true,"href":"https:\/\/hydrolite.eu\/fi\/wp-json\/wp\/v2\/media\/1933"}],"wp:attachment":[{"href":"https:\/\/hydrolite.eu\/fi\/wp-json\/wp\/v2\/media?parent=6257"}],"wp:term":[{"taxonomy":"product_cat","embeddable":true,"href":"https:\/\/hydrolite.eu\/fi\/wp-json\/wp\/v2\/product_cat?post=6257"},{"taxonomy":"product_tag","embeddable":true,"href":"https:\/\/hydrolite.eu\/fi\/wp-json\/wp\/v2\/product_tag?post=6257"}],"curies":[{"name":"wp","href":"https:\/\/api.w.org\/{rel}","templated":true}]}}