{"id":4595,"date":"2022-05-20T11:11:46","date_gmt":"2025-10-27T09:22:21","guid":{"rendered":"https:\/\/hydrolite.eu\/?post_type=product&#038;p=4595"},"modified":"2025-10-27T12:22:21","modified_gmt":"2025-10-27T09:22:21","slug":"hydrolite-zgc858-erityinen-kationinvaihtohartsi-raudanpoistoon-ja-veden-pehmentamiseen","status":"publish","type":"product","link":"https:\/\/hydrolite.eu\/fi\/product\/hydrolite-zgc858-erityinen-kationinvaihtohartsi-raudanpoistoon-ja-veden-pehmentamiseen\/","title":{"rendered":"HYDROLITE ZGC858 Erityinen kationinvaihtohartsi raudanpoistoon ja veden pehment\u00e4miseen"},"content":{"rendered":"<h2 class=\"MsoNormal\" style=\"text-align: center;\" align=\"center\"><span style=\"font-size: 14.0pt; font-family: 'Arial','sans-serif';\"><span dir=\"auto\" style=\"vertical-align: inherit;\"><span dir=\"auto\" style=\"vertical-align: inherit;\">HYDROLITE ZGC858 Erityinen kationinvaihtohartsi raudanpoistoon ja veden pehment\u00e4miseen<\/span><\/span><\/span><\/h2>\n<p class=\"MsoNormal\" style=\"text-align: justify; text-indent: 35.4pt;\"><span class=\"GramE\"><span style=\"font-family: 'Arial','sans-serif';\"><strong><span dir=\"auto\" style=\"vertical-align: inherit;\"><span dir=\"auto\" style=\"vertical-align: inherit;\">ZGC858 on vahvasti hapan kationinvaihtohartsi, jossa on inertti ydin<\/span><\/span><\/strong><span dir=\"auto\" style=\"vertical-align: inherit;\"><span dir=\"auto\" style=\"vertical-align: inherit;\"> .<\/span><\/span><\/span><\/span><span style=\"font-family: 'Arial','sans-serif';\"><span dir=\"auto\" style=\"vertical-align: inherit;\"><span dir=\"auto\" style=\"vertical-align: inherit;\"> Se on suunniteltu tehokkaaseen ja pitk\u00e4aikaiseen<\/span><\/span><br \/>\n<span dir=\"auto\" style=\"vertical-align: inherit;\"><span dir=\"auto\" style=\"vertical-align: inherit;\">raudan ja raskasmetallien poistoon sek\u00e4 veden pehment\u00e4miseen. Sill\u00e4 on korkea vaihtokapasiteetti ja erinomainen fysikaalinen ja kemiallinen<\/span><\/span><span style=\"mso-spacerun: yes;\"><br \/>\n<\/span><span dir=\"auto\" style=\"vertical-align: inherit;\"><span dir=\"auto\" style=\"vertical-align: inherit;\">stabiilius.<\/span><\/span><\/span><\/p>\n<p class=\"MsoNormal\" style=\"text-align: justify; text-indent: 35.4pt;\"><span style=\"font-family: 'Arial','sans-serif';\"><span dir=\"auto\" style=\"vertical-align: inherit;\"><span dir=\"auto\" style=\"vertical-align: inherit;\">Funktionaaliset ryhm\u00e4t sijaitsevat vain hartsin pinnalla ja ovat hyvin l\u00e4hell\u00e4 toisiaan. N\u00e4in ollen kaikki <\/span><\/span><span class=\"GramE\"><span dir=\"auto\" style=\"vertical-align: inherit;\"><span dir=\"auto\" style=\"vertical-align: inherit;\">ioninvaihtoreaktiot<\/span><\/span><\/span><span dir=\"auto\" style=\"vertical-align: inherit;\"><span dir=\"auto\" style=\"vertical-align: inherit;\"> tapahtuvat yksinomaan hartsin pinnalla, mik\u00e4 est\u00e4\u00e4 ionien vuotamisen ja varmistaa hartsin t\u00e4ydellisen talteenoton.<\/span><\/span><span style=\"mso-spacerun: yes;\"><br \/>\n<\/span><\/span><\/p>\n<p class=\"MsoNormal\" style=\"text-align: justify; text-indent: 35.4pt;\"><span style=\"font-family: 'Arial','sans-serif';\"><span dir=\"auto\" style=\"vertical-align: inherit;\"><span dir=\"auto\" style=\"vertical-align: inherit;\">Ainutlaatuisten ominaisuuksiensa ansiosta <\/span><\/span><\/span><span lang=\"EN-US\" style=\"font-family: 'Arial','sans-serif'; mso-ansi-language: EN-US;\"><span dir=\"auto\" style=\"vertical-align: inherit;\"><span dir=\"auto\" style=\"vertical-align: inherit;\">ZGC <\/span><\/span><\/span><span style=\"font-family: 'Arial','sans-serif';\"><span dir=\"auto\" style=\"vertical-align: inherit;\"><span dir=\"auto\" style=\"vertical-align: inherit;\">858 on paras tuote veden pehment\u00e4miseen, <\/span><\/span><span style=\"mso-spacerun: yes;\">\u00a0 <\/span><span dir=\"auto\" style=\"vertical-align: inherit;\"><span dir=\"auto\" style=\"vertical-align: inherit;\">raudan ja mangaanin poistoon.<\/span><\/span><\/span><\/p>\n<p class=\"MsoNormal\" style=\"text-align: justify;\"><b style=\"mso-bidi-font-weight: normal;\"><span style=\"font-family: 'Arial','sans-serif';\">\u00a0<\/span><\/b><\/p>\n<p class=\"MsoNormal\" style=\"text-align: justify;\"><b style=\"mso-bidi-font-weight: normal;\"><span style=\"font-family: 'Arial','sans-serif';\">\u00a0<\/span><\/b><\/p>\n<p class=\"MsoNormal\" style=\"text-align: justify;\"><b style=\"mso-bidi-font-weight: normal;\"><span style=\"font-family: 'Arial','sans-serif';\">\u00a0<\/span><\/b><\/p>\n<p class=\"MsoNormal\" style=\"text-align: justify;\"><b style=\"mso-bidi-font-weight: normal;\"><span style=\"font-family: 'Arial','sans-serif';\"><span dir=\"auto\" style=\"vertical-align: inherit;\"><span dir=\"auto\" style=\"vertical-align: inherit;\">Tyypilliset fysikaaliset, <\/span><\/span><br \/>\n<span dir=\"auto\" style=\"vertical-align: inherit;\"><span dir=\"auto\" style=\"vertical-align: inherit;\">kemialliset ja teknologiset ominaisuudet:<\/span><\/span><\/span><\/b><\/p>\n<p class=\"MsoNormal\" style=\"text-align: justify;\"><span style=\"font-family: 'Arial','sans-serif';\">\u00a0<\/span><\/p>\n<table class=\"MsoNormalTable\" style=\"border-collapse: collapse; border: none; mso-border-alt: solid windowtext .5pt; mso-yfti-tbllook: 480; mso-padding-alt: 0cm 5.4pt 0cm 5.4pt; mso-border-insideh: .5pt solid windowtext; mso-border-insidev: .5pt solid windowtext;\" border=\"1\" cellspacing=\"0\" cellpadding=\"0\">\n<tbody>\n<tr style=\"mso-yfti-irow: 0; mso-yfti-firstrow: yes;\">\n<td style=\"width: 274.75pt; border: solid windowtext 1.0pt; mso-border-alt: solid windowtext .5pt; padding: 0cm 5.4pt 0cm 5.4pt;\" valign=\"top\" width=\"366\">\n<p class=\"MsoNormal\" style=\"text-align: justify;\"><span style=\"font-family: 'Arial','sans-serif';\"><br \/>\n<span dir=\"auto\" style=\"vertical-align: inherit;\"><span dir=\"auto\" style=\"vertical-align: inherit;\">Ulkon\u00e4k\u00f6<\/span><\/span><\/span><\/p>\n<\/td>\n<td style=\"width: 203.8pt; border: solid windowtext 1.0pt; border-left: none; mso-border-left-alt: solid windowtext .5pt; mso-border-alt: solid windowtext .5pt; padding: 0cm 5.4pt 0cm 5.4pt;\" valign=\"top\" width=\"272\">\n<p class=\"MsoNormal\"><span style=\"font-family: 'Arial','sans-serif';\"><span dir=\"auto\" style=\"vertical-align: inherit;\"><span dir=\"auto\" style=\"vertical-align: inherit;\">Mustanruskeita <\/span><\/span><br \/>\n<span dir=\"auto\" style=\"vertical-align: inherit;\"><span dir=\"auto\" style=\"vertical-align: inherit;\">pallomaisia \u200b\u200brakeita<\/span><\/span><\/span><\/p>\n<\/td>\n<\/tr>\n<tr style=\"mso-yfti-irow: 1;\">\n<td style=\"width: 274.75pt; border: solid windowtext 1.0pt; border-top: none; mso-border-top-alt: solid windowtext .5pt; mso-border-alt: solid windowtext .5pt; padding: 0cm 5.4pt 0cm 5.4pt;\" valign=\"top\" width=\"366\">\n<p class=\"MsoNormal\" style=\"text-align: justify;\"><span style=\"font-family: 'Arial','sans-serif';\"><br \/>\n<span dir=\"auto\" style=\"vertical-align: inherit;\"><span dir=\"auto\" style=\"vertical-align: inherit;\">Kokonaisten pallomaisten hiukkasten <\/span><span dir=\"auto\" style=\"vertical-align: inherit;\">lukum\u00e4\u00e4r\u00e4<\/span><\/span><\/span><\/p>\n<\/td>\n<td style=\"width: 203.8pt; border-top: none; border-left: none; border-bottom: solid windowtext 1.0pt; border-right: solid windowtext 1.0pt; mso-border-top-alt: solid windowtext .5pt; mso-border-left-alt: solid windowtext .5pt; mso-border-alt: solid windowtext .5pt; padding: 0cm 5.4pt 0cm 5.4pt;\" valign=\"top\" width=\"272\">\n<p class=\"MsoNormal\"><span style=\"font-family: 'Arial','sans-serif';\"><span style=\"mso-spacerun: yes;\">\u00a0<\/span><\/span><span lang=\"EN-US\" style=\"font-family: 'Arial','sans-serif'; mso-ansi-language: EN-US;\"><span dir=\"auto\" style=\"vertical-align: inherit;\"><span dir=\"auto\" style=\"vertical-align: inherit;\">&gt; 95 %<\/span><\/span><\/span><\/p>\n<\/td>\n<\/tr>\n<tr style=\"mso-yfti-irow: 2;\">\n<td style=\"width: 274.75pt; border: solid windowtext 1.0pt; border-top: none; mso-border-top-alt: solid windowtext .5pt; mso-border-alt: solid windowtext .5pt; padding: 0cm 5.4pt 0cm 5.4pt;\" valign=\"top\" width=\"366\">\n<p class=\"MsoNormal\" style=\"text-align: justify;\"><span style=\"font-family: 'Arial','sans-serif';\"><span dir=\"auto\" style=\"vertical-align: inherit;\"><span dir=\"auto\" style=\"vertical-align: inherit;\">Ioninen <\/span><\/span><br \/>\n<span dir=\"auto\" style=\"vertical-align: inherit;\"><span dir=\"auto\" style=\"vertical-align: inherit;\">muoto<\/span><\/span><\/span><\/p>\n<\/td>\n<td style=\"width: 203.8pt; border-top: none; border-left: none; border-bottom: solid windowtext 1.0pt; border-right: solid windowtext 1.0pt; mso-border-top-alt: solid windowtext .5pt; mso-border-left-alt: solid windowtext .5pt; mso-border-alt: solid windowtext .5pt; padding: 0cm 5.4pt 0cm 5.4pt;\" valign=\"top\" width=\"272\">\n<p class=\"MsoNormal\"><span lang=\"EN-US\" style=\"font-family: 'Arial','sans-serif'; mso-ansi-language: EN-US;\"><span dir=\"auto\" style=\"vertical-align: inherit;\"><span dir=\"auto\" style=\"vertical-align: inherit;\">Ett\u00e4<\/span><\/span><\/span><\/p>\n<\/td>\n<\/tr>\n<tr style=\"mso-yfti-irow: 3;\">\n<td style=\"width: 274.75pt; border: solid windowtext 1.0pt; border-top: none; mso-border-top-alt: solid windowtext .5pt; mso-border-alt: solid windowtext .5pt; padding: 0cm 5.4pt 0cm 5.4pt;\" valign=\"top\" width=\"366\">\n<p class=\"MsoNormal\" style=\"text-align: justify;\"><span style=\"font-family: 'Arial','sans-serif';\"><span dir=\"auto\" style=\"vertical-align: inherit;\"><span dir=\"auto\" style=\"vertical-align: inherit;\">Hiukkaskoko<\/span><\/span><br \/>\n<span dir=\"auto\" style=\"vertical-align: inherit;\"><span dir=\"auto\" style=\"vertical-align: inherit;\">\u200b<\/span><\/span><\/span><\/p>\n<\/td>\n<td style=\"width: 203.8pt; border-top: none; border-left: none; border-bottom: solid windowtext 1.0pt; border-right: solid windowtext 1.0pt; mso-border-top-alt: solid windowtext .5pt; mso-border-left-alt: solid windowtext .5pt; mso-border-alt: solid windowtext .5pt; padding: 0cm 5.4pt 0cm 5.4pt;\" valign=\"top\" width=\"272\">\n<p class=\"MsoNormal\"><span style=\"font-family: 'Arial','sans-serif';\"><span dir=\"auto\" style=\"vertical-align: inherit;\"><span dir=\"auto\" style=\"vertical-align: inherit;\">0,315\u20131,250 <\/span><\/span><\/span><span dir=\"auto\" style=\"vertical-align: inherit;\"><span style=\"font-family: 'Arial','sans-serif';\"><span dir=\"auto\" style=\"vertical-align: inherit;\">mm <\/span><\/span><\/span><span lang=\"EN-US\" style=\"font-family: 'Arial','sans-serif'; mso-ansi-language: EN-US;\"><span dir=\"auto\" style=\"vertical-align: inherit;\"><span dir=\"auto\" style=\"vertical-align: inherit;\">&gt; <\/span><\/span><\/span><span dir=\"auto\" style=\"vertical-align: inherit;\"><span lang=\"EN-US\" style=\"font-family: 'Arial','sans-serif'; mso-ansi-language: EN-US;\"><span dir=\"auto\" style=\"vertical-align: inherit;\">95 <\/span><\/span><span style=\"font-family: 'Arial','sans-serif';\"><span dir=\"auto\" style=\"vertical-align: inherit;\">%<\/span><\/span><\/span><span style=\"font-family: 'Arial','sans-serif';\"><span dir=\"auto\" style=\"vertical-align: inherit;\"><span dir=\"auto\" style=\"vertical-align: inherit;\">\u200b<\/span><\/span><\/span><span dir=\"auto\" style=\"vertical-align: inherit;\"><span lang=\"EN-US\" style=\"font-family: 'Arial','sans-serif'; mso-ansi-language: EN-US;\"><span dir=\"auto\" style=\"vertical-align: inherit;\">\u200b<\/span><\/span><\/span><\/p>\n<\/td>\n<\/tr>\n<tr style=\"mso-yfti-irow: 4;\">\n<td style=\"width: 274.75pt; border: solid windowtext 1.0pt; border-top: none; mso-border-top-alt: solid windowtext .5pt; mso-border-alt: solid windowtext .5pt; padding: 0cm 5.4pt 0cm 5.4pt;\" valign=\"top\" width=\"366\">\n<p class=\"MsoNormal\" style=\"text-align: justify;\"><span style=\"font-family: 'Arial','sans-serif';\"><span dir=\"auto\" style=\"vertical-align: inherit;\"><span dir=\"auto\" style=\"vertical-align: inherit;\">Kosteuspitoisuus <\/span><\/span><br \/>\n<span dir=\"auto\" style=\"vertical-align: inherit;\"><span dir=\"auto\" style=\"vertical-align: inherit;\">, %<\/span><\/span><\/span><\/p>\n<\/td>\n<td style=\"width: 203.8pt; border-top: none; border-left: none; border-bottom: solid windowtext 1.0pt; border-right: solid windowtext 1.0pt; mso-border-top-alt: solid windowtext .5pt; mso-border-left-alt: solid windowtext .5pt; mso-border-alt: solid windowtext .5pt; padding: 0cm 5.4pt 0cm 5.4pt;\" valign=\"top\" width=\"272\">\n<p class=\"MsoNormal\"><span lang=\"EN-US\" style=\"font-family: 'Arial','sans-serif'; mso-ansi-language: EN-US;\"><span dir=\"auto\" style=\"vertical-align: inherit;\"><span dir=\"auto\" style=\"vertical-align: inherit;\">4 <\/span><\/span><\/span><span style=\"font-family: 'Arial','sans-serif';\"><span dir=\"auto\" style=\"vertical-align: inherit;\"><span dir=\"auto\" style=\"vertical-align: inherit;\">8 <\/span><\/span><br \/>\n<span dir=\"auto\" style=\"vertical-align: inherit;\"><span dir=\"auto\" style=\"vertical-align: inherit;\">\u2013 <\/span><\/span><\/span><span lang=\"EN-US\" style=\"font-family: 'Arial','sans-serif'; mso-ansi-language: EN-US;\"><span dir=\"auto\" style=\"vertical-align: inherit;\"><span dir=\"auto\" style=\"vertical-align: inherit;\">5 <\/span><\/span><\/span><span style=\"font-family: 'Arial','sans-serif';\"><span dir=\"auto\" style=\"vertical-align: inherit;\"><span dir=\"auto\" style=\"vertical-align: inherit;\">6<\/span><\/span><\/span><\/p>\n<\/td>\n<\/tr>\n<tr style=\"mso-yfti-irow: 5;\">\n<td style=\"width: 274.75pt; border: solid windowtext 1.0pt; border-top: none; mso-border-top-alt: solid windowtext .5pt; mso-border-alt: solid windowtext .5pt; padding: 0cm 5.4pt 0cm 5.4pt;\" valign=\"top\" width=\"366\">\n<p class=\"MsoNormal\" style=\"text-align: justify;\"><span style=\"font-family: 'Arial','sans-serif';\"><span dir=\"auto\" style=\"vertical-align: inherit;\"><span dir=\"auto\" style=\"vertical-align: inherit;\">Kokonaisvaihtokapasiteetti <\/span><\/span><br \/>\n<span dir=\"auto\" style=\"vertical-align: inherit;\"><span dir=\"auto\" style=\"vertical-align: inherit;\">, <\/span><\/span><span class=\"SpellE\"><span dir=\"auto\" style=\"vertical-align: inherit;\"><span dir=\"auto\" style=\"vertical-align: inherit;\">mmol<\/span><\/span><\/span><span dir=\"auto\" style=\"vertical-align: inherit;\"><span dir=\"auto\" style=\"vertical-align: inherit;\"> \/g<\/span><\/span><\/span><\/p>\n<\/td>\n<td style=\"width: 203.8pt; border-top: none; border-left: none; border-bottom: solid windowtext 1.0pt; border-right: solid windowtext 1.0pt; mso-border-top-alt: solid windowtext .5pt; mso-border-left-alt: solid windowtext .5pt; mso-border-alt: solid windowtext .5pt; padding: 0cm 5.4pt 0cm 5.4pt;\" valign=\"top\" width=\"272\">\n<p class=\"MsoNormal\"><span style=\"font-family: 'Arial','sans-serif';\"><span dir=\"auto\" style=\"vertical-align: inherit;\"><span dir=\"auto\" style=\"vertical-align: inherit;\">&gt;3,10<\/span><\/span><\/span><\/p>\n<\/td>\n<\/tr>\n<tr style=\"mso-yfti-irow: 6;\">\n<td style=\"width: 274.75pt; border: solid windowtext 1.0pt; border-top: none; mso-border-top-alt: solid windowtext .5pt; mso-border-alt: solid windowtext .5pt; padding: 0cm 5.4pt 0cm 5.4pt;\" valign=\"top\" width=\"366\">\n<p class=\"MsoNormal\" style=\"text-align: justify;\"><span style=\"font-family: 'Arial','sans-serif';\"><span dir=\"auto\" style=\"vertical-align: inherit;\"><span dir=\"auto\" style=\"vertical-align: inherit;\">Kokonaisvaihtokapasiteetti <\/span><\/span><br \/>\n<span dir=\"auto\" style=\"vertical-align: inherit;\"><span dir=\"auto\" style=\"vertical-align: inherit;\">, <\/span><\/span><span class=\"SpellE\"><span dir=\"auto\" style=\"vertical-align: inherit;\"><span dir=\"auto\" style=\"vertical-align: inherit;\">mmol<\/span><\/span><\/span><span dir=\"auto\" style=\"vertical-align: inherit;\"><span dir=\"auto\" style=\"vertical-align: inherit;\"> \/ml<\/span><\/span><\/span><\/p>\n<\/td>\n<td style=\"width: 203.8pt; border-top: none; border-left: none; border-bottom: solid windowtext 1.0pt; border-right: solid windowtext 1.0pt; mso-border-top-alt: solid windowtext .5pt; mso-border-left-alt: solid windowtext .5pt; mso-border-alt: solid windowtext .5pt; padding: 0cm 5.4pt 0cm 5.4pt;\" valign=\"top\" width=\"272\">\n<p class=\"MsoNormal\"><span lang=\"EN-US\" style=\"font-family: 'Arial','sans-serif'; mso-ansi-language: EN-US;\"><span dir=\"auto\" style=\"vertical-align: inherit;\"><span dir=\"auto\" style=\"vertical-align: inherit;\">&gt;1,10<\/span><\/span><\/span><\/p>\n<\/td>\n<\/tr>\n<tr style=\"mso-yfti-irow: 7;\">\n<td style=\"width: 274.75pt; border: solid windowtext 1.0pt; border-top: none; mso-border-top-alt: solid windowtext .5pt; mso-border-alt: solid windowtext .5pt; padding: 0cm 5.4pt 0cm 5.4pt;\" valign=\"top\" width=\"366\">\n<p class=\"MsoNormal\" style=\"text-align: justify;\"><span style=\"font-family: 'Arial','sans-serif';\"><span dir=\"auto\" style=\"vertical-align: inherit;\"><span dir=\"auto\" style=\"vertical-align: inherit;\">Suositeltu <\/span><\/span><br \/>\n<span dir=\"auto\" style=\"vertical-align: inherit;\"><span dir=\"auto\" style=\"vertical-align: inherit;\">laskettu kapasiteetti, <\/span><\/span><span class=\"SpellE\"><span dir=\"auto\" style=\"vertical-align: inherit;\"><span dir=\"auto\" style=\"vertical-align: inherit;\">mmol<\/span><\/span><\/span><span dir=\"auto\" style=\"vertical-align: inherit;\"><span dir=\"auto\" style=\"vertical-align: inherit;\"> \/ml<\/span><\/span><\/span><\/p>\n<\/td>\n<td style=\"width: 203.8pt; border-top: none; border-left: none; border-bottom: solid windowtext 1.0pt; border-right: solid windowtext 1.0pt; mso-border-top-alt: solid windowtext .5pt; mso-border-left-alt: solid windowtext .5pt; mso-border-alt: solid windowtext .5pt; padding: 0cm 5.4pt 0cm 5.4pt;\" valign=\"top\" width=\"272\">\n<p class=\"MsoNormal\"><span lang=\"EN-US\" style=\"font-family: 'Arial','sans-serif'; mso-ansi-language: EN-US;\"><span dir=\"auto\" style=\"vertical-align: inherit;\"><span dir=\"auto\" style=\"vertical-align: inherit;\">0,8<\/span><\/span><\/span><\/p>\n<\/td>\n<\/tr>\n<tr style=\"mso-yfti-irow: 8;\">\n<td style=\"width: 274.75pt; border: solid windowtext 1.0pt; border-top: none; mso-border-top-alt: solid windowtext .5pt; mso-border-alt: solid windowtext .5pt; padding: 0cm 5.4pt 0cm 5.4pt;\" valign=\"top\" width=\"366\">\n<p class=\"MsoNormal\" style=\"text-align: justify;\"><span style=\"font-family: 'Arial','sans-serif';\"><br \/>\n<span dir=\"auto\" style=\"vertical-align: inherit;\"><span dir=\"auto\" style=\"vertical-align: inherit;\">Rautaionien <\/span><span dir=\"auto\" style=\"vertical-align: inherit;\">kapasiteetti , <\/span><\/span><span class=\"SpellE\"><span dir=\"auto\" style=\"vertical-align: inherit;\"><span dir=\"auto\" style=\"vertical-align: inherit;\">grammaa<\/span><\/span><\/span><span dir=\"auto\" style=\"vertical-align: inherit;\"><span dir=\"auto\" style=\"vertical-align: inherit;\"> litraa kohden<\/span><\/span><\/span><\/p>\n<\/td>\n<td style=\"width: 203.8pt; border-top: none; border-left: none; border-bottom: solid windowtext 1.0pt; border-right: solid windowtext 1.0pt; mso-border-top-alt: solid windowtext .5pt; mso-border-left-alt: solid windowtext .5pt; mso-border-alt: solid windowtext .5pt; padding: 0cm 5.4pt 0cm 5.4pt;\" valign=\"top\" width=\"272\">\n<p class=\"MsoNormal\"><span style=\"font-family: 'Arial','sans-serif';\"><span dir=\"auto\" style=\"vertical-align: inherit;\"><span dir=\"auto\" style=\"vertical-align: inherit;\">14<\/span><\/span><\/span><\/p>\n<\/td>\n<\/tr>\n<tr style=\"mso-yfti-irow: 9; mso-yfti-lastrow: yes;\">\n<td style=\"width: 274.75pt; border: solid windowtext 1.0pt; border-top: none; mso-border-top-alt: solid windowtext .5pt; mso-border-alt: solid windowtext .5pt; padding: 0cm 5.4pt 0cm 5.4pt;\" valign=\"top\" width=\"366\">\n<p class=\"MsoNormal\" style=\"text-align: justify;\"><span style=\"font-family: 'Arial','sans-serif';\"><span dir=\"auto\" style=\"vertical-align: inherit;\"><span dir=\"auto\" style=\"vertical-align: inherit;\">Pakkaus <\/span><\/span><br \/>\n<span dir=\"auto\" style=\"vertical-align: inherit;\"><span dir=\"auto\" style=\"vertical-align: inherit;\">PE-pusseihin, <\/span><\/span><span class=\"GramE\"><span dir=\"auto\" style=\"vertical-align: inherit;\"><span dir=\"auto\" style=\"vertical-align: inherit;\">l<\/span><\/span><\/span><\/span><\/p>\n<\/td>\n<td style=\"width: 203.8pt; border-top: none; border-left: none; border-bottom: solid windowtext 1.0pt; border-right: solid windowtext 1.0pt; mso-border-top-alt: solid windowtext .5pt; mso-border-left-alt: solid windowtext .5pt; mso-border-alt: solid windowtext .5pt; padding: 0cm 5.4pt 0cm 5.4pt;\" valign=\"top\" width=\"272\">\n<p class=\"MsoNormal\"><span style=\"font-family: 'Arial','sans-serif';\"><span dir=\"auto\" style=\"vertical-align: inherit;\"><span dir=\"auto\" style=\"vertical-align: inherit;\">25<\/span><\/span><\/span><\/p>\n<\/td>\n<\/tr>\n<\/tbody>\n<\/table>\n","protected":false},"excerpt":{"rendered":"<p><strong><span dir=\"auto\" style=\"vertical-align: inherit;\"><span dir=\"auto\" style=\"vertical-align: inherit;\">ZGC858 on vahvasti hapan kationinvaihtohartsi, jossa on inertti ydin<\/span><\/span><\/strong><span dir=\"auto\" style=\"vertical-align: inherit;\"><span dir=\"auto\" style=\"vertical-align: inherit;\"> . Se on suunniteltu tehokkaaseen ja pitk\u00e4aikaiseen raudan ja raskasmetallien poistoon sek\u00e4 veden pehment\u00e4miseen. Sill\u00e4 on korkea vaihtokapasiteetti ja erinomainen fysikaalinen ja kemiallinen stabiilius.<\/span><\/span><\/p>\n","protected":false},"featured_media":2052,"comment_status":"closed","ping_status":"closed","template":"","meta":[],"product_cat":[470],"product_tag":[],"class_list":["post-4595","product","type-product","status-publish","has-post-thumbnail","hentry","product_cat-juomaveden-kasittely"],"_links":{"self":[{"href":"https:\/\/hydrolite.eu\/fi\/wp-json\/wp\/v2\/product\/4595","targetHints":{"allow":["GET"]}}],"collection":[{"href":"https:\/\/hydrolite.eu\/fi\/wp-json\/wp\/v2\/product"}],"about":[{"href":"https:\/\/hydrolite.eu\/fi\/wp-json\/wp\/v2\/types\/product"}],"replies":[{"embeddable":true,"href":"https:\/\/hydrolite.eu\/fi\/wp-json\/wp\/v2\/comments?post=4595"}],"wp:featuredmedia":[{"embeddable":true,"href":"https:\/\/hydrolite.eu\/fi\/wp-json\/wp\/v2\/media\/2052"}],"wp:attachment":[{"href":"https:\/\/hydrolite.eu\/fi\/wp-json\/wp\/v2\/media?parent=4595"}],"wp:term":[{"taxonomy":"product_cat","embeddable":true,"href":"https:\/\/hydrolite.eu\/fi\/wp-json\/wp\/v2\/product_cat?post=4595"},{"taxonomy":"product_tag","embeddable":true,"href":"https:\/\/hydrolite.eu\/fi\/wp-json\/wp\/v2\/product_tag?post=4595"}],"curies":[{"name":"wp","href":"https:\/\/api.w.org\/{rel}","templated":true}]}}