{"id":3971,"date":"2022-05-19T21:55:00","date_gmt":"2025-10-18T19:34:59","guid":{"rendered":"https:\/\/hydrolite.eu\/?post_type=product&#038;p=3971"},"modified":"2025-10-18T22:35:00","modified_gmt":"2025-10-18T19:35:00","slug":"zgc-151-elintarvikelaatuinen-makrohuokoinen-vahvasti-hapan-kationinvaihtohartsi","status":"publish","type":"product","link":"https:\/\/hydrolite.eu\/fi\/product\/zgc-151-elintarvikelaatuinen-makrohuokoinen-vahvasti-hapan-kationinvaihtohartsi\/","title":{"rendered":"ZGC 151 Elintarvikelaatuinen makrohuokoinen, vahvasti hapan kationinvaihtohartsi"},"content":{"rendered":"<h2 class=\"MsoNormal\" style=\"text-align: center;\" align=\"center\"><span style=\"font-size: 14.0pt; font-family: 'Arial','sans-serif';\"><span lang=\"EN-US\"><span dir=\"auto\" style=\"vertical-align: inherit;\"><span dir=\"auto\" style=\"vertical-align: inherit;\">ZGC<\/span><\/span><\/span><span dir=\"auto\" style=\"vertical-align: inherit;\"><span dir=\"auto\" style=\"vertical-align: inherit;\"> 151 Elintarvikelaatuinen makrohuokoinen, vahvasti hapan kationinvaihtohartsi<\/span><\/span><\/span><\/h2>\n<p class=\"MsoNormal\" style=\"text-align: justify; text-indent: 35.4pt;\"><span style=\"font-family: 'Arial','sans-serif';\">\u00a0<\/span><span style=\"font-family: 'Arial','sans-serif';\">\u00a0<\/span><strong><span lang=\"EN-US\" style=\"font-family: 'Arial','sans-serif';\"><span dir=\"auto\" style=\"vertical-align: inherit;\"><span dir=\"auto\" style=\"vertical-align: inherit;\">ZGC <\/span><\/span><\/span><\/strong><span style=\"font-family: 'Arial','sans-serif';\"><strong><span dir=\"auto\" style=\"vertical-align: inherit;\"><span dir=\"auto\" style=\"vertical-align: inherit;\">151 on makrohuokoinen, voimakkaasti hapan<\/span><\/span><\/strong><span dir=\"auto\" style=\"vertical-align: inherit;\"><span dir=\"auto\" style=\"vertical-align: inherit;\"> kationinvaihtohartsi. Sill\u00e4 on korkea ioninvaihtokapasiteetti ja erinomainen fysikaalinen ja kemiallinen stabiilius. <\/span><\/span><\/span><span lang=\"EN-US\" style=\"font-family: 'Arial','sans-serif';\"><span dir=\"auto\" style=\"vertical-align: inherit;\"><span dir=\"auto\" style=\"vertical-align: inherit;\">ZGC <\/span><\/span><\/span><span style=\"font-family: 'Arial','sans-serif';\"><span dir=\"auto\" style=\"vertical-align: inherit;\"><span dir=\"auto\" style=\"vertical-align: inherit;\">151:n makrohuokoinen rakenne varmistaa hyv\u00e4n ioninvaihtokinetiikan ja paremman diffuusion hiukkasiin ja niist\u00e4 pois. Sit\u00e4 k\u00e4ytet\u00e4\u00e4n veden pehment\u00e4miseen ja suolanpoistoon, lauhteen k\u00e4sittelyyn, j\u00e4teveden k\u00e4sittelyyn, metallien talteenottoon, hydrometallurgiaan sek\u00e4 elintarvike- ja kemianteollisuudessa. Se on eritt\u00e4in kest\u00e4v\u00e4 mekaanisille vaurioille ja <\/span><\/span><br \/>\n<span dir=\"auto\" style=\"vertical-align: inherit;\"><span dir=\"auto\" style=\"vertical-align: inherit;\">raudan, mangaanin ja orgaanisten yhdisteiden aiheuttamalle kontaminaatiolle.<\/span><\/span><\/span><\/p>\n<p class=\"MsoNormal\" style=\"text-align: justify;\"><b><span style=\"font-family: 'Arial','sans-serif';\"><span dir=\"auto\" style=\"vertical-align: inherit;\"><span dir=\"auto\" style=\"vertical-align: inherit;\">Tyypilliset fysikaaliset, kemialliset ja teknologiset ominaisuudet:<\/span><\/span><\/span><\/b><\/p>\n<table class=\"MsoNormalTable\" style=\"border-collapse: collapse; border: none;\" border=\"1\" cellspacing=\"0\" cellpadding=\"0\">\n<tbody>\n<tr>\n<td style=\"width: 274.75pt; border: solid windowtext 1.0pt; padding: 0cm 5.4pt 0cm 5.4pt;\" valign=\"top\" width=\"366\">\n<p class=\"MsoNormal\" style=\"text-align: justify;\"><span style=\"font-family: 'Arial','sans-serif';\"><span dir=\"auto\" style=\"vertical-align: inherit;\"><span dir=\"auto\" style=\"vertical-align: inherit;\">Ulkon\u00e4k\u00f6<\/span><\/span><\/span><\/p>\n<\/td>\n<td style=\"width: 203.8pt; border: solid windowtext 1.0pt; border-left: none; padding: 0cm 5.4pt 0cm 5.4pt;\" valign=\"top\" width=\"272\">\n<p class=\"MsoNormal\"><span style=\"font-family: 'Arial','sans-serif';\"><span dir=\"auto\" style=\"vertical-align: inherit;\"><span dir=\"auto\" style=\"vertical-align: inherit;\">Ruskeita, l\u00e4pin\u00e4kym\u00e4tt\u00f6mi\u00e4 pallomaisia \u200b\u200brakeita<\/span><\/span><\/span><\/p>\n<\/td>\n<\/tr>\n<tr>\n<td style=\"width: 274.75pt; border: solid windowtext 1.0pt; border-top: none; padding: 0cm 5.4pt 0cm 5.4pt;\" valign=\"top\" width=\"366\">\n<p class=\"MsoNormal\" style=\"text-align: justify;\"><span style=\"font-family: 'Arial','sans-serif';\"><span dir=\"auto\" style=\"vertical-align: inherit;\"><span dir=\"auto\" style=\"vertical-align: inherit;\">Kokonaisten pallomaisten hiukkasten lukum\u00e4\u00e4r\u00e4<\/span><\/span><\/span><\/p>\n<\/td>\n<td style=\"width: 203.8pt; border-top: none; border-left: none; border-bottom: solid windowtext 1.0pt; border-right: solid windowtext 1.0pt; padding: 0cm 5.4pt 0cm 5.4pt;\" valign=\"top\" width=\"272\">\n<p class=\"MsoNormal\"><span style=\"font-family: 'Arial','sans-serif';\">\u00a0<\/span><span lang=\"EN-US\" style=\"font-family: 'Arial','sans-serif';\"><span dir=\"auto\" style=\"vertical-align: inherit;\"><span dir=\"auto\" style=\"vertical-align: inherit;\">&gt; 95 %<\/span><\/span><\/span><\/p>\n<\/td>\n<\/tr>\n<tr>\n<td style=\"width: 274.75pt; border: solid windowtext 1.0pt; border-top: none; padding: 0cm 5.4pt 0cm 5.4pt;\" valign=\"top\" width=\"366\">\n<p class=\"MsoNormal\" style=\"text-align: justify;\"><span style=\"font-family: 'Arial','sans-serif';\"><span dir=\"auto\" style=\"vertical-align: inherit;\"><span dir=\"auto\" style=\"vertical-align: inherit;\">Ioninen muoto<\/span><\/span><\/span><\/p>\n<\/td>\n<td style=\"width: 203.8pt; border-top: none; border-left: none; border-bottom: solid windowtext 1.0pt; border-right: solid windowtext 1.0pt; padding: 0cm 5.4pt 0cm 5.4pt;\" valign=\"top\" width=\"272\">\n<p class=\"MsoNormal\"><span lang=\"EN-US\" style=\"font-family: 'Arial','sans-serif';\"><span dir=\"auto\" style=\"vertical-align: inherit;\"><span dir=\"auto\" style=\"vertical-align: inherit;\">Ett\u00e4<\/span><\/span><\/span><\/p>\n<\/td>\n<\/tr>\n<tr>\n<td style=\"width: 274.75pt; border: solid windowtext 1.0pt; border-top: none; padding: 0cm 5.4pt 0cm 5.4pt;\" valign=\"top\" width=\"366\">\n<p class=\"MsoNormal\" style=\"text-align: justify;\"><span style=\"font-family: 'Arial','sans-serif';\"><span dir=\"auto\" style=\"vertical-align: inherit;\"><span dir=\"auto\" style=\"vertical-align: inherit;\">Hiukkaskoko<\/span><\/span><\/span><\/p>\n<\/td>\n<td style=\"width: 203.8pt; border-top: none; border-left: none; border-bottom: solid windowtext 1.0pt; border-right: solid windowtext 1.0pt; padding: 0cm 5.4pt 0cm 5.4pt;\" valign=\"top\" width=\"272\">\n<p class=\"MsoNormal\"><span style=\"font-family: 'Arial','sans-serif';\"><span dir=\"auto\" style=\"vertical-align: inherit;\"><span dir=\"auto\" style=\"vertical-align: inherit;\">0,315\u20131,250 <\/span><\/span><\/span><span dir=\"auto\" style=\"vertical-align: inherit;\"><span lang=\"EN-US\" style=\"font-family: 'Arial','sans-serif';\"><span dir=\"auto\" style=\"vertical-align: inherit;\">mm <\/span><\/span><span lang=\"EN-US\" style=\"font-family: 'Arial','sans-serif';\"><span dir=\"auto\" style=\"vertical-align: inherit;\">&gt; <\/span><\/span><span style=\"font-family: 'Arial','sans-serif';\"><span dir=\"auto\" style=\"vertical-align: inherit;\">95 <\/span><\/span><span style=\"font-family: 'Arial','sans-serif';\"><span dir=\"auto\" style=\"vertical-align: inherit;\">%<\/span><\/span><\/span><span lang=\"EN-US\" style=\"font-family: 'Arial','sans-serif';\"><span dir=\"auto\" style=\"vertical-align: inherit;\"><span dir=\"auto\" style=\"vertical-align: inherit;\">\u200b<\/span><\/span><\/span><span style=\"font-family: 'Arial','sans-serif';\"><span dir=\"auto\" style=\"vertical-align: inherit;\"><span dir=\"auto\" style=\"vertical-align: inherit;\">\u200b<\/span><\/span><\/span><\/p>\n<\/td>\n<\/tr>\n<tr>\n<td style=\"width: 274.75pt; border: solid windowtext 1.0pt; border-top: none; padding: 0cm 5.4pt 0cm 5.4pt;\" valign=\"top\" width=\"366\">\n<p class=\"MsoNormal\" style=\"text-align: justify;\"><span style=\"font-family: 'Arial','sans-serif';\"><span dir=\"auto\" style=\"vertical-align: inherit;\"><span dir=\"auto\" style=\"vertical-align: inherit;\">Tehokas hiukkaskoko, mm<\/span><\/span><\/span><\/p>\n<\/td>\n<td style=\"width: 203.8pt; border-top: none; border-left: none; border-bottom: solid windowtext 1.0pt; border-right: solid windowtext 1.0pt; padding: 0cm 5.4pt 0cm 5.4pt;\" valign=\"top\" width=\"272\">\n<p class=\"MsoNormal\"><span style=\"font-family: 'Arial','sans-serif';\"><span dir=\"auto\" style=\"vertical-align: inherit;\"><span dir=\"auto\" style=\"vertical-align: inherit;\">0,4\u20130,7<\/span><\/span><\/span><\/p>\n<\/td>\n<\/tr>\n<tr>\n<td style=\"width: 274.75pt; border: solid windowtext 1.0pt; border-top: none; padding: 0cm 5.4pt 0cm 5.4pt;\" valign=\"top\" width=\"366\">\n<p class=\"MsoNormal\" style=\"text-align: justify;\"><span style=\"font-family: 'Arial','sans-serif';\"><span dir=\"auto\" style=\"vertical-align: inherit;\"><span dir=\"auto\" style=\"vertical-align: inherit;\">Kosteuspitoisuus, %<\/span><\/span><\/span><\/p>\n<\/td>\n<td style=\"width: 203.8pt; border-top: none; border-left: none; border-bottom: solid windowtext 1.0pt; border-right: solid windowtext 1.0pt; padding: 0cm 5.4pt 0cm 5.4pt;\" valign=\"top\" width=\"272\">\n<p class=\"MsoNormal\"><span lang=\"EN-US\" style=\"font-family: 'Arial','sans-serif';\"><span dir=\"auto\" style=\"vertical-align: inherit;\"><span dir=\"auto\" style=\"vertical-align: inherit;\">4 <\/span><\/span><\/span><span style=\"font-family: 'Arial','sans-serif';\"><span dir=\"auto\" style=\"vertical-align: inherit;\"><span dir=\"auto\" style=\"vertical-align: inherit;\">5 \u2013 <\/span><\/span><\/span><span lang=\"EN-US\" style=\"font-family: 'Arial','sans-serif';\"><span dir=\"auto\" style=\"vertical-align: inherit;\"><span dir=\"auto\" style=\"vertical-align: inherit;\">5 <\/span><\/span><\/span><span style=\"font-family: 'Arial','sans-serif';\"><span dir=\"auto\" style=\"vertical-align: inherit;\"><span dir=\"auto\" style=\"vertical-align: inherit;\">5<\/span><\/span><\/span><\/p>\n<\/td>\n<\/tr>\n<tr>\n<td style=\"width: 274.75pt; border: solid windowtext 1.0pt; border-top: none; padding: 0cm 5.4pt 0cm 5.4pt;\" valign=\"top\" width=\"366\">\n<p class=\"MsoNormal\" style=\"text-align: justify;\"><span style=\"font-family: 'Arial','sans-serif';\"><span dir=\"auto\" style=\"vertical-align: inherit;\"><span dir=\"auto\" style=\"vertical-align: inherit;\">L\u00e4hetyspaino, g\/ml<\/span><\/span><\/span><\/p>\n<\/td>\n<td style=\"width: 203.8pt; border-top: none; border-left: none; border-bottom: solid windowtext 1.0pt; border-right: solid windowtext 1.0pt; padding: 0cm 5.4pt 0cm 5.4pt;\" valign=\"top\" width=\"272\">\n<p class=\"MsoNormal\"><span style=\"font-family: 'Arial','sans-serif';\"><span dir=\"auto\" style=\"vertical-align: inherit;\"><span dir=\"auto\" style=\"vertical-align: inherit;\">0, <\/span><\/span><\/span><span lang=\"EN-US\" style=\"font-family: 'Arial','sans-serif';\"><span dir=\"auto\" style=\"vertical-align: inherit;\"><span dir=\"auto\" style=\"vertical-align: inherit;\">77\u20130 <\/span><\/span><\/span><span style=\"font-family: 'Arial','sans-serif';\"><span dir=\"auto\" style=\"vertical-align: inherit;\"><span dir=\"auto\" style=\"vertical-align: inherit;\">, <\/span><\/span><\/span><span lang=\"EN-US\" style=\"font-family: 'Arial','sans-serif';\"><span dir=\"auto\" style=\"vertical-align: inherit;\"><span dir=\"auto\" style=\"vertical-align: inherit;\">85<\/span><\/span><\/span><\/p>\n<\/td>\n<\/tr>\n<tr>\n<td style=\"width: 274.75pt; border: solid windowtext 1.0pt; border-top: none; padding: 0cm 5.4pt 0cm 5.4pt;\" valign=\"top\" width=\"366\">\n<p class=\"MsoNormal\" style=\"text-align: justify;\"><span style=\"font-family: 'Arial','sans-serif';\"><span dir=\"auto\" style=\"vertical-align: inherit;\"><span dir=\"auto\" style=\"vertical-align: inherit;\">Ominaistiheys, g\/ml<\/span><\/span><\/span><\/p>\n<\/td>\n<td style=\"width: 203.8pt; border-top: none; border-left: none; border-bottom: solid windowtext 1.0pt; border-right: solid windowtext 1.0pt; padding: 0cm 5.4pt 0cm 5.4pt;\" valign=\"top\" width=\"272\">\n<p class=\"MsoNormal\"><span style=\"font-family: 'Arial','sans-serif';\"><span dir=\"auto\" style=\"vertical-align: inherit;\"><span dir=\"auto\" style=\"vertical-align: inherit;\">1,25\u20131,28<\/span><\/span><br \/>\n<\/span><\/p>\n<\/td>\n<\/tr>\n<tr>\n<td style=\"width: 274.75pt; border: solid windowtext 1.0pt; border-top: none; padding: 0cm 5.4pt 0cm 5.4pt;\" valign=\"top\" width=\"366\">\n<p class=\"MsoNormal\" style=\"text-align: justify;\"><span style=\"font-family: 'Arial','sans-serif';\"><span dir=\"auto\" style=\"vertical-align: inherit;\"><span dir=\"auto\" style=\"vertical-align: inherit;\">Homogeenisuuskerroin,<\/span><\/span><\/span><\/p>\n<\/td>\n<td style=\"width: 203.8pt; border-top: none; border-left: none; border-bottom: solid windowtext 1.0pt; border-right: solid windowtext 1.0pt; padding: 0cm 5.4pt 0cm 5.4pt;\" valign=\"top\" width=\"272\">\n<p class=\"MsoNormal\"><span style=\"font-family: 'Arial','sans-serif';\"><span dir=\"auto\" style=\"vertical-align: inherit;\"><span dir=\"auto\" style=\"vertical-align: inherit;\">\u2264 1,6<\/span><\/span><\/span><\/p>\n<\/td>\n<\/tr>\n<tr>\n<td style=\"width: 274.75pt; border: solid windowtext 1.0pt; border-top: none; padding: 0cm 5.4pt 0cm 5.4pt;\" valign=\"top\" width=\"366\">\n<p class=\"MsoNormal\" style=\"text-align: justify;\"><span style=\"font-family: 'Arial','sans-serif';\"><span dir=\"auto\" style=\"vertical-align: inherit;\"><span dir=\"auto\" style=\"vertical-align: inherit;\">Kokonaisvaihtokapasiteetti:<\/span><\/span><\/span><\/p>\n<p class=\"MsoNormal\" style=\"text-align: justify;\"><span style=\"font-family: 'Arial','sans-serif';\"><span dir=\"auto\" style=\"vertical-align: inherit;\"><span dir=\"auto\" style=\"vertical-align: inherit;\">mmol\/g<\/span><\/span><\/span><\/p>\n<p class=\"MsoNormal\" style=\"text-align: justify;\"><span style=\"font-family: 'Arial','sans-serif';\"><span dir=\"auto\" style=\"vertical-align: inherit;\"><span dir=\"auto\" style=\"vertical-align: inherit;\">mmol\/ml<\/span><\/span><\/span><\/p>\n<\/td>\n<td style=\"width: 203.8pt; border-top: none; border-left: none; border-bottom: solid windowtext 1.0pt; border-right: solid windowtext 1.0pt; padding: 0cm 5.4pt 0cm 5.4pt;\" valign=\"top\" width=\"272\">\n<p class=\"MsoNormal\"><span style=\"font-family: 'Arial','sans-serif';\">\u00a0<\/span><\/p>\n<p class=\"MsoNormal\"><span style=\"font-family: 'Arial','sans-serif';\"><span dir=\"auto\" style=\"vertical-align: inherit;\"><span dir=\"auto\" style=\"vertical-align: inherit;\">&gt;4,35<\/span><\/span><\/span><\/p>\n<p class=\"MsoNormal\"><span style=\"font-family: 'Arial','sans-serif';\"><span dir=\"auto\" style=\"vertical-align: inherit;\"><span dir=\"auto\" style=\"vertical-align: inherit;\">&gt;1,80<\/span><\/span><\/span><\/p>\n<\/td>\n<\/tr>\n<tr>\n<td style=\"width: 274.75pt; border: solid windowtext 1.0pt; border-top: none; padding: 0cm 5.4pt 0cm 5.4pt;\" valign=\"top\" width=\"366\">\n<p class=\"MsoNormal\" style=\"text-align: justify;\"><span style=\"font-family: 'Arial','sans-serif';\"><span dir=\"auto\" style=\"vertical-align: inherit;\"><span dir=\"auto\" style=\"vertical-align: inherit;\">pH-k\u00e4ytt\u00f6alue<\/span><\/span><\/span><\/p>\n<\/td>\n<td style=\"width: 203.8pt; border-top: none; border-left: none; border-bottom: solid windowtext 1.0pt; border-right: solid windowtext 1.0pt; padding: 0cm 5.4pt 0cm 5.4pt;\" valign=\"top\" width=\"272\">\n<p class=\"MsoNormal\"><span style=\"font-family: 'Arial','sans-serif';\"><span dir=\"auto\" style=\"vertical-align: inherit;\"><span dir=\"auto\" style=\"vertical-align: inherit;\">1\u201314<\/span><\/span><\/span><\/p>\n<\/td>\n<\/tr>\n<tr>\n<td style=\"width: 274.75pt; border: solid windowtext 1.0pt; border-top: none; padding: 0cm 5.4pt 0cm 5.4pt;\" valign=\"top\" width=\"366\">\n<p class=\"MsoNormal\" style=\"text-align: justify;\"><span style=\"font-family: 'Arial','sans-serif';\"><span dir=\"auto\" style=\"vertical-align: inherit;\"><span dir=\"auto\" style=\"vertical-align: inherit;\">K\u00e4ytt\u00f6l\u00e4mp\u00f6tila, celsiusastetta<\/span><\/span><\/span><\/p>\n<\/td>\n<td style=\"width: 203.8pt; border-top: none; border-left: none; border-bottom: solid windowtext 1.0pt; border-right: solid windowtext 1.0pt; padding: 0cm 5.4pt 0cm 5.4pt;\" valign=\"top\" width=\"272\">\n<p class=\"MsoNormal\"><span style=\"font-family: 'Arial','sans-serif';\"><span dir=\"auto\" style=\"vertical-align: inherit;\"><span dir=\"auto\" style=\"vertical-align: inherit;\">120<\/span><\/span><\/span><\/p>\n<\/td>\n<\/tr>\n<tr>\n<td style=\"width: 274.75pt; border: solid windowtext 1.0pt; border-top: none; padding: 0cm 5.4pt 0cm 5.4pt;\" valign=\"top\" width=\"366\">\n<p class=\"MsoNormal\" style=\"text-align: justify;\"><span style=\"font-family: 'Arial','sans-serif';\"><span dir=\"auto\" style=\"vertical-align: inherit;\"><span dir=\"auto\" style=\"vertical-align: inherit;\">Turvotus H-muotoon siirtymisen aikana, %<\/span><\/span><\/span><\/p>\n<\/td>\n<td style=\"width: 203.8pt; border-top: none; border-left: none; border-bottom: solid windowtext 1.0pt; border-right: solid windowtext 1.0pt; padding: 0cm 5.4pt 0cm 5.4pt;\" valign=\"top\" width=\"272\">\n<p class=\"MsoNormal\"><span style=\"font-family: 'Arial','sans-serif';\"><span dir=\"auto\" style=\"vertical-align: inherit;\"><span dir=\"auto\" style=\"vertical-align: inherit;\">\u2264 10<\/span><\/span><\/span><\/p>\n<\/td>\n<\/tr>\n<tr>\n<td style=\"width: 274.75pt; border: solid windowtext 1.0pt; border-top: none; padding: 0cm 5.4pt 0cm 5.4pt;\" valign=\"top\" width=\"366\">\n<p class=\"MsoNormal\" style=\"text-align: justify;\"><span style=\"font-family: 'Arial','sans-serif';\"><span dir=\"auto\" style=\"vertical-align: inherit;\"><span dir=\"auto\" style=\"vertical-align: inherit;\">Ty\u00f6vaihtokapasiteetti, mmol\/l<\/span><\/span><\/span><\/p>\n<\/td>\n<td style=\"width: 203.8pt; border-top: none; border-left: none; border-bottom: solid windowtext 1.0pt; border-right: solid windowtext 1.0pt; padding: 0cm 5.4pt 0cm 5.4pt;\" valign=\"top\" width=\"272\">\n<p class=\"MsoNormal\"><span style=\"font-family: 'Arial','sans-serif';\"><span dir=\"auto\" style=\"vertical-align: inherit;\"><span dir=\"auto\" style=\"vertical-align: inherit;\">\u2265 <\/span><\/span><br \/>\n<span dir=\"auto\" style=\"vertical-align: inherit;\"><span dir=\"auto\" style=\"vertical-align: inherit;\">1100<\/span><\/span><\/span><\/p>\n<\/td>\n<\/tr>\n<tr>\n<td style=\"width: 274.75pt; border: solid windowtext 1.0pt; border-top: none; padding: 0cm 5.4pt 0cm 5.4pt;\" valign=\"top\" width=\"366\">\n<p class=\"MsoNormal\" style=\"text-align: justify;\"><span style=\"font-family: 'Arial','sans-serif';\"><span dir=\"auto\" style=\"vertical-align: inherit;\"><span dir=\"auto\" style=\"vertical-align: inherit;\">Ty\u00f6virtaus, m\/tunti<\/span><\/span><\/span><\/p>\n<\/td>\n<td style=\"width: 203.8pt; border-top: none; border-left: none; border-bottom: solid windowtext 1.0pt; border-right: solid windowtext 1.0pt; padding: 0cm 5.4pt 0cm 5.4pt;\" valign=\"top\" width=\"272\">\n<p class=\"MsoNormal\"><span style=\"font-family: 'Arial','sans-serif';\"><span dir=\"auto\" style=\"vertical-align: inherit;\"><span dir=\"auto\" style=\"vertical-align: inherit;\">15\u201330<\/span><\/span><\/span><\/p>\n<\/td>\n<\/tr>\n<tr>\n<td style=\"width: 274.75pt; border: solid windowtext 1.0pt; border-top: none; padding: 0cm 5.4pt 0cm 5.4pt;\" valign=\"top\" width=\"366\">\n<p class=\"MsoNormal\" style=\"text-align: justify;\"><span style=\"font-family: 'Arial','sans-serif';\"><span dir=\"auto\" style=\"vertical-align: inherit;\"><span dir=\"auto\" style=\"vertical-align: inherit;\">Pakkaus PE-pusseihin, l<\/span><\/span><\/span><\/p>\n<\/td>\n<td style=\"width: 203.8pt; border-top: none; border-left: none; border-bottom: solid windowtext 1.0pt; border-right: solid windowtext 1.0pt; padding: 0cm 5.4pt 0cm 5.4pt;\" valign=\"top\" width=\"272\">\n<p class=\"MsoNormal\"><span style=\"font-family: 'Arial','sans-serif';\"><span dir=\"auto\" style=\"vertical-align: inherit;\"><span dir=\"auto\" style=\"vertical-align: inherit;\">25<\/span><\/span><\/span><\/p>\n<\/td>\n<\/tr>\n<\/tbody>\n<\/table>\n","protected":false},"excerpt":{"rendered":"<p><strong><span lang=\"EN-US\"><span dir=\"auto\" style=\"vertical-align: inherit;\"><span dir=\"auto\" style=\"vertical-align: inherit;\">ZGC<\/span><\/span><\/span><\/strong><strong><span dir=\"auto\" style=\"vertical-align: inherit;\"><span dir=\"auto\" style=\"vertical-align: inherit;\"> 151 on makrohuokoinen, voimakkaasti hapan<\/span><\/span><\/strong><span dir=\"auto\" style=\"vertical-align: inherit;\"><span dir=\"auto\" style=\"vertical-align: inherit;\"> kationinvaihtohartsi. Sill\u00e4 on korkea ioninvaihtokapasiteetti ja erinomainen fysikaalinen ja kemiallinen stabiilius.<\/span><\/span><span lang=\"EN-US\"><span dir=\"auto\" style=\"vertical-align: inherit;\"><span dir=\"auto\" style=\"vertical-align: inherit;\"> ZGC<\/span><\/span><\/span><span dir=\"auto\" style=\"vertical-align: inherit;\"><span dir=\"auto\" style=\"vertical-align: inherit;\"> 151:n makrohuokoinen rakenne varmistaa hyv\u00e4n ioninvaihtokinetiikan ja paremman diffuusion hiukkasiin ja niist\u00e4 pois. Sit\u00e4 k\u00e4ytet\u00e4\u00e4n veden pehment\u00e4miseen ja suolanpoistoon, lauhteen k\u00e4sittelyyn, j\u00e4teveden k\u00e4sittelyyn, metallien talteenottoon, hydrometallurgiaan sek\u00e4 elintarvike- ja kemianteollisuudessa. Se on eritt\u00e4in kest\u00e4v\u00e4 mekaanisille vaurioille ja raudan, mangaanin ja orgaanisten yhdisteiden aiheuttamalle kontaminaatiolle.<\/span><\/span><\/p>\n","protected":false},"featured_media":2052,"comment_status":"closed","ping_status":"closed","template":"","meta":[],"product_cat":[383],"product_tag":[],"class_list":["post-3971","product","type-product","status-publish","has-post-thumbnail","hentry","product_cat-yleiset-hartsit"],"_links":{"self":[{"href":"https:\/\/hydrolite.eu\/fi\/wp-json\/wp\/v2\/product\/3971","targetHints":{"allow":["GET"]}}],"collection":[{"href":"https:\/\/hydrolite.eu\/fi\/wp-json\/wp\/v2\/product"}],"about":[{"href":"https:\/\/hydrolite.eu\/fi\/wp-json\/wp\/v2\/types\/product"}],"replies":[{"embeddable":true,"href":"https:\/\/hydrolite.eu\/fi\/wp-json\/wp\/v2\/comments?post=3971"}],"wp:featuredmedia":[{"embeddable":true,"href":"https:\/\/hydrolite.eu\/fi\/wp-json\/wp\/v2\/media\/2052"}],"wp:attachment":[{"href":"https:\/\/hydrolite.eu\/fi\/wp-json\/wp\/v2\/media?parent=3971"}],"wp:term":[{"taxonomy":"product_cat","embeddable":true,"href":"https:\/\/hydrolite.eu\/fi\/wp-json\/wp\/v2\/product_cat?post=3971"},{"taxonomy":"product_tag","embeddable":true,"href":"https:\/\/hydrolite.eu\/fi\/wp-json\/wp\/v2\/product_tag?post=3971"}],"curies":[{"name":"wp","href":"https:\/\/api.w.org\/{rel}","templated":true}]}}