{"id":3949,"date":"2025-09-21T13:38:31","date_gmt":"2025-10-18T19:00:38","guid":{"rendered":"https:\/\/hydrolite.eu\/?post_type=product&#038;p=3949"},"modified":"2025-10-18T22:00:39","modified_gmt":"2025-10-18T19:00:39","slug":"zg-a-398-spesifinen-makrohuokoinen-styreenin-ja-dvbn-kopolymeeri-jossa-on-kvarki-ammoniumradikaali-nch33oh-anioninvaihtohartsi","status":"publish","type":"product","link":"https:\/\/hydrolite.eu\/fi\/product\/zg-a-398-spesifinen-makrohuokoinen-styreenin-ja-dvbn-kopolymeeri-jossa-on-kvarki-ammoniumradikaali-nch33oh-anioninvaihtohartsi\/","title":{"rendered":"ZG A 398 -spesifinen makrohuokoinen styreenin ja DVB:n kopolymeeri, jossa on kvarki-ammoniumradikaali [-N(CH3)3OH] -anioninvaihtohartsi"},"content":{"rendered":"<table border=\"0\" width=\"100%\" cellspacing=\"1\" cellpadding=\"0\" align=\"center\" bgcolor=\"dee8f3\">\n<tbody>\n<tr>\n<td align=\"left\" bgcolor=\"054696\" width=\"70%\" height=\"50\">\n<div class=\"zzzzz1\" align=\"center\"><span style=\"vertical-align: inherit;\"><span style=\"vertical-align: inherit;\"><span dir=\"auto\" style=\"vertical-align: inherit;\"><span dir=\"auto\" style=\"vertical-align: inherit;\">ZG A 398 -spesifinen makrohuokoinen styreenin ja DVB:n kopolymeeri, jossa on kvarki-ammoniumradikaali [-N(CH3)3OH] -anioninvaihtohartsi<\/span><\/span><\/span><\/span><\/div>\n<\/td>\n<\/tr>\n<tr>\n<td style=\"padding: 20px;\" align=\"left\" bgcolor=\"#FFFFFF\">\n<p align=\"justify\"><span style=\"vertical-align: inherit;\"><span style=\"vertical-align: inherit;\"><span dir=\"auto\" style=\"vertical-align: inherit;\"><span dir=\"auto\" style=\"vertical-align: inherit;\">Zheng Guangin ZG A 398 on spesifinen makrohuokoinen kopolymeeri, jossa on kationinen ammoniumradikaali [-N(CH3 <\/span><\/span><\/span><\/span><sub><span style=\"vertical-align: inherit;\"><span style=\"vertical-align: inherit;\"><span dir=\"auto\" style=\"vertical-align: inherit;\"><span dir=\"auto\" style=\"vertical-align: inherit;\">)<\/span><\/span><\/span><\/span><\/sub><span style=\"vertical-align: inherit;\"><span style=\"vertical-align: inherit;\"><span dir=\"auto\" style=\"vertical-align: inherit;\"><span dir=\"auto\" style=\"vertical-align: inherit;\"> 3OH <\/span><\/span><\/span><\/span><sub><span style=\"vertical-align: inherit;\"><span style=\"vertical-align: inherit;\"><span dir=\"auto\" style=\"vertical-align: inherit;\"><span dir=\"auto\" style=\"vertical-align: inherit;\">]<\/span><\/span><\/span><\/span><\/sub><span style=\"vertical-align: inherit;\"><span style=\"vertical-align: inherit;\"><span dir=\"auto\" style=\"vertical-align: inherit;\"><span dir=\"auto\" style=\"vertical-align: inherit;\"> -anioninvaihtohartsi. Sill\u00e4 on spesifinen solurakenne ja suuri pinta-ala, mink\u00e4 ansiosta se voi adsorboida suuria maksamolekyylej\u00e4 ja kest\u00e4\u00e4 hyvin orgaanista kontaminaatiota.<\/span><\/span><\/span><\/span><\/p>\n<p align=\"justify\"><strong><span style=\"vertical-align: inherit;\"><span style=\"vertical-align: inherit;\"><span dir=\"auto\" style=\"vertical-align: inherit;\"><span dir=\"auto\" style=\"vertical-align: inherit;\">1: HARTSIN OMINAISUUDET<\/span><\/span><\/span><\/span><\/strong><\/p>\n<p align=\"justify\"><span style=\"vertical-align: inherit;\"><span style=\"vertical-align: inherit;\"><span dir=\"auto\" style=\"vertical-align: inherit;\"><span dir=\"auto\" style=\"vertical-align: inherit;\">Zheng Guang -merkin ZG A 398 (Cl-tyyppi) vahvalla em\u00e4ksisell\u00e4 anioninvaihtohartsilla on seuraavat edut:<\/span><\/span><\/span><\/span><\/p>\n<p align=\"justify\"><span style=\"vertical-align: inherit;\"><span style=\"vertical-align: inherit;\"><span dir=\"auto\" style=\"vertical-align: inherit;\"><span dir=\"auto\" style=\"vertical-align: inherit;\">1. Hepatromimolekyylien voimakas adsorptio. Adsorboimalla sama m\u00e4\u00e4r\u00e4 hepatromimolekyylej\u00e4, k\u00e4ytetyn hartsin massa on pienempi.<\/span><\/span><\/span><\/span><\/p>\n<p align=\"justify\"><span style=\"vertical-align: inherit;\"><span style=\"vertical-align: inherit;\"><span dir=\"auto\" style=\"vertical-align: inherit;\"><span dir=\"auto\" style=\"vertical-align: inherit;\">2. Esik\u00e4sittely ennen k\u00e4ytt\u00f6\u00e4 on hyvin yksinkertaista ja s\u00e4\u00e4st\u00e4\u00e4 rahaa. Huuhtele uusi hartsi kolme kertaa puhtaalla vedell\u00e4 ja anna sen liota puhtaassa vedess\u00e4 25\u201330 \u00b0C:ssa y\u00f6n yli. Seuraavana p\u00e4iv\u00e4n\u00e4 huuhtele ja suodata hartsi useita kertoja. T\u00e4m\u00e4n j\u00e4lkeen se on k\u00e4ytt\u00f6valmis.<\/span><\/span><\/span><\/span><\/p>\n<p align=\"justify\"><span style=\"vertical-align: inherit;\"><span style=\"vertical-align: inherit;\"><span dir=\"auto\" style=\"vertical-align: inherit;\"><span dir=\"auto\" style=\"vertical-align: inherit;\">3. Hartsilla on tehokkaampi kyky torjua orgaanista saastetta, mik\u00e4 tekee k\u00e4yt\u00f6n j\u00e4lkeisest\u00e4 k\u00e4sittelyst\u00e4 paitsi yksinkertaisen my\u00f6s k\u00e4tev\u00e4n. Pinnan ep\u00e4puhtaudet poistetaan puhtaalla vedell\u00e4, mink\u00e4 j\u00e4lkeen hartsia marinoidaan kaksi kertaa painoonsa (hartsin painoon) n\u00e4hden em\u00e4ksisess\u00e4 liuoksessa (8 % NaOH + 20 % NaCl) kahden tunnin ajan 40\u201350 \u00b0C:ssa jatkuvasti sekoittaen. Sitten huuhtele puhtaalla vedell\u00e4 (pH 7) ja suodata. T\u00e4m\u00e4n j\u00e4lkeen hartsi on k\u00e4ytt\u00f6valmis.<\/span><\/span><\/span><\/span><\/p>\n<p align=\"justify\"><strong><span style=\"vertical-align: inherit;\"><span style=\"vertical-align: inherit;\"><span dir=\"auto\" style=\"vertical-align: inherit;\"><span dir=\"auto\" style=\"vertical-align: inherit;\">2: S\u00c4ILYTYS<\/span><\/span><\/span><\/span><\/strong><\/p>\n<p align=\"justify\"><span style=\"vertical-align: inherit;\"><span style=\"vertical-align: inherit;\"><span dir=\"auto\" style=\"vertical-align: inherit;\"><span dir=\"auto\" style=\"vertical-align: inherit;\">Hartsi tulee s\u00e4ilytt\u00e4\u00e4 sis\u00e4tiloissa, poissa suorasta auringonvalosta. \u00c4l\u00e4 revi pakkausta veden haihtumisen est\u00e4miseksi. Jos hartsi on menett\u00e4nyt vett\u00e4, lis\u00e4\u00e4 v\u00e4hitellen kyll\u00e4ist\u00e4 suolaliuosta ja marinoi useita tunteja, laimenna sitten v\u00e4hitellen vedell\u00e4 vaurioiden est\u00e4miseksi.<\/span><\/span><\/span><\/span><\/p>\n<p align=\"justify\"><strong><span style=\"vertical-align: inherit;\"><span style=\"vertical-align: inherit;\"><span dir=\"auto\" style=\"vertical-align: inherit;\"><span dir=\"auto\" style=\"vertical-align: inherit;\">3: K\u00c4YTT\u00d6- JA S\u00c4ILYTYSL\u00c4MP\u00d6TILA<\/span><\/span><\/span><\/span><\/strong><\/p>\n<p align=\"justify\"><span style=\"vertical-align: inherit;\"><span style=\"vertical-align: inherit;\"><span dir=\"auto\" style=\"vertical-align: inherit;\"><span dir=\"auto\" style=\"vertical-align: inherit;\">L\u00e4mp\u00f6tilan ei tulisi ylitt\u00e4\u00e4 60 \u2103. S\u00e4ilyt\u00e4 0\u201325 \u00b0C:ssa. Jos ymp\u00e4rist\u00f6n l\u00e4mp\u00f6tila on alle 0 \u2103, hartsi tulee s\u00e4ilytt\u00e4\u00e4 kyll\u00e4isess\u00e4 suolaliuoksessa.<\/span><\/span><\/span><\/span><\/p>\n<\/td>\n<\/tr>\n<\/tbody>\n<\/table>\n","protected":false},"excerpt":{"rendered":"<p>ZG A 398 -spesifinen makrohuokoinen styreenin ja DVB:n kopolymeeri, jossa on kvarki-ammoniumradikaali [-N(CH3)3OH] -anioninvaihtohartsi Zheng Guangin ZG A 398 on spesifinen makrohuokoinen kopolymeeri, jossa on kationinen ammoniumradikaali [-N(CH3 ) 3OH ] -anioninvaihtohartsi. Sill\u00e4 on spesifinen solurakenne ja suuri pinta-ala, mink\u00e4 ansiosta se voi adsorboida suuria maksamolekyylej\u00e4 ja kest\u00e4\u00e4 hyvin orgaanista kontaminaatiota. 1: HARTSIN OMINAISUUDET Zheng&#8230;<\/p>\n","protected":false},"featured_media":1933,"comment_status":"closed","ping_status":"closed","template":"","meta":[],"product_cat":[505,622],"product_tag":[],"class_list":["post-3949","product","type-product","status-publish","has-post-thumbnail","hentry","product_cat-tuotteet","product_cat-yleiset-hartsit-fi"],"_links":{"self":[{"href":"https:\/\/hydrolite.eu\/fi\/wp-json\/wp\/v2\/product\/3949","targetHints":{"allow":["GET"]}}],"collection":[{"href":"https:\/\/hydrolite.eu\/fi\/wp-json\/wp\/v2\/product"}],"about":[{"href":"https:\/\/hydrolite.eu\/fi\/wp-json\/wp\/v2\/types\/product"}],"replies":[{"embeddable":true,"href":"https:\/\/hydrolite.eu\/fi\/wp-json\/wp\/v2\/comments?post=3949"}],"wp:featuredmedia":[{"embeddable":true,"href":"https:\/\/hydrolite.eu\/fi\/wp-json\/wp\/v2\/media\/1933"}],"wp:attachment":[{"href":"https:\/\/hydrolite.eu\/fi\/wp-json\/wp\/v2\/media?parent=3949"}],"wp:term":[{"taxonomy":"product_cat","embeddable":true,"href":"https:\/\/hydrolite.eu\/fi\/wp-json\/wp\/v2\/product_cat?post=3949"},{"taxonomy":"product_tag","embeddable":true,"href":"https:\/\/hydrolite.eu\/fi\/wp-json\/wp\/v2\/product_tag?post=3949"}],"curies":[{"name":"wp","href":"https:\/\/api.w.org\/{rel}","templated":true}]}}