{"id":3946,"date":"2025-09-21T13:38:31","date_gmt":"2025-10-18T18:58:34","guid":{"rendered":"https:\/\/hydrolite.eu\/?post_type=product&#038;p=3946"},"modified":"2025-10-18T21:58:34","modified_gmt":"2025-10-18T18:58:34","slug":"zg-sd300-makrohuokoinen-adsorbentti-jolla-on-erityinen-huokoshalkaisija","status":"publish","type":"product","link":"https:\/\/hydrolite.eu\/fi\/product\/zg-sd300-makrohuokoinen-adsorbentti-jolla-on-erityinen-huokoshalkaisija\/","title":{"rendered":"ZG SD300 makrohuokoinen adsorbentti, jolla on erityinen huokoshalkaisija"},"content":{"rendered":"<table border=\"0\" width=\"100%\" cellspacing=\"1\" cellpadding=\"0\" align=\"center\" bgcolor=\"dee8f3\">\n<tbody>\n<tr>\n<td align=\"left\" bgcolor=\"054696\" width=\"70%\" height=\"50\">\n<div class=\"zzzzz1\" align=\"center\"><span style=\"vertical-align: inherit;\"><span style=\"vertical-align: inherit;\"><span dir=\"auto\" style=\"vertical-align: inherit;\"><span dir=\"auto\" style=\"vertical-align: inherit;\">ZG SD300 makrohuokoinen adsorbentti, jolla on erityinen huokoshalkaisija<\/span><\/span><\/span><\/span><\/div>\n<\/td>\n<\/tr>\n<tr>\n<td style=\"padding: 20px;\" align=\"left\" bgcolor=\"#FFFFFF\">\n<p style=\"margin-left: 20.2500pt;\"><strong><span style=\"vertical-align: inherit;\"><span style=\"vertical-align: inherit;\"><span dir=\"auto\" style=\"vertical-align: inherit;\"><span dir=\"auto\" style=\"vertical-align: inherit;\">1. <\/span><\/span><\/span><\/span><\/strong>\u00a0<strong><span style=\"vertical-align: inherit;\"><span style=\"vertical-align: inherit;\"><span dir=\"auto\" style=\"vertical-align: inherit;\"><span dir=\"auto\" style=\"vertical-align: inherit;\">Kuvaus:<\/span><\/span><\/span><\/span><\/strong><\/p>\n<p style=\"margin-left: 19.6000pt;\"><span style=\"vertical-align: inherit;\"><span style=\"vertical-align: inherit;\"><span dir=\"auto\" style=\"vertical-align: inherit;\"><span dir=\"auto\" style=\"vertical-align: inherit;\">Hydrolite ZG SD330 on makrohuokoinen adsorbentti, jolla on erityinen huokoshalkaisija; sill\u00e4 on suuri ominaispinta-ala ja optimaaliset mitat verrattuna perinteisiin adsorbentteihin, mik\u00e4 varmistaa orgaanisten aineiden ja orgaanisten v\u00e4riaineiden paremman adsorptiokyvyn ja eluointinopeuden, ja se soveltuu erityisesti korkeafruktoosisen siirapin hajun ja maun poistamiseen.<\/span><\/span><\/span><\/span><\/p>\n<p style=\"margin-left: 20.2500pt;\"><span style=\"vertical-align: inherit;\"><span style=\"vertical-align: inherit;\"><span dir=\"auto\" style=\"vertical-align: inherit;\"><span dir=\"auto\" style=\"vertical-align: inherit;\">Erityisen huokoskokonsa ansiosta se ei ainoastaan \u200b\u200bpoista siirapin hajua, vaan my\u00f6s yll\u00e4pit\u00e4\u00e4 sen pH-arvoa. Jos l\u00e4ht\u00f6materiaalilla on korkea pH, se voi laskea hieman SD300:n k\u00e4yt\u00f6n j\u00e4lkeen.<\/span><\/span><\/span><\/span><\/p>\n<p style=\"margin-left: 19.9500pt;\"><span style=\"vertical-align: inherit;\"><span style=\"vertical-align: inherit;\"><span dir=\"auto\" style=\"vertical-align: inherit;\"><span dir=\"auto\" style=\"vertical-align: inherit;\">T\u00e4m\u00e4 tuote voi my\u00f6s absorboida ja erottaa polaarisia aineita vesipitoisissa ja vedett\u00f6miss\u00e4 liuoksissa ja poistaa hajun maltoosista.<\/span><\/span><\/span><\/span><\/p>\n<p style=\"margin-left: 19.6500pt;\"><strong><span style=\"vertical-align: inherit;\"><span style=\"vertical-align: inherit;\"><span dir=\"auto\" style=\"vertical-align: inherit;\"><span dir=\"auto\" style=\"vertical-align: inherit;\">2. <\/span><\/span><\/span><\/span><\/strong>\u00a0\u00a0\u00a0<strong><span style=\"vertical-align: inherit;\"><span style=\"vertical-align: inherit;\"><span dir=\"auto\" style=\"vertical-align: inherit;\"><span dir=\"auto\" style=\"vertical-align: inherit;\">Fysikaaliset <\/span><\/span><\/span><\/span><\/strong>\u00a0<strong><span style=\"vertical-align: inherit;\"><span style=\"vertical-align: inherit;\"><span dir=\"auto\" style=\"vertical-align: inherit;\"><span dir=\"auto\" style=\"vertical-align: inherit;\">ja <\/span><\/span><\/span><\/span><\/strong>\u00a0<strong><span style=\"vertical-align: inherit;\"><span style=\"vertical-align: inherit;\"><span dir=\"auto\" style=\"vertical-align: inherit;\"><span dir=\"auto\" style=\"vertical-align: inherit;\">kemialliset <\/span><\/span><\/span><\/span><\/strong>\u00a0<strong><span style=\"vertical-align: inherit;\"><span style=\"vertical-align: inherit;\"><span dir=\"auto\" style=\"vertical-align: inherit;\"><span dir=\"auto\" style=\"vertical-align: inherit;\">ominaisuudet:<\/span><\/span><\/span><\/span><\/strong><\/p>\n<table style=\"width: 100%;\" border=\"1\" cellspacing=\"0\">\n<tbody>\n<tr>\n<td style=\"width: 211px;\" colspan=\"2\">\n<p style=\"margin-left: 51.85pt; text-align: center;\"><span dir=\"auto\" style=\"vertical-align: inherit;\"><span dir=\"auto\" style=\"vertical-align: inherit;\">Parametrit<\/span><\/span><\/p>\n<\/td>\n<td style=\"width: 191px;\">\n<p style=\"margin-left: 59.6pt; text-align: center;\"><span style=\"vertical-align: inherit;\"><span style=\"vertical-align: inherit;\"><span dir=\"auto\" style=\"vertical-align: inherit;\"><span dir=\"auto\" style=\"vertical-align: inherit;\">Merkitys<\/span><\/span><\/span><\/span><\/p>\n<\/td>\n<\/tr>\n<tr>\n<td style=\"width: 211px;\" colspan=\"2\">\n<p style=\"margin-left: 5.9pt; text-align: center;\"><span style=\"vertical-align: inherit;\"><span style=\"vertical-align: inherit;\"><span dir=\"auto\" style=\"vertical-align: inherit;\"><span dir=\"auto\" style=\"vertical-align: inherit;\">Kategoria<\/span><\/span><\/span><\/span><\/p>\n<\/td>\n<td style=\"width: 191px;\">\n<p style=\"margin-left: 33.95pt; text-align: center;\"><span style=\"vertical-align: inherit;\"><span style=\"vertical-align: inherit;\"><span dir=\"auto\" style=\"vertical-align: inherit;\"><span dir=\"auto\" style=\"vertical-align: inherit;\">Aromaattiset yhdisteet<\/span><\/span><\/span><\/span><\/p>\n<\/td>\n<\/tr>\n<tr>\n<td style=\"width: 211px;\" colspan=\"2\">\n<p style=\"margin-left: 6.15pt; text-align: center;\"><span style=\"vertical-align: inherit;\"><span style=\"vertical-align: inherit;\"><span dir=\"auto\" style=\"vertical-align: inherit;\"><span dir=\"auto\" style=\"vertical-align: inherit;\">Matriisi<\/span><\/span><\/span><\/span><\/p>\n<\/td>\n<td style=\"width: 191px;\">\n<p style=\"margin-left: 53.8pt; text-align: center;\"><span dir=\"auto\" style=\"vertical-align: inherit;\"><span dir=\"auto\" style=\"vertical-align: inherit;\">Styreeni<\/span><\/span><\/p>\n<\/td>\n<\/tr>\n<tr>\n<td style=\"width: 211px;\" colspan=\"2\">\n<p style=\"margin-left: 6.15pt; text-align: center;\"><span style=\"vertical-align: inherit;\"><span style=\"vertical-align: inherit;\"><span dir=\"auto\" style=\"vertical-align: inherit;\"><span dir=\"auto\" style=\"vertical-align: inherit;\">Kosteuspitoisuus %<\/span><\/span><\/span><\/span><\/p>\n<\/td>\n<td style=\"width: 191px;\">\n<p style=\"margin-left: 54.95pt; text-align: center;\"><span style=\"vertical-align: inherit;\"><span style=\"vertical-align: inherit;\"><span dir=\"auto\" style=\"vertical-align: inherit;\"><span dir=\"auto\" style=\"vertical-align: inherit;\">50\u201360<\/span><\/span><\/span><\/span><\/p>\n<\/td>\n<\/tr>\n<tr>\n<td style=\"width: 140px;\">\n<p style=\"margin-left: 5.85pt; text-align: center;\"><span style=\"vertical-align: inherit;\"><span style=\"vertical-align: inherit;\"><span dir=\"auto\" style=\"vertical-align: inherit;\"><span dir=\"auto\" style=\"vertical-align: inherit;\">Ominaispinta-ala<\/span><\/span><\/span><\/span><\/p>\n<\/td>\n<td style=\"width: 71px;\">\n<p style=\"margin-left: 23.85pt; text-align: center;\"><span dir=\"auto\" style=\"vertical-align: inherit;\"><span dir=\"auto\" style=\"vertical-align: inherit;\">m\u00b2\/g<\/span><\/span><\/p>\n<\/td>\n<td style=\"width: 191px;\">\n<p style=\"margin-left: 46.2pt; text-align: center;\"><span style=\"vertical-align: inherit;\"><span style=\"vertical-align: inherit;\"><span dir=\"auto\" style=\"vertical-align: inherit;\"><span dir=\"auto\" style=\"vertical-align: inherit;\">800\u20131500<\/span><\/span><\/span><\/span><\/p>\n<\/td>\n<\/tr>\n<tr>\n<td style=\"width: 211px;\" colspan=\"2\">\n<p style=\"margin-left: 6.2pt; text-align: center;\"><span style=\"vertical-align: inherit;\"><span style=\"vertical-align: inherit;\"><span dir=\"auto\" style=\"vertical-align: inherit;\"><span dir=\"auto\" style=\"vertical-align: inherit;\">Huokostilavuus, ml\/g<\/span><\/span><\/span><\/span><\/p>\n<\/td>\n<td style=\"width: 191px;\">\n<p style=\"margin-left: 60.3pt; text-align: center;\"><span style=\"vertical-align: inherit;\"><span style=\"vertical-align: inherit;\"><span dir=\"auto\" style=\"vertical-align: inherit;\"><span dir=\"auto\" style=\"vertical-align: inherit;\">\u22650,5<\/span><\/span><\/span><\/span><\/p>\n<\/td>\n<\/tr>\n<tr>\n<td style=\"width: 140px;\">\n<p style=\"margin-left: 6.2pt; text-align: center;\"><span style=\"vertical-align: inherit;\"><span style=\"vertical-align: inherit;\"><span dir=\"auto\" style=\"vertical-align: inherit;\"><span dir=\"auto\" style=\"vertical-align: inherit;\">Huokoskoko<\/span><\/span><\/span><\/span><\/p>\n<\/td>\n<td style=\"width: 71px;\">\n<p style=\"margin-left: 4.05pt; text-align: center;\"><span dir=\"auto\" style=\"vertical-align: inherit;\"><span dir=\"auto\" style=\"vertical-align: inherit;\">nm<\/span><\/span><\/p>\n<\/td>\n<td style=\"width: 191px;\">\n<p style=\"margin-left: 60.3pt; text-align: center;\"><span style=\"vertical-align: inherit;\"><span style=\"vertical-align: inherit;\"><span dir=\"auto\" style=\"vertical-align: inherit;\"><span dir=\"auto\" style=\"vertical-align: inherit;\">\u22653,2<\/span><\/span><\/span><\/span><\/p>\n<\/td>\n<\/tr>\n<tr>\n<td style=\"width: 211px;\" colspan=\"2\">\n<p style=\"margin-left: 5.85pt; text-align: center;\"><span style=\"vertical-align: inherit;\"><span style=\"vertical-align: inherit;\"><span dir=\"auto\" style=\"vertical-align: inherit;\"><span dir=\"auto\" style=\"vertical-align: inherit;\">L\u00e4hetyspaino, g\/ml<\/span><\/span><\/span><\/span><\/p>\n<\/td>\n<td style=\"width: 191px;\">\n<p style=\"margin-left: 49.7pt; text-align: center;\"><span style=\"vertical-align: inherit;\"><span style=\"vertical-align: inherit;\"><span dir=\"auto\" style=\"vertical-align: inherit;\"><span dir=\"auto\" style=\"vertical-align: inherit;\">0,65\u20130,75<\/span><\/span><\/span><\/span><\/p>\n<\/td>\n<\/tr>\n<\/tbody>\n<\/table>\n<p>&nbsp;<\/td>\n<\/tr>\n<\/tbody>\n<\/table>\n","protected":false},"excerpt":{"rendered":"<p>ZG SD300 makrohuokoinen adsorbentti, jolla on erityinen huokoshalkaisija 1. \u00a0Kuvaus: Hydrolite ZG SD330 on makrohuokoinen adsorbentti, jolla on erityinen huokoshalkaisija; sill\u00e4 on suuri ominaispinta-ala ja optimaaliset mitat verrattuna perinteisiin adsorbentteihin, mik\u00e4 varmistaa orgaanisten aineiden ja orgaanisten v\u00e4riaineiden paremman adsorptiokyvyn ja eluointinopeuden, ja se soveltuu erityisesti korkeafruktoosisen siirapin hajun ja maun poistamiseen. Erityisen huokoskokonsa ansiosta se&#8230;<\/p>\n","protected":false},"featured_media":1933,"comment_status":"closed","ping_status":"closed","template":"","meta":[],"product_cat":[505,622],"product_tag":[],"class_list":["post-3946","product","type-product","status-publish","has-post-thumbnail","hentry","product_cat-tuotteet","product_cat-yleiset-hartsit-fi"],"_links":{"self":[{"href":"https:\/\/hydrolite.eu\/fi\/wp-json\/wp\/v2\/product\/3946","targetHints":{"allow":["GET"]}}],"collection":[{"href":"https:\/\/hydrolite.eu\/fi\/wp-json\/wp\/v2\/product"}],"about":[{"href":"https:\/\/hydrolite.eu\/fi\/wp-json\/wp\/v2\/types\/product"}],"replies":[{"embeddable":true,"href":"https:\/\/hydrolite.eu\/fi\/wp-json\/wp\/v2\/comments?post=3946"}],"wp:featuredmedia":[{"embeddable":true,"href":"https:\/\/hydrolite.eu\/fi\/wp-json\/wp\/v2\/media\/1933"}],"wp:attachment":[{"href":"https:\/\/hydrolite.eu\/fi\/wp-json\/wp\/v2\/media?parent=3946"}],"wp:term":[{"taxonomy":"product_cat","embeddable":true,"href":"https:\/\/hydrolite.eu\/fi\/wp-json\/wp\/v2\/product_cat?post=3946"},{"taxonomy":"product_tag","embeddable":true,"href":"https:\/\/hydrolite.eu\/fi\/wp-json\/wp\/v2\/product_tag?post=3946"}],"curies":[{"name":"wp","href":"https:\/\/api.w.org\/{rel}","templated":true}]}}