{"id":2957,"date":"2025-09-21T13:39:31","date_gmt":"2025-10-05T12:48:41","guid":{"rendered":"https:\/\/hydrolite.eu\/?post_type=product&#038;p=2957"},"modified":"2025-10-05T15:48:41","modified_gmt":"2025-10-05T12:48:41","slug":"zga313-vahvasti-emaksinen-anioninvaihtohartsi","status":"publish","type":"product","link":"https:\/\/hydrolite.eu\/fi\/product\/zga313-vahvasti-emaksinen-anioninvaihtohartsi\/","title":{"rendered":"ZGA313 Vahvasti em\u00e4ksinen anioninvaihtohartsi"},"content":{"rendered":"<table border=\"0\" width=\"100%\" cellspacing=\"1\" cellpadding=\"0\" align=\"center\" bgcolor=\"dee8f3\">\n<tbody>\n<tr>\n<td align=\"left\" bgcolor=\"054696\" width=\"70%\" height=\"50\">\n<div class=\"zzzzz1\" align=\"center\"><span style=\"vertical-align: inherit;\"><span style=\"vertical-align: inherit;\"><span dir=\"auto\" style=\"vertical-align: inherit;\"><span dir=\"auto\" style=\"vertical-align: inherit;\">ZGA313 Vahvasti em\u00e4ksinen anioninvaihtohartsi<\/span><\/span><\/span><\/span><\/div>\n<\/td>\n<\/tr>\n<tr>\n<td style=\"padding: 20px;\" align=\"left\" bgcolor=\"#FFFFFF\"><span style=\"vertical-align: inherit;\"><span style=\"vertical-align: inherit;\"><span dir=\"auto\" style=\"vertical-align: inherit;\"><span dir=\"auto\" style=\"vertical-align: inherit;\">TUOTTEEN KUVAUS<\/span><\/span><\/span><\/span><span style=\"vertical-align: inherit;\"><span style=\"vertical-align: inherit;\"><span dir=\"auto\" style=\"vertical-align: inherit;\"><span dir=\"auto\" style=\"vertical-align: inherit;\">ZGA313 on tyypin I anioninvaihtogeelihartsi, jolla on vahva pohja ja akryylipohja. Akryylimatriisi mahdollistaa erinomaisen orgaanisten aineiden poiston sy\u00f6tt\u00f6vedest\u00e4 ja sen j\u00e4lkeen regeneroinnin aikana suojaamaan orgaaniselta kontaminaatiolta. T\u00e4t\u00e4 hartsia k\u00e4ytet\u00e4\u00e4n puhtaan ja ultrapuhtaan veden valmistukseen tyypin I polystyreenihartsin sijaan. Se sopii erityisesti veteen, jossa on paljon orgaanisia aineita.<\/span><\/span><\/span><\/span><\/p>\n<p>&nbsp;<\/p>\n<p><span style=\"vertical-align: inherit;\"><span style=\"vertical-align: inherit;\"><span dir=\"auto\" style=\"vertical-align: inherit;\"><span dir=\"auto\" style=\"vertical-align: inherit;\">EDUT JA OMINAISUUDET<\/span><\/span><\/span><\/span><\/p>\n<p><span style=\"vertical-align: inherit;\"><span style=\"vertical-align: inherit;\"><span dir=\"auto\" style=\"vertical-align: inherit;\"><span dir=\"auto\" style=\"vertical-align: inherit;\">\u25cf YHDENMUKAINEN KUPPIKOKO<\/span><\/span><\/span><\/span><\/p>\n<p><span style=\"vertical-align: inherit;\"><span style=\"vertical-align: inherit;\"><span dir=\"auto\" style=\"vertical-align: inherit;\"><span dir=\"auto\" style=\"vertical-align: inherit;\">95 % hiukkasista on m\u00e4\u00e4ritellyll\u00e4 alueella, mik\u00e4 johtaa pienemp\u00e4\u00e4n paineh\u00e4vi\u00f6\u00f6n ja parempaan kinetiikkaan.<\/span><\/span><\/span><\/span><\/p>\n<p><span style=\"vertical-align: inherit;\"><span style=\"vertical-align: inherit;\"><span dir=\"auto\" style=\"vertical-align: inherit;\"><span dir=\"auto\" style=\"vertical-align: inherit;\">\u25cf SUURI KAPASITEETTI LUOMUEL\u00c4IMILLE<\/span><\/span><\/span><\/span><\/p>\n<p><span style=\"vertical-align: inherit;\"><span style=\"vertical-align: inherit;\"><span dir=\"auto\" style=\"vertical-align: inherit;\"><span dir=\"auto\" style=\"vertical-align: inherit;\">Akryylirakenne mahdollistaa suuren kapasiteetin sovelluksissa, joissa on paljon orgaanista vett\u00e4. T\u00e4m\u00e4 varmistaa erinomaisen kest\u00e4vyyden orgaanista kontaminaatiota vastaan.<\/span><\/span><\/span><\/span><\/p>\n<p><span style=\"vertical-align: inherit;\"><span style=\"vertical-align: inherit;\"><span dir=\"auto\" style=\"vertical-align: inherit;\"><span dir=\"auto\" style=\"vertical-align: inherit;\">\u25cf ERINOMAINEN REGENERAATIOTEHOKKUUS<\/span><\/span><\/span><\/span><\/p>\n<p><span style=\"vertical-align: inherit;\"><span style=\"vertical-align: inherit;\"><span dir=\"auto\" style=\"vertical-align: inherit;\"><span dir=\"auto\" style=\"vertical-align: inherit;\">Paremmat kineettiset ominaisuudet ja alhainen kloorin selektiivisyys takaavat korkean regenerointitehokkuuden.<\/span><\/span><\/span><\/span><\/p>\n<p><span style=\"vertical-align: inherit;\"><span style=\"vertical-align: inherit;\"><span dir=\"auto\" style=\"vertical-align: inherit;\"><span dir=\"auto\" style=\"vertical-align: inherit;\">\u25cf KORKEA FYSIKAALINEN VAKAUUS<\/span><\/span><\/span><\/span><\/p>\n<p><span style=\"vertical-align: inherit;\"><span style=\"vertical-align: inherit;\"><span dir=\"auto\" style=\"vertical-align: inherit;\"><span dir=\"auto\" style=\"vertical-align: inherit;\">Yli 93 %:n pallomaisuus yhdistettyn\u00e4 korkeisiin mekaanisiin ominaisuuksiin ja tasaiseen hiukkaskokoon tarjoaa hyv\u00e4n kest\u00e4vyyden hiukkasten rikkoutumiselle mekaanisten, l\u00e4mp\u00f6- tai osmoottisten kuormien vuoksi.<\/span><\/span><\/span><\/span><\/p>\n<p>&nbsp;<\/p>\n<p><span style=\"vertical-align: inherit;\"><span style=\"vertical-align: inherit;\"><span dir=\"auto\" style=\"vertical-align: inherit;\"><span dir=\"auto\" style=\"vertical-align: inherit;\">FYSIKAALISET JA KEMIALLISET OMINAISUUDET<\/span><\/span><\/span><\/span><\/p>\n<table style=\"width: 569px;\" border=\"1\" cellspacing=\"0\">\n<tbody>\n<tr>\n<td style=\"width: 283px;\" colspan=\"2\">\n<p style=\"margin-left: 5.4500pt;\"><span style=\"vertical-align: inherit;\"><span style=\"vertical-align: inherit;\"><span dir=\"auto\" style=\"vertical-align: inherit;\"><span dir=\"auto\" style=\"vertical-align: inherit;\">Ulkon\u00e4k\u00f6<\/span><\/span><\/span><\/span><\/p>\n<\/td>\n<td style=\"width: 286px;\">\n<p style=\"margin-left: 29.8000pt;\"><span style=\"vertical-align: inherit;\"><span style=\"vertical-align: inherit;\"><span dir=\"auto\" style=\"vertical-align: inherit;\"><span dir=\"auto\" style=\"vertical-align: inherit;\">Maitomaiselta l\u00e4pin\u00e4kyv\u00e4t pallomaiset viipaleet<\/span><\/span><\/span><\/span><\/p>\n<\/td>\n<\/tr>\n<tr>\n<td style=\"width: 283px;\" colspan=\"2\">\n<p style=\"margin-left: 5.6500pt;\"><span style=\"vertical-align: inherit;\"><span style=\"vertical-align: inherit;\"><span dir=\"auto\" style=\"vertical-align: inherit;\"><span dir=\"auto\" style=\"vertical-align: inherit;\">Polymeerimatriisi<\/span><\/span><\/span><\/span><\/p>\n<\/td>\n<td style=\"width: 286px;\">\n<p style=\"margin-left: 79.9500pt;\"><span style=\"vertical-align: inherit;\"><span style=\"vertical-align: inherit;\"><span dir=\"auto\" style=\"vertical-align: inherit;\"><span dir=\"auto\" style=\"vertical-align: inherit;\">Akryylihappo<\/span><\/span><\/span><\/span><\/p>\n<\/td>\n<\/tr>\n<tr>\n<td style=\"width: 283px;\" colspan=\"2\">\n<p style=\"margin-left: 5.7500pt;\"><span dir=\"auto\" style=\"vertical-align: inherit;\"><span dir=\"auto\" style=\"vertical-align: inherit;\">Tyyppi<\/span><\/span><\/p>\n<\/td>\n<td style=\"width: 286px;\">\n<p style=\"margin-left: 52.4000pt;\"><span style=\"vertical-align: inherit;\"><span style=\"vertical-align: inherit;\"><span dir=\"auto\" style=\"vertical-align: inherit;\"><span dir=\"auto\" style=\"vertical-align: inherit;\">Geelim\u00e4inen vahva meikkivoide, tyyppi II<\/span><\/span><\/span><\/span><\/p>\n<\/td>\n<\/tr>\n<tr>\n<td style=\"width: 283px;\" colspan=\"2\">\n<p style=\"margin-left: 5.6000pt;\"><span style=\"vertical-align: inherit;\"><span style=\"vertical-align: inherit;\"><span dir=\"auto\" style=\"vertical-align: inherit;\"><span dir=\"auto\" style=\"vertical-align: inherit;\">Funktionaalinen ryhm\u00e4<\/span><\/span><\/span><\/span><\/p>\n<\/td>\n<td style=\"width: 286px;\">\n<p style=\"margin-left: 70.6000pt;\"><span style=\"vertical-align: inherit;\"><span style=\"vertical-align: inherit;\"><span dir=\"auto\" style=\"vertical-align: inherit;\"><span dir=\"auto\" style=\"vertical-align: inherit;\">P\u2014H+ (CH3)3 X-<\/span><\/span><\/span><\/span><\/p>\n<\/td>\n<\/tr>\n<tr>\n<td style=\"width: 283px;\" colspan=\"2\">\n<p style=\"margin-left: 5.6000pt;\"><span style=\"vertical-align: inherit;\"><span style=\"vertical-align: inherit;\"><span dir=\"auto\" style=\"vertical-align: inherit;\"><span dir=\"auto\" style=\"vertical-align: inherit;\">Ioninen muoto<\/span><\/span><\/span><\/span><\/p>\n<\/td>\n<td style=\"width: 286px;\">\n<p style=\"margin-left: 102.0500pt;\"><span style=\"vertical-align: inherit;\"><span style=\"vertical-align: inherit;\"><span dir=\"auto\" style=\"vertical-align: inherit;\"><span dir=\"auto\" style=\"vertical-align: inherit;\">Cl<\/span><\/span><\/span><\/span><\/p>\n<\/td>\n<\/tr>\n<tr>\n<td style=\"width: 283px;\" colspan=\"2\">\n<p style=\"margin-left: 5.6000pt;\"><span style=\"vertical-align: inherit;\"><span style=\"vertical-align: inherit;\"><span dir=\"auto\" style=\"vertical-align: inherit;\"><span dir=\"auto\" style=\"vertical-align: inherit;\">Kosteuspitoisuus %<\/span><\/span><\/span><\/span><\/p>\n<\/td>\n<td style=\"width: 286px;\">\n<p style=\"margin-left: 97.6000pt;\"><span style=\"vertical-align: inherit;\"><span style=\"vertical-align: inherit;\"><span dir=\"auto\" style=\"vertical-align: inherit;\"><span dir=\"auto\" style=\"vertical-align: inherit;\">54\u201364<\/span><\/span><\/span><\/span><\/p>\n<\/td>\n<\/tr>\n<tr>\n<td style=\"width: 283px;\" colspan=\"2\">\n<p style=\"margin-left: 5.8000pt;\"><span style=\"vertical-align: inherit;\"><span style=\"vertical-align: inherit;\"><span dir=\"auto\" style=\"vertical-align: inherit;\"><span dir=\"auto\" style=\"vertical-align: inherit;\">Tilavuus tilavuuden mukaan mmol\/ml<\/span><\/span><\/span><\/span><\/p>\n<\/td>\n<td style=\"width: 286px;\">\n<p style=\"margin-left: 93.8000pt;\"><span style=\"vertical-align: inherit;\"><span style=\"vertical-align: inherit;\"><span dir=\"auto\" style=\"vertical-align: inherit;\"><span dir=\"auto\" style=\"vertical-align: inherit;\">\u2265 1,2<\/span><\/span><\/span><\/span><\/p>\n<\/td>\n<\/tr>\n<tr>\n<td style=\"width: 283px;\" colspan=\"2\">\n<p style=\"margin-left: 5.9000pt;\"><span style=\"vertical-align: inherit;\"><span style=\"vertical-align: inherit;\"><span dir=\"auto\" style=\"vertical-align: inherit;\"><span dir=\"auto\" style=\"vertical-align: inherit;\">L\u00e4hetyspaino g\/ml<\/span><\/span><\/span><\/span><\/p>\n<\/td>\n<td style=\"width: 286px;\">\n<p style=\"margin-left: 84.9000pt;\"><span style=\"vertical-align: inherit;\"><span style=\"vertical-align: inherit;\"><span dir=\"auto\" style=\"vertical-align: inherit;\"><span dir=\"auto\" style=\"vertical-align: inherit;\">0,68\u20130,75<\/span><\/span><\/span><\/span><\/p>\n<\/td>\n<\/tr>\n<tr>\n<td style=\"width: 130px;\">\n<p style=\"margin-left: 5.5000pt;\"><span style=\"vertical-align: inherit;\"><span style=\"vertical-align: inherit;\"><span dir=\"auto\" style=\"vertical-align: inherit;\"><span dir=\"auto\" style=\"vertical-align: inherit;\">Tiheys<\/span><\/span><\/span><\/span><\/p>\n<\/td>\n<td style=\"width: 153px;\">\n<p style=\"margin-left: 58.1500pt;\"><span style=\"vertical-align: inherit;\"><span style=\"vertical-align: inherit;\"><span dir=\"auto\" style=\"vertical-align: inherit;\"><span dir=\"auto\" style=\"vertical-align: inherit;\">g\/ml<\/span><\/span><\/span><\/span><\/p>\n<\/td>\n<td style=\"width: 286px;\">\n<p style=\"margin-left: 87.4000pt;\"><span style=\"vertical-align: inherit;\"><span style=\"vertical-align: inherit;\"><span dir=\"auto\" style=\"vertical-align: inherit;\"><span dir=\"auto\" style=\"vertical-align: inherit;\">1.05\u20131.10<\/span><\/span><\/span><\/span><\/p>\n<\/td>\n<\/tr>\n<tr>\n<td style=\"width: 283px;\" colspan=\"2\">\n<p style=\"margin-left: 5.8000pt;\"><span style=\"vertical-align: inherit;\"><span style=\"vertical-align: inherit;\"><span dir=\"auto\" style=\"vertical-align: inherit;\"><span dir=\"auto\" style=\"vertical-align: inherit;\">Granulometria (0,315\u20131,25 mm) %<\/span><\/span><\/span><\/span><\/p>\n<\/td>\n<td style=\"width: 286px;\">\n<p style=\"margin-left: 95.1000pt;\"><span style=\"vertical-align: inherit;\"><span style=\"vertical-align: inherit;\"><span dir=\"auto\" style=\"vertical-align: inherit;\"><span dir=\"auto\" style=\"vertical-align: inherit;\">\u2265 95<\/span><\/span><\/span><\/span><\/p>\n<\/td>\n<\/tr>\n<\/tbody>\n<\/table>\n<p>&nbsp;<\/p>\n<div>\n<table style=\"width: 569px;\" border=\"1\" cellspacing=\"0\">\n<tbody>\n<tr>\n<td style=\"width: 283px;\">\n<p style=\"margin-left: 5.6000pt;\"><span style=\"vertical-align: inherit;\"><span style=\"vertical-align: inherit;\"><span dir=\"auto\" style=\"vertical-align: inherit;\"><span dir=\"auto\" style=\"vertical-align: inherit;\">Tehokas hiukkaskokoalue mm<\/span><\/span><\/span><\/span><\/p>\n<\/td>\n<td style=\"width: 286px;\">\n<p style=\"margin-left: 84.9000pt;\"><span style=\"vertical-align: inherit;\"><span style=\"vertical-align: inherit;\"><span dir=\"auto\" style=\"vertical-align: inherit;\"><span dir=\"auto\" style=\"vertical-align: inherit;\">0,45\u20130,70<\/span><\/span><\/span><\/span><\/p>\n<\/td>\n<\/tr>\n<tr>\n<td style=\"width: 283px;\">\n<p style=\"margin-left: 5.6000pt;\"><span style=\"vertical-align: inherit;\"><span style=\"vertical-align: inherit;\"><span dir=\"auto\" style=\"vertical-align: inherit;\"><span dir=\"auto\" style=\"vertical-align: inherit;\">Homogeenisuuskerroin<\/span><\/span><\/span><\/span><\/p>\n<\/td>\n<td style=\"width: 286px;\">\n<p style=\"margin-left: 90.9000pt;\"><span style=\"vertical-align: inherit;\"><span style=\"vertical-align: inherit;\"><span dir=\"auto\" style=\"vertical-align: inherit;\"><span dir=\"auto\" style=\"vertical-align: inherit;\">\u2264 1,60<\/span><\/span><\/span><\/span><\/p>\n<\/td>\n<\/tr>\n<tr>\n<td style=\"width: 283px;\">\n<p style=\"margin-left: 5.6000pt;\"><span style=\"vertical-align: inherit;\"><span style=\"vertical-align: inherit;\"><span dir=\"auto\" style=\"vertical-align: inherit;\"><span dir=\"auto\" style=\"vertical-align: inherit;\">pH-k\u00e4ytt\u00f6alue<\/span><\/span><\/span><\/span><\/p>\n<\/td>\n<td style=\"width: 286px;\">\n<p style=\"margin-left: 75.8000pt;\"><span style=\"vertical-align: inherit;\"><span style=\"vertical-align: inherit;\"><span dir=\"auto\" style=\"vertical-align: inherit;\"><span dir=\"auto\" style=\"vertical-align: inherit;\">1\u201314<\/span><\/span><\/span><\/span><\/p>\n<\/td>\n<\/tr>\n<tr>\n<td style=\"width: 283px;\">\n<p style=\"margin-left: 5.7000pt;\"><span dir=\"auto\" style=\"vertical-align: inherit;\"><span dir=\"auto\" style=\"vertical-align: inherit;\">Veden maksimil\u00e4mp\u00f6tila<\/span><\/span><\/p>\n<\/td>\n<td style=\"width: 286px;\">\n<p style=\"margin-left: 59.7500pt;\"><span style=\"vertical-align: inherit;\"><span style=\"vertical-align: inherit;\"><span dir=\"auto\" style=\"vertical-align: inherit;\"><span dir=\"auto\" style=\"vertical-align: inherit;\">+50\u00b0C<\/span><\/span><\/span><\/span><\/p>\n<\/td>\n<\/tr>\n<tr>\n<td style=\"width: 283px;\">\n<p style=\"margin-left: 5.7000pt;\"><span style=\"vertical-align: inherit;\"><span style=\"vertical-align: inherit;\"><span dir=\"auto\" style=\"vertical-align: inherit;\"><span dir=\"auto\" style=\"vertical-align: inherit;\">Maks. k\u00e4sittelynopeus<\/span><\/span><\/span><\/span><\/p>\n<\/td>\n<td style=\"width: 286px;\">\n<p style=\"margin-left: 66.3500pt;\"><span style=\"vertical-align: inherit;\"><span style=\"vertical-align: inherit;\"><span dir=\"auto\" style=\"vertical-align: inherit;\"><span dir=\"auto\" style=\"vertical-align: inherit;\">5,0 m\/min<\/span><\/span><\/span><\/span><\/p>\n<\/td>\n<\/tr>\n<\/tbody>\n<\/table>\n<\/div>\n<p>&nbsp;<\/td>\n<\/tr>\n<\/tbody>\n<\/table>\n<div id=\"gtx-trans\" style=\"position: absolute; left: 90px; top: 1.63068px;\">\n<div class=\"gtx-trans-icon\"><\/div>\n<\/div>\n","protected":false},"excerpt":{"rendered":"<p>ZGA313 Vahvasti em\u00e4ksinen anioninvaihtohartsi TUOTTEEN KUVAUSZGA313 on tyypin I anioninvaihtogeelihartsi, jolla on vahva pohja ja akryylipohja. Akryylimatriisi mahdollistaa erinomaisen orgaanisten aineiden poiston sy\u00f6tt\u00f6vedest\u00e4 ja sen j\u00e4lkeen regeneroinnin aikana suojaamaan orgaaniselta kontaminaatiolta. T\u00e4t\u00e4 hartsia k\u00e4ytet\u00e4\u00e4n puhtaan ja ultrapuhtaan veden valmistukseen tyypin I polystyreenihartsin sijaan. Se sopii erityisesti veteen, jossa on paljon orgaanisia aineita. &nbsp; EDUT JA&#8230;<\/p>\n","protected":false},"featured_media":1933,"comment_status":"closed","ping_status":"closed","template":"","meta":[],"product_cat":[557,505],"product_tag":[],"class_list":["post-2957","product","type-product","status-publish","has-post-thumbnail","hentry","product_cat-muut-hartsit","product_cat-tuotteet"],"_links":{"self":[{"href":"https:\/\/hydrolite.eu\/fi\/wp-json\/wp\/v2\/product\/2957","targetHints":{"allow":["GET"]}}],"collection":[{"href":"https:\/\/hydrolite.eu\/fi\/wp-json\/wp\/v2\/product"}],"about":[{"href":"https:\/\/hydrolite.eu\/fi\/wp-json\/wp\/v2\/types\/product"}],"replies":[{"embeddable":true,"href":"https:\/\/hydrolite.eu\/fi\/wp-json\/wp\/v2\/comments?post=2957"}],"wp:featuredmedia":[{"embeddable":true,"href":"https:\/\/hydrolite.eu\/fi\/wp-json\/wp\/v2\/media\/1933"}],"wp:attachment":[{"href":"https:\/\/hydrolite.eu\/fi\/wp-json\/wp\/v2\/media?parent=2957"}],"wp:term":[{"taxonomy":"product_cat","embeddable":true,"href":"https:\/\/hydrolite.eu\/fi\/wp-json\/wp\/v2\/product_cat?post=2957"},{"taxonomy":"product_tag","embeddable":true,"href":"https:\/\/hydrolite.eu\/fi\/wp-json\/wp\/v2\/product_tag?post=2957"}],"curies":[{"name":"wp","href":"https:\/\/api.w.org\/{rel}","templated":true}]}}