{"id":2736,"date":"2025-09-21T13:39:58","date_gmt":"2025-10-03T21:53:08","guid":{"rendered":"https:\/\/hydrolite.eu\/?post_type=product&#038;p=2736"},"modified":"2025-10-04T00:53:28","modified_gmt":"2025-10-03T21:53:28","slug":"zgfs821-arseenin-ja-fluoridin-poistohartsi","status":"publish","type":"product","link":"https:\/\/hydrolite.eu\/fi\/product\/zgfs821-arseenin-ja-fluoridin-poistohartsi\/","title":{"rendered":"ZGFS821 Arseenin ja fluoridin poistohartsi"},"content":{"rendered":"<table border=\"0\" width=\"100%\" cellspacing=\"1\" cellpadding=\"0\" align=\"center\" bgcolor=\"dee8f3\">\n<tbody>\n<tr>\n<td align=\"left\" bgcolor=\"054696\" width=\"70%\" height=\"50\">\n<div class=\"zzzzz1\" align=\"center\"><span style=\"vertical-align: inherit;\"><span style=\"vertical-align: inherit;\"><span dir=\"auto\" style=\"vertical-align: inherit;\"><span dir=\"auto\" style=\"vertical-align: inherit;\">ZGFS821 Arseenin ja fluoridin poistohartsi<\/span><\/span><\/span><\/span><\/div>\n<\/td>\n<\/tr>\n<tr>\n<td style=\"padding: 20px;\" align=\"left\" bgcolor=\"#FFFFFF\"><strong><span style=\"vertical-align: inherit;\"><span class=\"\" style=\"vertical-align: inherit;\"><span dir=\"auto\" style=\"vertical-align: inherit;\"><span dir=\"auto\" style=\"vertical-align: inherit;\">ZG FS 821<\/span><\/span><\/span><\/span><\/strong><span style=\"vertical-align: inherit;\"><span class=\"\" style=\"vertical-align: inherit;\"><span dir=\"auto\" style=\"vertical-align: inherit;\"><span dir=\"auto\" style=\"vertical-align: inherit;\"> on geelim\u00e4inen erikoishartsi. Se on makromolekyylinen kopolymeeri, jossa on aktivoituja nestem\u00e4isi\u00e4 maa-aineita styreeni-DVB-matriisissa. T\u00e4m\u00e4n kemiallisen rakenteen ansiosta se pystyy helposti muodostamaan stabiileja komplekseja fluorin ja arseenin kanssa vedess\u00e4, mik\u00e4 v\u00e4hent\u00e4\u00e4 niiden pitoisuuksia kansallisessa juomavesistandardissa: arseeni alle 10 \u03bcg\/l, fluori alle 1 mg\/l. Sit\u00e4 voidaan k\u00e4ytt\u00e4\u00e4 my\u00f6s arseenin ja fluorin poistamiseen j\u00e4tevedest\u00e4.<\/span><\/span><\/span><\/span><\/p>\n<p><strong><span style=\"vertical-align: inherit;\"><span style=\"vertical-align: inherit;\"><span dir=\"auto\" style=\"vertical-align: inherit;\"><span dir=\"auto\" style=\"vertical-align: inherit;\">ZG FS 821:ll\u00e4<\/span><\/span><\/span><\/span><\/strong><span style=\"vertical-align: inherit;\"><span style=\"vertical-align: inherit;\"><span dir=\"auto\" style=\"vertical-align: inherit;\"><span dir=\"auto\" style=\"vertical-align: inherit;\"> on suhteellisen korkea adsorptiokyky ja -nopeus fluorille ja arseenille. Se v\u00e4hent\u00e4\u00e4 tehokkaasti niiden pitoisuudet liuoksessa turvallisille tasoille. Lis\u00e4ksi se voi k\u00e4ytt\u00e4\u00e4 eluenttina NaOH:ta ja sen j\u00e4lkeen 5\u201310 % rikkihappoa pH-alueen s\u00e4\u00e4t\u00e4miseksi arvoon 4\u20136, mink\u00e4 j\u00e4lkeen hartsia voidaan k\u00e4ytt\u00e4\u00e4 uudelleen.<\/span><\/span><\/span><\/span><\/p>\n<p>&nbsp;<\/p>\n<p align=\"center\"><strong><span style=\"vertical-align: inherit;\"><span style=\"vertical-align: inherit;\"><span dir=\"auto\" style=\"vertical-align: inherit;\"><span dir=\"auto\" style=\"vertical-align: inherit;\">Fysikaalis-kemialliset ominaisuudet:<\/span><\/span><\/span><\/span><\/strong><\/p>\n<table border=\"1\" width=\"540\" cellspacing=\"0\" cellpadding=\"0\" align=\"center\">\n<tbody>\n<tr>\n<td style=\"width: 276px; height: 68px;\" align=\"center\"><strong><span dir=\"auto\" style=\"vertical-align: inherit;\"><span dir=\"auto\" style=\"vertical-align: inherit;\">Parametrit<\/span><\/span><\/strong><\/td>\n<td style=\"width: 264px; height: 68px;\" align=\"center\"><strong><span style=\"vertical-align: inherit;\"><span style=\"vertical-align: inherit;\"><span dir=\"auto\" style=\"vertical-align: inherit;\"><span dir=\"auto\" style=\"vertical-align: inherit;\">Merkitys<\/span><\/span><\/span><\/span><\/strong><\/td>\n<\/tr>\n<tr>\n<td style=\"width: 276px; height: 66px;\"><span style=\"vertical-align: inherit;\"><span style=\"vertical-align: inherit;\"><span dir=\"auto\" style=\"vertical-align: inherit;\"><span dir=\"auto\" style=\"vertical-align: inherit;\">Ulkon\u00e4k\u00f6<\/span><\/span><\/span><\/span><\/td>\n<td style=\"width: 264px; height: 66px;\" align=\"center\"><span style=\"vertical-align: inherit;\"><span style=\"vertical-align: inherit;\"><span dir=\"auto\" style=\"vertical-align: inherit;\"><span dir=\"auto\" style=\"vertical-align: inherit;\">Valkoisia tai vaaleankeltaisia \u200b\u200brakeita<\/span><\/span><\/span><\/span><\/td>\n<\/tr>\n<tr>\n<td style=\"width: 276px;\"><span style=\"vertical-align: inherit;\"><span style=\"vertical-align: inherit;\"><span dir=\"auto\" style=\"vertical-align: inherit;\"><span dir=\"auto\" style=\"vertical-align: inherit;\">Ioninen muoto<\/span><\/span><\/span><\/span><\/td>\n<td style=\"width: 264px;\" align=\"center\"><span style=\"vertical-align: inherit;\"><span style=\"vertical-align: inherit;\"><span dir=\"auto\" style=\"vertical-align: inherit;\"><span dir=\"auto\" style=\"vertical-align: inherit;\">\u2014\u2014<\/span><\/span><\/span><\/span><\/td>\n<\/tr>\n<tr>\n<td style=\"width: 276px;\"><span style=\"vertical-align: inherit;\"><span style=\"vertical-align: inherit;\"><span dir=\"auto\" style=\"vertical-align: inherit;\"><span dir=\"auto\" style=\"vertical-align: inherit;\">Kosteuspitoisuus, %<\/span><\/span><\/span><\/span><\/td>\n<td style=\"width: 264px;\" align=\"center\"><span style=\"vertical-align: inherit;\"><span style=\"vertical-align: inherit;\"><span dir=\"auto\" style=\"vertical-align: inherit;\"><span dir=\"auto\" style=\"vertical-align: inherit;\">45,0\u201355,0<\/span><\/span><\/span><\/span><\/td>\n<\/tr>\n<tr>\n<td style=\"width: 276px;\"><span style=\"vertical-align: inherit;\"><span style=\"vertical-align: inherit;\"><span dir=\"auto\" style=\"vertical-align: inherit;\"><span dir=\"auto\" style=\"vertical-align: inherit;\">Adsorptiokapasiteetti, g\/l-R<\/span><\/span><\/span><\/span><\/td>\n<td style=\"width: 264px;\" align=\"center\"><span style=\"vertical-align: inherit;\"><span style=\"vertical-align: inherit;\"><span dir=\"auto\" style=\"vertical-align: inherit;\"><span dir=\"auto\" style=\"vertical-align: inherit;\">2,0\u20133,0<\/span><\/span><\/span><\/span><\/td>\n<\/tr>\n<tr>\n<td style=\"width: 276px;\"><span style=\"vertical-align: inherit;\"><span style=\"vertical-align: inherit;\"><span dir=\"auto\" style=\"vertical-align: inherit;\"><span dir=\"auto\" style=\"vertical-align: inherit;\">Hiukkaskokoalue, %<\/span><\/span><\/span><\/span><\/td>\n<td style=\"width: 264px;\" align=\"center\"><span style=\"vertical-align: inherit;\"><span style=\"vertical-align: inherit;\"><span dir=\"auto\" style=\"vertical-align: inherit;\"><span dir=\"auto\" style=\"vertical-align: inherit;\">(0,315\u20131,25 mm) \u226595,0<\/span><\/span><\/span><\/span><\/td>\n<\/tr>\n<tr>\n<td style=\"width: 276px;\"><span style=\"vertical-align: inherit;\"><span style=\"vertical-align: inherit;\"><span dir=\"auto\" style=\"vertical-align: inherit;\"><span dir=\"auto\" style=\"vertical-align: inherit;\">Rakeiden eheys, %<\/span><\/span><\/span><\/span><\/td>\n<td style=\"width: 264px;\" align=\"center\"><span style=\"vertical-align: inherit;\"><span style=\"vertical-align: inherit;\"><span dir=\"auto\" style=\"vertical-align: inherit;\"><span dir=\"auto\" style=\"vertical-align: inherit;\">\u226595,0<\/span><\/span><\/span><\/span><\/td>\n<\/tr>\n<tr>\n<td style=\"width: 276px;\"><span style=\"vertical-align: inherit;\"><span style=\"vertical-align: inherit;\"><span dir=\"auto\" style=\"vertical-align: inherit;\"><span dir=\"auto\" style=\"vertical-align: inherit;\">pH-alue<\/span><\/span><\/span><\/span><\/td>\n<td style=\"width: 264px;\" align=\"center\"><span style=\"vertical-align: inherit;\"><span style=\"vertical-align: inherit;\"><span dir=\"auto\" style=\"vertical-align: inherit;\"><span dir=\"auto\" style=\"vertical-align: inherit;\">3,0\u20139,0<\/span><\/span><\/span><\/span><\/td>\n<\/tr>\n<tr>\n<td style=\"width: 276px;\"><span style=\"vertical-align: inherit;\"><span style=\"vertical-align: inherit;\"><span dir=\"auto\" style=\"vertical-align: inherit;\"><span dir=\"auto\" style=\"vertical-align: inherit;\">K\u00e4ytt\u00f6l\u00e4mp\u00f6tila, \u2103<\/span><\/span><\/span><\/span><\/td>\n<td style=\"width: 264px;\" align=\"center\"><span style=\"vertical-align: inherit;\"><span style=\"vertical-align: inherit;\"><span dir=\"auto\" style=\"vertical-align: inherit;\"><span dir=\"auto\" style=\"vertical-align: inherit;\">10\u201370<\/span><\/span><\/span><\/span><\/td>\n<\/tr>\n<tr>\n<td style=\"width: 276px;\"><span style=\"vertical-align: inherit;\"><span style=\"vertical-align: inherit;\"><span dir=\"auto\" style=\"vertical-align: inherit;\"><span dir=\"auto\" style=\"vertical-align: inherit;\">Maksimil\u00e4mp\u00f6tila, \u2103<\/span><\/span><\/span><\/span><\/td>\n<td style=\"width: 264px;\" align=\"center\"><span style=\"vertical-align: inherit;\"><span style=\"vertical-align: inherit;\"><span dir=\"auto\" style=\"vertical-align: inherit;\"><span dir=\"auto\" style=\"vertical-align: inherit;\">120<\/span><\/span><\/span><\/span><\/td>\n<\/tr>\n<tr>\n<td style=\"width: 276px;\"><span style=\"vertical-align: inherit;\"><span style=\"vertical-align: inherit;\"><span dir=\"auto\" style=\"vertical-align: inherit;\"><span dir=\"auto\" style=\"vertical-align: inherit;\">Virtausnopeus, BV\/h<\/span><\/span><\/span><\/span><\/td>\n<td style=\"width: 264px;\" align=\"center\"><span style=\"vertical-align: inherit;\"><span style=\"vertical-align: inherit;\"><span dir=\"auto\" style=\"vertical-align: inherit;\"><span dir=\"auto\" style=\"vertical-align: inherit;\">5\u201310<\/span><\/span><\/span><\/span><\/td>\n<\/tr>\n<tr>\n<td style=\"width: 276px;\"><span style=\"vertical-align: inherit;\"><span style=\"vertical-align: inherit;\"><span dir=\"auto\" style=\"vertical-align: inherit;\"><span dir=\"auto\" style=\"vertical-align: inherit;\">Liukoisuus<\/span><\/span><\/span><\/span><\/td>\n<td style=\"width: 264px;\" align=\"center\"><span style=\"vertical-align: inherit;\"><span style=\"vertical-align: inherit;\"><span dir=\"auto\" style=\"vertical-align: inherit;\"><span dir=\"auto\" style=\"vertical-align: inherit;\">Liukenematon veteen, happoihin, em\u00e4ksiin<\/span><\/span><\/span><\/span><\/td>\n<\/tr>\n<\/tbody>\n<\/table>\n<\/td>\n<\/tr>\n<\/tbody>\n<\/table>\n","protected":false},"excerpt":{"rendered":"<p>ZGFS821 Arseenin ja fluoridin poistohartsi ZG FS 821 on geelim\u00e4inen erikoishartsi. Se on makromolekyylinen kopolymeeri, jossa on aktivoituja nestem\u00e4isi\u00e4 maa-aineita styreeni-DVB-matriisissa. T\u00e4m\u00e4n kemiallisen rakenteen ansiosta se pystyy helposti muodostamaan stabiileja komplekseja fluorin ja arseenin kanssa vedess\u00e4, mik\u00e4 v\u00e4hent\u00e4\u00e4 niiden pitoisuuksia kansallisessa juomavesistandardissa: arseeni alle 10 \u03bcg\/l, fluori alle 1 mg\/l. Sit\u00e4 voidaan k\u00e4ytt\u00e4\u00e4 my\u00f6s arseenin&#8230;<\/p>\n","protected":false},"featured_media":1933,"comment_status":"closed","ping_status":"closed","template":"","meta":[],"product_cat":[297,505,323],"product_tag":[],"class_list":["post-2736","product","type-product","status-publish","has-post-thumbnail","hentry","product_cat-teollisuus","product_cat-tuotteet","product_cat-uutta-energiaa"],"_links":{"self":[{"href":"https:\/\/hydrolite.eu\/fi\/wp-json\/wp\/v2\/product\/2736","targetHints":{"allow":["GET"]}}],"collection":[{"href":"https:\/\/hydrolite.eu\/fi\/wp-json\/wp\/v2\/product"}],"about":[{"href":"https:\/\/hydrolite.eu\/fi\/wp-json\/wp\/v2\/types\/product"}],"replies":[{"embeddable":true,"href":"https:\/\/hydrolite.eu\/fi\/wp-json\/wp\/v2\/comments?post=2736"}],"wp:featuredmedia":[{"embeddable":true,"href":"https:\/\/hydrolite.eu\/fi\/wp-json\/wp\/v2\/media\/1933"}],"wp:attachment":[{"href":"https:\/\/hydrolite.eu\/fi\/wp-json\/wp\/v2\/media?parent=2736"}],"wp:term":[{"taxonomy":"product_cat","embeddable":true,"href":"https:\/\/hydrolite.eu\/fi\/wp-json\/wp\/v2\/product_cat?post=2736"},{"taxonomy":"product_tag","embeddable":true,"href":"https:\/\/hydrolite.eu\/fi\/wp-json\/wp\/v2\/product_tag?post=2736"}],"curies":[{"name":"wp","href":"https:\/\/api.w.org\/{rel}","templated":true}]}}