{"id":2714,"date":"2025-09-21T13:39:58","date_gmt":"2025-10-02T22:41:51","guid":{"rendered":"https:\/\/hydrolite.eu\/?post_type=product&#038;p=2714"},"modified":"2025-10-03T01:42:35","modified_gmt":"2025-10-02T22:42:35","slug":"zgd870b-purisenpoistohartsi","status":"publish","type":"product","link":"https:\/\/hydrolite.eu\/fi\/product\/zgd870b-purisenpoistohartsi\/","title":{"rendered":"ZGD870B purisenpoistohartsi"},"content":{"rendered":"<table style=\"width: 100%; height: 505px;\" border=\"0\" width=\"100%\" cellspacing=\"1\" cellpadding=\"0\" align=\"center\" bgcolor=\"dee8f3\">\n<tbody>\n<tr style=\"height: 50px;\">\n<td style=\"height: 50px;\" align=\"left\" bgcolor=\"054696\" width=\"70%\" height=\"50\">\n<div class=\"zzzzz1\" align=\"center\"><span style=\"vertical-align: inherit;\"><span style=\"vertical-align: inherit;\"><span dir=\"auto\" style=\"vertical-align: inherit;\"><span dir=\"auto\" style=\"vertical-align: inherit;\">ZGD870B purisenpoistohartsi<\/span><\/span><\/span><\/span><\/div>\n<\/td>\n<\/tr>\n<tr style=\"height: 455px;\">\n<td style=\"padding: 20px; height: 455px;\" align=\"left\" bgcolor=\"#FFFFFF\"><strong><span style=\"vertical-align: inherit;\"><span class=\"\" style=\"vertical-align: inherit;\"><span dir=\"auto\" style=\"vertical-align: inherit;\"><span dir=\"auto\" style=\"vertical-align: inherit;\">&#8221;Hydrolite&#8221; <\/span><\/span><\/span><\/span><\/strong><span dir=\"auto\" style=\"vertical-align: inherit;\"><strong><span style=\"vertical-align: inherit;\"><span class=\"\" style=\"vertical-align: inherit;\"><span dir=\"auto\" style=\"vertical-align: inherit;\">ZG D870B<\/span><\/span><\/span><\/strong><span style=\"vertical-align: inherit;\"><span class=\"\" style=\"vertical-align: inherit;\"><span dir=\"auto\" style=\"vertical-align: inherit;\"> on anioninvaihtohartsi, joka sis\u00e4lt\u00e4\u00e4 koordinoivia amiiniryhmi\u00e4 pesukopolymeeriss\u00e4, jolla on makrohuokoinen rakenne. T\u00e4m\u00e4 kemiallinen rakenne edist\u00e4\u00e4 stabiilien boorikompleksien muodostumista veteen, mik\u00e4 v\u00e4hent\u00e4\u00e4 booripitoisuuksia vesiliuoksissa. Sit\u00e4 k\u00e4ytet\u00e4\u00e4n boorin poistamiseen juoma- ja kasteluvedest\u00e4, ja sill\u00e4 on suuri kapasiteetti ja korkea vaihtonopeus. K\u00e4sittelyn j\u00e4lkeen booripitoisuudet voivat saavuttaa kansallisen juomavesistandardin (NDS) alle 0,5 mg\/l.<\/span><\/span><\/span><\/span><span style=\"vertical-align: inherit;\"><span class=\"\" style=\"vertical-align: inherit;\"> \u00a0<\/span><\/span><\/p>\n<p align=\"center\"><strong><span style=\"vertical-align: inherit;\"><span style=\"vertical-align: inherit;\"><span dir=\"auto\" style=\"vertical-align: inherit;\"><span dir=\"auto\" style=\"vertical-align: inherit;\">ZG D870B:n fysikaalis-kemialliset ominaisuudet<\/span><\/span><\/span><\/span><\/strong><\/p>\n<table style=\"width: 551px;\" border=\"1\" width=\"551\" cellspacing=\"0\" cellpadding=\"0\" align=\"center\">\n<tbody>\n<tr>\n<td style=\"width: 311px; height: 25px;\">\n<p align=\"center\"><strong><span dir=\"auto\" style=\"vertical-align: inherit;\"><span dir=\"auto\" style=\"vertical-align: inherit;\">Parametrit<\/span><\/span><\/strong><\/p>\n<\/td>\n<td style=\"width: 240px; height: 25px;\">\n<p align=\"center\"><strong><span style=\"vertical-align: inherit;\"><span style=\"vertical-align: inherit;\"><span dir=\"auto\" style=\"vertical-align: inherit;\"><span dir=\"auto\" style=\"vertical-align: inherit;\">Merkitys<\/span><\/span><\/span><\/span><\/strong><\/p>\n<\/td>\n<\/tr>\n<tr>\n<td style=\"width: 311px; height: 14px;\"><span style=\"vertical-align: inherit;\"><span style=\"vertical-align: inherit;\"><span dir=\"auto\" style=\"vertical-align: inherit;\"><span dir=\"auto\" style=\"vertical-align: inherit;\">Ulkon\u00e4k\u00f6<\/span><\/span><\/span><\/span><\/td>\n<td style=\"width: 240px; height: 14px;\">\n<p align=\"center\"><span style=\"vertical-align: inherit;\"><span style=\"vertical-align: inherit;\"><span dir=\"auto\" style=\"vertical-align: inherit;\"><span dir=\"auto\" style=\"vertical-align: inherit;\">Maitovalkoiset tai beigenv\u00e4riset l\u00e4pin\u00e4kym\u00e4tt\u00f6m\u00e4t rakeet<\/span><\/span><\/span><\/span><\/p>\n<\/td>\n<\/tr>\n<tr>\n<td style=\"width: 311px; height: 15px;\"><span style=\"vertical-align: inherit;\"><span style=\"vertical-align: inherit;\"><span dir=\"auto\" style=\"vertical-align: inherit;\"><span dir=\"auto\" style=\"vertical-align: inherit;\">Ioninen muoto<\/span><\/span><\/span><\/span><\/td>\n<td style=\"width: 240px; height: 15px;\">\n<p align=\"center\"><span style=\"vertical-align: inherit;\"><span class=\"\" style=\"vertical-align: inherit;\"><span dir=\"auto\" style=\"vertical-align: inherit;\"><span dir=\"auto\" style=\"vertical-align: inherit;\">VOI<\/span><\/span><\/span><\/span><\/p>\n<\/td>\n<\/tr>\n<tr>\n<td style=\"width: 311px; height: 21px;\"><span style=\"vertical-align: inherit;\"><span style=\"vertical-align: inherit;\"><span dir=\"auto\" style=\"vertical-align: inherit;\"><span dir=\"auto\" style=\"vertical-align: inherit;\">Tilavuudenvaihtokapasiteetti, mmol\/ml<\/span><\/span><\/span><\/span><\/td>\n<td style=\"width: 240px; height: 21px;\">\n<p align=\"center\"><span style=\"vertical-align: inherit;\"><span style=\"vertical-align: inherit;\"><span dir=\"auto\" style=\"vertical-align: inherit;\"><span dir=\"auto\" style=\"vertical-align: inherit;\">\u22650,80<\/span><\/span><\/span><\/span><\/p>\n<\/td>\n<\/tr>\n<tr>\n<td style=\"width: 311px; height: 31px;\"><span style=\"vertical-align: inherit;\"><span style=\"vertical-align: inherit;\"><span dir=\"auto\" style=\"vertical-align: inherit;\"><span dir=\"auto\" style=\"vertical-align: inherit;\">Kosteuspitoisuus, %<\/span><\/span><\/span><\/span><\/td>\n<td style=\"width: 240px; height: 31px;\">\n<p align=\"center\"><span style=\"vertical-align: inherit;\"><span style=\"vertical-align: inherit;\"><span dir=\"auto\" style=\"vertical-align: inherit;\"><span dir=\"auto\" style=\"vertical-align: inherit;\">43\u201353<\/span><\/span><\/span><\/span><\/p>\n<\/td>\n<\/tr>\n<tr>\n<td style=\"width: 311px; height: 31px;\"><span style=\"vertical-align: inherit;\"><span style=\"vertical-align: inherit;\"><span dir=\"auto\" style=\"vertical-align: inherit;\"><span dir=\"auto\" style=\"vertical-align: inherit;\">Hiukkaskokoalue, mm<\/span><\/span><\/span><\/span><\/td>\n<td style=\"width: 240px; height: 31px;\">\n<p align=\"center\"><span style=\"vertical-align: inherit;\"><span style=\"vertical-align: inherit;\"><span dir=\"auto\" style=\"vertical-align: inherit;\"><span dir=\"auto\" style=\"vertical-align: inherit;\">0,315\u20131,25<\/span><\/span><\/span><\/span><\/p>\n<\/td>\n<\/tr>\n<\/tbody>\n<\/table>\n<\/td>\n<\/tr>\n<\/tbody>\n<\/table>\n<div id=\"gtx-trans\" style=\"position: absolute; left: 99px; top: 74.3906px;\">\n<div class=\"gtx-trans-icon\"><\/div>\n<\/div>\n","protected":false},"excerpt":{"rendered":"<p>ZGD870B purisenpoistohartsi &#8221;Hydrolite&#8221; ZG D870B on anioninvaihtohartsi, joka sis\u00e4lt\u00e4\u00e4 koordinoivia amiiniryhmi\u00e4 pesukopolymeeriss\u00e4, jolla on makrohuokoinen rakenne. T\u00e4m\u00e4 kemiallinen rakenne edist\u00e4\u00e4 stabiilien boorikompleksien muodostumista veteen, mik\u00e4 v\u00e4hent\u00e4\u00e4 booripitoisuuksia vesiliuoksissa. Sit\u00e4 k\u00e4ytet\u00e4\u00e4n boorin poistamiseen juoma- ja kasteluvedest\u00e4, ja sill\u00e4 on suuri kapasiteetti ja korkea vaihtonopeus. K\u00e4sittelyn j\u00e4lkeen booripitoisuudet voivat saavuttaa kansallisen juomavesistandardin (NDS) alle 0,5 mg\/l. \u00a0&#8230;<\/p>\n","protected":false},"featured_media":1933,"comment_status":"closed","ping_status":"closed","template":"","meta":[],"product_cat":[418,531,297,505,323],"product_tag":[],"class_list":["post-2714","product","type-product","status-publish","has-post-thumbnail","hentry","product_cat-hydrometallurgia-ja-kaivostoiminta","product_cat-hydrometallurgiset-hartsit-fi","product_cat-teollisuus","product_cat-tuotteet","product_cat-uutta-energiaa"],"_links":{"self":[{"href":"https:\/\/hydrolite.eu\/fi\/wp-json\/wp\/v2\/product\/2714","targetHints":{"allow":["GET"]}}],"collection":[{"href":"https:\/\/hydrolite.eu\/fi\/wp-json\/wp\/v2\/product"}],"about":[{"href":"https:\/\/hydrolite.eu\/fi\/wp-json\/wp\/v2\/types\/product"}],"replies":[{"embeddable":true,"href":"https:\/\/hydrolite.eu\/fi\/wp-json\/wp\/v2\/comments?post=2714"}],"wp:featuredmedia":[{"embeddable":true,"href":"https:\/\/hydrolite.eu\/fi\/wp-json\/wp\/v2\/media\/1933"}],"wp:attachment":[{"href":"https:\/\/hydrolite.eu\/fi\/wp-json\/wp\/v2\/media?parent=2714"}],"wp:term":[{"taxonomy":"product_cat","embeddable":true,"href":"https:\/\/hydrolite.eu\/fi\/wp-json\/wp\/v2\/product_cat?post=2714"},{"taxonomy":"product_tag","embeddable":true,"href":"https:\/\/hydrolite.eu\/fi\/wp-json\/wp\/v2\/product_tag?post=2714"}],"curies":[{"name":"wp","href":"https:\/\/api.w.org\/{rel}","templated":true}]}}