{"id":1932,"date":"2025-09-21T13:40:00","date_gmt":"2025-09-26T07:53:23","guid":{"rendered":"https:\/\/hydrolite.eu\/?post_type=product&#038;p=1932"},"modified":"2025-09-26T10:56:32","modified_gmt":"2025-09-26T07:56:32","slug":"zgd180-makrohuokoinen-vahvasti-hapan-kationinvaihtohartsi","status":"publish","type":"product","link":"https:\/\/hydrolite.eu\/fi\/product\/zgd180-makrohuokoinen-vahvasti-hapan-kationinvaihtohartsi\/","title":{"rendered":"ZGD180 Makrohuokoinen vahvasti hapan kationinvaihtohartsi"},"content":{"rendered":"<table border=\"0\" width=\"100%\" cellspacing=\"1\" cellpadding=\"0\" align=\"center\" bgcolor=\"dee8f3\">\n<tbody>\n<tr>\n<td align=\"left\" bgcolor=\"054696\" width=\"70%\" height=\"50\">\n<div class=\"zzzzz1\" align=\"center\"><span style=\"vertical-align: inherit;\"><span class=\"\" style=\"vertical-align: inherit;\">ZGD180 Makrohuokoinen vahvasti hapan kationinvaihtohartsi<\/span><\/span><\/div>\n<\/td>\n<\/tr>\n<tr>\n<td style=\"padding: 20px;\" align=\"left\" bgcolor=\"#FFFFFF\"><strong><span style=\"vertical-align: inherit;\"><span style=\"vertical-align: inherit;\">TUOTTEEN KUVAUS ZGD180<\/span><\/span><\/strong><\/p>\n<p>ZGD180 on korkealaatuinen, makrohuokoinen, vahvasti hapan kationinvaihtohartsi, jota on saatavana natrium- (Na) tai vety- (H) muodossa. Se on styreenin ja divinyylibentseenin kopolymeeri, jossa on sulfonihappovaihtoryhm\u00e4. Sen ainutlaatuinen rakenne takaa suuren ty\u00f6stett\u00e4vyyden ja erinomaisen kemiallisen ja fysikaalisen stabiilisuuden. Sit\u00e4 k\u00e4ytet\u00e4\u00e4n p\u00e4\u00e4asiassa puhtaan veden, ultrapuhtaan veden tuotantoon ja lauhteen puhdistukseen. Sit\u00e4 voidaan k\u00e4ytt\u00e4\u00e4 my\u00f6s j\u00e4teveden k\u00e4sittelyyn ja raskasmetallien poistoon.<\/p>\n<p>&nbsp;<\/p>\n<p><strong>FYSIKAALISET JA KEMIALLISET OMINAISUUDET<\/strong><\/p>\n<table style=\"width: 569px;\" border=\"1\" cellspacing=\"0\">\n<tbody>\n<tr>\n<td style=\"width: 283px;\" colspan=\"2\">\n<p style=\"margin-left: 79.0500pt;\">Ulkon\u00e4k\u00f6<\/p>\n<\/td>\n<td style=\"width: 286px;\">\n<p style=\"margin-left: 61.5000pt;\">L\u00e4pin\u00e4kyv\u00e4t pallomaiset rakeet<\/p>\n<\/td>\n<\/tr>\n<tr>\n<td style=\"width: 283px;\" colspan=\"2\">\n<p style=\"margin-left: 5.6500pt;\">Polymeerimatriisin rakenne<\/p>\n<\/td>\n<td style=\"width: 286px;\">\n<p style=\"margin-left: 75.0500pt;\">Styreeni &#8211; DVB<\/p>\n<\/td>\n<\/tr>\n<tr>\n<td style=\"width: 283px;\" colspan=\"2\">\n<p style=\"margin-left: 5.7500pt;\">Tyyppi<\/p>\n<\/td>\n<td style=\"width: 286px;\">\n<p style=\"margin-left: 50.6500pt;\">Makrohuokoinen, voimakkaasti hapan<\/p>\n<\/td>\n<\/tr>\n<tr>\n<td style=\"width: 283px;\" colspan=\"2\">\n<p style=\"margin-left: 5.6000pt;\">Funktionaalinen ryhm\u00e4<\/p>\n<\/td>\n<td style=\"width: 286px;\">\n<p style=\"margin-left: 77.6500pt;\"><span style=\"vertical-align: inherit;\"><span style=\"vertical-align: inherit;\">\u0420\u2014(SO3)-\u041c+<\/span><\/span><\/p>\n<\/td>\n<\/tr>\n<tr>\n<td style=\"width: 283px;\" colspan=\"2\">\n<p style=\"margin-left: 5.6000pt;\">Ioninen muoto<\/p>\n<\/td>\n<td style=\"width: 286px;\">\n<p style=\"margin-left: 98.6000pt;\"><span style=\"vertical-align: inherit;\"><span style=\"vertical-align: inherit;\">Na+<\/span><\/span><\/p>\n<\/td>\n<\/tr>\n<tr>\n<td style=\"width: 283px;\" colspan=\"2\">\n<p style=\"margin-left: 5.6000pt;\">Kosteuspitoisuus %<\/p>\n<\/td>\n<td style=\"width: 286px;\">\n<p style=\"margin-left: 94.7000pt;\"><span style=\"vertical-align: inherit;\"><span style=\"vertical-align: inherit;\">35 &#8211; 40<\/span><\/span><\/p>\n<\/td>\n<\/tr>\n<tr>\n<td style=\"width: 283px;\" colspan=\"2\">\n<p style=\"margin-left: 5.8000pt;\">Tilavuus tilavuuden mukaan mmol\/ml<\/p>\n<\/td>\n<td style=\"width: 286px;\">\n<p style=\"margin-left: 93.7500pt;\"><span style=\"vertical-align: inherit;\"><span style=\"vertical-align: inherit;\">\u2265 2,3<\/span><\/span><\/p>\n<\/td>\n<\/tr>\n<tr>\n<td style=\"width: 283px;\" colspan=\"2\">\n<p style=\"margin-left: 5.7500pt;\">Kokonaisvaihtokapasiteetti mmol\/g<\/p>\n<\/td>\n<td style=\"width: 286px;\">\n<p style=\"margin-left: 91.1000pt;\"><span style=\"vertical-align: inherit;\"><span style=\"vertical-align: inherit;\">\u2265 4,35<\/span><\/span><\/p>\n<\/td>\n<\/tr>\n<tr>\n<td style=\"width: 283px;\" colspan=\"2\">\n<p style=\"margin-left: 5.9000pt;\">L\u00e4hetyspaino g\/ml<\/p>\n<\/td>\n<td style=\"width: 286px;\">\n<p style=\"margin-left: 84.8000pt;\"><span style=\"vertical-align: inherit;\"><span style=\"vertical-align: inherit;\">0,82\u2013 0,90<\/span><\/span><\/p>\n<\/td>\n<\/tr>\n<tr>\n<td style=\"width: 130px;\">\n<p style=\"margin-left: 5.5000pt;\">Tiheys<\/p>\n<\/td>\n<td style=\"width: 153px;\">\n<p style=\"margin-left: 58.2500pt;\">g\/ml<\/p>\n<\/td>\n<td style=\"width: 286px;\">\n<p style=\"margin-left: 85.1000pt;\"><span style=\"vertical-align: inherit;\"><span style=\"vertical-align: inherit;\">1,25\u2013 1,35<\/span><\/span><\/p>\n<\/td>\n<\/tr>\n<tr>\n<td style=\"width: 283px;\" colspan=\"2\">\n<p style=\"margin-left: 5.8000pt;\">Granulometria (0,315\u20131,25 mm) %<\/p>\n<\/td>\n<td style=\"width: 286px;\">\n<p style=\"margin-left: 95.1000pt;\"><span style=\"vertical-align: inherit;\"><span style=\"vertical-align: inherit;\">\u2265 95<\/span><\/span><\/p>\n<\/td>\n<\/tr>\n<\/tbody>\n<\/table>\n<p><strong>HAKEMUS<\/strong><\/p>\n<p>ZGD180-makrohuokoinen, eritt\u00e4in hapan hartsi soveltuu kaikenlaiseen vedenk\u00e4sittelyyn, mukaan lukien pehmennys, suolanpoisto ja j\u00e4teveden k\u00e4sittely. Sen k\u00e4ytt\u00f6ik\u00e4 on pidempi k\u00e4sitelt\u00e4ess\u00e4 aggressiivisia vesi\u00e4, kuten lauhdetta, kloorattua vett\u00e4 ja korkean l\u00e4mp\u00f6tilan tai matalan\/korkean virtausnopeuden omaavaa vett\u00e4.<\/p>\n<p><span style=\"vertical-align: inherit;\"><span style=\"vertical-align: inherit;\">ZGD180 Sit\u00e4 k\u00e4ytet\u00e4\u00e4n yhdess\u00e4 heikosti happaman kationisen hartsin kanssa kationisessa kaksikomponenttikerroksessa puhtaan ja ultrapuhtaan veden puhdistamiseen.<\/span><\/span><\/p>\n<p>Makrohuokoisen rakenteensa, korkean kinetiikansa, suuren pinta-alansa ja vastaavan huokoisuutensa ansiosta ZGD180:aa k\u00e4ytet\u00e4\u00e4n katalyyttin\u00e4 monissa kemiallisissa prosesseissa.<\/td>\n<\/tr>\n<\/tbody>\n<\/table>\n<div id=\"gtx-trans\" style=\"position: absolute; left: 167px; top: 46.1875px;\">\n<div class=\"gtx-trans-icon\"><\/div>\n<\/div>\n","protected":false},"excerpt":{"rendered":"<p>ZGD180 Makrohuokoinen vahvasti hapan kationinvaihtohartsi TUOTTEEN KUVAUS ZGD180 ZGD180 on korkealaatuinen, makrohuokoinen, vahvasti hapan kationinvaihtohartsi, jota on saatavana natrium- (Na) tai vety- (H) muodossa. Se on styreenin ja divinyylibentseenin kopolymeeri, jossa on sulfonihappovaihtoryhm\u00e4. Sen ainutlaatuinen rakenne takaa suuren ty\u00f6stett\u00e4vyyden ja erinomaisen kemiallisen ja fysikaalisen stabiilisuuden. Sit\u00e4 k\u00e4ytet\u00e4\u00e4n p\u00e4\u00e4asiassa puhtaan veden, ultrapuhtaan veden tuotantoon ja lauhteen&#8230;<\/p>\n","protected":false},"featured_media":1933,"comment_status":"closed","ping_status":"closed","template":"","meta":[],"product_cat":[596,505],"product_tag":[],"class_list":["post-1932","product","type-product","status-publish","has-post-thumbnail","hentry","product_cat-makrohuokoiset-adsorbentit-fi","product_cat-tuotteet"],"_links":{"self":[{"href":"https:\/\/hydrolite.eu\/fi\/wp-json\/wp\/v2\/product\/1932","targetHints":{"allow":["GET"]}}],"collection":[{"href":"https:\/\/hydrolite.eu\/fi\/wp-json\/wp\/v2\/product"}],"about":[{"href":"https:\/\/hydrolite.eu\/fi\/wp-json\/wp\/v2\/types\/product"}],"replies":[{"embeddable":true,"href":"https:\/\/hydrolite.eu\/fi\/wp-json\/wp\/v2\/comments?post=1932"}],"wp:featuredmedia":[{"embeddable":true,"href":"https:\/\/hydrolite.eu\/fi\/wp-json\/wp\/v2\/media\/1933"}],"wp:attachment":[{"href":"https:\/\/hydrolite.eu\/fi\/wp-json\/wp\/v2\/media?parent=1932"}],"wp:term":[{"taxonomy":"product_cat","embeddable":true,"href":"https:\/\/hydrolite.eu\/fi\/wp-json\/wp\/v2\/product_cat?post=1932"},{"taxonomy":"product_tag","embeddable":true,"href":"https:\/\/hydrolite.eu\/fi\/wp-json\/wp\/v2\/product_tag?post=1932"}],"curies":[{"name":"wp","href":"https:\/\/api.w.org\/{rel}","templated":true}]}}