{"id":6240,"date":"2025-11-20T16:16:47","date_gmt":"2025-11-20T13:16:47","guid":{"rendered":"https:\/\/hydrolite.eu\/?page_id=6240"},"modified":"2025-11-20T16:17:37","modified_gmt":"2025-11-20T13:17:37","slug":"yritys","status":"publish","type":"page","link":"https:\/\/hydrolite.eu\/fi\/yritys\/","title":{"rendered":"Yritys"},"content":{"rendered":"\t<div id=\"gap-734816809\" class=\"gap-element clearfix\" style=\"display:block; height:auto;\">\n\t\t\n<style>\n#gap-734816809 {\n  padding-top: 30px;\n}\n<\/style>\n\t<\/div>\n\t\n<div class=\"row row-large row-full-width\"  id=\"row-1989586341\">\n\n\t<div id=\"col-192113406\" class=\"col medium-8 small-12 large-8\"  >\n\t\t<div class=\"col-inner\"  >\n\t\t\t\n\t\t\t\n<h2 class=\"uppercase\">Tietoa meist\u00e4<\/h2>\n<h3>T\u00e4m\u00e4 on eurooppalaisen j\u00e4lleenmyyj\u00e4n EuroEcoTechin (Saksa) verkkosivusto.<\/h3>\n<p>Ioninvaihtohartsit TM NIDROLIGHT &#8211; Innovatiivinen ja moderni tuote.<\/p>\n<p>Valmistajamme Ningbo Zhengguang Resin Co., Ltd. on kokonaan Zhejiang Zhengguang Industrial Co., Ltd.:n tuotantokeskuksen omistuksessa. Zhengguang on yksi Kiinan vaikutusvaltaisimmista yrityksist\u00e4 ioninvaihtohartsien tuotannossa ja k\u00e4yt\u00f6ss\u00e4. Lokakuussa 1969 perustetulla yrityksell\u00e4 on yli 43 vuoden kokemus ioninvaihtohartsien tutkimuksesta, kehityksest\u00e4 ja tuotannosta. Zhengguang on my\u00f6s Kiinan ioninvaihtohartsikomitean varapuheenjohtaja ja World Quality Associationin j\u00e4sen.<\/p>\n<p>Ningbo Zhengguang Resin Co., Ltd. sijaitsee NINGBON PETROKEMIAALLISELLA TALOUDELLA KEHITYSVY\u00d6HYKKEELL\u00c4. Suunnittelualue kattaa kokonaispinta-alaltaan 56,22 neli\u00f6kilometri\u00e4, ja Kiinan valtioneuvosto nimesi sen virallisesti kansalliseksi kehitysalueeksi 30. joulukuuta 2011. NINGBON PETROKEMIAALLISELLA TALOUDELLA KEHITYSVY\u00d6HYKKEELL\u00c4 sijaitsevat maan suurin nestem\u00e4isten kemikaalien telakka, maan suurin petrokemian jalostuslaitos Zhenhai, \u00f6ljynjalostamot sek\u00e4 lukuisat kemianteollisuuden yritykset. N\u00e4m\u00e4 kemianteollisuuden yritykset tarjoavat k\u00e4tev\u00e4n p\u00e4\u00e4syn raaka-aineiden hankintaan, ja l\u00e4heinen Beilongin satama tarjoaa my\u00f6s k\u00e4tev\u00e4t olosuhteet raaka-aineiden ja tuotteiden tuonnille ja viennille.<\/p>\n<p>Ningbo Zhengguang Resin Co., Ltd j\u00e4rjesti uraauurtavan seremoniallisen marraskuussa 2007 ja aloitti koetuotannon syyskuussa 2010. Vuoden 2011 loppuun menness\u00e4 Ningbo Zhengguang Resin Co., Ltd aloitti normaalin tuotannon ja sai turvallisen tuotannon lisenssin ja ymp\u00e4rist\u00f6tarkastuksen hyv\u00e4ksynn\u00e4n.<\/p>\n\t\t<\/div>\n\t\t\t<\/div>\n\n\t\n\n\t<div id=\"col-777772116\" class=\"col medium-4 small-12 large-4 small-col-first\"  >\n\t\t<div class=\"col-inner\"  >\n\t\t\t\n\t\t\t\n\t<div class=\"img has-hover x md-x lg-x y md-y lg-y\" id=\"image_741993943\">\n\t\t\t\t\t\t\t\t<div class=\"img-inner dark\" >\n\t\t\t<img loading=\"lazy\" decoding=\"async\" width=\"1254\" height=\"841\" src=\"https:\/\/hydrolite.eu\/wp-content\/uploads\/2022\/05\/outside-of-workshop.jpg\" class=\"attachment-original size-original\" alt=\"hydrolite\" srcset=\"https:\/\/hydrolite.eu\/wp-content\/uploads\/2022\/05\/outside-of-workshop.jpg 1254w, https:\/\/hydrolite.eu\/wp-content\/uploads\/2022\/05\/outside-of-workshop-300x201.jpg 300w, https:\/\/hydrolite.eu\/wp-content\/uploads\/2022\/05\/outside-of-workshop-1024x687.jpg 1024w, https:\/\/hydrolite.eu\/wp-content\/uploads\/2022\/05\/outside-of-workshop-200x134.jpg 200w, https:\/\/hydrolite.eu\/wp-content\/uploads\/2022\/05\/outside-of-workshop-400x268.jpg 400w\" sizes=\"auto, (max-width: 1254px) 100vw, 1254px\" \/>\t\t\t\t\t\t\n\t\t\t\t\t<\/div>\n\t\t\t\t\t\t\t\t\n<style>\n#image_741993943 {\n  width: 100%;\n}\n<\/style>\n\t<\/div>\n\t\n\t<div class=\"img has-hover x md-x lg-x y md-y lg-y\" id=\"image_2064467602\">\n\t\t\t\t\t\t\t\t<div class=\"img-inner dark\" >\n\t\t\t<img loading=\"lazy\" decoding=\"async\" width=\"1502\" height=\"973\" src=\"https:\/\/hydrolite.eu\/wp-content\/uploads\/2022\/05\/material-farm.jpg\" class=\"attachment-original size-original\" alt=\"Company\" srcset=\"https:\/\/hydrolite.eu\/wp-content\/uploads\/2022\/05\/material-farm.jpg 1502w, https:\/\/hydrolite.eu\/wp-content\/uploads\/2022\/05\/material-farm-300x194.jpg 300w, https:\/\/hydrolite.eu\/wp-content\/uploads\/2022\/05\/material-farm-1024x663.jpg 1024w, https:\/\/hydrolite.eu\/wp-content\/uploads\/2022\/05\/material-farm-200x130.jpg 200w, https:\/\/hydrolite.eu\/wp-content\/uploads\/2022\/05\/material-farm-400x259.jpg 400w\" sizes=\"auto, (max-width: 1502px) 100vw, 1502px\" \/>\t\t\t\t\t\t\n\t\t\t\t\t<\/div>\n\t\t\t\t\t\t\t\t\n<style>\n#image_2064467602 {\n  width: 100%;\n}\n<\/style>\n\t<\/div>\n\t\n\t\t<\/div>\n\t\t\t<\/div>\n\n\t\n<\/div>\n<div class=\"row row-large row-full-width\"  id=\"row-2043891722\">\n\n\t<div id=\"col-1222094579\" class=\"col medium-4 small-12 large-4\"  >\n\t\t<div class=\"col-inner\"  >\n\t\t\t\n\t\t\t\n\t<div class=\"img has-hover x md-x lg-x y md-y lg-y\" id=\"image_309772432\">\n\t\t\t\t\t\t\t\t<div class=\"img-inner dark\" >\n\t\t\t<img loading=\"lazy\" decoding=\"async\" width=\"1020\" height=\"639\" src=\"https:\/\/hydrolite.eu\/wp-content\/uploads\/2022\/05\/workshop-1-1024x642.jpg\" class=\"attachment-large size-large\" alt=\"hydrolite\" srcset=\"https:\/\/hydrolite.eu\/wp-content\/uploads\/2022\/05\/workshop-1-1024x642.jpg 1024w, https:\/\/hydrolite.eu\/wp-content\/uploads\/2022\/05\/workshop-1-300x188.jpg 300w, https:\/\/hydrolite.eu\/wp-content\/uploads\/2022\/05\/workshop-1-200x125.jpg 200w, https:\/\/hydrolite.eu\/wp-content\/uploads\/2022\/05\/workshop-1-400x251.jpg 400w, https:\/\/hydrolite.eu\/wp-content\/uploads\/2022\/05\/workshop-1.jpg 1502w\" sizes=\"auto, (max-width: 1020px) 100vw, 1020px\" \/>\t\t\t\t\t\t\n\t\t\t\t\t<\/div>\n\t\t\t\t\t\t\t\t\n<style>\n#image_309772432 {\n  width: 100%;\n}\n<\/style>\n\t<\/div>\n\t\n\t<div class=\"img has-hover x md-x lg-x y md-y lg-y\" id=\"image_646666975\">\n\t\t\t\t\t\t\t\t<div class=\"img-inner dark\" >\n\t\t\t<img loading=\"lazy\" decoding=\"async\" width=\"1020\" height=\"680\" src=\"https:\/\/hydrolite.eu\/wp-content\/uploads\/2022\/05\/part-of-qc-1024x683.jpg\" class=\"attachment-large size-large\" alt=\"hydrolite\" srcset=\"https:\/\/hydrolite.eu\/wp-content\/uploads\/2022\/05\/part-of-qc-1024x683.jpg 1024w, https:\/\/hydrolite.eu\/wp-content\/uploads\/2022\/05\/part-of-qc-300x200.jpg 300w, https:\/\/hydrolite.eu\/wp-content\/uploads\/2022\/05\/part-of-qc-200x133.jpg 200w, https:\/\/hydrolite.eu\/wp-content\/uploads\/2022\/05\/part-of-qc-400x267.jpg 400w, https:\/\/hydrolite.eu\/wp-content\/uploads\/2022\/05\/part-of-qc.jpg 1180w\" sizes=\"auto, (max-width: 1020px) 100vw, 1020px\" \/>\t\t\t\t\t\t\n\t\t\t\t\t<\/div>\n\t\t\t\t\t\t\t\t\n<style>\n#image_646666975 {\n  width: 100%;\n}\n<\/style>\n\t<\/div>\n\t\n\t\t<\/div>\n\t\t\t<\/div>\n\n\t\n\n\t<div id=\"col-1309504198\" class=\"col medium-8 small-12 large-8\"  >\n\t\t<div class=\"col-inner\"  >\n\t\t\t\n\t\t\t\n<p>Zhengguang on erikoistunut ioninvaihtohartsien, biokemiallisten erotusv\u00e4liaineiden ja makrohuokoisten adsorbenttien tuotantoon. Ioninvaihtohartsituotelinja k\u00e4sitt\u00e4\u00e4 nelj\u00e4 p\u00e4\u00e4sarjaa: styreenisarja, akryylihapposarja, fenolialdehydisarja ja rengashappisarja. Biokemiallisiin erotusv\u00e4liaineisiin kuuluvat ioninvaihtokromatografiav\u00e4liaineet, hydrofobiset vuorovaikutuskromatografiav\u00e4liaineet, affiniteettikromatografiav\u00e4liaineet, geelikromatografiav\u00e4liaineet ja aktivoidut v\u00e4lituotteet, joita on viisi tyyppi\u00e4 ja l\u00e4hes 100 muunnelmaa. Makrohuokoisiin sorbentteihin kuuluu kolmenlaisia \u200b\u200bpoolittomia, kohtalaisen polaarisia ja polaarisia sorbentteja, joita on l\u00e4hes tusina. Rekister\u00f6ityj\u00e4 tavaramerkkej\u00e4 ovat &#8221;Zhengguang&#8221; ja &#8221;Hydorlite&#8221;.<\/p>\n<p>Zhengguangilla on korkea maine asiakkaiden ja alan sis\u00e4ll\u00e4 erinomaisen tuotteidensa laadun, edistyneen teknologian ja vilpitt\u00f6m\u00e4n teknisen palvelun ansiosta. Zhengguangilla on useita Kiinan aloitteesta kehitettyj\u00e4 tuotteita, ja se on saanut muiden palkintojen ohella &#8221;National Key New Product Certificate&#8221;-, &#8221;Technology Innovation Fund Certificate&#8221;-, &#8221;National Torch Plan&#8221;-, &#8221;China Electric Power Science and Technology Award&#8221;-, &#8221;Utility Model Patents&#8221;- ja &#8221;Invention Patents&#8221; -palkintoja. Zhengguangin ioninvaihtohartsia on toistuvasti nimetty &#8221;Famous Product of Zhejiang Province&#8221; -palkinnoksi, ja sen tuotemerkki\u00e4 on nimetty &#8221;Famous Brand of Zhejiang Province&#8221; -palkinnoksi. N\u00e4iden palkintojen perusteella Zhengguang on nimetty &#8221;National Key High-Tech Enterprise Support&#8221; -palkinnoksi, &#8221;High-Tech Enterprise of Zhejiang Province&#8221; -palkinnoksi ja &#8221;Zhejiang Provincial Enterprise Technology Center&#8221; -palkinnoiksi.<\/p>\n<p>Zhengguang- ja Hydrlite-merkkisi\u00e4 ioninvaihtohartseja myyd\u00e4\u00e4n t\u00e4ll\u00e4 hetkell\u00e4 Kiinan maakunnissa ja alueilla s\u00e4hk\u00f6energia-, elektroniikka-, ydinvoima-, kemian-, kevyen teollisuuden, l\u00e4\u00e4ke-, elintarvike-, juoma-, metallurgia- ja ymp\u00e4rist\u00f6nsuojeluteollisuudessa. Niit\u00e4 myyd\u00e4\u00e4n my\u00f6s Amerikkaan, Eurooppaan, Afrikkaan ja Kaakkois-Aasiaan. Zhengguang-hartseilla on t\u00e4rke\u00e4 rooli kattiloiden sy\u00f6tt\u00f6veden ja lauhteen k\u00e4sittelyss\u00e4, ydinvoimaloiden prim\u00e4\u00e4ri- ja sekund\u00e4\u00e4ripiirin vedenk\u00e4sittelyss\u00e4, prosessivedess\u00e4 ja elektroniikkalaatuisessa ultrapuhtaassa vedess\u00e4 sek\u00e4 elintarvike-, l\u00e4\u00e4ketieteen ja biokemian aloilla erinomaisen suorituskykyns\u00e4 ansiosta. Niit\u00e4 on k\u00e4ytetty laajalti maailmanlaajuisesti.<\/p>\n\t\t<\/div>\n\t\t\t<\/div>\n\n\t\n<\/div>\n<div class=\"row row-large row-full-width\"  id=\"row-1267886608\">\n\n\t<div id=\"col-561979667\" class=\"col medium-4 small-12 large-4\"  >\n\t\t<div class=\"col-inner\"  >\n\t\t\t\n\t\t\t\n<div role=\"form\" class=\"wpcf7\" id=\"wpcf7-f27-o1\" lang=\"ru-RU\" dir=\"ltr\">\n<div class=\"screen-reader-response\"><p role=\"status\" aria-live=\"polite\" aria-atomic=\"true\"><\/p> <ul><\/ul><\/div>\n<form action=\"\/fi\/wp-json\/wp\/v2\/pages\/6240#wpcf7-f27-o1\" method=\"post\" class=\"wpcf7-form init\" novalidate=\"novalidate\" data-status=\"init\">\n<div style=\"display: none;\">\n<input type=\"hidden\" name=\"_wpcf7\" value=\"27\" \/>\n<input type=\"hidden\" name=\"_wpcf7_version\" value=\"5.5.5\" \/>\n<input type=\"hidden\" name=\"_wpcf7_locale\" value=\"ru_RU\" \/>\n<input type=\"hidden\" name=\"_wpcf7_unit_tag\" value=\"wpcf7-f27-o1\" \/>\n<input type=\"hidden\" name=\"_wpcf7_container_post\" value=\"0\" \/>\n<input type=\"hidden\" name=\"_wpcf7_posted_data_hash\" value=\"\" \/>\n<\/div>\n<div class=\"form-flat\">\n<span class=\"wpcf7-form-control-wrap your-name\"><input type=\"text\" name=\"your-name\" value=\"\" size=\"40\" class=\"wpcf7-form-control wpcf7-text wpcf7-validates-as-required\" aria-required=\"true\" aria-invalid=\"false\" placeholder=\"Your Name\" \/><\/span><\/p>\n<p><span class=\"wpcf7-form-control-wrap tel-640\"><input type=\"tel\" name=\"tel-640\" value=\"\" size=\"40\" class=\"wpcf7-form-control wpcf7-text wpcf7-tel wpcf7-validates-as-required wpcf7-validates-as-tel\" aria-required=\"true\" aria-invalid=\"false\" placeholder=\"Phone\" \/><\/span><\/p>\n<p><span class=\"wpcf7-form-control-wrap your-email\"><input type=\"email\" name=\"your-email\" value=\"\" size=\"40\" class=\"wpcf7-form-control wpcf7-text wpcf7-email wpcf7-validates-as-required wpcf7-validates-as-email\" aria-required=\"true\" aria-invalid=\"false\" placeholder=\"Your Email\" \/><\/span> <\/p>\n<p><span class=\"wpcf7-form-control-wrap your-message\"><textarea name=\"your-message\" cols=\"40\" rows=\"10\" class=\"wpcf7-form-control wpcf7-textarea\" aria-invalid=\"false\" placeholder=\"Your Message\"><\/textarea><\/span> <\/p>\n<p><input type=\"submit\" value=\"Submit\" class=\"wpcf7-form-control has-spinner wpcf7-submit button\" \/>\n<\/p><\/div>\n<div class=\"wpcf7-response-output\" aria-hidden=\"true\"><\/div><\/form><\/div>\n\t\t<\/div>\n\t\t\t<\/div>\n\n\t\n\n\t<div id=\"col-1060756862\" class=\"col medium-8 small-12 large-8\"  >\n\t\t<div class=\"col-inner\"  >\n\t\t\t\n\t\t\t\n\t<div id=\"text-3946377198\" class=\"text\">\n\t\t\n<h2 class=\"uppercase\">Haluatko ty\u00f6skennell\u00e4 kanssamme?<\/h2>\n\t\t\n<style>\n#text-3946377198 {\n  text-align: center;\n}\n<\/style>\n\t<\/div>\n\t\n<p class=\"lead\">Kirjoita meille.<\/p>\n\t\t<\/div>\n\t\t\t<\/div>\n\n\t\n<\/div>\n","protected":false},"excerpt":{"rendered":"","protected":false},"author":1,"featured_media":4881,"parent":0,"menu_order":0,"comment_status":"closed","ping_status":"closed","template":"page-blank.php","meta":{"footnotes":""},"class_list":["post-6240","page","type-page","status-publish","has-post-thumbnail","hentry"],"_links":{"self":[{"href":"https:\/\/hydrolite.eu\/fi\/wp-json\/wp\/v2\/pages\/6240","targetHints":{"allow":["GET"]}}],"collection":[{"href":"https:\/\/hydrolite.eu\/fi\/wp-json\/wp\/v2\/pages"}],"about":[{"href":"https:\/\/hydrolite.eu\/fi\/wp-json\/wp\/v2\/types\/page"}],"author":[{"embeddable":true,"href":"https:\/\/hydrolite.eu\/fi\/wp-json\/wp\/v2\/users\/1"}],"replies":[{"embeddable":true,"href":"https:\/\/hydrolite.eu\/fi\/wp-json\/wp\/v2\/comments?post=6240"}],"version-history":[{"count":2,"href":"https:\/\/hydrolite.eu\/fi\/wp-json\/wp\/v2\/pages\/6240\/revisions"}],"predecessor-version":[{"id":6242,"href":"https:\/\/hydrolite.eu\/fi\/wp-json\/wp\/v2\/pages\/6240\/revisions\/6242"}],"wp:featuredmedia":[{"embeddable":true,"href":"https:\/\/hydrolite.eu\/fi\/wp-json\/wp\/v2\/media\/4881"}],"wp:attachment":[{"href":"https:\/\/hydrolite.eu\/fi\/wp-json\/wp\/v2\/media?parent=6240"}],"curies":[{"name":"wp","href":"https:\/\/api.w.org\/{rel}","templated":true}]}}