{"id":738,"date":"2022-05-20T11:01:59","date_gmt":"2022-05-20T08:01:59","guid":{"rendered":"https:\/\/hydrolite.eu\/product\/zg-f860-fluor-usun-zywice-jonowymienna\/"},"modified":"2022-05-25T22:14:03","modified_gmt":"2022-05-25T19:14:03","slug":"resina-de-intercambio-ionico-para-eliminar-el-fluor-zg-f860","status":"publish","type":"product","link":"https:\/\/hydrolite.eu\/es\/product\/resina-de-intercambio-ionico-para-eliminar-el-fluor-zg-f860\/","title":{"rendered":"Resina de intercambio i\u00f3nico para eliminar el fl\u00faor ZG F860"},"content":{"rendered":"<h2 align=\"center\"><strong class=\"proname\"><span style=\"vertical-align: inherit;\"><span style=\"vertical-align: inherit;\">Resina de intercambio i\u00f3nico para eliminar el fl\u00faor ZG F860<\/span><\/span><\/strong><\/h2>\n<p>&nbsp;<\/p>\n<div class=\"xxx\">\n<p><strong><span style=\"vertical-align: inherit;\"><span style=\"vertical-align: inherit;\">ZG F 860<\/span><\/span><\/strong><span style=\"vertical-align: inherit;\"><span style=\"vertical-align: inherit;\"> es una resina especial con estructura macroporosa. <\/span><span style=\"vertical-align: inherit;\">Es un copol\u00edmero de macromol\u00e9culas con grupo aluminio activo en su matriz estireno-DVB. <\/span><span style=\"vertical-align: inherit;\">Este tipo de estructura qu\u00edmica es f\u00e1cil para que el radical \u00e1cido de fl\u00faor en el agua forme un compuesto complejo estable, por lo que intenta eliminar y reducir la concentraci\u00f3n de fl\u00faor en el agua, al final alcanza el Est\u00e1ndar Nacional de Agua Potable que est\u00e1 por debajo de 1 mg\/L.<\/span><\/span><\/p>\n<p align=\"left\"><strong><span style=\"vertical-align: inherit;\"><span style=\"vertical-align: inherit;\">ZG F 860<\/span><\/span><\/strong><span style=\"vertical-align: inherit;\"><span style=\"vertical-align: inherit;\"> podr\u00eda llenar el filtro de eliminaci\u00f3n de fl\u00faor y usarse como agente de eliminaci\u00f3n de fl\u00faor, para eliminar el fl\u00faor directamente en el sistema de agua dom\u00e9stico. <\/span><span style=\"vertical-align: inherit;\">Adem\u00e1s, de acuerdo con los requisitos espec\u00edficos de los clientes, podr\u00eda usarse junto con otros materiales de filtro (por ejemplo, carb\u00f3n activado u otras resinas para ablandar el agua).<\/span><\/span><\/p>\n<table border=\"1\" width=\"540\" cellspacing=\"0\" cellpadding=\"0\" align=\"center\">\n<tbody>\n<tr>\n<td style=\"width: 276px; height: 68px;\">\n<p style=\"text-align: center;\"><strong><span style=\"vertical-align: inherit;\"><span style=\"vertical-align: inherit;\">Nombre del \u00edndice<\/span><\/span><\/strong><\/p>\n<\/td>\n<td style=\"width: 264px; height: 68px;\">\n<p style=\"text-align: center;\"><strong><span style=\"vertical-align: inherit;\"><span style=\"vertical-align: inherit;\">\u00cdndice<\/span><\/span><\/strong><\/p>\n<\/td>\n<\/tr>\n<tr>\n<td style=\"width: 276px; height: 66px;\">\n<p style=\"text-align: center;\"><span style=\"vertical-align: inherit;\"><span style=\"vertical-align: inherit;\">Apariencia<\/span><\/span><\/p>\n<\/td>\n<td style=\"width: 264px; height: 66px;\">\n<p style=\"text-align: center;\"><span style=\"vertical-align: inherit;\"><span style=\"vertical-align: inherit;\">Cuentas de color amarillo claro a amarillo.<\/span><\/span><\/p>\n<\/td>\n<\/tr>\n<tr>\n<td style=\"width: 276px;\">\n<p style=\"text-align: center;\"><span style=\"vertical-align: inherit;\"><span style=\"vertical-align: inherit;\">i\u00f3nico de<\/span><\/span><\/p>\n<\/td>\n<td style=\"width: 264px;\">\n<p style=\"text-align: center;\"><span style=\"vertical-align: inherit;\"><span style=\"vertical-align: inherit;\">\u2014\u2014<\/span><\/span><\/p>\n<\/td>\n<\/tr>\n<tr>\n<td style=\"width: 276px;\">\n<p style=\"text-align: center;\"><span style=\"vertical-align: inherit;\"><span style=\"vertical-align: inherit;\">Contenido de humedad %<\/span><\/span><\/p>\n<\/td>\n<td style=\"width: 264px;\">\n<p style=\"text-align: center;\"><span style=\"vertical-align: inherit;\"><span style=\"vertical-align: inherit;\">50,0~65,0<\/span><\/span><\/p>\n<\/td>\n<\/tr>\n<tr>\n<td style=\"width: 276px;\">\n<p style=\"text-align: center;\"><span style=\"vertical-align: inherit;\"><span style=\"vertical-align: inherit;\">Capacidad de adsorbente g\/LR<\/span><\/span><\/p>\n<\/td>\n<td style=\"width: 264px;\">\n<p style=\"text-align: center;\"><span style=\"vertical-align: inherit;\"><span style=\"vertical-align: inherit;\">fl\u00faor<\/span><\/span><\/p>\n<p style=\"text-align: center;\"><span style=\"vertical-align: inherit;\"><span style=\"vertical-align: inherit;\">\u22652.0<\/span><\/span><\/p>\n<\/td>\n<\/tr>\n<tr>\n<td style=\"width: 276px;\">\n<p style=\"text-align: center;\"><span style=\"vertical-align: inherit;\"><span style=\"vertical-align: inherit;\">Rango de tama\u00f1o de part\u00edcula %<\/span><\/span><\/p>\n<\/td>\n<td style=\"width: 264px;\">\n<p style=\"text-align: center;\"><span style=\"vertical-align: inherit;\"><span style=\"vertical-align: inherit;\">(0,315~1,25 mm) \u226595,0<\/span><\/span><\/p>\n<p style=\"text-align: center;\">\n<\/td>\n<\/tr>\n<tr>\n<td style=\"width: 276px;\">\n<p style=\"text-align: center;\"><span style=\"vertical-align: inherit;\"><span style=\"vertical-align: inherit;\">Granos enteros %<\/span><\/span><\/p>\n<\/td>\n<td style=\"width: 264px;\">\n<p style=\"text-align: center;\"><span style=\"vertical-align: inherit;\"><span style=\"vertical-align: inherit;\">\u226595,0<\/span><\/span><\/p>\n<\/td>\n<\/tr>\n<tr>\n<td style=\"width: 276px;\">\n<p style=\"text-align: center;\"><span style=\"vertical-align: inherit;\"><span style=\"vertical-align: inherit;\">pH operativo<\/span><\/span><\/p>\n<\/td>\n<td style=\"width: 264px;\">\n<p style=\"text-align: center;\"><span style=\"vertical-align: inherit;\"><span style=\"vertical-align: inherit;\">5,0~9,0<\/span><\/span><\/p>\n<\/td>\n<\/tr>\n<tr>\n<td style=\"width: 276px;\">\n<p style=\"text-align: center;\"><span style=\"vertical-align: inherit;\"><span style=\"vertical-align: inherit;\">Temperatura de aplicaci\u00f3n \u2103<\/span><\/span><\/p>\n<\/td>\n<td style=\"width: 264px;\">\n<p style=\"text-align: center;\"><span style=\"vertical-align: inherit;\"><span style=\"vertical-align: inherit;\">~40<\/span><\/span><\/p>\n<\/td>\n<\/tr>\n<tr>\n<td style=\"width: 276px;\">\n<p style=\"text-align: center;\"><span style=\"vertical-align: inherit;\"><span style=\"vertical-align: inherit;\">Temperatura limitada \u2103<\/span><\/span><\/p>\n<\/td>\n<td style=\"width: 264px;\">\n<p style=\"text-align: center;\"><span style=\"vertical-align: inherit;\"><span style=\"vertical-align: inherit;\">90,0<\/span><\/span><\/p>\n<\/td>\n<\/tr>\n<tr>\n<td style=\"width: 276px;\">\n<p style=\"text-align: center;\"><span style=\"vertical-align: inherit;\"><span style=\"vertical-align: inherit;\">Caudal BV\/h<\/span><\/span><\/p>\n<\/td>\n<td style=\"width: 264px;\">\n<p style=\"text-align: center;\"><span style=\"vertical-align: inherit;\"><span style=\"vertical-align: inherit;\">5~10<\/span><\/span><\/p>\n<\/td>\n<\/tr>\n<tr>\n<td style=\"width: 276px;\">\n<p style=\"text-align: center;\"><span style=\"vertical-align: inherit;\"><span style=\"vertical-align: inherit;\">Solubilidad<\/span><\/span><\/p>\n<\/td>\n<td style=\"width: 264px;\">\n<p style=\"text-align: center;\"><span style=\"vertical-align: inherit;\"><span style=\"vertical-align: inherit;\">Insoluble en agua, \u00e1cido, soluci\u00f3n alcalina<\/span><\/span><\/p>\n<\/td>\n<\/tr>\n<\/tbody>\n<\/table>\n<\/div>\n","protected":false},"excerpt":{"rendered":"<p><strong><span style=\"vertical-align: inherit;\"><span style=\"vertical-align: inherit;\">ZG F 860<\/span><\/span><\/strong><span style=\"vertical-align: inherit;\"><span style=\"vertical-align: inherit;\"> es una resina especial con estructura macroporosa. <\/span><span style=\"vertical-align: inherit;\">Es un copol\u00edmero de macromol\u00e9culas con grupo aluminio activo en su matriz estireno-DVB. <\/span><span style=\"vertical-align: inherit;\">Este tipo de estructura qu\u00edmica es f\u00e1cil para que el radical \u00e1cido de fl\u00faor en el agua forme un compuesto complejo estable, por lo que intenta eliminar y reducir la concentraci\u00f3n de fl\u00faor en el agua, al final alcanza el Est\u00e1ndar Nacional de Agua Potable que est\u00e1 por debajo de 1 mg\/L.<\/span><\/span><\/p>\n<p align=\"left\"><strong><span style=\"vertical-align: inherit;\"><span style=\"vertical-align: inherit;\">ZG F 860<\/span><\/span><\/strong><span style=\"vertical-align: inherit;\"><span style=\"vertical-align: inherit;\"> podr\u00eda llenar el filtro de eliminaci\u00f3n de fl\u00faor y usarse como agente de eliminaci\u00f3n de fl\u00faor, para eliminar el fl\u00faor directamente en el sistema de agua dom\u00e9stico. <\/span><span style=\"vertical-align: inherit;\">Adem\u00e1s, de acuerdo con los requisitos espec\u00edficos de los clientes, podr\u00eda usarse junto con otros materiales de filtro (por ejemplo, carb\u00f3n activado u otras resinas para ablandar el agua).<\/span><\/span><\/p>\n","protected":false},"featured_media":305,"comment_status":"closed","ping_status":"closed","template":"","meta":[],"product_cat":[162],"product_tag":[],"class_list":["post-738","product","type-product","status-publish","has-post-thumbnail","hentry","product_cat-tratamiento-de-agua-potable"],"_links":{"self":[{"href":"https:\/\/hydrolite.eu\/es\/wp-json\/wp\/v2\/product\/738","targetHints":{"allow":["GET"]}}],"collection":[{"href":"https:\/\/hydrolite.eu\/es\/wp-json\/wp\/v2\/product"}],"about":[{"href":"https:\/\/hydrolite.eu\/es\/wp-json\/wp\/v2\/types\/product"}],"replies":[{"embeddable":true,"href":"https:\/\/hydrolite.eu\/es\/wp-json\/wp\/v2\/comments?post=738"}],"wp:featuredmedia":[{"embeddable":true,"href":"https:\/\/hydrolite.eu\/es\/wp-json\/wp\/v2\/media\/305"}],"wp:attachment":[{"href":"https:\/\/hydrolite.eu\/es\/wp-json\/wp\/v2\/media?parent=738"}],"wp:term":[{"taxonomy":"product_cat","embeddable":true,"href":"https:\/\/hydrolite.eu\/es\/wp-json\/wp\/v2\/product_cat?post=738"},{"taxonomy":"product_tag","embeddable":true,"href":"https:\/\/hydrolite.eu\/es\/wp-json\/wp\/v2\/product_tag?post=738"}],"curies":[{"name":"wp","href":"https:\/\/api.w.org\/{rel}","templated":true}]}}