{"id":707,"date":"2022-05-20T10:29:45","date_gmt":"2022-05-20T07:29:45","guid":{"rendered":"https:\/\/hydrolite.eu\/product\/zgc258fd-food-grade-resin\/"},"modified":"2022-05-25T15:50:19","modified_gmt":"2022-05-25T12:50:19","slug":"resina-de-grado-alimenticio-zgc258fd","status":"publish","type":"product","link":"https:\/\/hydrolite.eu\/es\/product\/resina-de-grado-alimenticio-zgc258fd\/","title":{"rendered":"Resina de grado alimenticio ZGC258FD"},"content":{"rendered":"<h2 align=\"center\"><strong class=\"proname\"><span style=\"vertical-align: inherit;\"><span class=\"\" style=\"vertical-align: inherit;\">Resina de grado alimenticio ZGC258FD<\/span><\/span><\/strong><\/h2>\n<p>&nbsp;<\/p>\n<div class=\"xxx\">\n<p><strong><span style=\"vertical-align: inherit;\"><span style=\"vertical-align: inherit;\">\u00abHydrolite\u00bb <\/span><\/span><\/strong><strong><span style=\"vertical-align: inherit;\"><span style=\"vertical-align: inherit;\">ZGC 258FD<\/span><\/span><\/strong><span style=\"vertical-align: inherit;\"><span style=\"vertical-align: inherit;\"> es un tipo de resina de intercambio cati\u00f3nico que tiene un grupo de \u00e1cido carbox\u00edlico (-COOH) en el copol\u00edmero de \u00e1cido acr\u00edlico con estructura macroporosa. <\/span><span style=\"vertical-align: inherit;\">Como resina cati\u00f3nica de \u00e1cido d\u00e9bil macroporosa, tiene una gran capacidad de intercambio, una velocidad de intercambio r\u00e1pida y una buena resistencia mec\u00e1nica.<\/span><\/span><\/p>\n<p><strong><span style=\"vertical-align: inherit;\"><span style=\"vertical-align: inherit;\">ZGC 258FD<\/span><\/span><\/strong><span style=\"vertical-align: inherit;\"><span style=\"vertical-align: inherit;\"> es especialmente adecuado para eliminar bicarbonato, carbonato y otras especies b\u00e1sicas de sal en el agua. Se llena principalmente en peque\u00f1os equipos de intercambio para el tratamiento de agua dom\u00e9stico y comunitario para la desalinizaci\u00f3n y el ablandamiento del agua.<\/span><\/span><\/p>\n<p><strong><span style=\"vertical-align: inherit;\"><span style=\"vertical-align: inherit;\">Propiedades f\u00edsicas y qu\u00edmicas de ZGC 258FD<\/span><\/span><\/strong><\/p>\n<table style=\"width: 552px;\" border=\"1\" width=\"552\" cellspacing=\"0\" cellpadding=\"0\" align=\"center\">\n<tbody>\n<tr>\n<td style=\"width: 315px; height: 25px;\">\n<p align=\"center\"><strong><span style=\"vertical-align: inherit;\"><span style=\"vertical-align: inherit;\">Nombre del \u00edndice<\/span><\/span><\/strong><\/p>\n<\/td>\n<td style=\"width: 237px; height: 25px;\">\n<p align=\"center\"><strong><span style=\"vertical-align: inherit;\"><span style=\"vertical-align: inherit;\">\u00cdndice<\/span><\/span><\/strong><\/p>\n<\/td>\n<\/tr>\n<tr>\n<td style=\"width: 315px; height: 22px;\"><span style=\"vertical-align: inherit;\"><span style=\"vertical-align: inherit;\">Apariencia<\/span><\/span><\/td>\n<td style=\"width: 237px; height: 22px;\">\n<p align=\"center\"><span style=\"vertical-align: inherit;\"><span style=\"vertical-align: inherit;\">Perlas de opacidad de amarillo claro a amarillo<\/span><\/span><\/p>\n<\/td>\n<\/tr>\n<tr>\n<td style=\"width: 315px; height: 14px;\"><span style=\"vertical-align: inherit;\"><span style=\"vertical-align: inherit;\">Contenido de humedad %<\/span><\/span><\/td>\n<td style=\"width: 237px; height: 14px;\">\n<p align=\"center\"><span style=\"vertical-align: inherit;\"><span style=\"vertical-align: inherit;\">45,0~55,0<\/span><\/span><\/p>\n<\/td>\n<\/tr>\n<tr>\n<td style=\"width: 315px; height: 15px;\">\n<p style=\"margin-left: 21pt;\"><span style=\"vertical-align: inherit;\"><span style=\"vertical-align: inherit;\">Capacidad de intercambio basada en peso mmol\/g<\/span><\/span><\/p>\n<\/td>\n<td style=\"width: 237px; height: 15px;\">\n<p align=\"center\"><span style=\"vertical-align: inherit;\"><span style=\"vertical-align: inherit;\">\u2265 10,0<\/span><\/span><\/p>\n<\/td>\n<\/tr>\n<tr>\n<td style=\"width: 315px; height: 17px;\">\n<p style=\"margin-left: 21pt;\"><span style=\"vertical-align: inherit;\"><span style=\"vertical-align: inherit;\">Capacidad de intercambio basada en volumen mmol\/ml<\/span><\/span><\/p>\n<\/td>\n<td style=\"width: 237px; height: 17px;\">\n<p align=\"center\"><span style=\"vertical-align: inherit;\"><span style=\"vertical-align: inherit;\">\u22654.0<\/span><\/span><\/p>\n<\/td>\n<\/tr>\n<tr>\n<td style=\"width: 315px; height: 31px;\"><span style=\"vertical-align: inherit;\"><span style=\"vertical-align: inherit;\">Rango de tama\u00f1o de part\u00edcula %<\/span><\/span><\/td>\n<td style=\"width: 237px; height: 31px;\">\n<p align=\"center\"><span style=\"vertical-align: inherit;\"><span style=\"vertical-align: inherit;\">(0,315~1,25 mm)<\/span><\/span><\/p>\n<p align=\"center\"><span style=\"vertical-align: inherit;\"><span style=\"vertical-align: inherit;\">\u2265 95,0<\/span><\/span><\/p>\n<\/td>\n<\/tr>\n<tr>\n<td style=\"width: 315px; height: 21px;\"><span style=\"vertical-align: inherit;\"><span style=\"vertical-align: inherit;\">Rango efectivo de tama\u00f1o de part\u00edcula mm<\/span><\/span><\/td>\n<td style=\"width: 237px; height: 21px;\">\n<p align=\"center\"><span style=\"vertical-align: inherit;\"><span style=\"vertical-align: inherit;\">0,35~0,75<\/span><\/span><\/p>\n<\/td>\n<\/tr>\n<tr>\n<td style=\"width: 315px; height: 22px;\"><span style=\"vertical-align: inherit;\"><span style=\"vertical-align: inherit;\">Coeficiente de uniformidad<\/span><\/span><\/td>\n<td style=\"width: 237px; height: 22px;\">\n<p align=\"center\"><span style=\"vertical-align: inherit;\"><span style=\"vertical-align: inherit;\">\u2264 1,60<\/span><\/span><\/p>\n<\/td>\n<\/tr>\n<tr>\n<td style=\"width: 315px; height: 23px;\"><span style=\"vertical-align: inherit;\"><span style=\"vertical-align: inherit;\">Hinchamiento\uff08H <\/span><\/span><sup><span style=\"vertical-align: inherit;\"><span style=\"vertical-align: inherit;\">+<\/span><\/span><\/sup><span style=\"vertical-align: inherit;\"><span style=\"vertical-align: inherit;\"> \u2014Na <\/span><\/span><sup><span style=\"vertical-align: inherit;\"><span style=\"vertical-align: inherit;\">+<\/span><\/span><\/sup><span style=\"vertical-align: inherit;\"><span style=\"vertical-align: inherit;\">\uff09 %<\/span><\/span><\/td>\n<td style=\"width: 237px; height: 23px;\">\n<p align=\"center\"><span style=\"vertical-align: inherit;\"><span style=\"vertical-align: inherit;\">\u2264 65,0<\/span><\/span><\/p>\n<\/td>\n<\/tr>\n<tr>\n<td style=\"width: 315px; height: 24px;\"><span style=\"vertical-align: inherit;\"><span style=\"vertical-align: inherit;\">Esf\u00e9rico despu\u00e9s de clasificar %<\/span><\/span><\/td>\n<td style=\"width: 237px; height: 24px;\">\n<p align=\"center\"><span style=\"vertical-align: inherit;\"><span style=\"vertical-align: inherit;\">\u2265 90,0<\/span><\/span><\/p>\n<\/td>\n<\/tr>\n<\/tbody>\n<\/table>\n<div style=\"clear: both;\"><\/div>\n<div align=\"center\"><\/div>\n<p align=\"center\"><strong><span style=\"vertical-align: inherit;\"><span style=\"vertical-align: inherit;\">Otras Referencias de Resina <\/span><\/span><\/strong><strong><span style=\"vertical-align: inherit;\"><span style=\"vertical-align: inherit;\">\u201cHydrolite\u201d <\/span><\/span><\/strong><strong><span style=\"vertical-align: inherit;\"><span style=\"vertical-align: inherit;\">ZGC <\/span><\/span><\/strong><strong><span style=\"vertical-align: inherit;\"><span style=\"vertical-align: inherit;\">258FD<\/span><\/span><\/strong><\/p>\n<table style=\"width: 504px;\" border=\"1\" width=\"504\" cellspacing=\"0\" cellpadding=\"0\" align=\"center\">\n<tbody>\n<tr>\n<td style=\"width: 216px; height: 30px;\">\n<p align=\"center\"><strong><span style=\"vertical-align: inherit;\"><span style=\"vertical-align: inherit;\">Nombre del \u00edndice<\/span><\/span><\/strong><\/p>\n<\/td>\n<td style=\"width: 288px; height: 30px;\">\n<p align=\"center\"><strong><span style=\"vertical-align: inherit;\"><span style=\"vertical-align: inherit;\">\u00cdndice<\/span><\/span><\/strong><\/p>\n<\/td>\n<\/tr>\n<tr>\n<td style=\"width: 216px; height: 15px;\"><span style=\"vertical-align: inherit;\"><span style=\"vertical-align: inherit;\">rango de pH<\/span><\/span><\/td>\n<td style=\"width: 288px; height: 15px;\">\n<p align=\"center\"><span style=\"vertical-align: inherit;\"><span style=\"vertical-align: inherit;\">6~9<\/span><\/span><\/p>\n<\/td>\n<\/tr>\n<tr>\n<td style=\"width: 216px; height: 17px;\"><span style=\"vertical-align: inherit;\"><span style=\"vertical-align: inherit;\">Olor<\/span><\/span><\/td>\n<td style=\"width: 288px; height: 17px;\">\n<p align=\"center\"><span style=\"vertical-align: inherit;\"><span style=\"vertical-align: inherit;\">Ninguna<\/span><\/span><\/p>\n<\/td>\n<\/tr>\n<tr>\n<td style=\"width: 216px; height: 18px;\"><span style=\"vertical-align: inherit;\"><span style=\"vertical-align: inherit;\">Gusto<\/span><\/span><\/td>\n<td style=\"width: 288px; height: 18px;\">\n<p align=\"center\"><span style=\"vertical-align: inherit;\"><span style=\"vertical-align: inherit;\">0~1<\/span><\/span><\/p>\n<\/td>\n<\/tr>\n<tr>\n<td style=\"width: 216px; height: 19px;\"><span style=\"vertical-align: inherit;\"><span style=\"vertical-align: inherit;\">turbidez NTU<\/span><\/span><\/td>\n<td style=\"width: 288px; height: 19px;\">\n<p align=\"center\"><span style=\"vertical-align: inherit;\"><span style=\"vertical-align: inherit;\">0~3<\/span><\/span><\/p>\n<\/td>\n<\/tr>\n<tr>\n<td style=\"width: 216px; height: 20px;\"><span style=\"vertical-align: inherit;\"><span style=\"vertical-align: inherit;\">Conductividad \u00b5s\/cm<\/span><\/span><\/td>\n<td style=\"width: 288px; height: 20px;\">\n<p align=\"center\"><span style=\"vertical-align: inherit;\"><span style=\"vertical-align: inherit;\">(10 minutos) \u2264 5,0<\/span><\/span><\/p>\n<p align=\"center\"><span style=\"vertical-align: inherit;\"><span style=\"vertical-align: inherit;\">Despu\u00e9s de 10 minutos<\/span><\/span><\/p>\n<\/td>\n<\/tr>\n<\/tbody>\n<\/table>\n<\/div>\n","protected":false},"excerpt":{"rendered":"<p><strong><span style=\"vertical-align: inherit;\"><span style=\"vertical-align: inherit;\">\u00abHydrolite\u00bb <\/span><\/span><\/strong><strong><span style=\"vertical-align: inherit;\"><span style=\"vertical-align: inherit;\">ZGC 258FD<\/span><\/span><\/strong><span style=\"vertical-align: inherit;\"><span style=\"vertical-align: inherit;\"> es un tipo de resina de intercambio cati\u00f3nico que tiene un grupo de \u00e1cido carbox\u00edlico (-COOH) en el copol\u00edmero de \u00e1cido acr\u00edlico con estructura macroporosa. <\/span><span style=\"vertical-align: inherit;\">Como resina cati\u00f3nica de \u00e1cido d\u00e9bil macroporosa, tiene una gran capacidad de intercambio, una velocidad de intercambio r\u00e1pida y una buena resistencia mec\u00e1nica.<\/span><\/span><\/p>\n<p><strong><span style=\"vertical-align: inherit;\"><span style=\"vertical-align: inherit;\">ZGC 258FD<\/span><\/span><\/strong><span style=\"vertical-align: inherit;\"><span style=\"vertical-align: inherit;\"> es especialmente adecuado para eliminar bicarbonato, carbonato y otras especies b\u00e1sicas de sal en el agua. Se llena principalmente en peque\u00f1os equipos de intercambio para el tratamiento de agua dom\u00e9stico y comunitario para la desalinizaci\u00f3n y el ablandamiento del agua.<\/span><\/span><\/p>\n","protected":false},"featured_media":305,"comment_status":"closed","ping_status":"closed","template":"","meta":[],"product_cat":[162],"product_tag":[],"class_list":["post-707","product","type-product","status-publish","has-post-thumbnail","hentry","product_cat-tratamiento-de-agua-potable"],"_links":{"self":[{"href":"https:\/\/hydrolite.eu\/es\/wp-json\/wp\/v2\/product\/707","targetHints":{"allow":["GET"]}}],"collection":[{"href":"https:\/\/hydrolite.eu\/es\/wp-json\/wp\/v2\/product"}],"about":[{"href":"https:\/\/hydrolite.eu\/es\/wp-json\/wp\/v2\/types\/product"}],"replies":[{"embeddable":true,"href":"https:\/\/hydrolite.eu\/es\/wp-json\/wp\/v2\/comments?post=707"}],"wp:featuredmedia":[{"embeddable":true,"href":"https:\/\/hydrolite.eu\/es\/wp-json\/wp\/v2\/media\/305"}],"wp:attachment":[{"href":"https:\/\/hydrolite.eu\/es\/wp-json\/wp\/v2\/media?parent=707"}],"wp:term":[{"taxonomy":"product_cat","embeddable":true,"href":"https:\/\/hydrolite.eu\/es\/wp-json\/wp\/v2\/product_cat?post=707"},{"taxonomy":"product_tag","embeddable":true,"href":"https:\/\/hydrolite.eu\/es\/wp-json\/wp\/v2\/product_tag?post=707"}],"curies":[{"name":"wp","href":"https:\/\/api.w.org\/{rel}","templated":true}]}}