{"id":571,"date":"2022-05-23T21:22:31","date_gmt":"2022-05-23T18:22:31","guid":{"rendered":"https:\/\/hydrolite.eu\/product\/zga455fd-h18\/"},"modified":"2024-04-22T16:18:13","modified_gmt":"2024-04-22T13:18:13","slug":"zga455fd-h18","status":"publish","type":"product","link":"https:\/\/hydrolite.eu\/es\/product\/zga455fd-h18\/","title":{"rendered":"ZGA455FD-H18 Poliestireno Macroporoso, Resina Ani\u00f3nica Debilmente B\u00e1sica, Forma de Base libre, Alta capacidad, Sweetener Grade"},"content":{"rendered":"<h2 align=\"center\"><strong class=\"proname\"><span style=\"vertical-align: inherit;\"><span style=\"vertical-align: inherit;\">ZGA455FD-H18 Poliestireno Macroporoso, Resina Ani\u00f3nica Debilmente B\u00e1sica, Forma de Base libre, Alta capacidad, Sweetener Grade<br \/>\n<\/span><\/span><\/strong><\/h2>\n<p>&nbsp;<\/p>\n<div class=\"xxx\">\n<p><span style=\"vertical-align: inherit;\"><span style=\"vertical-align: inherit;\">Ani\u00f3n b\u00e1sico d\u00e9bil ZGA455FD-H18 con alta capacidad<\/span><\/span><\/p>\n<p><strong><span style=\"vertical-align: inherit;\"><span style=\"vertical-align: inherit;\">1. Introducci\u00f3n:<\/span><\/span><\/strong><\/p>\n<p><span style=\"vertical-align: inherit;\"><span style=\"vertical-align: inherit;\">\u201cHydrolite\u201d ZGA455FD-H18 es una resina de intercambio ani\u00f3nico b\u00e1sica d\u00e9bil de la serie de estireno macroporosa que ZG desarroll\u00f3 para la industria alimentaria. <\/span><span style=\"vertical-align: inherit;\">En comparaci\u00f3n con otros aniones b\u00e1sicos d\u00e9biles, ZGA455FD-H18 tiene una mayor capacidad y una velocidad de intercambio m\u00e1s r\u00e1pida, es muy adecuado para adsorber compuestos org\u00e1nicos y eliminar aniones \u00e1cidos fuertes en soluciones acuosas y no acuosas. <\/span><span style=\"vertical-align: inherit;\">En las mismas condiciones, el costo del agua y el agente de regeneraci\u00f3n ser\u00e1 menor.<\/span><\/span><\/p>\n<p><span style=\"vertical-align: inherit;\"><span style=\"vertical-align: inherit;\">ZGA 455FD-H18 tiene un tama\u00f1o de poro m\u00e1s grande y un \u00e1rea de superficie espec\u00edfica, podr\u00eda adsorber una gran cantidad de macromol\u00e9culas org\u00e1nicas, la tasa de adsorbente podr\u00eda alcanzar el 80-95 % y la tasa de eluci\u00f3n es superior al 95 %, por lo que es muy adecuado para la desalinizaci\u00f3n y la decoloraci\u00f3n de almid\u00f3n de az\u00facar.<\/span><\/span><\/p>\n<p><span style=\"vertical-align: inherit;\"><span style=\"vertical-align: inherit;\">ZGA455FD-H18 tiene algunos grupos b\u00e1sicos fuertes, en el proceso de operaci\u00f3n, no absorber\u00e1 mol\u00e9culas peque\u00f1as, tiene una gran resistencia mec\u00e1nica, alta capacidad y baja tasa de expansi\u00f3n, por lo que es muy adecuado para la aplicaci\u00f3n de jugos, bebidas, agua potable y la industria alimentaria como az\u00facar de almid\u00f3n, cerveza, sorbitol, xilitol, amino\u00e1cidos y \u00e1cido l\u00e1ctico, etc., para mejorar el sabor y la transparencia de sus productos.<\/span><\/span><\/p>\n<p><strong><span style=\"vertical-align: inherit;\"><span style=\"vertical-align: inherit;\">2. Propiedades F\u00edsicas y Qu\u00edmicas:<\/span><\/span><\/strong><\/p>\n<table border=\"1\" width=\"80%\" align=\"center\">\n<tbody>\n<tr>\n<td align=\"center\" valign=\"top\"><span style=\"vertical-align: inherit;\"><span style=\"vertical-align: inherit;\">Art\u00edculos<\/span><\/span><\/td>\n<td align=\"center\" valign=\"top\"><span style=\"vertical-align: inherit;\"><span style=\"vertical-align: inherit;\">\u00cdndice<\/span><\/span><\/td>\n<\/tr>\n<tr>\n<td align=\"center\" valign=\"top\"><span style=\"vertical-align: inherit;\"><span style=\"vertical-align: inherit;\">Apariencia<\/span><\/span><\/td>\n<td align=\"center\" valign=\"top\"><span style=\"vertical-align: inherit;\"><span style=\"vertical-align: inherit;\">Perlas de opacidad de color blanco lechoso a amarillo claro<\/span><\/span><\/td>\n<\/tr>\n<tr>\n<td align=\"center\" valign=\"top\"><span style=\"vertical-align: inherit;\"><span style=\"vertical-align: inherit;\">Matriz<\/span><\/span><\/td>\n<td align=\"center\" valign=\"top\"><span style=\"vertical-align: inherit;\"><span style=\"vertical-align: inherit;\">estireno<\/span><\/span><\/td>\n<\/tr>\n<tr>\n<td align=\"center\" valign=\"top\"><span style=\"vertical-align: inherit;\"><span style=\"vertical-align: inherit;\">Forma i\u00f3nica<\/span><\/span><\/td>\n<td align=\"center\" valign=\"top\"><span style=\"vertical-align: inherit;\"><span style=\"vertical-align: inherit;\">Amina libre<\/span><\/span><\/td>\n<\/tr>\n<tr>\n<td align=\"center\" valign=\"top\"><span style=\"vertical-align: inherit;\"><span style=\"vertical-align: inherit;\">Contenido de humedad %<\/span><\/span><\/td>\n<td align=\"center\" valign=\"top\"><span style=\"vertical-align: inherit;\"><span style=\"vertical-align: inherit;\">42\uff5e50<\/span><\/span><\/td>\n<\/tr>\n<tr>\n<td align=\"center\" valign=\"top\"><span style=\"vertical-align: inherit;\"><span style=\"vertical-align: inherit;\">Capacidad mmol\/ml<\/span><\/span><\/td>\n<td align=\"center\" valign=\"top\"><span style=\"vertical-align: inherit;\"><span style=\"vertical-align: inherit;\">\u22651,80<\/span><\/span><\/td>\n<\/tr>\n<tr>\n<td align=\"center\" valign=\"top\"><span style=\"vertical-align: inherit;\"><span style=\"vertical-align: inherit;\">Densidad verdadera (h\u00fameda) g\/ml<\/span><\/span><\/td>\n<td align=\"center\" valign=\"top\"><span style=\"vertical-align: inherit;\"><span style=\"vertical-align: inherit;\">1.03\uff5e1.06<\/span><\/span><\/td>\n<\/tr>\n<tr>\n<td align=\"center\" valign=\"top\"><span style=\"vertical-align: inherit;\"><span style=\"vertical-align: inherit;\">Peso de env\u00edo g\/ml<\/span><\/span><\/td>\n<td align=\"center\" valign=\"top\"><span style=\"vertical-align: inherit;\"><span style=\"vertical-align: inherit;\">0,65\uff5e0,75<\/span><\/span><\/td>\n<\/tr>\n<tr>\n<td align=\"center\" valign=\"top\"><span style=\"vertical-align: inherit;\"><span style=\"vertical-align: inherit;\">Granos enteros %<\/span><\/span><\/td>\n<td align=\"center\" valign=\"top\"><span style=\"vertical-align: inherit;\"><span style=\"vertical-align: inherit;\">\u226590<\/span><\/span><\/td>\n<\/tr>\n<tr>\n<td align=\"center\" valign=\"top\"><span style=\"vertical-align: inherit;\"><span style=\"vertical-align: inherit;\">Hinchaz\u00f3n %<\/span><\/span><\/td>\n<td align=\"center\" valign=\"top\"><span style=\"vertical-align: inherit;\"><span style=\"vertical-align: inherit;\">\u226420<\/span><\/span><\/td>\n<\/tr>\n<tr>\n<td align=\"center\" valign=\"center\"><span style=\"vertical-align: inherit;\"><span style=\"vertical-align: inherit;\">Rango de tama\u00f1o de part\u00edcula %<\/span><\/span><\/td>\n<td align=\"center\" valign=\"center\"><span style=\"vertical-align: inherit;\"><span style=\"vertical-align: inherit;\">(0,45\uff5e1,25 mm) \u226595<\/span><\/span><\/td>\n<\/tr>\n<\/tbody>\n<\/table>\n<p><strong><span style=\"vertical-align: inherit;\"><span style=\"vertical-align: inherit;\">3. Referencia:<\/span><\/span><\/strong><\/p>\n<table border=\"1\" width=\"80%\" align=\"center\">\n<tbody>\n<tr>\n<td align=\"center\" valign=\"top\" width=\"50%\"><span style=\"vertical-align: inherit;\"><span style=\"vertical-align: inherit;\">Art\u00edculos<\/span><\/span><\/td>\n<td align=\"center\" valign=\"top\" width=\"50%\"><span style=\"vertical-align: inherit;\"><span style=\"vertical-align: inherit;\">\u00cdndice<\/span><\/span><\/td>\n<\/tr>\n<tr>\n<td align=\"center\" valign=\"top\"><span style=\"vertical-align: inherit;\"><span style=\"vertical-align: inherit;\">Altura de la cama de resina m<\/span><\/span><\/td>\n<td align=\"center\" valign=\"top\"><span style=\"vertical-align: inherit;\"><span style=\"vertical-align: inherit;\">1.5\uff5e3.0<\/span><\/span><\/td>\n<\/tr>\n<tr>\n<td align=\"center\" valign=\"top\"><span style=\"vertical-align: inherit;\"><span style=\"vertical-align: inherit;\">Espacio de retrolavado dise\u00f1ado %<\/span><\/span><\/td>\n<td align=\"center\" valign=\"top\"><span style=\"vertical-align: inherit;\"><span style=\"vertical-align: inherit;\">80\uff5e100<\/span><\/span><\/td>\n<\/tr>\n<tr>\n<td align=\"center\" valign=\"top\"><span style=\"vertical-align: inherit;\"><span style=\"vertical-align: inherit;\">Lavado trasero %<\/span><\/span><\/td>\n<td align=\"center\" valign=\"top\"><span style=\"vertical-align: inherit;\"><span style=\"vertical-align: inherit;\">50\uff5e85<\/span><\/span><\/td>\n<\/tr>\n<tr>\n<td align=\"center\" valign=\"top\"><span style=\"vertical-align: inherit;\"><span style=\"vertical-align: inherit;\">Agente regenerador<\/span><\/span><\/td>\n<td align=\"center\" valign=\"top\"><span style=\"vertical-align: inherit;\"><span style=\"vertical-align: inherit;\">NaOH<\/span><\/span><\/td>\n<\/tr>\n<tr>\n<td align=\"center\" valign=\"top\"><span style=\"vertical-align: inherit;\"><span style=\"vertical-align: inherit;\">Densidad del agente regenerado %<\/span><\/span><\/td>\n<td align=\"center\" valign=\"top\"><span style=\"vertical-align: inherit;\"><span style=\"vertical-align: inherit;\">4\uff5e5<\/span><\/span><\/td>\n<\/tr>\n<tr>\n<td align=\"center\" valign=\"top\"><span style=\"vertical-align: inherit;\"><span style=\"vertical-align: inherit;\">Dosificaci\u00f3n de Agente Regenerante m3\/m3-R<\/span><\/span><\/td>\n<td align=\"center\" valign=\"top\"><span style=\"vertical-align: inherit;\"><span style=\"vertical-align: inherit;\">2.2\uff5e2.5<\/span><\/span><\/td>\n<\/tr>\n<tr>\n<td align=\"center\" valign=\"top\"><span style=\"vertical-align: inherit;\"><span style=\"vertical-align: inherit;\">Regenerar tiempo de contacto min<\/span><\/span><\/td>\n<td align=\"center\" valign=\"top\"><span style=\"vertical-align: inherit;\"><span style=\"vertical-align: inherit;\">50\uff5e70<\/span><\/span><\/td>\n<\/tr>\n<tr>\n<td align=\"center\" valign=\"top\"><span style=\"vertical-align: inherit;\"><span style=\"vertical-align: inherit;\">Tiempo de reemplazo min<\/span><\/span><\/td>\n<td align=\"center\" valign=\"top\"><span style=\"vertical-align: inherit;\"><span style=\"vertical-align: inherit;\">30\uff5e50<\/span><\/span><\/td>\n<\/tr>\n<tr>\n<td align=\"center\" valign=\"top\"><span style=\"vertical-align: inherit;\"><span style=\"vertical-align: inherit;\">Caudal de enjuague m\/h<\/span><\/span><\/td>\n<td align=\"center\" valign=\"top\"><span style=\"vertical-align: inherit;\"><span style=\"vertical-align: inherit;\">10\uff5e15<\/span><\/span><\/td>\n<\/tr>\n<tr>\n<td align=\"center\" valign=\"top\"><span style=\"vertical-align: inherit;\"><span style=\"vertical-align: inherit;\">Temperatura de funcionamiento \u00b0C<\/span><\/span><\/td>\n<td align=\"center\" valign=\"top\"><span style=\"vertical-align: inherit;\"><span style=\"vertical-align: inherit;\">30\uff5e60<\/span><\/span><\/td>\n<\/tr>\n<tr>\n<td align=\"center\" valign=\"top\"><span style=\"vertical-align: inherit;\"><span style=\"vertical-align: inherit;\">Rango de pH<\/span><\/span><\/td>\n<td align=\"center\" valign=\"top\"><span style=\"vertical-align: inherit;\"><span style=\"vertical-align: inherit;\">0\uff5e7<\/span><\/span><\/td>\n<\/tr>\n<\/tbody>\n<\/table>\n<p><strong><span style=\"vertical-align: inherit;\"><span style=\"vertical-align: inherit;\">4. Gu\u00eda de operaci\u00f3n<\/span><\/span><\/strong><\/p>\n<table border=\"1\" width=\"80%\" align=\"center\">\n<tbody>\n<tr>\n<td align=\"center\" width=\"120\"><span style=\"vertical-align: inherit;\"><span style=\"vertical-align: inherit;\">Operaci\u00f3n<\/span><\/span><\/td>\n<td align=\"center\" width=\"132\"><span style=\"vertical-align: inherit;\"><span style=\"vertical-align: inherit;\">Soluci\u00f3n<\/span><\/span><\/td>\n<td align=\"center\" width=\"120\"><span style=\"vertical-align: inherit;\"><span style=\"vertical-align: inherit;\">Caudal (BV\/h)<\/span><\/span><\/td>\n<td align=\"center\" width=\"131\"><span style=\"vertical-align: inherit;\"><span style=\"vertical-align: inherit;\">Dosis (BV)<\/span><\/span><\/td>\n<\/tr>\n<tr>\n<td align=\"center\" width=\"120\"><span style=\"vertical-align: inherit;\"><span style=\"vertical-align: inherit;\">Recuperaci\u00f3n de az\u00facar<\/span><\/span><\/td>\n<td align=\"center\" width=\"132\"><span style=\"vertical-align: inherit;\"><span style=\"vertical-align: inherit;\">Agua limpia<\/span><\/span><\/td>\n<td align=\"center\" width=\"120\"><span style=\"vertical-align: inherit;\"><span style=\"vertical-align: inherit;\">2.0\uff5e4.0<\/span><\/span><\/td>\n<td align=\"center\" width=\"131\"><span style=\"vertical-align: inherit;\"><span style=\"vertical-align: inherit;\">2.0\uff5e3.0<\/span><\/span><\/td>\n<\/tr>\n<tr>\n<td align=\"center\" width=\"120\"><span style=\"vertical-align: inherit;\"><span style=\"vertical-align: inherit;\">Lavado trasero<\/span><\/span><\/td>\n<td align=\"center\" width=\"132\"><span style=\"vertical-align: inherit;\"><span style=\"vertical-align: inherit;\">Agua limpia<\/span><\/span><\/td>\n<td align=\"center\" width=\"120\"><span style=\"vertical-align: inherit;\"><span style=\"vertical-align: inherit;\">2.0\uff5e4.0<\/span><\/span><\/td>\n<td align=\"center\" width=\"131\"><span style=\"vertical-align: inherit;\"><span style=\"vertical-align: inherit;\">2.5\uff5e3.0<\/span><\/span><\/td>\n<\/tr>\n<tr>\n<td align=\"center\" width=\"120\"><span style=\"vertical-align: inherit;\"><span style=\"vertical-align: inherit;\">Regenerado<\/span><\/span><\/td>\n<td align=\"center\" width=\"132\"><span style=\"vertical-align: inherit;\"><span style=\"vertical-align: inherit;\">Soluci\u00f3n de NaOH al 4\uff5e5%<\/span><\/span><\/td>\n<td align=\"center\" width=\"120\"><span style=\"vertical-align: inherit;\"><span style=\"vertical-align: inherit;\">1.5\uff5e2.0<\/span><\/span><\/td>\n<td align=\"center\" width=\"131\"><span style=\"vertical-align: inherit;\"><span style=\"vertical-align: inherit;\">2.2\uff5e2.5<\/span><\/span><\/td>\n<\/tr>\n<tr>\n<td align=\"center\" width=\"120\"><span style=\"vertical-align: inherit;\"><span style=\"vertical-align: inherit;\">Reemplazo<\/span><\/span><\/td>\n<td align=\"center\" width=\"132\"><span style=\"vertical-align: inherit;\"><span style=\"vertical-align: inherit;\">DI o agua pura<\/span><\/span><\/td>\n<td align=\"center\" width=\"120\"><span style=\"vertical-align: inherit;\"><span style=\"vertical-align: inherit;\">1.0\uff5e2.0<\/span><\/span><\/td>\n<td align=\"center\" width=\"131\"><span style=\"vertical-align: inherit;\"><span style=\"vertical-align: inherit;\">1.5\uff5e2.0<\/span><\/span><\/td>\n<\/tr>\n<tr>\n<td align=\"center\" width=\"120\"><span style=\"vertical-align: inherit;\"><span style=\"vertical-align: inherit;\">Enjuagar<\/span><\/span><\/td>\n<td align=\"center\" width=\"132\"><span style=\"vertical-align: inherit;\"><span style=\"vertical-align: inherit;\">DI o agua pura<\/span><\/span><\/td>\n<td align=\"center\" width=\"120\"><span style=\"vertical-align: inherit;\"><span style=\"vertical-align: inherit;\">10\uff5e15<\/span><\/span><\/td>\n<td align=\"center\" width=\"131\"><span style=\"vertical-align: inherit;\"><span style=\"vertical-align: inherit;\">5.0\uff5e8.0<\/span><\/span><\/td>\n<\/tr>\n<tr>\n<td align=\"center\" width=\"120\"><span style=\"vertical-align: inherit;\"><span style=\"vertical-align: inherit;\">enrojecimiento<\/span><\/span><\/td>\n<td align=\"center\" width=\"132\"><span style=\"vertical-align: inherit;\"><span style=\"vertical-align: inherit;\">En agua<\/span><\/span><\/td>\n<td align=\"center\" width=\"120\"><span style=\"vertical-align: inherit;\"><span style=\"vertical-align: inherit;\">10\uff5e15<\/span><\/span><\/td>\n<td align=\"center\" width=\"131\"><span style=\"vertical-align: inherit;\"><span style=\"vertical-align: inherit;\">5.0\uff5e10.0<\/span><\/span><\/td>\n<\/tr>\n<tr>\n<td align=\"center\" width=\"120\"><span style=\"vertical-align: inherit;\"><span style=\"vertical-align: inherit;\">Operando<\/span><\/span><\/td>\n<td align=\"center\" width=\"132\"><span style=\"vertical-align: inherit;\"><span style=\"vertical-align: inherit;\">Licor de Az\u00facar<\/span><\/span><\/td>\n<td align=\"center\" width=\"120\"><span style=\"vertical-align: inherit;\"><span style=\"vertical-align: inherit;\">2.0\uff5e4.0<\/span><\/span><\/td>\n<td align=\"center\" width=\"131\"><span style=\"vertical-align: inherit;\"><span style=\"vertical-align: inherit;\">50\uff5e100<\/span><\/span><\/td>\n<\/tr>\n<\/tbody>\n<\/table>\n<p><span style=\"vertical-align: inherit;\"><span style=\"vertical-align: inherit;\">Nota: Cuando comience a retrolavar, la tasa de flujo debe ser lenta, despu\u00e9s de que todas las resinas se vuelvan flexibles, aumente la tasa de flujo de retrolavado paso a paso, despu\u00e9s de que las resinas est\u00e9n completamente operativas, tasa de flujo de retrolavado estable hasta que el agua de salida del retrolavado esta limpio.<\/span><\/span><\/p>\n<p><strong><span style=\"vertical-align: inherit;\"><span style=\"vertical-align: inherit;\">5. Curva de fuga operativa de ani\u00f3n<\/span><\/span><\/strong><\/p>\n<p><strong><span style=\"vertical-align: inherit;\"><span style=\"vertical-align: inherit;\">Lugar de fabricaci\u00f3n: ciudad de Ningbo, China.<\/span><\/span><\/strong><\/p>\n<p><strong><span style=\"vertical-align: inherit;\"><span style=\"vertical-align: inherit;\">Distribuci\u00f3n: Enviado desde ZG Ningbo Factory a todas las provincias de China y en el extranjero.<\/span><\/span><\/strong><\/p>\n<\/div>\n","protected":false},"excerpt":{"rendered":"<p><span style=\"vertical-align: inherit;\"><span style=\"vertical-align: inherit;\">\u201cHydrolite\u201d ZGA455FD-H18 es una resina de intercambio ani\u00f3nico b\u00e1sica d\u00e9bil de la serie de estireno macroporosa que ZG desarroll\u00f3 para la industria alimentaria. <\/span><span style=\"vertical-align: inherit;\">En comparaci\u00f3n con otros aniones b\u00e1sicos d\u00e9biles, ZGA455FD-H18 tiene una mayor capacidad y una velocidad de intercambio m\u00e1s r\u00e1pida, es muy adecuado para adsorber compuestos org\u00e1nicos y eliminar aniones \u00e1cidos fuertes en soluciones acuosas y no acuosas. <\/span><span style=\"vertical-align: inherit;\">En las mismas condiciones, el costo del agua y el agente de regeneraci\u00f3n ser\u00e1 menor.<\/span><\/span><\/p>\n<p><span style=\"vertical-align: inherit;\"><span style=\"vertical-align: inherit;\">ZGA 455FD-H18 tiene un tama\u00f1o de poro m\u00e1s grande y un \u00e1rea de superficie espec\u00edfica, podr\u00eda adsorber una gran cantidad de macromol\u00e9culas org\u00e1nicas, la tasa de adsorbente podr\u00eda alcanzar el 80-95 % y la tasa de eluci\u00f3n es superior al 95 %, por lo que es muy adecuado para la desalinizaci\u00f3n y la decoloraci\u00f3n de almid\u00f3n de az\u00facar.<\/span><\/span><\/p>\n<p><span style=\"vertical-align: inherit;\"><span style=\"vertical-align: inherit;\">ZGA455FD-H18 tiene algunos grupos b\u00e1sicos fuertes, en el proceso de operaci\u00f3n, no absorber\u00e1 mol\u00e9culas peque\u00f1as, tiene una gran resistencia mec\u00e1nica, alta capacidad y baja tasa de expansi\u00f3n, por lo que es muy adecuado para la aplicaci\u00f3n de jugos, bebidas, agua potable y la industria alimentaria como az\u00facar de almid\u00f3n, cerveza, sorbitol, xilitol, amino\u00e1cidos y \u00e1cido l\u00e1ctico, etc., para mejorar el sabor y la transparencia de sus productos.<\/span><\/span><\/p>\n","protected":false},"featured_media":305,"comment_status":"closed","ping_status":"closed","template":"","meta":[],"product_cat":[161],"product_tag":[],"class_list":["post-571","product","type-product","status-publish","has-post-thumbnail","hentry","product_cat-resinas-para-la-industria-de-los-edulcorantes"],"_links":{"self":[{"href":"https:\/\/hydrolite.eu\/es\/wp-json\/wp\/v2\/product\/571","targetHints":{"allow":["GET"]}}],"collection":[{"href":"https:\/\/hydrolite.eu\/es\/wp-json\/wp\/v2\/product"}],"about":[{"href":"https:\/\/hydrolite.eu\/es\/wp-json\/wp\/v2\/types\/product"}],"replies":[{"embeddable":true,"href":"https:\/\/hydrolite.eu\/es\/wp-json\/wp\/v2\/comments?post=571"}],"wp:featuredmedia":[{"embeddable":true,"href":"https:\/\/hydrolite.eu\/es\/wp-json\/wp\/v2\/media\/305"}],"wp:attachment":[{"href":"https:\/\/hydrolite.eu\/es\/wp-json\/wp\/v2\/media?parent=571"}],"wp:term":[{"taxonomy":"product_cat","embeddable":true,"href":"https:\/\/hydrolite.eu\/es\/wp-json\/wp\/v2\/product_cat?post=571"},{"taxonomy":"product_tag","embeddable":true,"href":"https:\/\/hydrolite.eu\/es\/wp-json\/wp\/v2\/product_tag?post=571"}],"curies":[{"name":"wp","href":"https:\/\/api.w.org\/{rel}","templated":true}]}}