{"id":4751,"date":"2025-09-21T13:38:52","date_gmt":"2025-10-27T16:55:42","guid":{"rendered":"https:\/\/hydrolite.eu\/?post_type=product&#038;p=4751"},"modified":"2026-05-07T18:14:19","modified_gmt":"2026-05-07T15:14:19","slug":"resinas-de-intercambio-cationico-de-acido-fuerte-de-la-serie-de-estireno-zgc-107dq","status":"publish","type":"product","link":"https:\/\/hydrolite.eu\/es\/product\/resinas-de-intercambio-cationico-de-acido-fuerte-de-la-serie-de-estireno-zgc-107dq\/","title":{"rendered":"Resinas de intercambio cati\u00f3nico de \u00e1cido fuerte de la serie de estireno ZGC 107DQ"},"content":{"rendered":"<table border=\"0\" width=\"100%\" cellspacing=\"1\" cellpadding=\"0\" align=\"center\" bgcolor=\"dee8f3\">\n<tbody>\n<tr>\n<td align=\"left\" bgcolor=\"054696\" width=\"70%\" height=\"50\">\n<div class=\"zzzzz1\" align=\"center\"><span style=\"vertical-align: inherit;\"><span style=\"vertical-align: inherit;\"><span dir=\"auto\" style=\"vertical-align: inherit;\"><span dir=\"auto\" style=\"vertical-align: inherit;\">Resinas de intercambio cati\u00f3nico de \u00e1cido fuerte de la serie de estireno ZGC 107DQ<\/span><\/span><\/span><\/span><\/div>\n<\/td>\n<\/tr>\n<tr>\n<td style=\"padding: 20px;\" align=\"left\" bgcolor=\"#FFFFFF\"><strong><span style=\"vertical-align: inherit;\"><span style=\"vertical-align: inherit;\"><span dir=\"auto\" style=\"vertical-align: inherit;\"><span dir=\"auto\" style=\"vertical-align: inherit;\">1. Descripci\u00f3n<\/span><\/span><\/span><\/span><\/strong><\/p>\n<p><span style=\"vertical-align: inherit;\"><span style=\"vertical-align: inherit;\"><span dir=\"auto\" style=\"vertical-align: inherit;\"><span dir=\"auto\" style=\"vertical-align: inherit;\">Hydrolite ZGC107DQ es una resina de intercambio cati\u00f3nico que contiene un grupo sulf\u00f3nico (-SO3H <\/span><\/span><\/span><\/span><sub><span style=\"vertical-align: inherit;\"><span style=\"vertical-align: inherit;\"><span dir=\"auto\" style=\"vertical-align: inherit;\"><span dir=\"auto\" style=\"vertical-align: inherit;\">)<\/span><\/span><\/span><\/span><\/sub><span style=\"vertical-align: inherit;\"><span style=\"vertical-align: inherit;\"><span dir=\"auto\" style=\"vertical-align: inherit;\"><span dir=\"auto\" style=\"vertical-align: inherit;\"> en un copol\u00edmero de estireno-dietilenbenceno con un grado de reticulaci\u00f3n del 7%. Se utiliza principalmente para el ablandamiento de agua dura y la producci\u00f3n de agua pura, as\u00ed como en hidrometalurgia, producci\u00f3n de az\u00facar, productos farmac\u00e9uticos y producci\u00f3n de glutamato monos\u00f3dico. Tambi\u00e9n puede utilizarse como catalizador y agente deshidratante.<\/span><\/span><\/span><\/span><\/p>\n<p>&nbsp;<\/p>\n<p align=\"left\"><strong><span style=\"vertical-align: inherit;\"><span style=\"vertical-align: inherit;\"><span dir=\"auto\" style=\"vertical-align: inherit;\"><span dir=\"auto\" style=\"vertical-align: inherit;\">2. Propiedades f\u00edsicas y qu\u00edmicas t\u00edpicas:<\/span><\/span><\/span><\/span><\/strong><\/p>\n<table style=\"width: 90%;\" border=\"0\" width=\"90%\" cellspacing=\"1\" cellpadding=\"0\" align=\"center\">\n<tbody>\n<tr>\n<td>PAR\u00c1METROS<\/td>\n<td>DATOS<\/td>\n<\/tr>\n<tr>\n<td>Apariencia<\/td>\n<td>Gr\u00e1nulo esf\u00e9rico de color amarillo palma a marr\u00f3n quemado<\/td>\n<\/tr>\n<tr>\n<td>Forma i\u00f3nica<\/td>\n<td>Na<\/td>\n<\/tr>\n<tr>\n<td>Contenido de humedad %<\/td>\n<td>48.00-52.00<\/td>\n<\/tr>\n<tr>\n<td>Capacidad de intercambio total, mmol\/g<\/td>\n<td>\u22654.50<\/td>\n<\/tr>\n<tr>\n<td>Capacidad de intercambio total, mmol\/ml<br \/>\nmmol\/sm3<\/td>\n<td>\u22651,90<\/td>\n<\/tr>\n<tr>\n<td>Peso de env\u00edo g\/ml<\/td>\n<td>0,77-0,87<\/td>\n<\/tr>\n<tr>\n<td>La densidad es g\/ml<\/td>\n<td>1.250-1.290<\/td>\n<\/tr>\n<tr>\n<td>Tama\u00f1o de part\u00edcula, %<\/td>\n<td>(0.315 mm-1.250 mm) \u226595.0<\/td>\n<\/tr>\n<tr>\n<td>Tama\u00f1o m\u00ednimo, %<\/td>\n<td>(&lt;0.315 mm) \u22641.0<\/td>\n<\/tr>\n<tr>\n<td>Tama\u00f1o efectivo, mm<\/td>\n<td>0,350-0,550 \/ 0,400-0,700 \/ 0,450-0,850<\/td>\n<\/tr>\n<tr>\n<td>Coeficiente de homogeneidad<\/td>\n<td>\u22641,60<\/td>\n<\/tr>\n<tr>\n<td>Estabilidad osm\u00f3tica, %<\/td>\n<td>\u226585<\/td>\n<\/tr>\n<tr>\n<td>Esfericidad despu\u00e9s de la atrici\u00f3n, %<\/td>\n<td>\u226590.00<\/td>\n<\/tr>\n<tr>\n<td>Volumen espec\u00edfico en forma H, cm3\/g<\/td>\n<td>\u22642,8<\/td>\n<\/tr>\n<\/tbody>\n<\/table>\n<div style=\"clear: both;\"><\/div>\n<p align=\"left\"><strong><span style=\"vertical-align: inherit;\"><span style=\"vertical-align: inherit;\"><span dir=\"auto\" style=\"vertical-align: inherit;\"><span dir=\"auto\" style=\"vertical-align: inherit;\">3. Indicadores de referencia para el uso<\/span><\/span><\/span><\/span><\/strong><\/p>\n<table style=\"width: 90%;\" border=\"0\" width=\"90%\" cellspacing=\"1\" cellpadding=\"0\" align=\"center\">\n<tbody>\n<tr>\n<td>PAR\u00c1METROS<\/td>\n<td>Valor de referencia<\/td>\n<\/tr>\n<tr>\n<td>Rango de pH<\/td>\n<td>1-14<\/td>\n<\/tr>\n<tr>\n<td>Temperatura m\u00e1x. de operaci\u00f3n en forma de sodio \u00b0C<\/td>\n<td>120<\/td>\n<\/tr>\n<tr>\n<td>Hinchamiento en conversi\u00f3n completa (Na <sup>+<\/sup> -H <sup>+<\/sup> ) %<\/td>\n<td>\u226410<\/td>\n<\/tr>\n<tr>\n<td>Capacidad de intercambio de trabajo mmol\/l<\/td>\n<td>\u22651200<\/td>\n<\/tr>\n<tr>\n<td>Caudal de operaci\u00f3n m\/h<\/td>\n<td>15-30<\/td>\n<\/tr>\n<\/tbody>\n<\/table>\n<\/td>\n<\/tr>\n<\/tbody>\n<\/table>\n<div id=\"gtx-trans\" style=\"position: absolute; left: 73px; top: 1.63068px;\">\n<div class=\"gtx-trans-icon\"><\/div>\n<\/div>\n","protected":false},"excerpt":{"rendered":"<p>Resinas de intercambio cati\u00f3nico de \u00e1cido fuerte de la serie de estireno ZGC 107DQ 1. Descripci\u00f3n Hydrolite ZGC107DQ es una resina de intercambio cati\u00f3nico que contiene un grupo sulf\u00f3nico (-SO3H ) en un copol\u00edmero de estireno-dietilenbenceno con un grado de reticulaci\u00f3n del 7%. Se utiliza principalmente para el ablandamiento de agua dura y la producci\u00f3n&#8230;<\/p>\n","protected":false},"featured_media":1273,"comment_status":"closed","ping_status":"closed","template":"","meta":[],"product_cat":[643,513],"product_tag":[],"class_list":["post-4751","product","type-product","status-publish","has-post-thumbnail","hentry","product_cat-industria-del-agua-potable-y-de-la-alimentacion","product_cat-productos"],"_links":{"self":[{"href":"https:\/\/hydrolite.eu\/es\/wp-json\/wp\/v2\/product\/4751","targetHints":{"allow":["GET"]}}],"collection":[{"href":"https:\/\/hydrolite.eu\/es\/wp-json\/wp\/v2\/product"}],"about":[{"href":"https:\/\/hydrolite.eu\/es\/wp-json\/wp\/v2\/types\/product"}],"replies":[{"embeddable":true,"href":"https:\/\/hydrolite.eu\/es\/wp-json\/wp\/v2\/comments?post=4751"}],"wp:featuredmedia":[{"embeddable":true,"href":"https:\/\/hydrolite.eu\/es\/wp-json\/wp\/v2\/media\/1273"}],"wp:attachment":[{"href":"https:\/\/hydrolite.eu\/es\/wp-json\/wp\/v2\/media?parent=4751"}],"wp:term":[{"taxonomy":"product_cat","embeddable":true,"href":"https:\/\/hydrolite.eu\/es\/wp-json\/wp\/v2\/product_cat?post=4751"},{"taxonomy":"product_tag","embeddable":true,"href":"https:\/\/hydrolite.eu\/es\/wp-json\/wp\/v2\/product_tag?post=4751"}],"curies":[{"name":"wp","href":"https:\/\/api.w.org\/{rel}","templated":true}]}}