{"id":4455,"date":"2025-09-21T13:38:31","date_gmt":"2025-10-26T17:45:16","guid":{"rendered":"https:\/\/hydrolite.eu\/?post_type=product&#038;p=4455"},"modified":"2025-10-26T20:45:17","modified_gmt":"2025-10-26T17:45:17","slug":"zg-apx-es-una-resina-de-intercambio-anionico-en-polvo-que-consiste-en-una-resina-nuclear-de-tipo-fuertemente-basico","status":"publish","type":"product","link":"https:\/\/hydrolite.eu\/es\/product\/zg-apx-es-una-resina-de-intercambio-anionico-en-polvo-que-consiste-en-una-resina-nuclear-de-tipo-fuertemente-basico\/","title":{"rendered":"ZG APX es una resina de intercambio ani\u00f3nico en polvo que consiste en una resina nuclear de tipo fuertemente b\u00e1sico."},"content":{"rendered":"<table border=\"0\" width=\"100%\" cellspacing=\"1\" cellpadding=\"0\" align=\"center\" bgcolor=\"dee8f3\">\n<tbody>\n<tr>\n<td align=\"left\" bgcolor=\"054696\" width=\"70%\" height=\"50\">\n<div class=\"zzzzz1\" align=\"center\"><span style=\"vertical-align: inherit;\"><span style=\"vertical-align: inherit;\"><span dir=\"auto\" style=\"vertical-align: inherit;\"><span dir=\"auto\" style=\"vertical-align: inherit;\">ZG APX es una resina de intercambio ani\u00f3nico en polvo que consiste en una resina nuclear de tipo fuertemente b\u00e1sico.<\/span><\/span><\/span><\/span><\/div>\n<\/td>\n<\/tr>\n<tr>\n<td style=\"padding: 20px;\" align=\"left\" bgcolor=\"#FFFFFF\"><strong><span style=\"vertical-align: inherit;\"><span style=\"vertical-align: inherit;\"><span dir=\"auto\" style=\"vertical-align: inherit;\"><span dir=\"auto\" style=\"vertical-align: inherit;\">1. Descripci\u00f3n:<\/span><\/span><\/span><\/span><\/strong><span style=\"vertical-align: inherit;\"><span style=\"vertical-align: inherit;\"><span dir=\"auto\" style=\"vertical-align: inherit;\"><span dir=\"auto\" style=\"vertical-align: inherit;\">ZG APX es una resina de intercambio ani\u00f3nico en polvo compuesta por un n\u00facleo de resina fuertemente b\u00e1sico, ya reducido a la forma OH- <\/span><\/span><\/span><\/span><sup><span style=\"vertical-align: inherit;\"><span style=\"vertical-align: inherit;\"><span dir=\"auto\" style=\"vertical-align: inherit;\"><span dir=\"auto\" style=\"vertical-align: inherit;\">.<\/span><\/span><\/span><\/span><\/sup><span style=\"vertical-align: inherit;\"><span style=\"vertical-align: inherit;\"><span dir=\"auto\" style=\"vertical-align: inherit;\"><span dir=\"auto\" style=\"vertical-align: inherit;\"> Presenta una capacidad de intercambio y una tasa de regeneraci\u00f3n muy elevadas, as\u00ed como un bajo contenido de impurezas. <\/span><\/span><\/span><\/span><br \/>\n<span style=\"vertical-align: inherit;\"><span style=\"vertical-align: inherit;\"><span dir=\"auto\" style=\"vertical-align: inherit;\"><span dir=\"auto\" style=\"vertical-align: inherit;\">El tama\u00f1o de part\u00edcula de ZG APX es de 40-50 \u00b5m, lo que le proporciona una gran superficie espec\u00edfica y excelentes propiedades de intercambio y filtraci\u00f3n.<\/span><\/span><\/span><\/span><\/p>\n<p><strong><span style=\"vertical-align: inherit;\"><span style=\"vertical-align: inherit;\"><span dir=\"auto\" style=\"vertical-align: inherit;\"><span dir=\"auto\" style=\"vertical-align: inherit;\">2. Propiedades f\u00edsicas y qu\u00edmicas t\u00edpicas:<\/span><\/span><\/span><\/span><\/strong><\/p>\n<table style=\"width: 90.0000%;\" border=\"1\" cellspacing=\"1\" align=\"center\">\n<tbody>\n<tr>\n<td colspan=\"2\">\n<p align=\"center\"><span dir=\"auto\" style=\"vertical-align: inherit;\"><span dir=\"auto\" style=\"vertical-align: inherit;\">PAR\u00c1METROS<\/span><\/span><\/p>\n<\/td>\n<td>\n<p align=\"center\"><span style=\"vertical-align: inherit;\"><span style=\"vertical-align: inherit;\"><span dir=\"auto\" style=\"vertical-align: inherit;\"><span dir=\"auto\" style=\"vertical-align: inherit;\">DATOS<\/span><\/span><\/span><\/span><\/p>\n<\/td>\n<\/tr>\n<tr>\n<td colspan=\"2\">\n<p align=\"center\"><span style=\"vertical-align: inherit;\"><span style=\"vertical-align: inherit;\"><span dir=\"auto\" style=\"vertical-align: inherit;\"><span dir=\"auto\" style=\"vertical-align: inherit;\">Matriz<\/span><\/span><\/span><\/span><\/p>\n<\/td>\n<td>\n<p align=\"center\"><span style=\"vertical-align: inherit;\"><span style=\"vertical-align: inherit;\"><span dir=\"auto\" style=\"vertical-align: inherit;\"><span dir=\"auto\" style=\"vertical-align: inherit;\">Poliestireno-DVB<\/span><\/span><\/span><\/span><\/p>\n<\/td>\n<\/tr>\n<tr>\n<td colspan=\"2\">\n<p align=\"center\"><span style=\"vertical-align: inherit;\"><span style=\"vertical-align: inherit;\"><span dir=\"auto\" style=\"vertical-align: inherit;\"><span dir=\"auto\" style=\"vertical-align: inherit;\">Grupo funcional<\/span><\/span><\/span><\/span><\/p>\n<\/td>\n<td>\n<p align=\"center\"><span style=\"vertical-align: inherit;\"><span style=\"vertical-align: inherit;\"><span dir=\"auto\" style=\"vertical-align: inherit;\"><span dir=\"auto\" style=\"vertical-align: inherit;\">PH <\/span><\/span><\/span><\/span><sup><span style=\"vertical-align: inherit;\"><span style=\"vertical-align: inherit;\"><span dir=\"auto\" style=\"vertical-align: inherit;\"><span dir=\"auto\" style=\"vertical-align: inherit;\">+<\/span><\/span><\/span><\/span><\/sup><span style=\"vertical-align: inherit;\"><span style=\"vertical-align: inherit;\"><span dir=\"auto\" style=\"vertical-align: inherit;\"><span dir=\"auto\" style=\"vertical-align: inherit;\"> ( <\/span><\/span><\/span><\/span><sub><span style=\"vertical-align: inherit;\"><span style=\"vertical-align: inherit;\"><span dir=\"auto\" style=\"vertical-align: inherit;\"><span dir=\"auto\" style=\"vertical-align: inherit;\">CH3<\/span><\/span><\/span><\/span><\/sub><span style=\"vertical-align: inherit;\"><span style=\"vertical-align: inherit;\"><span dir=\"auto\" style=\"vertical-align: inherit;\"><span dir=\"auto\" style=\"vertical-align: inherit;\"> ) <\/span><\/span><\/span><\/span><sub><span style=\"vertical-align: inherit;\"><span style=\"vertical-align: inherit;\"><span dir=\"auto\" style=\"vertical-align: inherit;\"><span dir=\"auto\" style=\"vertical-align: inherit;\">3<\/span><\/span><\/span><\/span><\/sub><\/p>\n<\/td>\n<\/tr>\n<tr>\n<td colspan=\"2\">\n<p align=\"center\"><span style=\"vertical-align: inherit;\"><span style=\"vertical-align: inherit;\"><span dir=\"auto\" style=\"vertical-align: inherit;\"><span dir=\"auto\" style=\"vertical-align: inherit;\">Forma i\u00f3nica<\/span><\/span><\/span><\/span><\/p>\n<\/td>\n<td>\n<p align=\"center\"><span style=\"vertical-align: inherit;\"><span style=\"vertical-align: inherit;\"><span dir=\"auto\" style=\"vertical-align: inherit;\"><span dir=\"auto\" style=\"vertical-align: inherit;\">PENSAMIENTOS <\/span><\/span><\/span><\/span><sup><span style=\"vertical-align: inherit;\"><span style=\"vertical-align: inherit;\"><span dir=\"auto\" style=\"vertical-align: inherit;\"><span dir=\"auto\" style=\"vertical-align: inherit;\">&#8211;<\/span><\/span><\/span><\/span><\/sup><\/p>\n<\/td>\n<\/tr>\n<tr>\n<td colspan=\"2\">\n<p align=\"center\"><span style=\"vertical-align: inherit;\"><span style=\"vertical-align: inherit;\"><span dir=\"auto\" style=\"vertical-align: inherit;\"><span dir=\"auto\" style=\"vertical-align: inherit;\">Capacidad total de intercambio, mmol\/g<\/span><\/span><\/span><\/span><\/p>\n<\/td>\n<td>\n<p align=\"center\"><span style=\"vertical-align: inherit;\"><span style=\"vertical-align: inherit;\"><span dir=\"auto\" style=\"vertical-align: inherit;\"><span dir=\"auto\" style=\"vertical-align: inherit;\">\u22653,60<\/span><\/span><\/span><\/span><\/p>\n<\/td>\n<\/tr>\n<tr>\n<td colspan=\"2\">\n<p align=\"center\"><span style=\"vertical-align: inherit;\"><span style=\"vertical-align: inherit;\"><span dir=\"auto\" style=\"vertical-align: inherit;\"><span dir=\"auto\" style=\"vertical-align: inherit;\">Conversi\u00f3n a forma i\u00f3nica, % OH <\/span><\/span><\/span><\/span><sup><span style=\"vertical-align: inherit;\"><span style=\"vertical-align: inherit;\"><span dir=\"auto\" style=\"vertical-align: inherit;\"><span dir=\"auto\" style=\"vertical-align: inherit;\">&#8211;<\/span><\/span><\/span><\/span><\/sup><span style=\"vertical-align: inherit;\"><span style=\"vertical-align: inherit;\"><span dir=\"auto\" style=\"vertical-align: inherit;\"><span dir=\"auto\" style=\"vertical-align: inherit;\"> \u00a0%<\/span><\/span><\/span><\/span><\/p>\n<\/td>\n<td>\n<p align=\"center\"><span style=\"vertical-align: inherit;\"><span style=\"vertical-align: inherit;\"><span dir=\"auto\" style=\"vertical-align: inherit;\"><span dir=\"auto\" style=\"vertical-align: inherit;\">\u226594,0<\/span><\/span><\/span><\/span><\/p>\n<\/td>\n<\/tr>\n<tr>\n<td colspan=\"2\">\n<p align=\"center\"><span dir=\"auto\" style=\"vertical-align: inherit;\"><span dir=\"auto\" style=\"vertical-align: inherit;\">Forma<\/span><\/span><\/p>\n<\/td>\n<td>\n<p align=\"center\"><span style=\"vertical-align: inherit;\"><span style=\"vertical-align: inherit;\"><span dir=\"auto\" style=\"vertical-align: inherit;\"><span dir=\"auto\" style=\"vertical-align: inherit;\">Polvo<\/span><\/span><\/span><\/span><\/p>\n<\/td>\n<\/tr>\n<tr>\n<td rowspan=\"3\">\n<p align=\"center\"><span style=\"vertical-align: inherit;\"><span style=\"vertical-align: inherit;\"><span dir=\"auto\" style=\"vertical-align: inherit;\"><span dir=\"auto\" style=\"vertical-align: inherit;\">Tama\u00f1o de part\u00edcula<\/span><\/span><\/span><\/span><\/p>\n<\/td>\n<td>\n<p align=\"center\"><span style=\"vertical-align: inherit;\"><span style=\"vertical-align: inherit;\"><span dir=\"auto\" style=\"vertical-align: inherit;\"><span dir=\"auto\" style=\"vertical-align: inherit;\">40-50 micras, %<\/span><\/span><\/span><\/span><\/p>\n<\/td>\n<td>\n<p align=\"center\"><span style=\"vertical-align: inherit;\"><span style=\"vertical-align: inherit;\"><span dir=\"auto\" style=\"vertical-align: inherit;\"><span dir=\"auto\" style=\"vertical-align: inherit;\">\u226595,0<\/span><\/span><\/span><\/span><\/p>\n<\/td>\n<\/tr>\n<tr>\n<td>\n<p align=\"center\"><span style=\"vertical-align: inherit;\"><span style=\"vertical-align: inherit;\"><span dir=\"auto\" style=\"vertical-align: inherit;\"><span dir=\"auto\" style=\"vertical-align: inherit;\">&gt; 200 micras, %<\/span><\/span><\/span><\/span><\/p>\n<\/td>\n<td>\n<p align=\"center\"><span style=\"vertical-align: inherit;\"><span style=\"vertical-align: inherit;\"><span dir=\"auto\" style=\"vertical-align: inherit;\"><span dir=\"auto\" style=\"vertical-align: inherit;\">\u22642.0<\/span><\/span><\/span><\/span><\/p>\n<\/td>\n<\/tr>\n<tr>\n<td>\n<p align=\"center\"><span style=\"vertical-align: inherit;\"><span style=\"vertical-align: inherit;\"><span dir=\"auto\" style=\"vertical-align: inherit;\"><span dir=\"auto\" style=\"vertical-align: inherit;\">&lt; 10 \u03bcm, %<\/span><\/span><\/span><\/span><\/p>\n<\/td>\n<td>\n<p align=\"center\"><span style=\"vertical-align: inherit;\"><span style=\"vertical-align: inherit;\"><span dir=\"auto\" style=\"vertical-align: inherit;\"><span dir=\"auto\" style=\"vertical-align: inherit;\">\u22642.0<\/span><\/span><\/span><\/span><\/p>\n<\/td>\n<\/tr>\n<\/tbody>\n<\/table>\n<div style=\"clear: both;\"><\/div>\n<p>&nbsp;<\/td>\n<\/tr>\n<\/tbody>\n<\/table>\n","protected":false},"excerpt":{"rendered":"<p>ZG APX es una resina de intercambio ani\u00f3nico en polvo que consiste en una resina nuclear de tipo fuertemente b\u00e1sico. 1. Descripci\u00f3n:ZG APX es una resina de intercambio ani\u00f3nico en polvo compuesta por un n\u00facleo de resina fuertemente b\u00e1sico, ya reducido a la forma OH- . Presenta una capacidad de intercambio y una tasa de&#8230;<\/p>\n","protected":false},"featured_media":1273,"comment_status":"closed","ping_status":"closed","template":"","meta":[],"product_cat":[513,630],"product_tag":[],"class_list":["post-4455","product","type-product","status-publish","has-post-thumbnail","hentry","product_cat-productos","product_cat-resinas-comunes"],"_links":{"self":[{"href":"https:\/\/hydrolite.eu\/es\/wp-json\/wp\/v2\/product\/4455","targetHints":{"allow":["GET"]}}],"collection":[{"href":"https:\/\/hydrolite.eu\/es\/wp-json\/wp\/v2\/product"}],"about":[{"href":"https:\/\/hydrolite.eu\/es\/wp-json\/wp\/v2\/types\/product"}],"replies":[{"embeddable":true,"href":"https:\/\/hydrolite.eu\/es\/wp-json\/wp\/v2\/comments?post=4455"}],"wp:featuredmedia":[{"embeddable":true,"href":"https:\/\/hydrolite.eu\/es\/wp-json\/wp\/v2\/media\/1273"}],"wp:attachment":[{"href":"https:\/\/hydrolite.eu\/es\/wp-json\/wp\/v2\/media?parent=4455"}],"wp:term":[{"taxonomy":"product_cat","embeddable":true,"href":"https:\/\/hydrolite.eu\/es\/wp-json\/wp\/v2\/product_cat?post=4455"},{"taxonomy":"product_tag","embeddable":true,"href":"https:\/\/hydrolite.eu\/es\/wp-json\/wp\/v2\/product_tag?post=4455"}],"curies":[{"name":"wp","href":"https:\/\/api.w.org\/{rel}","templated":true}]}}