{"id":4454,"date":"2025-09-21T13:38:31","date_gmt":"2025-10-26T17:44:43","guid":{"rendered":"https:\/\/hydrolite.eu\/?post_type=product&#038;p=4454"},"modified":"2025-10-26T20:44:43","modified_gmt":"2025-10-26T17:44:43","slug":"zg-a-398-copolimero-macroporoso-especifico-de-estireno-y-dvb-con-resina-de-intercambio-anionico-de-radical-amonio-quark-nch33oh","status":"publish","type":"product","link":"https:\/\/hydrolite.eu\/es\/product\/zg-a-398-copolimero-macroporoso-especifico-de-estireno-y-dvb-con-resina-de-intercambio-anionico-de-radical-amonio-quark-nch33oh\/","title":{"rendered":"ZG A 398 copol\u00edmero macroporoso espec\u00edfico de estireno y DVB con resina de intercambio ani\u00f3nico de radical amonio quark [-N(CH3)3OH]"},"content":{"rendered":"<table border=\"0\" width=\"100%\" cellspacing=\"1\" cellpadding=\"0\" align=\"center\" bgcolor=\"dee8f3\">\n<tbody>\n<tr>\n<td align=\"left\" bgcolor=\"054696\" width=\"70%\" height=\"50\">\n<div class=\"zzzzz1\" align=\"center\"><span style=\"vertical-align: inherit;\"><span style=\"vertical-align: inherit;\"><span dir=\"auto\" style=\"vertical-align: inherit;\"><span dir=\"auto\" style=\"vertical-align: inherit;\">ZG A 398 copol\u00edmero macroporoso espec\u00edfico de estireno y DVB con resina de intercambio ani\u00f3nico de radical amonio quark [-N(CH3)3OH]<\/span><\/span><\/span><\/span><\/div>\n<\/td>\n<\/tr>\n<tr>\n<td style=\"padding: 20px;\" align=\"left\" bgcolor=\"#FFFFFF\">\n<p align=\"justify\"><span style=\"vertical-align: inherit;\"><span style=\"vertical-align: inherit;\"><span dir=\"auto\" style=\"vertical-align: inherit;\"><span dir=\"auto\" style=\"vertical-align: inherit;\">El ZG A 398 de Zheng Guang es un copol\u00edmero macroporoso espec\u00edfico con una resina de intercambio ani\u00f3nico cati\u00f3nico de radical amonio [-N(CH\u2083 <\/span><\/span><\/span><\/span><sub><span style=\"vertical-align: inherit;\"><span style=\"vertical-align: inherit;\"><span dir=\"auto\" style=\"vertical-align: inherit;\"><span dir=\"auto\" style=\"vertical-align: inherit;\">)<\/span><\/span><\/span><\/span><\/sub><span style=\"vertical-align: inherit;\"><span style=\"vertical-align: inherit;\"><span dir=\"auto\" style=\"vertical-align: inherit;\"><span dir=\"auto\" style=\"vertical-align: inherit;\"> \u2083OH <\/span><\/span><\/span><\/span><sub><span style=\"vertical-align: inherit;\"><span style=\"vertical-align: inherit;\"><span dir=\"auto\" style=\"vertical-align: inherit;\"><span dir=\"auto\" style=\"vertical-align: inherit;\">]<\/span><\/span><\/span><\/span><\/sub><span style=\"vertical-align: inherit;\"><span style=\"vertical-align: inherit;\"><span dir=\"auto\" style=\"vertical-align: inherit;\"><span dir=\"auto\" style=\"vertical-align: inherit;\"> . Presenta una estructura celular espec\u00edfica y una gran superficie, lo que le permite adsorber mol\u00e9culas hep\u00e1ticas de gran tama\u00f1o y presentar una alta resistencia a la contaminaci\u00f3n org\u00e1nica.<\/span><\/span><\/span><\/span><\/p>\n<p align=\"justify\"><strong><span style=\"vertical-align: inherit;\"><span style=\"vertical-align: inherit;\"><span dir=\"auto\" style=\"vertical-align: inherit;\"><span dir=\"auto\" style=\"vertical-align: inherit;\">1: CARACTER\u00cdSTICAS DE LA RESINA<\/span><\/span><\/span><\/span><\/strong><\/p>\n<p align=\"justify\"><span style=\"vertical-align: inherit;\"><span style=\"vertical-align: inherit;\"><span dir=\"auto\" style=\"vertical-align: inherit;\"><span dir=\"auto\" style=\"vertical-align: inherit;\">La resina de intercambio ani\u00f3nico b\u00e1sico fuerte ZG A 398 (tipo Cl) de la marca Zheng Guang tiene las siguientes ventajas:<\/span><\/span><\/span><\/span><\/p>\n<p align=\"justify\"><span style=\"vertical-align: inherit;\"><span style=\"vertical-align: inherit;\"><span dir=\"auto\" style=\"vertical-align: inherit;\"><span dir=\"auto\" style=\"vertical-align: inherit;\">1. Fuerte adsorci\u00f3n de mol\u00e9culas hepatr\u00f3micas. Al adsorber la misma cantidad de mol\u00e9culas hepatr\u00f3micas, se reduce la masa de resina utilizada.<\/span><\/span><\/span><\/span><\/p>\n<p align=\"justify\"><span style=\"vertical-align: inherit;\"><span style=\"vertical-align: inherit;\"><span dir=\"auto\" style=\"vertical-align: inherit;\"><span dir=\"auto\" style=\"vertical-align: inherit;\">2. El pretratamiento antes de usar es muy sencillo y ahorra dinero. Enjuague la resina nueva tres veces con agua limpia y d\u00e9jela en agua limpia a 25-30 \u00b0C durante toda la noche. Al d\u00eda siguiente, enjuague y filtre la resina varias veces. Despu\u00e9s, estar\u00e1 lista para usar.<\/span><\/span><\/span><\/span><\/p>\n<p align=\"justify\"><span style=\"vertical-align: inherit;\"><span style=\"vertical-align: inherit;\"><span dir=\"auto\" style=\"vertical-align: inherit;\"><span dir=\"auto\" style=\"vertical-align: inherit;\">3. La resina tiene una mayor capacidad para combatir la contaminaci\u00f3n org\u00e1nica, lo que hace que el tratamiento posterior al uso sea sencillo y pr\u00e1ctico. La contaminaci\u00f3n superficial se elimina con agua limpia, tras lo cual la resina se macera en una soluci\u00f3n alcalina (8 % NaOH + 20 % NaCl) al doble de su peso (peso de la resina) durante dos horas a 40-50 \u00b0C con agitaci\u00f3n constante. A continuaci\u00f3n, se enjuaga con agua limpia (pH 7) y se filtra. La resina est\u00e1 lista para su uso.<\/span><\/span><\/span><\/span><\/p>\n<p align=\"justify\"><strong><span style=\"vertical-align: inherit;\"><span style=\"vertical-align: inherit;\"><span dir=\"auto\" style=\"vertical-align: inherit;\"><span dir=\"auto\" style=\"vertical-align: inherit;\">2: ALMACENAMIENTO<\/span><\/span><\/span><\/span><\/strong><\/p>\n<p align=\"justify\"><span style=\"vertical-align: inherit;\"><span style=\"vertical-align: inherit;\"><span dir=\"auto\" style=\"vertical-align: inherit;\"><span dir=\"auto\" style=\"vertical-align: inherit;\">La resina debe almacenarse en interiores, alejada de la luz solar directa. No rompa el envase para evitar la p\u00e9rdida de agua. Si la resina ha perdido agua, a\u00f1ada gradualmente una soluci\u00f3n saturada de sal y d\u00e9jela marinar durante varias horas. Luego, dil\u00fayala gradualmente con agua para evitar da\u00f1os.<\/span><\/span><\/span><\/span><\/p>\n<p align=\"justify\"><strong><span style=\"vertical-align: inherit;\"><span style=\"vertical-align: inherit;\"><span dir=\"auto\" style=\"vertical-align: inherit;\"><span dir=\"auto\" style=\"vertical-align: inherit;\">3: TEMPERATURA DE USO Y ALMACENAMIENTO<\/span><\/span><\/span><\/span><\/strong><\/p>\n<p align=\"justify\"><span style=\"vertical-align: inherit;\"><span style=\"vertical-align: inherit;\"><span dir=\"auto\" style=\"vertical-align: inherit;\"><span dir=\"auto\" style=\"vertical-align: inherit;\">La temperatura no debe superar los 60 \u00b0C. Almacenar entre 0 y 25 \u00b0C. Si la temperatura ambiente es inferior a 0 \u00b0C, la resina debe almacenarse en una soluci\u00f3n salina saturada.<\/span><\/span><\/span><\/span><\/p>\n<\/td>\n<\/tr>\n<\/tbody>\n<\/table>\n","protected":false},"excerpt":{"rendered":"<p>ZG A 398 copol\u00edmero macroporoso espec\u00edfico de estireno y DVB con resina de intercambio ani\u00f3nico de radical amonio quark [-N(CH3)3OH] El ZG A 398 de Zheng Guang es un copol\u00edmero macroporoso espec\u00edfico con una resina de intercambio ani\u00f3nico cati\u00f3nico de radical amonio [-N(CH\u2083 ) \u2083OH ] . Presenta una estructura celular espec\u00edfica y una gran&#8230;<\/p>\n","protected":false},"featured_media":1273,"comment_status":"closed","ping_status":"closed","template":"","meta":[],"product_cat":[513,630],"product_tag":[],"class_list":["post-4454","product","type-product","status-publish","has-post-thumbnail","hentry","product_cat-productos","product_cat-resinas-comunes"],"_links":{"self":[{"href":"https:\/\/hydrolite.eu\/es\/wp-json\/wp\/v2\/product\/4454","targetHints":{"allow":["GET"]}}],"collection":[{"href":"https:\/\/hydrolite.eu\/es\/wp-json\/wp\/v2\/product"}],"about":[{"href":"https:\/\/hydrolite.eu\/es\/wp-json\/wp\/v2\/types\/product"}],"replies":[{"embeddable":true,"href":"https:\/\/hydrolite.eu\/es\/wp-json\/wp\/v2\/comments?post=4454"}],"wp:featuredmedia":[{"embeddable":true,"href":"https:\/\/hydrolite.eu\/es\/wp-json\/wp\/v2\/media\/1273"}],"wp:attachment":[{"href":"https:\/\/hydrolite.eu\/es\/wp-json\/wp\/v2\/media?parent=4454"}],"wp:term":[{"taxonomy":"product_cat","embeddable":true,"href":"https:\/\/hydrolite.eu\/es\/wp-json\/wp\/v2\/product_cat?post=4454"},{"taxonomy":"product_tag","embeddable":true,"href":"https:\/\/hydrolite.eu\/es\/wp-json\/wp\/v2\/product_tag?post=4454"}],"curies":[{"name":"wp","href":"https:\/\/api.w.org\/{rel}","templated":true}]}}