{"id":4453,"date":"2025-09-21T13:38:31","date_gmt":"2025-10-26T17:44:09","guid":{"rendered":"https:\/\/hydrolite.eu\/?post_type=product&#038;p=4453"},"modified":"2025-10-26T20:44:09","modified_gmt":"2025-10-26T17:44:09","slug":"la-resina-de-intercambio-zg-107so-tiene-las-ventajas-de-lipofilicidad-e-hidrofobicidad","status":"publish","type":"product","link":"https:\/\/hydrolite.eu\/es\/product\/la-resina-de-intercambio-zg-107so-tiene-las-ventajas-de-lipofilicidad-e-hidrofobicidad\/","title":{"rendered":"La resina de intercambio ZG 107SO tiene las ventajas de lipofilicidad e hidrofobicidad."},"content":{"rendered":"<table border=\"0\" width=\"100%\" cellspacing=\"1\" cellpadding=\"0\" align=\"center\" bgcolor=\"dee8f3\">\n<tbody>\n<tr>\n<td align=\"left\" bgcolor=\"054696\" width=\"70%\" height=\"50\">\n<div class=\"zzzzz1\" align=\"center\"><span style=\"vertical-align: inherit;\"><span style=\"vertical-align: inherit;\"><span dir=\"auto\" style=\"vertical-align: inherit;\"><span dir=\"auto\" style=\"vertical-align: inherit;\">La resina de intercambio ZG 107SO tiene las ventajas de lipofilicidad e hidrofobicidad.<\/span><\/span><\/span><\/span><\/div>\n<\/td>\n<\/tr>\n<tr>\n<td style=\"padding: 20px;\" align=\"left\" bgcolor=\"#FFFFFF\">\n<ol>\n<li><strong><span style=\"vertical-align: inherit;\"><span style=\"vertical-align: inherit;\"><span dir=\"auto\" style=\"vertical-align: inherit;\"><span dir=\"auto\" style=\"vertical-align: inherit;\">Descripci\u00f3n:\u00a0<\/span><\/span><\/span><\/span><\/strong><\/li>\n<\/ol>\n<p><span style=\"vertical-align: inherit;\"><span style=\"vertical-align: inherit;\"><span dir=\"auto\" style=\"vertical-align: inherit;\"><span dir=\"auto\" style=\"vertical-align: inherit;\">La base t\u00e9cnica para la eliminaci\u00f3n de aceite mediante resinas de intercambio radica en aprovechar las propiedades lipof\u00edlicas e hidrof\u00f3bicas de resinas de intercambio especializadas de alta temperatura para separar las mol\u00e9culas de aceite emulsionadas de las solubles en aceite, eliminando simult\u00e1neamente el aceite. La instalaci\u00f3n de un filtro de intercambio en el equipo de eliminaci\u00f3n de aceite permite que la resina recoja las mol\u00e9culas de aceite del agua y las adsorba en la superficie de la resina. Cuando la adsorci\u00f3n de aceite alcanza su l\u00edmite, el aceite recolectado se separa naturalmente en un grupo de aceite, que luego ingresa a la secci\u00f3n de separaci\u00f3n de aceite-agua de la m\u00e1quina. La ZG 107 SO es una resina de intercambio de alta temperatura especializada para la eliminaci\u00f3n de aceite mediante esta tecnolog\u00eda.<\/span><\/span><\/span><\/span><\/p>\n<p><strong style=\"color: #555555; font-family: inherit; font-size: inherit;\"><span style=\"vertical-align: inherit;\"><span style=\"vertical-align: inherit;\"><span dir=\"auto\" style=\"vertical-align: inherit;\"><span dir=\"auto\" style=\"vertical-align: inherit;\">2. Propiedades qu\u00edmicas y f\u00edsicas:<\/span><\/span><\/span><\/span><\/strong><\/p>\n<table style=\"width: 451px;\" border=\"1\" cellspacing=\"0\">\n<tbody>\n<tr>\n<td style=\"width: 193px;\"><span style=\"vertical-align: inherit;\"><span style=\"vertical-align: inherit;\"><span dir=\"auto\" style=\"vertical-align: inherit;\"><span dir=\"auto\" style=\"vertical-align: inherit;\">Tipo de datos<\/span><\/span><\/span><\/span><\/td>\n<td style=\"width: 258px;\">\n<p align=\"center\"><span style=\"vertical-align: inherit;\"><span style=\"vertical-align: inherit;\"><span dir=\"auto\" style=\"vertical-align: inherit;\"><span dir=\"auto\" style=\"vertical-align: inherit;\">ZG107SO<\/span><\/span><\/span><\/span><\/p>\n<\/td>\n<\/tr>\n<tr>\n<td style=\"width: 193px;\"><span style=\"vertical-align: inherit;\"><span style=\"vertical-align: inherit;\"><span dir=\"auto\" style=\"vertical-align: inherit;\"><span dir=\"auto\" style=\"vertical-align: inherit;\">Humedad %<\/span><\/span><\/span><\/span><\/td>\n<td style=\"width: 258px;\">\n<p align=\"center\"><span style=\"vertical-align: inherit;\"><span style=\"vertical-align: inherit;\"><span dir=\"auto\" style=\"vertical-align: inherit;\"><span dir=\"auto\" style=\"vertical-align: inherit;\">40~55<\/span><\/span><\/span><\/span><\/p>\n<\/td>\n<\/tr>\n<tr>\n<td style=\"width: 193px;\"><span style=\"vertical-align: inherit;\"><span style=\"vertical-align: inherit;\"><span dir=\"auto\" style=\"vertical-align: inherit;\"><span dir=\"auto\" style=\"vertical-align: inherit;\">Peso de env\u00edo g\/ml<\/span><\/span><\/span><\/span><\/td>\n<td style=\"width: 258px;\">\n<p align=\"center\"><span style=\"vertical-align: inherit;\"><span style=\"vertical-align: inherit;\"><span dir=\"auto\" style=\"vertical-align: inherit;\"><span dir=\"auto\" style=\"vertical-align: inherit;\">0,78~0,90<\/span><\/span><\/span><\/span><\/p>\n<\/td>\n<\/tr>\n<tr>\n<td style=\"width: 193px;\"><span style=\"vertical-align: inherit;\"><span style=\"vertical-align: inherit;\"><span dir=\"auto\" style=\"vertical-align: inherit;\"><span dir=\"auto\" style=\"vertical-align: inherit;\">Densidad real g\/ml<\/span><\/span><\/span><\/span><\/td>\n<td style=\"width: 258px;\">\n<p align=\"center\"><span style=\"vertical-align: inherit;\"><span style=\"vertical-align: inherit;\"><span dir=\"auto\" style=\"vertical-align: inherit;\"><span dir=\"auto\" style=\"vertical-align: inherit;\">1,23~1,33<\/span><\/span><\/span><\/span><\/p>\n<\/td>\n<\/tr>\n<tr>\n<td style=\"width: 193px;\"><span style=\"vertical-align: inherit;\"><span style=\"vertical-align: inherit;\"><span dir=\"auto\" style=\"vertical-align: inherit;\"><span dir=\"auto\" style=\"vertical-align: inherit;\">Tama\u00f1o de part\u00edcula mm<\/span><\/span><\/span><\/span><\/td>\n<td style=\"width: 258px;\">\n<p align=\"center\"><span style=\"vertical-align: inherit;\"><span style=\"vertical-align: inherit;\"><span dir=\"auto\" style=\"vertical-align: inherit;\"><span dir=\"auto\" style=\"vertical-align: inherit;\">0,450~1,25<\/span><\/span><\/span><\/span><\/p>\n<\/td>\n<\/tr>\n<\/tbody>\n<\/table>\n<p>&nbsp;<\/td>\n<\/tr>\n<\/tbody>\n<\/table>\n","protected":false},"excerpt":{"rendered":"<p>La resina de intercambio ZG 107SO tiene las ventajas de lipofilicidad e hidrofobicidad. Descripci\u00f3n:\u00a0 La base t\u00e9cnica para la eliminaci\u00f3n de aceite mediante resinas de intercambio radica en aprovechar las propiedades lipof\u00edlicas e hidrof\u00f3bicas de resinas de intercambio especializadas de alta temperatura para separar las mol\u00e9culas de aceite emulsionadas de las solubles en aceite, eliminando&#8230;<\/p>\n","protected":false},"featured_media":1273,"comment_status":"closed","ping_status":"closed","template":"","meta":[],"product_cat":[513,630],"product_tag":[],"class_list":["post-4453","product","type-product","status-publish","has-post-thumbnail","hentry","product_cat-productos","product_cat-resinas-comunes"],"_links":{"self":[{"href":"https:\/\/hydrolite.eu\/es\/wp-json\/wp\/v2\/product\/4453","targetHints":{"allow":["GET"]}}],"collection":[{"href":"https:\/\/hydrolite.eu\/es\/wp-json\/wp\/v2\/product"}],"about":[{"href":"https:\/\/hydrolite.eu\/es\/wp-json\/wp\/v2\/types\/product"}],"replies":[{"embeddable":true,"href":"https:\/\/hydrolite.eu\/es\/wp-json\/wp\/v2\/comments?post=4453"}],"wp:featuredmedia":[{"embeddable":true,"href":"https:\/\/hydrolite.eu\/es\/wp-json\/wp\/v2\/media\/1273"}],"wp:attachment":[{"href":"https:\/\/hydrolite.eu\/es\/wp-json\/wp\/v2\/media?parent=4453"}],"wp:term":[{"taxonomy":"product_cat","embeddable":true,"href":"https:\/\/hydrolite.eu\/es\/wp-json\/wp\/v2\/product_cat?post=4453"},{"taxonomy":"product_tag","embeddable":true,"href":"https:\/\/hydrolite.eu\/es\/wp-json\/wp\/v2\/product_tag?post=4453"}],"curies":[{"name":"wp","href":"https:\/\/api.w.org\/{rel}","templated":true}]}}