{"id":2522,"date":"2025-09-21T13:40:00","date_gmt":"2025-09-29T16:36:55","guid":{"rendered":"https:\/\/hydrolite.eu\/?post_type=product&#038;p=2522"},"modified":"2025-09-29T19:38:15","modified_gmt":"2025-09-29T16:38:15","slug":"resina-de-intercambio-anionico-debilmente-basica-macroporosa-zdg630","status":"publish","type":"product","link":"https:\/\/hydrolite.eu\/es\/product\/resina-de-intercambio-anionico-debilmente-basica-macroporosa-zdg630\/","title":{"rendered":"Resina de intercambio ani\u00f3nico d\u00e9bilmente b\u00e1sica macroporosa ZDG630"},"content":{"rendered":"<table border=\"0\" width=\"100%\" cellspacing=\"1\" cellpadding=\"0\" align=\"center\" bgcolor=\"dee8f3\">\n<tbody>\n<tr>\n<td align=\"left\" bgcolor=\"054696\" width=\"70%\" height=\"50\">\n<div class=\"zzzzz1\" align=\"center\"><span style=\"vertical-align: inherit;\"><span style=\"vertical-align: inherit;\"><span dir=\"auto\" style=\"vertical-align: inherit;\"><span dir=\"auto\" style=\"vertical-align: inherit;\">Resina de intercambio ani\u00f3nico d\u00e9bilmente b\u00e1sica macroporosa ZDG630<\/span><\/span><\/span><\/span><\/div>\n<\/td>\n<\/tr>\n<tr>\n<td style=\"padding: 20px;\" align=\"left\" bgcolor=\"#FFFFFF\"><strong><span style=\"vertical-align: inherit;\"><span style=\"vertical-align: inherit;\"><span dir=\"auto\" style=\"vertical-align: inherit;\"><span dir=\"auto\" style=\"vertical-align: inherit;\">1. Descripci\u00f3n:<\/span><\/span><\/span><\/span><\/strong><\/p>\n<p><span style=\"vertical-align: inherit;\"><span style=\"vertical-align: inherit;\"><span dir=\"auto\" style=\"vertical-align: inherit;\"><span dir=\"auto\" style=\"vertical-align: inherit;\">La \u00abHydrolite\u00bb <\/span><\/span><\/span><\/span><strong><span style=\"vertical-align: inherit;\"><span style=\"vertical-align: inherit;\"><span dir=\"auto\" style=\"vertical-align: inherit;\"><span dir=\"auto\" style=\"vertical-align: inherit;\">D630<\/span><\/span><\/span><\/span><\/strong><span style=\"vertical-align: inherit;\"><span style=\"vertical-align: inherit;\"><span dir=\"auto\" style=\"vertical-align: inherit;\"><span dir=\"auto\" style=\"vertical-align: inherit;\"> es un tipo de resina de intercambio ani\u00f3nico con un grupo acr\u00edlico d\u00e9bilmente b\u00e1sico y una estructura macroporosa. Presenta una capacidad de intercambio normal. Su principal aplicaci\u00f3n es la eliminaci\u00f3n de iones fuertemente \u00e1cidos, como SO\u2082\u2084 <\/span><\/span><\/span><\/span><sub><span style=\"vertical-align: inherit;\"><span style=\"vertical-align: inherit;\"><span dir=\"auto\" style=\"vertical-align: inherit;\"><span dir=\"auto\" style=\"vertical-align: inherit;\">y <\/span><\/span><\/span><\/span><\/sub><sup><span style=\"vertical-align: inherit;\"><span style=\"vertical-align: inherit;\"><span dir=\"auto\" style=\"vertical-align: inherit;\"><span dir=\"auto\" style=\"vertical-align: inherit;\">Cl\u2082<\/span><\/span><\/span><\/span><\/sup><span style=\"vertical-align: inherit;\"><span style=\"vertical-align: inherit;\"><span dir=\"auto\" style=\"vertical-align: inherit;\"><span dir=\"auto\" style=\"vertical-align: inherit;\"> , <\/span><\/span><\/span><\/span><sup><span style=\"vertical-align: inherit;\"><span style=\"vertical-align: inherit;\"><span dir=\"auto\" style=\"vertical-align: inherit;\"><span dir=\"auto\" style=\"vertical-align: inherit;\">para<\/span><\/span><\/span><\/span><\/sup><span style=\"vertical-align: inherit;\"><span style=\"vertical-align: inherit;\"><span dir=\"auto\" style=\"vertical-align: inherit;\"><span dir=\"auto\" style=\"vertical-align: inherit;\"> la neutralizaci\u00f3n din\u00e1mica. Se puede utilizar amon\u00edaco, carbonato de sodio o hidr\u00f3xido de sodio para la regeneraci\u00f3n. Tambi\u00e9n se puede utilizar para extraer uranio de aguas residuales mineras, eliminar plomo de electrolitos de n\u00edquel o cobalto, y es especialmente adecuada para la extracci\u00f3n de tungsteno y molibdeno en hidrometalurgia.<\/span><\/span><\/span><\/span><\/p>\n<p><strong><span style=\"vertical-align: inherit;\"><span style=\"vertical-align: inherit;\"><span dir=\"auto\" style=\"vertical-align: inherit;\"><span dir=\"auto\" style=\"vertical-align: inherit;\">2. Propiedades f\u00edsicas y qu\u00edmicas t\u00edpicas:<\/span><\/span><\/span><\/span><\/strong><\/p>\n<table style=\"width: 559px;\" border=\"1\" cellspacing=\"0\" align=\"center\">\n<tbody>\n<tr>\n<td style=\"width: 346px;\" colspan=\"2\">\n<p align=\"center\"><strong><span dir=\"auto\" style=\"vertical-align: inherit;\"><span dir=\"auto\" style=\"vertical-align: inherit;\">Par\u00e1metros<\/span><\/span><\/strong><\/p>\n<\/td>\n<td style=\"width: 213px;\">\n<p align=\"center\"><strong><span style=\"vertical-align: inherit;\"><span style=\"vertical-align: inherit;\"><span dir=\"auto\" style=\"vertical-align: inherit;\"><span dir=\"auto\" style=\"vertical-align: inherit;\">\u00cdndice<\/span><\/span><\/span><\/span><\/strong><\/p>\n<\/td>\n<\/tr>\n<tr>\n<td style=\"width: 346px;\" colspan=\"2\">\n<p align=\"center\"><span style=\"vertical-align: inherit;\"><span style=\"vertical-align: inherit;\"><span dir=\"auto\" style=\"vertical-align: inherit;\"><span dir=\"auto\" style=\"vertical-align: inherit;\">Apariencia<\/span><\/span><\/span><\/span><\/p>\n<\/td>\n<td style=\"width: 213px;\">\n<p align=\"center\"><span style=\"vertical-align: inherit;\"><span style=\"vertical-align: inherit;\"><span dir=\"auto\" style=\"vertical-align: inherit;\"><span dir=\"auto\" style=\"vertical-align: inherit;\">Gr\u00e1nulos opacos de color blanco lechoso<\/span><\/span><\/span><\/span><\/p>\n<\/td>\n<\/tr>\n<tr>\n<td style=\"width: 346px;\" colspan=\"2\">\n<p align=\"center\"><span style=\"vertical-align: inherit;\"><span style=\"vertical-align: inherit;\"><span dir=\"auto\" style=\"vertical-align: inherit;\"><span dir=\"auto\" style=\"vertical-align: inherit;\">Forma i\u00f3nica<\/span><\/span><\/span><\/span><\/p>\n<\/td>\n<td style=\"width: 213px;\">\n<p align=\"center\"><span style=\"vertical-align: inherit;\"><span style=\"vertical-align: inherit;\"><span dir=\"auto\" style=\"vertical-align: inherit;\"><span dir=\"auto\" style=\"vertical-align: inherit;\">Amina libre<\/span><\/span><\/span><\/span><\/p>\n<\/td>\n<\/tr>\n<tr>\n<td style=\"width: 346px;\" colspan=\"2\"><span style=\"vertical-align: inherit;\"><span style=\"vertical-align: inherit;\"><span dir=\"auto\" style=\"vertical-align: inherit;\"><span dir=\"auto\" style=\"vertical-align: inherit;\">Humedad %<\/span><\/span><\/span><\/span><\/td>\n<td style=\"width: 213px;\">\n<p align=\"center\"><span style=\"vertical-align: inherit;\"><span style=\"vertical-align: inherit;\"><span dir=\"auto\" style=\"vertical-align: inherit;\"><span dir=\"auto\" style=\"vertical-align: inherit;\">55.00-65.00<\/span><\/span><\/span><\/span><\/p>\n<\/td>\n<\/tr>\n<tr>\n<td style=\"width: 346px;\" colspan=\"2\"><span style=\"vertical-align: inherit;\"><span style=\"vertical-align: inherit;\"><span dir=\"auto\" style=\"vertical-align: inherit;\"><span dir=\"auto\" style=\"vertical-align: inherit;\">Capacidad de intercambio total mmol\/ml \u2265<\/span><\/span><\/span><\/span><\/td>\n<td style=\"width: 213px;\">\n<p align=\"center\"><span style=\"vertical-align: inherit;\"><span style=\"vertical-align: inherit;\"><span dir=\"auto\" style=\"vertical-align: inherit;\"><span dir=\"auto\" style=\"vertical-align: inherit;\">2.0<\/span><\/span><\/span><\/span><\/p>\n<\/td>\n<\/tr>\n<tr>\n<td style=\"width: 346px;\" colspan=\"2\"><span style=\"vertical-align: inherit;\"><span style=\"vertical-align: inherit;\"><span dir=\"auto\" style=\"vertical-align: inherit;\"><span dir=\"auto\" style=\"vertical-align: inherit;\">Densidad aparente g\/ml<\/span><\/span><\/span><\/span><\/td>\n<td style=\"width: 213px;\">\n<p align=\"center\"><span style=\"vertical-align: inherit;\"><span style=\"vertical-align: inherit;\"><span dir=\"auto\" style=\"vertical-align: inherit;\"><span dir=\"auto\" style=\"vertical-align: inherit;\">0,66-0,74<\/span><\/span><\/span><\/span><\/p>\n<\/td>\n<\/tr>\n<tr>\n<td style=\"width: 346px;\" colspan=\"2\"><span style=\"vertical-align: inherit;\"><span style=\"vertical-align: inherit;\"><span dir=\"auto\" style=\"vertical-align: inherit;\"><span dir=\"auto\" style=\"vertical-align: inherit;\">Densidad real (h\u00fameda) g\/ml<\/span><\/span><\/span><\/span><\/td>\n<td style=\"width: 213px;\">\n<p align=\"center\"><span style=\"vertical-align: inherit;\"><span style=\"vertical-align: inherit;\"><span dir=\"auto\" style=\"vertical-align: inherit;\"><span dir=\"auto\" style=\"vertical-align: inherit;\">1.060 \uff5e 1.120<\/span><\/span><\/span><\/span><\/p>\n<\/td>\n<\/tr>\n<tr>\n<td style=\"width: 77px;\" rowspan=\"2\">\n<p align=\"center\"><span style=\"vertical-align: inherit;\"><span style=\"vertical-align: inherit;\"><span dir=\"auto\" style=\"vertical-align: inherit;\"><span dir=\"auto\" style=\"vertical-align: inherit;\">Tama\u00f1o de part\u00edcula<\/span><\/span><\/span><\/span><\/p>\n<\/td>\n<td style=\"width: 269px;\"><span style=\"vertical-align: inherit;\"><span style=\"vertical-align: inherit;\"><span dir=\"auto\" style=\"vertical-align: inherit;\"><span dir=\"auto\" style=\"vertical-align: inherit;\">Rango de tama\u00f1o de part\u00edcula %<\/span><\/span><\/span><\/span><\/td>\n<td style=\"width: 213px;\">\n<p align=\"center\"><span style=\"vertical-align: inherit;\"><span style=\"vertical-align: inherit;\"><span dir=\"auto\" style=\"vertical-align: inherit;\"><span dir=\"auto\" style=\"vertical-align: inherit;\">(0,315\uff5e1,250 mm) \u2265 95,0<\/span><\/span><\/span><\/span><\/p>\n<\/td>\n<\/tr>\n<tr>\n<td style=\"width: 269px;\"><span style=\"vertical-align: inherit;\"><span style=\"vertical-align: inherit;\"><span dir=\"auto\" style=\"vertical-align: inherit;\"><span dir=\"auto\" style=\"vertical-align: inherit;\">L\u00edmite inferior del tama\u00f1o de part\u00edcula % \u2264<\/span><\/span><\/span><\/span><\/td>\n<td style=\"width: 213px;\">\n<p align=\"center\"><span style=\"vertical-align: inherit;\"><span style=\"vertical-align: inherit;\"><span dir=\"auto\" style=\"vertical-align: inherit;\"><span dir=\"auto\" style=\"vertical-align: inherit;\">(\uff1c0,315 mm\uff09 \u22641,0<\/span><\/span><\/span><\/span><\/p>\n<\/td>\n<\/tr>\n<tr>\n<td style=\"width: 346px;\" colspan=\"2\"><span style=\"vertical-align: inherit;\"><span style=\"vertical-align: inherit;\"><span dir=\"auto\" style=\"vertical-align: inherit;\"><span dir=\"auto\" style=\"vertical-align: inherit;\">Coeficiente efectivo mm \u2265<\/span><\/span><\/span><\/span><\/td>\n<td style=\"width: 213px;\">\n<p align=\"center\"><span style=\"vertical-align: inherit;\"><span style=\"vertical-align: inherit;\"><span dir=\"auto\" style=\"vertical-align: inherit;\"><span dir=\"auto\" style=\"vertical-align: inherit;\">0.4<\/span><\/span><\/span><\/span><\/p>\n<\/td>\n<\/tr>\n<tr>\n<td style=\"width: 346px;\" colspan=\"2\"><span style=\"vertical-align: inherit;\"><span style=\"vertical-align: inherit;\"><span dir=\"auto\" style=\"vertical-align: inherit;\"><span dir=\"auto\" style=\"vertical-align: inherit;\">Coeficiente de uniformidad \u2264<\/span><\/span><\/span><\/span><\/td>\n<td style=\"width: 213px;\">\n<p align=\"center\"><span style=\"vertical-align: inherit;\"><span style=\"vertical-align: inherit;\"><span dir=\"auto\" style=\"vertical-align: inherit;\"><span dir=\"auto\" style=\"vertical-align: inherit;\">1.60<\/span><\/span><\/span><\/span><\/p>\n<\/td>\n<\/tr>\n<tr>\n<td style=\"width: 346px;\" colspan=\"2\"><span style=\"vertical-align: inherit;\"><span style=\"vertical-align: inherit;\"><span dir=\"auto\" style=\"vertical-align: inherit;\"><span dir=\"auto\" style=\"vertical-align: inherit;\">Resistencia a la abrasi\u00f3n % \u2265<\/span><\/span><\/span><\/span><\/td>\n<td style=\"width: 213px;\">\n<p align=\"center\"><span style=\"vertical-align: inherit;\"><span style=\"vertical-align: inherit;\"><span dir=\"auto\" style=\"vertical-align: inherit;\"><span dir=\"auto\" style=\"vertical-align: inherit;\">95.00<\/span><\/span><\/span><\/span><\/p>\n<\/td>\n<\/tr>\n<\/tbody>\n<\/table>\n<div style=\"clear: both;\"><\/div>\n<\/td>\n<\/tr>\n<\/tbody>\n<\/table>\n","protected":false},"excerpt":{"rendered":"<p>Resina de intercambio ani\u00f3nico d\u00e9bilmente b\u00e1sica macroporosa ZDG630 1. Descripci\u00f3n: La \u00abHydrolite\u00bb D630 es un tipo de resina de intercambio ani\u00f3nico con un grupo acr\u00edlico d\u00e9bilmente b\u00e1sico y una estructura macroporosa. Presenta una capacidad de intercambio normal. Su principal aplicaci\u00f3n es la eliminaci\u00f3n de iones fuertemente \u00e1cidos, como SO\u2082\u2084 y Cl\u2082 , para la neutralizaci\u00f3n&#8230;<\/p>\n","protected":false},"featured_media":1273,"comment_status":"closed","ping_status":"closed","template":"","meta":[],"product_cat":[604,513],"product_tag":[],"class_list":["post-2522","product","type-product","status-publish","has-post-thumbnail","hentry","product_cat-adsorbentes-macroporosos-es","product_cat-productos"],"_links":{"self":[{"href":"https:\/\/hydrolite.eu\/es\/wp-json\/wp\/v2\/product\/2522","targetHints":{"allow":["GET"]}}],"collection":[{"href":"https:\/\/hydrolite.eu\/es\/wp-json\/wp\/v2\/product"}],"about":[{"href":"https:\/\/hydrolite.eu\/es\/wp-json\/wp\/v2\/types\/product"}],"replies":[{"embeddable":true,"href":"https:\/\/hydrolite.eu\/es\/wp-json\/wp\/v2\/comments?post=2522"}],"wp:featuredmedia":[{"embeddable":true,"href":"https:\/\/hydrolite.eu\/es\/wp-json\/wp\/v2\/media\/1273"}],"wp:attachment":[{"href":"https:\/\/hydrolite.eu\/es\/wp-json\/wp\/v2\/media?parent=2522"}],"wp:term":[{"taxonomy":"product_cat","embeddable":true,"href":"https:\/\/hydrolite.eu\/es\/wp-json\/wp\/v2\/product_cat?post=2522"},{"taxonomy":"product_tag","embeddable":true,"href":"https:\/\/hydrolite.eu\/es\/wp-json\/wp\/v2\/product_tag?post=2522"}],"curies":[{"name":"wp","href":"https:\/\/api.w.org\/{rel}","templated":true}]}}