{"id":582,"date":"2022-02-22T02:12:05","date_gmt":"2022-02-21T23:12:05","guid":{"rendered":"https:\/\/hydrolite.eu\/about-us\/"},"modified":"2023-07-11T22:08:29","modified_gmt":"2023-07-11T19:08:29","slug":"compania","status":"publish","type":"page","link":"https:\/\/hydrolite.eu\/es\/compania\/","title":{"rendered":"Compa\u00f1\u00eda"},"content":{"rendered":"\t<div id=\"gap-1594233760\" class=\"gap-element clearfix\" style=\"display:block; height:auto;\">\n\t\t\n<style>\n#gap-1594233760 {\n  padding-top: 30px;\n}\n<\/style>\n\t<\/div>\n\t\n<div class=\"row row-large row-full-width\"  id=\"row-2145568725\">\n\n\t<div id=\"col-1625960542\" class=\"col medium-8 small-12 large-8\"  >\n\t\t<div class=\"col-inner\"  >\n\t\t\t\n\t\t\t\n<h2 class=\"uppercase\">Sobre nosotros<\/h2>\n<h3>Este sitio es el sitio de un distribuidor europeo, EuroEcoTech Company (Alemania).<\/h3>\n<p>Resinas de intercambio i\u00f3nico TM NIDROLIGHT &#8211; Producto innovador y moderno.<\/p>\n<p>Nuestro fabricante Ningbo Zhengguang Resin Co.,Ltd. es una base de producci\u00f3n de propiedad absoluta de Zhejiang Zhengguang Industrial Co., Ltd. \u00abZhengguang\u00bb es una de las empresas chinas de fabricaci\u00f3n y aplicaci\u00f3n de resinas de intercambio i\u00f3nico m\u00e1s influyentes. Fue encontrado en octubre de 1969 y tiene m\u00e1s de 43 a\u00f1os de experiencia en investigaci\u00f3n, desarrollo y fabricaci\u00f3n de resinas de intercambio i\u00f3nico. Zhengguang tambi\u00e9n es vicepresidente del Comit\u00e9 de Resinas de Intercambio I\u00f3nico de China y miembro de WQA.<\/p>\n<p>Ningbo Zhengguang Resin CO.,Ltd se encuentra en la ZONA DE DESARROLLO ECON\u00d3MICO PETROQU\u00cdMICO DE NINGBO. El \u00e1rea de planificaci\u00f3n total de la Zona es de 56,22 kil\u00f3metros cuadrados y fue aprobada formalmente por el Consejo de Estado de China como zona de desarrollo nacional el 30 de diciembre de 2011. La ZONA DE DESARROLLO ECON\u00d3MICO PETROQU\u00cdMICO DE NINGBO tiene el muelle de productos qu\u00edmicos l\u00edquidos m\u00e1s grande del pa\u00eds, las empresas de refinaci\u00f3n petroqu\u00edmica m\u00e1s grandes del pa\u00eds Zhenhai Refinaci\u00f3n y muchas empresas qu\u00edmicas. Estas compa\u00f1\u00edas qu\u00edmicas brindan un enfoque conveniente para comprar materia prima y, al mismo tiempo, el puerto cercano de BEILUN tambi\u00e9n brinda condiciones convenientes para la importaci\u00f3n y exportaci\u00f3n de materia prima y productos.<\/p>\n<p>Ningbo Zhengguang Resin Co., Ltd comienza la ceremonia de inauguraci\u00f3n en noviembre de 2007 y comienza la producci\u00f3n de prueba en septiembre de 2010. A finales de 2011, Ningbo Zhengguang Resin Co., Ltd volvi\u00f3 a la producci\u00f3n normal y obtuvo la licencia de producci\u00f3n segura, pas\u00f3 la aceptaci\u00f3n de la inspecci\u00f3n de las instalaciones de protecci\u00f3n del medio ambiente.<\/p>\n\t\t<\/div>\n\t\t\t<\/div>\n\n\t\n\n\t<div id=\"col-533243609\" class=\"col medium-4 small-12 large-4 small-col-first\"  >\n\t\t<div class=\"col-inner\"  >\n\t\t\t\n\t\t\t\n\t<div class=\"img has-hover x md-x lg-x y md-y lg-y\" id=\"image_2106210671\">\n\t\t\t\t\t\t\t\t<div class=\"img-inner dark\" >\n\t\t\t<img loading=\"lazy\" decoding=\"async\" width=\"1254\" height=\"841\" src=\"https:\/\/hydrolite.eu\/wp-content\/uploads\/2022\/05\/outside-of-workshop.jpg\" class=\"attachment-original size-original\" alt=\"hydrolite\" srcset=\"https:\/\/hydrolite.eu\/wp-content\/uploads\/2022\/05\/outside-of-workshop.jpg 1254w, https:\/\/hydrolite.eu\/wp-content\/uploads\/2022\/05\/outside-of-workshop-300x201.jpg 300w, https:\/\/hydrolite.eu\/wp-content\/uploads\/2022\/05\/outside-of-workshop-1024x687.jpg 1024w, https:\/\/hydrolite.eu\/wp-content\/uploads\/2022\/05\/outside-of-workshop-200x134.jpg 200w, https:\/\/hydrolite.eu\/wp-content\/uploads\/2022\/05\/outside-of-workshop-400x268.jpg 400w\" sizes=\"auto, (max-width: 1254px) 100vw, 1254px\" \/>\t\t\t\t\t\t\n\t\t\t\t\t<\/div>\n\t\t\t\t\t\t\t\t\n<style>\n#image_2106210671 {\n  width: 100%;\n}\n<\/style>\n\t<\/div>\n\t\n\t<div class=\"img has-hover x md-x lg-x y md-y lg-y\" id=\"image_20940890\">\n\t\t\t\t\t\t\t\t<div class=\"img-inner dark\" >\n\t\t\t<img loading=\"lazy\" decoding=\"async\" width=\"1502\" height=\"973\" src=\"https:\/\/hydrolite.eu\/wp-content\/uploads\/2022\/05\/material-farm.jpg\" class=\"attachment-original size-original\" alt=\"Company\" srcset=\"https:\/\/hydrolite.eu\/wp-content\/uploads\/2022\/05\/material-farm.jpg 1502w, https:\/\/hydrolite.eu\/wp-content\/uploads\/2022\/05\/material-farm-300x194.jpg 300w, https:\/\/hydrolite.eu\/wp-content\/uploads\/2022\/05\/material-farm-1024x663.jpg 1024w, https:\/\/hydrolite.eu\/wp-content\/uploads\/2022\/05\/material-farm-200x130.jpg 200w, https:\/\/hydrolite.eu\/wp-content\/uploads\/2022\/05\/material-farm-400x259.jpg 400w\" sizes=\"auto, (max-width: 1502px) 100vw, 1502px\" \/>\t\t\t\t\t\t\n\t\t\t\t\t<\/div>\n\t\t\t\t\t\t\t\t\n<style>\n#image_20940890 {\n  width: 100%;\n}\n<\/style>\n\t<\/div>\n\t\n\t\t<\/div>\n\t\t\t<\/div>\n\n\t\n<\/div>\n<div class=\"row row-large row-full-width\"  id=\"row-1813034942\">\n\n\t<div id=\"col-168829506\" class=\"col medium-4 small-12 large-4\"  >\n\t\t<div class=\"col-inner\"  >\n\t\t\t\n\t\t\t\n\t<div class=\"img has-hover x md-x lg-x y md-y lg-y\" id=\"image_1433787086\">\n\t\t\t\t\t\t\t\t<div class=\"img-inner dark\" >\n\t\t\t<img loading=\"lazy\" decoding=\"async\" width=\"1020\" height=\"639\" src=\"https:\/\/hydrolite.eu\/wp-content\/uploads\/2022\/05\/workshop-1-1024x642.jpg\" class=\"attachment-large size-large\" alt=\"hydrolite\" srcset=\"https:\/\/hydrolite.eu\/wp-content\/uploads\/2022\/05\/workshop-1-1024x642.jpg 1024w, https:\/\/hydrolite.eu\/wp-content\/uploads\/2022\/05\/workshop-1-300x188.jpg 300w, https:\/\/hydrolite.eu\/wp-content\/uploads\/2022\/05\/workshop-1-200x125.jpg 200w, https:\/\/hydrolite.eu\/wp-content\/uploads\/2022\/05\/workshop-1-400x251.jpg 400w, https:\/\/hydrolite.eu\/wp-content\/uploads\/2022\/05\/workshop-1.jpg 1502w\" sizes=\"auto, (max-width: 1020px) 100vw, 1020px\" \/>\t\t\t\t\t\t\n\t\t\t\t\t<\/div>\n\t\t\t\t\t\t\t\t\n<style>\n#image_1433787086 {\n  width: 100%;\n}\n<\/style>\n\t<\/div>\n\t\n\t<div class=\"img has-hover x md-x lg-x y md-y lg-y\" id=\"image_375325210\">\n\t\t\t\t\t\t\t\t<div class=\"img-inner dark\" >\n\t\t\t<img loading=\"lazy\" decoding=\"async\" width=\"1020\" height=\"680\" src=\"https:\/\/hydrolite.eu\/wp-content\/uploads\/2022\/05\/part-of-qc-1024x683.jpg\" class=\"attachment-large size-large\" alt=\"hydrolite\" srcset=\"https:\/\/hydrolite.eu\/wp-content\/uploads\/2022\/05\/part-of-qc-1024x683.jpg 1024w, https:\/\/hydrolite.eu\/wp-content\/uploads\/2022\/05\/part-of-qc-300x200.jpg 300w, https:\/\/hydrolite.eu\/wp-content\/uploads\/2022\/05\/part-of-qc-200x133.jpg 200w, https:\/\/hydrolite.eu\/wp-content\/uploads\/2022\/05\/part-of-qc-400x267.jpg 400w, https:\/\/hydrolite.eu\/wp-content\/uploads\/2022\/05\/part-of-qc.jpg 1180w\" sizes=\"auto, (max-width: 1020px) 100vw, 1020px\" \/>\t\t\t\t\t\t\n\t\t\t\t\t<\/div>\n\t\t\t\t\t\t\t\t\n<style>\n#image_375325210 {\n  width: 100%;\n}\n<\/style>\n\t<\/div>\n\t\n\t\t<\/div>\n\t\t\t<\/div>\n\n\t\n\n\t<div id=\"col-270015090\" class=\"col medium-8 small-12 large-8\"  >\n\t\t<div class=\"col-inner\"  >\n\t\t\t\n\t\t\t\n<p>\u00abZhengguang\u00bb se especializa en la producci\u00f3n de resinas de intercambio i\u00f3nico, medios de separaci\u00f3n bioqu\u00edmica y adsorbentes macroporosos. La resina de intercambio i\u00f3nico tiene cuatro series principales de productos, como la serie de estireno, la serie de \u00e1cido acr\u00edlico, la serie de aldeh\u00eddo de fenol y la serie de anillo de ox\u00edgeno. El medio de separaci\u00f3n bioqu\u00edmica incluye medios de cromatograf\u00eda de intercambio i\u00f3nico, medios de cromatograf\u00eda de interacci\u00f3n hidrof\u00f3bica, medios de cromatograf\u00eda de afinidad, medios de cromatograf\u00eda en gel e intermedios activados, cinco tipos de casi cien variedades. Los adsorbentes macroporosos incluyen adsorbentes no polares, moderadamente polares y polares, tres tipos de casi docenas de variedades. Las marcas registradas son \u201cZhengguang\u201d y \u201cHydorlite\u201d.<\/p>\n<p>\u00abZhengguang\u00bb disfruta de una gran reputaci\u00f3n entre los clientes y la misma industria por su excelente calidad de producto, tecnolog\u00eda l\u00edder y servicios t\u00e9cnicos sinceros. \u00abZhengguang\u00bb tiene una serie de productos que son la iniciativa nacional china, y obtuvo el \u00abCertificado de nuevo producto clave de la naci\u00f3n\u00bb, \u00abCertificado del Fondo de innovaci\u00f3n tecnol\u00f3gica\u00bb, \u00abPlan nacional de la antorcha\u00bb, \u00abPremio de ciencia y tecnolog\u00eda de energ\u00eda el\u00e9ctrica de China\u00bb, \u00bb Patentes de modelo de utilidad\u201d, \u201cPatente de invenci\u00f3n\u201d, etc. \u00a0\u00a0\u00a0La resina de intercambio i\u00f3nico de la marca \u201cZhengguang\u201d gan\u00f3 la designaci\u00f3n de \u201cProducto famoso de la provincia de Zhejiang\u201d muchas veces y la marca \u201cZhengguang\u201d gan\u00f3 la designaci\u00f3n de \u201cMarca famosa de la provincia de Zhejiang\u201d. Por estos premios, Zhengguang gan\u00f3 la designaci\u00f3n de \u00abapoyo de la empresa nacional clave de alta tecnolog\u00eda\u00bb, \u00abEmpresa de alta tecnolog\u00eda de la provincia de Zhejiang y \u00abCentro de tecnolog\u00eda empresarial de la provincia de Zhejiang\u00bb.<\/p>\n<p>Las resinas de intercambio i\u00f3nico de la marca \u00abZhengguang\u00bb y la marca \u00abHydrolite\u00bb ahora se venden a todas las provincias y regiones en energ\u00eda el\u00e9ctrica, electr\u00f3nica, energ\u00eda nuclear, productos qu\u00edmicos, industria ligera, productos farmac\u00e9uticos, industria alimentaria, bebidas, metalurgia y uso ambiental en China. Tambi\u00e9n se vende a pa\u00edses de Am\u00e9rica, Europa, \u00c1frica y el Sudeste Asi\u00e1tico. Las resinas de la marca \u00abZhengguang\u00bb juegan un papel importante con su excelente rendimiento en el tratamiento de condensaci\u00f3n y agua de alimentaci\u00f3n de calderas, tratamiento de agua del circuito primario y circuito secundario de la planta de energ\u00eda nuclear, agua industrial y agua ultrapura de grado electr\u00f3nico, alimentos y medicina y \u00e1reas bioqu\u00edmicas. , tiene una gran cantidad de uso de rendimiento en todo el mundo.<\/p>\n\t\t<\/div>\n\t\t\t<\/div>\n\n\t\n<\/div>\n<div class=\"row row-large row-full-width\"  id=\"row-2088975400\">\n\n\t<div id=\"col-1012312601\" class=\"col medium-4 small-12 large-4\"  >\n\t\t<div class=\"col-inner\"  >\n\t\t\t\n\t\t\t\n<div role=\"form\" class=\"wpcf7\" id=\"wpcf7-f758-o1\" lang=\"ru-RU\" dir=\"ltr\">\n<div class=\"screen-reader-response\"><p role=\"status\" aria-live=\"polite\" aria-atomic=\"true\"><\/p> <ul><\/ul><\/div>\n<form action=\"\/es\/wp-json\/wp\/v2\/pages\/582#wpcf7-f758-o1\" method=\"post\" class=\"wpcf7-form init\" novalidate=\"novalidate\" data-status=\"init\">\n<div style=\"display: none;\">\n<input type=\"hidden\" name=\"_wpcf7\" value=\"758\" \/>\n<input type=\"hidden\" name=\"_wpcf7_version\" value=\"5.5.5\" \/>\n<input type=\"hidden\" name=\"_wpcf7_locale\" value=\"ru_RU\" \/>\n<input type=\"hidden\" name=\"_wpcf7_unit_tag\" value=\"wpcf7-f758-o1\" \/>\n<input type=\"hidden\" name=\"_wpcf7_container_post\" value=\"0\" \/>\n<input type=\"hidden\" name=\"_wpcf7_posted_data_hash\" value=\"\" \/>\n<\/div>\n<div class=\"form-flat\">\n<span class=\"wpcf7-form-control-wrap your-name\"><input type=\"text\" name=\"your-name\" value=\"\" size=\"40\" class=\"wpcf7-form-control wpcf7-text wpcf7-validates-as-required\" aria-required=\"true\" aria-invalid=\"false\" placeholder=\"Su nombre\" \/><\/span><\/p>\n<p><span class=\"wpcf7-form-control-wrap tel-640\"><input type=\"tel\" name=\"tel-640\" value=\"\" size=\"40\" class=\"wpcf7-form-control wpcf7-text wpcf7-tel wpcf7-validates-as-required wpcf7-validates-as-tel\" aria-required=\"true\" aria-invalid=\"false\" placeholder=\"Tel\u00e9fono\" \/><\/span><\/p>\n<p><span class=\"wpcf7-form-control-wrap your-email\"><input type=\"email\" name=\"your-email\" value=\"\" size=\"40\" class=\"wpcf7-form-control wpcf7-text wpcf7-email wpcf7-validates-as-required wpcf7-validates-as-email\" aria-required=\"true\" aria-invalid=\"false\" placeholder=\"Tu correo electr\u00f3nico\" \/><\/span> <\/p>\n<p><span class=\"wpcf7-form-control-wrap your-message\"><textarea name=\"your-message\" cols=\"40\" rows=\"10\" class=\"wpcf7-form-control wpcf7-textarea\" aria-invalid=\"false\" placeholder=\"Tu mensaje\"><\/textarea><\/span> <\/p>\n<p><input type=\"submit\" value=\"Entregar\" class=\"wpcf7-form-control has-spinner wpcf7-submit button\" \/>\n<\/p><\/div>\n<div class=\"wpcf7-response-output\" aria-hidden=\"true\"><\/div><\/form><\/div>\n\t\t<\/div>\n\t\t\t<\/div>\n\n\t\n\n\t<div id=\"col-747597983\" class=\"col medium-8 small-12 large-8\"  >\n\t\t<div class=\"col-inner\"  >\n\t\t\t\n\t\t\t\n\t<div id=\"text-3683758752\" class=\"text\">\n\t\t\n<h2 class=\"uppercase\">\u00bfQuieres trabajar con nosotras?<\/h2>\n\t\t\n<style>\n#text-3683758752 {\n  text-align: center;\n}\n<\/style>\n\t<\/div>\n\t\n<p class=\"lead\">Simplemente env\u00edenos una l\u00ednea.<\/p>\n\t\t<\/div>\n\t\t\t<\/div>\n\n\t\n<\/div>\n","protected":false},"excerpt":{"rendered":"","protected":false},"author":1,"featured_media":350,"parent":0,"menu_order":0,"comment_status":"closed","ping_status":"closed","template":"page-blank.php","meta":{"footnotes":""},"class_list":["post-582","page","type-page","status-publish","has-post-thumbnail","hentry"],"_links":{"self":[{"href":"https:\/\/hydrolite.eu\/es\/wp-json\/wp\/v2\/pages\/582","targetHints":{"allow":["GET"]}}],"collection":[{"href":"https:\/\/hydrolite.eu\/es\/wp-json\/wp\/v2\/pages"}],"about":[{"href":"https:\/\/hydrolite.eu\/es\/wp-json\/wp\/v2\/types\/page"}],"author":[{"embeddable":true,"href":"https:\/\/hydrolite.eu\/es\/wp-json\/wp\/v2\/users\/1"}],"replies":[{"embeddable":true,"href":"https:\/\/hydrolite.eu\/es\/wp-json\/wp\/v2\/comments?post=582"}],"version-history":[{"count":4,"href":"https:\/\/hydrolite.eu\/es\/wp-json\/wp\/v2\/pages\/582\/revisions"}],"predecessor-version":[{"id":1122,"href":"https:\/\/hydrolite.eu\/es\/wp-json\/wp\/v2\/pages\/582\/revisions\/1122"}],"wp:featuredmedia":[{"embeddable":true,"href":"https:\/\/hydrolite.eu\/es\/wp-json\/wp\/v2\/media\/350"}],"wp:attachment":[{"href":"https:\/\/hydrolite.eu\/es\/wp-json\/wp\/v2\/media?parent=582"}],"curies":[{"name":"wp","href":"https:\/\/api.w.org\/{rel}","templated":true}]}}