{"id":710,"date":"2022-05-20T10:53:59","date_gmt":"2022-05-20T07:53:59","guid":{"rendered":"https:\/\/hydrolite.eu\/product\/zg-d890-macroporous-strongly-basic-styrene-anion-exchange-resin\/"},"modified":"2022-05-25T16:05:35","modified_gmt":"2022-05-25T13:05:35","slug":"zg-d890-makroporoeses-stark-basisches-styrol-anionenaustauscherharz","status":"publish","type":"product","link":"https:\/\/hydrolite.eu\/de\/product\/zg-d890-makroporoeses-stark-basisches-styrol-anionenaustauscherharz\/","title":{"rendered":"ZG D890 makropor\u00f6ses stark basisches Styrol-Anionenaustauscherharz"},"content":{"rendered":"<h2 align=\"center\"><strong class=\"proname\"><span style=\"vertical-align: inherit;\"><span style=\"vertical-align: inherit;\">ZG D890 makropor\u00f6ses stark basisches Styrol-Anionenaustauscherharz<\/span><\/span><\/strong><\/h2>\n<p>&nbsp;<\/p>\n<div class=\"xxx\">\n<p align=\"left\"><strong><span style=\"vertical-align: inherit;\"><span style=\"vertical-align: inherit;\">1. Produkteinf\u00fchrung<\/span><\/span><\/strong><\/p>\n<p align=\"left\"><span style=\"vertical-align: inherit;\"><span style=\"vertical-align: inherit;\">Die Marke &#8222;Hydrolite&#8220; ZG D890 ist eine Art Anionenaustauscherharz, das eine quart\u00e4re Ammoniumgruppe [-N(CH <\/span><\/span><sub><span style=\"vertical-align: inherit;\"><span style=\"vertical-align: inherit;\">3<\/span><\/span><\/sub><span style=\"vertical-align: inherit;\"><span style=\"vertical-align: inherit;\"> ) <\/span><\/span><sub><span style=\"vertical-align: inherit;\"><span style=\"vertical-align: inherit;\">3<\/span><\/span><\/sub><span style=\"vertical-align: inherit;\"><span style=\"vertical-align: inherit;\"> OH] in dem Styrol-Diethylenbenzol-Copolymer mit makropor\u00f6ser Struktur aufweist. <\/span><span style=\"vertical-align: inherit;\">Dieses Produkt wird haupts\u00e4chlich zur Entfernung von Nitrat und Nitrit in der Wasserversorgung und im Trinkwasser verwendet, es hat eine gute Selektivit\u00e4t f\u00fcr Nitrat; <\/span><span style=\"vertical-align: inherit;\">Es kann auch in der Zuckerindustrie verwendet werden, die stark basische Austauschgruppe und die makropor\u00f6se Struktur sind hilfreich f\u00fcr die Absorption von Pigmenten und Verunreinigungen in Zuckerl\u00f6sungen.<\/span><\/span><\/p>\n<p align=\"left\"><strong><span style=\"vertical-align: inherit;\"><span style=\"vertical-align: inherit;\">2. Index der physikalischen und chemischen Eigenschaften<\/span><\/span><\/strong><\/p>\n<table style=\"width: 90%;\" border=\"0\" width=\"90%\" cellspacing=\"1\" cellpadding=\"0\" align=\"center\">\n<tbody>\n<tr>\n<td>\n<p align=\"center\"><span style=\"vertical-align: inherit;\"><span style=\"vertical-align: inherit;\">Indexname<\/span><\/span><\/p>\n<\/td>\n<td>\n<p align=\"center\"><span style=\"vertical-align: inherit;\"><span style=\"vertical-align: inherit;\">Index<\/span><\/span><\/p>\n<\/td>\n<\/tr>\n<tr>\n<td>\n<p align=\"center\"><span style=\"vertical-align: inherit;\"><span style=\"vertical-align: inherit;\">Aussehen<\/span><\/span><\/p>\n<\/td>\n<td>\n<p align=\"center\"><span style=\"vertical-align: inherit;\"><span style=\"vertical-align: inherit;\">Cremewei\u00dfes bis strohgelbes, undurchsichtiges Kugelkorn<\/span><\/span><\/p>\n<\/td>\n<\/tr>\n<tr>\n<td>\n<p align=\"center\"><span style=\"vertical-align: inherit;\"><span style=\"vertical-align: inherit;\">Im Verkaufsformular<\/span><\/span><\/p>\n<\/td>\n<td>\n<p align=\"center\"><span style=\"vertical-align: inherit;\"><span style=\"vertical-align: inherit;\">Kl<\/span><\/span><\/p>\n<\/td>\n<\/tr>\n<tr>\n<td>\n<p align=\"center\"><span style=\"vertical-align: inherit;\"><span style=\"vertical-align: inherit;\">Wasserr\u00fcckhalteverm\u00f6gen %<\/span><\/span><\/p>\n<\/td>\n<td>\n<p align=\"center\"><span style=\"vertical-align: inherit;\"><span style=\"vertical-align: inherit;\">50,0-60,0<\/span><\/span><\/p>\n<\/td>\n<\/tr>\n<tr>\n<td>\n<p align=\"center\"><span style=\"vertical-align: inherit;\"><span style=\"vertical-align: inherit;\">Qualit\u00e4t Gesamtaustauschkapazit\u00e4t mmol\/g<\/span><\/span><\/p>\n<\/td>\n<td>\n<p align=\"center\"><span style=\"vertical-align: inherit;\"><span style=\"vertical-align: inherit;\">\u22652. <\/span><span style=\"vertical-align: inherit;\">90<\/span><\/span><\/p>\n<\/td>\n<\/tr>\n<tr>\n<td>\n<p align=\"center\"><span style=\"vertical-align: inherit;\"><span style=\"vertical-align: inherit;\">Sch\u00fcttdichte g\/ml<\/span><\/span><\/p>\n<\/td>\n<td>\n<p align=\"center\"><span style=\"vertical-align: inherit;\"><span style=\"vertical-align: inherit;\">\u22651,10<\/span><\/span><\/p>\n<\/td>\n<\/tr>\n<tr>\n<td>\n<p align=\"center\"><span style=\"vertical-align: inherit;\"><span style=\"vertical-align: inherit;\">Wahre Dichte g\/ml<\/span><\/span><\/p>\n<\/td>\n<td>\n<p align=\"center\"><span style=\"vertical-align: inherit;\"><span style=\"vertical-align: inherit;\">0,66-0,72<\/span><\/span><\/p>\n<\/td>\n<\/tr>\n<tr>\n<td>\n<p align=\"center\"><span style=\"vertical-align: inherit;\"><span style=\"vertical-align: inherit;\">Partikelgr\u00f6\u00dfenbereich<\/span><\/span><\/p>\n<\/td>\n<td>\n<p align=\"center\"><span style=\"vertical-align: inherit;\"><span style=\"vertical-align: inherit;\">(0,315-1,25 mm) \u2265 95,0<\/span><\/span><\/p>\n<\/td>\n<\/tr>\n<tr>\n<td>\n<p align=\"center\"><span style=\"vertical-align: inherit;\"><span style=\"vertical-align: inherit;\">Sph\u00e4risch nach Osmoseabrieb %<\/span><\/span><\/p>\n<\/td>\n<td>\n<p align=\"center\"><span style=\"vertical-align: inherit;\"><span style=\"vertical-align: inherit;\">\u226590,0<\/span><\/span><\/p>\n<\/td>\n<\/tr>\n<\/tbody>\n<\/table>\n<\/div>\n","protected":false},"excerpt":{"rendered":"<p align=\"left\"><strong><span style=\"vertical-align: inherit;\"><span style=\"vertical-align: inherit;\">Die Marke &#8222;Hydrolite&#8220; ZG D890<\/span><\/span><\/strong><span style=\"vertical-align: inherit;\"><span style=\"vertical-align: inherit;\"> ist eine Art Anionenaustauscherharz, das eine quart\u00e4re Ammoniumgruppe [-N(CH <\/span><\/span><sub><span style=\"vertical-align: inherit;\"><span style=\"vertical-align: inherit;\">3<\/span><\/span><\/sub><span style=\"vertical-align: inherit;\"><span style=\"vertical-align: inherit;\"> ) <\/span><\/span><sub><span style=\"vertical-align: inherit;\"><span style=\"vertical-align: inherit;\">3<\/span><\/span><\/sub><span style=\"vertical-align: inherit;\"><span style=\"vertical-align: inherit;\"> OH] in dem Styrol-Diethylenbenzol-Copolymer mit makropor\u00f6ser Struktur aufweist. <\/span><span style=\"vertical-align: inherit;\">Dieses Produkt wird haupts\u00e4chlich zur Entfernung von Nitrat und Nitrit in der Wasserversorgung und im Trinkwasser verwendet, es hat eine gute Selektivit\u00e4t f\u00fcr Nitrat; <\/span><span style=\"vertical-align: inherit;\">Es kann auch in der Zuckerindustrie verwendet werden, die stark basische Austauschgruppe und die makropor\u00f6se Struktur sind hilfreich f\u00fcr die Absorption von Pigmenten und Verunreinigungen in Zuckerl\u00f6sungen.<\/span><\/span><\/p>\n","protected":false},"featured_media":302,"comment_status":"closed","ping_status":"closed","template":"","meta":[],"product_cat":[134],"product_tag":[],"class_list":["post-710","product","type-product","status-publish","has-post-thumbnail","hentry","product_cat-trinkwasseraufbereitung"],"_links":{"self":[{"href":"https:\/\/hydrolite.eu\/de\/wp-json\/wp\/v2\/product\/710","targetHints":{"allow":["GET"]}}],"collection":[{"href":"https:\/\/hydrolite.eu\/de\/wp-json\/wp\/v2\/product"}],"about":[{"href":"https:\/\/hydrolite.eu\/de\/wp-json\/wp\/v2\/types\/product"}],"replies":[{"embeddable":true,"href":"https:\/\/hydrolite.eu\/de\/wp-json\/wp\/v2\/comments?post=710"}],"wp:featuredmedia":[{"embeddable":true,"href":"https:\/\/hydrolite.eu\/de\/wp-json\/wp\/v2\/media\/302"}],"wp:attachment":[{"href":"https:\/\/hydrolite.eu\/de\/wp-json\/wp\/v2\/media?parent=710"}],"wp:term":[{"taxonomy":"product_cat","embeddable":true,"href":"https:\/\/hydrolite.eu\/de\/wp-json\/wp\/v2\/product_cat?post=710"},{"taxonomy":"product_tag","embeddable":true,"href":"https:\/\/hydrolite.eu\/de\/wp-json\/wp\/v2\/product_tag?post=710"}],"curies":[{"name":"wp","href":"https:\/\/api.w.org\/{rel}","templated":true}]}}