{"id":565,"date":"2022-05-23T21:22:31","date_gmt":"2022-05-23T18:22:31","guid":{"rendered":"https:\/\/hydrolite.eu\/product\/zga455fd-h18\/"},"modified":"2024-04-22T16:40:24","modified_gmt":"2024-04-22T13:40:24","slug":"zga455fd-h18","status":"publish","type":"product","link":"https:\/\/hydrolite.eu\/de\/product\/zga455fd-h18\/","title":{"rendered":"ZGA455FD-H18 Polystyrol makropor\u00f6s, Schwach basisches Anionenharz, Freie Base Form, hohe Kapazit\u00e4t, Sweetener Grade"},"content":{"rendered":"<h2 align=\"center\"><strong class=\"proname\"><span style=\"vertical-align: inherit;\"><span class=\"\" style=\"vertical-align: inherit;\">ZGA455FD-H18 Polystyrol makropor\u00f6s, Schwach basisches Anionenharz, Freie Base Form, hohe Kapazit\u00e4t, Sweetener Grade<br \/>\n<\/span><\/span><\/strong><\/h2>\n<p>&nbsp;<\/p>\n<div class=\"xxx\">\n<p><span style=\"vertical-align: inherit;\"><span style=\"vertical-align: inherit;\">ZGA455FD-H18 Schwaches basisches Anion mit hoher Kapazit\u00e4t<\/span><\/span><\/p>\n<p><strong><span style=\"vertical-align: inherit;\"><span style=\"vertical-align: inherit;\">1. Einleitung:<\/span><\/span><\/strong><\/p>\n<p><span style=\"vertical-align: inherit;\"><span style=\"vertical-align: inherit;\">\u201eHydrolite\u201c ZGA455FD-H18 ist ein schwach basisches Anionenaustauscherharz der makropor\u00f6sen Styrolserie, das ZG f\u00fcr die Lebensmittelindustrie entwickelt hat. <\/span><span style=\"vertical-align: inherit;\">Im Vergleich zu anderen schwach basischen Anionen hat ZGA455FD-H18 eine gr\u00f6\u00dfere Kapazit\u00e4t und eine schnellere Austauschgeschwindigkeit, es ist sehr gut geeignet, organische Stoffe zu adsorbieren und starke S\u00e4ureanionen in Wasser und Nicht-Wasser-L\u00f6sungen zu entfernen. <\/span><span style=\"vertical-align: inherit;\">Unter der gleichen Bedingung sind die Kosten f\u00fcr Wasser und Regeneriermittel geringer.<\/span><\/span><\/p>\n<p><span style=\"vertical-align: inherit;\"><span style=\"vertical-align: inherit;\">ZGA 455FD-H18 hat eine gr\u00f6\u00dfere Porengr\u00f6\u00dfe und spezifische Oberfl\u00e4che, es k\u00f6nnte viele organische Makromolek\u00fcle adsorbieren, die Adsorptionsrate k\u00f6nnte 80-95 % erreichen und die Elutionsrate betr\u00e4gt mehr als 95 %, daher sehr gut geeignet f\u00fcr Entsalzung und Entf\u00e4rbung von Zuckerst\u00e4rke.<\/span><\/span><\/p>\n<p><span style=\"vertical-align: inherit;\"><span style=\"vertical-align: inherit;\">ZGA455FD-H18 ist mit einigen starken basischen Gruppen, im Betrieb adsorbiert es keine kleinen Molek\u00fcle, es hat eine gro\u00dfe mechanische Festigkeit, eine hohe Kapazit\u00e4t und eine niedrige Quellrate, daher sehr gut geeignet f\u00fcr die Anwendung von S\u00e4ften, Getr\u00e4nken, Trinkwasser- und Lebensmittelindustrie wie St\u00e4rkezucker, Bier, Sorbit, Xylit, Aminos\u00e4ure und Milchs\u00e4ure usw., um den Geschmack und die Transparenz ihrer Produkte zu verbessern.<\/span><\/span><\/p>\n<p><strong><span style=\"vertical-align: inherit;\"><span style=\"vertical-align: inherit;\">2. Physikalische und chemische Eigenschaften:<\/span><\/span><\/strong><\/p>\n<table border=\"1\" width=\"80%\" align=\"center\">\n<tbody>\n<tr>\n<td align=\"center\" valign=\"top\"><span style=\"vertical-align: inherit;\"><span style=\"vertical-align: inherit;\">Produkte<\/span><\/span><\/td>\n<td align=\"center\" valign=\"top\"><span style=\"vertical-align: inherit;\"><span style=\"vertical-align: inherit;\">Index<\/span><\/span><\/td>\n<\/tr>\n<tr>\n<td align=\"center\" valign=\"top\"><span style=\"vertical-align: inherit;\"><span style=\"vertical-align: inherit;\">Aussehen<\/span><\/span><\/td>\n<td align=\"center\" valign=\"top\"><span style=\"vertical-align: inherit;\"><span style=\"vertical-align: inherit;\">Milchig wei\u00dfe bis hellgelbe Tr\u00fcbungsperlen<\/span><\/span><\/td>\n<\/tr>\n<tr>\n<td align=\"center\" valign=\"top\"><span style=\"vertical-align: inherit;\"><span style=\"vertical-align: inherit;\">Matrix<\/span><\/span><\/td>\n<td align=\"center\" valign=\"top\"><span style=\"vertical-align: inherit;\"><span style=\"vertical-align: inherit;\">Styrol<\/span><\/span><\/td>\n<\/tr>\n<tr>\n<td align=\"center\" valign=\"top\"><span style=\"vertical-align: inherit;\"><span style=\"vertical-align: inherit;\">Ionische Form<\/span><\/span><\/td>\n<td align=\"center\" valign=\"top\"><span style=\"vertical-align: inherit;\"><span style=\"vertical-align: inherit;\">Freies Amin<\/span><\/span><\/td>\n<\/tr>\n<tr>\n<td align=\"center\" valign=\"top\"><span style=\"vertical-align: inherit;\"><span style=\"vertical-align: inherit;\">Feuchtigkeitsgehalt %<\/span><\/span><\/td>\n<td align=\"center\" valign=\"top\"><span style=\"vertical-align: inherit;\"><span style=\"vertical-align: inherit;\">42~50<\/span><\/span><\/td>\n<\/tr>\n<tr>\n<td align=\"center\" valign=\"top\"><span style=\"vertical-align: inherit;\"><span style=\"vertical-align: inherit;\">Kapazit\u00e4t mmol\/ml<\/span><\/span><\/td>\n<td align=\"center\" valign=\"top\"><span style=\"vertical-align: inherit;\"><span style=\"vertical-align: inherit;\">\u22651,80<\/span><\/span><\/td>\n<\/tr>\n<tr>\n<td align=\"center\" valign=\"top\"><span style=\"vertical-align: inherit;\"><span style=\"vertical-align: inherit;\">Wahre Dichte (nass) g\/ml<\/span><\/span><\/td>\n<td align=\"center\" valign=\"top\"><span style=\"vertical-align: inherit;\"><span style=\"vertical-align: inherit;\">1.03~1.06<\/span><\/span><\/td>\n<\/tr>\n<tr>\n<td align=\"center\" valign=\"top\"><span style=\"vertical-align: inherit;\"><span style=\"vertical-align: inherit;\">Versandgewicht g\/ml<\/span><\/span><\/td>\n<td align=\"center\" valign=\"top\"><span style=\"vertical-align: inherit;\"><span style=\"vertical-align: inherit;\">0,65 ~ 0,75<\/span><\/span><\/td>\n<\/tr>\n<tr>\n<td align=\"center\" valign=\"top\"><span style=\"vertical-align: inherit;\"><span style=\"vertical-align: inherit;\">Ganze Perlen %<\/span><\/span><\/td>\n<td align=\"center\" valign=\"top\"><span style=\"vertical-align: inherit;\"><span style=\"vertical-align: inherit;\">\u226590<\/span><\/span><\/td>\n<\/tr>\n<tr>\n<td align=\"center\" valign=\"top\"><span style=\"vertical-align: inherit;\"><span style=\"vertical-align: inherit;\">Schwellung %<\/span><\/span><\/td>\n<td align=\"center\" valign=\"top\"><span style=\"vertical-align: inherit;\"><span style=\"vertical-align: inherit;\">\u226420<\/span><\/span><\/td>\n<\/tr>\n<tr>\n<td align=\"center\" valign=\"center\"><span style=\"vertical-align: inherit;\"><span style=\"vertical-align: inherit;\">Partikelgr\u00f6\u00dfenbereich %<\/span><\/span><\/td>\n<td align=\"center\" valign=\"center\"><span style=\"vertical-align: inherit;\"><span style=\"vertical-align: inherit;\">(0,45 ~ 1,25 mm) \u226595<\/span><\/span><\/td>\n<\/tr>\n<\/tbody>\n<\/table>\n<p><strong><span style=\"vertical-align: inherit;\"><span style=\"vertical-align: inherit;\">3. Referenz:<\/span><\/span><\/strong><\/p>\n<table border=\"1\" width=\"80%\" align=\"center\">\n<tbody>\n<tr>\n<td align=\"center\" valign=\"top\" width=\"50%\"><span style=\"vertical-align: inherit;\"><span style=\"vertical-align: inherit;\">Produkte<\/span><\/span><\/td>\n<td align=\"center\" valign=\"top\" width=\"50%\"><span style=\"vertical-align: inherit;\"><span style=\"vertical-align: inherit;\">Index<\/span><\/span><\/td>\n<\/tr>\n<tr>\n<td align=\"center\" valign=\"top\"><span style=\"vertical-align: inherit;\"><span style=\"vertical-align: inherit;\">H\u00f6he Harzbett m<\/span><\/span><\/td>\n<td align=\"center\" valign=\"top\"><span style=\"vertical-align: inherit;\"><span style=\"vertical-align: inherit;\">1,5 ~ 3,0<\/span><\/span><\/td>\n<\/tr>\n<tr>\n<td align=\"center\" valign=\"top\"><span style=\"vertical-align: inherit;\"><span style=\"vertical-align: inherit;\">Entworfener R\u00fccksp\u00fclraum %<\/span><\/span><\/td>\n<td align=\"center\" valign=\"top\"><span style=\"vertical-align: inherit;\"><span style=\"vertical-align: inherit;\">80 ~ 100<\/span><\/span><\/td>\n<\/tr>\n<tr>\n<td align=\"center\" valign=\"top\"><span style=\"vertical-align: inherit;\"><span style=\"vertical-align: inherit;\">R\u00fcckenw\u00e4sche %<\/span><\/span><\/td>\n<td align=\"center\" valign=\"top\"><span style=\"vertical-align: inherit;\"><span style=\"vertical-align: inherit;\">50~85<\/span><\/span><\/td>\n<\/tr>\n<tr>\n<td align=\"center\" valign=\"top\"><span style=\"vertical-align: inherit;\"><span style=\"vertical-align: inherit;\">Agent regenerieren<\/span><\/span><\/td>\n<td align=\"center\" valign=\"top\"><span style=\"vertical-align: inherit;\"><span style=\"vertical-align: inherit;\">NaOH<\/span><\/span><\/td>\n<\/tr>\n<tr>\n<td align=\"center\" valign=\"top\"><span style=\"vertical-align: inherit;\"><span style=\"vertical-align: inherit;\">Dichte des Regeneriermittels %<\/span><\/span><\/td>\n<td align=\"center\" valign=\"top\"><span style=\"vertical-align: inherit;\"><span style=\"vertical-align: inherit;\">4~5<\/span><\/span><\/td>\n<\/tr>\n<tr>\n<td align=\"center\" valign=\"top\"><span style=\"vertical-align: inherit;\"><span style=\"vertical-align: inherit;\">Dosierung Regeneriermittel m3\/m3-R<\/span><\/span><\/td>\n<td align=\"center\" valign=\"top\"><span style=\"vertical-align: inherit;\"><span style=\"vertical-align: inherit;\">2.2~2.5<\/span><\/span><\/td>\n<\/tr>\n<tr>\n<td align=\"center\" valign=\"top\"><span style=\"vertical-align: inherit;\"><span style=\"vertical-align: inherit;\">Regenerierkontaktzeit min<\/span><\/span><\/td>\n<td align=\"center\" valign=\"top\"><span style=\"vertical-align: inherit;\"><span style=\"vertical-align: inherit;\">50 ~ 70<\/span><\/span><\/td>\n<\/tr>\n<tr>\n<td align=\"center\" valign=\"top\"><span style=\"vertical-align: inherit;\"><span style=\"vertical-align: inherit;\">Austauschzeit min<\/span><\/span><\/td>\n<td align=\"center\" valign=\"top\"><span style=\"vertical-align: inherit;\"><span style=\"vertical-align: inherit;\">30 ~ 50<\/span><\/span><\/td>\n<\/tr>\n<tr>\n<td align=\"center\" valign=\"top\"><span style=\"vertical-align: inherit;\"><span style=\"vertical-align: inherit;\">Sp\u00fclflussrate m\/h<\/span><\/span><\/td>\n<td align=\"center\" valign=\"top\"><span style=\"vertical-align: inherit;\"><span style=\"vertical-align: inherit;\">10~15<\/span><\/span><\/td>\n<\/tr>\n<tr>\n<td align=\"center\" valign=\"top\"><span style=\"vertical-align: inherit;\"><span style=\"vertical-align: inherit;\">Betriebstemperatur \u00b0C<\/span><\/span><\/td>\n<td align=\"center\" valign=\"top\"><span style=\"vertical-align: inherit;\"><span style=\"vertical-align: inherit;\">30 ~ 60<\/span><\/span><\/td>\n<\/tr>\n<tr>\n<td align=\"center\" valign=\"top\"><span style=\"vertical-align: inherit;\"><span style=\"vertical-align: inherit;\">pH-Bereich<\/span><\/span><\/td>\n<td align=\"center\" valign=\"top\"><span style=\"vertical-align: inherit;\"><span style=\"vertical-align: inherit;\">0~7<\/span><\/span><\/td>\n<\/tr>\n<\/tbody>\n<\/table>\n<p><strong><span style=\"vertical-align: inherit;\"><span style=\"vertical-align: inherit;\">4. Bedienungsanleitung<\/span><\/span><\/strong><\/p>\n<table border=\"1\" width=\"80%\" align=\"center\">\n<tbody>\n<tr>\n<td align=\"center\" width=\"120\"><span style=\"vertical-align: inherit;\"><span style=\"vertical-align: inherit;\">Betrieb<\/span><\/span><\/td>\n<td align=\"center\" width=\"132\"><span style=\"vertical-align: inherit;\"><span style=\"vertical-align: inherit;\">L\u00f6sung<\/span><\/span><\/td>\n<td align=\"center\" width=\"120\"><span style=\"vertical-align: inherit;\"><span style=\"vertical-align: inherit;\">Durchflussrate (BV\/h)<\/span><\/span><\/td>\n<td align=\"center\" width=\"131\"><span style=\"vertical-align: inherit;\"><span style=\"vertical-align: inherit;\">Dosierung (BV)<\/span><\/span><\/td>\n<\/tr>\n<tr>\n<td align=\"center\" width=\"120\"><span style=\"vertical-align: inherit;\"><span style=\"vertical-align: inherit;\">Zuckerr\u00fcckgewinnung<\/span><\/span><\/td>\n<td align=\"center\" width=\"132\"><span style=\"vertical-align: inherit;\"><span style=\"vertical-align: inherit;\">Sauberes Wasser<\/span><\/span><\/td>\n<td align=\"center\" width=\"120\"><span style=\"vertical-align: inherit;\"><span style=\"vertical-align: inherit;\">2.0~4.0<\/span><\/span><\/td>\n<td align=\"center\" width=\"131\"><span style=\"vertical-align: inherit;\"><span style=\"vertical-align: inherit;\">2.0~3.0<\/span><\/span><\/td>\n<\/tr>\n<tr>\n<td align=\"center\" width=\"120\"><span style=\"vertical-align: inherit;\"><span style=\"vertical-align: inherit;\">R\u00fccken waschen<\/span><\/span><\/td>\n<td align=\"center\" width=\"132\"><span style=\"vertical-align: inherit;\"><span style=\"vertical-align: inherit;\">Sauberes Wasser<\/span><\/span><\/td>\n<td align=\"center\" width=\"120\"><span style=\"vertical-align: inherit;\"><span style=\"vertical-align: inherit;\">2.0~4.0<\/span><\/span><\/td>\n<td align=\"center\" width=\"131\"><span style=\"vertical-align: inherit;\"><span style=\"vertical-align: inherit;\">2.5~3.0<\/span><\/span><\/td>\n<\/tr>\n<tr>\n<td align=\"center\" width=\"120\"><span style=\"vertical-align: inherit;\"><span style=\"vertical-align: inherit;\">Regenerieren<\/span><\/span><\/td>\n<td align=\"center\" width=\"132\"><span style=\"vertical-align: inherit;\"><span style=\"vertical-align: inherit;\">4~5% NaOH-L\u00f6sung<\/span><\/span><\/td>\n<td align=\"center\" width=\"120\"><span style=\"vertical-align: inherit;\"><span style=\"vertical-align: inherit;\">1.5~2.0<\/span><\/span><\/td>\n<td align=\"center\" width=\"131\"><span style=\"vertical-align: inherit;\"><span style=\"vertical-align: inherit;\">2.2~2.5<\/span><\/span><\/td>\n<\/tr>\n<tr>\n<td align=\"center\" width=\"120\"><span style=\"vertical-align: inherit;\"><span style=\"vertical-align: inherit;\">Ersatz<\/span><\/span><\/td>\n<td align=\"center\" width=\"132\"><span style=\"vertical-align: inherit;\"><span style=\"vertical-align: inherit;\">DI oder reines Wasser<\/span><\/span><\/td>\n<td align=\"center\" width=\"120\"><span style=\"vertical-align: inherit;\"><span style=\"vertical-align: inherit;\">1.0~2.0<\/span><\/span><\/td>\n<td align=\"center\" width=\"131\"><span style=\"vertical-align: inherit;\"><span style=\"vertical-align: inherit;\">1.5~2.0<\/span><\/span><\/td>\n<\/tr>\n<tr>\n<td align=\"center\" width=\"120\"><span style=\"vertical-align: inherit;\"><span style=\"vertical-align: inherit;\">Sp\u00fclen<\/span><\/span><\/td>\n<td align=\"center\" width=\"132\"><span style=\"vertical-align: inherit;\"><span style=\"vertical-align: inherit;\">DI oder reines Wasser<\/span><\/span><\/td>\n<td align=\"center\" width=\"120\"><span style=\"vertical-align: inherit;\"><span style=\"vertical-align: inherit;\">10~15<\/span><\/span><\/td>\n<td align=\"center\" width=\"131\"><span style=\"vertical-align: inherit;\"><span style=\"vertical-align: inherit;\">5.0~8.0<\/span><\/span><\/td>\n<\/tr>\n<tr>\n<td align=\"center\" width=\"120\"><span style=\"vertical-align: inherit;\"><span style=\"vertical-align: inherit;\">Sp\u00fclung<\/span><\/span><\/td>\n<td align=\"center\" width=\"132\"><span style=\"vertical-align: inherit;\"><span style=\"vertical-align: inherit;\">Im Wasser<\/span><\/span><\/td>\n<td align=\"center\" width=\"120\"><span style=\"vertical-align: inherit;\"><span style=\"vertical-align: inherit;\">10~15<\/span><\/span><\/td>\n<td align=\"center\" width=\"131\"><span style=\"vertical-align: inherit;\"><span style=\"vertical-align: inherit;\">5.0~10.0<\/span><\/span><\/td>\n<\/tr>\n<tr>\n<td align=\"center\" width=\"120\"><span style=\"vertical-align: inherit;\"><span style=\"vertical-align: inherit;\">Betriebs<\/span><\/span><\/td>\n<td align=\"center\" width=\"132\"><span style=\"vertical-align: inherit;\"><span style=\"vertical-align: inherit;\">Zuckerlik\u00f6r<\/span><\/span><\/td>\n<td align=\"center\" width=\"120\"><span style=\"vertical-align: inherit;\"><span style=\"vertical-align: inherit;\">2.0~4.0<\/span><\/span><\/td>\n<td align=\"center\" width=\"131\"><span style=\"vertical-align: inherit;\"><span style=\"vertical-align: inherit;\">50 ~ 100<\/span><\/span><\/td>\n<\/tr>\n<\/tbody>\n<\/table>\n<p><span style=\"vertical-align: inherit;\"><span style=\"vertical-align: inherit;\">Hinweis: Wenn mit dem R\u00fccksp\u00fclen begonnen wird, sollte die Durchflussrate langsam sein, nachdem alle Harze flexibel geworden sind, die R\u00fccksp\u00fcldurchflussrate schrittweise erh\u00f6hen, nachdem die Harze voll funktionsf\u00e4hig sind, eine stabile R\u00fccksp\u00fcldurchflussrate bis zum Ausgangswasser der R\u00fccksp\u00fclung ist sauber.<\/span><\/span><\/p>\n<p><strong><span style=\"vertical-align: inherit;\"><span style=\"vertical-align: inherit;\">5. Anionen-Betriebs-Leckkurve<\/span><\/span><\/strong><\/p>\n<p><strong><span style=\"vertical-align: inherit;\"><span style=\"vertical-align: inherit;\">Herstellungsort: Stadt Ningbo, China.<\/span><\/span><\/strong><\/p>\n<p><strong><span style=\"vertical-align: inherit;\"><span style=\"vertical-align: inherit;\">Vertrieb: Versand von ZG Ningbo Factory in alle Provinzen in China und \u00dcbersee.<\/span><\/span><\/strong><\/p>\n<\/div>\n","protected":false},"excerpt":{"rendered":"<p><span style=\"vertical-align: inherit;\"><span style=\"vertical-align: inherit;\">\u201eHydrolite\u201c ZGA455FD-H18 ist ein schwach basisches Anionenaustauscherharz der makropor\u00f6sen Styrolserie, das ZG f\u00fcr die Lebensmittelindustrie entwickelt hat. <\/span><span style=\"vertical-align: inherit;\">Im Vergleich zu anderen schwach basischen Anionen hat ZGA455FD-H18 eine gr\u00f6\u00dfere Kapazit\u00e4t und eine schnellere Austauschgeschwindigkeit, es ist sehr gut geeignet, organische Stoffe zu adsorbieren und starke S\u00e4ureanionen in Wasser und Nicht-Wasser-L\u00f6sungen zu entfernen. <\/span><span style=\"vertical-align: inherit;\">Unter der gleichen Bedingung sind die Kosten f\u00fcr Wasser und Regeneriermittel geringer.<\/span><\/span><\/p>\n<p><span style=\"vertical-align: inherit;\"><span style=\"vertical-align: inherit;\">ZGA 455FD-H18 hat eine gr\u00f6\u00dfere Porengr\u00f6\u00dfe und spezifische Oberfl\u00e4che, es k\u00f6nnte viele organische Makromolek\u00fcle adsorbieren, die Adsorptionsrate k\u00f6nnte 80-95 % erreichen und die Elutionsrate betr\u00e4gt mehr als 95 %, daher sehr gut geeignet f\u00fcr Entsalzung und Entf\u00e4rbung von Zuckerst\u00e4rke.<\/span><\/span><\/p>\n<p><span style=\"vertical-align: inherit;\"><span style=\"vertical-align: inherit;\">ZGA455FD-H18 ist mit einigen starken basischen Gruppen, im Betrieb adsorbiert es keine kleinen Molek\u00fcle, es hat eine gro\u00dfe mechanische Festigkeit, eine hohe Kapazit\u00e4t und eine niedrige Quellrate, daher sehr gut geeignet f\u00fcr die Anwendung von S\u00e4ften, Getr\u00e4nken, Trinkwasser- und Lebensmittelindustrie wie St\u00e4rkezucker, Bier, Sorbit, Xylit, Aminos\u00e4ure und Milchs\u00e4ure usw., um den Geschmack und die Transparenz ihrer Produkte zu verbessern.<\/span><\/span><\/p>\n","protected":false},"featured_media":302,"comment_status":"closed","ping_status":"closed","template":"","meta":[],"product_cat":[133],"product_tag":[],"class_list":["post-565","product","type-product","status-publish","has-post-thumbnail","hentry","product_cat-harze-fur-die-susstoffindustrie"],"_links":{"self":[{"href":"https:\/\/hydrolite.eu\/de\/wp-json\/wp\/v2\/product\/565","targetHints":{"allow":["GET"]}}],"collection":[{"href":"https:\/\/hydrolite.eu\/de\/wp-json\/wp\/v2\/product"}],"about":[{"href":"https:\/\/hydrolite.eu\/de\/wp-json\/wp\/v2\/types\/product"}],"replies":[{"embeddable":true,"href":"https:\/\/hydrolite.eu\/de\/wp-json\/wp\/v2\/comments?post=565"}],"wp:featuredmedia":[{"embeddable":true,"href":"https:\/\/hydrolite.eu\/de\/wp-json\/wp\/v2\/media\/302"}],"wp:attachment":[{"href":"https:\/\/hydrolite.eu\/de\/wp-json\/wp\/v2\/media?parent=565"}],"wp:term":[{"taxonomy":"product_cat","embeddable":true,"href":"https:\/\/hydrolite.eu\/de\/wp-json\/wp\/v2\/product_cat?post=565"},{"taxonomy":"product_tag","embeddable":true,"href":"https:\/\/hydrolite.eu\/de\/wp-json\/wp\/v2\/product_tag?post=565"}],"curies":[{"name":"wp","href":"https:\/\/api.w.org\/{rel}","templated":true}]}}