{"id":556,"date":"2022-05-23T21:19:43","date_gmt":"2022-05-23T18:19:43","guid":{"rendered":"https:\/\/hydrolite.eu\/product\/zg-d730-macroporous-strong-basic-anion-exchange-resin\/"},"modified":"2022-05-25T23:02:37","modified_gmt":"2022-05-25T20:02:37","slug":"zg-d730-macroporous-strong-basic-anion-exchange-resin","status":"publish","type":"product","link":"https:\/\/hydrolite.eu\/de\/product\/zg-d730-macroporous-strong-basic-anion-exchange-resin\/","title":{"rendered":"ZG D730 Makropor\u00f6ses starkes basisches Anionenaustauscherharz"},"content":{"rendered":"<h2 align=\"center\"><strong class=\"proname\"><span style=\"vertical-align: inherit;\"><span class=\"\" style=\"vertical-align: inherit;\">ZG D730 Makropor\u00f6ses starkes basisches Anionenaustauscherharz<\/span><\/span><\/strong><\/h2>\n<p>&nbsp;<\/p>\n<div class=\"xxx\">\n<p><strong><span style=\"vertical-align: inherit;\"><span style=\"vertical-align: inherit;\">1. Einleitung:<\/span><\/span><\/strong><\/p>\n<p><span style=\"vertical-align: inherit;\"><span style=\"vertical-align: inherit;\">ZGD730 ist ein makropor\u00f6ses, stark basisches Anionenaustauscherharz der Acryls\u00e4ure-Reihe, das in Chloridform geliefert wird. <\/span><span style=\"vertical-align: inherit;\">Aufgrund seiner Acryls\u00e4urematrix hat es eine hervorragende Anti-Verschmutzungs- und Elutionsf\u00e4higkeit, es kann mehrfach gro\u00dfe molekulare organische Stoffe absorbieren, die Entf\u00e4rbungsrate k\u00f6nnte 65-75 % erreichen, die Elutionsrate k\u00f6nnte mehr als 95 % betragen. <\/span><span style=\"vertical-align: inherit;\">Weit verbreitet zur Herstellung von Rohrzucker, R\u00fcbenzucker, raffiniertem Zucker usw. Seine geeignete Porengr\u00f6\u00dfe und makroretikul\u00e4re Struktur erm\u00f6glicht eine hervorragende Entfernung gro\u00dfer organischer Molek\u00fcle aus Fl\u00fcssigzucker und anderen Lebensmittelstr\u00f6men.<\/span><\/span><\/p>\n<p><span style=\"vertical-align: inherit;\"><span style=\"vertical-align: inherit;\">ZGD730 k\u00f6nnte auch angewendet werden, um die n\u00fctzlichen Elemente aus der Kr\u00e4utermedizin zu trennen und zu extrahieren, au\u00dferdem kann es Aktivkohle ersetzen, um einige farbige transparente Spirituosen zu entf\u00e4rben und zu verfeinern; <\/span><span style=\"vertical-align: inherit;\">Die Kosten sind niedriger als bei Aktivkohle.<\/span><\/span><\/p>\n<p><strong><span style=\"vertical-align: inherit;\"><span style=\"vertical-align: inherit;\">2. Physikalische und chemische Eigenschaften:<\/span><\/span><\/strong><\/p>\n<table border=\"1\" width=\"80%\" align=\"center\">\n<tbody>\n<tr>\n<td align=\"center\" valign=\"center\" width=\"50%\"><span style=\"vertical-align: inherit;\"><span style=\"vertical-align: inherit;\">Produkte<\/span><\/span><\/td>\n<td align=\"center\" valign=\"center\" width=\"50%\"><span style=\"vertical-align: inherit;\"><span style=\"vertical-align: inherit;\">Index<\/span><\/span><\/td>\n<\/tr>\n<tr>\n<td align=\"center\" valign=\"center\" width=\"50%\"><span style=\"vertical-align: inherit;\"><span style=\"vertical-align: inherit;\">Aussehen<\/span><\/span><\/td>\n<td align=\"center\" valign=\"center\" width=\"50%\"><span style=\"vertical-align: inherit;\"><span style=\"vertical-align: inherit;\">Milchig wei\u00dfe Perlen<\/span><\/span><\/td>\n<\/tr>\n<tr>\n<td align=\"center\" valign=\"center\" width=\"50%\"><span style=\"vertical-align: inherit;\"><span style=\"vertical-align: inherit;\">Matrix<\/span><\/span><\/td>\n<td align=\"center\" valign=\"top\" width=\"50%\"><span style=\"vertical-align: inherit;\"><span style=\"vertical-align: inherit;\">Acryls\u00e4ure<\/span><\/span><\/td>\n<\/tr>\n<tr>\n<td align=\"center\" valign=\"center\" width=\"50%\"><span style=\"vertical-align: inherit;\"><span style=\"vertical-align: inherit;\">Ionische Form<\/span><\/span><\/td>\n<td align=\"center\" valign=\"top\" width=\"50%\"><span style=\"vertical-align: inherit;\"><span style=\"vertical-align: inherit;\">CL<\/span><\/span><\/td>\n<\/tr>\n<tr>\n<td align=\"center\" valign=\"center\" width=\"50%\"><span style=\"vertical-align: inherit;\"><span style=\"vertical-align: inherit;\">Feuchtigkeitsgehalt %<\/span><\/span><\/td>\n<td align=\"center\" valign=\"top\" width=\"50%\"><span style=\"vertical-align: inherit;\"><span style=\"vertical-align: inherit;\">65,0 ~ 75,0<\/span><\/span><\/td>\n<\/tr>\n<tr>\n<td align=\"center\" valign=\"center\" width=\"50%\"><span style=\"vertical-align: inherit;\"><span style=\"vertical-align: inherit;\">Kapazit\u00e4t Basierend auf Volumen mmol\/ml<\/span><\/span><\/td>\n<td align=\"center\" valign=\"top\" width=\"50%\"><span style=\"vertical-align: inherit;\"><span style=\"vertical-align: inherit;\">\u2265 0,80<\/span><\/span><\/td>\n<\/tr>\n<tr>\n<td align=\"center\" valign=\"center\" width=\"50%\"><span style=\"vertical-align: inherit;\"><span style=\"vertical-align: inherit;\">Versandgewicht g\/ml<\/span><\/span><\/td>\n<td align=\"center\" valign=\"center\" width=\"50%\"><span style=\"vertical-align: inherit;\"><span style=\"vertical-align: inherit;\">0,65 ~ 0,72<\/span><\/span><\/td>\n<\/tr>\n<tr>\n<td align=\"center\" valign=\"center\" width=\"50%\"><span style=\"vertical-align: inherit;\"><span style=\"vertical-align: inherit;\">Wahre Dichte (nass) g\/ml<\/span><\/span><\/td>\n<td align=\"center\" valign=\"top\" width=\"50%\"><span style=\"vertical-align: inherit;\"><span style=\"vertical-align: inherit;\">1,03 ~ 1,10<\/span><\/span><\/td>\n<\/tr>\n<tr>\n<td align=\"center\" valign=\"center\" width=\"50%\"><span style=\"vertical-align: inherit;\"><span style=\"vertical-align: inherit;\">Partikelgr\u00f6\u00dfenbereich %<\/span><\/span><\/td>\n<td align=\"center\" valign=\"center\" width=\"50%\"><span style=\"vertical-align: inherit;\"><span style=\"vertical-align: inherit;\">\uff080,45\uff5e1,25 mm\uff09\u2265 95,0<\/span><\/span><\/td>\n<\/tr>\n<tr>\n<td align=\"center\" valign=\"center\" width=\"50%\"><span style=\"vertical-align: inherit;\"><span style=\"vertical-align: inherit;\">Niedrig Begrenzt %<\/span><\/span><\/td>\n<td align=\"center\" valign=\"center\" width=\"50%\"><span style=\"vertical-align: inherit;\"><span style=\"vertical-align: inherit;\">\uff08\uff1c0,45 mm\uff09 \u2264 1,0<\/span><\/span><\/td>\n<\/tr>\n<tr>\n<td align=\"center\" valign=\"center\" width=\"50%\"><span style=\"vertical-align: inherit;\"><span style=\"vertical-align: inherit;\">Einheitlicher Koeffizient<\/span><\/span><\/td>\n<td align=\"center\" valign=\"center\" width=\"50%\"><span style=\"vertical-align: inherit;\"><span style=\"vertical-align: inherit;\">\u2264 1,60<\/span><\/span><\/td>\n<\/tr>\n<tr>\n<td align=\"center\" valign=\"center\" width=\"50%\"><span style=\"vertical-align: inherit;\"><span style=\"vertical-align: inherit;\">Ganze Perlen %<\/span><\/span><\/td>\n<td align=\"center\" valign=\"center\" width=\"50%\"><span style=\"vertical-align: inherit;\"><span style=\"vertical-align: inherit;\">\u2265 95,0<\/span><\/span><\/td>\n<\/tr>\n<\/tbody>\n<\/table>\n<p><strong><span style=\"vertical-align: inherit;\"><span style=\"vertical-align: inherit;\">3. Referenz:<\/span><\/span><\/strong><\/p>\n<table border=\"1\" width=\"80%\" align=\"center\">\n<tbody>\n<tr>\n<td align=\"center\" valign=\"center\" width=\"50%\"><span style=\"vertical-align: inherit;\"><span style=\"vertical-align: inherit;\">Produkte<\/span><\/span><\/td>\n<td align=\"center\" valign=\"center\" width=\"50%\"><span style=\"vertical-align: inherit;\"><span style=\"vertical-align: inherit;\">Referenz<\/span><\/span><\/td>\n<\/tr>\n<tr>\n<td align=\"center\" valign=\"center\" width=\"50%\"><span style=\"vertical-align: inherit;\"><span style=\"vertical-align: inherit;\">Temperatur \u2103<\/span><\/span><\/td>\n<td align=\"center\" valign=\"center\" width=\"50%\"><span style=\"vertical-align: inherit;\"><span style=\"vertical-align: inherit;\">\u2264 80 (CL)<\/span><\/span><\/td>\n<\/tr>\n<tr>\n<td align=\"center\" valign=\"center\" width=\"50%\"><span style=\"vertical-align: inherit;\"><span style=\"vertical-align: inherit;\">Betth\u00f6he mm<\/span><\/span><\/td>\n<td align=\"center\" valign=\"center\" width=\"50%\"><span style=\"vertical-align: inherit;\"><span style=\"vertical-align: inherit;\">\u2265 700<\/span><\/span><\/td>\n<\/tr>\n<tr>\n<td align=\"center\" valign=\"center\" width=\"50%\"><span style=\"vertical-align: inherit;\"><span style=\"vertical-align: inherit;\">R\u00fccksp\u00fclung Flexible Rate %<\/span><\/span><\/td>\n<td align=\"center\" valign=\"center\" width=\"50%\"><span style=\"vertical-align: inherit;\"><span style=\"vertical-align: inherit;\">50 ~ 75<\/span><\/span><\/td>\n<\/tr>\n<tr>\n<td align=\"center\" valign=\"center\" width=\"50%\"><span style=\"vertical-align: inherit;\"><span style=\"vertical-align: inherit;\">Durchflussrate BV\/h betreiben<\/span><\/span><\/td>\n<td align=\"center\" valign=\"center\" width=\"50%\"><span style=\"vertical-align: inherit;\"><span style=\"vertical-align: inherit;\">5~10<\/span><\/span><\/td>\n<\/tr>\n<\/tbody>\n<\/table>\n<p><strong><span style=\"vertical-align: inherit;\"><span style=\"vertical-align: inherit;\">4. Bedienungsanleitung<\/span><\/span><\/strong><\/p>\n<table border=\"1\" width=\"80%\" align=\"center\">\n<tbody>\n<tr>\n<td align=\"center\" valign=\"center\" width=\"105\"><span style=\"vertical-align: inherit;\"><span style=\"vertical-align: inherit;\">Betrieb<\/span><\/span><\/td>\n<td align=\"center\" valign=\"center\" width=\"143\"><span style=\"vertical-align: inherit;\"><span style=\"vertical-align: inherit;\">L\u00f6sung<\/span><\/span><\/td>\n<td align=\"center\" valign=\"center\" width=\"138\"><span style=\"vertical-align: inherit;\"><span style=\"vertical-align: inherit;\">Durchflussrate (BV\/h)<\/span><\/span><\/td>\n<td align=\"center\" valign=\"center\" width=\"124\"><span style=\"vertical-align: inherit;\"><span style=\"vertical-align: inherit;\">Dosierung (BV)<\/span><\/span><\/td>\n<\/tr>\n<tr>\n<td align=\"center\" valign=\"center\" width=\"105\"><span style=\"vertical-align: inherit;\"><span style=\"vertical-align: inherit;\">Zuckerr\u00fcckgewinnung<\/span><\/span><\/td>\n<td align=\"center\" valign=\"center\" width=\"143\"><span style=\"vertical-align: inherit;\"><span style=\"vertical-align: inherit;\">Sauberes Wasser<\/span><\/span><\/td>\n<td align=\"center\" valign=\"center\" width=\"138\"><span style=\"vertical-align: inherit;\"><span style=\"vertical-align: inherit;\">2,0 ~ 4,0<\/span><\/span><\/td>\n<td align=\"center\" valign=\"center\" width=\"124\"><span style=\"vertical-align: inherit;\"><span style=\"vertical-align: inherit;\">2,0 ~ 3,0<\/span><\/span><\/td>\n<\/tr>\n<tr>\n<td align=\"center\" valign=\"center\" width=\"105\"><span style=\"vertical-align: inherit;\"><span style=\"vertical-align: inherit;\">R\u00fccken waschen<\/span><\/span><\/td>\n<td align=\"center\" valign=\"center\" width=\"143\"><span style=\"vertical-align: inherit;\"><span style=\"vertical-align: inherit;\">Sauberes Wasser<\/span><\/span><\/td>\n<td align=\"center\" valign=\"center\" width=\"138\"><span style=\"vertical-align: inherit;\"><span style=\"vertical-align: inherit;\">2,0 ~ 4,0<\/span><\/span><\/td>\n<td align=\"center\" valign=\"center\" width=\"124\"><span style=\"vertical-align: inherit;\"><span style=\"vertical-align: inherit;\">1,5 ~ 2,0<\/span><\/span><\/td>\n<\/tr>\n<tr>\n<td align=\"center\" valign=\"center\" width=\"105\"><span style=\"vertical-align: inherit;\"><span style=\"vertical-align: inherit;\">Regenerieren<\/span><\/span><\/td>\n<td align=\"center\" valign=\"top\" width=\"143\"><span style=\"vertical-align: inherit;\"><span style=\"vertical-align: inherit;\">8 ~ 10 % NaCl + 0,5<\/span><\/span><\/p>\n<p><span style=\"vertical-align: inherit;\"><span style=\"vertical-align: inherit;\">~2% NaOH gemischte Fl\u00fcssigkeit<\/span><\/span><\/td>\n<td align=\"center\" valign=\"center\" width=\"138\"><span style=\"vertical-align: inherit;\"><span style=\"vertical-align: inherit;\">1,5 ~ 2,0<\/span><\/span><\/td>\n<td align=\"center\" valign=\"center\" width=\"124\"><span style=\"vertical-align: inherit;\"><span style=\"vertical-align: inherit;\">2,5 ~ 3,5<\/span><\/span><\/td>\n<\/tr>\n<tr>\n<td align=\"center\" valign=\"center\" width=\"105\"><span style=\"vertical-align: inherit;\"><span style=\"vertical-align: inherit;\">Ersatz<\/span><\/span><\/td>\n<td align=\"center\" valign=\"top\" width=\"143\"><span style=\"vertical-align: inherit;\"><span style=\"vertical-align: inherit;\">Reines Wasser<\/span><\/span><\/td>\n<td align=\"center\" valign=\"top\" width=\"138\"><span style=\"vertical-align: inherit;\"><span style=\"vertical-align: inherit;\">1,0 ~ 2,0<\/span><\/span><\/td>\n<td align=\"center\" valign=\"top\" width=\"124\"><span style=\"vertical-align: inherit;\"><span style=\"vertical-align: inherit;\">1,5 ~ 2,0<\/span><\/span><\/td>\n<\/tr>\n<tr>\n<td align=\"center\" valign=\"center\" width=\"105\"><span style=\"vertical-align: inherit;\"><span style=\"vertical-align: inherit;\">Sp\u00fclen<\/span><\/span><\/td>\n<td align=\"center\" valign=\"top\" width=\"143\"><span style=\"vertical-align: inherit;\"><span style=\"vertical-align: inherit;\">Reines Wasser<\/span><\/span><\/td>\n<td align=\"center\" valign=\"top\" width=\"138\"><span style=\"vertical-align: inherit;\"><span style=\"vertical-align: inherit;\">10~15<\/span><\/span><\/td>\n<td align=\"center\" valign=\"top\" width=\"124\"><span style=\"vertical-align: inherit;\"><span style=\"vertical-align: inherit;\">4,0 ~ 6,0<\/span><\/span><\/td>\n<\/tr>\n<tr>\n<td align=\"center\" valign=\"center\" width=\"105\"><span style=\"vertical-align: inherit;\"><span style=\"vertical-align: inherit;\">Sp\u00fclung<\/span><\/span><\/td>\n<td align=\"center\" valign=\"top\" width=\"143\"><span style=\"vertical-align: inherit;\"><span style=\"vertical-align: inherit;\">Original-Lik\u00f6r<\/span><\/span><\/td>\n<td align=\"center\" valign=\"top\" width=\"138\"><span style=\"vertical-align: inherit;\"><span style=\"vertical-align: inherit;\">2,0 ~ 4,0<\/span><\/span><\/td>\n<td align=\"center\" valign=\"top\" width=\"124\"><span style=\"vertical-align: inherit;\"><span style=\"vertical-align: inherit;\">30~60<\/span><\/span><\/td>\n<\/tr>\n<\/tbody>\n<\/table>\n<p><span style=\"vertical-align: inherit;\"><span style=\"vertical-align: inherit;\">Hinweis: Wenn mit dem R\u00fccksp\u00fclen begonnen wird, sollte die Durchflussrate langsam sein, nachdem alle Harze flexibel geworden sind, die R\u00fccksp\u00fcldurchflussrate schrittweise erh\u00f6hen, nachdem die Harze voll funktionsf\u00e4hig sind, eine stabile R\u00fccksp\u00fcldurchflussrate bis zum Ausgangswasser der R\u00fccksp\u00fclung ist sauber.<\/span><\/span><\/p>\n<p><strong><span style=\"vertical-align: inherit;\"><span style=\"vertical-align: inherit;\">6. Out Feed Decolorize Ratio Curve in Operate<\/span><\/span><\/strong><\/p>\n<p><strong><span style=\"vertical-align: inherit;\"><span style=\"vertical-align: inherit;\">Herstellungsort: Stadt Ningbo, China.<\/span><\/span><\/strong><\/p>\n<p><strong><span style=\"vertical-align: inherit;\"><span style=\"vertical-align: inherit;\">Vertrieb: Versand von ZG Ningbo Factory in alle Provinzen in China und \u00dcbersee.<\/span><\/span><\/strong><\/p>\n<\/div>\n","protected":false},"excerpt":{"rendered":"<p><span style=\"vertical-align: inherit;\"><span style=\"vertical-align: inherit;\">ZGD730 ist ein makropor\u00f6ses, stark basisches Anionenaustauscherharz der Acryls\u00e4ure-Reihe, das in Chloridform geliefert wird. <\/span><span style=\"vertical-align: inherit;\">Aufgrund seiner Acryls\u00e4urematrix hat es eine hervorragende Anti-Verschmutzungs- und Elutionsf\u00e4higkeit, es kann mehrfach gro\u00dfe molekulare organische Stoffe absorbieren, die Entf\u00e4rbungsrate k\u00f6nnte 65-75 % erreichen, die Elutionsrate k\u00f6nnte mehr als 95 % betragen. <\/span><span style=\"vertical-align: inherit;\">Weit verbreitet zur Herstellung von Rohrzucker, R\u00fcbenzucker, raffiniertem Zucker usw. Seine geeignete Porengr\u00f6\u00dfe und makroretikul\u00e4re Struktur erm\u00f6glicht eine hervorragende Entfernung gro\u00dfer organischer Molek\u00fcle aus Fl\u00fcssigzucker und anderen Lebensmittelstr\u00f6men.<\/span><\/span><\/p>\n<p><span style=\"vertical-align: inherit;\"><span style=\"vertical-align: inherit;\">ZGD730 k\u00f6nnte auch angewendet werden, um die n\u00fctzlichen Elemente aus der Kr\u00e4utermedizin zu trennen und zu extrahieren, au\u00dferdem kann es Aktivkohle ersetzen, um einige farbige transparente Spirituosen zu entf\u00e4rben und zu verfeinern; <\/span><span style=\"vertical-align: inherit;\">Die Kosten sind niedriger als bei Aktivkohle.<\/span><\/span><\/p>\n","protected":false},"featured_media":302,"comment_status":"closed","ping_status":"closed","template":"","meta":[],"product_cat":[133],"product_tag":[],"class_list":["post-556","product","type-product","status-publish","has-post-thumbnail","hentry","product_cat-harze-fur-die-susstoffindustrie"],"_links":{"self":[{"href":"https:\/\/hydrolite.eu\/de\/wp-json\/wp\/v2\/product\/556","targetHints":{"allow":["GET"]}}],"collection":[{"href":"https:\/\/hydrolite.eu\/de\/wp-json\/wp\/v2\/product"}],"about":[{"href":"https:\/\/hydrolite.eu\/de\/wp-json\/wp\/v2\/types\/product"}],"replies":[{"embeddable":true,"href":"https:\/\/hydrolite.eu\/de\/wp-json\/wp\/v2\/comments?post=556"}],"wp:featuredmedia":[{"embeddable":true,"href":"https:\/\/hydrolite.eu\/de\/wp-json\/wp\/v2\/media\/302"}],"wp:attachment":[{"href":"https:\/\/hydrolite.eu\/de\/wp-json\/wp\/v2\/media?parent=556"}],"wp:term":[{"taxonomy":"product_cat","embeddable":true,"href":"https:\/\/hydrolite.eu\/de\/wp-json\/wp\/v2\/product_cat?post=556"},{"taxonomy":"product_tag","embeddable":true,"href":"https:\/\/hydrolite.eu\/de\/wp-json\/wp\/v2\/product_tag?post=556"}],"curies":[{"name":"wp","href":"https:\/\/api.w.org\/{rel}","templated":true}]}}