{"id":4635,"date":"2025-09-21T13:38:52","date_gmt":"2025-10-27T12:59:52","guid":{"rendered":"https:\/\/hydrolite.eu\/?post_type=product&#038;p=4635"},"modified":"2026-05-07T18:04:19","modified_gmt":"2026-05-07T15:04:19","slug":"zgc-107dq-styrol-serie-stark-saure-kationenaustauscherharze","status":"publish","type":"product","link":"https:\/\/hydrolite.eu\/de\/product\/zgc-107dq-styrol-serie-stark-saure-kationenaustauscherharze\/","title":{"rendered":"ZGC 107DQ Styrol-Serie stark saure Kationenaustauscherharze"},"content":{"rendered":"<table border=\"0\" width=\"100%\" cellspacing=\"1\" cellpadding=\"0\" align=\"center\" bgcolor=\"dee8f3\">\n<tbody>\n<tr>\n<td align=\"left\" bgcolor=\"054696\" width=\"70%\" height=\"50\">\n<div class=\"zzzzz1\" align=\"center\"><span style=\"vertical-align: inherit;\"><span style=\"vertical-align: inherit;\"><span dir=\"auto\" style=\"vertical-align: inherit;\"><span dir=\"auto\" style=\"vertical-align: inherit;\">Stark saure Kationenaustauscherharze der ZGC 107DQ Styrol-Serie<\/span><\/span><\/span><\/span><\/div>\n<\/td>\n<\/tr>\n<tr>\n<td style=\"padding: 20px;\" align=\"left\" bgcolor=\"#FFFFFF\"><strong><span style=\"vertical-align: inherit;\"><span style=\"vertical-align: inherit;\"><span dir=\"auto\" style=\"vertical-align: inherit;\"><span dir=\"auto\" style=\"vertical-align: inherit;\">1. Beschreibung<\/span><\/span><\/span><\/span><\/strong><\/p>\n<p><span style=\"vertical-align: inherit;\"><span style=\"vertical-align: inherit;\"><span dir=\"auto\" style=\"vertical-align: inherit;\"><span dir=\"auto\" style=\"vertical-align: inherit;\">Hydrolite ZGC107DQ ist ein Kationenaustauscherharz, das eine Sulfongruppe (-SO3H <\/span><\/span><\/span><\/span><sub><span style=\"vertical-align: inherit;\"><span style=\"vertical-align: inherit;\"><span dir=\"auto\" style=\"vertical-align: inherit;\"><span dir=\"auto\" style=\"vertical-align: inherit;\">)<\/span><\/span><\/span><\/span><\/sub><span style=\"vertical-align: inherit;\"><span style=\"vertical-align: inherit;\"><span dir=\"auto\" style=\"vertical-align: inherit;\"><span dir=\"auto\" style=\"vertical-align: inherit;\"> in einem Styrol-Divinylbenzol-Copolymer mit einem Vernetzungsgrad von 7 % enth\u00e4lt. Es wird prim\u00e4r zur Enth\u00e4rtung von hartem Wasser und zur Herstellung von reinem Wasser sowie in der Hydrometallurgie, Zuckerproduktion, Pharmazie und der Herstellung von Mononatriumglutamat verwendet. Es kann auch als Katalysator und Dehydratisierungsmittel eingesetzt werden.<\/span><\/span><\/span><\/span><\/p>\n<p>&nbsp;<\/p>\n<p align=\"left\"><strong><span style=\"vertical-align: inherit;\"><span style=\"vertical-align: inherit;\"><span dir=\"auto\" style=\"vertical-align: inherit;\"><span dir=\"auto\" style=\"vertical-align: inherit;\">2. Typische physikalische und chemische Eigenschaften:<\/span><\/span><\/span><\/span><\/strong><\/p>\n<table style=\"width: 90%;\" border=\"0\" width=\"90%\" cellspacing=\"1\" cellpadding=\"0\" align=\"center\">\n<tbody>\n<tr>\n<td>PARAMETER<\/td>\n<td>DATEN<\/td>\n<\/tr>\n<tr>\n<td>Aussehen<\/td>\n<td>Palmengelbes bis dunkelbraunes kugelf\u00f6rmiges Granulat<\/td>\n<\/tr>\n<tr>\n<td>Ionische Form<\/td>\n<td>Na<\/td>\n<\/tr>\n<tr>\n<td>Feuchtigkeitsgehalt %<\/td>\n<td>48.00-52.00<\/td>\n<\/tr>\n<tr>\n<td>Gesamtaustauschkapazit\u00e4t, mmol\/g<\/td>\n<td>\u22654.50<\/td>\n<\/tr>\n<tr>\n<td>Gesamtaustauschkapazit\u00e4t, mmol\/ml<br \/>\nmmol\/sm3<\/td>\n<td>\u22651,90<\/td>\n<\/tr>\n<tr>\n<td>Versandgewicht g\/ml<\/td>\n<td>0,77-0,87<\/td>\n<\/tr>\n<tr>\n<td>Dichte g\/ml<\/td>\n<td>1.250-1.290<\/td>\n<\/tr>\n<tr>\n<td>Partikelgr\u00f6\u00dfe, %<\/td>\n<td>(0.315 mm-1.250 mm) \u226595.0<\/td>\n<\/tr>\n<tr>\n<td>Mindestgr\u00f6\u00dfe, %<\/td>\n<td>(&lt;0.315 mm) \u22641.0<\/td>\n<\/tr>\n<tr>\n<td>Effektive Gr\u00f6\u00dfe, mm<\/td>\n<td>0,350-0,550 \/ 0,400-0,700 \/ 0,450-0,850<\/td>\n<\/tr>\n<tr>\n<td>Homogenit\u00e4tskoeffizient<\/td>\n<td>\u22641,60<\/td>\n<\/tr>\n<tr>\n<td>Osmotische Stabilit\u00e4t, %<\/td>\n<td>\u226585<\/td>\n<\/tr>\n<tr>\n<td>Sph\u00e4rizit\u00e4t nach Abrieb, %<\/td>\n<td>\u226590.00<\/td>\n<\/tr>\n<tr>\n<td>Spezifisches Volumen in H-Form, cm3\/g<\/td>\n<td>\u22642,8<\/td>\n<\/tr>\n<\/tbody>\n<\/table>\n<div style=\"clear: both;\"><\/div>\n<p align=\"left\"><strong><span style=\"vertical-align: inherit;\"><span style=\"vertical-align: inherit;\"><span dir=\"auto\" style=\"vertical-align: inherit;\"><span dir=\"auto\" style=\"vertical-align: inherit;\">3. Referenzindikatoren f\u00fcr die Anwendung<\/span><\/span><\/span><\/span><\/strong><\/p>\n<table style=\"width: 90%;\" border=\"0\" width=\"90%\" cellspacing=\"1\" cellpadding=\"0\" align=\"center\">\n<tbody>\n<tr>\n<td>PARAMETER<\/td>\n<td>Referenzwert<\/td>\n<\/tr>\n<tr>\n<td>pH-Bereich<\/td>\n<td>1-14<\/td>\n<\/tr>\n<tr>\n<td>Max. Betriebstemperatur in Natriumform \u00b0C<\/td>\n<td>120<\/td>\n<\/tr>\n<tr>\n<td>Quellung bei vollst\u00e4ndiger Umwandlung (Na <sup>+<\/sup> -H <sup>+<\/sup> ) %<\/td>\n<td>\u226410<\/td>\n<\/tr>\n<tr>\n<td>Arbeitsaustauschkapazit\u00e4t mmol\/l<\/td>\n<td>\u22651200<\/td>\n<\/tr>\n<tr>\n<td>Betriebsdurchflussrate m\/h<\/td>\n<td>15-30<\/td>\n<\/tr>\n<\/tbody>\n<\/table>\n<\/td>\n<\/tr>\n<\/tbody>\n<\/table>\n<div id=\"gtx-trans\" style=\"position: absolute; left: 73px; top: 1.63068px;\">\n<div class=\"gtx-trans-icon\"><\/div>\n<\/div>\n<p>&nbsp;<\/p>\n","protected":false},"excerpt":{"rendered":"<p>Stark saure Kationenaustauscherharze der ZGC 107DQ Styrol-Serie 1. Beschreibung Hydrolite ZGC107DQ ist ein Kationenaustauscherharz, das eine Sulfongruppe (-SO3H ) in einem Styrol-Divinylbenzol-Copolymer mit einem Vernetzungsgrad von 7 % enth\u00e4lt. Es wird prim\u00e4r zur Enth\u00e4rtung von hartem Wasser und zur Herstellung von reinem Wasser sowie in der Hydrometallurgie, Zuckerproduktion, Pharmazie und der Herstellung von Mononatriumglutamat verwendet&#8230;.<\/p>\n","protected":false},"featured_media":1270,"comment_status":"closed","ping_status":"closed","template":"","meta":[],"product_cat":[507,637],"product_tag":[],"class_list":["post-4635","product","type-product","status-publish","has-post-thumbnail","hentry","product_cat-produkte","product_cat-trinkwasser-und-lebensmittelindustrie"],"_links":{"self":[{"href":"https:\/\/hydrolite.eu\/de\/wp-json\/wp\/v2\/product\/4635","targetHints":{"allow":["GET"]}}],"collection":[{"href":"https:\/\/hydrolite.eu\/de\/wp-json\/wp\/v2\/product"}],"about":[{"href":"https:\/\/hydrolite.eu\/de\/wp-json\/wp\/v2\/types\/product"}],"replies":[{"embeddable":true,"href":"https:\/\/hydrolite.eu\/de\/wp-json\/wp\/v2\/comments?post=4635"}],"wp:featuredmedia":[{"embeddable":true,"href":"https:\/\/hydrolite.eu\/de\/wp-json\/wp\/v2\/media\/1270"}],"wp:attachment":[{"href":"https:\/\/hydrolite.eu\/de\/wp-json\/wp\/v2\/media?parent=4635"}],"wp:term":[{"taxonomy":"product_cat","embeddable":true,"href":"https:\/\/hydrolite.eu\/de\/wp-json\/wp\/v2\/product_cat?post=4635"},{"taxonomy":"product_tag","embeddable":true,"href":"https:\/\/hydrolite.eu\/de\/wp-json\/wp\/v2\/product_tag?post=4635"}],"curies":[{"name":"wp","href":"https:\/\/api.w.org\/{rel}","templated":true}]}}