{"id":4059,"date":"2025-09-21T13:38:30","date_gmt":"2025-10-19T19:57:06","guid":{"rendered":"https:\/\/hydrolite.eu\/?post_type=product&#038;p=4059"},"modified":"2025-10-19T22:57:06","modified_gmt":"2025-10-19T19:57:06","slug":"zgnr8715-gel-ionenaustauscherharz","status":"publish","type":"product","link":"https:\/\/hydrolite.eu\/de\/product\/zgnr8715-gel-ionenaustauscherharz\/","title":{"rendered":"ZGNR8715 Gel-Ionenaustauscherharz"},"content":{"rendered":"<table border=\"0\" width=\"100%\" cellspacing=\"1\" cellpadding=\"0\" align=\"center\" bgcolor=\"dee8f3\">\n<tbody>\n<tr>\n<td align=\"left\" bgcolor=\"054696\" width=\"70%\" height=\"50\">\n<div class=\"zzzzz1\" align=\"center\"><span style=\"vertical-align: inherit;\"><span style=\"vertical-align: inherit;\"><span dir=\"auto\" style=\"vertical-align: inherit;\"><span dir=\"auto\" style=\"vertical-align: inherit;\">ZGNR8715 Gel-Ionenaustauscherharz<\/span><\/span><\/span><\/span><\/div>\n<\/td>\n<\/tr>\n<tr>\n<td style=\"padding: 20px;\" align=\"left\" bgcolor=\"#FFFFFF\"><strong><span style=\"vertical-align: inherit;\"><span style=\"vertical-align: inherit;\"><span dir=\"auto\" style=\"vertical-align: inherit;\"><span dir=\"auto\" style=\"vertical-align: inherit;\">PRODUKTBESCHREIBUNG<\/span><\/span><\/span><\/span><\/strong><br \/>\n<span style=\"vertical-align: inherit;\"><span style=\"vertical-align: inherit;\"><span dir=\"auto\" style=\"vertical-align: inherit;\"><span dir=\"auto\" style=\"vertical-align: inherit;\"> ZGNR 8715 ist ein gebrauchsfertiges Mischharz, bestehend aus einem stark sauren und einem stark basischen (Typ 1) Gel-Kationen- und Anionenaustauscherharz. Beide Komponenten sind hochreduziert und speziell gereinigt, um den Anforderungen der Halbleiterindustrie gerecht zu werden. ZGNR8715 hat eine geringe TOC-Freisetzung und einen geringen Ionenverbrauch f\u00fcr Einweganwendungen. ZGNR8715 <\/span><\/span><\/span><\/span><br \/>\n<span style=\"vertical-align: inherit;\"><span style=\"vertical-align: inherit;\"><span dir=\"auto\" style=\"vertical-align: inherit;\"><span dir=\"auto\" style=\"vertical-align: inherit;\">ist auf die Gesamtkapazit\u00e4t der Komponenten ZGCNR50 und ZGANR170 im Verh\u00e4ltnis 1:1,5 abgestimmt. <\/span><\/span><\/span><span style=\"vertical-align: inherit;\"><span dir=\"auto\" style=\"vertical-align: inherit;\"><span dir=\"auto\" style=\"vertical-align: inherit;\">ZGNR 8715 ist ein gebrauchsfertiges Mischharz <\/span><\/span><\/span><\/span><strong><span style=\"vertical-align: inherit;\"><span style=\"vertical-align: inherit;\"><span dir=\"auto\" style=\"vertical-align: inherit;\"><span dir=\"auto\" style=\"vertical-align: inherit;\">.<\/span><\/span><\/span><\/span><\/strong><br \/>\n<span style=\"vertical-align: inherit;\"><span style=\"vertical-align: inherit;\"><span dir=\"auto\" style=\"vertical-align: inherit;\"><span dir=\"auto\" style=\"vertical-align: inherit;\"> Es eignet sich f\u00fcr die Herstellung von Reinstwasser und die neuesten nicht-prozessierenden, hochreinen Wasserpolierer in der Halbleiterindustrie. Es hat eine h\u00f6here Austauschkapazit\u00e4t und ausgezeichnete antiosmotische Stabilit\u00e4t. <\/span><\/span><\/span><\/span><strong><span style=\"vertical-align: inherit;\"><span style=\"vertical-align: inherit;\"><span dir=\"auto\" style=\"vertical-align: inherit;\"><span dir=\"auto\" style=\"vertical-align: inherit;\">PHYSIKALISCHE UND CHEMISCHE EIGENSCHAFTEN<\/span><\/span><\/span><\/span><\/strong><\/p>\n<table border=\"0\" width=\"100%\" cellspacing=\"1\" bgcolor=\"#CCCCCC\">\n<tbody>\n<tr>\n<td valign=\"center\" bgcolor=\"fffaee\" height=\"50\">\n<p align=\"center\"><span style=\"vertical-align: inherit;\"><span style=\"vertical-align: inherit;\"><span dir=\"auto\" style=\"vertical-align: inherit;\"><span dir=\"auto\" style=\"vertical-align: inherit;\">Aussehen<\/span><\/span><\/span><\/span><\/p>\n<\/td>\n<td valign=\"center\" bgcolor=\"fffaee\" height=\"50\">\n<p align=\"center\"><span dir=\"auto\" style=\"vertical-align: inherit;\"><span dir=\"auto\" style=\"vertical-align: inherit;\">Gelform<\/span><\/span><\/p>\n<\/td>\n<\/tr>\n<tr>\n<td valign=\"center\" bgcolor=\"#FFFFFF\" height=\"50\">\n<p align=\"center\"><span style=\"vertical-align: inherit;\"><span style=\"vertical-align: inherit;\"><span dir=\"auto\" style=\"vertical-align: inherit;\"><span dir=\"auto\" style=\"vertical-align: inherit;\">Matrix<\/span><\/span><\/span><\/span><\/p>\n<\/td>\n<td valign=\"center\" bgcolor=\"#FFFFFF\" height=\"50\">\n<p align=\"center\"><span style=\"vertical-align: inherit;\"><span style=\"vertical-align: inherit;\"><span dir=\"auto\" style=\"vertical-align: inherit;\"><span dir=\"auto\" style=\"vertical-align: inherit;\">Styrol &#8211; DVB<\/span><\/span><\/span><\/span><\/p>\n<\/td>\n<\/tr>\n<tr>\n<td valign=\"center\" bgcolor=\"#FFFFFF\" height=\"50\">\n<p align=\"center\"><span style=\"vertical-align: inherit;\"><span style=\"vertical-align: inherit;\"><span dir=\"auto\" style=\"vertical-align: inherit;\"><span dir=\"auto\" style=\"vertical-align: inherit;\">Funktionelle Gruppe<\/span><\/span><\/span><\/span><\/p>\n<\/td>\n<td valign=\"center\" bgcolor=\"#FFFFFF\" height=\"50\">\n<p align=\"center\"><span style=\"vertical-align: inherit;\"><span style=\"vertical-align: inherit;\"><span dir=\"auto\" style=\"vertical-align: inherit;\"><span dir=\"auto\" style=\"vertical-align: inherit;\">Schwefels\u00e4ure\/quart\u00e4res Amin<\/span><\/span><\/span><\/span><\/p>\n<\/td>\n<\/tr>\n<tr>\n<td valign=\"center\" bgcolor=\"#FFFFFF\" height=\"50\">\n<p align=\"center\"><span style=\"vertical-align: inherit;\"><span style=\"vertical-align: inherit;\"><span dir=\"auto\" style=\"vertical-align: inherit;\"><span dir=\"auto\" style=\"vertical-align: inherit;\">Ionische Form<\/span><\/span><\/span><\/span><\/p>\n<\/td>\n<td valign=\"center\" bgcolor=\"#FFFFFF\" height=\"50\">\n<p align=\"center\"><span style=\"vertical-align: inherit;\"><span style=\"vertical-align: inherit;\"><span dir=\"auto\" style=\"vertical-align: inherit;\"><span dir=\"auto\" style=\"vertical-align: inherit;\">H+\/OH-<\/span><\/span><\/span><\/span><\/p>\n<\/td>\n<\/tr>\n<tr>\n<td valign=\"center\" bgcolor=\"#FFFFFF\" height=\"50\">\n<p align=\"center\"><span style=\"vertical-align: inherit;\"><span style=\"vertical-align: inherit;\"><span dir=\"auto\" style=\"vertical-align: inherit;\"><span dir=\"auto\" style=\"vertical-align: inherit;\">Feuchtigkeitsgehalt %<\/span><\/span><\/span><\/span><\/p>\n<\/td>\n<td valign=\"center\" bgcolor=\"#FFFFFF\" height=\"50\">\n<p align=\"center\"><span style=\"vertical-align: inherit;\"><span style=\"vertical-align: inherit;\"><span dir=\"auto\" style=\"vertical-align: inherit;\"><span dir=\"auto\" style=\"vertical-align: inherit;\">53 &#8211; 63<\/span><\/span><\/span><\/span><\/p>\n<\/td>\n<\/tr>\n<tr>\n<td valign=\"center\" bgcolor=\"#FFFFFF\" height=\"50\">\n<p align=\"center\"><span style=\"vertical-align: inherit;\"><span style=\"vertical-align: inherit;\"><span dir=\"auto\" style=\"vertical-align: inherit;\"><span dir=\"auto\" style=\"vertical-align: inherit;\">Versandgewicht g\/ml<\/span><\/span><\/span><\/span><\/p>\n<\/td>\n<td valign=\"center\" bgcolor=\"#FFFFFF\" height=\"50\">\n<p align=\"center\"><span style=\"vertical-align: inherit;\"><span style=\"vertical-align: inherit;\"><span dir=\"auto\" style=\"vertical-align: inherit;\"><span dir=\"auto\" style=\"vertical-align: inherit;\">0,68\u20130,78<\/span><\/span><\/span><\/span><\/p>\n<\/td>\n<\/tr>\n<tr>\n<td valign=\"center\" bgcolor=\"#FFFFFF\" height=\"50\">\n<p align=\"center\"><span style=\"vertical-align: inherit;\"><span style=\"vertical-align: inherit;\"><span dir=\"auto\" style=\"vertical-align: inherit;\"><span dir=\"auto\" style=\"vertical-align: inherit;\">Granulometrische Zusammensetzung (0,45\u20131,25 mm) min. %<\/span><\/span><\/span><\/span><\/p>\n<\/td>\n<td valign=\"center\" bgcolor=\"#FFFFFF\" height=\"50\">\n<p align=\"center\"><span style=\"vertical-align: inherit;\"><span style=\"vertical-align: inherit;\"><span dir=\"auto\" style=\"vertical-align: inherit;\"><span dir=\"auto\" style=\"vertical-align: inherit;\">95<\/span><\/span><\/span><\/span><\/p>\n<\/td>\n<\/tr>\n<tr>\n<td valign=\"center\" bgcolor=\"#FFFFFF\" height=\"50\">\n<p align=\"center\"><span style=\"vertical-align: inherit;\"><span style=\"vertical-align: inherit;\"><span dir=\"auto\" style=\"vertical-align: inherit;\"><span dir=\"auto\" style=\"vertical-align: inherit;\">Homogenit\u00e4tskoeffizient min<\/span><\/span><\/span><\/span><\/p>\n<\/td>\n<td valign=\"center\" bgcolor=\"#FFFFFF\" height=\"50\">\n<p align=\"center\"><span style=\"vertical-align: inherit;\"><span style=\"vertical-align: inherit;\"><span dir=\"auto\" style=\"vertical-align: inherit;\"><span dir=\"auto\" style=\"vertical-align: inherit;\">1,60<\/span><\/span><\/span><\/span><\/p>\n<\/td>\n<\/tr>\n<tr>\n<td valign=\"center\" bgcolor=\"#FFFFFF\" height=\"50\">\n<p align=\"center\"><span style=\"vertical-align: inherit;\"><span style=\"vertical-align: inherit;\"><span dir=\"auto\" style=\"vertical-align: inherit;\"><span dir=\"auto\" style=\"vertical-align: inherit;\">Regenerationsgrad min. %<\/span><\/span><\/span><\/span><\/p>\n<\/td>\n<td valign=\"center\" bgcolor=\"#FFFFFF\" height=\"50\">\n<p align=\"center\"><span style=\"vertical-align: inherit;\"><span style=\"vertical-align: inherit;\"><span dir=\"auto\" style=\"vertical-align: inherit;\"><span dir=\"auto\" style=\"vertical-align: inherit;\">99\/85<\/span><\/span><\/span><\/span><\/p>\n<\/td>\n<\/tr>\n<\/tbody>\n<\/table>\n<\/td>\n<\/tr>\n<\/tbody>\n<\/table>\n<div id=\"gtx-trans\" style=\"position: absolute; left: 114px; top: 46.0852px;\">\n<div class=\"gtx-trans-icon\"><\/div>\n<\/div>\n","protected":false},"excerpt":{"rendered":"<p>ZGNR8715 Gel-Ionenaustauscherharz PRODUKTBESCHREIBUNG ZGNR 8715 ist ein gebrauchsfertiges Mischharz, bestehend aus einem stark sauren und einem stark basischen (Typ 1) Gel-Kationen- und Anionenaustauscherharz. Beide Komponenten sind hochreduziert und speziell gereinigt, um den Anforderungen der Halbleiterindustrie gerecht zu werden. ZGNR8715 hat eine geringe TOC-Freisetzung und einen geringen Ionenverbrauch f\u00fcr Einweganwendungen. ZGNR8715 ist auf die Gesamtkapazit\u00e4t der&#8230;<\/p>\n","protected":false},"featured_media":1270,"comment_status":"closed","ping_status":"closed","template":"","meta":[],"product_cat":[624,301,446,507,286],"product_tag":[],"class_list":["post-4059","product","type-product","status-publish","has-post-thumbnail","hentry","product_cat-gangige-harze","product_cat-industrie-de","product_cat-kernenergie-de","product_cat-produkte","product_cat-reinstes-wasser"],"_links":{"self":[{"href":"https:\/\/hydrolite.eu\/de\/wp-json\/wp\/v2\/product\/4059","targetHints":{"allow":["GET"]}}],"collection":[{"href":"https:\/\/hydrolite.eu\/de\/wp-json\/wp\/v2\/product"}],"about":[{"href":"https:\/\/hydrolite.eu\/de\/wp-json\/wp\/v2\/types\/product"}],"replies":[{"embeddable":true,"href":"https:\/\/hydrolite.eu\/de\/wp-json\/wp\/v2\/comments?post=4059"}],"wp:featuredmedia":[{"embeddable":true,"href":"https:\/\/hydrolite.eu\/de\/wp-json\/wp\/v2\/media\/1270"}],"wp:attachment":[{"href":"https:\/\/hydrolite.eu\/de\/wp-json\/wp\/v2\/media?parent=4059"}],"wp:term":[{"taxonomy":"product_cat","embeddable":true,"href":"https:\/\/hydrolite.eu\/de\/wp-json\/wp\/v2\/product_cat?post=4059"},{"taxonomy":"product_tag","embeddable":true,"href":"https:\/\/hydrolite.eu\/de\/wp-json\/wp\/v2\/product_tag?post=4059"}],"curies":[{"name":"wp","href":"https:\/\/api.w.org\/{rel}","templated":true}]}}