{"id":4052,"date":"2025-09-21T13:38:31","date_gmt":"2025-10-19T19:39:33","guid":{"rendered":"https:\/\/hydrolite.eu\/?post_type=product&#038;p=4052"},"modified":"2025-10-19T22:39:33","modified_gmt":"2025-10-19T19:39:33","slug":"zg-a-398-spezifisches-makroporoeses-copolymer-aus-styrol-und-dvb-mit-quark-ammoniumradikal-nch33oh-anionenaustauscherharz","status":"publish","type":"product","link":"https:\/\/hydrolite.eu\/de\/product\/zg-a-398-spezifisches-makroporoeses-copolymer-aus-styrol-und-dvb-mit-quark-ammoniumradikal-nch33oh-anionenaustauscherharz\/","title":{"rendered":"ZG A 398 spezifisches makropor\u00f6ses Copolymer aus Styrol und DVB mit Quark-Ammoniumradikal [-N(CH3)3OH] Anionenaustauscherharz"},"content":{"rendered":"<table border=\"0\" width=\"100%\" cellspacing=\"1\" cellpadding=\"0\" align=\"center\" bgcolor=\"dee8f3\">\n<tbody>\n<tr>\n<td align=\"left\" bgcolor=\"054696\" width=\"70%\" height=\"50\">\n<div class=\"zzzzz1\" align=\"center\"><span style=\"vertical-align: inherit;\"><span style=\"vertical-align: inherit;\"><span dir=\"auto\" style=\"vertical-align: inherit;\"><span class=\"\" dir=\"auto\" style=\"vertical-align: inherit;\">ZG A 398 spezifisches makropor\u00f6ses Copolymer aus Styrol und DVB mit Quark-Ammoniumradikal [-N(CH3)3OH] Anionenaustauscherharz<\/span><\/span><\/span><\/span><\/div>\n<\/td>\n<\/tr>\n<tr>\n<td style=\"padding: 20px;\" align=\"left\" bgcolor=\"#FFFFFF\">\n<p align=\"justify\"><span style=\"vertical-align: inherit;\"><span style=\"vertical-align: inherit;\"><span dir=\"auto\" style=\"vertical-align: inherit;\"><span dir=\"auto\" style=\"vertical-align: inherit;\">ZG A 398 der Marke Zheng Guang ist ein spezielles makropor\u00f6ses Copolymer mit einem kationischen Ammoniumradikal [-N(CH3 <\/span><\/span><\/span><\/span><sub><span style=\"vertical-align: inherit;\"><span style=\"vertical-align: inherit;\"><span dir=\"auto\" style=\"vertical-align: inherit;\"><span dir=\"auto\" style=\"vertical-align: inherit;\">)<\/span><\/span><\/span><\/span><\/sub><span style=\"vertical-align: inherit;\"><span style=\"vertical-align: inherit;\"><span dir=\"auto\" style=\"vertical-align: inherit;\"><span dir=\"auto\" style=\"vertical-align: inherit;\"> 3OH <\/span><\/span><\/span><\/span><sub><span style=\"vertical-align: inherit;\"><span style=\"vertical-align: inherit;\"><span dir=\"auto\" style=\"vertical-align: inherit;\"><span dir=\"auto\" style=\"vertical-align: inherit;\">]<\/span><\/span><\/span><\/span><\/sub><span style=\"vertical-align: inherit;\"><span style=\"vertical-align: inherit;\"><span dir=\"auto\" style=\"vertical-align: inherit;\"><span dir=\"auto\" style=\"vertical-align: inherit;\"> -Anionenaustauscherharz. Es verf\u00fcgt \u00fcber eine spezielle Zellstruktur und eine gro\u00dfe Oberfl\u00e4che, wodurch es gro\u00dfe Lebermolek\u00fcle adsorbieren kann und eine hohe Best\u00e4ndigkeit gegen organische Verunreinigungen aufweist.<\/span><\/span><\/span><\/span><\/p>\n<p align=\"justify\"><strong><span style=\"vertical-align: inherit;\"><span style=\"vertical-align: inherit;\"><span dir=\"auto\" style=\"vertical-align: inherit;\"><span dir=\"auto\" style=\"vertical-align: inherit;\">1: HARZEIGENSCHAFTEN<\/span><\/span><\/span><\/span><\/strong><\/p>\n<p align=\"justify\"><span style=\"vertical-align: inherit;\"><span style=\"vertical-align: inherit;\"><span dir=\"auto\" style=\"vertical-align: inherit;\"><span dir=\"auto\" style=\"vertical-align: inherit;\">Das stark basische Anionenaustauscherharz ZG A 398 (Typ Cl) der Marke Zheng Guang bietet folgende Vorteile:<\/span><\/span><\/span><\/span><\/p>\n<p align=\"justify\"><span style=\"vertical-align: inherit;\"><span style=\"vertical-align: inherit;\"><span dir=\"auto\" style=\"vertical-align: inherit;\"><span dir=\"auto\" style=\"vertical-align: inherit;\">1. Starke Adsorption von Hepatrome-Molek\u00fclen. Durch die Adsorption der gleichen Anzahl von Hepatrome-Molek\u00fclen ist die verwendete Harzmasse geringer.<\/span><\/span><\/span><\/span><\/p>\n<p align=\"justify\"><span style=\"vertical-align: inherit;\"><span style=\"vertical-align: inherit;\"><span dir=\"auto\" style=\"vertical-align: inherit;\"><span dir=\"auto\" style=\"vertical-align: inherit;\">2. Die Vorbehandlung vor Gebrauch ist sehr einfach und spart Geld. Sp\u00fclen Sie das neue Harz dreimal mit klarem Wasser ab und lassen Sie es \u00fcber Nacht in klarem Wasser bei 25\u201330 \u00b0C liegen. Am n\u00e4chsten Tag sp\u00fclen und filtern Sie das Harz mehrmals. Danach ist es einsatzbereit.<\/span><\/span><\/span><\/span><\/p>\n<p align=\"justify\"><span style=\"vertical-align: inherit;\"><span style=\"vertical-align: inherit;\"><span dir=\"auto\" style=\"vertical-align: inherit;\"><span dir=\"auto\" style=\"vertical-align: inherit;\">3. Das Harz ist besonders widerstandsf\u00e4hig gegen organische Verschmutzungen, was die Nachbehandlung nicht nur einfach, sondern auch bequem macht. Oberfl\u00e4chenverunreinigungen werden mit klarem Wasser entfernt. Anschlie\u00dfend wird das Harz zwei Stunden lang bei 40\u201350 \u00b0C unter st\u00e4ndigem R\u00fchren in einer alkalischen L\u00f6sung (8 % NaOH + 20 % NaCl) mit der doppelten Menge seines Eigengewichts (Harzgewicht) eingelegt. Anschlie\u00dfend wird es mit klarem Wasser (pH 7) gesp\u00fclt und gefiltert. Danach ist das Harz einsatzbereit.<\/span><\/span><\/span><\/span><\/p>\n<p align=\"justify\"><strong><span style=\"vertical-align: inherit;\"><span style=\"vertical-align: inherit;\"><span dir=\"auto\" style=\"vertical-align: inherit;\"><span dir=\"auto\" style=\"vertical-align: inherit;\">2: LAGERUNG<\/span><\/span><\/span><\/span><\/strong><\/p>\n<p align=\"justify\"><span style=\"vertical-align: inherit;\"><span style=\"vertical-align: inherit;\"><span dir=\"auto\" style=\"vertical-align: inherit;\"><span dir=\"auto\" style=\"vertical-align: inherit;\">Das Harz sollte im Innenbereich und vor direkter Sonneneinstrahlung gesch\u00fctzt gelagert werden. Die Verpackung nicht zerrei\u00dfen, um Wasserverlust zu vermeiden. Sollte das Harz Wasser verloren haben, f\u00fcgen Sie nach und nach eine ges\u00e4ttigte Salzl\u00f6sung hinzu und lassen Sie es mehrere Stunden marinieren. Anschlie\u00dfend verd\u00fcnnen Sie es nach und nach mit Wasser, um Sch\u00e4den zu vermeiden.<\/span><\/span><\/span><\/span><\/p>\n<p align=\"justify\"><strong><span style=\"vertical-align: inherit;\"><span style=\"vertical-align: inherit;\"><span dir=\"auto\" style=\"vertical-align: inherit;\"><span dir=\"auto\" style=\"vertical-align: inherit;\">3: GEBRAUCHS- UND LAGERTEMPERATUR<\/span><\/span><\/span><\/span><\/strong><\/p>\n<p align=\"justify\"><span style=\"vertical-align: inherit;\"><span style=\"vertical-align: inherit;\"><span dir=\"auto\" style=\"vertical-align: inherit;\"><span dir=\"auto\" style=\"vertical-align: inherit;\">Die Temperatur sollte 60 \u00b0C nicht \u00fcberschreiten. Bei 0 bis 25 \u00b0C lagern. Wenn die Umgebungstemperatur unter 0 \u00b0C liegt, sollte das Harz in einer ges\u00e4ttigten Salzl\u00f6sung gelagert werden.<\/span><\/span><\/span><\/span><\/p>\n<\/td>\n<\/tr>\n<\/tbody>\n<\/table>\n","protected":false},"excerpt":{"rendered":"<p>ZG A 398 spezifisches makropor\u00f6ses Copolymer aus Styrol und DVB mit Quark-Ammoniumradikal [-N(CH3)3OH] Anionenaustauscherharz ZG A 398 der Marke Zheng Guang ist ein spezielles makropor\u00f6ses Copolymer mit einem kationischen Ammoniumradikal [-N(CH3 ) 3OH ] -Anionenaustauscherharz. Es verf\u00fcgt \u00fcber eine spezielle Zellstruktur und eine gro\u00dfe Oberfl\u00e4che, wodurch es gro\u00dfe Lebermolek\u00fcle adsorbieren kann und eine hohe Best\u00e4ndigkeit&#8230;<\/p>\n","protected":false},"featured_media":1270,"comment_status":"closed","ping_status":"closed","template":"","meta":[],"product_cat":[624,507],"product_tag":[],"class_list":["post-4052","product","type-product","status-publish","has-post-thumbnail","hentry","product_cat-gangige-harze","product_cat-produkte"],"_links":{"self":[{"href":"https:\/\/hydrolite.eu\/de\/wp-json\/wp\/v2\/product\/4052","targetHints":{"allow":["GET"]}}],"collection":[{"href":"https:\/\/hydrolite.eu\/de\/wp-json\/wp\/v2\/product"}],"about":[{"href":"https:\/\/hydrolite.eu\/de\/wp-json\/wp\/v2\/types\/product"}],"replies":[{"embeddable":true,"href":"https:\/\/hydrolite.eu\/de\/wp-json\/wp\/v2\/comments?post=4052"}],"wp:featuredmedia":[{"embeddable":true,"href":"https:\/\/hydrolite.eu\/de\/wp-json\/wp\/v2\/media\/1270"}],"wp:attachment":[{"href":"https:\/\/hydrolite.eu\/de\/wp-json\/wp\/v2\/media?parent=4052"}],"wp:term":[{"taxonomy":"product_cat","embeddable":true,"href":"https:\/\/hydrolite.eu\/de\/wp-json\/wp\/v2\/product_cat?post=4052"},{"taxonomy":"product_tag","embeddable":true,"href":"https:\/\/hydrolite.eu\/de\/wp-json\/wp\/v2\/product_tag?post=4052"}],"curies":[{"name":"wp","href":"https:\/\/api.w.org\/{rel}","templated":true}]}}