{"id":4051,"date":"2025-09-21T13:38:31","date_gmt":"2025-10-19T19:38:52","guid":{"rendered":"https:\/\/hydrolite.eu\/?post_type=product&#038;p=4051"},"modified":"2025-10-19T22:38:52","modified_gmt":"2025-10-19T19:38:52","slug":"das-austauschharz-zg-107so-hat-die-vorteile-der-lipophilie-und-hydrophobie","status":"publish","type":"product","link":"https:\/\/hydrolite.eu\/de\/product\/das-austauschharz-zg-107so-hat-die-vorteile-der-lipophilie-und-hydrophobie\/","title":{"rendered":"Das Austauschharz ZG 107SO hat die Vorteile der Lipophilie und Hydrophobie."},"content":{"rendered":"<table border=\"0\" width=\"100%\" cellspacing=\"1\" cellpadding=\"0\" align=\"center\" bgcolor=\"dee8f3\">\n<tbody>\n<tr>\n<td align=\"left\" bgcolor=\"054696\" width=\"70%\" height=\"50\">\n<div class=\"zzzzz1\" align=\"center\"><span style=\"vertical-align: inherit;\"><span style=\"vertical-align: inherit;\"><span dir=\"auto\" style=\"vertical-align: inherit;\"><span dir=\"auto\" style=\"vertical-align: inherit;\">Das Austauschharz ZG 107SO hat die Vorteile der Lipophilie und Hydrophobie.<\/span><\/span><\/span><\/span><\/div>\n<\/td>\n<\/tr>\n<tr>\n<td style=\"padding: 20px;\" align=\"left\" bgcolor=\"#FFFFFF\">\n<ol>\n<li><strong><span style=\"vertical-align: inherit;\"><span style=\"vertical-align: inherit;\"><span dir=\"auto\" style=\"vertical-align: inherit;\"><span dir=\"auto\" style=\"vertical-align: inherit;\">Beschreibung:\u00a0<\/span><\/span><\/span><\/span><\/strong><\/li>\n<\/ol>\n<p><span style=\"vertical-align: inherit;\"><span style=\"vertical-align: inherit;\"><span dir=\"auto\" style=\"vertical-align: inherit;\"><span dir=\"auto\" style=\"vertical-align: inherit;\">Die technische Grundlage der \u00d6lentfernung mit Austauscherharzen besteht darin, die lipophilen und hydrophoben Eigenschaften spezieller Hochtemperatur-Austauscherharze zu nutzen, um emulgierte \u00d6lmolek\u00fcle von \u00f6ll\u00f6slichen Molek\u00fclen zu trennen und gleichzeitig das \u00d6l zu entfernen. Durch die Installation eines Austauscherfilters an der \u00d6lentfernungsanlage kann das Austauscherharz \u00d6lmolek\u00fcle aus Wasser aufnehmen und an der Harzoberfl\u00e4che adsorbieren. Wenn die \u00d6ladsorption ihre Grenze erreicht, trennt sich das gesammelte \u00d6l auf nat\u00fcrliche Weise als \u00d6lgruppe ab, die dann in den \u00d6l-Wasser-Trennabschnitt der Maschine gelangt. ZG 107 SO ist ein spezielles Hochtemperatur-Austauscherharz f\u00fcr die \u00d6lentfernung mit dieser Technologie.<\/span><\/span><\/span><\/span><\/p>\n<p><strong style=\"color: #555555; font-family: inherit; font-size: inherit;\"><span style=\"vertical-align: inherit;\"><span style=\"vertical-align: inherit;\"><span dir=\"auto\" style=\"vertical-align: inherit;\"><span dir=\"auto\" style=\"vertical-align: inherit;\">2. Chemische und physikalische Eigenschaften:<\/span><\/span><\/span><\/span><\/strong><\/p>\n<table style=\"width: 451px;\" border=\"1\" cellspacing=\"0\">\n<tbody>\n<tr>\n<td style=\"width: 193px;\"><span style=\"vertical-align: inherit;\"><span style=\"vertical-align: inherit;\"><span dir=\"auto\" style=\"vertical-align: inherit;\"><span dir=\"auto\" style=\"vertical-align: inherit;\">Datentyp<\/span><\/span><\/span><\/span><\/td>\n<td style=\"width: 258px;\">\n<p align=\"center\"><span style=\"vertical-align: inherit;\"><span style=\"vertical-align: inherit;\"><span dir=\"auto\" style=\"vertical-align: inherit;\"><span dir=\"auto\" style=\"vertical-align: inherit;\">ZG107SO<\/span><\/span><\/span><\/span><\/p>\n<\/td>\n<\/tr>\n<tr>\n<td style=\"width: 193px;\"><span style=\"vertical-align: inherit;\"><span style=\"vertical-align: inherit;\"><span dir=\"auto\" style=\"vertical-align: inherit;\"><span dir=\"auto\" style=\"vertical-align: inherit;\">Luftfeuchtigkeit %<\/span><\/span><\/span><\/span><\/td>\n<td style=\"width: 258px;\">\n<p align=\"center\"><span style=\"vertical-align: inherit;\"><span style=\"vertical-align: inherit;\"><span dir=\"auto\" style=\"vertical-align: inherit;\"><span dir=\"auto\" style=\"vertical-align: inherit;\">40~55<\/span><\/span><\/span><\/span><\/p>\n<\/td>\n<\/tr>\n<tr>\n<td style=\"width: 193px;\"><span style=\"vertical-align: inherit;\"><span style=\"vertical-align: inherit;\"><span dir=\"auto\" style=\"vertical-align: inherit;\"><span dir=\"auto\" style=\"vertical-align: inherit;\">Versandgewicht g\/ml<\/span><\/span><\/span><\/span><\/td>\n<td style=\"width: 258px;\">\n<p align=\"center\"><span style=\"vertical-align: inherit;\"><span style=\"vertical-align: inherit;\"><span dir=\"auto\" style=\"vertical-align: inherit;\"><span dir=\"auto\" style=\"vertical-align: inherit;\">0,78~0,90<\/span><\/span><\/span><\/span><\/p>\n<\/td>\n<\/tr>\n<tr>\n<td style=\"width: 193px;\"><span style=\"vertical-align: inherit;\"><span style=\"vertical-align: inherit;\"><span dir=\"auto\" style=\"vertical-align: inherit;\"><span dir=\"auto\" style=\"vertical-align: inherit;\">Wahre Dichte g\/ml<\/span><\/span><\/span><\/span><\/td>\n<td style=\"width: 258px;\">\n<p align=\"center\"><span style=\"vertical-align: inherit;\"><span style=\"vertical-align: inherit;\"><span dir=\"auto\" style=\"vertical-align: inherit;\"><span dir=\"auto\" style=\"vertical-align: inherit;\">1,23~1,33<\/span><\/span><\/span><\/span><\/p>\n<\/td>\n<\/tr>\n<tr>\n<td style=\"width: 193px;\"><span style=\"vertical-align: inherit;\"><span style=\"vertical-align: inherit;\"><span dir=\"auto\" style=\"vertical-align: inherit;\"><span dir=\"auto\" style=\"vertical-align: inherit;\">Partikelgr\u00f6\u00dfe mm<\/span><\/span><\/span><\/span><\/td>\n<td style=\"width: 258px;\">\n<p align=\"center\"><span style=\"vertical-align: inherit;\"><span style=\"vertical-align: inherit;\"><span dir=\"auto\" style=\"vertical-align: inherit;\"><span dir=\"auto\" style=\"vertical-align: inherit;\">0,450~1,25<\/span><\/span><\/span><\/span><\/p>\n<\/td>\n<\/tr>\n<\/tbody>\n<\/table>\n<p>&nbsp;<\/td>\n<\/tr>\n<\/tbody>\n<\/table>\n","protected":false},"excerpt":{"rendered":"<p>Das Austauschharz ZG 107SO hat die Vorteile der Lipophilie und Hydrophobie. Beschreibung:\u00a0 Die technische Grundlage der \u00d6lentfernung mit Austauscherharzen besteht darin, die lipophilen und hydrophoben Eigenschaften spezieller Hochtemperatur-Austauscherharze zu nutzen, um emulgierte \u00d6lmolek\u00fcle von \u00f6ll\u00f6slichen Molek\u00fclen zu trennen und gleichzeitig das \u00d6l zu entfernen. Durch die Installation eines Austauscherfilters an der \u00d6lentfernungsanlage kann das Austauscherharz&#8230;<\/p>\n","protected":false},"featured_media":1270,"comment_status":"closed","ping_status":"closed","template":"","meta":[],"product_cat":[624,507],"product_tag":[],"class_list":["post-4051","product","type-product","status-publish","has-post-thumbnail","hentry","product_cat-gangige-harze","product_cat-produkte"],"_links":{"self":[{"href":"https:\/\/hydrolite.eu\/de\/wp-json\/wp\/v2\/product\/4051","targetHints":{"allow":["GET"]}}],"collection":[{"href":"https:\/\/hydrolite.eu\/de\/wp-json\/wp\/v2\/product"}],"about":[{"href":"https:\/\/hydrolite.eu\/de\/wp-json\/wp\/v2\/types\/product"}],"replies":[{"embeddable":true,"href":"https:\/\/hydrolite.eu\/de\/wp-json\/wp\/v2\/comments?post=4051"}],"wp:featuredmedia":[{"embeddable":true,"href":"https:\/\/hydrolite.eu\/de\/wp-json\/wp\/v2\/media\/1270"}],"wp:attachment":[{"href":"https:\/\/hydrolite.eu\/de\/wp-json\/wp\/v2\/media?parent=4051"}],"wp:term":[{"taxonomy":"product_cat","embeddable":true,"href":"https:\/\/hydrolite.eu\/de\/wp-json\/wp\/v2\/product_cat?post=4051"},{"taxonomy":"product_tag","embeddable":true,"href":"https:\/\/hydrolite.eu\/de\/wp-json\/wp\/v2\/product_tag?post=4051"}],"curies":[{"name":"wp","href":"https:\/\/api.w.org\/{rel}","templated":true}]}}