{"id":576,"date":"2022-02-22T02:12:05","date_gmt":"2022-02-21T23:12:05","guid":{"rendered":"https:\/\/hydrolite.eu\/about-us\/"},"modified":"2023-07-11T22:07:37","modified_gmt":"2023-07-11T19:07:37","slug":"gesellschaft","status":"publish","type":"page","link":"https:\/\/hydrolite.eu\/de\/gesellschaft\/","title":{"rendered":"Gesellschaft"},"content":{"rendered":"\t<div id=\"gap-412197079\" class=\"gap-element clearfix\" style=\"display:block; height:auto;\">\n\t\t\n<style>\n#gap-412197079 {\n  padding-top: 30px;\n}\n<\/style>\n\t<\/div>\n\t\n<div class=\"row row-large row-full-width\"  id=\"row-1753233658\">\n\n\t<div id=\"col-205780163\" class=\"col medium-8 small-12 large-8\"  >\n\t\t<div class=\"col-inner\"  >\n\t\t\t\n\t\t\t\n<h2 class=\"uppercase\">\u00dcber uns<\/h2>\n<h3>Diese Website ist die Website eines europ\u00e4ischen H\u00e4ndlers, EuroEcoTech Company (Deutschland).<\/h3>\n<p>Ionenaustauscherharze TM NIDROLIGHT gesellschaft &#8211; Innovatives und modernes Produkt.<\/p>\n<p>Unser Hersteller Ningbo Zhengguang Resin Co., Ltd. ist eine hundertprozentige Produktionsbasis von Zhejiang Zhengguang Industrial Co., Ltd. \u201eZhengguang\u201c ist eines der einflussreichsten chinesischen Unternehmen f\u00fcr die Herstellung und Anwendung von Ionenaustauscherharzen. Es wurde im Oktober 1969 gegr\u00fcndet und verf\u00fcgt \u00fcber mehr als 43 Jahre Erfahrung in der Forschung, Entwicklung und Herstellung von Ionenaustauscherharzen. Zhengguang ist au\u00dferdem stellvertretender Vorsitzender des China Ion Exchange Resin Committee und Mitglied der WQA.<\/p>\n<p>Ningbo Zhengguang Resin CO., Ltd befindet sich in der NINGBO PETROCHEMICAL ECONOMIC DEVELOPMENT ZONE. Das gesamte Planungsgebiet der Zone betr\u00e4gt 56,22 Quadratkilometer und wurde vom chinesischen Staatsrat am 30. Dezember 2011 offiziell als nationale Entwicklungszone genehmigt. Die NINGBO PETROCHEMICAL ECONOMIC DEVELOPMENT ZONE hat das gr\u00f6\u00dfte Fl\u00fcssigchemikaliendock des Landes, die gr\u00f6\u00dften petrochemischen Raffinerieunternehmen des Landes, Zhenhai Raffinerien und viele Chemieunternehmen. Diese Chemieunternehmen bieten einen bequemen Weg zum Einkauf von Rohstoffen, und gleichzeitig bietet der nahe gelegene Hafen von BEILUN auch g\u00fcnstige Bedingungen f\u00fcr den Import und Export von Rohstoffen und Produkten.<\/p>\n<p>Ningbo Zhengguang Resin Co., Ltd. beginnt im November 2007 mit dem Spatenstich und beginnt im September 2010 mit der Testproduktion. Ende 2011 wandte sich Ningbo Zhengguang Resin Co., Ltd. der normalen Produktion zu und erhielt die sichere Produktionslizenz die Abnahme der Inspektion von Umweltschutzeinrichtungen.<\/p>\n\t\t<\/div>\n\t\t\t<\/div>\n\n\t\n\n\t<div id=\"col-402869187\" class=\"col medium-4 small-12 large-4 small-col-first\"  >\n\t\t<div class=\"col-inner\"  >\n\t\t\t\n\t\t\t\n\t<div class=\"img has-hover x md-x lg-x y md-y lg-y\" id=\"image_1766234354\">\n\t\t\t\t\t\t\t\t<div class=\"img-inner dark\" >\n\t\t\t<img loading=\"lazy\" decoding=\"async\" width=\"1254\" height=\"841\" src=\"https:\/\/hydrolite.eu\/wp-content\/uploads\/2022\/05\/outside-of-workshop.jpg\" class=\"attachment-original size-original\" alt=\"hydrolite\" srcset=\"https:\/\/hydrolite.eu\/wp-content\/uploads\/2022\/05\/outside-of-workshop.jpg 1254w, https:\/\/hydrolite.eu\/wp-content\/uploads\/2022\/05\/outside-of-workshop-300x201.jpg 300w, https:\/\/hydrolite.eu\/wp-content\/uploads\/2022\/05\/outside-of-workshop-1024x687.jpg 1024w, https:\/\/hydrolite.eu\/wp-content\/uploads\/2022\/05\/outside-of-workshop-200x134.jpg 200w, https:\/\/hydrolite.eu\/wp-content\/uploads\/2022\/05\/outside-of-workshop-400x268.jpg 400w\" sizes=\"auto, (max-width: 1254px) 100vw, 1254px\" \/>\t\t\t\t\t\t\n\t\t\t\t\t<\/div>\n\t\t\t\t\t\t\t\t\n<style>\n#image_1766234354 {\n  width: 100%;\n}\n<\/style>\n\t<\/div>\n\t\n\t<div class=\"img has-hover x md-x lg-x y md-y lg-y\" id=\"image_16708034\">\n\t\t\t\t\t\t\t\t<div class=\"img-inner dark\" >\n\t\t\t<img loading=\"lazy\" decoding=\"async\" width=\"1502\" height=\"973\" src=\"https:\/\/hydrolite.eu\/wp-content\/uploads\/2022\/05\/material-farm.jpg\" class=\"attachment-original size-original\" alt=\"Company\" srcset=\"https:\/\/hydrolite.eu\/wp-content\/uploads\/2022\/05\/material-farm.jpg 1502w, https:\/\/hydrolite.eu\/wp-content\/uploads\/2022\/05\/material-farm-300x194.jpg 300w, https:\/\/hydrolite.eu\/wp-content\/uploads\/2022\/05\/material-farm-1024x663.jpg 1024w, https:\/\/hydrolite.eu\/wp-content\/uploads\/2022\/05\/material-farm-200x130.jpg 200w, https:\/\/hydrolite.eu\/wp-content\/uploads\/2022\/05\/material-farm-400x259.jpg 400w\" sizes=\"auto, (max-width: 1502px) 100vw, 1502px\" \/>\t\t\t\t\t\t\n\t\t\t\t\t<\/div>\n\t\t\t\t\t\t\t\t\n<style>\n#image_16708034 {\n  width: 100%;\n}\n<\/style>\n\t<\/div>\n\t\n\t\t<\/div>\n\t\t\t<\/div>\n\n\t\n<\/div>\n<div class=\"row row-large row-full-width\"  id=\"row-390519599\">\n\n\t<div id=\"col-690291957\" class=\"col medium-4 small-12 large-4\"  >\n\t\t<div class=\"col-inner\"  >\n\t\t\t\n\t\t\t\n\t<div class=\"img has-hover x md-x lg-x y md-y lg-y\" id=\"image_1153801791\">\n\t\t\t\t\t\t\t\t<div class=\"img-inner dark\" >\n\t\t\t<img loading=\"lazy\" decoding=\"async\" width=\"1020\" height=\"639\" src=\"https:\/\/hydrolite.eu\/wp-content\/uploads\/2022\/05\/workshop-1-1024x642.jpg\" class=\"attachment-large size-large\" alt=\"hydrolite\" srcset=\"https:\/\/hydrolite.eu\/wp-content\/uploads\/2022\/05\/workshop-1-1024x642.jpg 1024w, https:\/\/hydrolite.eu\/wp-content\/uploads\/2022\/05\/workshop-1-300x188.jpg 300w, https:\/\/hydrolite.eu\/wp-content\/uploads\/2022\/05\/workshop-1-200x125.jpg 200w, https:\/\/hydrolite.eu\/wp-content\/uploads\/2022\/05\/workshop-1-400x251.jpg 400w, https:\/\/hydrolite.eu\/wp-content\/uploads\/2022\/05\/workshop-1.jpg 1502w\" sizes=\"auto, (max-width: 1020px) 100vw, 1020px\" \/>\t\t\t\t\t\t\n\t\t\t\t\t<\/div>\n\t\t\t\t\t\t\t\t\n<style>\n#image_1153801791 {\n  width: 100%;\n}\n<\/style>\n\t<\/div>\n\t\n\t<div class=\"img has-hover x md-x lg-x y md-y lg-y\" id=\"image_1954746687\">\n\t\t\t\t\t\t\t\t<div class=\"img-inner dark\" >\n\t\t\t<img loading=\"lazy\" decoding=\"async\" width=\"1020\" height=\"680\" src=\"https:\/\/hydrolite.eu\/wp-content\/uploads\/2022\/05\/part-of-qc-1024x683.jpg\" class=\"attachment-large size-large\" alt=\"hydrolite\" srcset=\"https:\/\/hydrolite.eu\/wp-content\/uploads\/2022\/05\/part-of-qc-1024x683.jpg 1024w, https:\/\/hydrolite.eu\/wp-content\/uploads\/2022\/05\/part-of-qc-300x200.jpg 300w, https:\/\/hydrolite.eu\/wp-content\/uploads\/2022\/05\/part-of-qc-200x133.jpg 200w, https:\/\/hydrolite.eu\/wp-content\/uploads\/2022\/05\/part-of-qc-400x267.jpg 400w, https:\/\/hydrolite.eu\/wp-content\/uploads\/2022\/05\/part-of-qc.jpg 1180w\" sizes=\"auto, (max-width: 1020px) 100vw, 1020px\" \/>\t\t\t\t\t\t\n\t\t\t\t\t<\/div>\n\t\t\t\t\t\t\t\t\n<style>\n#image_1954746687 {\n  width: 100%;\n}\n<\/style>\n\t<\/div>\n\t\n\t\t<\/div>\n\t\t\t<\/div>\n\n\t\n\n\t<div id=\"col-1663815301\" class=\"col medium-8 small-12 large-8\"  >\n\t\t<div class=\"col-inner\"  >\n\t\t\t\n\t\t\t\n<p>\u201eZhengguang\u201c gesellschaft ist spezialisiert auf die Herstellung von Ionenaustauscherharz, biochemischem Trennmedium und makropor\u00f6sen Adsorptionsmitteln. <a href=\"https:\/\/hydrolite.eu\/shop\/\">Das Ionenaustauscherharz<\/a> hat vier Hauptserien von Produkten, als Styrol-Serie, Acryls\u00e4ure-Serie, Phenol-Aldehyd-Serie und Ring-Sauerstoff-Serie. Das biochemische Trennmedium umfasst Ionenaustauschchromatographiemedien, hydrophobe Interaktionschromatographiemedien, Affinit\u00e4tschromatographiemedien, Gelchromatographiemedien und aktivierte Zwischenprodukte, f\u00fcnf Typen, fast hundert Sorten. Die makropor\u00f6sen Adsorptionsmittel umfassen unpolares Sorbens, m\u00e4\u00dfig polares und polares Sorbens, drei Typen, fast Dutzende von Sorten. Die eingetragenen Warenzeichen sind \u201eZhengguang\u201c und \u201eHydorlite\u201c.<\/p>\n<p>\u201eZhengguang\u201c gesellschaft genie\u00dft ein hohes Ansehen bei den Kunden und der gleichen Branche durch seine hervorragende Produktqualit\u00e4t, f\u00fchrende Technologie und aufrichtige technische Dienstleistungen. \u201eZhengguang\u201c hat eine Reihe von Produkten der chinesischen Inlandsinitiative und erhielt \u201eCertificate of Nation New Key Product\u201c, \u201eCertificate of Technology Innovation Fund\u201c, \u201eNational Torch Plan\u201c, \u201eChina Electric Power Science and Technology Award\u201c, \u201e Gebrauchsmusterpatente\u201c, \u201eErfindungspatente\u201c usw. Ionenaustauscherharz der Marke \u201eZhengguang\u201c gewann viele Male die Bezeichnung \u201eBer\u00fchmtes Produkt der Provinz Zhejiang\u201c und die Marke \u201eZhengguang\u201c gewann die Bezeichnung \u201eBer\u00fchmte Marke der Provinz Zhejiang\u201c. F\u00fcr diese Auszeichnungen erhielt Zhengguang die Auszeichnung \u201eUnterst\u00fctzung nationaler High-Tech-Unternehmen\u201c, \u201eHigh-Tech-Unternehmen der Provinz Zhejiang\u201c und \u201eTechnologiezentrum f\u00fcr Unternehmen der <a href=\"https:\/\/en.wikipedia.org\/wiki\/Zhejiang\" target=\"_blank\" rel=\"noopener\">Provinz Zhejiang<\/a>\u201c.<\/p>\n<p>Ionenaustauscherharze der Marken \u201eZhengguang\u201c und \u201eHydrolite\u201c gesellschaft werden jetzt an alle Provinzen und Regionen in den Bereichen Strom, Elektronik, Kernenergie, Chemie, Leichtindustrie, Pharmazie, Lebensmittelindustrie, Getr\u00e4nke, Metallurgie und Umweltnutzung in China verkauft auch nach Amerika, Europa, Afrika und S\u00fcdostasien verkauft. Die Harze der Marke \u201eZhengguang\u201c spielen eine wichtige Rolle mit ihrer hervorragenden Leistung in der Kesselspeisewasser- und Kondensatbehandlung, Wasseraufbereitung des Prim\u00e4rkreislaufs und Sekund\u00e4rkreislaufs von Kernkraftwerken, Industriewasser und Reinstwasser in elektronischer Qualit\u00e4t, Lebensmittel und Medizin sowie Biochemie , haben eine gro\u00dfe Anzahl von Nutzungsleistung in der ganzen Welt.<\/p>\n\t\t<\/div>\n\t\t\t<\/div>\n\n\t\n<\/div>\n<div class=\"row row-large row-full-width\"  id=\"row-2024691532\">\n\n\t<div id=\"col-1175916627\" class=\"col medium-4 small-12 large-4\"  >\n\t\t<div class=\"col-inner\"  >\n\t\t\t\n\t\t\t\n<div role=\"form\" class=\"wpcf7\" id=\"wpcf7-f755-o1\" lang=\"ru-RU\" dir=\"ltr\">\n<div class=\"screen-reader-response\"><p role=\"status\" aria-live=\"polite\" aria-atomic=\"true\"><\/p> <ul><\/ul><\/div>\n<form action=\"\/de\/wp-json\/wp\/v2\/pages\/576#wpcf7-f755-o1\" method=\"post\" class=\"wpcf7-form init\" novalidate=\"novalidate\" data-status=\"init\">\n<div style=\"display: none;\">\n<input type=\"hidden\" name=\"_wpcf7\" value=\"755\" \/>\n<input type=\"hidden\" name=\"_wpcf7_version\" value=\"5.5.5\" \/>\n<input type=\"hidden\" name=\"_wpcf7_locale\" value=\"ru_RU\" \/>\n<input type=\"hidden\" name=\"_wpcf7_unit_tag\" value=\"wpcf7-f755-o1\" \/>\n<input type=\"hidden\" name=\"_wpcf7_container_post\" value=\"0\" \/>\n<input type=\"hidden\" name=\"_wpcf7_posted_data_hash\" value=\"\" \/>\n<\/div>\n<div class=\"form-flat\">\n<span class=\"wpcf7-form-control-wrap your-name\"><input type=\"text\" name=\"your-name\" value=\"\" size=\"40\" class=\"wpcf7-form-control wpcf7-text wpcf7-validates-as-required\" aria-required=\"true\" aria-invalid=\"false\" placeholder=\"Ihren Namen\" \/><\/span><\/p>\n<p><span class=\"wpcf7-form-control-wrap tel-640\"><input type=\"tel\" name=\"tel-640\" value=\"\" size=\"40\" class=\"wpcf7-form-control wpcf7-text wpcf7-tel wpcf7-validates-as-required wpcf7-validates-as-tel\" aria-required=\"true\" aria-invalid=\"false\" placeholder=\"Telefon\" \/><\/span><\/p>\n<p><span class=\"wpcf7-form-control-wrap your-email\"><input type=\"email\" name=\"your-email\" value=\"\" size=\"40\" class=\"wpcf7-form-control wpcf7-text wpcf7-email wpcf7-validates-as-required wpcf7-validates-as-email\" aria-required=\"true\" aria-invalid=\"false\" placeholder=\"Deine E-Mail\" \/><\/span> <\/p>\n<p><span class=\"wpcf7-form-control-wrap your-message\"><textarea name=\"your-message\" cols=\"40\" rows=\"10\" class=\"wpcf7-form-control wpcf7-textarea\" aria-invalid=\"false\" placeholder=\"Ihre Nachricht\"><\/textarea><\/span> <\/p>\n<p><input type=\"submit\" value=\"Einreichen\" class=\"wpcf7-form-control has-spinner wpcf7-submit button\" \/>\n<\/p><\/div>\n<div class=\"wpcf7-response-output\" aria-hidden=\"true\"><\/div><\/form><\/div>\n\t\t<\/div>\n\t\t\t<\/div>\n\n\t\n\n\t<div id=\"col-961894852\" class=\"col medium-8 small-12 large-8\"  >\n\t\t<div class=\"col-inner\"  >\n\t\t\t\n\t\t\t\n\t<div id=\"text-3201752529\" class=\"text\">\n\t\t\n<h2 class=\"uppercase\">M\u00f6chten Sie mit uns zusammenarbeiten?<\/h2>\n\t\t\n<style>\n#text-3201752529 {\n  text-align: center;\n}\n<\/style>\n\t<\/div>\n\t\n<p class=\"lead\">Schreiben Sie uns einfach.<\/p>\n\t\t<\/div>\n\t\t\t<\/div>\n\n\t\n<\/div>\n","protected":false},"excerpt":{"rendered":"","protected":false},"author":1,"featured_media":346,"parent":0,"menu_order":0,"comment_status":"closed","ping_status":"closed","template":"page-blank.php","meta":{"footnotes":""},"class_list":["post-576","page","type-page","status-publish","has-post-thumbnail","hentry"],"_links":{"self":[{"href":"https:\/\/hydrolite.eu\/de\/wp-json\/wp\/v2\/pages\/576","targetHints":{"allow":["GET"]}}],"collection":[{"href":"https:\/\/hydrolite.eu\/de\/wp-json\/wp\/v2\/pages"}],"about":[{"href":"https:\/\/hydrolite.eu\/de\/wp-json\/wp\/v2\/types\/page"}],"author":[{"embeddable":true,"href":"https:\/\/hydrolite.eu\/de\/wp-json\/wp\/v2\/users\/1"}],"replies":[{"embeddable":true,"href":"https:\/\/hydrolite.eu\/de\/wp-json\/wp\/v2\/comments?post=576"}],"version-history":[{"count":7,"href":"https:\/\/hydrolite.eu\/de\/wp-json\/wp\/v2\/pages\/576\/revisions"}],"predecessor-version":[{"id":1121,"href":"https:\/\/hydrolite.eu\/de\/wp-json\/wp\/v2\/pages\/576\/revisions\/1121"}],"wp:featuredmedia":[{"embeddable":true,"href":"https:\/\/hydrolite.eu\/de\/wp-json\/wp\/v2\/media\/346"}],"wp:attachment":[{"href":"https:\/\/hydrolite.eu\/de\/wp-json\/wp\/v2\/media?parent=576"}],"curies":[{"name":"wp","href":"https:\/\/api.w.org\/{rel}","templated":true}]}}