{"id":6360,"date":"2025-11-26T10:57:52","date_gmt":"2025-11-26T07:57:52","guid":{"rendered":"https:\/\/hydrolite.eu\/?post_type=product&#038;p=6360"},"modified":"2025-11-26T10:59:36","modified_gmt":"2025-11-26T07:59:36","slug":"zgc858-specialni-kationtomenicova-pryskyrice-pro-odstranovani-zeleza-a-zmekcovani-vody","status":"publish","type":"product","link":"https:\/\/hydrolite.eu\/cs\/product\/zgc858-specialni-kationtomenicova-pryskyrice-pro-odstranovani-zeleza-a-zmekcovani-vody\/","title":{"rendered":"ZGC858 Speci\u00e1ln\u00ed kationtom\u011bni\u010dov\u00e1 prysky\u0159ice pro odstra\u0148ov\u00e1n\u00ed \u017eeleza a zm\u011bk\u010dov\u00e1n\u00ed vody"},"content":{"rendered":"<p><span style=\"vertical-align: inherit;\"><span style=\"vertical-align: inherit;\"><span dir=\"auto\" style=\"vertical-align: inherit;\"><span dir=\"auto\" style=\"vertical-align: inherit;\">ZGC858 je siln\u011b kysel\u00e1 kationtom\u011bni\u010dov\u00e1 prysky\u0159ice s inertn\u00edm j\u00e1drem. Je ur\u010dena pro efektivn\u00ed a dlouhodob\u00e9 odstra\u0148ov\u00e1n\u00ed \u017eeleza a t\u011b\u017ek\u00fdch kov\u016f a zm\u011bk\u010dov\u00e1n\u00ed vody. M\u00e1 vysokou v\u00fdm\u011bnnou kapacitu a vynikaj\u00edc\u00ed fyzik\u00e1ln\u00ed a chemickou stabilitu.<\/span><\/span><\/span><\/span><\/p>\n<p><span style=\"vertical-align: inherit;\"><span style=\"vertical-align: inherit;\"><span dir=\"auto\" style=\"vertical-align: inherit;\"><span dir=\"auto\" style=\"vertical-align: inherit;\">Funk\u010dn\u00ed skupiny se nach\u00e1zej\u00ed pouze na povrchu prysky\u0159ice a jsou velmi bl\u00edzko sebe. V d\u016fsledku toho prob\u00edhaj\u00ed v\u0161echny reakce iontov\u00e9 v\u00fdm\u011bny v\u00fdhradn\u011b na povrchu prysky\u0159ice, co\u017e zabra\u0148uje \u00faniku iont\u016f a zaji\u0161\u0165uje \u00faplnou regeneraci prysky\u0159ice.<\/span><\/span><\/span><\/span><\/p>\n<p><span style=\"vertical-align: inherit;\"><span style=\"vertical-align: inherit;\"><span dir=\"auto\" style=\"vertical-align: inherit;\"><span dir=\"auto\" style=\"vertical-align: inherit;\">P\u0159i odstra\u0148ov\u00e1n\u00ed t\u011b\u017ek\u00fdch kov\u016f, jako je \u017eelezo a zinek, vykazuje prysky\u0159ice ZGC858 v porovn\u00e1n\u00ed s konven\u010dn\u00edmi sulfonov\u00fdmi kationtom\u011bni\u010dov\u00fdmi prysky\u0159icemi vynikaj\u00edc\u00ed v\u00fdkon, v\u010detn\u011b vysok\u00e9 \u00fa\u010dinnosti vym\u00fdv\u00e1n\u00ed, vysok\u00e9 rychlosti regenerace, n\u00edzk\u00e9 spot\u0159eby vody a vynikaj\u00edc\u00edch demineraliza\u010dn\u00edch vlastnost\u00ed, co\u017e vede k vynikaj\u00edc\u00edmu v\u00fdkonu. Nav\u00edc ve srovn\u00e1n\u00ed s konven\u010dn\u00edmi kationtom\u011bni\u010dov\u00fdmi prysky\u0159icemi je expanze a v\u00fdm\u011bna iont\u016f t\u011b\u017ek\u00fdch kov\u016f s touto prysky\u0159ic\u00ed pomalej\u0161\u00ed, co\u017e \u010din\u00ed prysky\u0159ici ZGC858 ide\u00e1ln\u00ed pro odstra\u0148ov\u00e1n\u00ed \u017eeleza, zinku a dal\u0161\u00edch t\u011b\u017ek\u00fdch kov\u016f z vodn\u00fdch i nevodn\u00fdch roztok\u016f.<\/span><\/span><\/span><\/span><\/p>\n<p><span style=\"vertical-align: inherit;\"><span style=\"vertical-align: inherit;\"><span dir=\"auto\" style=\"vertical-align: inherit;\"><span dir=\"auto\" style=\"vertical-align: inherit;\">B\u011bhem regenerace m\u016f\u017ee regenera\u010dn\u00ed roztok d\u00edky krat\u0161\u00edm difuzn\u00edm drah\u00e1m voln\u011b a \u00fapln\u011b proch\u00e1zet vnit\u0159n\u00edmi vrstvami prysky\u0159ice vysokou rychlost\u00ed, \u010d\u00edm\u017e se zvy\u0161uje rychlost regenerace. Vzhledem k tomu, \u017ee rychlost regenerace je b\u011bhem tohoto procesu dostate\u010dn\u011b vysok\u00e1, lze dos\u00e1hnout vysok\u00e9ho stupn\u011b demineralizace a sn\u00ed\u017eit \u00fanik vody na v\u00fdstupu. Proces vyluhov\u00e1n\u00ed prov\u00e1d\u011bn\u00fd po regeneraci d\u00e1le usnad\u0148uje odstra\u0148ov\u00e1n\u00ed sra\u017eenin, \u010d\u00edm\u017e se sni\u017euje spot\u0159eba vody.<\/span><\/span><\/span><\/span><\/p>\n<p><span style=\"vertical-align: inherit;\"><span style=\"vertical-align: inherit;\"><span dir=\"auto\" style=\"vertical-align: inherit;\"><span dir=\"auto\" style=\"vertical-align: inherit;\">D\u00edky sv\u00fdm jedine\u010dn\u00fdm vlastnostem je ZGC858 nejlep\u0161\u00edm produktem pro zm\u011bk\u010dov\u00e1n\u00ed vody, odstra\u0148ov\u00e1n\u00ed \u017eeleza a manganu.<\/span><\/span><\/span><\/span><\/p>\n<p><strong>\u00a0<\/strong><\/p>\n<p><strong><span style=\"vertical-align: inherit;\"><span style=\"vertical-align: inherit;\"><span dir=\"auto\" style=\"vertical-align: inherit;\"><span dir=\"auto\" style=\"vertical-align: inherit;\">Technick\u00e9 specifikace<\/span><\/span><\/span><\/span><\/strong><\/p>\n<p>&nbsp;<\/p>\n<table>\n<tbody>\n<tr>\n<td><span style=\"vertical-align: inherit;\"><span style=\"vertical-align: inherit;\"><span dir=\"auto\" style=\"vertical-align: inherit;\"><span dir=\"auto\" style=\"vertical-align: inherit;\">Vzhled<\/span><\/span><\/span><\/span><\/td>\n<td><span style=\"vertical-align: inherit;\"><span style=\"vertical-align: inherit;\"><span dir=\"auto\" style=\"vertical-align: inherit;\"><span dir=\"auto\" style=\"vertical-align: inherit;\">\u010cernohn\u011bd\u00e9 kulovit\u00e9 granule<\/span><\/span><\/span><\/span><\/td>\n<\/tr>\n<tr>\n<td><span style=\"vertical-align: inherit;\"><span style=\"vertical-align: inherit;\"><span dir=\"auto\" style=\"vertical-align: inherit;\"><span dir=\"auto\" style=\"vertical-align: inherit;\">Po\u010det cel\u00fdch sf\u00e9rick\u00fdch \u010d\u00e1stic<\/span><\/span><\/span><\/span><\/td>\n<td><span style=\"vertical-align: inherit;\"><span style=\"vertical-align: inherit;\"><span dir=\"auto\" style=\"vertical-align: inherit;\"><span dir=\"auto\" style=\"vertical-align: inherit;\">\u00a0&gt; 95 %<\/span><\/span><\/span><\/span><\/td>\n<\/tr>\n<tr>\n<td><span style=\"vertical-align: inherit;\"><span style=\"vertical-align: inherit;\"><span dir=\"auto\" style=\"vertical-align: inherit;\"><span dir=\"auto\" style=\"vertical-align: inherit;\">Iontov\u00e1 forma<\/span><\/span><\/span><\/span><\/td>\n<td><span style=\"vertical-align: inherit;\"><span style=\"vertical-align: inherit;\"><span dir=\"auto\" style=\"vertical-align: inherit;\"><span dir=\"auto\" style=\"vertical-align: inherit;\">Co<\/span><\/span><\/span><\/span><\/td>\n<\/tr>\n<tr>\n<td><span style=\"vertical-align: inherit;\"><span style=\"vertical-align: inherit;\"><span dir=\"auto\" style=\"vertical-align: inherit;\"><span dir=\"auto\" style=\"vertical-align: inherit;\">Velikost d\u00edl\u016f<\/span><\/span><\/span><\/span><\/td>\n<td><span dir=\"auto\" style=\"vertical-align: inherit;\"><span dir=\"auto\" style=\"vertical-align: inherit;\">0,315 \u2013 1,250 mm &gt; 95 %<\/span><\/span><\/td>\n<\/tr>\n<tr>\n<td><span style=\"vertical-align: inherit;\"><span style=\"vertical-align: inherit;\"><span dir=\"auto\" style=\"vertical-align: inherit;\"><span dir=\"auto\" style=\"vertical-align: inherit;\">Obsah vlhkosti, %<\/span><\/span><\/span><\/span><\/td>\n<td><span style=\"vertical-align: inherit;\"><span style=\"vertical-align: inherit;\"><span dir=\"auto\" style=\"vertical-align: inherit;\"><span dir=\"auto\" style=\"vertical-align: inherit;\">48 \u2013 56<\/span><\/span><\/span><\/span><\/td>\n<\/tr>\n<tr>\n<td><span style=\"vertical-align: inherit;\"><span style=\"vertical-align: inherit;\"><span dir=\"auto\" style=\"vertical-align: inherit;\"><span dir=\"auto\" style=\"vertical-align: inherit;\">Celkov\u00e1 v\u00fdm\u011bnn\u00e1 kapacita, mmol\/g<\/span><\/span><\/span><\/span><\/td>\n<td><span style=\"vertical-align: inherit;\"><span style=\"vertical-align: inherit;\"><span dir=\"auto\" style=\"vertical-align: inherit;\"><span dir=\"auto\" style=\"vertical-align: inherit;\">&gt;3,10<\/span><\/span><\/span><\/span><\/td>\n<\/tr>\n<tr>\n<td><span style=\"vertical-align: inherit;\"><span style=\"vertical-align: inherit;\"><span dir=\"auto\" style=\"vertical-align: inherit;\"><span dir=\"auto\" style=\"vertical-align: inherit;\">Celkov\u00e1 v\u00fdm\u011bnn\u00e1 kapacita, mmol\/ml<\/span><\/span><\/span><\/span><\/td>\n<td><span style=\"vertical-align: inherit;\"><span style=\"vertical-align: inherit;\"><span dir=\"auto\" style=\"vertical-align: inherit;\"><span dir=\"auto\" style=\"vertical-align: inherit;\">&gt;1,10<\/span><\/span><\/span><\/span><\/td>\n<\/tr>\n<tr>\n<td><span style=\"vertical-align: inherit;\"><span style=\"vertical-align: inherit;\"><span dir=\"auto\" style=\"vertical-align: inherit;\"><span dir=\"auto\" style=\"vertical-align: inherit;\">Doporu\u010den\u00e1 vypo\u010d\u00edtan\u00e1 kapacita mmol\/ml<\/span><\/span><\/span><\/span><\/td>\n<td><span style=\"vertical-align: inherit;\"><span style=\"vertical-align: inherit;\"><span dir=\"auto\" style=\"vertical-align: inherit;\"><span dir=\"auto\" style=\"vertical-align: inherit;\">0,8<\/span><\/span><\/span><\/span><\/td>\n<\/tr>\n<tr>\n<td><span style=\"vertical-align: inherit;\"><span style=\"vertical-align: inherit;\"><span dir=\"auto\" style=\"vertical-align: inherit;\"><span dir=\"auto\" style=\"vertical-align: inherit;\">Kapacita pro \u017eelezn\u00e9 ionty, gramy na 1 litr<\/span><\/span><\/span><\/span><\/td>\n<td><span style=\"vertical-align: inherit;\"><span style=\"vertical-align: inherit;\"><span dir=\"auto\" style=\"vertical-align: inherit;\"><span dir=\"auto\" style=\"vertical-align: inherit;\">14<\/span><\/span><\/span><\/span><\/td>\n<\/tr>\n<tr>\n<td><span style=\"vertical-align: inherit;\"><span style=\"vertical-align: inherit;\"><span dir=\"auto\" style=\"vertical-align: inherit;\"><span dir=\"auto\" style=\"vertical-align: inherit;\">Balen\u00ed v plastov\u00fdch kbel\u00edc\u00edch, l.<\/span><\/span><\/span><\/span><\/td>\n<td><span style=\"vertical-align: inherit;\"><span style=\"vertical-align: inherit;\"><span dir=\"auto\" style=\"vertical-align: inherit;\"><span dir=\"auto\" style=\"vertical-align: inherit;\">25<\/span><\/span><\/span><\/span><\/td>\n<\/tr>\n<\/tbody>\n<\/table>\n","protected":false},"excerpt":{"rendered":"<p>ZGC858 je siln\u011b kysel\u00e1 kationtom\u011bni\u010dov\u00e1 prysky\u0159ice s inertn\u00edm j\u00e1drem. Je ur\u010dena pro efektivn\u00ed a dlouhodob\u00e9 odstra\u0148ov\u00e1n\u00ed \u017eeleza a t\u011b\u017ek\u00fdch kov\u016f a zm\u011bk\u010dov\u00e1n\u00ed vody. M\u00e1 vysokou v\u00fdm\u011bnnou kapacitu a vynikaj\u00edc\u00ed fyzik\u00e1ln\u00ed a chemickou stabilitu. Funk\u010dn\u00ed skupiny se nach\u00e1zej\u00ed pouze na povrchu prysky\u0159ice a jsou velmi bl\u00edzko sebe. V d\u016fsledku toho prob\u00edhaj\u00ed v\u0161echny reakce iontov\u00e9 v\u00fdm\u011bny v\u00fdhradn\u011b&#8230;<\/p>\n","protected":false},"featured_media":6372,"comment_status":"closed","ping_status":"closed","template":"","meta":[],"product_cat":[743],"product_tag":[],"class_list":["post-6360","product","type-product","status-publish","has-post-thumbnail","hentry","product_cat-nezarazene"],"_links":{"self":[{"href":"https:\/\/hydrolite.eu\/cs\/wp-json\/wp\/v2\/product\/6360","targetHints":{"allow":["GET"]}}],"collection":[{"href":"https:\/\/hydrolite.eu\/cs\/wp-json\/wp\/v2\/product"}],"about":[{"href":"https:\/\/hydrolite.eu\/cs\/wp-json\/wp\/v2\/types\/product"}],"replies":[{"embeddable":true,"href":"https:\/\/hydrolite.eu\/cs\/wp-json\/wp\/v2\/comments?post=6360"}],"wp:featuredmedia":[{"embeddable":true,"href":"https:\/\/hydrolite.eu\/cs\/wp-json\/wp\/v2\/media\/6372"}],"wp:attachment":[{"href":"https:\/\/hydrolite.eu\/cs\/wp-json\/wp\/v2\/media?parent=6360"}],"wp:term":[{"taxonomy":"product_cat","embeddable":true,"href":"https:\/\/hydrolite.eu\/cs\/wp-json\/wp\/v2\/product_cat?post=6360"},{"taxonomy":"product_tag","embeddable":true,"href":"https:\/\/hydrolite.eu\/cs\/wp-json\/wp\/v2\/product_tag?post=6360"}],"curies":[{"name":"wp","href":"https:\/\/api.w.org\/{rel}","templated":true}]}}