{"id":6322,"date":"2025-11-24T01:25:31","date_gmt":"2025-11-23T22:25:31","guid":{"rendered":"https:\/\/hydrolite.eu\/?post_type=product&#038;p=6322"},"modified":"2025-11-24T01:25:31","modified_gmt":"2025-11-23T22:25:31","slug":"zgd860-makroporezni-azylfosfonatova-chelatova-pryskyrice","status":"publish","type":"product","link":"https:\/\/hydrolite.eu\/cs\/product\/zgd860-makroporezni-azylfosfonatova-chelatova-pryskyrice\/","title":{"rendered":"ZGD860 makropor\u00e9zn\u00ed azylfosfon\u00e1tov\u00e1 chel\u00e1tov\u00e1 prysky\u0159ice"},"content":{"rendered":"<p><strong><span style=\"vertical-align: inherit;\"><span style=\"vertical-align: inherit;\"><span dir=\"auto\" style=\"vertical-align: inherit;\"><span dir=\"auto\" style=\"vertical-align: inherit;\">1. Popis<\/span><\/span><\/span><\/span><\/strong><\/p>\n<p align=\"justify\"><span style=\"vertical-align: inherit;\"><span class=\"\" style=\"vertical-align: inherit;\"><span dir=\"auto\" style=\"vertical-align: inherit;\"><span dir=\"auto\" style=\"vertical-align: inherit;\">Prysky\u0159ice Zheng Guang D840 je chelata\u010dn\u00ed prysky\u0159ice obsahuj\u00edc\u00ed slab\u011b kyselou azylfosfon\u00e1tovou skupinu (-CH2NHCH2PO3- <\/span><\/span><\/span><\/span><span dir=\"auto\" style=\"vertical-align: inherit;\"><sub><span style=\"vertical-align: inherit;\"><span class=\"\" style=\"vertical-align: inherit;\"><span dir=\"auto\" style=\"vertical-align: inherit;\">) <\/span><\/span><\/span><\/sub><\/span><sub><span style=\"vertical-align: inherit;\"><span class=\"\" style=\"vertical-align: inherit;\"><span dir=\"auto\" style=\"vertical-align: inherit;\"><span dir=\"auto\" style=\"vertical-align: inherit;\">v<\/span><\/span><\/span><\/span><\/sub><span dir=\"auto\" style=\"vertical-align: inherit;\"><span style=\"vertical-align: inherit;\"><span class=\"\" style=\"vertical-align: inherit;\"><span dir=\"auto\" style=\"vertical-align: inherit;\"> kopolymeru styren- dietheniov\u00e9ho benzenu s makropor\u00e9zn\u00ed strukturou. Tento produkt <\/span><\/span><\/span><sub><span style=\"vertical-align: inherit;\"><span class=\"\" style=\"vertical-align: inherit;\"><span dir=\"auto\" style=\"vertical-align: inherit;\">je<\/span><\/span><\/span><\/sub><\/span><span style=\"vertical-align: inherit;\"><span class=\"\" style=\"vertical-align: inherit;\"><span dir=\"auto\" style=\"vertical-align: inherit;\"><span dir=\"auto\" style=\"vertical-align: inherit;\"> schopen fixovat a chelatovat jeden nebo v\u00edce kationt\u016f v \u0161irok\u00e9m rozmez\u00ed , <\/span><\/span><\/span><\/span><span dir=\"auto\" style=\"vertical-align: inherit;\"><span style=\"vertical-align: inherit;\"><span class=\"\" style=\"vertical-align: inherit;\"><span dir=\"auto\" style=\"vertical-align: inherit;\">a to i v roztoc\u00edch s vysok\u00fdmi koncentracemi. Jeho prim\u00e1rn\u00edm pou\u017eit\u00edm je separace a regenerace iont\u016f drah\u00fdch kov\u016f, zejm\u00e9na p\u0159i sekund\u00e1rn\u00edm \u010di\u0161t\u011bn\u00ed solanky, a z\u00e1rove\u0148 reguluje pronik\u00e1n\u00ed iont\u016f v\u00e1pn\u00edku a ho\u0159\u010d\u00edku b\u011bhem v\u00fdroby alkalick\u00fdch produkt\u016f pomoc\u00ed iontom\u011bni\u010dov\u00e9 membr\u00e1ny.<\/span><\/span><\/span><\/span><\/p>\n<p><strong><span style=\"vertical-align: inherit;\"><span style=\"vertical-align: inherit;\"><span dir=\"auto\" style=\"vertical-align: inherit;\"><span dir=\"auto\" style=\"vertical-align: inherit;\">2. Typick\u00e9 fyzik\u00e1ln\u00ed a chemick\u00e9 vlastnosti<\/span><\/span><\/span><\/span><\/strong><\/p>\n<table class=\"big\" width=\"90%\" cellspacing=\"1\" cellpadding=\"0\" align=\"center\" bgcolor=\"#666666\">\n<tbody>\n<tr bgcolor=\"#fffaee\">\n<td colspan=\"2\">\n<p align=\"center\"><span dir=\"auto\" style=\"vertical-align: inherit;\"><span dir=\"auto\" style=\"vertical-align: inherit;\">PARAMETRY<\/span><\/span><\/p>\n<\/td>\n<td>\n<p align=\"center\"><span style=\"vertical-align: inherit;\"><span style=\"vertical-align: inherit;\"><span dir=\"auto\" style=\"vertical-align: inherit;\"><span dir=\"auto\" style=\"vertical-align: inherit;\">DATA<\/span><\/span><\/span><\/span><\/p>\n<\/td>\n<\/tr>\n<tr bgcolor=\"#ffffff\">\n<td colspan=\"2\">\n<p align=\"center\"><span style=\"vertical-align: inherit;\"><span style=\"vertical-align: inherit;\"><span dir=\"auto\" style=\"vertical-align: inherit;\"><span dir=\"auto\" style=\"vertical-align: inherit;\">Matice<\/span><\/span><\/span><\/span><\/p>\n<\/td>\n<td>\n<p align=\"center\"><span style=\"vertical-align: inherit;\"><span style=\"vertical-align: inherit;\"><span dir=\"auto\" style=\"vertical-align: inherit;\"><span dir=\"auto\" style=\"vertical-align: inherit;\">Makropor\u00e9zn\u00ed kopolymer styrenu a diethenoidn\u00edho benzenu.<\/span><\/span><\/span><\/span><\/p>\n<\/td>\n<\/tr>\n<tr bgcolor=\"#ffffff\">\n<td colspan=\"2\">\n<p align=\"center\"><span style=\"vertical-align: inherit;\"><span style=\"vertical-align: inherit;\"><span dir=\"auto\" style=\"vertical-align: inherit;\"><span dir=\"auto\" style=\"vertical-align: inherit;\">Vzhled<\/span><\/span><\/span><\/span><\/p>\n<\/td>\n<td>\n<p align=\"center\"><span style=\"vertical-align: inherit;\"><span style=\"vertical-align: inherit;\"><span dir=\"auto\" style=\"vertical-align: inherit;\"><span dir=\"auto\" style=\"vertical-align: inherit;\">Ml\u00e9\u010dn\u011b b\u00edl\u00e9 nebo sv\u011btle hn\u011bd\u00e9 nepr\u016fhledn\u00e9 kulovit\u00e9 granule<\/span><\/span><\/span><\/span><\/p>\n<\/td>\n<\/tr>\n<tr bgcolor=\"#ffffff\">\n<td colspan=\"2\">\n<p align=\"center\"><span style=\"vertical-align: inherit;\"><span style=\"vertical-align: inherit;\"><span dir=\"auto\" style=\"vertical-align: inherit;\"><span dir=\"auto\" style=\"vertical-align: inherit;\">Funk\u010dn\u00ed skupina<\/span><\/span><\/span><\/span><\/p>\n<\/td>\n<td>\n<p align=\"center\"><span style=\"vertical-align: inherit;\"><span style=\"vertical-align: inherit;\"><span dir=\"auto\" style=\"vertical-align: inherit;\"><span dir=\"auto\" style=\"vertical-align: inherit;\">Azylfosfon\u00e1t<\/span><\/span><\/span><\/span><\/p>\n<\/td>\n<\/tr>\n<tr bgcolor=\"#ffffff\">\n<td colspan=\"2\">\n<p align=\"center\"><span style=\"vertical-align: inherit;\"><span style=\"vertical-align: inherit;\"><span dir=\"auto\" style=\"vertical-align: inherit;\"><span dir=\"auto\" style=\"vertical-align: inherit;\">Iontov\u00e1 forma<\/span><\/span><\/span><\/span><\/p>\n<\/td>\n<td>\n<p align=\"center\"><span style=\"vertical-align: inherit;\"><span style=\"vertical-align: inherit;\"><span dir=\"auto\" style=\"vertical-align: inherit;\"><span dir=\"auto\" style=\"vertical-align: inherit;\">Co<\/span><\/span><\/span><\/span><\/p>\n<\/td>\n<\/tr>\n<tr bgcolor=\"#ffffff\">\n<td colspan=\"2\">\n<p align=\"center\"><span style=\"vertical-align: inherit;\"><span style=\"vertical-align: inherit;\"><span dir=\"auto\" style=\"vertical-align: inherit;\"><span dir=\"auto\" style=\"vertical-align: inherit;\">Kulovitost po osmotick\u00e9m abrazivn\u00edm opot\u0159eben\u00ed %<\/span><\/span><\/span><\/span><\/p>\n<\/td>\n<td>\n<p align=\"center\"><span style=\"vertical-align: inherit;\"><span style=\"vertical-align: inherit;\"><span dir=\"auto\" style=\"vertical-align: inherit;\"><span dir=\"auto\" style=\"vertical-align: inherit;\">\u226590,0<\/span><\/span><\/span><\/span><\/p>\n<\/td>\n<\/tr>\n<tr bgcolor=\"#ffffff\">\n<td colspan=\"2\">\n<p align=\"center\"><span style=\"vertical-align: inherit;\"><span style=\"vertical-align: inherit;\"><span dir=\"auto\" style=\"vertical-align: inherit;\"><span dir=\"auto\" style=\"vertical-align: inherit;\">Celkov\u00e1 v\u00fdm\u011bnn\u00e1 kapacita mmol\/ml<\/span><\/span><\/span><\/span><\/p>\n<\/td>\n<td>\n<p align=\"center\"><span style=\"vertical-align: inherit;\"><span style=\"vertical-align: inherit;\"><span dir=\"auto\" style=\"vertical-align: inherit;\"><span dir=\"auto\" style=\"vertical-align: inherit;\">\u22651,20<\/span><\/span><\/span><\/span><\/p>\n<\/td>\n<\/tr>\n<tr bgcolor=\"#ffffff\">\n<td colspan=\"2\">\n<p align=\"center\"><span style=\"vertical-align: inherit;\"><span style=\"vertical-align: inherit;\"><span dir=\"auto\" style=\"vertical-align: inherit;\"><span dir=\"auto\" style=\"vertical-align: inherit;\">Obsah vlhkosti %<\/span><\/span><\/span><\/span><\/p>\n<\/td>\n<td>\n<p align=\"center\"><span style=\"vertical-align: inherit;\"><span style=\"vertical-align: inherit;\"><span dir=\"auto\" style=\"vertical-align: inherit;\"><span dir=\"auto\" style=\"vertical-align: inherit;\">58,00\u201364,00<\/span><\/span><\/span><\/span><\/p>\n<\/td>\n<\/tr>\n<tr bgcolor=\"#ffffff\">\n<td colspan=\"2\">\n<p align=\"center\"><span style=\"vertical-align: inherit;\"><span style=\"vertical-align: inherit;\"><span dir=\"auto\" style=\"vertical-align: inherit;\"><span dir=\"auto\" style=\"vertical-align: inherit;\">Objemov\u00e1 hustota g\/ml<\/span><\/span><\/span><\/span><\/p>\n<\/td>\n<td>\n<p align=\"center\"><span style=\"vertical-align: inherit;\"><span style=\"vertical-align: inherit;\"><span dir=\"auto\" style=\"vertical-align: inherit;\"><span dir=\"auto\" style=\"vertical-align: inherit;\">0,70\u20130,77<\/span><\/span><\/span><\/span><\/p>\n<\/td>\n<\/tr>\n<tr bgcolor=\"#ffffff\">\n<td colspan=\"2\">\n<p align=\"center\"><span style=\"vertical-align: inherit;\"><span style=\"vertical-align: inherit;\"><span dir=\"auto\" style=\"vertical-align: inherit;\"><span dir=\"auto\" style=\"vertical-align: inherit;\">Skute\u010dn\u00e1 hustota g\/ml<\/span><\/span><\/span><\/span><\/p>\n<\/td>\n<td>\n<p align=\"center\"><span style=\"vertical-align: inherit;\"><span style=\"vertical-align: inherit;\"><span dir=\"auto\" style=\"vertical-align: inherit;\"><span dir=\"auto\" style=\"vertical-align: inherit;\">1,08\u20131,16<\/span><\/span><\/span><\/span><\/p>\n<\/td>\n<\/tr>\n<tr bgcolor=\"#ffffff\">\n<td rowspan=\"2\">\n<p align=\"center\"><span style=\"vertical-align: inherit;\"><span style=\"vertical-align: inherit;\"><span dir=\"auto\" style=\"vertical-align: inherit;\"><span dir=\"auto\" style=\"vertical-align: inherit;\">Velikost \u010d\u00e1stic<\/span><\/span><\/span><\/span><\/p>\n<\/td>\n<td>\n<p align=\"center\"><span style=\"vertical-align: inherit;\"><span style=\"vertical-align: inherit;\"><span dir=\"auto\" style=\"vertical-align: inherit;\"><span dir=\"auto\" style=\"vertical-align: inherit;\">Bez korekce technologie kyseliny %<\/span><\/span><\/span><\/span><\/p>\n<\/td>\n<td>\n<p align=\"center\"><span style=\"vertical-align: inherit;\"><span style=\"vertical-align: inherit;\"><span dir=\"auto\" style=\"vertical-align: inherit;\"><span dir=\"auto\" style=\"vertical-align: inherit;\">(0,450\u20130,850 mm) \u226595,0<\/span><\/span><\/span><\/span><\/p>\n<\/td>\n<\/tr>\n<tr>\n<td bgcolor=\"#ffffff\">\n<p align=\"center\"><span style=\"vertical-align: inherit;\"><span style=\"vertical-align: inherit;\"><span dir=\"auto\" style=\"vertical-align: inherit;\"><span dir=\"auto\" style=\"vertical-align: inherit;\">S korekc\u00ed technologie kyseliny %<\/span><\/span><\/span><\/span><\/p>\n<\/td>\n<td bgcolor=\"#ffffff\">\n<p align=\"center\"><span style=\"vertical-align: inherit;\"><span style=\"vertical-align: inherit;\"><span dir=\"auto\" style=\"vertical-align: inherit;\"><span dir=\"auto\" style=\"vertical-align: inherit;\">(0,600\u20131,000 mm) \u226595,0<\/span><\/span><\/span><\/span><\/p>\n<\/td>\n<\/tr>\n<tr bgcolor=\"#ffffff\">\n<td rowspan=\"2\">\n<p align=\"center\"><span style=\"vertical-align: inherit;\"><span style=\"vertical-align: inherit;\"><span dir=\"auto\" style=\"vertical-align: inherit;\"><span dir=\"auto\" style=\"vertical-align: inherit;\">Otok<\/span><\/span><\/span><\/span><\/p>\n<\/td>\n<td bgcolor=\"#ffffff\">\n<p align=\"center\"><span style=\"vertical-align: inherit;\"><span style=\"vertical-align: inherit;\"><span dir=\"auto\" style=\"vertical-align: inherit;\"><span dir=\"auto\" style=\"vertical-align: inherit;\">H <\/span><\/span><\/span><\/span><sup><span style=\"vertical-align: inherit;\"><span style=\"vertical-align: inherit;\"><span dir=\"auto\" style=\"vertical-align: inherit;\"><span dir=\"auto\" style=\"vertical-align: inherit;\">+<\/span><\/span><\/span><\/span><\/sup><span style=\"vertical-align: inherit;\"><span style=\"vertical-align: inherit;\"><span dir=\"auto\" style=\"vertical-align: inherit;\"><span dir=\"auto\" style=\"vertical-align: inherit;\"> \u2192 Na <\/span><\/span><\/span><\/span><sup><span style=\"vertical-align: inherit;\"><span style=\"vertical-align: inherit;\"><span dir=\"auto\" style=\"vertical-align: inherit;\"><span dir=\"auto\" style=\"vertical-align: inherit;\">+<\/span><\/span><\/span><\/span><\/sup><span style=\"vertical-align: inherit;\"><span style=\"vertical-align: inherit;\"><span dir=\"auto\" style=\"vertical-align: inherit;\"><span dir=\"auto\" style=\"vertical-align: inherit;\"> %<\/span><\/span><\/span><\/span><\/p>\n<\/td>\n<td bgcolor=\"#ffffff\">\n<p align=\"center\"><span style=\"vertical-align: inherit;\"><span style=\"vertical-align: inherit;\"><span dir=\"auto\" style=\"vertical-align: inherit;\"><span dir=\"auto\" style=\"vertical-align: inherit;\">\u226445,0<\/span><\/span><\/span><\/span><\/p>\n<\/td>\n<\/tr>\n<tr>\n<td bgcolor=\"#ffffff\">\n<p align=\"center\"><span style=\"vertical-align: inherit;\"><span style=\"vertical-align: inherit;\"><span dir=\"auto\" style=\"vertical-align: inherit;\"><span dir=\"auto\" style=\"vertical-align: inherit;\">H <\/span><\/span><\/span><\/span><sup><span style=\"vertical-align: inherit;\"><span style=\"vertical-align: inherit;\"><span dir=\"auto\" style=\"vertical-align: inherit;\"><span dir=\"auto\" style=\"vertical-align: inherit;\">+<\/span><\/span><\/span><\/span><\/sup><span style=\"vertical-align: inherit;\"><span style=\"vertical-align: inherit;\"><span dir=\"auto\" style=\"vertical-align: inherit;\"><span dir=\"auto\" style=\"vertical-align: inherit;\"> \u2192 Ca2 <\/span><\/span><\/span><\/span><sup><span style=\"vertical-align: inherit;\"><span style=\"vertical-align: inherit;\"><span dir=\"auto\" style=\"vertical-align: inherit;\"><span dir=\"auto\" style=\"vertical-align: inherit;\">+<\/span><\/span><\/span><\/span><\/sup><span style=\"vertical-align: inherit;\"><span style=\"vertical-align: inherit;\"><span dir=\"auto\" style=\"vertical-align: inherit;\"><span dir=\"auto\" style=\"vertical-align: inherit;\"> %<\/span><\/span><\/span><\/span><\/p>\n<\/td>\n<td bgcolor=\"#ffffff\">\n<p align=\"center\"><span style=\"vertical-align: inherit;\"><span style=\"vertical-align: inherit;\"><span dir=\"auto\" style=\"vertical-align: inherit;\"><span dir=\"auto\" style=\"vertical-align: inherit;\">\u226420,0<\/span><\/span><\/span><\/span><\/p>\n<\/td>\n<\/tr>\n<tr bgcolor=\"#ffffff\">\n<td colspan=\"2\">\n<p align=\"center\"><span style=\"vertical-align: inherit;\"><span style=\"vertical-align: inherit;\"><span dir=\"auto\" style=\"vertical-align: inherit;\"><span dir=\"auto\" style=\"vertical-align: inherit;\">Maxim\u00e1ln\u00ed provozn\u00ed teplota \u00b0C<\/span><\/span><\/span><\/span><\/p>\n<\/td>\n<td>\n<p align=\"center\"><span style=\"vertical-align: inherit;\"><span style=\"vertical-align: inherit;\"><span dir=\"auto\" style=\"vertical-align: inherit;\"><span dir=\"auto\" style=\"vertical-align: inherit;\">90,0<\/span><\/span><\/span><\/span><\/p>\n<\/td>\n<\/tr>\n<tr bgcolor=\"#ffffff\">\n<td colspan=\"2\">\n<p align=\"center\"><span style=\"vertical-align: inherit;\"><span style=\"vertical-align: inherit;\"><span dir=\"auto\" style=\"vertical-align: inherit;\"><span dir=\"auto\" style=\"vertical-align: inherit;\">Rozpustnost<\/span><\/span><\/span><\/span><\/p>\n<\/td>\n<td>\n<p align=\"center\"><span style=\"vertical-align: inherit;\"><span style=\"vertical-align: inherit;\"><span dir=\"auto\" style=\"vertical-align: inherit;\"><span dir=\"auto\" style=\"vertical-align: inherit;\">Nerozpustn\u00fd ve vod\u011b, kyselin\u00e1ch, z\u00e1sad\u00e1ch a organick\u00fdch rozpou\u0161t\u011bdlech.<\/span><\/span><\/span><\/span><\/p>\n<\/td>\n<\/tr>\n<\/tbody>\n<\/table>\n","protected":false},"excerpt":{"rendered":"<p>1. Popis Prysky\u0159ice Zheng Guang D840 je chelata\u010dn\u00ed prysky\u0159ice obsahuj\u00edc\u00ed slab\u011b kyselou azylfosfon\u00e1tovou skupinu (-CH2NHCH2PO3- ) v kopolymeru styren- dietheniov\u00e9ho benzenu s makropor\u00e9zn\u00ed strukturou. Tento produkt je schopen fixovat a chelatovat jeden nebo v\u00edce kationt\u016f v \u0161irok\u00e9m rozmez\u00ed , a to i v roztoc\u00edch s vysok\u00fdmi koncentracemi. Jeho prim\u00e1rn\u00edm pou\u017eit\u00edm je separace a regenerace iont\u016f&#8230;<\/p>\n","protected":false},"featured_media":1873,"comment_status":"closed","ping_status":"closed","template":"","meta":[],"product_cat":[743],"product_tag":[],"class_list":["post-6322","product","type-product","status-publish","has-post-thumbnail","hentry","product_cat-nezarazene"],"_links":{"self":[{"href":"https:\/\/hydrolite.eu\/cs\/wp-json\/wp\/v2\/product\/6322","targetHints":{"allow":["GET"]}}],"collection":[{"href":"https:\/\/hydrolite.eu\/cs\/wp-json\/wp\/v2\/product"}],"about":[{"href":"https:\/\/hydrolite.eu\/cs\/wp-json\/wp\/v2\/types\/product"}],"replies":[{"embeddable":true,"href":"https:\/\/hydrolite.eu\/cs\/wp-json\/wp\/v2\/comments?post=6322"}],"wp:featuredmedia":[{"embeddable":true,"href":"https:\/\/hydrolite.eu\/cs\/wp-json\/wp\/v2\/media\/1873"}],"wp:attachment":[{"href":"https:\/\/hydrolite.eu\/cs\/wp-json\/wp\/v2\/media?parent=6322"}],"wp:term":[{"taxonomy":"product_cat","embeddable":true,"href":"https:\/\/hydrolite.eu\/cs\/wp-json\/wp\/v2\/product_cat?post=6322"},{"taxonomy":"product_tag","embeddable":true,"href":"https:\/\/hydrolite.eu\/cs\/wp-json\/wp\/v2\/product_tag?post=6322"}],"curies":[{"name":"wp","href":"https:\/\/api.w.org\/{rel}","templated":true}]}}