{"id":6313,"date":"2025-11-23T02:00:03","date_gmt":"2025-11-22T23:00:03","guid":{"rendered":"https:\/\/hydrolite.eu\/?post_type=product&#038;p=6313"},"modified":"2025-11-23T02:00:03","modified_gmt":"2025-11-22T23:00:03","slug":"zg-mpxf-12n-praskova-smesna-pryskyrice","status":"publish","type":"product","link":"https:\/\/hydrolite.eu\/cs\/product\/zg-mpxf-12n-praskova-smesna-pryskyrice\/","title":{"rendered":"ZG MPXF-12N pr\u00e1\u0161kov\u00e1 sm\u011bsn\u00e1 prysky\u0159ice"},"content":{"rendered":"<h3><span style=\"vertical-align: inherit;\"><span style=\"vertical-align: inherit;\"><span dir=\"auto\" style=\"vertical-align: inherit;\"><span dir=\"auto\" style=\"vertical-align: inherit;\">Popis <\/span><\/span><\/span><\/span><span style=\"vertical-align: inherit;\"><span style=\"vertical-align: inherit;\"><span dir=\"auto\" style=\"vertical-align: inherit;\"><span dir=\"auto\" style=\"vertical-align: inherit;\">ZG MPXF-12N:<\/span><\/span><\/span><\/span><\/h3>\n<p style=\"text-align: left;\"><span style=\"vertical-align: inherit;\"><span style=\"vertical-align: inherit;\"><span dir=\"auto\" style=\"vertical-align: inherit;\"><span dir=\"auto\" style=\"vertical-align: inherit;\">ZGMPXF-12N je prysky\u0159ice sm\u00edchan\u00e1 s pr\u00e1\u0161kovou kationtovou prysky\u0159ic\u00ed (ve form\u011b NH4+), pr\u00e1\u0161kovou aniontovou prysky\u0159ic\u00ed (OH-) a inertn\u00edmi vl\u00e1kny. Jej\u00edm prim\u00e1rn\u00edm \u00fa\u010delem je \u00faprava kondenz\u00e1tu, \u010d\u00edm\u017e p\u0159ekon\u00e1v\u00e1 syst\u00e9my s hlubok\u00fdm lo\u017eem. D\u00edky rychl\u00e9 iontov\u00e9 v\u00fdm\u011bn\u011b m\u016f\u017ee i tenk\u00e1 vrstva prysky\u0159ice zajistit o\u010dek\u00e1vanou kvalitu vody a \u00fa\u010dinn\u011b odstranit zna\u010dn\u00e9 mno\u017estv\u00ed koloidn\u00edch ne\u010distot (jako jsou produkty koroze) a nerozpustn\u00e9ho oxidu k\u0159emi\u010dit\u00e9ho.<\/span><\/span><\/span><\/span><\/p>\n<p style=\"text-align: left;\"><span style=\"vertical-align: inherit;\"><span style=\"vertical-align: inherit;\"><span dir=\"auto\" style=\"vertical-align: inherit;\"><span dir=\"auto\" style=\"vertical-align: inherit;\">Pr\u00e1\u0161kov\u00e9 kationtov\u00e9 a aniontov\u00e9 prysky\u0159ice se m\u00eds\u00ed v r\u016fzn\u00fdch pom\u011brech a nan\u00e1\u0161ej\u00ed na v\u00fdpl\u0148ov\u00fd materi\u00e1l, co\u017e vede k po\u017eadovan\u00e9 kvalit\u011b kondenz\u00e1tu s optim\u00e1ln\u00ed \u00fa\u010dinnost\u00ed a bezpe\u010dnost\u00ed.<\/span><\/span><\/span><\/span><\/p>\n<p style=\"text-align: left;\"><span style=\"vertical-align: inherit;\"><span style=\"vertical-align: inherit;\"><span dir=\"auto\" style=\"vertical-align: inherit;\"><span dir=\"auto\" style=\"vertical-align: inherit;\">Doporu\u010dujeme pou\u017e\u00edt sm\u011bs pr\u00e1\u0161kov\u00e9 prysky\u0159ice k \u010di\u0161t\u011bn\u00ed kondenz\u00e1tu b\u011bhem uv\u00e1d\u011bn\u00ed turb\u00edny do provozu, aby se rychle odstranily ne\u010distoty a sn\u00ed\u017eily se tak n\u00e1klady na uveden\u00ed do provozu.<\/span><\/span><\/span><\/span><\/p>\n<h2><span style=\"vertical-align: inherit;\"><span style=\"vertical-align: inherit;\"><span dir=\"auto\" style=\"vertical-align: inherit;\"><span dir=\"auto\" style=\"vertical-align: inherit;\">Typick\u00e9 fyzik\u00e1ln\u00ed a chemick\u00e9 vlastnosti<\/span><\/span><\/span><\/span><\/h2>\n<table class=\"big\" width=\"90%\" cellspacing=\"1\" cellpadding=\"0\" align=\"center\" bgcolor=\"#666666\">\n<tbody>\n<tr bgcolor=\"#fffaee\">\n<td rowspan=\"2\">\n<p align=\"center\"><span style=\"vertical-align: inherit;\"><span style=\"vertical-align: inherit;\"><span dir=\"auto\" style=\"vertical-align: inherit;\"><span dir=\"auto\" style=\"vertical-align: inherit;\">UKAZATELE<\/span><\/span><\/span><\/span><\/p>\n<\/td>\n<td colspan=\"3\" valign=\"top\">\n<p align=\"center\"><span style=\"vertical-align: inherit;\"><span style=\"vertical-align: inherit;\"><span dir=\"auto\" style=\"vertical-align: inherit;\"><span dir=\"auto\" style=\"vertical-align: inherit;\">DATA<\/span><\/span><\/span><\/span><\/p>\n<\/td>\n<\/tr>\n<tr>\n<td valign=\"top\" bgcolor=\"#fffaee\">\n<p align=\"center\"><span style=\"vertical-align: inherit;\"><span style=\"vertical-align: inherit;\"><span dir=\"auto\" style=\"vertical-align: inherit;\"><span dir=\"auto\" style=\"vertical-align: inherit;\">INERTN\u00cd VL\u00c1KNO<\/span><\/span><\/span><\/span><\/p>\n<\/td>\n<td valign=\"top\" bgcolor=\"#fffaee\">\n<p align=\"center\"><span style=\"vertical-align: inherit;\"><span style=\"vertical-align: inherit;\"><span dir=\"auto\" style=\"vertical-align: inherit;\"><span dir=\"auto\" style=\"vertical-align: inherit;\">KATIONTOV\u00c1 PRYSKY\u0158ICE<\/span><\/span><\/span><\/span><\/p>\n<\/td>\n<td valign=\"top\" bgcolor=\"#fffaee\">\n<p align=\"center\"><span style=\"vertical-align: inherit;\"><span style=\"vertical-align: inherit;\"><span dir=\"auto\" style=\"vertical-align: inherit;\"><span dir=\"auto\" style=\"vertical-align: inherit;\">ANIONTOV\u00c1 PRYSKY\u0158ICE<\/span><\/span><\/span><\/span><\/p>\n<\/td>\n<\/tr>\n<tr bgcolor=\"#ffffff\">\n<td>\n<p align=\"center\"><span style=\"vertical-align: inherit;\"><span style=\"vertical-align: inherit;\"><span dir=\"auto\" style=\"vertical-align: inherit;\"><span dir=\"auto\" style=\"vertical-align: inherit;\">Matice<\/span><\/span><\/span><\/span><\/p>\n<\/td>\n<td valign=\"top\">\n<p align=\"center\"><span style=\"vertical-align: inherit;\"><span style=\"vertical-align: inherit;\"><span dir=\"auto\" style=\"vertical-align: inherit;\"><span dir=\"auto\" style=\"vertical-align: inherit;\">Pap\u00edr<\/span><\/span><\/span><\/span><\/p>\n<\/td>\n<td colspan=\"2\" valign=\"top\">\n<p align=\"center\"><span style=\"vertical-align: inherit;\"><span style=\"vertical-align: inherit;\"><span dir=\"auto\" style=\"vertical-align: inherit;\"><span dir=\"auto\" style=\"vertical-align: inherit;\">Polystyren-DVB<\/span><\/span><\/span><\/span><\/p>\n<\/td>\n<\/tr>\n<tr bgcolor=\"#ffffff\">\n<td valign=\"top\">\n<p align=\"center\"><span dir=\"auto\" style=\"vertical-align: inherit;\"><span dir=\"auto\" style=\"vertical-align: inherit;\">Formul\u00e1\u0159<\/span><\/span><\/p>\n<\/td>\n<td colspan=\"3\" valign=\"top\">\n<p align=\"center\"><span style=\"vertical-align: inherit;\"><span style=\"vertical-align: inherit;\"><span dir=\"auto\" style=\"vertical-align: inherit;\"><span dir=\"auto\" style=\"vertical-align: inherit;\">Pr\u00e1\u0161ek<\/span><\/span><\/span><\/span><\/p>\n<\/td>\n<\/tr>\n<tr bgcolor=\"#ffffff\">\n<td valign=\"top\">\n<p align=\"center\"><span style=\"vertical-align: inherit;\"><span style=\"vertical-align: inherit;\"><span dir=\"auto\" style=\"vertical-align: inherit;\"><span dir=\"auto\" style=\"vertical-align: inherit;\">Funk\u010dn\u00ed skupina<\/span><\/span><\/span><\/span><\/p>\n<\/td>\n<td valign=\"top\">\n<p align=\"center\"><span style=\"vertical-align: inherit;\"><span style=\"vertical-align: inherit;\"><span dir=\"auto\" style=\"vertical-align: inherit;\"><span dir=\"auto\" style=\"vertical-align: inherit;\">Inertn\u00ed<\/span><\/span><\/span><\/span><\/p>\n<\/td>\n<td valign=\"top\">\n<p align=\"center\"><span style=\"vertical-align: inherit;\"><span style=\"vertical-align: inherit;\"><span dir=\"auto\" style=\"vertical-align: inherit;\"><span dir=\"auto\" style=\"vertical-align: inherit;\">R- <\/span><\/span><\/span><\/span><sub><span style=\"vertical-align: inherit;\"><span style=\"vertical-align: inherit;\"><span dir=\"auto\" style=\"vertical-align: inherit;\"><span dir=\"auto\" style=\"vertical-align: inherit;\">SO3<\/span><\/span><\/span><\/span><\/sub><\/p>\n<\/td>\n<td valign=\"top\">\n<p align=\"center\"><span style=\"vertical-align: inherit;\"><span style=\"vertical-align: inherit;\"><span dir=\"auto\" style=\"vertical-align: inherit;\"><span dir=\"auto\" style=\"vertical-align: inherit;\">PH <\/span><\/span><\/span><\/span><sup><span style=\"vertical-align: inherit;\"><span style=\"vertical-align: inherit;\"><span dir=\"auto\" style=\"vertical-align: inherit;\"><span dir=\"auto\" style=\"vertical-align: inherit;\">+<\/span><\/span><\/span><\/span><\/sup><span style=\"vertical-align: inherit;\"><span style=\"vertical-align: inherit;\"><span dir=\"auto\" style=\"vertical-align: inherit;\"><span dir=\"auto\" style=\"vertical-align: inherit;\"> ( <\/span><\/span><\/span><\/span><sub><span style=\"vertical-align: inherit;\"><span style=\"vertical-align: inherit;\"><span dir=\"auto\" style=\"vertical-align: inherit;\"><span dir=\"auto\" style=\"vertical-align: inherit;\">CH3<\/span><\/span><\/span><\/span><\/sub><span style=\"vertical-align: inherit;\"><span style=\"vertical-align: inherit;\"><span dir=\"auto\" style=\"vertical-align: inherit;\"><span dir=\"auto\" style=\"vertical-align: inherit;\"> ) <\/span><\/span><\/span><\/span><sub><span style=\"vertical-align: inherit;\"><span style=\"vertical-align: inherit;\"><span dir=\"auto\" style=\"vertical-align: inherit;\"><span dir=\"auto\" style=\"vertical-align: inherit;\">3<\/span><\/span><\/span><\/span><\/sub><\/p>\n<\/td>\n<\/tr>\n<tr bgcolor=\"#ffffff\">\n<td valign=\"top\">\n<p align=\"center\"><span style=\"vertical-align: inherit;\"><span style=\"vertical-align: inherit;\"><span dir=\"auto\" style=\"vertical-align: inherit;\"><span dir=\"auto\" style=\"vertical-align: inherit;\">Iontov\u00e1 forma<\/span><\/span><\/span><\/span><\/p>\n<\/td>\n<td valign=\"top\">\n<p align=\"center\"><span style=\"vertical-align: inherit;\"><span style=\"vertical-align: inherit;\"><span dir=\"auto\" style=\"vertical-align: inherit;\"><span dir=\"auto\" style=\"vertical-align: inherit;\">&#8212;<\/span><\/span><\/span><\/span><\/p>\n<\/td>\n<td valign=\"top\">\n<p align=\"center\"><span style=\"vertical-align: inherit;\"><span style=\"vertical-align: inherit;\"><span dir=\"auto\" style=\"vertical-align: inherit;\"><span dir=\"auto\" style=\"vertical-align: inherit;\">NH <\/span><\/span><\/span><\/span><span dir=\"auto\" style=\"vertical-align: inherit;\"><sup><span style=\"vertical-align: inherit;\"><span style=\"vertical-align: inherit;\"><span dir=\"auto\" style=\"vertical-align: inherit;\">4+<\/span><\/span><\/span><\/sup><\/span><\/p>\n<\/td>\n<td valign=\"top\">\n<p align=\"center\"><span style=\"vertical-align: inherit;\"><span style=\"vertical-align: inherit;\"><span dir=\"auto\" style=\"vertical-align: inherit;\"><span dir=\"auto\" style=\"vertical-align: inherit;\">OH <\/span><\/span><\/span><\/span><sup><span style=\"vertical-align: inherit;\"><span style=\"vertical-align: inherit;\"><span dir=\"auto\" style=\"vertical-align: inherit;\"><span dir=\"auto\" style=\"vertical-align: inherit;\">&#8211;<\/span><\/span><\/span><\/span><\/sup><\/p>\n<\/td>\n<\/tr>\n<tr bgcolor=\"#ffffff\">\n<td valign=\"top\">\n<p align=\"center\"><span style=\"vertical-align: inherit;\"><span style=\"vertical-align: inherit;\"><span dir=\"auto\" style=\"vertical-align: inherit;\"><span dir=\"auto\" style=\"vertical-align: inherit;\">Celkov\u00e1 v\u00fdm\u011bnn\u00e1 kapacita, mmol\/g<\/span><\/span><\/span><\/span><\/p>\n<\/td>\n<td valign=\"top\">\n<p align=\"center\"><span style=\"vertical-align: inherit;\"><span style=\"vertical-align: inherit;\"><span dir=\"auto\" style=\"vertical-align: inherit;\"><span dir=\"auto\" style=\"vertical-align: inherit;\">&#8212;<\/span><\/span><\/span><\/span><\/p>\n<\/td>\n<td valign=\"top\">\n<p align=\"center\"><span style=\"vertical-align: inherit;\"><span style=\"vertical-align: inherit;\"><span dir=\"auto\" style=\"vertical-align: inherit;\"><span dir=\"auto\" style=\"vertical-align: inherit;\">\u22654,80<\/span><\/span><\/span><\/span><\/p>\n<\/td>\n<td valign=\"top\">\n<p align=\"center\"><span style=\"vertical-align: inherit;\"><span style=\"vertical-align: inherit;\"><span dir=\"auto\" style=\"vertical-align: inherit;\"><span dir=\"auto\" style=\"vertical-align: inherit;\">\u22653,60<\/span><\/span><\/span><\/span><\/p>\n<\/td>\n<\/tr>\n<tr bgcolor=\"#ffffff\">\n<td valign=\"top\">\n<p align=\"center\"><span style=\"vertical-align: inherit;\"><span style=\"vertical-align: inherit;\"><span dir=\"auto\" style=\"vertical-align: inherit;\"><span dir=\"auto\" style=\"vertical-align: inherit;\">Konverze na iontovou formu NH4 <\/span><\/span><\/span><\/span><sub><span style=\"vertical-align: inherit;\"><span style=\"vertical-align: inherit;\"><span dir=\"auto\" style=\"vertical-align: inherit;\"><span dir=\"auto\" style=\"vertical-align: inherit;\">+ <\/span><\/span><\/span><\/span><\/sub><sup><span style=\"vertical-align: inherit;\"><span style=\"vertical-align: inherit;\"><span dir=\"auto\" style=\"vertical-align: inherit;\"><span dir=\"auto\" style=\"vertical-align: inherit;\">,<\/span><\/span><\/span><\/span><\/sup><span style=\"vertical-align: inherit;\"><span style=\"vertical-align: inherit;\"><span dir=\"auto\" style=\"vertical-align: inherit;\"><span dir=\"auto\" style=\"vertical-align: inherit;\"> %<\/span><\/span><\/span><\/span><\/p>\n<\/td>\n<td valign=\"top\">\n<p align=\"center\"><span style=\"vertical-align: inherit;\"><span style=\"vertical-align: inherit;\"><span dir=\"auto\" style=\"vertical-align: inherit;\"><span dir=\"auto\" style=\"vertical-align: inherit;\">&#8212;<\/span><\/span><\/span><\/span><\/p>\n<\/td>\n<td valign=\"top\">\n<p align=\"center\"><span style=\"vertical-align: inherit;\"><span style=\"vertical-align: inherit;\"><span dir=\"auto\" style=\"vertical-align: inherit;\"><span dir=\"auto\" style=\"vertical-align: inherit;\">\u226596,0<\/span><\/span><\/span><\/span><\/p>\n<\/td>\n<td valign=\"top\">\n<p align=\"center\"><span style=\"vertical-align: inherit;\"><span style=\"vertical-align: inherit;\"><span dir=\"auto\" style=\"vertical-align: inherit;\"><span dir=\"auto\" style=\"vertical-align: inherit;\">&#8212;<\/span><\/span><\/span><\/span><\/p>\n<\/td>\n<\/tr>\n<tr bgcolor=\"#ffffff\">\n<td valign=\"top\">\n<p align=\"center\"><span style=\"vertical-align: inherit;\"><span style=\"vertical-align: inherit;\"><span dir=\"auto\" style=\"vertical-align: inherit;\"><span dir=\"auto\" style=\"vertical-align: inherit;\">P\u0159evod na iontovou formu OH\u207b <\/span><\/span><\/span><\/span><sup><span style=\"vertical-align: inherit;\"><span style=\"vertical-align: inherit;\"><span dir=\"auto\" style=\"vertical-align: inherit;\"><span dir=\"auto\" style=\"vertical-align: inherit;\">,<\/span><\/span><\/span><\/span><\/sup><span style=\"vertical-align: inherit;\"><span style=\"vertical-align: inherit;\"><span dir=\"auto\" style=\"vertical-align: inherit;\"><span dir=\"auto\" style=\"vertical-align: inherit;\"> %<\/span><\/span><\/span><\/span><\/p>\n<\/td>\n<td valign=\"top\">\n<p align=\"center\"><span style=\"vertical-align: inherit;\"><span style=\"vertical-align: inherit;\"><span dir=\"auto\" style=\"vertical-align: inherit;\"><span dir=\"auto\" style=\"vertical-align: inherit;\">&#8212;<\/span><\/span><\/span><\/span><\/p>\n<\/td>\n<td valign=\"top\">\n<p align=\"center\"><span style=\"vertical-align: inherit;\"><span style=\"vertical-align: inherit;\"><span dir=\"auto\" style=\"vertical-align: inherit;\"><span dir=\"auto\" style=\"vertical-align: inherit;\">&#8212;<\/span><\/span><\/span><\/span><\/p>\n<\/td>\n<td valign=\"top\">\n<p align=\"center\"><span style=\"vertical-align: inherit;\"><span style=\"vertical-align: inherit;\"><span dir=\"auto\" style=\"vertical-align: inherit;\"><span dir=\"auto\" style=\"vertical-align: inherit;\">\u226594,0<\/span><\/span><\/span><\/span><\/p>\n<\/td>\n<\/tr>\n<tr bgcolor=\"#ffffff\">\n<td valign=\"top\">\n<p align=\"center\"><span style=\"vertical-align: inherit;\"><span style=\"vertical-align: inherit;\"><span dir=\"auto\" style=\"vertical-align: inherit;\"><span dir=\"auto\" style=\"vertical-align: inherit;\">Pr\u016fm\u011br zrna, \u00b5m<\/span><\/span><\/span><\/span><\/p>\n<\/td>\n<td colspan=\"3\" valign=\"top\">\n<p align=\"center\"><span style=\"vertical-align: inherit;\"><span style=\"vertical-align: inherit;\"><span dir=\"auto\" style=\"vertical-align: inherit;\"><span dir=\"auto\" style=\"vertical-align: inherit;\">40\u201350<\/span><\/span><\/span><\/span><\/p>\n<\/td>\n<\/tr>\n<tr bgcolor=\"#ffffff\">\n<td valign=\"top\">\n<p align=\"center\"><span style=\"vertical-align: inherit;\"><span style=\"vertical-align: inherit;\"><span dir=\"auto\" style=\"vertical-align: inherit;\"><span dir=\"auto\" style=\"vertical-align: inherit;\">Distribuce, V\/V<\/span><\/span><\/span><\/span><\/p>\n<\/td>\n<td valign=\"top\">\n<p align=\"center\"><span style=\"vertical-align: inherit;\"><span style=\"vertical-align: inherit;\"><span dir=\"auto\" style=\"vertical-align: inherit;\"><span dir=\"auto\" style=\"vertical-align: inherit;\">4,5<\/span><\/span><\/span><\/span><\/p>\n<\/td>\n<td valign=\"top\">\n<p align=\"center\"><span style=\"vertical-align: inherit;\"><span style=\"vertical-align: inherit;\"><span dir=\"auto\" style=\"vertical-align: inherit;\"><span dir=\"auto\" style=\"vertical-align: inherit;\">1.0<\/span><\/span><\/span><\/span><\/p>\n<\/td>\n<td valign=\"top\">\n<p align=\"center\"><span style=\"vertical-align: inherit;\"><span style=\"vertical-align: inherit;\"><span dir=\"auto\" style=\"vertical-align: inherit;\"><span dir=\"auto\" style=\"vertical-align: inherit;\">1,25<\/span><\/span><\/span><\/span><\/p>\n<\/td>\n<\/tr>\n<\/tbody>\n<\/table>\n<p>&nbsp;<\/p>\n","protected":false},"excerpt":{"rendered":"<p>Popis ZG MPXF-12N: ZGMPXF-12N je prysky\u0159ice sm\u00edchan\u00e1 s pr\u00e1\u0161kovou kationtovou prysky\u0159ic\u00ed (ve form\u011b NH4+), pr\u00e1\u0161kovou aniontovou prysky\u0159ic\u00ed (OH-) a inertn\u00edmi vl\u00e1kny. Jej\u00edm prim\u00e1rn\u00edm \u00fa\u010delem je \u00faprava kondenz\u00e1tu, \u010d\u00edm\u017e p\u0159ekon\u00e1v\u00e1 syst\u00e9my s hlubok\u00fdm lo\u017eem. D\u00edky rychl\u00e9 iontov\u00e9 v\u00fdm\u011bn\u011b m\u016f\u017ee i tenk\u00e1 vrstva prysky\u0159ice zajistit o\u010dek\u00e1vanou kvalitu vody a \u00fa\u010dinn\u011b odstranit zna\u010dn\u00e9 mno\u017estv\u00ed koloidn\u00edch ne\u010distot (jako jsou&#8230;<\/p>\n","protected":false},"featured_media":1873,"comment_status":"closed","ping_status":"closed","template":"","meta":[],"product_cat":[743],"product_tag":[],"class_list":["post-6313","product","type-product","status-publish","has-post-thumbnail","hentry","product_cat-nezarazene"],"_links":{"self":[{"href":"https:\/\/hydrolite.eu\/cs\/wp-json\/wp\/v2\/product\/6313","targetHints":{"allow":["GET"]}}],"collection":[{"href":"https:\/\/hydrolite.eu\/cs\/wp-json\/wp\/v2\/product"}],"about":[{"href":"https:\/\/hydrolite.eu\/cs\/wp-json\/wp\/v2\/types\/product"}],"replies":[{"embeddable":true,"href":"https:\/\/hydrolite.eu\/cs\/wp-json\/wp\/v2\/comments?post=6313"}],"wp:featuredmedia":[{"embeddable":true,"href":"https:\/\/hydrolite.eu\/cs\/wp-json\/wp\/v2\/media\/1873"}],"wp:attachment":[{"href":"https:\/\/hydrolite.eu\/cs\/wp-json\/wp\/v2\/media?parent=6313"}],"wp:term":[{"taxonomy":"product_cat","embeddable":true,"href":"https:\/\/hydrolite.eu\/cs\/wp-json\/wp\/v2\/product_cat?post=6313"},{"taxonomy":"product_tag","embeddable":true,"href":"https:\/\/hydrolite.eu\/cs\/wp-json\/wp\/v2\/product_tag?post=6313"}],"curies":[{"name":"wp","href":"https:\/\/api.w.org\/{rel}","templated":true}]}}