{"id":5218,"date":"2025-09-21T13:39:21","date_gmt":"2025-11-04T19:07:10","guid":{"rendered":"https:\/\/hydrolite.eu\/?post_type=product&#038;p=5218"},"modified":"2025-11-04T22:07:10","modified_gmt":"2025-11-04T19:07:10","slug":"pryskyrice-zg-m-pxf-9r15h-smichana-s-praskovou-kationtovou-pryskyrici-h-forma-praskovou-aniontovou-pryskyrici-oh-a-inertnim-vlaknem","status":"publish","type":"product","link":"https:\/\/hydrolite.eu\/cs\/product\/pryskyrice-zg-m-pxf-9r15h-smichana-s-praskovou-kationtovou-pryskyrici-h-forma-praskovou-aniontovou-pryskyrici-oh-a-inertnim-vlaknem\/","title":{"rendered":"Prysky\u0159ice ZG M PXF-9R15H sm\u00edchan\u00e1 s pr\u00e1\u0161kovou kationtovou prysky\u0159ic\u00ed (H+ forma), pr\u00e1\u0161kovou aniontovou prysky\u0159ic\u00ed (OH-) a inertn\u00edm vl\u00e1knem."},"content":{"rendered":"<table border=\"0\" width=\"100%\" cellspacing=\"1\" cellpadding=\"0\" align=\"center\" bgcolor=\"dee8f3\">\n<tbody>\n<tr>\n<td align=\"left\" bgcolor=\"054696\" width=\"70%\" height=\"50\">\n<div class=\"zzzzz1\" align=\"center\"><span style=\"vertical-align: inherit;\"><span class=\"\" style=\"vertical-align: inherit;\"><span dir=\"auto\" style=\"vertical-align: inherit;\"><span class=\"\" dir=\"auto\" style=\"vertical-align: inherit;\">Prysky\u0159ice ZG M PXF-9R15H sm\u00edchan\u00e1 s pr\u00e1\u0161kovou kationtovou prysky\u0159ic\u00ed (H+ forma), pr\u00e1\u0161kovou aniontovou prysky\u0159ic\u00ed (OH-) a inertn\u00edm vl\u00e1knem.<\/span><\/span><\/span><\/span><\/div>\n<\/td>\n<\/tr>\n<tr>\n<td style=\"padding: 20px;\" align=\"left\" bgcolor=\"#FFFFFF\"><strong><span style=\"vertical-align: inherit;\"><span style=\"vertical-align: inherit;\"><span dir=\"auto\" style=\"vertical-align: inherit;\"><span dir=\"auto\" style=\"vertical-align: inherit;\">1. Popis:<\/span><\/span><\/span><\/span><\/strong><span style=\"vertical-align: inherit;\"><span style=\"vertical-align: inherit;\"><span dir=\"auto\" style=\"vertical-align: inherit;\"><span dir=\"auto\" style=\"vertical-align: inherit;\">ZGM PXF-9R15H je prysky\u0159ice sm\u00edchan\u00e1 s kationtov\u00fdm prysky\u0159i\u010dn\u00fdm pr\u00e1\u0161kem ( <\/span><\/span><\/span><\/span><span dir=\"auto\" style=\"vertical-align: inherit;\"><span style=\"vertical-align: inherit;\"><span style=\"vertical-align: inherit;\"><span dir=\"auto\" style=\"vertical-align: inherit;\">forma H <\/span><\/span><\/span><\/span><sup><span style=\"vertical-align: inherit;\"><span style=\"vertical-align: inherit;\"><span dir=\"auto\" style=\"vertical-align: inherit;\"><span dir=\"auto\" style=\"vertical-align: inherit;\">+ ), aniontov\u00fdm prysky\u0159i\u010dn\u00fdm pr\u00e1\u0161kem (OH- <\/span><\/span><\/span><\/span><\/sup><span dir=\"auto\" style=\"vertical-align: inherit;\"><sup><span style=\"vertical-align: inherit;\"><span style=\"vertical-align: inherit;\"><span dir=\"auto\" style=\"vertical-align: inherit;\">)<\/span><\/span><\/span><\/sup><span style=\"vertical-align: inherit;\"><span style=\"vertical-align: inherit;\"><span dir=\"auto\" style=\"vertical-align: inherit;\"> a inertn\u00edmi vl\u00e1kny. Jej\u00edm prim\u00e1rn\u00edm pou\u017eit\u00edm je le\u0161t\u011bn\u00ed kondenz\u00e1tu, kter\u00e9 je \u00fa\u010dinn\u011bj\u0161\u00ed ne\u017e syst\u00e9my s hlubok\u00fdm lo\u017eem. D\u00edky vysok\u00e9 rychlosti iontov\u00e9 v\u00fdm\u011bny m\u016f\u017ee i tenk\u00e1 vrstva prysky\u0159ice zajistit po\u017eadovanou kvalitu vody a \u00fa\u010dinn\u011b odstranit zna\u010dn\u00e9 mno\u017estv\u00ed koloidn\u00edch ne\u010distot (jako jsou produkty koroze) a nerozpustn\u00e9ho oxidu k\u0159emi\u010dit\u00e9ho. <\/span><\/span><\/span><span style=\"vertical-align: inherit;\"><span style=\"vertical-align: inherit;\"><span dir=\"auto\" style=\"vertical-align: inherit;\">Kationtov\u00e9 a aniontov\u00e9 prysky\u0159i\u010dn\u00e9 pr\u00e1\u0161ky se m\u00eds\u00ed v r\u016fzn\u00fdch pom\u011brech a nan\u00e1\u0161ej\u00ed na plnivo, \u010d\u00edm\u017e se dosahuje po\u017eadovan\u00e9 kvality kondenz\u00e1tu s optim\u00e1ln\u00ed \u00fa\u010dinnost\u00ed a bezpe\u010dnost\u00ed. <\/span><\/span><\/span><span style=\"vertical-align: inherit;\"><span style=\"vertical-align: inherit;\"><span dir=\"auto\" style=\"vertical-align: inherit;\">Doporu\u010duje se pou\u017e\u00edt sm\u011bsn\u00fd prysky\u0159i\u010dn\u00fd pr\u00e1\u0161ek b\u011bhem uv\u00e1d\u011bn\u00ed turb\u00edny do provozu, aby se rychle odstranily ne\u010distoty z kondenz\u00e1tu a sn\u00ed\u017eily se n\u00e1klady na uveden\u00ed do provozu.<\/span><\/span><\/span><\/span><\/p>\n<p><strong><span style=\"vertical-align: inherit;\"><span style=\"vertical-align: inherit;\"><span dir=\"auto\" style=\"vertical-align: inherit;\"><span dir=\"auto\" style=\"vertical-align: inherit;\">2. Typick\u00e9 fyzik\u00e1ln\u00ed a chemick\u00e9 vlastnosti:<\/span><\/span><\/span><\/span><\/strong><\/p>\n<table style=\"width: 90.0000%;\" border=\"1\" cellspacing=\"1\" align=\"center\">\n<tbody>\n<tr>\n<td rowspan=\"2\" align=\"center\"><strong><span dir=\"auto\" style=\"vertical-align: inherit;\"><span dir=\"auto\" style=\"vertical-align: inherit;\">Parametry<\/span><\/span><\/strong><\/td>\n<td colspan=\"3\" align=\"center\"><strong><span style=\"vertical-align: inherit;\"><span style=\"vertical-align: inherit;\"><span dir=\"auto\" style=\"vertical-align: inherit;\"><span dir=\"auto\" style=\"vertical-align: inherit;\">Data<\/span><\/span><\/span><\/span><\/strong><\/td>\n<\/tr>\n<tr>\n<td align=\"center\"><span style=\"vertical-align: inherit;\"><span style=\"vertical-align: inherit;\"><span dir=\"auto\" style=\"vertical-align: inherit;\"><span dir=\"auto\" style=\"vertical-align: inherit;\">Inertn\u00ed vl\u00e1kno<\/span><\/span><\/span><\/span><\/td>\n<td align=\"center\"><span style=\"vertical-align: inherit;\"><span style=\"vertical-align: inherit;\"><span dir=\"auto\" style=\"vertical-align: inherit;\"><span dir=\"auto\" style=\"vertical-align: inherit;\">Kationtov\u00e1 prysky\u0159ice<\/span><\/span><\/span><\/span><\/td>\n<td align=\"center\"><span style=\"vertical-align: inherit;\"><span style=\"vertical-align: inherit;\"><span dir=\"auto\" style=\"vertical-align: inherit;\"><span dir=\"auto\" style=\"vertical-align: inherit;\">Aniontov\u00e1 prysky\u0159ice<\/span><\/span><\/span><\/span><\/td>\n<\/tr>\n<tr>\n<td align=\"center\"><span style=\"vertical-align: inherit;\"><span style=\"vertical-align: inherit;\"><span dir=\"auto\" style=\"vertical-align: inherit;\"><span dir=\"auto\" style=\"vertical-align: inherit;\">Matice<\/span><\/span><\/span><\/span><\/td>\n<td align=\"center\"><span style=\"vertical-align: inherit;\"><span style=\"vertical-align: inherit;\"><span dir=\"auto\" style=\"vertical-align: inherit;\"><span dir=\"auto\" style=\"vertical-align: inherit;\">Pap\u00edr<\/span><\/span><\/span><\/span><\/td>\n<td colspan=\"2\" align=\"center\"><span style=\"vertical-align: inherit;\"><span style=\"vertical-align: inherit;\"><span dir=\"auto\" style=\"vertical-align: inherit;\"><span dir=\"auto\" style=\"vertical-align: inherit;\">Polystyren-DVB<\/span><\/span><\/span><\/span><\/td>\n<\/tr>\n<tr>\n<td align=\"center\"><span dir=\"auto\" style=\"vertical-align: inherit;\"><span dir=\"auto\" style=\"vertical-align: inherit;\">Formul\u00e1\u0159<\/span><\/span><\/td>\n<td colspan=\"3\" align=\"center\"><span style=\"vertical-align: inherit;\"><span style=\"vertical-align: inherit;\"><span dir=\"auto\" style=\"vertical-align: inherit;\"><span dir=\"auto\" style=\"vertical-align: inherit;\">Pr\u00e1\u0161ek<\/span><\/span><\/span><\/span><\/td>\n<\/tr>\n<tr>\n<td align=\"center\"><span style=\"vertical-align: inherit;\"><span style=\"vertical-align: inherit;\"><span dir=\"auto\" style=\"vertical-align: inherit;\"><span dir=\"auto\" style=\"vertical-align: inherit;\">Funk\u010dn\u00ed skupina<\/span><\/span><\/span><\/span><\/td>\n<td align=\"center\"><span style=\"vertical-align: inherit;\"><span style=\"vertical-align: inherit;\"><span dir=\"auto\" style=\"vertical-align: inherit;\"><span dir=\"auto\" style=\"vertical-align: inherit;\">Inertn\u00ed<\/span><\/span><\/span><\/span><\/td>\n<td align=\"center\"><span style=\"vertical-align: inherit;\"><span style=\"vertical-align: inherit;\"><span dir=\"auto\" style=\"vertical-align: inherit;\"><span dir=\"auto\" style=\"vertical-align: inherit;\">R- <\/span><\/span><\/span><\/span><sub><span style=\"vertical-align: inherit;\"><span style=\"vertical-align: inherit;\"><span dir=\"auto\" style=\"vertical-align: inherit;\"><span dir=\"auto\" style=\"vertical-align: inherit;\">SO3<\/span><\/span><\/span><\/span><\/sub><\/td>\n<td align=\"center\"><span style=\"vertical-align: inherit;\"><span style=\"vertical-align: inherit;\"><span dir=\"auto\" style=\"vertical-align: inherit;\"><span dir=\"auto\" style=\"vertical-align: inherit;\">PH <\/span><\/span><\/span><\/span><sup><span style=\"vertical-align: inherit;\"><span style=\"vertical-align: inherit;\"><span dir=\"auto\" style=\"vertical-align: inherit;\"><span dir=\"auto\" style=\"vertical-align: inherit;\">+<\/span><\/span><\/span><\/span><\/sup><span style=\"vertical-align: inherit;\"><span style=\"vertical-align: inherit;\"><span dir=\"auto\" style=\"vertical-align: inherit;\"><span dir=\"auto\" style=\"vertical-align: inherit;\"> ( <\/span><\/span><\/span><\/span><sub><span style=\"vertical-align: inherit;\"><span style=\"vertical-align: inherit;\"><span dir=\"auto\" style=\"vertical-align: inherit;\"><span dir=\"auto\" style=\"vertical-align: inherit;\">CH3<\/span><\/span><\/span><\/span><\/sub><span style=\"vertical-align: inherit;\"><span style=\"vertical-align: inherit;\"><span dir=\"auto\" style=\"vertical-align: inherit;\"><span dir=\"auto\" style=\"vertical-align: inherit;\"> ) <\/span><\/span><\/span><\/span><sub><span style=\"vertical-align: inherit;\"><span style=\"vertical-align: inherit;\"><span dir=\"auto\" style=\"vertical-align: inherit;\"><span dir=\"auto\" style=\"vertical-align: inherit;\">3<\/span><\/span><\/span><\/span><\/sub><\/td>\n<\/tr>\n<tr>\n<td align=\"center\"><span style=\"vertical-align: inherit;\"><span style=\"vertical-align: inherit;\"><span dir=\"auto\" style=\"vertical-align: inherit;\"><span dir=\"auto\" style=\"vertical-align: inherit;\">Iontov\u00e1 forma<\/span><\/span><\/span><\/span><\/td>\n<td align=\"center\"><span style=\"vertical-align: inherit;\"><span style=\"vertical-align: inherit;\"><span dir=\"auto\" style=\"vertical-align: inherit;\"><span dir=\"auto\" style=\"vertical-align: inherit;\">&#8212;<\/span><\/span><\/span><\/span><\/td>\n<td align=\"center\"><span style=\"vertical-align: inherit;\"><span style=\"vertical-align: inherit;\"><span dir=\"auto\" style=\"vertical-align: inherit;\"><span dir=\"auto\" style=\"vertical-align: inherit;\">H <\/span><\/span><\/span><\/span><sup><span style=\"vertical-align: inherit;\"><span style=\"vertical-align: inherit;\"><span dir=\"auto\" style=\"vertical-align: inherit;\"><span dir=\"auto\" style=\"vertical-align: inherit;\">+<\/span><\/span><\/span><\/span><\/sup><\/td>\n<td align=\"center\"><span style=\"vertical-align: inherit;\"><span style=\"vertical-align: inherit;\"><span dir=\"auto\" style=\"vertical-align: inherit;\"><span dir=\"auto\" style=\"vertical-align: inherit;\">MY\u0160LENKY <\/span><\/span><\/span><\/span><sup><span style=\"vertical-align: inherit;\"><span style=\"vertical-align: inherit;\"><span dir=\"auto\" style=\"vertical-align: inherit;\"><span dir=\"auto\" style=\"vertical-align: inherit;\">&#8211;<\/span><\/span><\/span><\/span><\/sup><\/td>\n<\/tr>\n<tr>\n<td align=\"center\"><span style=\"vertical-align: inherit;\"><span style=\"vertical-align: inherit;\"><span dir=\"auto\" style=\"vertical-align: inherit;\"><span dir=\"auto\" style=\"vertical-align: inherit;\">Celkov\u00e1 v\u00fdm\u011bnn\u00e1 kapacita, mmol\/g<\/span><\/span><\/span><\/span><\/td>\n<td align=\"center\"><span style=\"vertical-align: inherit;\"><span style=\"vertical-align: inherit;\"><span dir=\"auto\" style=\"vertical-align: inherit;\"><span dir=\"auto\" style=\"vertical-align: inherit;\">&#8212;<\/span><\/span><\/span><\/span><\/td>\n<td align=\"center\"><span style=\"vertical-align: inherit;\"><span style=\"vertical-align: inherit;\"><span dir=\"auto\" style=\"vertical-align: inherit;\"><span dir=\"auto\" style=\"vertical-align: inherit;\">\u22654,80<\/span><\/span><\/span><\/span><\/td>\n<td align=\"center\"><span style=\"vertical-align: inherit;\"><span style=\"vertical-align: inherit;\"><span dir=\"auto\" style=\"vertical-align: inherit;\"><span dir=\"auto\" style=\"vertical-align: inherit;\">\u22653,60<\/span><\/span><\/span><\/span><\/td>\n<\/tr>\n<tr>\n<td align=\"center\"><span style=\"vertical-align: inherit;\"><span style=\"vertical-align: inherit;\"><span dir=\"auto\" style=\"vertical-align: inherit;\"><span dir=\"auto\" style=\"vertical-align: inherit;\">Konverze na iontovou formu H <\/span><\/span><\/span><\/span><sup><span style=\"vertical-align: inherit;\"><span style=\"vertical-align: inherit;\"><span dir=\"auto\" style=\"vertical-align: inherit;\"><span dir=\"auto\" style=\"vertical-align: inherit;\">+<\/span><\/span><\/span><\/span><\/sup><span style=\"vertical-align: inherit;\"><span style=\"vertical-align: inherit;\"><span dir=\"auto\" style=\"vertical-align: inherit;\"><span dir=\"auto\" style=\"vertical-align: inherit;\"> , %<\/span><\/span><\/span><\/span><\/td>\n<td align=\"center\"><span style=\"vertical-align: inherit;\"><span style=\"vertical-align: inherit;\"><span dir=\"auto\" style=\"vertical-align: inherit;\"><span dir=\"auto\" style=\"vertical-align: inherit;\">&#8212;<\/span><\/span><\/span><\/span><\/td>\n<td align=\"center\"><span style=\"vertical-align: inherit;\"><span style=\"vertical-align: inherit;\"><span dir=\"auto\" style=\"vertical-align: inherit;\"><span dir=\"auto\" style=\"vertical-align: inherit;\">\u226599,0<\/span><\/span><\/span><\/span><\/td>\n<td align=\"center\"><span style=\"vertical-align: inherit;\"><span style=\"vertical-align: inherit;\"><span dir=\"auto\" style=\"vertical-align: inherit;\"><span dir=\"auto\" style=\"vertical-align: inherit;\">&#8212;<\/span><\/span><\/span><\/span><\/td>\n<\/tr>\n<tr>\n<td align=\"center\"><span style=\"vertical-align: inherit;\"><span style=\"vertical-align: inherit;\"><span dir=\"auto\" style=\"vertical-align: inherit;\"><span dir=\"auto\" style=\"vertical-align: inherit;\">P\u0159evod na iontovou formu OH\u207b <\/span><\/span><\/span><\/span><sup><span style=\"vertical-align: inherit;\"><span style=\"vertical-align: inherit;\"><span dir=\"auto\" style=\"vertical-align: inherit;\"><span dir=\"auto\" style=\"vertical-align: inherit;\">,<\/span><\/span><\/span><\/span><\/sup><span style=\"vertical-align: inherit;\"><span style=\"vertical-align: inherit;\"><span dir=\"auto\" style=\"vertical-align: inherit;\"><span dir=\"auto\" style=\"vertical-align: inherit;\"> %<\/span><\/span><\/span><\/span><\/td>\n<td align=\"center\"><span style=\"vertical-align: inherit;\"><span style=\"vertical-align: inherit;\"><span dir=\"auto\" style=\"vertical-align: inherit;\"><span dir=\"auto\" style=\"vertical-align: inherit;\">&#8212;<\/span><\/span><\/span><\/span><\/td>\n<td align=\"center\"><span style=\"vertical-align: inherit;\"><span style=\"vertical-align: inherit;\"><span dir=\"auto\" style=\"vertical-align: inherit;\"><span dir=\"auto\" style=\"vertical-align: inherit;\">&#8212;<\/span><\/span><\/span><\/span><\/td>\n<td align=\"center\"><span style=\"vertical-align: inherit;\"><span style=\"vertical-align: inherit;\"><span dir=\"auto\" style=\"vertical-align: inherit;\"><span dir=\"auto\" style=\"vertical-align: inherit;\">\u226594,0<\/span><\/span><\/span><\/span><\/td>\n<\/tr>\n<tr>\n<td align=\"center\"><span style=\"vertical-align: inherit;\"><span style=\"vertical-align: inherit;\"><span dir=\"auto\" style=\"vertical-align: inherit;\"><span dir=\"auto\" style=\"vertical-align: inherit;\">Pr\u016fm\u011br zrna, \u00b5m<\/span><\/span><\/span><\/span><\/td>\n<td colspan=\"3\" align=\"center\"><span style=\"vertical-align: inherit;\"><span style=\"vertical-align: inherit;\"><span dir=\"auto\" style=\"vertical-align: inherit;\"><span dir=\"auto\" style=\"vertical-align: inherit;\">40\u201350<\/span><\/span><\/span><\/span><\/td>\n<\/tr>\n<tr>\n<td align=\"center\"><span style=\"vertical-align: inherit;\"><span style=\"vertical-align: inherit;\"><span dir=\"auto\" style=\"vertical-align: inherit;\"><span dir=\"auto\" style=\"vertical-align: inherit;\">Rozlo\u017een\u00ed V\/V<\/span><\/span><\/span><\/span><\/td>\n<td align=\"center\"><span style=\"vertical-align: inherit;\"><span style=\"vertical-align: inherit;\"><span dir=\"auto\" style=\"vertical-align: inherit;\"><span dir=\"auto\" style=\"vertical-align: inherit;\">R:F: 9:1<\/span><\/span><\/span><\/span><\/td>\n<td align=\"center\"><span style=\"vertical-align: inherit;\"><span style=\"vertical-align: inherit;\"><span dir=\"auto\" style=\"vertical-align: inherit;\"><span dir=\"auto\" style=\"vertical-align: inherit;\">4<\/span><\/span><\/span><\/span><\/td>\n<td align=\"center\"><span style=\"vertical-align: inherit;\"><span style=\"vertical-align: inherit;\"><span dir=\"auto\" style=\"vertical-align: inherit;\"><span dir=\"auto\" style=\"vertical-align: inherit;\">5<\/span><\/span><\/span><\/span><\/td>\n<\/tr>\n<\/tbody>\n<\/table>\n<div style=\"clear: both;\"><\/div>\n<p>&nbsp;<\/td>\n<\/tr>\n<\/tbody>\n<\/table>\n","protected":false},"excerpt":{"rendered":"<p>Prysky\u0159ice ZG M PXF-9R15H sm\u00edchan\u00e1 s pr\u00e1\u0161kovou kationtovou prysky\u0159ic\u00ed (H+ forma), pr\u00e1\u0161kovou aniontovou prysky\u0159ic\u00ed (OH-) a inertn\u00edm vl\u00e1knem. 1. Popis:ZGM PXF-9R15H je prysky\u0159ice sm\u00edchan\u00e1 s kationtov\u00fdm prysky\u0159i\u010dn\u00fdm pr\u00e1\u0161kem ( forma H + ), aniontov\u00fdm prysky\u0159i\u010dn\u00fdm pr\u00e1\u0161kem (OH- ) a inertn\u00edmi vl\u00e1kny. Jej\u00edm prim\u00e1rn\u00edm pou\u017eit\u00edm je le\u0161t\u011bn\u00ed kondenz\u00e1tu, kter\u00e9 je \u00fa\u010dinn\u011bj\u0161\u00ed ne\u017e syst\u00e9my s hlubok\u00fdm lo\u017eem&#8230;.<\/p>\n","protected":false},"featured_media":1873,"comment_status":"closed","ping_status":"closed","template":"","meta":[],"product_cat":[502,698],"product_tag":[],"class_list":["post-5218","product","type-product","status-publish","has-post-thumbnail","hentry","product_cat-produkty-cs","product_cat-pryskyrice-se-smisenou-vrstvou"],"_links":{"self":[{"href":"https:\/\/hydrolite.eu\/cs\/wp-json\/wp\/v2\/product\/5218","targetHints":{"allow":["GET"]}}],"collection":[{"href":"https:\/\/hydrolite.eu\/cs\/wp-json\/wp\/v2\/product"}],"about":[{"href":"https:\/\/hydrolite.eu\/cs\/wp-json\/wp\/v2\/types\/product"}],"replies":[{"embeddable":true,"href":"https:\/\/hydrolite.eu\/cs\/wp-json\/wp\/v2\/comments?post=5218"}],"wp:featuredmedia":[{"embeddable":true,"href":"https:\/\/hydrolite.eu\/cs\/wp-json\/wp\/v2\/media\/1873"}],"wp:attachment":[{"href":"https:\/\/hydrolite.eu\/cs\/wp-json\/wp\/v2\/media?parent=5218"}],"wp:term":[{"taxonomy":"product_cat","embeddable":true,"href":"https:\/\/hydrolite.eu\/cs\/wp-json\/wp\/v2\/product_cat?post=5218"},{"taxonomy":"product_tag","embeddable":true,"href":"https:\/\/hydrolite.eu\/cs\/wp-json\/wp\/v2\/product_tag?post=5218"}],"curies":[{"name":"wp","href":"https:\/\/api.w.org\/{rel}","templated":true}]}}