{"id":5208,"date":"2025-09-21T13:39:22","date_gmt":"2025-11-04T18:58:19","guid":{"rendered":"https:\/\/hydrolite.eu\/?post_type=product&#038;p=5208"},"modified":"2025-11-04T21:58:19","modified_gmt":"2025-11-04T18:58:19","slug":"zger8715-elektronicka-smesna-pryskyrice","status":"publish","type":"product","link":"https:\/\/hydrolite.eu\/cs\/product\/zger8715-elektronicka-smesna-pryskyrice\/","title":{"rendered":"ZGER8715 Elektronick\u00e1 sm\u011bsn\u00e1 prysky\u0159ice"},"content":{"rendered":"<table border=\"0\" width=\"100%\" cellspacing=\"1\" cellpadding=\"0\" align=\"center\" bgcolor=\"dee8f3\">\n<tbody>\n<tr>\n<td align=\"left\" bgcolor=\"054696\" width=\"70%\" height=\"50\">\n<div class=\"zzzzz1\" align=\"center\"><span style=\"vertical-align: inherit;\"><span style=\"vertical-align: inherit;\"><span dir=\"auto\" style=\"vertical-align: inherit;\"><span dir=\"auto\" style=\"vertical-align: inherit;\">ZGER8715 Elektronick\u00e1 sm\u011bsn\u00e1 prysky\u0159ice<\/span><\/span><\/span><\/span><\/div>\n<\/td>\n<\/tr>\n<tr>\n<td style=\"padding: 20px;\" align=\"left\" bgcolor=\"#FFFFFF\"><strong><span style=\"vertical-align: inherit;\"><span style=\"vertical-align: inherit;\"><span dir=\"auto\" style=\"vertical-align: inherit;\"><span dir=\"auto\" style=\"vertical-align: inherit;\">POPIS PRODUKTU<\/span><\/span><\/span><\/span><\/strong><span style=\"vertical-align: inherit;\"><span style=\"vertical-align: inherit;\"><span dir=\"auto\" style=\"vertical-align: inherit;\"><span dir=\"auto\" style=\"vertical-align: inherit;\">ZGER8715 je sm\u011bsn\u00e1 prysky\u0159ice p\u0159ipraven\u00e1 k pou\u017eit\u00ed, kter\u00e1 se skl\u00e1d\u00e1 ze siln\u011b kysel\u00e9ho a siln\u011b z\u00e1sadit\u00e9ho (typ 1) kationtov\u00e9ho a aniontov\u011b v\u00fdm\u011bnn\u00e9ho gelu. Ob\u011b slo\u017eky jsou vysoce regenerovan\u00e9 a speci\u00e1ln\u011b \u010di\u0161t\u011bn\u00e9, aby spl\u0148ovaly specifikace polovodi\u010dov\u00e9ho pr\u016fmyslu. ZGER8715 poskytuje n\u00edzk\u00e9 emise TOC a n\u00edzk\u00e9 mno\u017estv\u00ed iontov\u00e9ho v\u00fdluhu pro jednor\u00e1zov\u00e9 aplikace. ZGER8715 je konfigurov\u00e1n tak, aby odpov\u00eddal celkov\u00e9 kapacit\u011b slo\u017eek ZGCER50 a ZGAER170 v ekvivalentn\u00edm pom\u011bru 1:1,5.<\/span><\/span><\/span><\/span><\/p>\n<p><strong><span style=\"vertical-align: inherit;\"><span style=\"vertical-align: inherit;\"><span dir=\"auto\" style=\"vertical-align: inherit;\"><span dir=\"auto\" style=\"vertical-align: inherit;\">APLIKACE<\/span><\/span><\/span><\/span><\/strong><\/p>\n<p><span style=\"vertical-align: inherit;\"><span style=\"vertical-align: inherit;\"><span dir=\"auto\" style=\"vertical-align: inherit;\"><span dir=\"auto\" style=\"vertical-align: inherit;\">ZGER8715 je sm\u011bsn\u00e1 prysky\u0159ice p\u0159ipraven\u00e1 k pou\u017eit\u00ed. Je vhodn\u00e1 pro p\u0159\u00edpravu ultra\u010dist\u00e9 vody a pro nejnov\u011bj\u0161\u00ed neregenerovan\u00e9, ultra\u010dist\u00e9 vodn\u00e9 le\u0161tic\u00ed syst\u00e9my v polovodi\u010dov\u00e9m pr\u016fmyslu. M\u00e1 vysokou v\u00fdm\u011bnnou kapacitu a vynikaj\u00edc\u00ed antiosmotickou odolnost.<\/span><\/span><\/span><\/span><\/p>\n<p><strong><span style=\"vertical-align: inherit;\"><span style=\"vertical-align: inherit;\"><span dir=\"auto\" style=\"vertical-align: inherit;\"><span dir=\"auto\" style=\"vertical-align: inherit;\">FYZIK\u00c1LN\u00cd A CHEMICK\u00c9 VLASTNOSTI<\/span><\/span><\/span><\/span><\/strong><\/p>\n<table style=\"width: 569px;\" border=\"1\" cellspacing=\"0\">\n<tbody>\n<tr>\n<td style=\"width: 283px;\">\n<p style=\"margin-left: 5.5000pt;\"><span style=\"vertical-align: inherit;\"><span style=\"vertical-align: inherit;\"><span dir=\"auto\" style=\"vertical-align: inherit;\"><span dir=\"auto\" style=\"vertical-align: inherit;\">Vzhled<\/span><\/span><\/span><\/span><\/p>\n<\/td>\n<td style=\"width: 285px;\">\n<p style=\"margin-left: 74.8000pt;\"><span style=\"vertical-align: inherit;\"><span style=\"vertical-align: inherit;\"><span dir=\"auto\" style=\"vertical-align: inherit;\"><span dir=\"auto\" style=\"vertical-align: inherit;\">Gelov\u00e9 kuli\u010dky<\/span><\/span><\/span><\/span><\/p>\n<\/td>\n<\/tr>\n<tr>\n<td style=\"width: 283px;\">\n<p style=\"margin-left: 6.3500pt;\"><span style=\"vertical-align: inherit;\"><span style=\"vertical-align: inherit;\"><span dir=\"auto\" style=\"vertical-align: inherit;\"><span dir=\"auto\" style=\"vertical-align: inherit;\">Matice<\/span><\/span><\/span><\/span><\/p>\n<\/td>\n<td style=\"width: 285px;\">\n<p style=\"margin-left: 71.4500pt;\"><span style=\"vertical-align: inherit;\"><span style=\"vertical-align: inherit;\"><span dir=\"auto\" style=\"vertical-align: inherit;\"><span dir=\"auto\" style=\"vertical-align: inherit;\">Styren &#8211; DVB<\/span><\/span><\/span><\/span><\/p>\n<\/td>\n<\/tr>\n<tr>\n<td style=\"width: 283px;\">\n<p style=\"margin-left: 6.3500pt;\"><span style=\"vertical-align: inherit;\"><span style=\"vertical-align: inherit;\"><span dir=\"auto\" style=\"vertical-align: inherit;\"><span dir=\"auto\" style=\"vertical-align: inherit;\">Funk\u010dn\u00ed skupina<\/span><\/span><\/span><\/span><\/p>\n<\/td>\n<td style=\"width: 285px;\">\n<p style=\"margin-left: 29.5500pt;\"><span style=\"vertical-align: inherit;\"><span style=\"vertical-align: inherit;\"><span dir=\"auto\" style=\"vertical-align: inherit;\"><span dir=\"auto\" style=\"vertical-align: inherit;\">Kyselina s\u00edrov\u00e1\/amin pro byty<\/span><\/span><\/span><\/span><\/p>\n<\/td>\n<\/tr>\n<tr>\n<td style=\"width: 283px;\">\n<p style=\"margin-left: 6.0500pt;\"><span style=\"vertical-align: inherit;\"><span style=\"vertical-align: inherit;\"><span dir=\"auto\" style=\"vertical-align: inherit;\"><span dir=\"auto\" style=\"vertical-align: inherit;\">Iontov\u00e1 forma<\/span><\/span><\/span><\/span><\/p>\n<\/td>\n<td style=\"width: 285px;\">\n<p style=\"margin-left: 92.4000pt;\"><span style=\"vertical-align: inherit;\"><span style=\"vertical-align: inherit;\"><span dir=\"auto\" style=\"vertical-align: inherit;\"><span dir=\"auto\" style=\"vertical-align: inherit;\">H+\/OH-<\/span><\/span><\/span><\/span><\/p>\n<\/td>\n<\/tr>\n<tr>\n<td style=\"width: 283px;\">\n<p style=\"margin-left: 6.3500pt;\"><span style=\"vertical-align: inherit;\"><span style=\"vertical-align: inherit;\"><span dir=\"auto\" style=\"vertical-align: inherit;\"><span dir=\"auto\" style=\"vertical-align: inherit;\">Vlhkostn\u00ed kapacita %<\/span><\/span><\/span><\/span><\/p>\n<\/td>\n<td style=\"width: 285px;\">\n<p style=\"margin-left: 91.6000pt;\"><span style=\"vertical-align: inherit;\"><span style=\"vertical-align: inherit;\"><span dir=\"auto\" style=\"vertical-align: inherit;\"><span dir=\"auto\" style=\"vertical-align: inherit;\">53 &#8211; 63<\/span><\/span><\/span><\/span><\/p>\n<\/td>\n<\/tr>\n<tr>\n<td style=\"width: 283px;\">\n<p style=\"margin-left: 6.0000pt;\"><span style=\"vertical-align: inherit;\"><span style=\"vertical-align: inherit;\"><span dir=\"auto\" style=\"vertical-align: inherit;\"><span dir=\"auto\" style=\"vertical-align: inherit;\">P\u0159epravn\u00ed hmotnost g\/ml<\/span><\/span><\/span><\/span><\/p>\n<\/td>\n<td style=\"width: 285px;\">\n<p style=\"margin-left: 79.8500pt;\"><span style=\"vertical-align: inherit;\"><span style=\"vertical-align: inherit;\"><span dir=\"auto\" style=\"vertical-align: inherit;\"><span dir=\"auto\" style=\"vertical-align: inherit;\">0,68\u20130,78<\/span><\/span><\/span><\/span><\/p>\n<\/td>\n<\/tr>\n<tr>\n<td style=\"width: 283px;\">\n<p style=\"margin-left: 5.9000pt;\"><span style=\"vertical-align: inherit;\"><span style=\"vertical-align: inherit;\"><span dir=\"auto\" style=\"vertical-align: inherit;\"><span dir=\"auto\" style=\"vertical-align: inherit;\">Granulometrie (0,45 \u2013 1,25 mm) min. %<\/span><\/span><\/span><\/span><\/p>\n<\/td>\n<td style=\"width: 285px;\">\n<p style=\"margin-left: 103.3500pt;\"><span style=\"vertical-align: inherit;\"><span style=\"vertical-align: inherit;\"><span dir=\"auto\" style=\"vertical-align: inherit;\"><span dir=\"auto\" style=\"vertical-align: inherit;\">95<\/span><\/span><\/span><\/span><\/p>\n<\/td>\n<\/tr>\n<tr>\n<td style=\"width: 283px;\">\n<p style=\"margin-left: 6.2500pt;\"><span style=\"vertical-align: inherit;\"><span style=\"vertical-align: inherit;\"><span dir=\"auto\" style=\"vertical-align: inherit;\"><span dir=\"auto\" style=\"vertical-align: inherit;\">Koeficient uniformity min.<\/span><\/span><\/span><\/span><\/p>\n<\/td>\n<td style=\"width: 285px;\">\n<p style=\"margin-left: 99.2500pt;\"><span style=\"vertical-align: inherit;\"><span style=\"vertical-align: inherit;\"><span dir=\"auto\" style=\"vertical-align: inherit;\"><span dir=\"auto\" style=\"vertical-align: inherit;\">1,60<\/span><\/span><\/span><\/span><\/p>\n<\/td>\n<\/tr>\n<tr>\n<td style=\"width: 283px;\">\n<p style=\"margin-left: 6.3500pt;\"><span style=\"vertical-align: inherit;\"><span style=\"vertical-align: inherit;\"><span dir=\"auto\" style=\"vertical-align: inherit;\"><span dir=\"auto\" style=\"vertical-align: inherit;\">\u00darove\u0148 regenerace min. %<\/span><\/span><\/span><\/span><\/p>\n<\/td>\n<td style=\"width: 285px;\">\n<p style=\"margin-left: 92.3500pt;\"><span style=\"vertical-align: inherit;\"><span style=\"vertical-align: inherit;\"><span dir=\"auto\" style=\"vertical-align: inherit;\"><span dir=\"auto\" style=\"vertical-align: inherit;\">99\/85<\/span><\/span><\/span><\/span><\/p>\n<\/td>\n<\/tr>\n<\/tbody>\n<\/table>\n<\/td>\n<\/tr>\n<\/tbody>\n<\/table>\n<div id=\"gtx-trans\" style=\"position: absolute; left: 203px; top: 1.63068px;\">\n<div class=\"gtx-trans-icon\"><\/div>\n<\/div>\n","protected":false},"excerpt":{"rendered":"<p>ZGER8715 Elektronick\u00e1 sm\u011bsn\u00e1 prysky\u0159ice POPIS PRODUKTUZGER8715 je sm\u011bsn\u00e1 prysky\u0159ice p\u0159ipraven\u00e1 k pou\u017eit\u00ed, kter\u00e1 se skl\u00e1d\u00e1 ze siln\u011b kysel\u00e9ho a siln\u011b z\u00e1sadit\u00e9ho (typ 1) kationtov\u00e9ho a aniontov\u011b v\u00fdm\u011bnn\u00e9ho gelu. Ob\u011b slo\u017eky jsou vysoce regenerovan\u00e9 a speci\u00e1ln\u011b \u010di\u0161t\u011bn\u00e9, aby spl\u0148ovaly specifikace polovodi\u010dov\u00e9ho pr\u016fmyslu. ZGER8715 poskytuje n\u00edzk\u00e9 emise TOC a n\u00edzk\u00e9 mno\u017estv\u00ed iontov\u00e9ho v\u00fdluhu pro jednor\u00e1zov\u00e9 aplikace. ZGER8715&#8230;<\/p>\n","protected":false},"featured_media":1873,"comment_status":"closed","ping_status":"closed","template":"","meta":[],"product_cat":[502,294,698,281],"product_tag":[],"class_list":["post-5208","product","type-product","status-publish","has-post-thumbnail","hentry","product_cat-produkty-cs","product_cat-prumysl","product_cat-pryskyrice-se-smisenou-vrstvou","product_cat-ultra-cista-voda"],"_links":{"self":[{"href":"https:\/\/hydrolite.eu\/cs\/wp-json\/wp\/v2\/product\/5208","targetHints":{"allow":["GET"]}}],"collection":[{"href":"https:\/\/hydrolite.eu\/cs\/wp-json\/wp\/v2\/product"}],"about":[{"href":"https:\/\/hydrolite.eu\/cs\/wp-json\/wp\/v2\/types\/product"}],"replies":[{"embeddable":true,"href":"https:\/\/hydrolite.eu\/cs\/wp-json\/wp\/v2\/comments?post=5208"}],"wp:featuredmedia":[{"embeddable":true,"href":"https:\/\/hydrolite.eu\/cs\/wp-json\/wp\/v2\/media\/1873"}],"wp:attachment":[{"href":"https:\/\/hydrolite.eu\/cs\/wp-json\/wp\/v2\/media?parent=5208"}],"wp:term":[{"taxonomy":"product_cat","embeddable":true,"href":"https:\/\/hydrolite.eu\/cs\/wp-json\/wp\/v2\/product_cat?post=5208"},{"taxonomy":"product_tag","embeddable":true,"href":"https:\/\/hydrolite.eu\/cs\/wp-json\/wp\/v2\/product_tag?post=5208"}],"curies":[{"name":"wp","href":"https:\/\/api.w.org\/{rel}","templated":true}]}}