{"id":4534,"date":"2022-05-20T11:11:46","date_gmt":"2025-10-27T07:06:26","guid":{"rendered":"https:\/\/hydrolite.eu\/?post_type=product&#038;p=4534"},"modified":"2025-10-27T10:06:26","modified_gmt":"2025-10-27T07:06:26","slug":"hydrolite-zgc858-specialni-kationtomenicova-pryskyrice-pro-odstranovani-zeleza-a-zmekcovani-vody","status":"publish","type":"product","link":"https:\/\/hydrolite.eu\/cs\/product\/hydrolite-zgc858-specialni-kationtomenicova-pryskyrice-pro-odstranovani-zeleza-a-zmekcovani-vody\/","title":{"rendered":"HYDROLITE ZGC858 Speci\u00e1ln\u00ed kationtom\u011bni\u010dov\u00e1 prysky\u0159ice pro odstra\u0148ov\u00e1n\u00ed \u017eeleza a zm\u011bk\u010dov\u00e1n\u00ed vody"},"content":{"rendered":"<h2 class=\"MsoNormal\" style=\"text-align: center;\" align=\"center\"><span style=\"font-size: 14.0pt; font-family: 'Arial','sans-serif';\"><span dir=\"auto\" style=\"vertical-align: inherit;\"><span dir=\"auto\" style=\"vertical-align: inherit;\">HYDROLITE ZGC858 Speci\u00e1ln\u00ed kationtom\u011bni\u010dov\u00e1 prysky\u0159ice pro odstra\u0148ov\u00e1n\u00ed \u017eeleza a zm\u011bk\u010dov\u00e1n\u00ed vody<\/span><\/span><\/span><\/h2>\n<p class=\"MsoNormal\" style=\"text-align: justify; text-indent: 35.4pt;\"><span class=\"GramE\"><span style=\"font-family: 'Arial','sans-serif';\"><strong><span dir=\"auto\" style=\"vertical-align: inherit;\"><span dir=\"auto\" style=\"vertical-align: inherit;\">ZGC858 je siln\u011b kysel\u00e1 kationtom\u011bni\u010dov\u00e1 prysky\u0159ice s inertn\u00edm j\u00e1drem<\/span><\/span><\/strong><span dir=\"auto\" style=\"vertical-align: inherit;\"><span dir=\"auto\" style=\"vertical-align: inherit;\"> .<\/span><\/span><\/span><\/span><span style=\"font-family: 'Arial','sans-serif';\"><span dir=\"auto\" style=\"vertical-align: inherit;\"><span dir=\"auto\" style=\"vertical-align: inherit;\"> Je ur\u010dena pro efektivn\u00ed a dlouhodob\u00e9 odstra\u0148ov\u00e1n\u00ed<\/span><\/span><br \/>\n<span dir=\"auto\" style=\"vertical-align: inherit;\"><span dir=\"auto\" style=\"vertical-align: inherit;\">\u017eeleza a t\u011b\u017ek\u00fdch kov\u016f a zm\u011bk\u010dov\u00e1n\u00ed vody. M\u00e1 vysokou v\u00fdm\u011bnnou kapacitu a vynikaj\u00edc\u00ed fyzik\u00e1ln\u00ed a chemickou<\/span><\/span><span style=\"mso-spacerun: yes;\"><br \/>\n<\/span><span dir=\"auto\" style=\"vertical-align: inherit;\"><span dir=\"auto\" style=\"vertical-align: inherit;\">stabilitu.<\/span><\/span><\/span><\/p>\n<p class=\"MsoNormal\" style=\"text-align: justify; text-indent: 35.4pt;\"><span style=\"font-family: 'Arial','sans-serif';\"><span dir=\"auto\" style=\"vertical-align: inherit;\"><span dir=\"auto\" style=\"vertical-align: inherit;\">Funk\u010dn\u00ed skupiny se nach\u00e1zej\u00ed pouze na povrchu prysky\u0159ice a jsou velmi bl\u00edzko sebe. V d\u016fsledku toho prob\u00edhaj\u00ed v\u0161echny reakce <\/span><\/span><span class=\"GramE\"><span dir=\"auto\" style=\"vertical-align: inherit;\"><span dir=\"auto\" style=\"vertical-align: inherit;\">iontov\u00e9<\/span><\/span><\/span><span dir=\"auto\" style=\"vertical-align: inherit;\"><span dir=\"auto\" style=\"vertical-align: inherit;\"> v\u00fdm\u011bny v\u00fdhradn\u011b na povrchu prysky\u0159ice, co\u017e zabra\u0148uje \u00faniku iont\u016f a zaji\u0161\u0165uje \u00faplnou regeneraci prysky\u0159ice.<\/span><\/span><span style=\"mso-spacerun: yes;\"><br \/>\n<\/span><\/span><\/p>\n<p class=\"MsoNormal\" style=\"text-align: justify; text-indent: 35.4pt;\"><span style=\"font-family: 'Arial','sans-serif';\"><span dir=\"auto\" style=\"vertical-align: inherit;\"><span dir=\"auto\" style=\"vertical-align: inherit;\">D\u00edky sv\u00fdm jedine\u010dn\u00fdm vlastnostem je <\/span><\/span><\/span><span lang=\"EN-US\" style=\"font-family: 'Arial','sans-serif'; mso-ansi-language: EN-US;\"><span dir=\"auto\" style=\"vertical-align: inherit;\"><span dir=\"auto\" style=\"vertical-align: inherit;\">ZGC <\/span><\/span><\/span><span style=\"font-family: 'Arial','sans-serif';\"><span dir=\"auto\" style=\"vertical-align: inherit;\"><span dir=\"auto\" style=\"vertical-align: inherit;\">858 nejlep\u0161\u00edm produktem pro zm\u011bk\u010dov\u00e1n\u00ed vody a <\/span><\/span><span style=\"mso-spacerun: yes;\">\u00a0 <\/span><span dir=\"auto\" style=\"vertical-align: inherit;\"><span dir=\"auto\" style=\"vertical-align: inherit;\">odstra\u0148ov\u00e1n\u00ed \u017eeleza a manganu.<\/span><\/span><\/span><\/p>\n<p class=\"MsoNormal\" style=\"text-align: justify;\"><b style=\"mso-bidi-font-weight: normal;\"><span style=\"font-family: 'Arial','sans-serif';\">\u00a0<\/span><\/b><\/p>\n<p class=\"MsoNormal\" style=\"text-align: justify;\"><b style=\"mso-bidi-font-weight: normal;\"><span style=\"font-family: 'Arial','sans-serif';\">\u00a0<\/span><\/b><\/p>\n<p class=\"MsoNormal\" style=\"text-align: justify;\"><b style=\"mso-bidi-font-weight: normal;\"><span style=\"font-family: 'Arial','sans-serif';\">\u00a0<\/span><\/b><\/p>\n<p class=\"MsoNormal\" style=\"text-align: justify;\"><b style=\"mso-bidi-font-weight: normal;\"><span style=\"font-family: 'Arial','sans-serif';\"><span dir=\"auto\" style=\"vertical-align: inherit;\"><span dir=\"auto\" style=\"vertical-align: inherit;\">Typick\u00e9 fyzik\u00e1ln\u00ed, <\/span><\/span><br \/>\n<span dir=\"auto\" style=\"vertical-align: inherit;\"><span dir=\"auto\" style=\"vertical-align: inherit;\">chemick\u00e9 a technologick\u00e9 vlastnosti:<\/span><\/span><\/span><\/b><\/p>\n<p class=\"MsoNormal\" style=\"text-align: justify;\"><span style=\"font-family: 'Arial','sans-serif';\">\u00a0<\/span><\/p>\n<table class=\"MsoNormalTable\" style=\"border-collapse: collapse; border: none; mso-border-alt: solid windowtext .5pt; mso-yfti-tbllook: 480; mso-padding-alt: 0cm 5.4pt 0cm 5.4pt; mso-border-insideh: .5pt solid windowtext; mso-border-insidev: .5pt solid windowtext;\" border=\"1\" cellspacing=\"0\" cellpadding=\"0\">\n<tbody>\n<tr style=\"mso-yfti-irow: 0; mso-yfti-firstrow: yes;\">\n<td style=\"width: 274.75pt; border: solid windowtext 1.0pt; mso-border-alt: solid windowtext .5pt; padding: 0cm 5.4pt 0cm 5.4pt;\" valign=\"top\" width=\"366\">\n<p class=\"MsoNormal\" style=\"text-align: justify;\"><span style=\"font-family: 'Arial','sans-serif';\"><br \/>\n<span dir=\"auto\" style=\"vertical-align: inherit;\"><span dir=\"auto\" style=\"vertical-align: inherit;\">Vzhled<\/span><\/span><\/span><\/p>\n<\/td>\n<td style=\"width: 203.8pt; border: solid windowtext 1.0pt; border-left: none; mso-border-left-alt: solid windowtext .5pt; mso-border-alt: solid windowtext .5pt; padding: 0cm 5.4pt 0cm 5.4pt;\" valign=\"top\" width=\"272\">\n<p class=\"MsoNormal\"><span style=\"font-family: 'Arial','sans-serif';\"><span dir=\"auto\" style=\"vertical-align: inherit;\"><span dir=\"auto\" style=\"vertical-align: inherit;\">\u010cernohn\u011bd\u00e9 <\/span><\/span><br \/>\n<span dir=\"auto\" style=\"vertical-align: inherit;\"><span dir=\"auto\" style=\"vertical-align: inherit;\">kulovit\u00e9 granule<\/span><\/span><\/span><\/p>\n<\/td>\n<\/tr>\n<tr style=\"mso-yfti-irow: 1;\">\n<td style=\"width: 274.75pt; border: solid windowtext 1.0pt; border-top: none; mso-border-top-alt: solid windowtext .5pt; mso-border-alt: solid windowtext .5pt; padding: 0cm 5.4pt 0cm 5.4pt;\" valign=\"top\" width=\"366\">\n<p class=\"MsoNormal\" style=\"text-align: justify;\"><span style=\"font-family: 'Arial','sans-serif';\"><span dir=\"auto\" style=\"vertical-align: inherit;\"><span dir=\"auto\" style=\"vertical-align: inherit;\">Po\u010det <\/span><\/span><br \/>\n<span dir=\"auto\" style=\"vertical-align: inherit;\"><span dir=\"auto\" style=\"vertical-align: inherit;\">cel\u00fdch sf\u00e9rick\u00fdch \u010d\u00e1stic<\/span><\/span><\/span><\/p>\n<\/td>\n<td style=\"width: 203.8pt; border-top: none; border-left: none; border-bottom: solid windowtext 1.0pt; border-right: solid windowtext 1.0pt; mso-border-top-alt: solid windowtext .5pt; mso-border-left-alt: solid windowtext .5pt; mso-border-alt: solid windowtext .5pt; padding: 0cm 5.4pt 0cm 5.4pt;\" valign=\"top\" width=\"272\">\n<p class=\"MsoNormal\"><span style=\"font-family: 'Arial','sans-serif';\"><span style=\"mso-spacerun: yes;\">\u00a0<\/span><\/span><span lang=\"EN-US\" style=\"font-family: 'Arial','sans-serif'; mso-ansi-language: EN-US;\"><span dir=\"auto\" style=\"vertical-align: inherit;\"><span dir=\"auto\" style=\"vertical-align: inherit;\">&gt; 95 %<\/span><\/span><\/span><\/p>\n<\/td>\n<\/tr>\n<tr style=\"mso-yfti-irow: 2;\">\n<td style=\"width: 274.75pt; border: solid windowtext 1.0pt; border-top: none; mso-border-top-alt: solid windowtext .5pt; mso-border-alt: solid windowtext .5pt; padding: 0cm 5.4pt 0cm 5.4pt;\" valign=\"top\" width=\"366\">\n<p class=\"MsoNormal\" style=\"text-align: justify;\"><span style=\"font-family: 'Arial','sans-serif';\"><span dir=\"auto\" style=\"vertical-align: inherit;\"><span dir=\"auto\" style=\"vertical-align: inherit;\">Iontov\u00e1 <\/span><\/span><br \/>\n<span dir=\"auto\" style=\"vertical-align: inherit;\"><span dir=\"auto\" style=\"vertical-align: inherit;\">forma<\/span><\/span><\/span><\/p>\n<\/td>\n<td style=\"width: 203.8pt; border-top: none; border-left: none; border-bottom: solid windowtext 1.0pt; border-right: solid windowtext 1.0pt; mso-border-top-alt: solid windowtext .5pt; mso-border-left-alt: solid windowtext .5pt; mso-border-alt: solid windowtext .5pt; padding: 0cm 5.4pt 0cm 5.4pt;\" valign=\"top\" width=\"272\">\n<p class=\"MsoNormal\"><span lang=\"EN-US\" style=\"font-family: 'Arial','sans-serif'; mso-ansi-language: EN-US;\"><span dir=\"auto\" style=\"vertical-align: inherit;\"><span dir=\"auto\" style=\"vertical-align: inherit;\">\u017de<\/span><\/span><\/span><\/p>\n<\/td>\n<\/tr>\n<tr style=\"mso-yfti-irow: 3;\">\n<td style=\"width: 274.75pt; border: solid windowtext 1.0pt; border-top: none; mso-border-top-alt: solid windowtext .5pt; mso-border-alt: solid windowtext .5pt; padding: 0cm 5.4pt 0cm 5.4pt;\" valign=\"top\" width=\"366\">\n<p class=\"MsoNormal\" style=\"text-align: justify;\"><span style=\"font-family: 'Arial','sans-serif';\"><span dir=\"auto\" style=\"vertical-align: inherit;\"><span dir=\"auto\" style=\"vertical-align: inherit;\">Velikost <\/span><\/span><br \/>\n<span dir=\"auto\" style=\"vertical-align: inherit;\"><span dir=\"auto\" style=\"vertical-align: inherit;\">\u010d\u00e1stic<\/span><\/span><\/span><\/p>\n<\/td>\n<td style=\"width: 203.8pt; border-top: none; border-left: none; border-bottom: solid windowtext 1.0pt; border-right: solid windowtext 1.0pt; mso-border-top-alt: solid windowtext .5pt; mso-border-left-alt: solid windowtext .5pt; mso-border-alt: solid windowtext .5pt; padding: 0cm 5.4pt 0cm 5.4pt;\" valign=\"top\" width=\"272\">\n<p class=\"MsoNormal\"><span style=\"font-family: 'Arial','sans-serif';\"><span dir=\"auto\" style=\"vertical-align: inherit;\"><span dir=\"auto\" style=\"vertical-align: inherit;\">0,315 <\/span><\/span><\/span><span dir=\"auto\" style=\"vertical-align: inherit;\"><span lang=\"EN-US\" style=\"font-family: 'Arial','sans-serif'; mso-ansi-language: EN-US;\"><span dir=\"auto\" style=\"vertical-align: inherit;\">\u2013 <\/span><\/span><span style=\"font-family: 'Arial','sans-serif';\"><span dir=\"auto\" style=\"vertical-align: inherit;\">1,250 <\/span><\/span><span style=\"font-family: 'Arial','sans-serif';\"><span dir=\"auto\" style=\"vertical-align: inherit;\">mm <\/span><\/span><\/span><span lang=\"EN-US\" style=\"font-family: 'Arial','sans-serif'; mso-ansi-language: EN-US;\"><span dir=\"auto\" style=\"vertical-align: inherit;\"><span dir=\"auto\" style=\"vertical-align: inherit;\">&gt; <\/span><\/span><\/span><span dir=\"auto\" style=\"vertical-align: inherit;\"><span lang=\"EN-US\" style=\"font-family: 'Arial','sans-serif'; mso-ansi-language: EN-US;\"><span dir=\"auto\" style=\"vertical-align: inherit;\">95 <\/span><\/span><span style=\"font-family: 'Arial','sans-serif';\"><span dir=\"auto\" style=\"vertical-align: inherit;\">%<\/span><\/span><\/span><\/p>\n<\/td>\n<\/tr>\n<tr style=\"mso-yfti-irow: 4;\">\n<td style=\"width: 274.75pt; border: solid windowtext 1.0pt; border-top: none; mso-border-top-alt: solid windowtext .5pt; mso-border-alt: solid windowtext .5pt; padding: 0cm 5.4pt 0cm 5.4pt;\" valign=\"top\" width=\"366\">\n<p class=\"MsoNormal\" style=\"text-align: justify;\"><span style=\"font-family: 'Arial','sans-serif';\"><span dir=\"auto\" style=\"vertical-align: inherit;\"><span dir=\"auto\" style=\"vertical-align: inherit;\">Obsah vlhkosti <\/span><\/span><br \/>\n<span dir=\"auto\" style=\"vertical-align: inherit;\"><span dir=\"auto\" style=\"vertical-align: inherit;\">, %<\/span><\/span><\/span><\/p>\n<\/td>\n<td style=\"width: 203.8pt; border-top: none; border-left: none; border-bottom: solid windowtext 1.0pt; border-right: solid windowtext 1.0pt; mso-border-top-alt: solid windowtext .5pt; mso-border-left-alt: solid windowtext .5pt; mso-border-alt: solid windowtext .5pt; padding: 0cm 5.4pt 0cm 5.4pt;\" valign=\"top\" width=\"272\">\n<p class=\"MsoNormal\"><span lang=\"EN-US\" style=\"font-family: 'Arial','sans-serif'; mso-ansi-language: EN-US;\"><span dir=\"auto\" style=\"vertical-align: inherit;\"><span dir=\"auto\" style=\"vertical-align: inherit;\">4 <\/span><\/span><\/span><span style=\"font-family: 'Arial','sans-serif';\"><span dir=\"auto\" style=\"vertical-align: inherit;\"><span dir=\"auto\" style=\"vertical-align: inherit;\">8 <\/span><\/span><br \/>\n<span dir=\"auto\" style=\"vertical-align: inherit;\"><span dir=\"auto\" style=\"vertical-align: inherit;\">\u2013 <\/span><\/span><\/span><span lang=\"EN-US\" style=\"font-family: 'Arial','sans-serif'; mso-ansi-language: EN-US;\"><span dir=\"auto\" style=\"vertical-align: inherit;\"><span dir=\"auto\" style=\"vertical-align: inherit;\">5 <\/span><\/span><\/span><span style=\"font-family: 'Arial','sans-serif';\"><span dir=\"auto\" style=\"vertical-align: inherit;\"><span dir=\"auto\" style=\"vertical-align: inherit;\">6<\/span><\/span><\/span><\/p>\n<\/td>\n<\/tr>\n<tr style=\"mso-yfti-irow: 5;\">\n<td style=\"width: 274.75pt; border: solid windowtext 1.0pt; border-top: none; mso-border-top-alt: solid windowtext .5pt; mso-border-alt: solid windowtext .5pt; padding: 0cm 5.4pt 0cm 5.4pt;\" valign=\"top\" width=\"366\">\n<p class=\"MsoNormal\" style=\"text-align: justify;\"><span style=\"font-family: 'Arial','sans-serif';\"><span dir=\"auto\" style=\"vertical-align: inherit;\"><span dir=\"auto\" style=\"vertical-align: inherit;\">Celkov\u00e1 <\/span><\/span><br \/>\n<span dir=\"auto\" style=\"vertical-align: inherit;\"><span dir=\"auto\" style=\"vertical-align: inherit;\">v\u00fdm\u011bnn\u00e1 kapacita, <\/span><\/span><span class=\"SpellE\"><span dir=\"auto\" style=\"vertical-align: inherit;\"><span dir=\"auto\" style=\"vertical-align: inherit;\">mmol<\/span><\/span><\/span><span dir=\"auto\" style=\"vertical-align: inherit;\"><span dir=\"auto\" style=\"vertical-align: inherit;\"> \/g<\/span><\/span><\/span><\/p>\n<\/td>\n<td style=\"width: 203.8pt; border-top: none; border-left: none; border-bottom: solid windowtext 1.0pt; border-right: solid windowtext 1.0pt; mso-border-top-alt: solid windowtext .5pt; mso-border-left-alt: solid windowtext .5pt; mso-border-alt: solid windowtext .5pt; padding: 0cm 5.4pt 0cm 5.4pt;\" valign=\"top\" width=\"272\">\n<p class=\"MsoNormal\"><span style=\"font-family: 'Arial','sans-serif';\"><span dir=\"auto\" style=\"vertical-align: inherit;\"><span dir=\"auto\" style=\"vertical-align: inherit;\">&gt;3,10<\/span><\/span><\/span><\/p>\n<\/td>\n<\/tr>\n<tr style=\"mso-yfti-irow: 6;\">\n<td style=\"width: 274.75pt; border: solid windowtext 1.0pt; border-top: none; mso-border-top-alt: solid windowtext .5pt; mso-border-alt: solid windowtext .5pt; padding: 0cm 5.4pt 0cm 5.4pt;\" valign=\"top\" width=\"366\">\n<p class=\"MsoNormal\" style=\"text-align: justify;\"><span style=\"font-family: 'Arial','sans-serif';\"><span dir=\"auto\" style=\"vertical-align: inherit;\"><span dir=\"auto\" style=\"vertical-align: inherit;\">Celkov\u00e1 <\/span><\/span><br \/>\n<span dir=\"auto\" style=\"vertical-align: inherit;\"><span dir=\"auto\" style=\"vertical-align: inherit;\">v\u00fdm\u011bnn\u00e1 kapacita, <\/span><\/span><span class=\"SpellE\"><span dir=\"auto\" style=\"vertical-align: inherit;\"><span dir=\"auto\" style=\"vertical-align: inherit;\">mmol<\/span><\/span><\/span><span dir=\"auto\" style=\"vertical-align: inherit;\"><span dir=\"auto\" style=\"vertical-align: inherit;\"> \/ml<\/span><\/span><\/span><\/p>\n<\/td>\n<td style=\"width: 203.8pt; border-top: none; border-left: none; border-bottom: solid windowtext 1.0pt; border-right: solid windowtext 1.0pt; mso-border-top-alt: solid windowtext .5pt; mso-border-left-alt: solid windowtext .5pt; mso-border-alt: solid windowtext .5pt; padding: 0cm 5.4pt 0cm 5.4pt;\" valign=\"top\" width=\"272\">\n<p class=\"MsoNormal\"><span lang=\"EN-US\" style=\"font-family: 'Arial','sans-serif'; mso-ansi-language: EN-US;\"><span dir=\"auto\" style=\"vertical-align: inherit;\"><span dir=\"auto\" style=\"vertical-align: inherit;\">&gt;1,10<\/span><\/span><\/span><\/p>\n<\/td>\n<\/tr>\n<tr style=\"mso-yfti-irow: 7;\">\n<td style=\"width: 274.75pt; border: solid windowtext 1.0pt; border-top: none; mso-border-top-alt: solid windowtext .5pt; mso-border-alt: solid windowtext .5pt; padding: 0cm 5.4pt 0cm 5.4pt;\" valign=\"top\" width=\"366\">\n<p class=\"MsoNormal\" style=\"text-align: justify;\"><span style=\"font-family: 'Arial','sans-serif';\"><span dir=\"auto\" style=\"vertical-align: inherit;\"><span dir=\"auto\" style=\"vertical-align: inherit;\">Doporu\u010den\u00e1 <\/span><\/span><br \/>\n<span dir=\"auto\" style=\"vertical-align: inherit;\"><span dir=\"auto\" style=\"vertical-align: inherit;\">vypo\u010d\u00edtan\u00e1 kapacita, <\/span><\/span><span class=\"SpellE\"><span dir=\"auto\" style=\"vertical-align: inherit;\"><span dir=\"auto\" style=\"vertical-align: inherit;\">mmol<\/span><\/span><\/span><span dir=\"auto\" style=\"vertical-align: inherit;\"><span dir=\"auto\" style=\"vertical-align: inherit;\"> \/ml<\/span><\/span><\/span><\/p>\n<\/td>\n<td style=\"width: 203.8pt; border-top: none; border-left: none; border-bottom: solid windowtext 1.0pt; border-right: solid windowtext 1.0pt; mso-border-top-alt: solid windowtext .5pt; mso-border-left-alt: solid windowtext .5pt; mso-border-alt: solid windowtext .5pt; padding: 0cm 5.4pt 0cm 5.4pt;\" valign=\"top\" width=\"272\">\n<p class=\"MsoNormal\"><span lang=\"EN-US\" style=\"font-family: 'Arial','sans-serif'; mso-ansi-language: EN-US;\"><span dir=\"auto\" style=\"vertical-align: inherit;\"><span dir=\"auto\" style=\"vertical-align: inherit;\">0,8<\/span><\/span><\/span><\/p>\n<\/td>\n<\/tr>\n<tr style=\"mso-yfti-irow: 8;\">\n<td style=\"width: 274.75pt; border: solid windowtext 1.0pt; border-top: none; mso-border-top-alt: solid windowtext .5pt; mso-border-alt: solid windowtext .5pt; padding: 0cm 5.4pt 0cm 5.4pt;\" valign=\"top\" width=\"366\">\n<p class=\"MsoNormal\" style=\"text-align: justify;\"><span style=\"font-family: 'Arial','sans-serif';\"><span dir=\"auto\" style=\"vertical-align: inherit;\"><span dir=\"auto\" style=\"vertical-align: inherit;\">Kapacita <\/span><\/span><br \/>\n<span dir=\"auto\" style=\"vertical-align: inherit;\"><span dir=\"auto\" style=\"vertical-align: inherit;\">pro \u017eelezn\u00e9 ionty, <\/span><\/span><span class=\"SpellE\"><span dir=\"auto\" style=\"vertical-align: inherit;\"><span dir=\"auto\" style=\"vertical-align: inherit;\">gramy<\/span><\/span><\/span><span dir=\"auto\" style=\"vertical-align: inherit;\"><span dir=\"auto\" style=\"vertical-align: inherit;\"> na 1 litr<\/span><\/span><\/span><\/p>\n<\/td>\n<td style=\"width: 203.8pt; border-top: none; border-left: none; border-bottom: solid windowtext 1.0pt; border-right: solid windowtext 1.0pt; mso-border-top-alt: solid windowtext .5pt; mso-border-left-alt: solid windowtext .5pt; mso-border-alt: solid windowtext .5pt; padding: 0cm 5.4pt 0cm 5.4pt;\" valign=\"top\" width=\"272\">\n<p class=\"MsoNormal\"><span style=\"font-family: 'Arial','sans-serif';\"><span dir=\"auto\" style=\"vertical-align: inherit;\"><span dir=\"auto\" style=\"vertical-align: inherit;\">14<\/span><\/span><\/span><\/p>\n<\/td>\n<\/tr>\n<tr style=\"mso-yfti-irow: 9; mso-yfti-lastrow: yes;\">\n<td style=\"width: 274.75pt; border: solid windowtext 1.0pt; border-top: none; mso-border-top-alt: solid windowtext .5pt; mso-border-alt: solid windowtext .5pt; padding: 0cm 5.4pt 0cm 5.4pt;\" valign=\"top\" width=\"366\">\n<p class=\"MsoNormal\" style=\"text-align: justify;\"><span style=\"font-family: 'Arial','sans-serif';\"><span dir=\"auto\" style=\"vertical-align: inherit;\"><span dir=\"auto\" style=\"vertical-align: inherit;\">Balen\u00ed <\/span><\/span><br \/>\n<span dir=\"auto\" style=\"vertical-align: inherit;\"><span dir=\"auto\" style=\"vertical-align: inherit;\">v PE s\u00e1\u010dc\u00edch, <\/span><\/span><span class=\"GramE\"><span dir=\"auto\" style=\"vertical-align: inherit;\"><span dir=\"auto\" style=\"vertical-align: inherit;\">l<\/span><\/span><\/span><\/span><\/p>\n<\/td>\n<td style=\"width: 203.8pt; border-top: none; border-left: none; border-bottom: solid windowtext 1.0pt; border-right: solid windowtext 1.0pt; mso-border-top-alt: solid windowtext .5pt; mso-border-left-alt: solid windowtext .5pt; mso-border-alt: solid windowtext .5pt; padding: 0cm 5.4pt 0cm 5.4pt;\" valign=\"top\" width=\"272\">\n<p class=\"MsoNormal\"><span style=\"font-family: 'Arial','sans-serif';\"><span dir=\"auto\" style=\"vertical-align: inherit;\"><span dir=\"auto\" style=\"vertical-align: inherit;\">25<\/span><\/span><\/span><\/p>\n<\/td>\n<\/tr>\n<\/tbody>\n<\/table>\n","protected":false},"excerpt":{"rendered":"<p><strong><span dir=\"auto\" style=\"vertical-align: inherit;\"><span dir=\"auto\" style=\"vertical-align: inherit;\">ZGC858 je siln\u011b kysel\u00e1 kationtom\u011bni\u010dov\u00e1 prysky\u0159ice s inertn\u00edm j\u00e1drem<\/span><\/span><\/strong><span dir=\"auto\" style=\"vertical-align: inherit;\"><span dir=\"auto\" style=\"vertical-align: inherit;\"> . Je ur\u010dena pro efektivn\u00ed a dlouhodob\u00e9 odstra\u0148ov\u00e1n\u00ed \u017eeleza a t\u011b\u017ek\u00fdch kov\u016f a zm\u011bk\u010dov\u00e1n\u00ed vody. M\u00e1 vysokou v\u00fdm\u011bnnou kapacitu a vynikaj\u00edc\u00ed fyzik\u00e1ln\u00ed a chemickou stabilitu.<\/span><\/span><\/p>\n","protected":false},"featured_media":1922,"comment_status":"closed","ping_status":"closed","template":"","meta":[],"product_cat":[468],"product_tag":[],"class_list":["post-4534","product","type-product","status-publish","has-post-thumbnail","hentry","product_cat-uprava-pitne-vody"],"_links":{"self":[{"href":"https:\/\/hydrolite.eu\/cs\/wp-json\/wp\/v2\/product\/4534","targetHints":{"allow":["GET"]}}],"collection":[{"href":"https:\/\/hydrolite.eu\/cs\/wp-json\/wp\/v2\/product"}],"about":[{"href":"https:\/\/hydrolite.eu\/cs\/wp-json\/wp\/v2\/types\/product"}],"replies":[{"embeddable":true,"href":"https:\/\/hydrolite.eu\/cs\/wp-json\/wp\/v2\/comments?post=4534"}],"wp:featuredmedia":[{"embeddable":true,"href":"https:\/\/hydrolite.eu\/cs\/wp-json\/wp\/v2\/media\/1922"}],"wp:attachment":[{"href":"https:\/\/hydrolite.eu\/cs\/wp-json\/wp\/v2\/media?parent=4534"}],"wp:term":[{"taxonomy":"product_cat","embeddable":true,"href":"https:\/\/hydrolite.eu\/cs\/wp-json\/wp\/v2\/product_cat?post=4534"},{"taxonomy":"product_tag","embeddable":true,"href":"https:\/\/hydrolite.eu\/cs\/wp-json\/wp\/v2\/product_tag?post=4534"}],"curies":[{"name":"wp","href":"https:\/\/api.w.org\/{rel}","templated":true}]}}