{"id":4525,"date":"2025-09-21T13:38:51","date_gmt":"2025-10-27T06:59:33","guid":{"rendered":"https:\/\/hydrolite.eu\/?post_type=product&#038;p=4525"},"modified":"2025-10-27T09:59:33","modified_gmt":"2025-10-27T06:59:33","slug":"pryskyrice-pro-odstranovani-zeleza-zgc-858","status":"publish","type":"product","link":"https:\/\/hydrolite.eu\/cs\/product\/pryskyrice-pro-odstranovani-zeleza-zgc-858\/","title":{"rendered":"Prysky\u0159ice pro odstra\u0148ov\u00e1n\u00ed \u017eeleza ZGC 858"},"content":{"rendered":"<table border=\"0\" width=\"100%\" cellspacing=\"1\" cellpadding=\"0\" align=\"center\" bgcolor=\"dee8f3\">\n<tbody>\n<tr>\n<td align=\"left\" bgcolor=\"054696\" width=\"70%\" height=\"50\">\n<div class=\"zzzzz1\" align=\"center\"><span style=\"vertical-align: inherit;\"><span style=\"vertical-align: inherit;\"><span dir=\"auto\" style=\"vertical-align: inherit;\"><span dir=\"auto\" style=\"vertical-align: inherit;\">Prysky\u0159ice pro odstra\u0148ov\u00e1n\u00ed \u017eeleza ZGC 858<\/span><\/span><\/span><\/span><\/div>\n<\/td>\n<\/tr>\n<tr>\n<td style=\"padding: 20px;\" align=\"left\" bgcolor=\"#FFFFFF\"><strong><span style=\"vertical-align: inherit;\"><span style=\"vertical-align: inherit;\"><span dir=\"auto\" style=\"vertical-align: inherit;\"><span dir=\"auto\" style=\"vertical-align: inherit;\">Hydrolite <\/span><\/span><\/span><\/span><\/strong><strong><span style=\"vertical-align: inherit;\"><span style=\"vertical-align: inherit;\"><span dir=\"auto\" style=\"vertical-align: inherit;\"><span dir=\"auto\" style=\"vertical-align: inherit;\">ZGC 858<\/span><\/span><\/span><\/span><\/strong><span style=\"vertical-align: inherit;\"><span style=\"vertical-align: inherit;\"><span dir=\"auto\" style=\"vertical-align: inherit;\"><span dir=\"auto\" style=\"vertical-align: inherit;\"> je siln\u011b kysel\u00e1 kationtov\u00e1 prysky\u0159ice zes\u00edt\u011bn\u00e1 styrenem-DVB s inertn\u00edm j\u00e1drem a povrchovou strukturou s m\u011blkou sulfonac\u00ed. Je to vysoce \u00fa\u010dinn\u00e1 prysky\u0159ice pro odstra\u0148ov\u00e1n\u00ed \u017eeleza a zm\u011bk\u010dov\u00e1n\u00ed vody. D\u00edky mal\u00fdm vzd\u00e1lenostem mezi funk\u010dn\u00edmi skupinami je 90 % funk\u010dn\u00edch skupin rozlo\u017eeno na povrchu prysky\u0159i\u010dn\u00fdch kuli\u010dek, co\u017e umo\u017e\u0148uje vysok\u00e9 v\u00fdm\u011bnn\u00e9 rychlosti. V\u0161echny v\u00fdm\u011bnn\u00e9 reakce prob\u00edhaj\u00ed na povrchu prysky\u0159i\u010dn\u00fdch kuli\u010dek, ani\u017e by bylo nutn\u00e9 pronikat do prysky\u0159ice. T\u00edm se zabra\u0148uje \u00faniku iont\u016f a zaji\u0161\u0165uje se \u00fapln\u00e1 regenerace prysky\u0159ice.<\/span><\/span><\/span><\/span><span style=\"vertical-align: inherit;\"><span style=\"vertical-align: inherit;\"><span dir=\"auto\" style=\"vertical-align: inherit;\"><span dir=\"auto\" style=\"vertical-align: inherit;\">D\u00edky sv\u00e9 speci\u00e1ln\u00ed struktu\u0159e a jedine\u010dn\u00fdm fyzik\u00e1ln\u00edm a chemick\u00fdm vlastnostem je <\/span><\/span><\/span><\/span><strong><span style=\"vertical-align: inherit;\"><span style=\"vertical-align: inherit;\"><span dir=\"auto\" style=\"vertical-align: inherit;\"><span dir=\"auto\" style=\"vertical-align: inherit;\">ZGC 858<\/span><\/span><\/span><\/span><\/strong><span style=\"vertical-align: inherit;\"><span style=\"vertical-align: inherit;\"><span dir=\"auto\" style=\"vertical-align: inherit;\"><span dir=\"auto\" style=\"vertical-align: inherit;\"> nejlep\u0161\u00edm produktem pro odstra\u0148ov\u00e1n\u00ed \u017eeleza, v\u00e1pn\u00edku a ho\u0159\u010d\u00edku z pitn\u00e9 vody.<\/span><\/span><\/span><\/span><\/p>\n<p align=\"center\"><strong><span style=\"vertical-align: inherit;\"><span style=\"vertical-align: inherit;\"><span dir=\"auto\" style=\"vertical-align: inherit;\"><span dir=\"auto\" style=\"vertical-align: inherit;\">Fyzik\u00e1ln\u00ed a chemick\u00e9 vlastnosti Hydrolitu ZGC 858<\/span><\/span><\/span><\/span><\/strong><\/p>\n<table style=\"width: 561px;\" border=\"1\" width=\"561\" cellspacing=\"0\" cellpadding=\"0\" align=\"center\">\n<tbody>\n<tr>\n<td style=\"width: 312px; height: 25px;\">\n<p align=\"center\"><strong><span style=\"vertical-align: inherit;\"><span style=\"vertical-align: inherit;\"><span dir=\"auto\" style=\"vertical-align: inherit;\"><span dir=\"auto\" style=\"vertical-align: inherit;\">N\u00e1zev parametru<\/span><\/span><\/span><\/span><\/strong><\/p>\n<\/td>\n<td style=\"width: 249px; height: 25px;\">\n<p align=\"center\"><strong><span dir=\"auto\" style=\"vertical-align: inherit;\"><span dir=\"auto\" style=\"vertical-align: inherit;\">Parametr<\/span><\/span><\/strong><\/p>\n<\/td>\n<\/tr>\n<tr>\n<td style=\"width: 312px; height: 14px;\"><span style=\"vertical-align: inherit;\"><span style=\"vertical-align: inherit;\"><span dir=\"auto\" style=\"vertical-align: inherit;\"><span dir=\"auto\" style=\"vertical-align: inherit;\">Vzhled<\/span><\/span><\/span><\/span><\/td>\n<td style=\"width: 249px; height: 14px;\">\n<p align=\"center\"><span style=\"vertical-align: inherit;\"><span style=\"vertical-align: inherit;\"><span dir=\"auto\" style=\"vertical-align: inherit;\"><span dir=\"auto\" style=\"vertical-align: inherit;\">Hn\u011bd\u00e9 a\u017e \u010dern\u00e9 kuli\u010dky<\/span><\/span><\/span><\/span><\/p>\n<\/td>\n<\/tr>\n<tr>\n<td style=\"width: 312px; height: 14px;\"><span style=\"vertical-align: inherit;\"><span style=\"vertical-align: inherit;\"><span dir=\"auto\" style=\"vertical-align: inherit;\"><span dir=\"auto\" style=\"vertical-align: inherit;\">Iontov\u00e1 forma<\/span><\/span><\/span><\/span><\/td>\n<td style=\"width: 249px; height: 14px;\">\n<p align=\"center\"><span style=\"vertical-align: inherit;\"><span style=\"vertical-align: inherit;\"><span dir=\"auto\" style=\"vertical-align: inherit;\"><span dir=\"auto\" style=\"vertical-align: inherit;\">Co<\/span><\/span><\/span><\/span><\/p>\n<\/td>\n<\/tr>\n<tr>\n<td style=\"width: 312px; height: 14px;\"><span style=\"vertical-align: inherit;\"><span style=\"vertical-align: inherit;\"><span dir=\"auto\" style=\"vertical-align: inherit;\"><span dir=\"auto\" style=\"vertical-align: inherit;\">Obsah vlhkosti %<\/span><\/span><\/span><\/span><\/td>\n<td style=\"width: 249px; height: 14px;\">\n<p align=\"center\"><span style=\"vertical-align: inherit;\"><span style=\"vertical-align: inherit;\"><span dir=\"auto\" style=\"vertical-align: inherit;\"><span dir=\"auto\" style=\"vertical-align: inherit;\">48,0~56,0<\/span><\/span><\/span><\/span><\/p>\n<\/td>\n<\/tr>\n<tr>\n<td style=\"width: 312px; height: 14px;\"><span style=\"vertical-align: inherit;\"><span style=\"vertical-align: inherit;\"><span dir=\"auto\" style=\"vertical-align: inherit;\"><span dir=\"auto\" style=\"vertical-align: inherit;\">Kapacita v\u00fdm\u011bny hmotnosti mmol\/g<\/span><\/span><\/span><\/span><\/td>\n<td style=\"width: 249px; height: 14px;\">\n<p align=\"center\"><span style=\"vertical-align: inherit;\"><span style=\"vertical-align: inherit;\"><span dir=\"auto\" style=\"vertical-align: inherit;\"><span dir=\"auto\" style=\"vertical-align: inherit;\">\u22653,10<\/span><\/span><\/span><\/span><\/p>\n<\/td>\n<\/tr>\n<tr>\n<td style=\"width: 312px; height: 14px;\"><span style=\"vertical-align: inherit;\"><span style=\"vertical-align: inherit;\"><span dir=\"auto\" style=\"vertical-align: inherit;\"><span dir=\"auto\" style=\"vertical-align: inherit;\">Adsorp\u010dn\u00ed kapacita \u017eeleza g\/l<\/span><\/span><\/span><\/span><\/td>\n<td style=\"width: 249px; height: 14px;\">\n<p align=\"center\"><span style=\"vertical-align: inherit;\"><span style=\"vertical-align: inherit;\"><span dir=\"auto\" style=\"vertical-align: inherit;\"><span dir=\"auto\" style=\"vertical-align: inherit;\">\u2265 14,5<\/span><\/span><\/span><\/span><\/p>\n<\/td>\n<\/tr>\n<\/tbody>\n<\/table>\n<\/td>\n<\/tr>\n<\/tbody>\n<\/table>\n<div id=\"gtx-trans\" style=\"position: absolute; left: 173px; top: 1.63068px;\">\n<div class=\"gtx-trans-icon\"><\/div>\n<\/div>\n","protected":false},"excerpt":{"rendered":"<p>Prysky\u0159ice pro odstra\u0148ov\u00e1n\u00ed \u017eeleza ZGC 858 Hydrolite ZGC 858 je siln\u011b kysel\u00e1 kationtov\u00e1 prysky\u0159ice zes\u00edt\u011bn\u00e1 styrenem-DVB s inertn\u00edm j\u00e1drem a povrchovou strukturou s m\u011blkou sulfonac\u00ed. Je to vysoce \u00fa\u010dinn\u00e1 prysky\u0159ice pro odstra\u0148ov\u00e1n\u00ed \u017eeleza a zm\u011bk\u010dov\u00e1n\u00ed vody. D\u00edky mal\u00fdm vzd\u00e1lenostem mezi funk\u010dn\u00edmi skupinami je 90 % funk\u010dn\u00edch skupin rozlo\u017eeno na povrchu prysky\u0159i\u010dn\u00fdch kuli\u010dek, co\u017e umo\u017e\u0148uje vysok\u00e9&#8230;<\/p>\n","protected":false},"featured_media":1873,"comment_status":"closed","ping_status":"closed","template":"","meta":[],"product_cat":[633,502],"product_tag":[],"class_list":["post-4525","product","type-product","status-publish","has-post-thumbnail","hentry","product_cat-pitna-voda-a-potravinarsky-prumysl","product_cat-produkty-cs"],"_links":{"self":[{"href":"https:\/\/hydrolite.eu\/cs\/wp-json\/wp\/v2\/product\/4525","targetHints":{"allow":["GET"]}}],"collection":[{"href":"https:\/\/hydrolite.eu\/cs\/wp-json\/wp\/v2\/product"}],"about":[{"href":"https:\/\/hydrolite.eu\/cs\/wp-json\/wp\/v2\/types\/product"}],"replies":[{"embeddable":true,"href":"https:\/\/hydrolite.eu\/cs\/wp-json\/wp\/v2\/comments?post=4525"}],"wp:featuredmedia":[{"embeddable":true,"href":"https:\/\/hydrolite.eu\/cs\/wp-json\/wp\/v2\/media\/1873"}],"wp:attachment":[{"href":"https:\/\/hydrolite.eu\/cs\/wp-json\/wp\/v2\/media?parent=4525"}],"wp:term":[{"taxonomy":"product_cat","embeddable":true,"href":"https:\/\/hydrolite.eu\/cs\/wp-json\/wp\/v2\/product_cat?post=4525"},{"taxonomy":"product_tag","embeddable":true,"href":"https:\/\/hydrolite.eu\/cs\/wp-json\/wp\/v2\/product_tag?post=4525"}],"curies":[{"name":"wp","href":"https:\/\/api.w.org\/{rel}","templated":true}]}}