{"id":3785,"date":"2025-09-21T13:38:30","date_gmt":"2025-10-15T19:08:22","guid":{"rendered":"https:\/\/hydrolite.eu\/?post_type=product&#038;p=3785"},"modified":"2025-10-15T22:08:22","modified_gmt":"2025-10-15T19:08:22","slug":"zgnr8715-gelova-iontomenicova-pryskyrice","status":"publish","type":"product","link":"https:\/\/hydrolite.eu\/cs\/product\/zgnr8715-gelova-iontomenicova-pryskyrice\/","title":{"rendered":"ZGNR8715 Gelov\u00e1 iontom\u011bni\u010dov\u00e1 prysky\u0159ice"},"content":{"rendered":"<table border=\"0\" width=\"100%\" cellspacing=\"1\" cellpadding=\"0\" align=\"center\" bgcolor=\"dee8f3\">\n<tbody>\n<tr>\n<td align=\"left\" bgcolor=\"054696\" width=\"70%\" height=\"50\">\n<div class=\"zzzzz1\" align=\"center\"><span style=\"vertical-align: inherit;\"><span style=\"vertical-align: inherit;\"><span dir=\"auto\" style=\"vertical-align: inherit;\"><span dir=\"auto\" style=\"vertical-align: inherit;\">ZGNR8715 Gelov\u00e1 iontom\u011bni\u010dov\u00e1 prysky\u0159ice<\/span><\/span><\/span><\/span><\/div>\n<\/td>\n<\/tr>\n<tr>\n<td style=\"padding: 20px;\" align=\"left\" bgcolor=\"#FFFFFF\"><strong><span style=\"vertical-align: inherit;\"><span style=\"vertical-align: inherit;\"><span dir=\"auto\" style=\"vertical-align: inherit;\"><span dir=\"auto\" style=\"vertical-align: inherit;\">POPIS PRODUKTU<\/span><\/span><\/span><\/span><\/strong><br \/>\n<span style=\"vertical-align: inherit;\"><span style=\"vertical-align: inherit;\"><span dir=\"auto\" style=\"vertical-align: inherit;\"><span dir=\"auto\" style=\"vertical-align: inherit;\"> ZGNR 8715 je sm\u011bsn\u00e1 prysky\u0159ice p\u0159ipraven\u00e1 k pou\u017eit\u00ed, kter\u00e1 se skl\u00e1d\u00e1 ze siln\u011b kysel\u00e9 a siln\u011b z\u00e1sadit\u00e9 (typ 1) gelov\u00e9 kationtov\u00e9 a aniontom\u011bni\u010dov\u00e9 prysky\u0159ice. Ob\u011b slo\u017eky jsou vysoce redukovan\u00e9 a speci\u00e1ln\u011b \u010di\u0161t\u011bn\u00e9, aby spl\u0148ovaly po\u017eadavky polovodi\u010dov\u00e9ho pr\u016fmyslu. ZGNR8715 m\u00e1 n\u00edzk\u00e9 uvol\u0148ov\u00e1n\u00ed TOC a n\u00edzkou spot\u0159ebu iont\u016f pro jednor\u00e1zov\u00e9 aplikace. ZGNR8715 <\/span><\/span><\/span><\/span><br \/>\n<span style=\"vertical-align: inherit;\"><span style=\"vertical-align: inherit;\"><span dir=\"auto\" style=\"vertical-align: inherit;\"><span dir=\"auto\" style=\"vertical-align: inherit;\">je upraven tak, aby odpov\u00eddal celkov\u00e9 kapacit\u011b slo\u017eek ZGCNR50 a ZGANR170 v pom\u011bru 1:1,5. <\/span><\/span><\/span><span style=\"vertical-align: inherit;\"><span dir=\"auto\" style=\"vertical-align: inherit;\"><span dir=\"auto\" style=\"vertical-align: inherit;\">ZGNR 8715 je sm\u011bsn\u00e1 prysky\u0159ice p\u0159ipraven\u00e1 k pou\u017eit\u00ed <\/span><\/span><\/span><\/span><strong><span style=\"vertical-align: inherit;\"><span style=\"vertical-align: inherit;\"><span dir=\"auto\" style=\"vertical-align: inherit;\"><span dir=\"auto\" style=\"vertical-align: inherit;\">.<\/span><\/span><\/span><\/span><\/strong><br \/>\n<span style=\"vertical-align: inherit;\"><span style=\"vertical-align: inherit;\"><span dir=\"auto\" style=\"vertical-align: inherit;\"><span dir=\"auto\" style=\"vertical-align: inherit;\"> Je vhodn\u00e1 pro p\u0159\u00edpravu ultra\u010dist\u00e9 vody a nejnov\u011bj\u0161\u00edch neupraven\u00fdch dokon\u010dovac\u00edch ultra\u010dist\u00fdch le\u0161tic\u00edch prost\u0159edk\u016f na vodu v polovodi\u010dov\u00e9m pr\u016fmyslu. M\u00e1 vy\u0161\u0161\u00ed v\u00fdm\u011bnnou kapacitu a vynikaj\u00edc\u00ed antiosmotickou stabilitu. <\/span><\/span><\/span><\/span><strong><span style=\"vertical-align: inherit;\"><span style=\"vertical-align: inherit;\"><span dir=\"auto\" style=\"vertical-align: inherit;\"><span dir=\"auto\" style=\"vertical-align: inherit;\">FYZIK\u00c1LN\u00cd A CHEMICK\u00c9 VLASTNOSTI<\/span><\/span><\/span><\/span><\/strong><\/p>\n<table border=\"0\" width=\"100%\" cellspacing=\"1\" bgcolor=\"#CCCCCC\">\n<tbody>\n<tr>\n<td valign=\"center\" bgcolor=\"fffaee\" height=\"50\">\n<p align=\"center\"><span style=\"vertical-align: inherit;\"><span style=\"vertical-align: inherit;\"><span dir=\"auto\" style=\"vertical-align: inherit;\"><span dir=\"auto\" style=\"vertical-align: inherit;\">Vzhled<\/span><\/span><\/span><\/span><\/p>\n<\/td>\n<td valign=\"center\" bgcolor=\"fffaee\" height=\"50\">\n<p align=\"center\"><span dir=\"auto\" style=\"vertical-align: inherit;\"><span dir=\"auto\" style=\"vertical-align: inherit;\">Gelov\u00e1 forma<\/span><\/span><\/p>\n<\/td>\n<\/tr>\n<tr>\n<td valign=\"center\" bgcolor=\"#FFFFFF\" height=\"50\">\n<p align=\"center\"><span style=\"vertical-align: inherit;\"><span style=\"vertical-align: inherit;\"><span dir=\"auto\" style=\"vertical-align: inherit;\"><span dir=\"auto\" style=\"vertical-align: inherit;\">Matice<\/span><\/span><\/span><\/span><\/p>\n<\/td>\n<td valign=\"center\" bgcolor=\"#FFFFFF\" height=\"50\">\n<p align=\"center\"><span style=\"vertical-align: inherit;\"><span style=\"vertical-align: inherit;\"><span dir=\"auto\" style=\"vertical-align: inherit;\"><span dir=\"auto\" style=\"vertical-align: inherit;\">Styren &#8211; DVB<\/span><\/span><\/span><\/span><\/p>\n<\/td>\n<\/tr>\n<tr>\n<td valign=\"center\" bgcolor=\"#FFFFFF\" height=\"50\">\n<p align=\"center\"><span style=\"vertical-align: inherit;\"><span style=\"vertical-align: inherit;\"><span dir=\"auto\" style=\"vertical-align: inherit;\"><span dir=\"auto\" style=\"vertical-align: inherit;\">Funk\u010dn\u00ed skupina<\/span><\/span><\/span><\/span><\/p>\n<\/td>\n<td valign=\"center\" bgcolor=\"#FFFFFF\" height=\"50\">\n<p align=\"center\"><span style=\"vertical-align: inherit;\"><span style=\"vertical-align: inherit;\"><span dir=\"auto\" style=\"vertical-align: inherit;\"><span dir=\"auto\" style=\"vertical-align: inherit;\">Kyselina s\u00edrov\u00e1\/kvart\u00e9rn\u00ed amin<\/span><\/span><\/span><\/span><\/p>\n<\/td>\n<\/tr>\n<tr>\n<td valign=\"center\" bgcolor=\"#FFFFFF\" height=\"50\">\n<p align=\"center\"><span style=\"vertical-align: inherit;\"><span style=\"vertical-align: inherit;\"><span dir=\"auto\" style=\"vertical-align: inherit;\"><span dir=\"auto\" style=\"vertical-align: inherit;\">Iontov\u00e1 forma<\/span><\/span><\/span><\/span><\/p>\n<\/td>\n<td valign=\"center\" bgcolor=\"#FFFFFF\" height=\"50\">\n<p align=\"center\"><span style=\"vertical-align: inherit;\"><span style=\"vertical-align: inherit;\"><span dir=\"auto\" style=\"vertical-align: inherit;\"><span dir=\"auto\" style=\"vertical-align: inherit;\">H+\/OH-<\/span><\/span><\/span><\/span><\/p>\n<\/td>\n<\/tr>\n<tr>\n<td valign=\"center\" bgcolor=\"#FFFFFF\" height=\"50\">\n<p align=\"center\"><span style=\"vertical-align: inherit;\"><span style=\"vertical-align: inherit;\"><span dir=\"auto\" style=\"vertical-align: inherit;\"><span dir=\"auto\" style=\"vertical-align: inherit;\">Obsah vlhkosti %<\/span><\/span><\/span><\/span><\/p>\n<\/td>\n<td valign=\"center\" bgcolor=\"#FFFFFF\" height=\"50\">\n<p align=\"center\"><span style=\"vertical-align: inherit;\"><span style=\"vertical-align: inherit;\"><span dir=\"auto\" style=\"vertical-align: inherit;\"><span dir=\"auto\" style=\"vertical-align: inherit;\">53 &#8211; 63<\/span><\/span><\/span><\/span><\/p>\n<\/td>\n<\/tr>\n<tr>\n<td valign=\"center\" bgcolor=\"#FFFFFF\" height=\"50\">\n<p align=\"center\"><span style=\"vertical-align: inherit;\"><span style=\"vertical-align: inherit;\"><span dir=\"auto\" style=\"vertical-align: inherit;\"><span dir=\"auto\" style=\"vertical-align: inherit;\">P\u0159epravn\u00ed hmotnost g\/ml<\/span><\/span><\/span><\/span><\/p>\n<\/td>\n<td valign=\"center\" bgcolor=\"#FFFFFF\" height=\"50\">\n<p align=\"center\"><span style=\"vertical-align: inherit;\"><span style=\"vertical-align: inherit;\"><span dir=\"auto\" style=\"vertical-align: inherit;\"><span dir=\"auto\" style=\"vertical-align: inherit;\">0,68\u20130,78<\/span><\/span><\/span><\/span><\/p>\n<\/td>\n<\/tr>\n<tr>\n<td valign=\"center\" bgcolor=\"#FFFFFF\" height=\"50\">\n<p align=\"center\"><span style=\"vertical-align: inherit;\"><span style=\"vertical-align: inherit;\"><span dir=\"auto\" style=\"vertical-align: inherit;\"><span dir=\"auto\" style=\"vertical-align: inherit;\">Granulometrick\u00e9 slo\u017een\u00ed (0,45-1,25 mm) min. %<\/span><\/span><\/span><\/span><\/p>\n<\/td>\n<td valign=\"center\" bgcolor=\"#FFFFFF\" height=\"50\">\n<p align=\"center\"><span style=\"vertical-align: inherit;\"><span style=\"vertical-align: inherit;\"><span dir=\"auto\" style=\"vertical-align: inherit;\"><span dir=\"auto\" style=\"vertical-align: inherit;\">95<\/span><\/span><\/span><\/span><\/p>\n<\/td>\n<\/tr>\n<tr>\n<td valign=\"center\" bgcolor=\"#FFFFFF\" height=\"50\">\n<p align=\"center\"><span style=\"vertical-align: inherit;\"><span style=\"vertical-align: inherit;\"><span dir=\"auto\" style=\"vertical-align: inherit;\"><span dir=\"auto\" style=\"vertical-align: inherit;\">Koeficient homogenity min.<\/span><\/span><\/span><\/span><\/p>\n<\/td>\n<td valign=\"center\" bgcolor=\"#FFFFFF\" height=\"50\">\n<p align=\"center\"><span style=\"vertical-align: inherit;\"><span style=\"vertical-align: inherit;\"><span dir=\"auto\" style=\"vertical-align: inherit;\"><span dir=\"auto\" style=\"vertical-align: inherit;\">1,60<\/span><\/span><\/span><\/span><\/p>\n<\/td>\n<\/tr>\n<tr>\n<td valign=\"center\" bgcolor=\"#FFFFFF\" height=\"50\">\n<p align=\"center\"><span style=\"vertical-align: inherit;\"><span style=\"vertical-align: inherit;\"><span dir=\"auto\" style=\"vertical-align: inherit;\"><span dir=\"auto\" style=\"vertical-align: inherit;\">\u00darove\u0148 regenerace min. %<\/span><\/span><\/span><\/span><\/p>\n<\/td>\n<td valign=\"center\" bgcolor=\"#FFFFFF\" height=\"50\">\n<p align=\"center\"><span style=\"vertical-align: inherit;\"><span style=\"vertical-align: inherit;\"><span dir=\"auto\" style=\"vertical-align: inherit;\"><span dir=\"auto\" style=\"vertical-align: inherit;\">99\/85<\/span><\/span><\/span><\/span><\/p>\n<\/td>\n<\/tr>\n<\/tbody>\n<\/table>\n<\/td>\n<\/tr>\n<\/tbody>\n<\/table>\n<div id=\"gtx-trans\" style=\"position: absolute; left: 176px; top: 46.0852px;\">\n<div class=\"gtx-trans-icon\"><\/div>\n<\/div>\n","protected":false},"excerpt":{"rendered":"<p>ZGNR8715 Gelov\u00e1 iontom\u011bni\u010dov\u00e1 prysky\u0159ice POPIS PRODUKTU ZGNR 8715 je sm\u011bsn\u00e1 prysky\u0159ice p\u0159ipraven\u00e1 k pou\u017eit\u00ed, kter\u00e1 se skl\u00e1d\u00e1 ze siln\u011b kysel\u00e9 a siln\u011b z\u00e1sadit\u00e9 (typ 1) gelov\u00e9 kationtov\u00e9 a aniontom\u011bni\u010dov\u00e9 prysky\u0159ice. Ob\u011b slo\u017eky jsou vysoce redukovan\u00e9 a speci\u00e1ln\u011b \u010di\u0161t\u011bn\u00e9, aby spl\u0148ovaly po\u017eadavky polovodi\u010dov\u00e9ho pr\u016fmyslu. ZGNR8715 m\u00e1 n\u00edzk\u00e9 uvol\u0148ov\u00e1n\u00ed TOC a n\u00edzkou spot\u0159ebu iont\u016f pro jednor\u00e1zov\u00e9 aplikace&#8230;.<\/p>\n","protected":false},"featured_media":1873,"comment_status":"closed","ping_status":"closed","template":"","meta":[],"product_cat":[620,442,502,294,281],"product_tag":[],"class_list":["post-3785","product","type-product","status-publish","has-post-thumbnail","hentry","product_cat-bezne-pryskyrice","product_cat-jaderna-energie","product_cat-produkty-cs","product_cat-prumysl","product_cat-ultra-cista-voda"],"_links":{"self":[{"href":"https:\/\/hydrolite.eu\/cs\/wp-json\/wp\/v2\/product\/3785","targetHints":{"allow":["GET"]}}],"collection":[{"href":"https:\/\/hydrolite.eu\/cs\/wp-json\/wp\/v2\/product"}],"about":[{"href":"https:\/\/hydrolite.eu\/cs\/wp-json\/wp\/v2\/types\/product"}],"replies":[{"embeddable":true,"href":"https:\/\/hydrolite.eu\/cs\/wp-json\/wp\/v2\/comments?post=3785"}],"wp:featuredmedia":[{"embeddable":true,"href":"https:\/\/hydrolite.eu\/cs\/wp-json\/wp\/v2\/media\/1873"}],"wp:attachment":[{"href":"https:\/\/hydrolite.eu\/cs\/wp-json\/wp\/v2\/media?parent=3785"}],"wp:term":[{"taxonomy":"product_cat","embeddable":true,"href":"https:\/\/hydrolite.eu\/cs\/wp-json\/wp\/v2\/product_cat?post=3785"},{"taxonomy":"product_tag","embeddable":true,"href":"https:\/\/hydrolite.eu\/cs\/wp-json\/wp\/v2\/product_tag?post=3785"}],"curies":[{"name":"wp","href":"https:\/\/api.w.org\/{rel}","templated":true}]}}